



{"id":424,"date":"2022-02-10T22:55:26","date_gmt":"2022-02-10T21:55:26","guid":{"rendered":"https:\/\/www.4h.se\/tolsered\/?page_id=424"},"modified":"2026-02-27T14:11:44","modified_gmt":"2026-02-27T13:11:44","slug":"studiebesok","status":"publish","type":"page","link":"https:\/\/www.4h.se\/tolsered\/studiebesok\/","title":{"rendered":"Studiebes\u00f6k"},"content":{"rendered":"<div class=\"wpb-content-wrapper\"><p>[vc_row][vc_column][vc_column_text]<\/p>\n<h1 style=\"text-align: left\">Studiebes\u00f6k<\/h1>\n<p>[\/vc_column_text][\/vc_column][\/vc_row][vc_row][vc_column][vc_separator color=&#8221;green&#8221; border_width=&#8221;3&#8243;][\/vc_column][\/vc_row][vc_row][vc_column][vc_column_text css=&#8221;&#8221;]P\u00e5 Tolsered arrangerar vi studiebes\u00f6k p\u00e5 vardagar mellan kl 10.00 och 12.00. Under bes\u00f6ket f\u00e5r ni en guidad visning runt och ni f\u00e5 h\u00e4lsa p\u00e5 alla v\u00e5ra djur och l\u00e4ra er massor med sp\u00e4nnande saker! Sedan kan de som \u00f6nskar \u00e4ven f\u00e5 testa p\u00e5 att rida p\u00e5 en av v\u00e5ra sn\u00e4lla ponnyer. Det finns \u00e4ven m\u00f6jlighet att grilla d\u00e4r vi bist\u00e5r med material f\u00f6r att t\u00e4nda grillen.<\/p>\n<h3>Anm\u00e4lan<\/h3>\n<p>Anm\u00e4lan g\u00f6rs vi mejl eller telefon!<\/p>\n<p>Mejl: tolsereds4h@gmail.com<\/p>\n<p>Telefon: 031-571505<\/p>\n<h3>Pris<\/h3>\n<p>Priset \u00e4r 1500kr f\u00f6r grupper upp till 10 personer. F\u00f6r ytterligare personer tillkommer en kostnad p\u00e5 100kr per person, g\u00e4ller b\u00e5de vuxna och barn. Betalas kontant eller med Swish p\u00e5 plats, alternativt faktura.<\/p>\n<p>Om ni blir fler \u00e4n 25 personer beh\u00f6ver vi tillsammans se \u00f6ver uppl\u00e4gget f\u00f6r att ni skall f\u00e5 ut s\u00e5 mycket som m\u00f6jligt av er vistelse.<\/p>\n<p>Vill ni boka av ert bes\u00f6k skall detta g\u00f6ras tre veckor innan bes\u00f6kstillf\u00e4llet annars m\u00e5ste ni betala grundkostnaden om 1500kr.<\/p>\n<p>100kr i faktureringsavgift tillkommer.[\/vc_column_text][\/vc_column][\/vc_row][vc_row][vc_column width=&#8221;1\/2&#8243;][vc_single_image image=&#8221;481&#8243; img_size=&#8221;full&#8221;][\/vc_column][vc_column width=&#8221;1\/2&#8243;][vc_single_image image=&#8221;459&#8243; img_size=&#8221;full&#8221;][\/vc_column][\/vc_row]<\/p>\n<\/div>","protected":false},"excerpt":{"rendered":"<p>[vc_row][vc_column][vc_column_text] Studiebes\u00f6k [\/vc_column_text][\/vc_column][\/vc_row][vc_row][vc_column][vc_separator color=&#8221;green&#8221; border_width=&#8221;3&#8243;][\/vc_column][\/vc_row][vc_row][vc_column][vc_column_text css=&#8221;&#8221;]P\u00e5 Tolsered arrangerar vi studiebes\u00f6k p\u00e5 vardagar mellan kl 10.00 och 12.00. Under bes\u00f6ket f\u00e5r ni en guidad visning runt och ni f\u00e5 h\u00e4lsa p\u00e5 alla v\u00e5ra djur och l\u00e4ra er massor med sp\u00e4nnande saker! Sedan kan de som \u00f6nskar \u00e4ven f\u00e5 testa p\u00e5 att rida p\u00e5 en av v\u00e5ra&nbsp; <a href=\"https:\/\/www.4h.se\/tolsered\/studiebesok\/\">&hellip; Read more <i class=\"glyphicon glyphicon-arrow-right\"><\/i><\/a><\/p>\n","protected":false},"author":223,"featured_media":0,"parent":0,"menu_order":0,"comment_status":"closed","ping_status":"closed","template":"","meta":{"_acf_changed":false,"footnotes":""},"class_list":["post-424","page","type-page","status-publish","hentry"],"acf":[],"yoast_head":"<!-- This site is optimized with the Yoast SEO plugin v27.5 - https:\/\/yoast.com\/product\/yoast-seo-wordpress\/ -->\n<title>Studiebes\u00f6k - Tolsereds 4H-g\u00e5rd<\/title>\n<meta name=\"robots\" content=\"index, follow, max-snippet:-1, max-image-preview:large, max-video-preview:-1\" \/>\n<link rel=\"canonical\" href=\"https:\/\/www.4h.se\/tolsered\/studiebesok\/\" \/>\n<meta property=\"og:locale\" content=\"sv_SE\" \/>\n<meta property=\"og:type\" content=\"article\" \/>\n<meta property=\"og:title\" content=\"Studiebes\u00f6k - Tolsereds 4H-g\u00e5rd\" \/>\n<meta property=\"og:description\" content=\"[vc_row][vc_column][vc_column_text] Studiebes\u00f6k [\/vc_column_text][\/vc_column][\/vc_row][vc_row][vc_column][vc_separator color=&#8221;green&#8221; border_width=&#8221;3&#8243;][\/vc_column][\/vc_row][vc_row][vc_column][vc_column_text css=&#8221;&#8221;]P\u00e5 Tolsered arrangerar vi studiebes\u00f6k p\u00e5 vardagar mellan kl 10.00 och 12.00. Under bes\u00f6ket f\u00e5r ni en guidad visning runt och ni f\u00e5 h\u00e4lsa p\u00e5 alla v\u00e5ra djur och l\u00e4ra er massor med sp\u00e4nnande saker! Sedan kan de som \u00f6nskar \u00e4ven f\u00e5 testa p\u00e5 att rida p\u00e5 en av v\u00e5ra&nbsp; &hellip; Read more\" \/>\n<meta property=\"og:url\" content=\"https:\/\/www.4h.se\/tolsered\/studiebesok\/\" \/>\n<meta property=\"og:site_name\" content=\"Tolsereds 4H-g\u00e5rd\" \/>\n<meta property=\"article:modified_time\" content=\"2026-02-27T13:11:44+00:00\" \/>\n<meta name=\"twitter:card\" content=\"summary_large_image\" \/>\n<meta name=\"twitter:label1\" content=\"Ber\u00e4knad l\u00e4stid\" \/>\n\t<meta name=\"twitter:data1\" content=\"1 minut\" \/>\n<script type=\"application\/ld+json\" class=\"yoast-schema-graph\">{\"@context\":\"https:\\\/\\\/schema.org\",\"@graph\":[{\"@type\":\"WebPage\",\"@id\":\"https:\\\/\\\/www.4h.se\\\/tolsered\\\/studiebesok\\\/\",\"url\":\"https:\\\/\\\/www.4h.se\\\/tolsered\\\/studiebesok\\\/\",\"name\":\"Studiebes\u00f6k - Tolsereds 4H-g\u00e5rd\",\"isPartOf\":{\"@id\":\"https:\\\/\\\/www.4h.se\\\/tolsered\\\/#website\"},\"datePublished\":\"2022-02-10T21:55:26+00:00\",\"dateModified\":\"2026-02-27T13:11:44+00:00\",\"breadcrumb\":{\"@id\":\"https:\\\/\\\/www.4h.se\\\/tolsered\\\/studiebesok\\\/#breadcrumb\"},\"inLanguage\":\"sv-SE\",\"potentialAction\":[{\"@type\":\"ReadAction\",\"target\":[\"https:\\\/\\\/www.4h.se\\\/tolsered\\\/studiebesok\\\/\"]}]},{\"@type\":\"BreadcrumbList\",\"@id\":\"https:\\\/\\\/www.4h.se\\\/tolsered\\\/studiebesok\\\/#breadcrumb\",\"itemListElement\":[{\"@type\":\"ListItem\",\"position\":1,\"name\":\"Hem\",\"item\":\"https:\\\/\\\/www.4h.se\\\/tolsered\\\/\"},{\"@type\":\"ListItem\",\"position\":2,\"name\":\"Studiebes\u00f6k\"}]},{\"@type\":\"WebSite\",\"@id\":\"https:\\\/\\\/www.4h.se\\\/tolsered\\\/#website\",\"url\":\"https:\\\/\\\/www.4h.se\\\/tolsered\\\/\",\"name\":\"Tolsereds 4H-g\u00e5rd\",\"description\":\"\",\"potentialAction\":[{\"@type\":\"SearchAction\",\"target\":{\"@type\":\"EntryPoint\",\"urlTemplate\":\"https:\\\/\\\/www.4h.se\\\/tolsered\\\/?s={search_term_string}\"},\"query-input\":{\"@type\":\"PropertyValueSpecification\",\"valueRequired\":true,\"valueName\":\"search_term_string\"}}],\"inLanguage\":\"sv-SE\"}]}<\/script>\n<!-- \/ Yoast SEO plugin. -->","yoast_head_json":{"title":"Studiebes\u00f6k - Tolsereds 4H-g\u00e5rd","robots":{"index":"index","follow":"follow","max-snippet":"max-snippet:-1","max-image-preview":"max-image-preview:large","max-video-preview":"max-video-preview:-1"},"canonical":"https:\/\/www.4h.se\/tolsered\/studiebesok\/","og_locale":"sv_SE","og_type":"article","og_title":"Studiebes\u00f6k - Tolsereds 4H-g\u00e5rd","og_description":"[vc_row][vc_column][vc_column_text] Studiebes\u00f6k [\/vc_column_text][\/vc_column][\/vc_row][vc_row][vc_column][vc_separator color=&#8221;green&#8221; border_width=&#8221;3&#8243;][\/vc_column][\/vc_row][vc_row][vc_column][vc_column_text css=&#8221;&#8221;]P\u00e5 Tolsered arrangerar vi studiebes\u00f6k p\u00e5 vardagar mellan kl 10.00 och 12.00. Under bes\u00f6ket f\u00e5r ni en guidad visning runt och ni f\u00e5 h\u00e4lsa p\u00e5 alla v\u00e5ra djur och l\u00e4ra er massor med sp\u00e4nnande saker! Sedan kan de som \u00f6nskar \u00e4ven f\u00e5 testa p\u00e5 att rida p\u00e5 en av v\u00e5ra&nbsp; &hellip; Read more","og_url":"https:\/\/www.4h.se\/tolsered\/studiebesok\/","og_site_name":"Tolsereds 4H-g\u00e5rd","article_modified_time":"2026-02-27T13:11:44+00:00","twitter_card":"summary_large_image","twitter_misc":{"Ber\u00e4knad l\u00e4stid":"1 minut"},"schema":{"@context":"https:\/\/schema.org","@graph":[{"@type":"WebPage","@id":"https:\/\/www.4h.se\/tolsered\/studiebesok\/","url":"https:\/\/www.4h.se\/tolsered\/studiebesok\/","name":"Studiebes\u00f6k - Tolsereds 4H-g\u00e5rd","isPartOf":{"@id":"https:\/\/www.4h.se\/tolsered\/#website"},"datePublished":"2022-02-10T21:55:26+00:00","dateModified":"2026-02-27T13:11:44+00:00","breadcrumb":{"@id":"https:\/\/www.4h.se\/tolsered\/studiebesok\/#breadcrumb"},"inLanguage":"sv-SE","potentialAction":[{"@type":"ReadAction","target":["https:\/\/www.4h.se\/tolsered\/studiebesok\/"]}]},{"@type":"BreadcrumbList","@id":"https:\/\/www.4h.se\/tolsered\/studiebesok\/#breadcrumb","itemListElement":[{"@type":"ListItem","position":1,"name":"Hem","item":"https:\/\/www.4h.se\/tolsered\/"},{"@type":"ListItem","position":2,"name":"Studiebes\u00f6k"}]},{"@type":"WebSite","@id":"https:\/\/www.4h.se\/tolsered\/#website","url":"https:\/\/www.4h.se\/tolsered\/","name":"Tolsereds 4H-g\u00e5rd","description":"","potentialAction":[{"@type":"SearchAction","target":{"@type":"EntryPoint","urlTemplate":"https:\/\/www.4h.se\/tolsered\/?s={search_term_string}"},"query-input":{"@type":"PropertyValueSpecification","valueRequired":true,"valueName":"search_term_string"}}],"inLanguage":"sv-SE"}]}},"_links":{"self":[{"href":"https:\/\/www.4h.se\/tolsered\/wp-json\/wp\/v2\/pages\/424","targetHints":{"allow":["GET"]}}],"collection":[{"href":"https:\/\/www.4h.se\/tolsered\/wp-json\/wp\/v2\/pages"}],"about":[{"href":"https:\/\/www.4h.se\/tolsered\/wp-json\/wp\/v2\/types\/page"}],"author":[{"embeddable":true,"href":"https:\/\/www.4h.se\/tolsered\/wp-json\/wp\/v2\/users\/223"}],"replies":[{"embeddable":true,"href":"https:\/\/www.4h.se\/tolsered\/wp-json\/wp\/v2\/comments?post=424"}],"version-history":[{"count":0,"href":"https:\/\/www.4h.se\/tolsered\/wp-json\/wp\/v2\/pages\/424\/revisions"}],"wp:attachment":[{"href":"https:\/\/www.4h.se\/tolsered\/wp-json\/wp\/v2\/media?parent=424"}],"curies":[{"name":"wp","href":"https:\/\/api.w.org\/{rel}","templated":true}]}}