



{"id":422,"date":"2022-02-10T22:54:22","date_gmt":"2022-02-10T21:54:22","guid":{"rendered":"https:\/\/www.4h.se\/tolsered\/?page_id=422"},"modified":"2025-06-18T16:37:16","modified_gmt":"2025-06-18T14:37:16","slug":"familjedag","status":"publish","type":"page","link":"https:\/\/www.4h.se\/tolsered\/familjedag\/","title":{"rendered":"Familjedag"},"content":{"rendered":"<div class=\"wpb-content-wrapper\"><p>[vc_row][vc_column][vc_column_text]<\/p>\n<h1><span style=\"color: #000000\">Familjedagar p\u00e5 g\u00e5rden!<\/span><\/h1>\n<p>[\/vc_column_text][vc_separator color=&#8221;green&#8221; border_width=&#8221;3&#8243;][vc_column_text css=&#8221;&#8221;]<\/p>\n<h3>Allm\u00e4nt om v\u00e5ra familjedagar<\/h3>\n<p>N\u00e5gra g\u00e5nger om \u00e5ret arrangerar vi familjedag p\u00e5 g\u00e5rden. Dessa evenemang \u00e4r v\u00e4ldigt omtyckta av b\u00e5de stora och sm\u00e5. V\u00e5r st\u00f6rsta familjedag \u00e4r v\u00e5rt valborgsfirande den 30\/4 men vi arrangerar \u00e4ven en familjedag p\u00e5 h\u00f6sten f\u00f6r att fira 4H-dagen och en julmarknad. Under dessa evenemang brukar det finnas ponnyridning, servering av b\u00e5de l\u00e4ttare mat och fika, fiskedamm, bollplank, och lotteri med finfina priser. H\u00e5ll utkik h\u00e4r p\u00e5 hemsidan och v\u00e5r Facebook sida f\u00f6r mer info om kommande evenemang.[\/vc_column_text][vc_column_text][\/vc_column_text][vc_separator color=&#8221;green&#8221; border_width=&#8221;3&#8243;][vc_single_image image=&#8221;514&#8243; img_size=&#8221;full&#8221;][vc_single_image image=&#8221;564&#8243; img_size=&#8221;full&#8221;][\/vc_column][\/vc_row][vc_row][vc_column][\/vc_column][\/vc_row][vc_row][vc_column][vc_single_image image=&#8221;605&#8243; img_size=&#8221;fulll&#8221;][\/vc_column][\/vc_row][vc_row][vc_column][\/vc_column][\/vc_row]<\/p>\n<\/div>","protected":false},"excerpt":{"rendered":"<p>[vc_row][vc_column][vc_column_text] Familjedagar p\u00e5 g\u00e5rden! [\/vc_column_text][vc_separator color=&#8221;green&#8221; border_width=&#8221;3&#8243;][vc_column_text css=&#8221;&#8221;] Allm\u00e4nt om v\u00e5ra familjedagar N\u00e5gra g\u00e5nger om \u00e5ret arrangerar vi familjedag p\u00e5 g\u00e5rden. Dessa evenemang \u00e4r v\u00e4ldigt omtyckta av b\u00e5de stora och sm\u00e5. V\u00e5r st\u00f6rsta familjedag \u00e4r v\u00e5rt valborgsfirande den 30\/4 men vi arrangerar \u00e4ven en familjedag p\u00e5 h\u00f6sten f\u00f6r att fira 4H-dagen och en julmarknad. Under&nbsp; <a href=\"https:\/\/www.4h.se\/tolsered\/familjedag\/\">&hellip; Read more <i class=\"glyphicon glyphicon-arrow-right\"><\/i><\/a><\/p>\n","protected":false},"author":223,"featured_media":0,"parent":0,"menu_order":0,"comment_status":"closed","ping_status":"closed","template":"","meta":{"_acf_changed":false,"footnotes":""},"class_list":["post-422","page","type-page","status-publish","hentry"],"acf":[],"yoast_head":"<!-- This site is optimized with the Yoast SEO plugin v27.5 - https:\/\/yoast.com\/product\/yoast-seo-wordpress\/ -->\n<title>Familjedag - Tolsereds 4H-g\u00e5rd<\/title>\n<meta name=\"robots\" content=\"index, follow, max-snippet:-1, max-image-preview:large, max-video-preview:-1\" \/>\n<link rel=\"canonical\" href=\"https:\/\/www.4h.se\/tolsered\/familjedag\/\" \/>\n<meta property=\"og:locale\" content=\"sv_SE\" \/>\n<meta property=\"og:type\" content=\"article\" \/>\n<meta property=\"og:title\" content=\"Familjedag - Tolsereds 4H-g\u00e5rd\" \/>\n<meta property=\"og:description\" content=\"[vc_row][vc_column][vc_column_text] Familjedagar p\u00e5 g\u00e5rden! [\/vc_column_text][vc_separator color=&#8221;green&#8221; border_width=&#8221;3&#8243;][vc_column_text css=&#8221;&#8221;] Allm\u00e4nt om v\u00e5ra familjedagar N\u00e5gra g\u00e5nger om \u00e5ret arrangerar vi familjedag p\u00e5 g\u00e5rden. Dessa evenemang \u00e4r v\u00e4ldigt omtyckta av b\u00e5de stora och sm\u00e5. V\u00e5r st\u00f6rsta familjedag \u00e4r v\u00e5rt valborgsfirande den 30\/4 men vi arrangerar \u00e4ven en familjedag p\u00e5 h\u00f6sten f\u00f6r att fira 4H-dagen och en julmarknad. Under&nbsp; &hellip; Read more\" \/>\n<meta property=\"og:url\" content=\"https:\/\/www.4h.se\/tolsered\/familjedag\/\" \/>\n<meta property=\"og:site_name\" content=\"Tolsereds 4H-g\u00e5rd\" \/>\n<meta property=\"article:modified_time\" content=\"2025-06-18T14:37:16+00:00\" \/>\n<meta name=\"twitter:card\" content=\"summary_large_image\" \/>\n<meta name=\"twitter:label1\" content=\"Ber\u00e4knad l\u00e4stid\" \/>\n\t<meta name=\"twitter:data1\" content=\"1 minut\" \/>\n<script type=\"application\/ld+json\" class=\"yoast-schema-graph\">{\"@context\":\"https:\\\/\\\/schema.org\",\"@graph\":[{\"@type\":\"WebPage\",\"@id\":\"https:\\\/\\\/www.4h.se\\\/tolsered\\\/familjedag\\\/\",\"url\":\"https:\\\/\\\/www.4h.se\\\/tolsered\\\/familjedag\\\/\",\"name\":\"Familjedag - Tolsereds 4H-g\u00e5rd\",\"isPartOf\":{\"@id\":\"https:\\\/\\\/www.4h.se\\\/tolsered\\\/#website\"},\"datePublished\":\"2022-02-10T21:54:22+00:00\",\"dateModified\":\"2025-06-18T14:37:16+00:00\",\"breadcrumb\":{\"@id\":\"https:\\\/\\\/www.4h.se\\\/tolsered\\\/familjedag\\\/#breadcrumb\"},\"inLanguage\":\"sv-SE\",\"potentialAction\":[{\"@type\":\"ReadAction\",\"target\":[\"https:\\\/\\\/www.4h.se\\\/tolsered\\\/familjedag\\\/\"]}]},{\"@type\":\"BreadcrumbList\",\"@id\":\"https:\\\/\\\/www.4h.se\\\/tolsered\\\/familjedag\\\/#breadcrumb\",\"itemListElement\":[{\"@type\":\"ListItem\",\"position\":1,\"name\":\"Hem\",\"item\":\"https:\\\/\\\/www.4h.se\\\/tolsered\\\/\"},{\"@type\":\"ListItem\",\"position\":2,\"name\":\"Familjedag\"}]},{\"@type\":\"WebSite\",\"@id\":\"https:\\\/\\\/www.4h.se\\\/tolsered\\\/#website\",\"url\":\"https:\\\/\\\/www.4h.se\\\/tolsered\\\/\",\"name\":\"Tolsereds 4H-g\u00e5rd\",\"description\":\"\",\"potentialAction\":[{\"@type\":\"SearchAction\",\"target\":{\"@type\":\"EntryPoint\",\"urlTemplate\":\"https:\\\/\\\/www.4h.se\\\/tolsered\\\/?s={search_term_string}\"},\"query-input\":{\"@type\":\"PropertyValueSpecification\",\"valueRequired\":true,\"valueName\":\"search_term_string\"}}],\"inLanguage\":\"sv-SE\"}]}<\/script>\n<!-- \/ Yoast SEO plugin. -->","yoast_head_json":{"title":"Familjedag - Tolsereds 4H-g\u00e5rd","robots":{"index":"index","follow":"follow","max-snippet":"max-snippet:-1","max-image-preview":"max-image-preview:large","max-video-preview":"max-video-preview:-1"},"canonical":"https:\/\/www.4h.se\/tolsered\/familjedag\/","og_locale":"sv_SE","og_type":"article","og_title":"Familjedag - Tolsereds 4H-g\u00e5rd","og_description":"[vc_row][vc_column][vc_column_text] Familjedagar p\u00e5 g\u00e5rden! [\/vc_column_text][vc_separator color=&#8221;green&#8221; border_width=&#8221;3&#8243;][vc_column_text css=&#8221;&#8221;] Allm\u00e4nt om v\u00e5ra familjedagar N\u00e5gra g\u00e5nger om \u00e5ret arrangerar vi familjedag p\u00e5 g\u00e5rden. Dessa evenemang \u00e4r v\u00e4ldigt omtyckta av b\u00e5de stora och sm\u00e5. V\u00e5r st\u00f6rsta familjedag \u00e4r v\u00e5rt valborgsfirande den 30\/4 men vi arrangerar \u00e4ven en familjedag p\u00e5 h\u00f6sten f\u00f6r att fira 4H-dagen och en julmarknad. Under&nbsp; &hellip; Read more","og_url":"https:\/\/www.4h.se\/tolsered\/familjedag\/","og_site_name":"Tolsereds 4H-g\u00e5rd","article_modified_time":"2025-06-18T14:37:16+00:00","twitter_card":"summary_large_image","twitter_misc":{"Ber\u00e4knad l\u00e4stid":"1 minut"},"schema":{"@context":"https:\/\/schema.org","@graph":[{"@type":"WebPage","@id":"https:\/\/www.4h.se\/tolsered\/familjedag\/","url":"https:\/\/www.4h.se\/tolsered\/familjedag\/","name":"Familjedag - Tolsereds 4H-g\u00e5rd","isPartOf":{"@id":"https:\/\/www.4h.se\/tolsered\/#website"},"datePublished":"2022-02-10T21:54:22+00:00","dateModified":"2025-06-18T14:37:16+00:00","breadcrumb":{"@id":"https:\/\/www.4h.se\/tolsered\/familjedag\/#breadcrumb"},"inLanguage":"sv-SE","potentialAction":[{"@type":"ReadAction","target":["https:\/\/www.4h.se\/tolsered\/familjedag\/"]}]},{"@type":"BreadcrumbList","@id":"https:\/\/www.4h.se\/tolsered\/familjedag\/#breadcrumb","itemListElement":[{"@type":"ListItem","position":1,"name":"Hem","item":"https:\/\/www.4h.se\/tolsered\/"},{"@type":"ListItem","position":2,"name":"Familjedag"}]},{"@type":"WebSite","@id":"https:\/\/www.4h.se\/tolsered\/#website","url":"https:\/\/www.4h.se\/tolsered\/","name":"Tolsereds 4H-g\u00e5rd","description":"","potentialAction":[{"@type":"SearchAction","target":{"@type":"EntryPoint","urlTemplate":"https:\/\/www.4h.se\/tolsered\/?s={search_term_string}"},"query-input":{"@type":"PropertyValueSpecification","valueRequired":true,"valueName":"search_term_string"}}],"inLanguage":"sv-SE"}]}},"_links":{"self":[{"href":"https:\/\/www.4h.se\/tolsered\/wp-json\/wp\/v2\/pages\/422","targetHints":{"allow":["GET"]}}],"collection":[{"href":"https:\/\/www.4h.se\/tolsered\/wp-json\/wp\/v2\/pages"}],"about":[{"href":"https:\/\/www.4h.se\/tolsered\/wp-json\/wp\/v2\/types\/page"}],"author":[{"embeddable":true,"href":"https:\/\/www.4h.se\/tolsered\/wp-json\/wp\/v2\/users\/223"}],"replies":[{"embeddable":true,"href":"https:\/\/www.4h.se\/tolsered\/wp-json\/wp\/v2\/comments?post=422"}],"version-history":[{"count":0,"href":"https:\/\/www.4h.se\/tolsered\/wp-json\/wp\/v2\/pages\/422\/revisions"}],"wp:attachment":[{"href":"https:\/\/www.4h.se\/tolsered\/wp-json\/wp\/v2\/media?parent=422"}],"curies":[{"name":"wp","href":"https:\/\/api.w.org\/{rel}","templated":true}]}}