



{"id":421,"date":"2022-02-10T22:54:10","date_gmt":"2022-02-10T21:54:10","guid":{"rendered":"https:\/\/www.4h.se\/tolsered\/?page_id=421"},"modified":"2022-10-11T08:13:04","modified_gmt":"2022-10-11T06:13:04","slug":"ponnyridning","status":"publish","type":"page","link":"https:\/\/www.4h.se\/tolsered\/ponnyridning\/","title":{"rendered":"Ponnyridning"},"content":{"rendered":"<div class=\"wpb-content-wrapper\"><p>[vc_row][vc_column][vc_column_text]<\/p>\n<h1>Ponnyridning<\/h1>\n<p>[\/vc_column_text][\/vc_column][\/vc_row][vc_row][vc_column][vc_separator color=&#8221;green&#8221; border_width=&#8221;3&#8243;][\/vc_column][\/vc_row][vc_row][vc_column width=&#8221;1\/2&#8243;][vc_column_text]Vissa vardagar finns det m\u00f6jlighet att rida ponnyridning. Information om datum hittar man enklast p\u00e5 v\u00e5r Facebook-sida. Anm\u00e4lan till ponnyridning och andra evenemang finns att hitta p\u00e5 v\u00e5r anm\u00e4lningsportal Antribe.<\/p>\n<p><a href=\"https:\/\/www.facebook.com\/Tolsereds4hGard\" target=\"_blank\">Klicka h\u00e4r f\u00f6r att komma till v\u00e5r Facebook.<\/a><\/p>\n<p><a href=\"https:\/\/www.antribe.com\/org\/4h\/tolsereds-4h\/event\" target=\"_blank\">Klicka h\u00e4r f\u00f6r att komma till Antribe<\/a>[\/vc_column_text][\/vc_column][vc_column width=&#8221;1\/2&#8243;][vc_single_image image=&#8221;492&#8243; img_size=&#8221;large&#8221;][\/vc_column][\/vc_row][vc_row][vc_column][\/vc_column][\/vc_row]<\/p>\n<\/div>","protected":false},"excerpt":{"rendered":"<p>[vc_row][vc_column][vc_column_text] Ponnyridning [\/vc_column_text][\/vc_column][\/vc_row][vc_row][vc_column][vc_separator color=&#8221;green&#8221; border_width=&#8221;3&#8243;][\/vc_column][\/vc_row][vc_row][vc_column width=&#8221;1\/2&#8243;][vc_column_text]Vissa vardagar finns det m\u00f6jlighet att rida ponnyridning. Information om datum hittar man enklast p\u00e5 v\u00e5r Facebook-sida. Anm\u00e4lan till ponnyridning och andra evenemang finns att hitta p\u00e5 v\u00e5r anm\u00e4lningsportal Antribe. Klicka h\u00e4r f\u00f6r att komma till v\u00e5r Facebook. Klicka h\u00e4r f\u00f6r att komma till Antribe[\/vc_column_text][\/vc_column][vc_column width=&#8221;1\/2&#8243;][vc_single_image image=&#8221;492&#8243; img_size=&#8221;large&#8221;][\/vc_column][\/vc_row][vc_row][vc_column][\/vc_column][\/vc_row]<\/p>\n","protected":false},"author":223,"featured_media":0,"parent":0,"menu_order":0,"comment_status":"closed","ping_status":"closed","template":"","meta":{"_acf_changed":false,"footnotes":""},"class_list":["post-421","page","type-page","status-publish","hentry"],"acf":[],"yoast_head":"<!-- This site is optimized with the Yoast SEO plugin v27.5 - https:\/\/yoast.com\/product\/yoast-seo-wordpress\/ -->\n<title>Ponnyridning - Tolsereds 4H-g\u00e5rd<\/title>\n<meta name=\"robots\" content=\"index, follow, max-snippet:-1, max-image-preview:large, max-video-preview:-1\" \/>\n<link rel=\"canonical\" href=\"https:\/\/www.4h.se\/tolsered\/ponnyridning\/\" \/>\n<meta property=\"og:locale\" content=\"sv_SE\" \/>\n<meta property=\"og:type\" content=\"article\" \/>\n<meta property=\"og:title\" content=\"Ponnyridning - Tolsereds 4H-g\u00e5rd\" \/>\n<meta property=\"og:description\" content=\"[vc_row][vc_column][vc_column_text] Ponnyridning [\/vc_column_text][\/vc_column][\/vc_row][vc_row][vc_column][vc_separator color=&#8221;green&#8221; border_width=&#8221;3&#8243;][\/vc_column][\/vc_row][vc_row][vc_column width=&#8221;1\/2&#8243;][vc_column_text]Vissa vardagar finns det m\u00f6jlighet att rida ponnyridning. Information om datum hittar man enklast p\u00e5 v\u00e5r Facebook-sida. Anm\u00e4lan till ponnyridning och andra evenemang finns att hitta p\u00e5 v\u00e5r anm\u00e4lningsportal Antribe. Klicka h\u00e4r f\u00f6r att komma till v\u00e5r Facebook. Klicka h\u00e4r f\u00f6r att komma till Antribe[\/vc_column_text][\/vc_column][vc_column width=&#8221;1\/2&#8243;][vc_single_image image=&#8221;492&#8243; img_size=&#8221;large&#8221;][\/vc_column][\/vc_row][vc_row][vc_column][\/vc_column][\/vc_row]\" \/>\n<meta property=\"og:url\" content=\"https:\/\/www.4h.se\/tolsered\/ponnyridning\/\" \/>\n<meta property=\"og:site_name\" content=\"Tolsereds 4H-g\u00e5rd\" \/>\n<meta property=\"article:modified_time\" content=\"2022-10-11T06:13:04+00:00\" \/>\n<meta name=\"twitter:card\" content=\"summary_large_image\" \/>\n<meta name=\"twitter:label1\" content=\"Ber\u00e4knad l\u00e4stid\" \/>\n\t<meta name=\"twitter:data1\" content=\"1 minut\" \/>\n<script type=\"application\/ld+json\" class=\"yoast-schema-graph\">{\"@context\":\"https:\\\/\\\/schema.org\",\"@graph\":[{\"@type\":\"WebPage\",\"@id\":\"https:\\\/\\\/www.4h.se\\\/tolsered\\\/ponnyridning\\\/\",\"url\":\"https:\\\/\\\/www.4h.se\\\/tolsered\\\/ponnyridning\\\/\",\"name\":\"Ponnyridning - Tolsereds 4H-g\u00e5rd\",\"isPartOf\":{\"@id\":\"https:\\\/\\\/www.4h.se\\\/tolsered\\\/#website\"},\"datePublished\":\"2022-02-10T21:54:10+00:00\",\"dateModified\":\"2022-10-11T06:13:04+00:00\",\"breadcrumb\":{\"@id\":\"https:\\\/\\\/www.4h.se\\\/tolsered\\\/ponnyridning\\\/#breadcrumb\"},\"inLanguage\":\"sv-SE\",\"potentialAction\":[{\"@type\":\"ReadAction\",\"target\":[\"https:\\\/\\\/www.4h.se\\\/tolsered\\\/ponnyridning\\\/\"]}]},{\"@type\":\"BreadcrumbList\",\"@id\":\"https:\\\/\\\/www.4h.se\\\/tolsered\\\/ponnyridning\\\/#breadcrumb\",\"itemListElement\":[{\"@type\":\"ListItem\",\"position\":1,\"name\":\"Hem\",\"item\":\"https:\\\/\\\/www.4h.se\\\/tolsered\\\/\"},{\"@type\":\"ListItem\",\"position\":2,\"name\":\"Ponnyridning\"}]},{\"@type\":\"WebSite\",\"@id\":\"https:\\\/\\\/www.4h.se\\\/tolsered\\\/#website\",\"url\":\"https:\\\/\\\/www.4h.se\\\/tolsered\\\/\",\"name\":\"Tolsereds 4H-g\u00e5rd\",\"description\":\"\",\"potentialAction\":[{\"@type\":\"SearchAction\",\"target\":{\"@type\":\"EntryPoint\",\"urlTemplate\":\"https:\\\/\\\/www.4h.se\\\/tolsered\\\/?s={search_term_string}\"},\"query-input\":{\"@type\":\"PropertyValueSpecification\",\"valueRequired\":true,\"valueName\":\"search_term_string\"}}],\"inLanguage\":\"sv-SE\"}]}<\/script>\n<!-- \/ Yoast SEO plugin. -->","yoast_head_json":{"title":"Ponnyridning - Tolsereds 4H-g\u00e5rd","robots":{"index":"index","follow":"follow","max-snippet":"max-snippet:-1","max-image-preview":"max-image-preview:large","max-video-preview":"max-video-preview:-1"},"canonical":"https:\/\/www.4h.se\/tolsered\/ponnyridning\/","og_locale":"sv_SE","og_type":"article","og_title":"Ponnyridning - Tolsereds 4H-g\u00e5rd","og_description":"[vc_row][vc_column][vc_column_text] Ponnyridning [\/vc_column_text][\/vc_column][\/vc_row][vc_row][vc_column][vc_separator color=&#8221;green&#8221; border_width=&#8221;3&#8243;][\/vc_column][\/vc_row][vc_row][vc_column width=&#8221;1\/2&#8243;][vc_column_text]Vissa vardagar finns det m\u00f6jlighet att rida ponnyridning. Information om datum hittar man enklast p\u00e5 v\u00e5r Facebook-sida. Anm\u00e4lan till ponnyridning och andra evenemang finns att hitta p\u00e5 v\u00e5r anm\u00e4lningsportal Antribe. Klicka h\u00e4r f\u00f6r att komma till v\u00e5r Facebook. Klicka h\u00e4r f\u00f6r att komma till Antribe[\/vc_column_text][\/vc_column][vc_column width=&#8221;1\/2&#8243;][vc_single_image image=&#8221;492&#8243; img_size=&#8221;large&#8221;][\/vc_column][\/vc_row][vc_row][vc_column][\/vc_column][\/vc_row]","og_url":"https:\/\/www.4h.se\/tolsered\/ponnyridning\/","og_site_name":"Tolsereds 4H-g\u00e5rd","article_modified_time":"2022-10-11T06:13:04+00:00","twitter_card":"summary_large_image","twitter_misc":{"Ber\u00e4knad l\u00e4stid":"1 minut"},"schema":{"@context":"https:\/\/schema.org","@graph":[{"@type":"WebPage","@id":"https:\/\/www.4h.se\/tolsered\/ponnyridning\/","url":"https:\/\/www.4h.se\/tolsered\/ponnyridning\/","name":"Ponnyridning - Tolsereds 4H-g\u00e5rd","isPartOf":{"@id":"https:\/\/www.4h.se\/tolsered\/#website"},"datePublished":"2022-02-10T21:54:10+00:00","dateModified":"2022-10-11T06:13:04+00:00","breadcrumb":{"@id":"https:\/\/www.4h.se\/tolsered\/ponnyridning\/#breadcrumb"},"inLanguage":"sv-SE","potentialAction":[{"@type":"ReadAction","target":["https:\/\/www.4h.se\/tolsered\/ponnyridning\/"]}]},{"@type":"BreadcrumbList","@id":"https:\/\/www.4h.se\/tolsered\/ponnyridning\/#breadcrumb","itemListElement":[{"@type":"ListItem","position":1,"name":"Hem","item":"https:\/\/www.4h.se\/tolsered\/"},{"@type":"ListItem","position":2,"name":"Ponnyridning"}]},{"@type":"WebSite","@id":"https:\/\/www.4h.se\/tolsered\/#website","url":"https:\/\/www.4h.se\/tolsered\/","name":"Tolsereds 4H-g\u00e5rd","description":"","potentialAction":[{"@type":"SearchAction","target":{"@type":"EntryPoint","urlTemplate":"https:\/\/www.4h.se\/tolsered\/?s={search_term_string}"},"query-input":{"@type":"PropertyValueSpecification","valueRequired":true,"valueName":"search_term_string"}}],"inLanguage":"sv-SE"}]}},"_links":{"self":[{"href":"https:\/\/www.4h.se\/tolsered\/wp-json\/wp\/v2\/pages\/421","targetHints":{"allow":["GET"]}}],"collection":[{"href":"https:\/\/www.4h.se\/tolsered\/wp-json\/wp\/v2\/pages"}],"about":[{"href":"https:\/\/www.4h.se\/tolsered\/wp-json\/wp\/v2\/types\/page"}],"author":[{"embeddable":true,"href":"https:\/\/www.4h.se\/tolsered\/wp-json\/wp\/v2\/users\/223"}],"replies":[{"embeddable":true,"href":"https:\/\/www.4h.se\/tolsered\/wp-json\/wp\/v2\/comments?post=421"}],"version-history":[{"count":0,"href":"https:\/\/www.4h.se\/tolsered\/wp-json\/wp\/v2\/pages\/421\/revisions"}],"wp:attachment":[{"href":"https:\/\/www.4h.se\/tolsered\/wp-json\/wp\/v2\/media?parent=421"}],"curies":[{"name":"wp","href":"https:\/\/api.w.org\/{rel}","templated":true}]}}