



{"id":420,"date":"2022-02-10T22:53:36","date_gmt":"2022-02-10T21:53:36","guid":{"rendered":"https:\/\/www.4h.se\/tolsered\/?page_id=420"},"modified":"2025-12-15T10:11:53","modified_gmt":"2025-12-15T09:11:53","slug":"sommarlager","status":"publish","type":"page","link":"https:\/\/www.4h.se\/tolsered\/sommarlager\/","title":{"rendered":"Sommarl\u00e4ger"},"content":{"rendered":"<div class=\"wpb-content-wrapper\"><p>[vc_row][vc_column][vc_gallery type=&#8221;flexslider_slide&#8221; interval=&#8221;5&#8243; images=&#8221;588,444,442,441,440,439,455&#8243; img_size=&#8221;1100 x 500&#8243; onclick=&#8221;&#8221;][vc_column_text css=&#8221;&#8221;]<\/p>\n<h1><strong>Sommarl\u00e4ger p\u00e5 Tolsereds 4H g\u00e5rd<\/strong><\/h1>\n<p>[\/vc_column_text][vc_separator color=&#8221;green&#8221; border_width=&#8221;3&#8243;][\/vc_column][\/vc_row][vc_row][vc_column width=&#8221;1\/2&#8243;][vc_column_text css=&#8221;&#8221;]<\/p>\n<h3>Lantg\u00e5rdsl\u00e4ger med \u00f6vernattning<\/h3>\n<p>V\u00e5ra lantg\u00e5rdsl\u00e4ger riktar sig till barn och ungdomar fr\u00e5n 9 \u00e5r. Under 6 dagar f\u00e5r l\u00e4gerdeltagarna umg\u00e5s, ta hand om alla djur, hj\u00e4lpa till med matlagning och bakning, testa p\u00e5 att rida och massa andra roliga aktiviteter. Sista kv\u00e4llen avslutas med disco d\u00e4r klubbstugan f\u00f6rvandlas till &#8221;Clubstugan&#8221; och sedan g\u00e5r vi den popul\u00e4ra sp\u00f6kvandringen.<\/p>\n<p>Deltagarna anl\u00e4nder p\u00e5 s\u00f6ndag kl 16.00 eftermiddag och packar ihop och l\u00e4mnar kl 15.00 p\u00e5 fredag. I l\u00e4geravgiften ing\u00e5r det fyra m\u00e5l mat (frukost, lunch, mellanm\u00e5l och middag).<\/p>\n<p>&nbsp;<\/p>\n<h4><strong>Veckor f\u00f6r lantg\u00e5rdsl\u00e4ger med \u00f6vernattning<\/strong><\/h4>\n<p>V25: l\u00f6r 13 juni- tor 18 juni (Denna vecka \u00e4r det midsommar och d\u00e4rav b\u00f6rjar l\u00e4gret p\u00e5 l\u00f6rdag kl 16.00 och slutar p\u00e5 torsdag kl. 15.00)<\/p>\n<p>V.26: s\u00f6n 21 juni &#8211; fre 26 juni<\/p>\n<p>V.27: s\u00f6n 28 juni &#8211; fre 3 juli<\/p>\n<p>V.28: s\u00f6n 5 juli &#8211; fre 10 juli<\/p>\n<p>&nbsp;<\/p>\n<h4><strong>Anm\u00e4lan<\/strong><\/h4>\n<p>Anm\u00e4lan g\u00f6rs online och n\u00e4r l\u00e4gerplatserna har sl\u00e4ppts kommer de att finnas tillg\u00e4ngliga f\u00f6r anm\u00e4lan via v\u00e5r medlemsportal Antribe.<\/p>\n<p><a href=\"https:\/\/www.antribe.com\/org\/4h\/tolsereds-4h\/event\" target=\"_blank\" rel=\"noopener\">Klicka h\u00e4r f\u00f6r att komma till v\u00e5ra evenemang och anm\u00e4lan!<\/a><\/p>\n<h4><\/h4>\n<p><em>Medlemskap i Tolsereds 4H \u00e4r ett krav f\u00f6r alla deltagare. <a href=\"https:\/\/www.4h.se\/tolsered\/bli-medlem\/\" target=\"_blank\" rel=\"noopener\">L\u00e4s mer om hur du blir medlem h\u00e4r!<\/a><\/em>[\/vc_column_text][vc_column_text][\/vc_column_text][\/vc_column][vc_column width=&#8221;1\/2&#8243;][vc_video link=&#8221;https:\/\/vimeo.com\/1008396264?share=copy&#8221; css=&#8221;&#8221;][vc_column_text css=&#8221;&#8221;]<\/p>\n<h3>Lantg\u00e5rdsl\u00e4ger&nbsp; Dagl\u00e4ger<\/h3>\n<p>V\u00e5ra lantg\u00e5rdsl\u00e4ger riktar sig till barn och ungdomar fr\u00e5n 7 \u00e5r. Under 5 dagar f\u00e5r l\u00e4gerdeltagarna umg\u00e5s, ta hand om alla djur, hj\u00e4lpa till med matlagning och bakning, testa p\u00e5 att rida och massa andra roliga aktiviteter.<\/p>\n<p>Samling p\u00e5 g\u00e5rden kl. 9.00 och hemg\u00e5ng kl. 15.00. I l\u00e4geravgiften ing\u00e5r det&nbsp; lunch och mellanm\u00e5l.<\/p>\n<p>&nbsp;<\/p>\n<h4><strong>Veckor f\u00f6r lantg\u00e5rdsl\u00e4ger med \u00f6vernattning<\/strong><\/h4>\n<p>V.32: m\u00e5n 3 augusti &#8211; tor 6 augusti<\/p>\n<h4><strong>Anm\u00e4lan<\/strong><\/h4>\n<p>Anm\u00e4lan g\u00f6rs online och n\u00e4r l\u00e4gerplatserna har sl\u00e4ppts kommer de att finnas tillg\u00e4ngliga f\u00f6r anm\u00e4lan via v\u00e5r medlemsportal Antribe.<\/p>\n<p><a href=\"https:\/\/www.antribe.com\/org\/4h\/tolsereds-4h\/event\" target=\"_blank\" rel=\"noopener\">Klicka h\u00e4r f\u00f6r att komma till v\u00e5ra evenemang och anm\u00e4lan!<\/a><\/p>\n<h4><\/h4>\n<p><em>Medlemskap i Tolsereds 4H \u00e4r ett krav f\u00f6r alla deltagare. <a href=\"https:\/\/www.4h.se\/tolsered\/bli-medlem\/\" target=\"_blank\" rel=\"noopener\">L\u00e4s mer om hur du blir medlem h\u00e4r!<\/a><\/em>[\/vc_column_text][\/vc_column][\/vc_row][vc_row][vc_column width=&#8221;1\/2&#8243;][vc_separator color=&#8221;green&#8221; border_width=&#8221;4&#8243;][vc_column_text css=&#8221;&#8221;]<\/p>\n<h3>Dagridl\u00e4ger<\/h3>\n<p>V\u00e5ra dagridl\u00e4ger riktar sig till barn och ungdomar fr\u00e5n 9 \u00e5r med viss ridvana, krav \u00e4r att deltagaren skall klara sig utan ledare. Deltagarna samlas kl 9.00 p\u00e5 g\u00e5rden varje morgon och \u00e4r klara vid 16.00 f\u00f6rutom p\u00e5 torsdag d\u00e5 l\u00e4gret avslutas 15.00. L\u00e4gret best\u00e5r av ett ridpass per dag, sk\u00f6tsel av h\u00e4starna och andra roliga aktiviteter. Lunch och fika serveras under dagen.<\/p>\n<p>&nbsp;<\/p>\n<h4><strong>Veckor f\u00f6r dagridl\u00e4ger<\/strong><\/h4>\n<p>V.25: m\u00e5n 15 juni &#8211; tor 18 juni<\/p>\n<p>V.33: m\u00e5n 10 augusti &#8211; tor 13 augusti<\/p>\n<p>&nbsp;<\/p>\n<h4><strong>Anm\u00e4lan<\/strong><\/h4>\n<p>Anm\u00e4lan g\u00f6rs online och n\u00e4r l\u00e4gerplatserna har sl\u00e4ppts kommer de att finnas tillg\u00e4ngliga f\u00f6r anm\u00e4lan via v\u00e5r medlemsportal Antribe.<\/p>\n<p><a href=\"https:\/\/www.antribe.com\/org\/4h\/tolsereds-4h\/event\" target=\"_blank\" rel=\"noopener\">Klicka h\u00e4r f\u00f6r att komma till v\u00e5ra evenemang och anm\u00e4lan!<\/a><\/p>\n<h4><\/h4>\n<p><em>Medlemskap i Tolsereds 4H \u00e4r ett krav f\u00f6r alla deltagare.&nbsp;<a href=\"https:\/\/www.4h.se\/tolsered\/bli-medlem\/\" target=\"_blank\" rel=\"noopener\">L\u00e4s mer om hur du blir medlem h\u00e4r!<\/a><\/em>[\/vc_column_text][\/vc_column][vc_column width=&#8221;1\/2&#8243;][vc_separator color=&#8221;green&#8221; border_width=&#8221;4&#8243;][vc_column_text css=&#8221;&#8221;]<\/p>\n<h3>Ridl\u00e4ger med \u00f6vernattning<\/h3>\n<p>V\u00e5ra ridl\u00e4ger riktar sig till barn och ungdomar fr\u00e5n 9 \u00e5r med viss ridvana, krav \u00e4r att deltagaren skall klara sig utan ledare. Deltagarna samlas kl 9.00 p\u00e5 g\u00e5rden p\u00e5 m\u00e5ndag morgon och \u00e4r klara vid 15.00 p\u00e5 onsdag eftermiddag. L\u00e4gret best\u00e5r av ett ridpass per dag, sk\u00f6tsel av h\u00e4starna och andra roliga aktiviteter.<\/p>\n<p>&nbsp;<\/p>\n<h4><strong>Veckor f\u00f6r ridl\u00e4ger med \u00f6vernattning<\/strong><\/h4>\n<p>V. 29: m\u00e5n 13 juli &#8211; ons 15 juli<\/p>\n<p>V. 31: m\u00e5n 27 juli &#8211; ons 29 juli<\/p>\n<p>&nbsp;<\/p>\n<h4><strong>Anm\u00e4lan<\/strong><\/h4>\n<p>Anm\u00e4lan g\u00f6rs online och n\u00e4r l\u00e4gerplatserna har sl\u00e4ppts kommer de att finnas tillg\u00e4ngliga f\u00f6r anm\u00e4lan via v\u00e5r medlemsportal Antribe.<\/p>\n<p><a href=\"https:\/\/www.antribe.com\/org\/4h\/tolsereds-4h\/event\" target=\"_blank\" rel=\"noopener\">Klicka h\u00e4r f\u00f6r att komma till v\u00e5ra evenemang och anm\u00e4lan!<\/a><\/p>\n<h4><\/h4>\n<p><em>Medlemskap i Tolsereds 4H \u00e4r ett krav f\u00f6r alla deltagare.&nbsp;<a href=\"https:\/\/www.4h.se\/tolsered\/bli-medlem\/\" target=\"_blank\" rel=\"noopener\">L\u00e4s mer om hur du blir medlem h\u00e4r!<\/a><\/em>[\/vc_column_text][\/vc_column][\/vc_row][vc_row][vc_column width=&#8221;1\/2&#8243;][vc_separator color=&#8221;green&#8221; border_width=&#8221;4&#8243;][vc_column_text]<\/p>\n<h2>Packlista<\/h2>\n<p>Nedan har vi listat n\u00e5gra av de saker som kan vara bra att ta med sig n\u00e4r man ska p\u00e5 l\u00e4ger.<\/p>\n<ul>\n<li>Hygienartiklar<\/li>\n<li>S\u00e4ngkl\u00e4der<\/li>\n<li>Kudde<\/li>\n<li>T\u00e4cke\/sovs\u00e4ck<\/li>\n<li>Kl\u00e4der<\/li>\n<li>Regnkl\u00e4der<\/li>\n<li>Gummist\u00f6vlar<\/li>\n<li>Badkl\u00e4der<\/li>\n<li>Handduk<\/li>\n<li>Kioskpengar (max 200kr)<\/li>\n<\/ul>\n<p>Viktigt att t\u00e4nka p\u00e5<\/p>\n<ul>\n<li>M\u00e4rk era kl\u00e4der och skor<\/li>\n<li>Vi ansvarar inte f\u00f6r v\u00e4rdesaker<\/li>\n<\/ul>\n<p>[\/vc_column_text][\/vc_column][vc_column width=&#8221;1\/2&#8243;][vc_separator color=&#8221;green&#8221; border_width=&#8221;4&#8243;][\/vc_column][\/vc_row][vc_row][vc_column][vc_separator color=&#8221;green&#8221; border_width=&#8221;3&#8243;][\/vc_column][\/vc_row][vc_row css=&#8221;.vc_custom_1668182587414{background-color: #82c381 !important;border-radius: 10px !important;}&#8221;][vc_column][vc_column_text]<\/p>\n<h1><span style=\"color: #ffffff\">L\u00e4gerblankett f\u00f6r sommarl\u00e4ger<\/span><\/h1>\n<p><span style=\"color: #ffffff\">\u00c4r du anm\u00e4ld till n\u00e5got av v\u00e5ra\u00a0 sommarl\u00e4ger? H\u00e4r kan du ladda ner l\u00e4gerblanketten som beh\u00f6ver fyllas i och skickas till g\u00e5rden innan l\u00e4gerstart.<\/span><\/p>\n<p><span style=\"color: #ffffff\">Hur g\u00f6r du?<\/span><\/p>\n<p><span style=\"color: #000000\"><span style=\"color: #ffffff\">1. \u00d6ppna dokumentet som \u00e4r l\u00e4nkat h\u00e4r &gt;&gt;<\/span> <span style=\"color: #333399\"><a style=\"color: #333399\" href=\"https:\/\/www.4h.se\/tolsered\/wp-content\/uploads\/sites\/82\/2022\/02\/L\u00e4gerblankett-inf\u00f6r-sommarl\u00e4ger.pdf\">L\u00e4gerblankett inf\u00f6r sommarl\u00e4ger<\/a><\/span><\/span><\/p>\n<p><span style=\"color: #ffffff\">2. Fyll i uppgifterna<\/span><\/p>\n<p><span style=\"color: #ffffff\">3. Spara dokumentet och d\u00f6p dokumentet till <em>l\u00e4gerblankett och deltagarens namn<\/em><\/span><\/p>\n<p><span style=\"color: #ffffff\">4. Maila det ifyllda dokumentet till tolsereds4h@gmail.com<\/span>[\/vc_column_text][\/vc_column][\/vc_row][vc_row][vc_column][vc_separator color=&#8221;green&#8221; border_width=&#8221;3&#8243;][\/vc_column][\/vc_row][vc_row][vc_column][vc_column_text]<\/p>\n<h3><strong>Anm\u00e4lan f\u00f6r l\u00e4ger och information ang\u00e5ende \u00e5terbetalning\u00a0<\/strong><\/h3>\n<p><span style=\"text-decoration: underline;\"><strong>Betalning<\/strong><\/span><\/p>\n<p>Anm\u00e4lan \u00e4r bindande n\u00e4r du gjort inbetalningen f\u00f6r deltagaravgiften -PGNR 414514-3<\/p>\n<p>M\u00e4rk betalningen med barnets namn och vilken l\u00e4gervecka det g\u00e4ller.<\/p>\n<p>OBS! L\u00e4geravgiften betalas i sin helhet inom 7 dagar. Medlemsavgiften betalas separat till Sveriges 4Hs riksf\u00f6rbund.<\/p>\n<p><span style=\"text-decoration: underline;\"><strong>F\u00f6rs\u00e4kring<\/strong><\/span><\/p>\n<p>I medlemsavgiften ing\u00e5r f\u00f6rs\u00e4kringsskydd f\u00f6r olycksfall.<\/p>\n<p>OBS! \u00c4r ditt barn skrivet i ett annat land \u00e4n Sverige omfattas barnet inte av f\u00f6rs\u00e4kringen! Som m\u00e5lsman \u00e4r du skyldig att teckna egen f\u00f6rs\u00e4kring under vistelsen p\u00e5 l\u00e4ger.<\/p>\n<p><span style=\"text-decoration: underline;\"><strong>Anm\u00e4lan\u00a0<\/strong><\/span><\/p>\n<p>Anm\u00e4lan \u00e4r bindande och g\u00f6rs via Antribe.<\/p>\n<p>Vid sjukdom kr\u00e4vs ett l\u00e4karintyg som kan uppvisas f\u00f6r \u00e5terbetalning av l\u00e4geravgiften.<\/p>\n<p><strong><span style=\"text-decoration: underline;\">Arrang\u00f6rens inst\u00e4llande av l\u00e4ger<\/span><\/strong><\/p>\n<p>Skulle of\u00f6rutsedda h\u00e4ndelser intr\u00e4ffa som g\u00f6r att arrang\u00f6ren icke kan fullf\u00f6lja sina \u00e5ligganden, inst\u00e4lld verksamhet m.m.,\u00a0 \u00e5terbetalas g\u00e4llande dagskostnad. \u00c5terbetalningen g\u00f6rs inom 30dagar .[\/vc_column_text][\/vc_column][\/vc_row][vc_row][vc_column][vc_separator color=&#8221;green&#8221; border_width=&#8221;3&#8243;][\/vc_column][\/vc_row]<\/p>\n<\/div>","protected":false},"excerpt":{"rendered":"<p>[vc_row][vc_column][vc_gallery type=&#8221;flexslider_slide&#8221; interval=&#8221;5&#8243; images=&#8221;588,444,442,441,440,439,455&#8243; img_size=&#8221;1100 x 500&#8243; onclick=&#8221;&#8221;][vc_column_text css=&#8221;&#8221;] Sommarl\u00e4ger p\u00e5 Tolsereds 4H g\u00e5rd [\/vc_column_text][vc_separator color=&#8221;green&#8221; border_width=&#8221;3&#8243;][\/vc_column][\/vc_row][vc_row][vc_column width=&#8221;1\/2&#8243;][vc_column_text css=&#8221;&#8221;] Lantg\u00e5rdsl\u00e4ger med \u00f6vernattning V\u00e5ra lantg\u00e5rdsl\u00e4ger riktar sig till barn och ungdomar fr\u00e5n 9 \u00e5r. Under 6 dagar f\u00e5r l\u00e4gerdeltagarna umg\u00e5s, ta hand om alla djur, hj\u00e4lpa till med matlagning och bakning, testa p\u00e5 att rida och&nbsp; <a href=\"https:\/\/www.4h.se\/tolsered\/sommarlager\/\">&hellip; Read more <i class=\"glyphicon glyphicon-arrow-right\"><\/i><\/a><\/p>\n","protected":false},"author":223,"featured_media":0,"parent":0,"menu_order":0,"comment_status":"closed","ping_status":"closed","template":"","meta":{"_acf_changed":false,"footnotes":""},"class_list":["post-420","page","type-page","status-publish","hentry"],"acf":[],"yoast_head":"<!-- This site is optimized with the Yoast SEO plugin v27.5 - https:\/\/yoast.com\/product\/yoast-seo-wordpress\/ -->\n<title>Sommarl\u00e4ger - Tolsereds 4H-g\u00e5rd<\/title>\n<meta name=\"robots\" content=\"index, follow, max-snippet:-1, max-image-preview:large, max-video-preview:-1\" \/>\n<link rel=\"canonical\" href=\"https:\/\/www.4h.se\/tolsered\/sommarlager\/\" \/>\n<meta property=\"og:locale\" content=\"sv_SE\" \/>\n<meta property=\"og:type\" content=\"article\" \/>\n<meta property=\"og:title\" content=\"Sommarl\u00e4ger - Tolsereds 4H-g\u00e5rd\" \/>\n<meta property=\"og:description\" content=\"[vc_row][vc_column][vc_gallery type=&#8221;flexslider_slide&#8221; interval=&#8221;5&#8243; images=&#8221;588,444,442,441,440,439,455&#8243; img_size=&#8221;1100 x 500&#8243; onclick=&#8221;&#8221;][vc_column_text css=&#8221;&#8221;] Sommarl\u00e4ger p\u00e5 Tolsereds 4H g\u00e5rd [\/vc_column_text][vc_separator color=&#8221;green&#8221; border_width=&#8221;3&#8243;][\/vc_column][\/vc_row][vc_row][vc_column width=&#8221;1\/2&#8243;][vc_column_text css=&#8221;&#8221;] Lantg\u00e5rdsl\u00e4ger med \u00f6vernattning V\u00e5ra lantg\u00e5rdsl\u00e4ger riktar sig till barn och ungdomar fr\u00e5n 9 \u00e5r. Under 6 dagar f\u00e5r l\u00e4gerdeltagarna umg\u00e5s, ta hand om alla djur, hj\u00e4lpa till med matlagning och bakning, testa p\u00e5 att rida och&nbsp; &hellip; Read more\" \/>\n<meta property=\"og:url\" content=\"https:\/\/www.4h.se\/tolsered\/sommarlager\/\" \/>\n<meta property=\"og:site_name\" content=\"Tolsereds 4H-g\u00e5rd\" \/>\n<meta property=\"article:modified_time\" content=\"2025-12-15T09:11:53+00:00\" \/>\n<meta name=\"twitter:card\" content=\"summary_large_image\" \/>\n<meta name=\"twitter:label1\" content=\"Ber\u00e4knad l\u00e4stid\" \/>\n\t<meta name=\"twitter:data1\" content=\"6 minuter\" \/>\n<script type=\"application\/ld+json\" class=\"yoast-schema-graph\">{\"@context\":\"https:\\\/\\\/schema.org\",\"@graph\":[{\"@type\":\"WebPage\",\"@id\":\"https:\\\/\\\/www.4h.se\\\/tolsered\\\/sommarlager\\\/\",\"url\":\"https:\\\/\\\/www.4h.se\\\/tolsered\\\/sommarlager\\\/\",\"name\":\"Sommarl\u00e4ger - Tolsereds 4H-g\u00e5rd\",\"isPartOf\":{\"@id\":\"https:\\\/\\\/www.4h.se\\\/tolsered\\\/#website\"},\"datePublished\":\"2022-02-10T21:53:36+00:00\",\"dateModified\":\"2025-12-15T09:11:53+00:00\",\"breadcrumb\":{\"@id\":\"https:\\\/\\\/www.4h.se\\\/tolsered\\\/sommarlager\\\/#breadcrumb\"},\"inLanguage\":\"sv-SE\",\"potentialAction\":[{\"@type\":\"ReadAction\",\"target\":[\"https:\\\/\\\/www.4h.se\\\/tolsered\\\/sommarlager\\\/\"]}]},{\"@type\":\"BreadcrumbList\",\"@id\":\"https:\\\/\\\/www.4h.se\\\/tolsered\\\/sommarlager\\\/#breadcrumb\",\"itemListElement\":[{\"@type\":\"ListItem\",\"position\":1,\"name\":\"Hem\",\"item\":\"https:\\\/\\\/www.4h.se\\\/tolsered\\\/\"},{\"@type\":\"ListItem\",\"position\":2,\"name\":\"Sommarl\u00e4ger\"}]},{\"@type\":\"WebSite\",\"@id\":\"https:\\\/\\\/www.4h.se\\\/tolsered\\\/#website\",\"url\":\"https:\\\/\\\/www.4h.se\\\/tolsered\\\/\",\"name\":\"Tolsereds 4H-g\u00e5rd\",\"description\":\"\",\"potentialAction\":[{\"@type\":\"SearchAction\",\"target\":{\"@type\":\"EntryPoint\",\"urlTemplate\":\"https:\\\/\\\/www.4h.se\\\/tolsered\\\/?s={search_term_string}\"},\"query-input\":{\"@type\":\"PropertyValueSpecification\",\"valueRequired\":true,\"valueName\":\"search_term_string\"}}],\"inLanguage\":\"sv-SE\"}]}<\/script>\n<!-- \/ Yoast SEO plugin. -->","yoast_head_json":{"title":"Sommarl\u00e4ger - Tolsereds 4H-g\u00e5rd","robots":{"index":"index","follow":"follow","max-snippet":"max-snippet:-1","max-image-preview":"max-image-preview:large","max-video-preview":"max-video-preview:-1"},"canonical":"https:\/\/www.4h.se\/tolsered\/sommarlager\/","og_locale":"sv_SE","og_type":"article","og_title":"Sommarl\u00e4ger - Tolsereds 4H-g\u00e5rd","og_description":"[vc_row][vc_column][vc_gallery type=&#8221;flexslider_slide&#8221; interval=&#8221;5&#8243; images=&#8221;588,444,442,441,440,439,455&#8243; img_size=&#8221;1100 x 500&#8243; onclick=&#8221;&#8221;][vc_column_text css=&#8221;&#8221;] Sommarl\u00e4ger p\u00e5 Tolsereds 4H g\u00e5rd [\/vc_column_text][vc_separator color=&#8221;green&#8221; border_width=&#8221;3&#8243;][\/vc_column][\/vc_row][vc_row][vc_column width=&#8221;1\/2&#8243;][vc_column_text css=&#8221;&#8221;] Lantg\u00e5rdsl\u00e4ger med \u00f6vernattning V\u00e5ra lantg\u00e5rdsl\u00e4ger riktar sig till barn och ungdomar fr\u00e5n 9 \u00e5r. Under 6 dagar f\u00e5r l\u00e4gerdeltagarna umg\u00e5s, ta hand om alla djur, hj\u00e4lpa till med matlagning och bakning, testa p\u00e5 att rida och&nbsp; &hellip; Read more","og_url":"https:\/\/www.4h.se\/tolsered\/sommarlager\/","og_site_name":"Tolsereds 4H-g\u00e5rd","article_modified_time":"2025-12-15T09:11:53+00:00","twitter_card":"summary_large_image","twitter_misc":{"Ber\u00e4knad l\u00e4stid":"6 minuter"},"schema":{"@context":"https:\/\/schema.org","@graph":[{"@type":"WebPage","@id":"https:\/\/www.4h.se\/tolsered\/sommarlager\/","url":"https:\/\/www.4h.se\/tolsered\/sommarlager\/","name":"Sommarl\u00e4ger - Tolsereds 4H-g\u00e5rd","isPartOf":{"@id":"https:\/\/www.4h.se\/tolsered\/#website"},"datePublished":"2022-02-10T21:53:36+00:00","dateModified":"2025-12-15T09:11:53+00:00","breadcrumb":{"@id":"https:\/\/www.4h.se\/tolsered\/sommarlager\/#breadcrumb"},"inLanguage":"sv-SE","potentialAction":[{"@type":"ReadAction","target":["https:\/\/www.4h.se\/tolsered\/sommarlager\/"]}]},{"@type":"BreadcrumbList","@id":"https:\/\/www.4h.se\/tolsered\/sommarlager\/#breadcrumb","itemListElement":[{"@type":"ListItem","position":1,"name":"Hem","item":"https:\/\/www.4h.se\/tolsered\/"},{"@type":"ListItem","position":2,"name":"Sommarl\u00e4ger"}]},{"@type":"WebSite","@id":"https:\/\/www.4h.se\/tolsered\/#website","url":"https:\/\/www.4h.se\/tolsered\/","name":"Tolsereds 4H-g\u00e5rd","description":"","potentialAction":[{"@type":"SearchAction","target":{"@type":"EntryPoint","urlTemplate":"https:\/\/www.4h.se\/tolsered\/?s={search_term_string}"},"query-input":{"@type":"PropertyValueSpecification","valueRequired":true,"valueName":"search_term_string"}}],"inLanguage":"sv-SE"}]}},"_links":{"self":[{"href":"https:\/\/www.4h.se\/tolsered\/wp-json\/wp\/v2\/pages\/420","targetHints":{"allow":["GET"]}}],"collection":[{"href":"https:\/\/www.4h.se\/tolsered\/wp-json\/wp\/v2\/pages"}],"about":[{"href":"https:\/\/www.4h.se\/tolsered\/wp-json\/wp\/v2\/types\/page"}],"author":[{"embeddable":true,"href":"https:\/\/www.4h.se\/tolsered\/wp-json\/wp\/v2\/users\/223"}],"replies":[{"embeddable":true,"href":"https:\/\/www.4h.se\/tolsered\/wp-json\/wp\/v2\/comments?post=420"}],"version-history":[{"count":0,"href":"https:\/\/www.4h.se\/tolsered\/wp-json\/wp\/v2\/pages\/420\/revisions"}],"wp:attachment":[{"href":"https:\/\/www.4h.se\/tolsered\/wp-json\/wp\/v2\/media?parent=420"}],"curies":[{"name":"wp","href":"https:\/\/api.w.org\/{rel}","templated":true}]}}