



{"id":419,"date":"2022-02-10T22:53:21","date_gmt":"2022-02-10T21:53:21","guid":{"rendered":"https:\/\/www.4h.se\/tolsered\/?page_id=419"},"modified":"2025-01-15T19:33:26","modified_gmt":"2025-01-15T18:33:26","slug":"ridverksamhet","status":"publish","type":"page","link":"https:\/\/www.4h.se\/tolsered\/ridverksamhet\/","title":{"rendered":"Ridverksamhet"},"content":{"rendered":"<div class=\"wpb-content-wrapper\"><p>[vc_row][vc_column][vc_column_text]<\/p>\n<h1>Ridverksamhet<\/h1>\n<p>[\/vc_column_text][\/vc_column][\/vc_row][vc_row][vc_column][vc_separator color=&#8221;green&#8221; border_width=&#8221;3&#8243;][\/vc_column][\/vc_row][vc_row][vc_column][vc_column_text css=&#8221;&#8221;]P\u00e5 Tolsereds 4H-g\u00e5rd bedriver vi ridverksamhet f\u00f6r b\u00e5de nyb\u00f6rjare och mer erfarna ryttare. Ridverksamheten \u00e4r aktiv under b\u00e5de v\u00e5r- och h\u00f6sttermin, d\u00e4r varje termin best\u00e5r av 14 tillf\u00e4llen med uppeh\u00e5ll vid lov. P\u00e5 Tolsered l\u00e4gger vi stor vikt vid att v\u00e5ra elever f\u00e5r l\u00e4rdom om allt som r\u00f6r h\u00e4sten. D\u00e4rf\u00f6r best\u00e5r terminen av 10 ridlektioner d\u00e4r eleven f\u00e5r chans att utveckla sin ridning, samt 4 teorilektioner d\u00e4r eleven f\u00e5r l\u00e4ra sig om h\u00e4stsk\u00f6tsel och h\u00e4sthantering fr\u00e5n marken.<\/p>\n<h4>Krav och rekommendationer<\/h4>\n<ul>\n<li>Alla ridelever m\u00e5ste vara medlemmar i Tolsereds 4H.<\/li>\n<li>I nyb\u00f6rjargrupperna har vi krav p\u00e5 att barnet har en ledare, exempelvis en f\u00f6r\u00e4lder. Det \u00e4r upp till ridl\u00e4raren att best\u00e4mma n\u00e4r barnet \u00e4r redo att klara sig utan ledare.<\/li>\n<li>Alla under 18 \u00e5r m\u00e5ste anv\u00e4nda hj\u00e4lm vid all hantering av h\u00e4sten. Hj\u00e4lm finns att l\u00e5na p\u00e5 g\u00e5rden.<\/li>\n<li>F\u00f6r din egen s\u00e4kerhet beh\u00f6ver du ha bra skor vid vistelse p\u00e5 g\u00e5rden och skor med klack vid ridning.<\/li>\n<li>Vi rekommenderar \u00e4ven att ha s\u00e4kerhetsv\u00e4st under ridning. N\u00e5gra s\u00e4kerhetsv\u00e4star finns att l\u00e5na.<\/li>\n<\/ul>\n<p><em>Vill man ha tips p\u00e5 utrustning kan man fr\u00e5ga sin ridl\u00e4rare.<\/em><\/p>\n<h3>Anm\u00e4lan<\/h3>\n<h4><span style=\"text-decoration: underline;\">Elev som redan har en plats i v\u00e5r ridverksamhet:\u00a0<\/span><\/h4>\n<p>Har du en bekr\u00e4ftad plats i n\u00e5gon av v\u00e5ra grupper och vill forts\u00e4tta n\u00e4stkommande termin? D\u00e5 m\u00e5ste du anm\u00e4la dig innan varje terminsstart via v\u00e5r medlemsportal Antribe!<\/p>\n<p><a href=\"https:\/\/www.antribe.com\/org\/4h\/tolsereds-4h\/event\" target=\"_blank\" rel=\"noopener\">Klicka h\u00e4r f\u00f6r att anm\u00e4la dig!<\/a><\/p>\n<h3>Vill du st\u00e4lla dig i k\u00f6 till v\u00e5r ridverksamhet?<\/h3>\n<p>Genom att fylla i formul\u00e4ret i nedanst\u00e5ende l\u00e4nk st\u00e4ller du sig i k\u00f6 till v\u00e5r ridverksamhet. Vi kommer att kontakta dig om en plats \u00f6ppnas upp i en passande grupp.<\/p>\n<p>L\u00e4nk till k\u00f6lista:\u00a0<a href=\"https:\/\/forms.office.com\/e\/kXeJw0uVFV\">https:\/\/forms.office.com\/e\/kXeJw0uVFV<\/a><\/p>\n<h3>Medlemskap<\/h3>\n<p>Alla elever i ridverksamheten m\u00e5ste vara medlemmar i Tolsereds 4H. Medlemskapet registreras i v\u00e5r medlemsportal och medlemsavgiften betalas en g\u00e5ng om \u00e5ret. N\u00e4r du \u00e4r registrerad som medlem kommer en faktura automatiskt skickas till den mejl som har registrerats f\u00f6r kontot.<\/p>\n<p><a href=\"https:\/\/www.antribe.com\/org\/4h\/tolsereds-4h\/bli-medlem\" target=\"_blank\" rel=\"noopener\">Klicka h\u00e4r f\u00f6r att bli medlem!<\/a><\/p>\n<p>Om du var medlem\u00a0f\u00f6reg\u00e5ende \u00e5r och avser att vara det under\u00a0n\u00e4stkommande \u00e5r ocks\u00e5, s\u00e5 kommer det att komma ett automatiskt f\u00f6rnyelseutskick till den mailadress som du registrerade ditt medlemskap med under f\u00f6reg\u00e5ende \u00e5r.<\/p>\n<p><strong>Pris f\u00f6r medlemskap<\/strong><\/p>\n<p>Upp till 25 \u00e5r &#8211; 300 kr\/\u00e5r<\/p>\n<p>\u00d6ver 25 \u00e5r &#8211; 400kr\/\u00e5r[\/vc_column_text][\/vc_column][vc_column css=&#8221;.vc_custom_1668182162630{background-color: #008b44 !important;}&#8221;][vc_column_text css=&#8221;.vc_custom_1668182504715{border-radius: 2px !important;}&#8221;]<\/p>\n<h1 style=\"text-align: center\"><span style=\"color: #ffffff\">Ridgrupper<\/span><\/h1>\n<p>&nbsp;[\/vc_column_text][\/vc_column][\/vc_row][vc_row css=&#8221;.vc_custom_1668182249386{background-color: #82c381 !important;}&#8221;][vc_column width=&#8221;1\/3&#8243; css=&#8221;.vc_custom_1668182219663{background-color: #82c381 !important;}&#8221;][vc_column_text]<\/p>\n<h4><strong>M\u00e5ndag<\/strong><\/h4>\n<p>Grupp 1: 17.30-18.30<\/p>\n<p>Grupp 2: 18.30-19.30<\/p>\n<p>&nbsp;[\/vc_column_text][\/vc_column][vc_column width=&#8221;1\/3&#8243; css=&#8221;.vc_custom_1668182316542{background-color: #82c381 !important;}&#8221;][vc_column_text]<\/p>\n<h4><strong>Tisdag<\/strong><\/h4>\n<p>Grupp 1: 16.30-17.30<\/p>\n<p>Grupp 2: 17.30-18.30<\/p>\n<p>Grupp 3: 18.30-19.30[\/vc_column_text][\/vc_column][vc_column width=&#8221;1\/3&#8243; css=&#8221;.vc_custom_1668182331812{background-color: #82c381 !important;}&#8221;][vc_column_text]<\/p>\n<h4><strong>Torsdag<\/strong><\/h4>\n<p>Grupp 1: 17.30-18.30 (Vuxengrupp)<\/p>\n<p>Grupp 2: 18.30-19.30 (Hopp- och dressyrspecial)<\/p>\n<p>&nbsp;[\/vc_column_text][\/vc_column][\/vc_row][vc_row][vc_column width=&#8221;1\/3&#8243; css=&#8221;.vc_custom_1668182352613{background-color: #82c381 !important;}&#8221;][vc_column_text]<\/p>\n<h4><strong>L\u00f6rdag<\/strong><\/h4>\n<p>Grupp 1: 10.30-11.30<\/p>\n<p>Grupp 2: 11.30-12.30<\/p>\n<p>Grupp 3: 13.30-14.15<\/p>\n<p>Grupp 4: 14.15-15.00[\/vc_column_text][\/vc_column][vc_column width=&#8221;1\/3&#8243; css=&#8221;.vc_custom_1668182375434{background-color: #82c381 !important;}&#8221;][vc_column_text css=&#8221;&#8221;]<\/p>\n<h4><strong>S\u00f6ndag<\/strong><\/h4>\n<p>Grupp 1: 10.30-11.30<\/p>\n<p>Grupp 2: 11.30-12.30<\/p>\n<p>Grupp 3: 12.30-13.30<\/p>\n<p>&nbsp;[\/vc_column_text][\/vc_column][vc_column width=&#8221;1\/3&#8243; css=&#8221;.vc_custom_1668182390126{background-color: #82c381 !important;}&#8221;][vc_column_text]<\/p>\n<h4 style=\"text-align: center\"><span style=\"color: #000000\"><strong>Priser<\/strong><\/span><\/h4>\n<h4 style=\"text-align: center\"><span style=\"color: #000000\"><strong>Lektioner 1 h: 4000 kr\/termin<\/strong><\/span><\/h4>\n<h4 style=\"text-align: center\"><span style=\"color: #000000\"><strong>Lektioner 45 min: 3700 kr\/termin<\/strong><\/span><\/h4>\n<p>&nbsp;<\/p>\n<p>&nbsp;[\/vc_column_text][\/vc_column][\/vc_row][vc_row][vc_column width=&#8221;1\/3&#8243;][vc_single_image image=&#8221;498&#8243; img_size=&#8221;full&#8221;][\/vc_column][vc_column width=&#8221;1\/3&#8243;][vc_single_image image=&#8221;452&#8243; img_size=&#8221;full&#8221;][\/vc_column][vc_column width=&#8221;1\/3&#8243;][vc_single_image image=&#8221;590&#8243; img_size=&#8221;full&#8221; css=&#8221;&#8221;][\/vc_column][\/vc_row][vc_row][vc_column][\/vc_column][\/vc_row]<\/p>\n<\/div>","protected":false},"excerpt":{"rendered":"<p>[vc_row][vc_column][vc_column_text] Ridverksamhet [\/vc_column_text][\/vc_column][\/vc_row][vc_row][vc_column][vc_separator color=&#8221;green&#8221; border_width=&#8221;3&#8243;][\/vc_column][\/vc_row][vc_row][vc_column][vc_column_text css=&#8221;&#8221;]P\u00e5 Tolsereds 4H-g\u00e5rd bedriver vi ridverksamhet f\u00f6r b\u00e5de nyb\u00f6rjare och mer erfarna ryttare. Ridverksamheten \u00e4r aktiv under b\u00e5de v\u00e5r- och h\u00f6sttermin, d\u00e4r varje termin best\u00e5r av 14 tillf\u00e4llen med uppeh\u00e5ll vid lov. P\u00e5 Tolsered l\u00e4gger vi stor vikt vid att v\u00e5ra elever f\u00e5r l\u00e4rdom om allt som r\u00f6r h\u00e4sten. D\u00e4rf\u00f6r&nbsp; <a href=\"https:\/\/www.4h.se\/tolsered\/ridverksamhet\/\">&hellip; Read more <i class=\"glyphicon glyphicon-arrow-right\"><\/i><\/a><\/p>\n","protected":false},"author":223,"featured_media":0,"parent":0,"menu_order":0,"comment_status":"closed","ping_status":"closed","template":"","meta":{"_acf_changed":false,"footnotes":""},"class_list":["post-419","page","type-page","status-publish","hentry"],"acf":[],"yoast_head":"<!-- This site is optimized with the Yoast SEO plugin v27.5 - https:\/\/yoast.com\/product\/yoast-seo-wordpress\/ -->\n<title>Ridverksamhet - Tolsereds 4H-g\u00e5rd<\/title>\n<meta name=\"robots\" content=\"index, follow, max-snippet:-1, max-image-preview:large, max-video-preview:-1\" \/>\n<link rel=\"canonical\" href=\"https:\/\/www.4h.se\/tolsered\/ridverksamhet\/\" \/>\n<meta property=\"og:locale\" content=\"sv_SE\" \/>\n<meta property=\"og:type\" content=\"article\" \/>\n<meta property=\"og:title\" content=\"Ridverksamhet - Tolsereds 4H-g\u00e5rd\" \/>\n<meta property=\"og:description\" content=\"[vc_row][vc_column][vc_column_text] Ridverksamhet [\/vc_column_text][\/vc_column][\/vc_row][vc_row][vc_column][vc_separator color=&#8221;green&#8221; border_width=&#8221;3&#8243;][\/vc_column][\/vc_row][vc_row][vc_column][vc_column_text css=&#8221;&#8221;]P\u00e5 Tolsereds 4H-g\u00e5rd bedriver vi ridverksamhet f\u00f6r b\u00e5de nyb\u00f6rjare och mer erfarna ryttare. Ridverksamheten \u00e4r aktiv under b\u00e5de v\u00e5r- och h\u00f6sttermin, d\u00e4r varje termin best\u00e5r av 14 tillf\u00e4llen med uppeh\u00e5ll vid lov. P\u00e5 Tolsered l\u00e4gger vi stor vikt vid att v\u00e5ra elever f\u00e5r l\u00e4rdom om allt som r\u00f6r h\u00e4sten. D\u00e4rf\u00f6r&nbsp; &hellip; Read more\" \/>\n<meta property=\"og:url\" content=\"https:\/\/www.4h.se\/tolsered\/ridverksamhet\/\" \/>\n<meta property=\"og:site_name\" content=\"Tolsereds 4H-g\u00e5rd\" \/>\n<meta property=\"article:modified_time\" content=\"2025-01-15T18:33:26+00:00\" \/>\n<meta name=\"twitter:card\" content=\"summary_large_image\" \/>\n<meta name=\"twitter:label1\" content=\"Ber\u00e4knad l\u00e4stid\" \/>\n\t<meta name=\"twitter:data1\" content=\"4 minuter\" \/>\n<script type=\"application\/ld+json\" class=\"yoast-schema-graph\">{\"@context\":\"https:\\\/\\\/schema.org\",\"@graph\":[{\"@type\":\"WebPage\",\"@id\":\"https:\\\/\\\/www.4h.se\\\/tolsered\\\/ridverksamhet\\\/\",\"url\":\"https:\\\/\\\/www.4h.se\\\/tolsered\\\/ridverksamhet\\\/\",\"name\":\"Ridverksamhet - Tolsereds 4H-g\u00e5rd\",\"isPartOf\":{\"@id\":\"https:\\\/\\\/www.4h.se\\\/tolsered\\\/#website\"},\"datePublished\":\"2022-02-10T21:53:21+00:00\",\"dateModified\":\"2025-01-15T18:33:26+00:00\",\"breadcrumb\":{\"@id\":\"https:\\\/\\\/www.4h.se\\\/tolsered\\\/ridverksamhet\\\/#breadcrumb\"},\"inLanguage\":\"sv-SE\",\"potentialAction\":[{\"@type\":\"ReadAction\",\"target\":[\"https:\\\/\\\/www.4h.se\\\/tolsered\\\/ridverksamhet\\\/\"]}]},{\"@type\":\"BreadcrumbList\",\"@id\":\"https:\\\/\\\/www.4h.se\\\/tolsered\\\/ridverksamhet\\\/#breadcrumb\",\"itemListElement\":[{\"@type\":\"ListItem\",\"position\":1,\"name\":\"Hem\",\"item\":\"https:\\\/\\\/www.4h.se\\\/tolsered\\\/\"},{\"@type\":\"ListItem\",\"position\":2,\"name\":\"Ridverksamhet\"}]},{\"@type\":\"WebSite\",\"@id\":\"https:\\\/\\\/www.4h.se\\\/tolsered\\\/#website\",\"url\":\"https:\\\/\\\/www.4h.se\\\/tolsered\\\/\",\"name\":\"Tolsereds 4H-g\u00e5rd\",\"description\":\"\",\"potentialAction\":[{\"@type\":\"SearchAction\",\"target\":{\"@type\":\"EntryPoint\",\"urlTemplate\":\"https:\\\/\\\/www.4h.se\\\/tolsered\\\/?s={search_term_string}\"},\"query-input\":{\"@type\":\"PropertyValueSpecification\",\"valueRequired\":true,\"valueName\":\"search_term_string\"}}],\"inLanguage\":\"sv-SE\"}]}<\/script>\n<!-- \/ Yoast SEO plugin. -->","yoast_head_json":{"title":"Ridverksamhet - Tolsereds 4H-g\u00e5rd","robots":{"index":"index","follow":"follow","max-snippet":"max-snippet:-1","max-image-preview":"max-image-preview:large","max-video-preview":"max-video-preview:-1"},"canonical":"https:\/\/www.4h.se\/tolsered\/ridverksamhet\/","og_locale":"sv_SE","og_type":"article","og_title":"Ridverksamhet - Tolsereds 4H-g\u00e5rd","og_description":"[vc_row][vc_column][vc_column_text] Ridverksamhet [\/vc_column_text][\/vc_column][\/vc_row][vc_row][vc_column][vc_separator color=&#8221;green&#8221; border_width=&#8221;3&#8243;][\/vc_column][\/vc_row][vc_row][vc_column][vc_column_text css=&#8221;&#8221;]P\u00e5 Tolsereds 4H-g\u00e5rd bedriver vi ridverksamhet f\u00f6r b\u00e5de nyb\u00f6rjare och mer erfarna ryttare. Ridverksamheten \u00e4r aktiv under b\u00e5de v\u00e5r- och h\u00f6sttermin, d\u00e4r varje termin best\u00e5r av 14 tillf\u00e4llen med uppeh\u00e5ll vid lov. P\u00e5 Tolsered l\u00e4gger vi stor vikt vid att v\u00e5ra elever f\u00e5r l\u00e4rdom om allt som r\u00f6r h\u00e4sten. D\u00e4rf\u00f6r&nbsp; &hellip; Read more","og_url":"https:\/\/www.4h.se\/tolsered\/ridverksamhet\/","og_site_name":"Tolsereds 4H-g\u00e5rd","article_modified_time":"2025-01-15T18:33:26+00:00","twitter_card":"summary_large_image","twitter_misc":{"Ber\u00e4knad l\u00e4stid":"4 minuter"},"schema":{"@context":"https:\/\/schema.org","@graph":[{"@type":"WebPage","@id":"https:\/\/www.4h.se\/tolsered\/ridverksamhet\/","url":"https:\/\/www.4h.se\/tolsered\/ridverksamhet\/","name":"Ridverksamhet - Tolsereds 4H-g\u00e5rd","isPartOf":{"@id":"https:\/\/www.4h.se\/tolsered\/#website"},"datePublished":"2022-02-10T21:53:21+00:00","dateModified":"2025-01-15T18:33:26+00:00","breadcrumb":{"@id":"https:\/\/www.4h.se\/tolsered\/ridverksamhet\/#breadcrumb"},"inLanguage":"sv-SE","potentialAction":[{"@type":"ReadAction","target":["https:\/\/www.4h.se\/tolsered\/ridverksamhet\/"]}]},{"@type":"BreadcrumbList","@id":"https:\/\/www.4h.se\/tolsered\/ridverksamhet\/#breadcrumb","itemListElement":[{"@type":"ListItem","position":1,"name":"Hem","item":"https:\/\/www.4h.se\/tolsered\/"},{"@type":"ListItem","position":2,"name":"Ridverksamhet"}]},{"@type":"WebSite","@id":"https:\/\/www.4h.se\/tolsered\/#website","url":"https:\/\/www.4h.se\/tolsered\/","name":"Tolsereds 4H-g\u00e5rd","description":"","potentialAction":[{"@type":"SearchAction","target":{"@type":"EntryPoint","urlTemplate":"https:\/\/www.4h.se\/tolsered\/?s={search_term_string}"},"query-input":{"@type":"PropertyValueSpecification","valueRequired":true,"valueName":"search_term_string"}}],"inLanguage":"sv-SE"}]}},"_links":{"self":[{"href":"https:\/\/www.4h.se\/tolsered\/wp-json\/wp\/v2\/pages\/419","targetHints":{"allow":["GET"]}}],"collection":[{"href":"https:\/\/www.4h.se\/tolsered\/wp-json\/wp\/v2\/pages"}],"about":[{"href":"https:\/\/www.4h.se\/tolsered\/wp-json\/wp\/v2\/types\/page"}],"author":[{"embeddable":true,"href":"https:\/\/www.4h.se\/tolsered\/wp-json\/wp\/v2\/users\/223"}],"replies":[{"embeddable":true,"href":"https:\/\/www.4h.se\/tolsered\/wp-json\/wp\/v2\/comments?post=419"}],"version-history":[{"count":0,"href":"https:\/\/www.4h.se\/tolsered\/wp-json\/wp\/v2\/pages\/419\/revisions"}],"wp:attachment":[{"href":"https:\/\/www.4h.se\/tolsered\/wp-json\/wp\/v2\/media?parent=419"}],"curies":[{"name":"wp","href":"https:\/\/api.w.org\/{rel}","templated":true}]}}