



{"id":417,"date":"2022-02-10T22:50:18","date_gmt":"2022-02-10T21:50:18","guid":{"rendered":"https:\/\/www.4h.se\/tolsered\/?page_id=417"},"modified":"2025-09-25T11:49:13","modified_gmt":"2025-09-25T09:49:13","slug":"hons-2","status":"publish","type":"page","link":"https:\/\/www.4h.se\/tolsered\/hons-2\/","title":{"rendered":"H\u00f6ns"},"content":{"rendered":"<div class=\"wpb-content-wrapper\"><p>[vc_row][vc_column][vc_column_text]<\/p>\n<h1>H\u00f6ns<\/h1>\n<p>[\/vc_column_text][\/vc_column][\/vc_row][vc_row][vc_column][vc_separator color=&#8221;green&#8221; border_width=&#8221;3&#8243;][\/vc_column][\/vc_row][vc_row][vc_column][vc_column_text css=&#8221;&#8221;]<\/p>\n<p data-start=\"103\" data-end=\"240\">P\u00e5 Tolsereds 4H-g\u00e5rd bor det ocks\u00e5 <strong data-start=\"138\" data-end=\"146\">h\u00f6ns<\/strong> \u2013 v\u00e5ra spr\u00e4ttiga, kacklande och charmiga fj\u00e4derf\u00e4n! H\u00e4r finns tv\u00e5 olika raser att uppt\u00e4cka:<\/p>\n<p data-start=\"242\" data-end=\"565\">\ud83d\udc14 <strong data-start=\"245\" data-end=\"260\">Ukkelseh\u00f6ns<\/strong> \u2013 sm\u00e5 och spr\u00e4ckliga med roliga fj\u00e4drar p\u00e5 f\u00f6tterna, n\u00e4stan som om de har p\u00e5 sig sm\u00e5 tofflor. De \u00e4r pigga och nyfikna.<br data-start=\"379\" data-end=\"382\">\ud83d\udc14 <strong data-start=\"385\" data-end=\"409\">Vita produktionsh\u00f6ns<\/strong> \u2013 lite st\u00f6rre h\u00f6nor med vit fj\u00e4derdr\u00e4kt. De trivs allra b\u00e4st n\u00e4r de f\u00e5r g\u00e5 fritt p\u00e5 g\u00e5rden under dagen och spr\u00e4tta i gruset eller picka efter n\u00e5got gott.<\/p>\n<p data-start=\"567\" data-end=\"688\">Hos oss f\u00e5r h\u00f6nsen \u00e4ta, krafsa och leva ett riktigt h\u00f6nsliv. Om du har tur kan du kanske hitta ett nyv\u00e4rpt \u00e4gg i redet!<\/p>\n<p data-start=\"690\" data-end=\"923\">N\u00e4r du tr\u00e4ffar v\u00e5ra h\u00f6ns \u00e4r det viktigt att komma ih\u00e5g att vara lugn och sn\u00e4ll mot dem. De gillar inte att bli jagade, men st\u00e5r du stilla och tittar kan du se hur de r\u00f6r sig, pratar med varandra och g\u00f6r sina roliga sm\u00e5 h\u00f6nssysslor.<\/p>\n<p data-start=\"925\" data-end=\"1060\">Att h\u00e4lsa p\u00e5 h\u00f6nsen \u00e4r b\u00e5de l\u00e4rorikt och roligt \u2013 du f\u00e5r l\u00e4ra dig mer om deras liv och varf\u00f6r h\u00f6nsen \u00e4r s\u00e5 viktiga f\u00f6r oss m\u00e4nniskor.<\/p>\n<p data-start=\"925\" data-end=\"1060\">\n<h3 data-start=\"779\" data-end=\"809\">\ud83d\udc14 Visste du att\u2026<\/h3>\n<ul data-start=\"810\" data-end=\"1044\">\n<li data-start=\"810\" data-end=\"894\">\n<p data-start=\"812\" data-end=\"894\">H\u00f6ns kan faktiskt k\u00e4nna igen <strong data-start=\"841\" data-end=\"853\">ansikten<\/strong> \u2013 b\u00e5de p\u00e5 m\u00e4nniskor och p\u00e5 andra h\u00f6ns.<\/p>\n<\/li>\n<li data-start=\"895\" data-end=\"983\">\n<p data-start=\"897\" data-end=\"983\">De pratar med varandra genom olika ljud, och en h\u00f6na kan ha \u00f6ver <strong data-start=\"962\" data-end=\"980\">30 olika l\u00e4ten<\/strong>.<\/p>\n<\/li>\n<li data-start=\"984\" data-end=\"1044\">\n<p data-start=\"986\" data-end=\"1044\">Ett h\u00f6ns\u00e4gg tar ungef\u00e4r <strong data-start=\"1010\" data-end=\"1022\">21 dagar<\/strong> p\u00e5 sig att kl\u00e4ckas.<\/p>\n<\/li>\n<\/ul>\n<p>[\/vc_column_text][vc_single_image image=&#8221;620&#8243; img_size=&#8221;full&#8221; css=&#8221;&#8221;][vc_single_image image=&#8221;518&#8243; img_size=&#8221;full&#8221;][\/vc_column][\/vc_row][vc_row][vc_column][\/vc_column][\/vc_row]<\/p>\n<\/div>","protected":false},"excerpt":{"rendered":"<p>[vc_row][vc_column][vc_column_text] H\u00f6ns [\/vc_column_text][\/vc_column][\/vc_row][vc_row][vc_column][vc_separator color=&#8221;green&#8221; border_width=&#8221;3&#8243;][\/vc_column][\/vc_row][vc_row][vc_column][vc_column_text css=&#8221;&#8221;] P\u00e5 Tolsereds 4H-g\u00e5rd bor det ocks\u00e5 h\u00f6ns \u2013 v\u00e5ra spr\u00e4ttiga, kacklande och charmiga fj\u00e4derf\u00e4n! H\u00e4r finns tv\u00e5 olika raser att uppt\u00e4cka: \ud83d\udc14 Ukkelseh\u00f6ns \u2013 sm\u00e5 och spr\u00e4ckliga med roliga fj\u00e4drar p\u00e5 f\u00f6tterna, n\u00e4stan som om de har p\u00e5 sig sm\u00e5 tofflor. De \u00e4r pigga och nyfikna.\ud83d\udc14 Vita produktionsh\u00f6ns \u2013&nbsp; <a href=\"https:\/\/www.4h.se\/tolsered\/hons-2\/\">&hellip; Read more <i class=\"glyphicon glyphicon-arrow-right\"><\/i><\/a><\/p>\n","protected":false},"author":223,"featured_media":0,"parent":0,"menu_order":0,"comment_status":"closed","ping_status":"closed","template":"","meta":{"_acf_changed":false,"footnotes":""},"class_list":["post-417","page","type-page","status-publish","hentry"],"acf":[],"yoast_head":"<!-- This site is optimized with the Yoast SEO plugin v27.5 - https:\/\/yoast.com\/product\/yoast-seo-wordpress\/ -->\n<title>H\u00f6ns - Tolsereds 4H-g\u00e5rd<\/title>\n<meta name=\"robots\" content=\"index, follow, max-snippet:-1, max-image-preview:large, max-video-preview:-1\" \/>\n<link rel=\"canonical\" href=\"https:\/\/www.4h.se\/tolsered\/hons-2\/\" \/>\n<meta property=\"og:locale\" content=\"sv_SE\" \/>\n<meta property=\"og:type\" content=\"article\" \/>\n<meta property=\"og:title\" content=\"H\u00f6ns - Tolsereds 4H-g\u00e5rd\" \/>\n<meta property=\"og:description\" content=\"[vc_row][vc_column][vc_column_text] H\u00f6ns [\/vc_column_text][\/vc_column][\/vc_row][vc_row][vc_column][vc_separator color=&#8221;green&#8221; border_width=&#8221;3&#8243;][\/vc_column][\/vc_row][vc_row][vc_column][vc_column_text css=&#8221;&#8221;] P\u00e5 Tolsereds 4H-g\u00e5rd bor det ocks\u00e5 h\u00f6ns \u2013 v\u00e5ra spr\u00e4ttiga, kacklande och charmiga fj\u00e4derf\u00e4n! H\u00e4r finns tv\u00e5 olika raser att uppt\u00e4cka: \ud83d\udc14 Ukkelseh\u00f6ns \u2013 sm\u00e5 och spr\u00e4ckliga med roliga fj\u00e4drar p\u00e5 f\u00f6tterna, n\u00e4stan som om de har p\u00e5 sig sm\u00e5 tofflor. De \u00e4r pigga och nyfikna.\ud83d\udc14 Vita produktionsh\u00f6ns \u2013&nbsp; &hellip; Read more\" \/>\n<meta property=\"og:url\" content=\"https:\/\/www.4h.se\/tolsered\/hons-2\/\" \/>\n<meta property=\"og:site_name\" content=\"Tolsereds 4H-g\u00e5rd\" \/>\n<meta property=\"article:modified_time\" content=\"2025-09-25T09:49:13+00:00\" \/>\n<meta name=\"twitter:card\" content=\"summary_large_image\" \/>\n<meta name=\"twitter:label1\" content=\"Ber\u00e4knad l\u00e4stid\" \/>\n\t<meta name=\"twitter:data1\" content=\"2 minuter\" \/>\n<script type=\"application\/ld+json\" class=\"yoast-schema-graph\">{\"@context\":\"https:\\\/\\\/schema.org\",\"@graph\":[{\"@type\":\"WebPage\",\"@id\":\"https:\\\/\\\/www.4h.se\\\/tolsered\\\/hons-2\\\/\",\"url\":\"https:\\\/\\\/www.4h.se\\\/tolsered\\\/hons-2\\\/\",\"name\":\"H\u00f6ns - Tolsereds 4H-g\u00e5rd\",\"isPartOf\":{\"@id\":\"https:\\\/\\\/www.4h.se\\\/tolsered\\\/#website\"},\"datePublished\":\"2022-02-10T21:50:18+00:00\",\"dateModified\":\"2025-09-25T09:49:13+00:00\",\"breadcrumb\":{\"@id\":\"https:\\\/\\\/www.4h.se\\\/tolsered\\\/hons-2\\\/#breadcrumb\"},\"inLanguage\":\"sv-SE\",\"potentialAction\":[{\"@type\":\"ReadAction\",\"target\":[\"https:\\\/\\\/www.4h.se\\\/tolsered\\\/hons-2\\\/\"]}]},{\"@type\":\"BreadcrumbList\",\"@id\":\"https:\\\/\\\/www.4h.se\\\/tolsered\\\/hons-2\\\/#breadcrumb\",\"itemListElement\":[{\"@type\":\"ListItem\",\"position\":1,\"name\":\"Hem\",\"item\":\"https:\\\/\\\/www.4h.se\\\/tolsered\\\/\"},{\"@type\":\"ListItem\",\"position\":2,\"name\":\"H\u00f6ns\"}]},{\"@type\":\"WebSite\",\"@id\":\"https:\\\/\\\/www.4h.se\\\/tolsered\\\/#website\",\"url\":\"https:\\\/\\\/www.4h.se\\\/tolsered\\\/\",\"name\":\"Tolsereds 4H-g\u00e5rd\",\"description\":\"\",\"potentialAction\":[{\"@type\":\"SearchAction\",\"target\":{\"@type\":\"EntryPoint\",\"urlTemplate\":\"https:\\\/\\\/www.4h.se\\\/tolsered\\\/?s={search_term_string}\"},\"query-input\":{\"@type\":\"PropertyValueSpecification\",\"valueRequired\":true,\"valueName\":\"search_term_string\"}}],\"inLanguage\":\"sv-SE\"}]}<\/script>\n<!-- \/ Yoast SEO plugin. -->","yoast_head_json":{"title":"H\u00f6ns - Tolsereds 4H-g\u00e5rd","robots":{"index":"index","follow":"follow","max-snippet":"max-snippet:-1","max-image-preview":"max-image-preview:large","max-video-preview":"max-video-preview:-1"},"canonical":"https:\/\/www.4h.se\/tolsered\/hons-2\/","og_locale":"sv_SE","og_type":"article","og_title":"H\u00f6ns - Tolsereds 4H-g\u00e5rd","og_description":"[vc_row][vc_column][vc_column_text] H\u00f6ns [\/vc_column_text][\/vc_column][\/vc_row][vc_row][vc_column][vc_separator color=&#8221;green&#8221; border_width=&#8221;3&#8243;][\/vc_column][\/vc_row][vc_row][vc_column][vc_column_text css=&#8221;&#8221;] P\u00e5 Tolsereds 4H-g\u00e5rd bor det ocks\u00e5 h\u00f6ns \u2013 v\u00e5ra spr\u00e4ttiga, kacklande och charmiga fj\u00e4derf\u00e4n! H\u00e4r finns tv\u00e5 olika raser att uppt\u00e4cka: \ud83d\udc14 Ukkelseh\u00f6ns \u2013 sm\u00e5 och spr\u00e4ckliga med roliga fj\u00e4drar p\u00e5 f\u00f6tterna, n\u00e4stan som om de har p\u00e5 sig sm\u00e5 tofflor. De \u00e4r pigga och nyfikna.\ud83d\udc14 Vita produktionsh\u00f6ns \u2013&nbsp; &hellip; Read more","og_url":"https:\/\/www.4h.se\/tolsered\/hons-2\/","og_site_name":"Tolsereds 4H-g\u00e5rd","article_modified_time":"2025-09-25T09:49:13+00:00","twitter_card":"summary_large_image","twitter_misc":{"Ber\u00e4knad l\u00e4stid":"2 minuter"},"schema":{"@context":"https:\/\/schema.org","@graph":[{"@type":"WebPage","@id":"https:\/\/www.4h.se\/tolsered\/hons-2\/","url":"https:\/\/www.4h.se\/tolsered\/hons-2\/","name":"H\u00f6ns - Tolsereds 4H-g\u00e5rd","isPartOf":{"@id":"https:\/\/www.4h.se\/tolsered\/#website"},"datePublished":"2022-02-10T21:50:18+00:00","dateModified":"2025-09-25T09:49:13+00:00","breadcrumb":{"@id":"https:\/\/www.4h.se\/tolsered\/hons-2\/#breadcrumb"},"inLanguage":"sv-SE","potentialAction":[{"@type":"ReadAction","target":["https:\/\/www.4h.se\/tolsered\/hons-2\/"]}]},{"@type":"BreadcrumbList","@id":"https:\/\/www.4h.se\/tolsered\/hons-2\/#breadcrumb","itemListElement":[{"@type":"ListItem","position":1,"name":"Hem","item":"https:\/\/www.4h.se\/tolsered\/"},{"@type":"ListItem","position":2,"name":"H\u00f6ns"}]},{"@type":"WebSite","@id":"https:\/\/www.4h.se\/tolsered\/#website","url":"https:\/\/www.4h.se\/tolsered\/","name":"Tolsereds 4H-g\u00e5rd","description":"","potentialAction":[{"@type":"SearchAction","target":{"@type":"EntryPoint","urlTemplate":"https:\/\/www.4h.se\/tolsered\/?s={search_term_string}"},"query-input":{"@type":"PropertyValueSpecification","valueRequired":true,"valueName":"search_term_string"}}],"inLanguage":"sv-SE"}]}},"_links":{"self":[{"href":"https:\/\/www.4h.se\/tolsered\/wp-json\/wp\/v2\/pages\/417","targetHints":{"allow":["GET"]}}],"collection":[{"href":"https:\/\/www.4h.se\/tolsered\/wp-json\/wp\/v2\/pages"}],"about":[{"href":"https:\/\/www.4h.se\/tolsered\/wp-json\/wp\/v2\/types\/page"}],"author":[{"embeddable":true,"href":"https:\/\/www.4h.se\/tolsered\/wp-json\/wp\/v2\/users\/223"}],"replies":[{"embeddable":true,"href":"https:\/\/www.4h.se\/tolsered\/wp-json\/wp\/v2\/comments?post=417"}],"version-history":[{"count":0,"href":"https:\/\/www.4h.se\/tolsered\/wp-json\/wp\/v2\/pages\/417\/revisions"}],"wp:attachment":[{"href":"https:\/\/www.4h.se\/tolsered\/wp-json\/wp\/v2\/media?parent=417"}],"curies":[{"name":"wp","href":"https:\/\/api.w.org\/{rel}","templated":true}]}}