



{"id":410,"date":"2022-02-10T22:48:37","date_gmt":"2022-02-10T21:48:37","guid":{"rendered":"https:\/\/www.4h.se\/tolsered\/?page_id=410"},"modified":"2025-09-25T11:48:07","modified_gmt":"2025-09-25T09:48:07","slug":"kaniner","status":"publish","type":"page","link":"https:\/\/www.4h.se\/tolsered\/kaniner\/","title":{"rendered":"Kaniner"},"content":{"rendered":"<div class=\"wpb-content-wrapper\"><p>[vc_row][vc_column][vc_column_text]<\/p>\n<h1>Kaniner<\/h1>\n<p>[\/vc_column_text][\/vc_column][\/vc_row][vc_row][vc_column][vc_separator color=&#8221;green&#8221; border_width=&#8221;3&#8243;][\/vc_column][\/vc_row][vc_row][vc_column][vc_column_text css=&#8221;&#8221;]<\/p>\n<p data-start=\"75\" data-end=\"239\">P\u00e5 Tolsereds 4H-g\u00e5rd finns det ocks\u00e5 flera <strong data-start=\"118\" data-end=\"129\">kaniner<\/strong> \u2013 mjuka, nyfikna och mysiga djur som m\u00e5nga barn \u00e4lskar att tr\u00e4ffa. Hos oss kan du tr\u00e4ffa flera olika raser:<\/p>\n<p data-start=\"241\" data-end=\"642\">\ud83d\udc30 <strong data-start=\"244\" data-end=\"263\">New Zealand Red<\/strong> \u2013 en st\u00f6rre kanin med en fin r\u00f6dbrun p\u00e4ls. De \u00e4r ofta lugna och sn\u00e4lla.<br data-start=\"335\" data-end=\"338\">\ud83d\udc30 <strong data-start=\"341\" data-end=\"355\">Dv\u00e4rgv\u00e4dur<\/strong> \u2013 en liten kaninras med gulliga, h\u00e4ngande \u00f6ron. De brukar vara v\u00e4ldigt tama och gillar att bli kelade med.<br data-start=\"462\" data-end=\"465\">\ud83d\udc30 <strong data-start=\"468\" data-end=\"486\">Mellerudskanin<\/strong> \u2013 en gammal svensk lantras som \u00e4r ovanlig och faktiskt r\u00e4knas som utrotningshotad. Att vi har dem p\u00e5 g\u00e5rden \u00e4r ett s\u00e4tt att hj\u00e4lpa till att bevara rasen.<\/p>\n<p data-start=\"644\" data-end=\"847\">Kaninerna bor i rymliga burar och utehagar d\u00e4r de kan skutta runt, gr\u00e4va och vila. De \u00e4lskar att gnaga p\u00e5 h\u00f6, mor\u00f6tter och kvistar \u2013 och s\u00e5klart att f\u00e5 bes\u00f6k och lite f\u00f6rsiktig klapp av g\u00e5rdens g\u00e4ster.<\/p>\n<p data-start=\"849\" data-end=\"1061\">N\u00e4r du kommer till g\u00e5rden f\u00e5r du l\u00e4ra dig mer om hur kaniner lever, vad de tycker om.<\/p>\n<p data-start=\"849\" data-end=\"1061\">\n<h3 data-start=\"444\" data-end=\"477\">\ud83d\udc30 Visste du att\u2026<\/h3>\n<ul data-start=\"478\" data-end=\"772\">\n<li data-start=\"478\" data-end=\"572\">\n<p data-start=\"480\" data-end=\"572\">Kaniner har <strong data-start=\"492\" data-end=\"511\">superbra h\u00f6rsel<\/strong> och kan vrida sina \u00f6ron \u00e5t olika h\u00e5ll f\u00f6r att h\u00f6ra b\u00e4ttre.<\/p>\n<\/li>\n<li data-start=\"573\" data-end=\"687\">\n<p data-start=\"575\" data-end=\"687\">De \u00e4lskar att gnaga \u2013 d\u00e4rf\u00f6r beh\u00f6ver de alltid n\u00e5got h\u00e5rt att bita p\u00e5 f\u00f6r att t\u00e4nderna inte ska bli f\u00f6r l\u00e5nga.<\/p>\n<\/li>\n<li data-start=\"688\" data-end=\"772\">\n<p data-start=\"690\" data-end=\"772\">N\u00e4r en kanin \u00e4r riktigt glad g\u00f6r den ett gl\u00e4djeskutt som kallas f\u00f6r <strong data-start=\"758\" data-end=\"769\">\u201dbinky\u201d<\/strong>.<\/p>\n<\/li>\n<\/ul>\n<p>[\/vc_column_text][\/vc_column][\/vc_row][vc_row][vc_column][vc_single_image image=&#8221;569&#8243; img_size=&#8221;large&#8221; alignment=&#8221;center&#8221;][\/vc_column][\/vc_row]<\/p>\n<\/div>","protected":false},"excerpt":{"rendered":"<p>[vc_row][vc_column][vc_column_text] Kaniner [\/vc_column_text][\/vc_column][\/vc_row][vc_row][vc_column][vc_separator color=&#8221;green&#8221; border_width=&#8221;3&#8243;][\/vc_column][\/vc_row][vc_row][vc_column][vc_column_text css=&#8221;&#8221;] P\u00e5 Tolsereds 4H-g\u00e5rd finns det ocks\u00e5 flera kaniner \u2013 mjuka, nyfikna och mysiga djur som m\u00e5nga barn \u00e4lskar att tr\u00e4ffa. Hos oss kan du tr\u00e4ffa flera olika raser: \ud83d\udc30 New Zealand Red \u2013 en st\u00f6rre kanin med en fin r\u00f6dbrun p\u00e4ls. De \u00e4r ofta lugna och sn\u00e4lla.\ud83d\udc30 Dv\u00e4rgv\u00e4dur \u2013&nbsp; <a href=\"https:\/\/www.4h.se\/tolsered\/kaniner\/\">&hellip; Read more <i class=\"glyphicon glyphicon-arrow-right\"><\/i><\/a><\/p>\n","protected":false},"author":223,"featured_media":0,"parent":0,"menu_order":0,"comment_status":"closed","ping_status":"closed","template":"","meta":{"_acf_changed":false,"footnotes":""},"class_list":["post-410","page","type-page","status-publish","hentry"],"acf":[],"yoast_head":"<!-- This site is optimized with the Yoast SEO plugin v27.5 - https:\/\/yoast.com\/product\/yoast-seo-wordpress\/ -->\n<title>Kaniner - Tolsereds 4H-g\u00e5rd<\/title>\n<meta name=\"robots\" content=\"index, follow, max-snippet:-1, max-image-preview:large, max-video-preview:-1\" \/>\n<link rel=\"canonical\" href=\"https:\/\/www.4h.se\/tolsered\/kaniner\/\" \/>\n<meta property=\"og:locale\" content=\"sv_SE\" \/>\n<meta property=\"og:type\" content=\"article\" \/>\n<meta property=\"og:title\" content=\"Kaniner - Tolsereds 4H-g\u00e5rd\" \/>\n<meta property=\"og:description\" content=\"[vc_row][vc_column][vc_column_text] Kaniner [\/vc_column_text][\/vc_column][\/vc_row][vc_row][vc_column][vc_separator color=&#8221;green&#8221; border_width=&#8221;3&#8243;][\/vc_column][\/vc_row][vc_row][vc_column][vc_column_text css=&#8221;&#8221;] P\u00e5 Tolsereds 4H-g\u00e5rd finns det ocks\u00e5 flera kaniner \u2013 mjuka, nyfikna och mysiga djur som m\u00e5nga barn \u00e4lskar att tr\u00e4ffa. Hos oss kan du tr\u00e4ffa flera olika raser: \ud83d\udc30 New Zealand Red \u2013 en st\u00f6rre kanin med en fin r\u00f6dbrun p\u00e4ls. De \u00e4r ofta lugna och sn\u00e4lla.\ud83d\udc30 Dv\u00e4rgv\u00e4dur \u2013&nbsp; &hellip; Read more\" \/>\n<meta property=\"og:url\" content=\"https:\/\/www.4h.se\/tolsered\/kaniner\/\" \/>\n<meta property=\"og:site_name\" content=\"Tolsereds 4H-g\u00e5rd\" \/>\n<meta property=\"article:modified_time\" content=\"2025-09-25T09:48:07+00:00\" \/>\n<meta name=\"twitter:card\" content=\"summary_large_image\" \/>\n<meta name=\"twitter:label1\" content=\"Ber\u00e4knad l\u00e4stid\" \/>\n\t<meta name=\"twitter:data1\" content=\"2 minuter\" \/>\n<script type=\"application\/ld+json\" class=\"yoast-schema-graph\">{\"@context\":\"https:\\\/\\\/schema.org\",\"@graph\":[{\"@type\":\"WebPage\",\"@id\":\"https:\\\/\\\/www.4h.se\\\/tolsered\\\/kaniner\\\/\",\"url\":\"https:\\\/\\\/www.4h.se\\\/tolsered\\\/kaniner\\\/\",\"name\":\"Kaniner - Tolsereds 4H-g\u00e5rd\",\"isPartOf\":{\"@id\":\"https:\\\/\\\/www.4h.se\\\/tolsered\\\/#website\"},\"datePublished\":\"2022-02-10T21:48:37+00:00\",\"dateModified\":\"2025-09-25T09:48:07+00:00\",\"breadcrumb\":{\"@id\":\"https:\\\/\\\/www.4h.se\\\/tolsered\\\/kaniner\\\/#breadcrumb\"},\"inLanguage\":\"sv-SE\",\"potentialAction\":[{\"@type\":\"ReadAction\",\"target\":[\"https:\\\/\\\/www.4h.se\\\/tolsered\\\/kaniner\\\/\"]}]},{\"@type\":\"BreadcrumbList\",\"@id\":\"https:\\\/\\\/www.4h.se\\\/tolsered\\\/kaniner\\\/#breadcrumb\",\"itemListElement\":[{\"@type\":\"ListItem\",\"position\":1,\"name\":\"Hem\",\"item\":\"https:\\\/\\\/www.4h.se\\\/tolsered\\\/\"},{\"@type\":\"ListItem\",\"position\":2,\"name\":\"Kaniner\"}]},{\"@type\":\"WebSite\",\"@id\":\"https:\\\/\\\/www.4h.se\\\/tolsered\\\/#website\",\"url\":\"https:\\\/\\\/www.4h.se\\\/tolsered\\\/\",\"name\":\"Tolsereds 4H-g\u00e5rd\",\"description\":\"\",\"potentialAction\":[{\"@type\":\"SearchAction\",\"target\":{\"@type\":\"EntryPoint\",\"urlTemplate\":\"https:\\\/\\\/www.4h.se\\\/tolsered\\\/?s={search_term_string}\"},\"query-input\":{\"@type\":\"PropertyValueSpecification\",\"valueRequired\":true,\"valueName\":\"search_term_string\"}}],\"inLanguage\":\"sv-SE\"}]}<\/script>\n<!-- \/ Yoast SEO plugin. -->","yoast_head_json":{"title":"Kaniner - Tolsereds 4H-g\u00e5rd","robots":{"index":"index","follow":"follow","max-snippet":"max-snippet:-1","max-image-preview":"max-image-preview:large","max-video-preview":"max-video-preview:-1"},"canonical":"https:\/\/www.4h.se\/tolsered\/kaniner\/","og_locale":"sv_SE","og_type":"article","og_title":"Kaniner - Tolsereds 4H-g\u00e5rd","og_description":"[vc_row][vc_column][vc_column_text] Kaniner [\/vc_column_text][\/vc_column][\/vc_row][vc_row][vc_column][vc_separator color=&#8221;green&#8221; border_width=&#8221;3&#8243;][\/vc_column][\/vc_row][vc_row][vc_column][vc_column_text css=&#8221;&#8221;] P\u00e5 Tolsereds 4H-g\u00e5rd finns det ocks\u00e5 flera kaniner \u2013 mjuka, nyfikna och mysiga djur som m\u00e5nga barn \u00e4lskar att tr\u00e4ffa. Hos oss kan du tr\u00e4ffa flera olika raser: \ud83d\udc30 New Zealand Red \u2013 en st\u00f6rre kanin med en fin r\u00f6dbrun p\u00e4ls. De \u00e4r ofta lugna och sn\u00e4lla.\ud83d\udc30 Dv\u00e4rgv\u00e4dur \u2013&nbsp; &hellip; Read more","og_url":"https:\/\/www.4h.se\/tolsered\/kaniner\/","og_site_name":"Tolsereds 4H-g\u00e5rd","article_modified_time":"2025-09-25T09:48:07+00:00","twitter_card":"summary_large_image","twitter_misc":{"Ber\u00e4knad l\u00e4stid":"2 minuter"},"schema":{"@context":"https:\/\/schema.org","@graph":[{"@type":"WebPage","@id":"https:\/\/www.4h.se\/tolsered\/kaniner\/","url":"https:\/\/www.4h.se\/tolsered\/kaniner\/","name":"Kaniner - Tolsereds 4H-g\u00e5rd","isPartOf":{"@id":"https:\/\/www.4h.se\/tolsered\/#website"},"datePublished":"2022-02-10T21:48:37+00:00","dateModified":"2025-09-25T09:48:07+00:00","breadcrumb":{"@id":"https:\/\/www.4h.se\/tolsered\/kaniner\/#breadcrumb"},"inLanguage":"sv-SE","potentialAction":[{"@type":"ReadAction","target":["https:\/\/www.4h.se\/tolsered\/kaniner\/"]}]},{"@type":"BreadcrumbList","@id":"https:\/\/www.4h.se\/tolsered\/kaniner\/#breadcrumb","itemListElement":[{"@type":"ListItem","position":1,"name":"Hem","item":"https:\/\/www.4h.se\/tolsered\/"},{"@type":"ListItem","position":2,"name":"Kaniner"}]},{"@type":"WebSite","@id":"https:\/\/www.4h.se\/tolsered\/#website","url":"https:\/\/www.4h.se\/tolsered\/","name":"Tolsereds 4H-g\u00e5rd","description":"","potentialAction":[{"@type":"SearchAction","target":{"@type":"EntryPoint","urlTemplate":"https:\/\/www.4h.se\/tolsered\/?s={search_term_string}"},"query-input":{"@type":"PropertyValueSpecification","valueRequired":true,"valueName":"search_term_string"}}],"inLanguage":"sv-SE"}]}},"_links":{"self":[{"href":"https:\/\/www.4h.se\/tolsered\/wp-json\/wp\/v2\/pages\/410","targetHints":{"allow":["GET"]}}],"collection":[{"href":"https:\/\/www.4h.se\/tolsered\/wp-json\/wp\/v2\/pages"}],"about":[{"href":"https:\/\/www.4h.se\/tolsered\/wp-json\/wp\/v2\/types\/page"}],"author":[{"embeddable":true,"href":"https:\/\/www.4h.se\/tolsered\/wp-json\/wp\/v2\/users\/223"}],"replies":[{"embeddable":true,"href":"https:\/\/www.4h.se\/tolsered\/wp-json\/wp\/v2\/comments?post=410"}],"version-history":[{"count":0,"href":"https:\/\/www.4h.se\/tolsered\/wp-json\/wp\/v2\/pages\/410\/revisions"}],"wp:attachment":[{"href":"https:\/\/www.4h.se\/tolsered\/wp-json\/wp\/v2\/media?parent=410"}],"curies":[{"name":"wp","href":"https:\/\/api.w.org\/{rel}","templated":true}]}}