



{"id":409,"date":"2022-02-10T22:46:46","date_gmt":"2022-02-10T21:46:46","guid":{"rendered":"https:\/\/www.4h.se\/tolsered\/?page_id=409"},"modified":"2025-09-25T11:43:16","modified_gmt":"2025-09-25T09:43:16","slug":"far","status":"publish","type":"page","link":"https:\/\/www.4h.se\/tolsered\/far\/","title":{"rendered":"F\u00e5r"},"content":{"rendered":"<div class=\"wpb-content-wrapper\"><p>[vc_row][vc_column][vc_column_text]<\/p>\n<h1><span style=\"color: #000000\">F\u00e5r<\/span><\/h1>\n<p>[\/vc_column_text][\/vc_column][\/vc_row][vc_row][vc_column][vc_separator color=&#8221;green&#8221; border_width=&#8221;3&#8243;][vc_column_text css=&#8221;&#8221;]<\/p>\n<p data-start=\"89\" data-end=\"265\">P\u00e5 Tolsereds 4H-g\u00e5rd har vi en egen liten flock med <strong data-start=\"141\" data-end=\"165\">V\u00e4rml\u00e4ndska skogsf\u00e5r<\/strong>, som ocks\u00e5 kallas <strong data-start=\"184\" data-end=\"200\">V\u00e4rmlandsf\u00e5r<\/strong>. Det \u00e4r en gammal svensk lantras som \u00e4r b\u00e5de t\u00e5lig och v\u00e4nlig.<\/p>\n<p data-start=\"267\" data-end=\"478\">En <strong data-start=\"270\" data-end=\"278\">hane<\/strong> kallas f\u00f6r <em data-start=\"290\" data-end=\"297\">bagge<\/em>, en <strong data-start=\"302\" data-end=\"310\">hona<\/strong> kallas f\u00f6r <em data-start=\"322\" data-end=\"329\">tacka<\/em>, och deras ungar heter <em data-start=\"353\" data-end=\"359\">lamm<\/em>. V\u00e5ra f\u00e5r \u00e4r v\u00e4ldigt sn\u00e4lla, nyfikna och gillar att bli klappade \u2013 ibland kommer de sj\u00e4lvmant fram f\u00f6r att s\u00e4ga hej!<\/p>\n<p data-start=\"480\" data-end=\"698\">N\u00e4stan varje \u00e5r f\u00e5r v\u00e5ra tackor lamm. Det brukar h\u00e4nda p\u00e5 v\u00e5ren, s\u00e5 om du bes\u00f6ker oss d\u00e5 kan du kanske f\u00e5 chansen att tr\u00e4ffa alldeles nyf\u00f6dda sm\u00e5 lamm som skuttar runt i hagen. Det \u00e4r n\u00e5got alldeles speciellt att se!<\/p>\n<p data-start=\"700\" data-end=\"906\">Hos oss f\u00e5r f\u00e5ren beta gr\u00e4s, vila i f\u00e5rhuset och leva ett tryggt liv. Genom att tr\u00e4ffa dem kan du l\u00e4ra dig mer om hur f\u00e5r lever, varf\u00f6r de \u00e4r viktiga f\u00f6r oss m\u00e4nniskor och hur mycket gl\u00e4dje de kan sprida.<\/p>\n<p data-start=\"700\" data-end=\"906\">\n<h3 data-start=\"110\" data-end=\"133\">\ud83d\udc11 Visste du att\u2026<\/h3>\n<ul data-start=\"134\" data-end=\"518\">\n<li data-start=\"134\" data-end=\"223\">\n<p data-start=\"136\" data-end=\"223\">F\u00e5rens p\u00e4ls kallas f\u00f6r <strong data-start=\"159\" data-end=\"166\">ull<\/strong>, och av den kan man g\u00f6ra b\u00e5de kl\u00e4der, filtar och garn.<\/p>\n<\/li>\n<li data-start=\"224\" data-end=\"335\">\n<p data-start=\"226\" data-end=\"335\">Ett f\u00e5r s\u00e4ger inte \u201db\u00e4\u00e4\u201d bara f\u00f6r att l\u00e5ta gulligt \u2013 det \u00e4r faktiskt deras s\u00e4tt att <strong data-start=\"310\" data-end=\"332\">prata med varandra<\/strong>!<\/p>\n<\/li>\n<li data-start=\"336\" data-end=\"419\">\n<p data-start=\"338\" data-end=\"419\"><strong data-start=\"338\" data-end=\"364\">Lammen \u00e4lskar att leka<\/strong> \u2013 de springer, hoppar och busar precis som sm\u00e5 barn.<\/p>\n<\/li>\n<li data-start=\"420\" data-end=\"518\">\n<p data-start=\"422\" data-end=\"518\">F\u00e5r har <strong data-start=\"430\" data-end=\"447\">utm\u00e4rkt minne<\/strong> och kan k\u00e4nna igen b\u00e5de m\u00e4nniskor och andra f\u00e5r \u00e4ven efter l\u00e5ng tid.<\/p>\n<\/li>\n<\/ul>\n<p>[\/vc_column_text][vc_single_image image=&#8221;516&#8243; img_size=&#8221;full&#8221;][\/vc_column][\/vc_row][vc_row][vc_column][\/vc_column][\/vc_row]<\/p>\n<\/div>","protected":false},"excerpt":{"rendered":"<p>[vc_row][vc_column][vc_column_text] F\u00e5r [\/vc_column_text][\/vc_column][\/vc_row][vc_row][vc_column][vc_separator color=&#8221;green&#8221; border_width=&#8221;3&#8243;][vc_column_text css=&#8221;&#8221;] P\u00e5 Tolsereds 4H-g\u00e5rd har vi en egen liten flock med V\u00e4rml\u00e4ndska skogsf\u00e5r, som ocks\u00e5 kallas V\u00e4rmlandsf\u00e5r. Det \u00e4r en gammal svensk lantras som \u00e4r b\u00e5de t\u00e5lig och v\u00e4nlig. En hane kallas f\u00f6r bagge, en hona kallas f\u00f6r tacka, och deras ungar heter lamm. V\u00e5ra f\u00e5r \u00e4r v\u00e4ldigt sn\u00e4lla, nyfikna&nbsp; <a href=\"https:\/\/www.4h.se\/tolsered\/far\/\">&hellip; Read more <i class=\"glyphicon glyphicon-arrow-right\"><\/i><\/a><\/p>\n","protected":false},"author":223,"featured_media":0,"parent":0,"menu_order":0,"comment_status":"closed","ping_status":"closed","template":"","meta":{"_acf_changed":false,"footnotes":""},"class_list":["post-409","page","type-page","status-publish","hentry"],"acf":[],"yoast_head":"<!-- This site is optimized with the Yoast SEO plugin v27.5 - https:\/\/yoast.com\/product\/yoast-seo-wordpress\/ -->\n<title>F\u00e5r - Tolsereds 4H-g\u00e5rd<\/title>\n<meta name=\"robots\" content=\"index, follow, max-snippet:-1, max-image-preview:large, max-video-preview:-1\" \/>\n<link rel=\"canonical\" href=\"https:\/\/www.4h.se\/tolsered\/far\/\" \/>\n<meta property=\"og:locale\" content=\"sv_SE\" \/>\n<meta property=\"og:type\" content=\"article\" \/>\n<meta property=\"og:title\" content=\"F\u00e5r - Tolsereds 4H-g\u00e5rd\" \/>\n<meta property=\"og:description\" content=\"[vc_row][vc_column][vc_column_text] F\u00e5r [\/vc_column_text][\/vc_column][\/vc_row][vc_row][vc_column][vc_separator color=&#8221;green&#8221; border_width=&#8221;3&#8243;][vc_column_text css=&#8221;&#8221;] P\u00e5 Tolsereds 4H-g\u00e5rd har vi en egen liten flock med V\u00e4rml\u00e4ndska skogsf\u00e5r, som ocks\u00e5 kallas V\u00e4rmlandsf\u00e5r. Det \u00e4r en gammal svensk lantras som \u00e4r b\u00e5de t\u00e5lig och v\u00e4nlig. En hane kallas f\u00f6r bagge, en hona kallas f\u00f6r tacka, och deras ungar heter lamm. V\u00e5ra f\u00e5r \u00e4r v\u00e4ldigt sn\u00e4lla, nyfikna&nbsp; &hellip; Read more\" \/>\n<meta property=\"og:url\" content=\"https:\/\/www.4h.se\/tolsered\/far\/\" \/>\n<meta property=\"og:site_name\" content=\"Tolsereds 4H-g\u00e5rd\" \/>\n<meta property=\"article:modified_time\" content=\"2025-09-25T09:43:16+00:00\" \/>\n<meta name=\"twitter:card\" content=\"summary_large_image\" \/>\n<meta name=\"twitter:label1\" content=\"Ber\u00e4knad l\u00e4stid\" \/>\n\t<meta name=\"twitter:data1\" content=\"2 minuter\" \/>\n<script type=\"application\/ld+json\" class=\"yoast-schema-graph\">{\"@context\":\"https:\\\/\\\/schema.org\",\"@graph\":[{\"@type\":\"WebPage\",\"@id\":\"https:\\\/\\\/www.4h.se\\\/tolsered\\\/far\\\/\",\"url\":\"https:\\\/\\\/www.4h.se\\\/tolsered\\\/far\\\/\",\"name\":\"F\u00e5r - Tolsereds 4H-g\u00e5rd\",\"isPartOf\":{\"@id\":\"https:\\\/\\\/www.4h.se\\\/tolsered\\\/#website\"},\"datePublished\":\"2022-02-10T21:46:46+00:00\",\"dateModified\":\"2025-09-25T09:43:16+00:00\",\"breadcrumb\":{\"@id\":\"https:\\\/\\\/www.4h.se\\\/tolsered\\\/far\\\/#breadcrumb\"},\"inLanguage\":\"sv-SE\",\"potentialAction\":[{\"@type\":\"ReadAction\",\"target\":[\"https:\\\/\\\/www.4h.se\\\/tolsered\\\/far\\\/\"]}]},{\"@type\":\"BreadcrumbList\",\"@id\":\"https:\\\/\\\/www.4h.se\\\/tolsered\\\/far\\\/#breadcrumb\",\"itemListElement\":[{\"@type\":\"ListItem\",\"position\":1,\"name\":\"Hem\",\"item\":\"https:\\\/\\\/www.4h.se\\\/tolsered\\\/\"},{\"@type\":\"ListItem\",\"position\":2,\"name\":\"F\u00e5r\"}]},{\"@type\":\"WebSite\",\"@id\":\"https:\\\/\\\/www.4h.se\\\/tolsered\\\/#website\",\"url\":\"https:\\\/\\\/www.4h.se\\\/tolsered\\\/\",\"name\":\"Tolsereds 4H-g\u00e5rd\",\"description\":\"\",\"potentialAction\":[{\"@type\":\"SearchAction\",\"target\":{\"@type\":\"EntryPoint\",\"urlTemplate\":\"https:\\\/\\\/www.4h.se\\\/tolsered\\\/?s={search_term_string}\"},\"query-input\":{\"@type\":\"PropertyValueSpecification\",\"valueRequired\":true,\"valueName\":\"search_term_string\"}}],\"inLanguage\":\"sv-SE\"}]}<\/script>\n<!-- \/ Yoast SEO plugin. -->","yoast_head_json":{"title":"F\u00e5r - Tolsereds 4H-g\u00e5rd","robots":{"index":"index","follow":"follow","max-snippet":"max-snippet:-1","max-image-preview":"max-image-preview:large","max-video-preview":"max-video-preview:-1"},"canonical":"https:\/\/www.4h.se\/tolsered\/far\/","og_locale":"sv_SE","og_type":"article","og_title":"F\u00e5r - Tolsereds 4H-g\u00e5rd","og_description":"[vc_row][vc_column][vc_column_text] F\u00e5r [\/vc_column_text][\/vc_column][\/vc_row][vc_row][vc_column][vc_separator color=&#8221;green&#8221; border_width=&#8221;3&#8243;][vc_column_text css=&#8221;&#8221;] P\u00e5 Tolsereds 4H-g\u00e5rd har vi en egen liten flock med V\u00e4rml\u00e4ndska skogsf\u00e5r, som ocks\u00e5 kallas V\u00e4rmlandsf\u00e5r. Det \u00e4r en gammal svensk lantras som \u00e4r b\u00e5de t\u00e5lig och v\u00e4nlig. En hane kallas f\u00f6r bagge, en hona kallas f\u00f6r tacka, och deras ungar heter lamm. V\u00e5ra f\u00e5r \u00e4r v\u00e4ldigt sn\u00e4lla, nyfikna&nbsp; &hellip; Read more","og_url":"https:\/\/www.4h.se\/tolsered\/far\/","og_site_name":"Tolsereds 4H-g\u00e5rd","article_modified_time":"2025-09-25T09:43:16+00:00","twitter_card":"summary_large_image","twitter_misc":{"Ber\u00e4knad l\u00e4stid":"2 minuter"},"schema":{"@context":"https:\/\/schema.org","@graph":[{"@type":"WebPage","@id":"https:\/\/www.4h.se\/tolsered\/far\/","url":"https:\/\/www.4h.se\/tolsered\/far\/","name":"F\u00e5r - Tolsereds 4H-g\u00e5rd","isPartOf":{"@id":"https:\/\/www.4h.se\/tolsered\/#website"},"datePublished":"2022-02-10T21:46:46+00:00","dateModified":"2025-09-25T09:43:16+00:00","breadcrumb":{"@id":"https:\/\/www.4h.se\/tolsered\/far\/#breadcrumb"},"inLanguage":"sv-SE","potentialAction":[{"@type":"ReadAction","target":["https:\/\/www.4h.se\/tolsered\/far\/"]}]},{"@type":"BreadcrumbList","@id":"https:\/\/www.4h.se\/tolsered\/far\/#breadcrumb","itemListElement":[{"@type":"ListItem","position":1,"name":"Hem","item":"https:\/\/www.4h.se\/tolsered\/"},{"@type":"ListItem","position":2,"name":"F\u00e5r"}]},{"@type":"WebSite","@id":"https:\/\/www.4h.se\/tolsered\/#website","url":"https:\/\/www.4h.se\/tolsered\/","name":"Tolsereds 4H-g\u00e5rd","description":"","potentialAction":[{"@type":"SearchAction","target":{"@type":"EntryPoint","urlTemplate":"https:\/\/www.4h.se\/tolsered\/?s={search_term_string}"},"query-input":{"@type":"PropertyValueSpecification","valueRequired":true,"valueName":"search_term_string"}}],"inLanguage":"sv-SE"}]}},"_links":{"self":[{"href":"https:\/\/www.4h.se\/tolsered\/wp-json\/wp\/v2\/pages\/409","targetHints":{"allow":["GET"]}}],"collection":[{"href":"https:\/\/www.4h.se\/tolsered\/wp-json\/wp\/v2\/pages"}],"about":[{"href":"https:\/\/www.4h.se\/tolsered\/wp-json\/wp\/v2\/types\/page"}],"author":[{"embeddable":true,"href":"https:\/\/www.4h.se\/tolsered\/wp-json\/wp\/v2\/users\/223"}],"replies":[{"embeddable":true,"href":"https:\/\/www.4h.se\/tolsered\/wp-json\/wp\/v2\/comments?post=409"}],"version-history":[{"count":0,"href":"https:\/\/www.4h.se\/tolsered\/wp-json\/wp\/v2\/pages\/409\/revisions"}],"wp:attachment":[{"href":"https:\/\/www.4h.se\/tolsered\/wp-json\/wp\/v2\/media?parent=409"}],"curies":[{"name":"wp","href":"https:\/\/api.w.org\/{rel}","templated":true}]}}