



{"id":406,"date":"2022-02-10T22:43:52","date_gmt":"2022-02-10T21:43:52","guid":{"rendered":"https:\/\/www.4h.se\/tolsered\/?page_id=406"},"modified":"2025-09-25T11:43:53","modified_gmt":"2025-09-25T09:43:53","slug":"kor","status":"publish","type":"page","link":"https:\/\/www.4h.se\/tolsered\/kor\/","title":{"rendered":"Kor"},"content":{"rendered":"<div class=\"wpb-content-wrapper\"><p>[vc_row][vc_column][vc_column_text]<\/p>\n<h1>Kor<\/h1>\n<p>[\/vc_column_text][\/vc_column][\/vc_row][vc_row][vc_column][vc_separator color=&#8221;green&#8221; border_width=&#8221;3&#8243;][\/vc_column][\/vc_row][vc_row][vc_column][vc_column_text css=&#8221;&#8221;]<\/p>\n<p data-start=\"104\" data-end=\"320\">P\u00e5 Tolsereds 4H-g\u00e5rd har vi alltid tv\u00e5 kalvar av rasen <strong data-start=\"159\" data-end=\"171\">Holstein<\/strong>, som \u00e4r en av v\u00e4rldens vanligaste mj\u00f6lkkor. Holstein \u00e4r l\u00e4tt att k\u00e4nna igen med sin svartvita teckning och \u00e4r k\u00e4nd f\u00f6r att ge stora m\u00e4ngder mj\u00f6lk.<\/p>\n<p data-start=\"322\" data-end=\"448\">En <strong data-start=\"325\" data-end=\"333\">hona<\/strong> kallas f\u00f6r <em data-start=\"345\" data-end=\"352\">kviga<\/em> fram tills hon f\u00e5r sin f\u00f6rsta kalv. D\u00e4refter blir hon en <em data-start=\"410\" data-end=\"414\">ko<\/em>. En <strong data-start=\"419\" data-end=\"427\">hane<\/strong> kallas f\u00f6r <em data-start=\"439\" data-end=\"445\">tjur<\/em>.<\/p>\n<p data-start=\"322\" data-end=\"448\">Kalvarna p\u00e5 v\u00e5r g\u00e5rd kommer fr\u00e5n en n\u00e4rliggande bondg\u00e5rd som vi har ett n\u00e4ra samarbete med. Varje \u00e5r f\u00e5r vi tv\u00e5 nya kalvar som f\u00e5r v\u00e4xa upp h\u00e4r hos oss under ungef\u00e4r ett \u00e5rs tid. De gillar att bli kliade och att vara ute i hagen. N\u00e4r de blivit lite st\u00f6rre flyttar de hem igen till bondg\u00e5rden, d\u00e4r de sedan blir mj\u00f6lkkor.<\/p>\n<p data-start=\"735\" data-end=\"978\">Genom att ha kalvar p\u00e5 g\u00e5rden f\u00e5r alla som bes\u00f6ker oss chansen att komma riktigt n\u00e4ra djuren, klappa dem och l\u00e4ra sig mer om hur de lever. Det \u00e4r b\u00e5de roligt och l\u00e4rorikt \u2013 och du f\u00e5r uppt\u00e4cka hur viktiga korna faktiskt \u00e4r f\u00f6r oss m\u00e4nniskor!<\/p>\n<p data-start=\"735\" data-end=\"978\">\n<h3 data-start=\"160\" data-end=\"198\">\ud83d\udc2e Visste du att\u2026<\/h3>\n<ul data-start=\"199\" data-end=\"437\">\n<li data-start=\"199\" data-end=\"274\">\n<p data-start=\"201\" data-end=\"274\">Kor kan faktiskt ha <strong data-start=\"221\" data-end=\"239\">b\u00e4sta kompisar<\/strong> och blir ledsna om de skiljs \u00e5t.<\/p>\n<\/li>\n<li data-start=\"275\" data-end=\"361\">\n<p data-start=\"277\" data-end=\"361\">En ko tuggar maten om och om igen \u2013 n\u00e4stan som om den tuggade tuggummi hela dagen!<\/p>\n<\/li>\n<li data-start=\"362\" data-end=\"437\">\n<p data-start=\"364\" data-end=\"437\">Holstein-kor, den ras vi har, \u00e4r de som ger allra mest mj\u00f6lk i v\u00e4rlden.<\/p>\n<\/li>\n<\/ul>\n<p>[\/vc_column_text][\/vc_column][\/vc_row][vc_row][vc_column width=&#8221;1\/2&#8243;][vc_single_image image=&#8221;460&#8243; img_size=&#8221;large&#8221;][\/vc_column][vc_column width=&#8221;1\/2&#8243;][vc_single_image image=&#8221;440&#8243; img_size=&#8221;large&#8221;][\/vc_column][\/vc_row]<\/p>\n<\/div>","protected":false},"excerpt":{"rendered":"<p>[vc_row][vc_column][vc_column_text] Kor [\/vc_column_text][\/vc_column][\/vc_row][vc_row][vc_column][vc_separator color=&#8221;green&#8221; border_width=&#8221;3&#8243;][\/vc_column][\/vc_row][vc_row][vc_column][vc_column_text css=&#8221;&#8221;] P\u00e5 Tolsereds 4H-g\u00e5rd har vi alltid tv\u00e5 kalvar av rasen Holstein, som \u00e4r en av v\u00e4rldens vanligaste mj\u00f6lkkor. Holstein \u00e4r l\u00e4tt att k\u00e4nna igen med sin svartvita teckning och \u00e4r k\u00e4nd f\u00f6r att ge stora m\u00e4ngder mj\u00f6lk. En hona kallas f\u00f6r kviga fram tills hon f\u00e5r sin f\u00f6rsta kalv.&nbsp; <a href=\"https:\/\/www.4h.se\/tolsered\/kor\/\">&hellip; Read more <i class=\"glyphicon glyphicon-arrow-right\"><\/i><\/a><\/p>\n","protected":false},"author":223,"featured_media":0,"parent":0,"menu_order":0,"comment_status":"closed","ping_status":"closed","template":"","meta":{"_acf_changed":false,"footnotes":""},"class_list":["post-406","page","type-page","status-publish","hentry"],"acf":[],"yoast_head":"<!-- This site is optimized with the Yoast SEO plugin v27.5 - https:\/\/yoast.com\/product\/yoast-seo-wordpress\/ -->\n<title>Kor - Tolsereds 4H-g\u00e5rd<\/title>\n<meta name=\"robots\" content=\"index, follow, max-snippet:-1, max-image-preview:large, max-video-preview:-1\" \/>\n<link rel=\"canonical\" href=\"https:\/\/www.4h.se\/tolsered\/kor\/\" \/>\n<meta property=\"og:locale\" content=\"sv_SE\" \/>\n<meta property=\"og:type\" content=\"article\" \/>\n<meta property=\"og:title\" content=\"Kor - Tolsereds 4H-g\u00e5rd\" \/>\n<meta property=\"og:description\" content=\"[vc_row][vc_column][vc_column_text] Kor [\/vc_column_text][\/vc_column][\/vc_row][vc_row][vc_column][vc_separator color=&#8221;green&#8221; border_width=&#8221;3&#8243;][\/vc_column][\/vc_row][vc_row][vc_column][vc_column_text css=&#8221;&#8221;] P\u00e5 Tolsereds 4H-g\u00e5rd har vi alltid tv\u00e5 kalvar av rasen Holstein, som \u00e4r en av v\u00e4rldens vanligaste mj\u00f6lkkor. Holstein \u00e4r l\u00e4tt att k\u00e4nna igen med sin svartvita teckning och \u00e4r k\u00e4nd f\u00f6r att ge stora m\u00e4ngder mj\u00f6lk. En hona kallas f\u00f6r kviga fram tills hon f\u00e5r sin f\u00f6rsta kalv.&nbsp; &hellip; Read more\" \/>\n<meta property=\"og:url\" content=\"https:\/\/www.4h.se\/tolsered\/kor\/\" \/>\n<meta property=\"og:site_name\" content=\"Tolsereds 4H-g\u00e5rd\" \/>\n<meta property=\"article:modified_time\" content=\"2025-09-25T09:43:53+00:00\" \/>\n<meta name=\"twitter:card\" content=\"summary_large_image\" \/>\n<meta name=\"twitter:label1\" content=\"Ber\u00e4knad l\u00e4stid\" \/>\n\t<meta name=\"twitter:data1\" content=\"2 minuter\" \/>\n<script type=\"application\/ld+json\" class=\"yoast-schema-graph\">{\"@context\":\"https:\\\/\\\/schema.org\",\"@graph\":[{\"@type\":\"WebPage\",\"@id\":\"https:\\\/\\\/www.4h.se\\\/tolsered\\\/kor\\\/\",\"url\":\"https:\\\/\\\/www.4h.se\\\/tolsered\\\/kor\\\/\",\"name\":\"Kor - Tolsereds 4H-g\u00e5rd\",\"isPartOf\":{\"@id\":\"https:\\\/\\\/www.4h.se\\\/tolsered\\\/#website\"},\"datePublished\":\"2022-02-10T21:43:52+00:00\",\"dateModified\":\"2025-09-25T09:43:53+00:00\",\"breadcrumb\":{\"@id\":\"https:\\\/\\\/www.4h.se\\\/tolsered\\\/kor\\\/#breadcrumb\"},\"inLanguage\":\"sv-SE\",\"potentialAction\":[{\"@type\":\"ReadAction\",\"target\":[\"https:\\\/\\\/www.4h.se\\\/tolsered\\\/kor\\\/\"]}]},{\"@type\":\"BreadcrumbList\",\"@id\":\"https:\\\/\\\/www.4h.se\\\/tolsered\\\/kor\\\/#breadcrumb\",\"itemListElement\":[{\"@type\":\"ListItem\",\"position\":1,\"name\":\"Hem\",\"item\":\"https:\\\/\\\/www.4h.se\\\/tolsered\\\/\"},{\"@type\":\"ListItem\",\"position\":2,\"name\":\"Kor\"}]},{\"@type\":\"WebSite\",\"@id\":\"https:\\\/\\\/www.4h.se\\\/tolsered\\\/#website\",\"url\":\"https:\\\/\\\/www.4h.se\\\/tolsered\\\/\",\"name\":\"Tolsereds 4H-g\u00e5rd\",\"description\":\"\",\"potentialAction\":[{\"@type\":\"SearchAction\",\"target\":{\"@type\":\"EntryPoint\",\"urlTemplate\":\"https:\\\/\\\/www.4h.se\\\/tolsered\\\/?s={search_term_string}\"},\"query-input\":{\"@type\":\"PropertyValueSpecification\",\"valueRequired\":true,\"valueName\":\"search_term_string\"}}],\"inLanguage\":\"sv-SE\"}]}<\/script>\n<!-- \/ Yoast SEO plugin. -->","yoast_head_json":{"title":"Kor - Tolsereds 4H-g\u00e5rd","robots":{"index":"index","follow":"follow","max-snippet":"max-snippet:-1","max-image-preview":"max-image-preview:large","max-video-preview":"max-video-preview:-1"},"canonical":"https:\/\/www.4h.se\/tolsered\/kor\/","og_locale":"sv_SE","og_type":"article","og_title":"Kor - Tolsereds 4H-g\u00e5rd","og_description":"[vc_row][vc_column][vc_column_text] Kor [\/vc_column_text][\/vc_column][\/vc_row][vc_row][vc_column][vc_separator color=&#8221;green&#8221; border_width=&#8221;3&#8243;][\/vc_column][\/vc_row][vc_row][vc_column][vc_column_text css=&#8221;&#8221;] P\u00e5 Tolsereds 4H-g\u00e5rd har vi alltid tv\u00e5 kalvar av rasen Holstein, som \u00e4r en av v\u00e4rldens vanligaste mj\u00f6lkkor. Holstein \u00e4r l\u00e4tt att k\u00e4nna igen med sin svartvita teckning och \u00e4r k\u00e4nd f\u00f6r att ge stora m\u00e4ngder mj\u00f6lk. En hona kallas f\u00f6r kviga fram tills hon f\u00e5r sin f\u00f6rsta kalv.&nbsp; &hellip; Read more","og_url":"https:\/\/www.4h.se\/tolsered\/kor\/","og_site_name":"Tolsereds 4H-g\u00e5rd","article_modified_time":"2025-09-25T09:43:53+00:00","twitter_card":"summary_large_image","twitter_misc":{"Ber\u00e4knad l\u00e4stid":"2 minuter"},"schema":{"@context":"https:\/\/schema.org","@graph":[{"@type":"WebPage","@id":"https:\/\/www.4h.se\/tolsered\/kor\/","url":"https:\/\/www.4h.se\/tolsered\/kor\/","name":"Kor - Tolsereds 4H-g\u00e5rd","isPartOf":{"@id":"https:\/\/www.4h.se\/tolsered\/#website"},"datePublished":"2022-02-10T21:43:52+00:00","dateModified":"2025-09-25T09:43:53+00:00","breadcrumb":{"@id":"https:\/\/www.4h.se\/tolsered\/kor\/#breadcrumb"},"inLanguage":"sv-SE","potentialAction":[{"@type":"ReadAction","target":["https:\/\/www.4h.se\/tolsered\/kor\/"]}]},{"@type":"BreadcrumbList","@id":"https:\/\/www.4h.se\/tolsered\/kor\/#breadcrumb","itemListElement":[{"@type":"ListItem","position":1,"name":"Hem","item":"https:\/\/www.4h.se\/tolsered\/"},{"@type":"ListItem","position":2,"name":"Kor"}]},{"@type":"WebSite","@id":"https:\/\/www.4h.se\/tolsered\/#website","url":"https:\/\/www.4h.se\/tolsered\/","name":"Tolsereds 4H-g\u00e5rd","description":"","potentialAction":[{"@type":"SearchAction","target":{"@type":"EntryPoint","urlTemplate":"https:\/\/www.4h.se\/tolsered\/?s={search_term_string}"},"query-input":{"@type":"PropertyValueSpecification","valueRequired":true,"valueName":"search_term_string"}}],"inLanguage":"sv-SE"}]}},"_links":{"self":[{"href":"https:\/\/www.4h.se\/tolsered\/wp-json\/wp\/v2\/pages\/406","targetHints":{"allow":["GET"]}}],"collection":[{"href":"https:\/\/www.4h.se\/tolsered\/wp-json\/wp\/v2\/pages"}],"about":[{"href":"https:\/\/www.4h.se\/tolsered\/wp-json\/wp\/v2\/types\/page"}],"author":[{"embeddable":true,"href":"https:\/\/www.4h.se\/tolsered\/wp-json\/wp\/v2\/users\/223"}],"replies":[{"embeddable":true,"href":"https:\/\/www.4h.se\/tolsered\/wp-json\/wp\/v2\/comments?post=406"}],"version-history":[{"count":0,"href":"https:\/\/www.4h.se\/tolsered\/wp-json\/wp\/v2\/pages\/406\/revisions"}],"wp:attachment":[{"href":"https:\/\/www.4h.se\/tolsered\/wp-json\/wp\/v2\/media?parent=406"}],"curies":[{"name":"wp","href":"https:\/\/api.w.org\/{rel}","templated":true}]}}