



{"id":39,"date":"2014-12-09T20:10:35","date_gmt":"2014-12-09T19:10:35","guid":{"rendered":"http:\/\/www.4h.se\/rix16\/?page_id=39"},"modified":"2026-04-22T09:05:30","modified_gmt":"2026-04-22T07:05:30","slug":"hem","status":"publish","type":"page","link":"https:\/\/www.4h.se\/tolsered\/","title":{"rendered":"Startsida"},"content":{"rendered":"<div class=\"wpb-content-wrapper\"><p>[vc_row][vc_column][vc_separator color=&#8221;green&#8221; border_width=&#8221;3&#8243;][\/vc_column][\/vc_row][vc_row][vc_column width=&#8221;1\/2&#8243;][vc_column_text]<\/p>\n<h1 style=\"text-align: center\"><span style=\"color: #008b44\">V\u00e4lkommen till <\/span><\/h1>\n<h1 style=\"text-align: center\"><span style=\"color: #008b44\">Tolsereds\u00a04H-g\u00e5rd!<\/span><\/h1>\n<p>[\/vc_column_text][vc_column_text css=&#8221;&#8221;]Tolsereds 4H-g\u00e5rd ligger ca 1,5 mil fr\u00e5n G\u00f6teborg mot Kung\u00e4lv. G\u00e5rden \u00e4r byggd p\u00e5 slutet av 1800-talet och ligger i en natursk\u00f6n lummig milj\u00f6. P\u00e5 g\u00e5rden bor det h\u00e4star, grisar, kor, kaniner, f\u00e5r, h\u00f6ns och katter.<\/p>\n<p dir=\"auto\">Vi har \u00f6ppet alla dagar p\u00e5 \u00e5ret mellan klockan 10.00 och 16.00 och det \u00e4r alltid gratis att bes\u00f6ka oss! P\u00e5 g\u00e5rden finns plats f\u00f6r att \u00e4ta medhavd fika utomhus eller i v\u00e5r klubbstuga.<\/p>\n<div class=\"cxmmr5t8 oygrvhab hcukyx3x c1et5uql o9v6fnle\">\n<p dir=\"auto\">Vi arrangerar ridskola, l\u00e4ger, barnkalas, studiebes\u00f6k, ponnyridning, familjedagar och massa annat skoj. F\u00f6lj oss p\u00e5 Facebook f\u00f6r att inte missa v\u00e5ra roliga evenemang!<\/p>\n<p>&nbsp;<\/p>\n<h4>Att t\u00e4nka p\u00e5 n\u00e4r ni bes\u00f6ker g\u00e5rden:<\/h4>\n<ul>\n<li>G\u00e5 inte in till djuren<\/li>\n<li>Mata inte djuren<\/li>\n<li>Var noga med att sl\u00e4nga ert skr\u00e4p i befintliga papperskorgar<\/li>\n<li>Hundar \u00e4r v\u00e4lkomna men de m\u00e5ste vara kopplade och h\u00e5llas utanf\u00f6r stallet<\/li>\n<li>F\u00f6r att undvika eventuell smittspridning mellan olika stall \u00e4r det v\u00e4ldigt viktigt att tv\u00e4tta kl\u00e4derna mellan bes\u00f6ken!<\/li>\n<\/ul>\n<\/div>\n<h4>Tips &#8211; Planerar du att bes\u00f6ka oss med en st\u00f6rre grupp?<\/h4>\n<p>Planerar du att bes\u00f6ka oss med en st\u00f6rre grupp s\u00e5 som en f\u00f6rskoleklass eller skolklass? Boka d\u00e5 g\u00e4rna ett studiebes\u00f6k f\u00f6r att f\u00e5 ut det b\u00e4sta av er vistelse.[\/vc_column_text][vc_video link=&#8221;https:\/\/vimeo.com\/1008396264?share=copy&#8221; css=&#8221;&#8221; title=&#8221;L\u00e4gersommar p\u00e5 Tolsereds 4H&#8221;][\/vc_column][vc_column width=&#8221;1\/2&#8243;][vc_column_text css=&#8221;&#8221;]<\/p>\n<h2>Vill du sommarjobba som l\u00e4gerledare hos oss i sommar?<\/h2>\n<p>Skicka in din ans\u00f6kan till tolsereds4h@gmail.com<\/p>\n<p>Ber\u00e4tta g\u00e4rna lite om dig sj\u00e4lv och vilka veckor du har m\u00f6jlighet att jobba. Veckor och mer information om l\u00e4gren hittar du h\u00e4r <a href=\"https:\/\/www.4h.se\/tolsered\/sommarlager\/\">https:\/\/www.4h.se\/tolsered\/sommarlager\/<\/a><\/p>\n<p>&nbsp;[\/vc_column_text][vc_column_text]<\/p>\n<h1>Aktuellt just nu!<\/h1>\n<p>[\/vc_column_text][vc_separator color=&#8221;green&#8221; border_width=&#8221;3&#8243; css=&#8221;&#8221;][vc_btn title=&#8221;Sommarl\u00e4ger 2026&#8243; color=&#8221;green&#8221; size=&#8221;lg&#8221; align=&#8221;left&#8221; css=&#8221;&#8221; button_block=&#8221;true&#8221; link=&#8221;url:https%3A%2F%2Fwww.4h.se%2Ftolsered%2Fsommarlager%2F|title:Sommarl%C3%A4ger|target:_blank&#8221;][vc_btn title=&#8221;Studiebes\u00f6k&#8221; color=&#8221;green&#8221; size=&#8221;lg&#8221; align=&#8221;left&#8221; css=&#8221;&#8221; button_block=&#8221;true&#8221; link=&#8221;url:https%3A%2F%2Fwww.4h.se%2Ftolsered%2Fstudiebesok%2F|title:Sommarl%C3%A4ger&#8221;][vc_btn title=&#8221;Barnkalas&#8221; color=&#8221;green&#8221; size=&#8221;lg&#8221; align=&#8221;left&#8221; css=&#8221;&#8221; button_block=&#8221;true&#8221; link=&#8221;url:https%3A%2F%2Fwww.4h.se%2Ftolsered%2Fbarnkalas%2F|title:Sommarl%C3%A4ger&#8221;][vc_column_text][\/vc_column_text][vc_separator color=&#8221;green&#8221; border_width=&#8221;3&#8243; css=&#8221;&#8221;][vc_single_image image=&#8221;588&#8243; img_size=&#8221;medium&#8221; css=&#8221;&#8221;][\/vc_column][\/vc_row][vc_row][vc_column][vc_separator color=&#8221;green&#8221; border_width=&#8221;3&#8243;][\/vc_column][vc_column][vc_row_inner][vc_column_inner width=&#8221;1\/2&#8243;][vc_column_text]<\/p>\n<h3>St\u00f6d g\u00e4rna v\u00e5r verksamhet<\/h3>\n<p>Tolsereds 4H \u00e4r en ideell f\u00f6rening som drivs av engagerade medlemmar, personal och en styrelse. F\u00f6r att verksamheten skall g\u00e5 runt och att vi ska kunna arrangera roliga evenemang till v\u00e5ra medlemmar och allm\u00e4nheten, \u00e4r vi i stort behov av g\u00e5vor. Vill du st\u00f6tta g\u00e5rden genom att sk\u00e4nka en g\u00e5va? Swisha g\u00e4rna till 123 613 30 78, och m\u00e4rk betalningen med &#8221;G\u00e5va&#8221;.<\/p>\n<p>&nbsp;<\/p>\n<h4 style=\"text-align: center\"><span style=\"color: #008b44\"><strong>Tack s\u00e5 mycket f\u00f6r att du \u00e4r med och st\u00f6ttar v\u00e5r verksamhet!<\/strong><\/span><\/h4>\n<p>[\/vc_column_text][\/vc_column_inner][vc_column_inner width=&#8221;1\/2&#8243;][vc_single_image image=&#8221;502&#8243; img_size=&#8221;medium&#8221; alignment=&#8221;center&#8221;][\/vc_column_inner][\/vc_row_inner][vc_separator color=&#8221;green&#8221; border_width=&#8221;3&#8243;][\/vc_column][\/vc_row][vc_row][vc_column][\/vc_column][\/vc_row]<\/p>\n<\/div>","protected":false},"excerpt":{"rendered":"<p>[vc_row][vc_column][vc_separator color=&#8221;green&#8221; border_width=&#8221;3&#8243;][\/vc_column][\/vc_row][vc_row][vc_column width=&#8221;1\/2&#8243;][vc_column_text] V\u00e4lkommen till Tolsereds\u00a04H-g\u00e5rd! [\/vc_column_text][vc_column_text css=&#8221;&#8221;]Tolsereds 4H-g\u00e5rd ligger ca 1,5 mil fr\u00e5n G\u00f6teborg mot Kung\u00e4lv. G\u00e5rden \u00e4r byggd p\u00e5 slutet av 1800-talet och ligger i en natursk\u00f6n lummig milj\u00f6. P\u00e5 g\u00e5rden bor det h\u00e4star, grisar, kor, kaniner, f\u00e5r, h\u00f6ns och katter. Vi har \u00f6ppet alla dagar p\u00e5 \u00e5ret mellan klockan 10.00 och&nbsp; <a href=\"https:\/\/www.4h.se\/tolsered\/\">&hellip; Read more <i class=\"glyphicon glyphicon-arrow-right\"><\/i><\/a><\/p>\n","protected":false},"author":1,"featured_media":0,"parent":0,"menu_order":10,"comment_status":"closed","ping_status":"closed","template":"","meta":{"_acf_changed":false,"footnotes":""},"class_list":["post-39","page","type-page","status-publish","hentry"],"acf":[],"yoast_head":"<!-- This site is optimized with the Yoast SEO plugin v27.5 - https:\/\/yoast.com\/product\/yoast-seo-wordpress\/ -->\n<title>Startsida - Tolsereds 4H-g\u00e5rd<\/title>\n<meta name=\"robots\" content=\"index, follow, max-snippet:-1, max-image-preview:large, max-video-preview:-1\" \/>\n<link rel=\"canonical\" href=\"https:\/\/www.4h.se\/tolsered\/\" \/>\n<meta property=\"og:locale\" content=\"sv_SE\" \/>\n<meta property=\"og:type\" content=\"article\" \/>\n<meta property=\"og:title\" content=\"Startsida - Tolsereds 4H-g\u00e5rd\" \/>\n<meta property=\"og:description\" content=\"[vc_row][vc_column][vc_separator color=&#8221;green&#8221; border_width=&#8221;3&#8243;][\/vc_column][\/vc_row][vc_row][vc_column width=&#8221;1\/2&#8243;][vc_column_text] V\u00e4lkommen till Tolsereds\u00a04H-g\u00e5rd! [\/vc_column_text][vc_column_text css=&#8221;&#8221;]Tolsereds 4H-g\u00e5rd ligger ca 1,5 mil fr\u00e5n G\u00f6teborg mot Kung\u00e4lv. G\u00e5rden \u00e4r byggd p\u00e5 slutet av 1800-talet och ligger i en natursk\u00f6n lummig milj\u00f6. P\u00e5 g\u00e5rden bor det h\u00e4star, grisar, kor, kaniner, f\u00e5r, h\u00f6ns och katter. Vi har \u00f6ppet alla dagar p\u00e5 \u00e5ret mellan klockan 10.00 och&nbsp; &hellip; Read more\" \/>\n<meta property=\"og:url\" content=\"https:\/\/www.4h.se\/tolsered\/\" \/>\n<meta property=\"og:site_name\" content=\"Tolsereds 4H-g\u00e5rd\" \/>\n<meta property=\"article:modified_time\" content=\"2026-04-22T07:05:30+00:00\" \/>\n<meta name=\"twitter:card\" content=\"summary_large_image\" \/>\n<meta name=\"twitter:label1\" content=\"Ber\u00e4knad l\u00e4stid\" \/>\n\t<meta name=\"twitter:data1\" content=\"3 minuter\" \/>\n<script type=\"application\/ld+json\" class=\"yoast-schema-graph\">{\"@context\":\"https:\\\/\\\/schema.org\",\"@graph\":[{\"@type\":\"WebPage\",\"@id\":\"https:\\\/\\\/www.4h.se\\\/tolsered\\\/\",\"url\":\"https:\\\/\\\/www.4h.se\\\/tolsered\\\/\",\"name\":\"Startsida - Tolsereds 4H-g\u00e5rd\",\"isPartOf\":{\"@id\":\"https:\\\/\\\/www.4h.se\\\/tolsered\\\/#website\"},\"datePublished\":\"2014-12-09T19:10:35+00:00\",\"dateModified\":\"2026-04-22T07:05:30+00:00\",\"breadcrumb\":{\"@id\":\"https:\\\/\\\/www.4h.se\\\/tolsered\\\/#breadcrumb\"},\"inLanguage\":\"sv-SE\",\"potentialAction\":[{\"@type\":\"ReadAction\",\"target\":[\"https:\\\/\\\/www.4h.se\\\/tolsered\\\/\"]}]},{\"@type\":\"BreadcrumbList\",\"@id\":\"https:\\\/\\\/www.4h.se\\\/tolsered\\\/#breadcrumb\",\"itemListElement\":[{\"@type\":\"ListItem\",\"position\":1,\"name\":\"Hem\",\"item\":\"https:\\\/\\\/www.4h.se\\\/tolsered\\\/\"},{\"@type\":\"ListItem\",\"position\":2,\"name\":\"Startsida\"}]},{\"@type\":\"WebSite\",\"@id\":\"https:\\\/\\\/www.4h.se\\\/tolsered\\\/#website\",\"url\":\"https:\\\/\\\/www.4h.se\\\/tolsered\\\/\",\"name\":\"Tolsereds 4H-g\u00e5rd\",\"description\":\"\",\"potentialAction\":[{\"@type\":\"SearchAction\",\"target\":{\"@type\":\"EntryPoint\",\"urlTemplate\":\"https:\\\/\\\/www.4h.se\\\/tolsered\\\/?s={search_term_string}\"},\"query-input\":{\"@type\":\"PropertyValueSpecification\",\"valueRequired\":true,\"valueName\":\"search_term_string\"}}],\"inLanguage\":\"sv-SE\"}]}<\/script>\n<!-- \/ Yoast SEO plugin. -->","yoast_head_json":{"title":"Startsida - Tolsereds 4H-g\u00e5rd","robots":{"index":"index","follow":"follow","max-snippet":"max-snippet:-1","max-image-preview":"max-image-preview:large","max-video-preview":"max-video-preview:-1"},"canonical":"https:\/\/www.4h.se\/tolsered\/","og_locale":"sv_SE","og_type":"article","og_title":"Startsida - Tolsereds 4H-g\u00e5rd","og_description":"[vc_row][vc_column][vc_separator color=&#8221;green&#8221; border_width=&#8221;3&#8243;][\/vc_column][\/vc_row][vc_row][vc_column width=&#8221;1\/2&#8243;][vc_column_text] V\u00e4lkommen till Tolsereds\u00a04H-g\u00e5rd! [\/vc_column_text][vc_column_text css=&#8221;&#8221;]Tolsereds 4H-g\u00e5rd ligger ca 1,5 mil fr\u00e5n G\u00f6teborg mot Kung\u00e4lv. G\u00e5rden \u00e4r byggd p\u00e5 slutet av 1800-talet och ligger i en natursk\u00f6n lummig milj\u00f6. P\u00e5 g\u00e5rden bor det h\u00e4star, grisar, kor, kaniner, f\u00e5r, h\u00f6ns och katter. Vi har \u00f6ppet alla dagar p\u00e5 \u00e5ret mellan klockan 10.00 och&nbsp; &hellip; Read more","og_url":"https:\/\/www.4h.se\/tolsered\/","og_site_name":"Tolsereds 4H-g\u00e5rd","article_modified_time":"2026-04-22T07:05:30+00:00","twitter_card":"summary_large_image","twitter_misc":{"Ber\u00e4knad l\u00e4stid":"3 minuter"},"schema":{"@context":"https:\/\/schema.org","@graph":[{"@type":"WebPage","@id":"https:\/\/www.4h.se\/tolsered\/","url":"https:\/\/www.4h.se\/tolsered\/","name":"Startsida - Tolsereds 4H-g\u00e5rd","isPartOf":{"@id":"https:\/\/www.4h.se\/tolsered\/#website"},"datePublished":"2014-12-09T19:10:35+00:00","dateModified":"2026-04-22T07:05:30+00:00","breadcrumb":{"@id":"https:\/\/www.4h.se\/tolsered\/#breadcrumb"},"inLanguage":"sv-SE","potentialAction":[{"@type":"ReadAction","target":["https:\/\/www.4h.se\/tolsered\/"]}]},{"@type":"BreadcrumbList","@id":"https:\/\/www.4h.se\/tolsered\/#breadcrumb","itemListElement":[{"@type":"ListItem","position":1,"name":"Hem","item":"https:\/\/www.4h.se\/tolsered\/"},{"@type":"ListItem","position":2,"name":"Startsida"}]},{"@type":"WebSite","@id":"https:\/\/www.4h.se\/tolsered\/#website","url":"https:\/\/www.4h.se\/tolsered\/","name":"Tolsereds 4H-g\u00e5rd","description":"","potentialAction":[{"@type":"SearchAction","target":{"@type":"EntryPoint","urlTemplate":"https:\/\/www.4h.se\/tolsered\/?s={search_term_string}"},"query-input":{"@type":"PropertyValueSpecification","valueRequired":true,"valueName":"search_term_string"}}],"inLanguage":"sv-SE"}]}},"_links":{"self":[{"href":"https:\/\/www.4h.se\/tolsered\/wp-json\/wp\/v2\/pages\/39","targetHints":{"allow":["GET"]}}],"collection":[{"href":"https:\/\/www.4h.se\/tolsered\/wp-json\/wp\/v2\/pages"}],"about":[{"href":"https:\/\/www.4h.se\/tolsered\/wp-json\/wp\/v2\/types\/page"}],"author":[{"embeddable":true,"href":"https:\/\/www.4h.se\/tolsered\/wp-json\/wp\/v2\/users\/1"}],"replies":[{"embeddable":true,"href":"https:\/\/www.4h.se\/tolsered\/wp-json\/wp\/v2\/comments?post=39"}],"version-history":[{"count":0,"href":"https:\/\/www.4h.se\/tolsered\/wp-json\/wp\/v2\/pages\/39\/revisions"}],"wp:attachment":[{"href":"https:\/\/www.4h.se\/tolsered\/wp-json\/wp\/v2\/media?parent=39"}],"curies":[{"name":"wp","href":"https:\/\/api.w.org\/{rel}","templated":true}]}}