



{"id":425,"date":"2019-03-29T09:49:52","date_gmt":"2019-03-29T08:49:52","guid":{"rendered":"https:\/\/www.4h.se\/teleborg\/?page_id=425"},"modified":"2026-04-15T13:54:53","modified_gmt":"2026-04-15T11:54:53","slug":"sommarlager","status":"publish","type":"page","link":"https:\/\/www.4h.se\/teleborg\/sommarlager\/","title":{"rendered":"Sommarl\u00e4ger"},"content":{"rendered":"<div class=\"wpb-content-wrapper\"><p>[vc_row][vc_column][vc_single_image image=&#8221;543&#8243; img_size=&#8221;1800&#215;400&#8243;][\/vc_column][\/vc_row][vc_row][vc_column width=&#8221;1\/2&#8243;][vc_column_text]<\/p>\n<h1 style=\"text-align: center;\"><span style=\"color: #000000;\">Sommarl\u00e4ger<\/span><\/h1>\n<h4 style=\"text-align: center;\"><span style=\"color: #000000;\">\u00c5rets b\u00e4sta tid!<\/span><\/h4>\n<p>&nbsp;<\/p>\n<p style=\"text-align: left;\"><span style=\"color: #000000;\">Ge dig ut p\u00e5 en of\u00f6rgl\u00f6mlig sommar fylld av skratt, v\u00e4nskap och uppt\u00e4ckter p\u00e5 4H Teleborgs l\u00e4ger. V\u00e5r sommarg\u00e5rd ligger mitt i Teleborgs fina natur med sj\u00f6n som granne. Tr\u00e4ffa v\u00e4nliga djur, skapa varaktiga band med nya v\u00e4nner och dyk in i sp\u00e4nnande \u00e4ventyr utomhus. V\u00e5r unika blandning av praktiska aktiviteter s\u00e4kerst\u00e4ller inte bara att barnen har det roligt utan ocks\u00e5 l\u00e4r sig v\u00e4rdefulla f\u00e4rdigheter genom att g\u00f6ra. Var med p\u00e5 en sommar fylld av gl\u00e4dje och of\u00f6rgl\u00f6mliga minnen! Vi ger utrymme till kreativa id\u00e9er och barnens f\u00f6rslag. L\u00e4gret leds av vuxna med stor erfarenhet samt 4Hs egna ledare. Alla mellanm\u00e5l lagar\/bakar vi sj\u00e4lva s\u00e5 fika ing\u00e5r men alla har med sig egen lunchl\u00e5da. P\u00e5 g\u00e5rden har vi micro att v\u00e4rma maten i.<\/span><\/p>\n<p style=\"text-align: left;\"><span style=\"color: #000000;\">F\u00f6r att g\u00f6ra l\u00e4gerupplevelsen \u00e4nnu mer minnesv\u00e4rd ing\u00e5r en h\u00e4ftig l\u00e4gertr\u00f6ja i priset. En tr\u00f6ja som alla l\u00e4gerdeltagare i hela Sverige f\u00e5r likadana.<\/span><\/p>\n<h5><\/h5>\n<p>[\/vc_column_text][vc_row_inner][vc_column_inner][vc_column_text css=&#8221;&#8221;]<\/p>\n<h3 style=\"text-align: left;\">N\u00e4sta l\u00e4ger:<\/h3>\n<p>[\/vc_column_text][\/vc_column_inner][\/vc_row_inner][vc_row_inner][vc_column_inner width=&#8221;1\/3&#8243;][vc_btn title=&#8221;Sommarl\u00e4ger vecka 26&#8243; color=&#8221;success&#8221; css=&#8221;&#8221; link=&#8221;url:http%3A%2F%2Fwww.studieframjandet.se%2F504713|title:Sommarl%C3%A4ger%20vecka%2026&#8243;][\/vc_column_inner][vc_column_inner width=&#8221;1\/3&#8243;][vc_btn title=&#8221;Sommarl\u00e4ger vecka 27&#8243; color=&#8221;success&#8221; css=&#8221;&#8221; link=&#8221;url:http%3A%2F%2Fwww.studieframjandet.se%2F504741|title:Sommarl%C3%A4ger%20vecka%2027&#8243;][\/vc_column_inner][vc_column_inner width=&#8221;1\/3&#8243;][vc_btn title=&#8221;Sommarl\u00e4ger vecka 28&#8243; color=&#8221;success&#8221; css=&#8221;&#8221; link=&#8221;url:http%3A%2F%2Fwww.studieframjandet.se%2F504742&#8243;][\/vc_column_inner][\/vc_row_inner][\/vc_column][vc_column width=&#8221;1\/2&#8243;][vc_single_image image=&#8221;615&#8243; img_size=&#8221;500&#215;500&#8243; css=&#8221;&#8221;][vc_message message_box_style=&#8221;solid-icon&#8221; message_box_color=&#8221;green&#8221;]<span style=\"color: #000000;\"><strong>Avbokning<\/strong><\/span><\/p>\n<p><span style=\"color: #000000;\">Skall ske senast tv\u00e5 veckor f\u00f6re l\u00e4grets start, i annat fall betalas\u00a0<strong>INTE<\/strong>\u00a0l\u00e4geravgiften \u00e5ter.<\/span><\/p>\n<p><span style=\"color: #000000;\">Vid sjukdom \u00e5terbetalas halva l\u00e4geravgiften mot uppvisande av l\u00e4karintyg.<\/span><\/p>\n<p><span style=\"color: #000000;\"><strong>Medlemsavgiften \u00e5terbetalas enligt distansk\u00f6plagen!<\/strong><\/span>[\/vc_message][\/vc_column][\/vc_row][vc_row][vc_column][\/vc_column][\/vc_row]<\/p>\n<\/div>","protected":false},"excerpt":{"rendered":"<p>[vc_row][vc_column][vc_single_image image=&#8221;543&#8243; img_size=&#8221;1800&#215;400&#8243;][\/vc_column][\/vc_row][vc_row][vc_column width=&#8221;1\/2&#8243;][vc_column_text] Sommarl\u00e4ger \u00c5rets b\u00e4sta tid! &nbsp; Ge dig ut p\u00e5 en of\u00f6rgl\u00f6mlig sommar fylld av skratt, v\u00e4nskap och uppt\u00e4ckter p\u00e5 4H Teleborgs l\u00e4ger. V\u00e5r sommarg\u00e5rd ligger mitt i Teleborgs fina natur med sj\u00f6n som granne. Tr\u00e4ffa v\u00e4nliga djur, skapa varaktiga band med nya v\u00e4nner och dyk in i sp\u00e4nnande \u00e4ventyr utomhus. V\u00e5r&nbsp; <a href=\"https:\/\/www.4h.se\/teleborg\/sommarlager\/\">&hellip; Read more <i class=\"glyphicon glyphicon-arrow-right\"><\/i><\/a><\/p>\n","protected":false},"author":85,"featured_media":0,"parent":0,"menu_order":0,"comment_status":"closed","ping_status":"closed","template":"","meta":{"footnotes":""},"class_list":["post-425","page","type-page","status-publish","hentry"],"yoast_head":"<!-- This site is optimized with the Yoast SEO plugin v27.4 - https:\/\/yoast.com\/product\/yoast-seo-wordpress\/ -->\n<title>Sommarl\u00e4ger - Teleborgs 4H-g\u00e5rd<\/title>\n<meta name=\"robots\" content=\"index, follow, max-snippet:-1, max-image-preview:large, max-video-preview:-1\" \/>\n<link rel=\"canonical\" href=\"https:\/\/www.4h.se\/teleborg\/sommarlager\/\" \/>\n<meta property=\"og:locale\" content=\"sv_SE\" \/>\n<meta property=\"og:type\" content=\"article\" \/>\n<meta property=\"og:title\" content=\"Sommarl\u00e4ger - Teleborgs 4H-g\u00e5rd\" \/>\n<meta property=\"og:description\" content=\"[vc_row][vc_column][vc_single_image image=&#8221;543&#8243; img_size=&#8221;1800&#215;400&#8243;][\/vc_column][\/vc_row][vc_row][vc_column width=&#8221;1\/2&#8243;][vc_column_text] Sommarl\u00e4ger \u00c5rets b\u00e4sta tid! &nbsp; Ge dig ut p\u00e5 en of\u00f6rgl\u00f6mlig sommar fylld av skratt, v\u00e4nskap och uppt\u00e4ckter p\u00e5 4H Teleborgs l\u00e4ger. V\u00e5r sommarg\u00e5rd ligger mitt i Teleborgs fina natur med sj\u00f6n som granne. Tr\u00e4ffa v\u00e4nliga djur, skapa varaktiga band med nya v\u00e4nner och dyk in i sp\u00e4nnande \u00e4ventyr utomhus. V\u00e5r&nbsp; &hellip; Read more\" \/>\n<meta property=\"og:url\" content=\"https:\/\/www.4h.se\/teleborg\/sommarlager\/\" \/>\n<meta property=\"og:site_name\" content=\"Teleborgs 4H-g\u00e5rd\" \/>\n<meta property=\"article:modified_time\" content=\"2026-04-15T11:54:53+00:00\" \/>\n<meta name=\"twitter:card\" content=\"summary_large_image\" \/>\n<meta name=\"twitter:label1\" content=\"Ber\u00e4knad l\u00e4stid\" \/>\n\t<meta name=\"twitter:data1\" content=\"2 minuter\" \/>\n<script type=\"application\/ld+json\" class=\"yoast-schema-graph\">{\"@context\":\"https:\\\/\\\/schema.org\",\"@graph\":[{\"@type\":\"WebPage\",\"@id\":\"https:\\\/\\\/www.4h.se\\\/teleborg\\\/sommarlager\\\/\",\"url\":\"https:\\\/\\\/www.4h.se\\\/teleborg\\\/sommarlager\\\/\",\"name\":\"Sommarl\u00e4ger - Teleborgs 4H-g\u00e5rd\",\"isPartOf\":{\"@id\":\"https:\\\/\\\/www.4h.se\\\/teleborg\\\/#website\"},\"datePublished\":\"2019-03-29T08:49:52+00:00\",\"dateModified\":\"2026-04-15T11:54:53+00:00\",\"breadcrumb\":{\"@id\":\"https:\\\/\\\/www.4h.se\\\/teleborg\\\/sommarlager\\\/#breadcrumb\"},\"inLanguage\":\"sv-SE\",\"potentialAction\":[{\"@type\":\"ReadAction\",\"target\":[\"https:\\\/\\\/www.4h.se\\\/teleborg\\\/sommarlager\\\/\"]}]},{\"@type\":\"BreadcrumbList\",\"@id\":\"https:\\\/\\\/www.4h.se\\\/teleborg\\\/sommarlager\\\/#breadcrumb\",\"itemListElement\":[{\"@type\":\"ListItem\",\"position\":1,\"name\":\"Hem\",\"item\":\"https:\\\/\\\/www.4h.se\\\/teleborg\\\/\"},{\"@type\":\"ListItem\",\"position\":2,\"name\":\"Sommarl\u00e4ger\"}]},{\"@type\":\"WebSite\",\"@id\":\"https:\\\/\\\/www.4h.se\\\/teleborg\\\/#website\",\"url\":\"https:\\\/\\\/www.4h.se\\\/teleborg\\\/\",\"name\":\"Teleborgs 4H-g\u00e5rd\",\"description\":\"\",\"potentialAction\":[{\"@type\":\"SearchAction\",\"target\":{\"@type\":\"EntryPoint\",\"urlTemplate\":\"https:\\\/\\\/www.4h.se\\\/teleborg\\\/?s={search_term_string}\"},\"query-input\":{\"@type\":\"PropertyValueSpecification\",\"valueRequired\":true,\"valueName\":\"search_term_string\"}}],\"inLanguage\":\"sv-SE\"}]}<\/script>\n<!-- \/ Yoast SEO plugin. -->","yoast_head_json":{"title":"Sommarl\u00e4ger - Teleborgs 4H-g\u00e5rd","robots":{"index":"index","follow":"follow","max-snippet":"max-snippet:-1","max-image-preview":"max-image-preview:large","max-video-preview":"max-video-preview:-1"},"canonical":"https:\/\/www.4h.se\/teleborg\/sommarlager\/","og_locale":"sv_SE","og_type":"article","og_title":"Sommarl\u00e4ger - Teleborgs 4H-g\u00e5rd","og_description":"[vc_row][vc_column][vc_single_image image=&#8221;543&#8243; img_size=&#8221;1800&#215;400&#8243;][\/vc_column][\/vc_row][vc_row][vc_column width=&#8221;1\/2&#8243;][vc_column_text] Sommarl\u00e4ger \u00c5rets b\u00e4sta tid! &nbsp; Ge dig ut p\u00e5 en of\u00f6rgl\u00f6mlig sommar fylld av skratt, v\u00e4nskap och uppt\u00e4ckter p\u00e5 4H Teleborgs l\u00e4ger. V\u00e5r sommarg\u00e5rd ligger mitt i Teleborgs fina natur med sj\u00f6n som granne. Tr\u00e4ffa v\u00e4nliga djur, skapa varaktiga band med nya v\u00e4nner och dyk in i sp\u00e4nnande \u00e4ventyr utomhus. V\u00e5r&nbsp; &hellip; Read more","og_url":"https:\/\/www.4h.se\/teleborg\/sommarlager\/","og_site_name":"Teleborgs 4H-g\u00e5rd","article_modified_time":"2026-04-15T11:54:53+00:00","twitter_card":"summary_large_image","twitter_misc":{"Ber\u00e4knad l\u00e4stid":"2 minuter"},"schema":{"@context":"https:\/\/schema.org","@graph":[{"@type":"WebPage","@id":"https:\/\/www.4h.se\/teleborg\/sommarlager\/","url":"https:\/\/www.4h.se\/teleborg\/sommarlager\/","name":"Sommarl\u00e4ger - Teleborgs 4H-g\u00e5rd","isPartOf":{"@id":"https:\/\/www.4h.se\/teleborg\/#website"},"datePublished":"2019-03-29T08:49:52+00:00","dateModified":"2026-04-15T11:54:53+00:00","breadcrumb":{"@id":"https:\/\/www.4h.se\/teleborg\/sommarlager\/#breadcrumb"},"inLanguage":"sv-SE","potentialAction":[{"@type":"ReadAction","target":["https:\/\/www.4h.se\/teleborg\/sommarlager\/"]}]},{"@type":"BreadcrumbList","@id":"https:\/\/www.4h.se\/teleborg\/sommarlager\/#breadcrumb","itemListElement":[{"@type":"ListItem","position":1,"name":"Hem","item":"https:\/\/www.4h.se\/teleborg\/"},{"@type":"ListItem","position":2,"name":"Sommarl\u00e4ger"}]},{"@type":"WebSite","@id":"https:\/\/www.4h.se\/teleborg\/#website","url":"https:\/\/www.4h.se\/teleborg\/","name":"Teleborgs 4H-g\u00e5rd","description":"","potentialAction":[{"@type":"SearchAction","target":{"@type":"EntryPoint","urlTemplate":"https:\/\/www.4h.se\/teleborg\/?s={search_term_string}"},"query-input":{"@type":"PropertyValueSpecification","valueRequired":true,"valueName":"search_term_string"}}],"inLanguage":"sv-SE"}]}},"_links":{"self":[{"href":"https:\/\/www.4h.se\/teleborg\/wp-json\/wp\/v2\/pages\/425","targetHints":{"allow":["GET"]}}],"collection":[{"href":"https:\/\/www.4h.se\/teleborg\/wp-json\/wp\/v2\/pages"}],"about":[{"href":"https:\/\/www.4h.se\/teleborg\/wp-json\/wp\/v2\/types\/page"}],"author":[{"embeddable":true,"href":"https:\/\/www.4h.se\/teleborg\/wp-json\/wp\/v2\/users\/85"}],"replies":[{"embeddable":true,"href":"https:\/\/www.4h.se\/teleborg\/wp-json\/wp\/v2\/comments?post=425"}],"version-history":[{"count":0,"href":"https:\/\/www.4h.se\/teleborg\/wp-json\/wp\/v2\/pages\/425\/revisions"}],"wp:attachment":[{"href":"https:\/\/www.4h.se\/teleborg\/wp-json\/wp\/v2\/media?parent=425"}],"curies":[{"name":"wp","href":"https:\/\/api.w.org\/{rel}","templated":true}]}}