



{"id":560,"date":"2018-05-04T17:29:59","date_gmt":"2018-05-04T15:29:59","guid":{"rendered":"http:\/\/www.4h.se\/tanto\/?page_id=560"},"modified":"2018-05-04T18:16:47","modified_gmt":"2018-05-04T16:16:47","slug":"hast","status":"publish","type":"page","link":"https:\/\/www.4h.se\/tanto\/hast\/","title":{"rendered":"H\u00e4st"},"content":{"rendered":"<div class=\"wpb-content-wrapper\"><p>[vc_row][vc_column][vc_column_text]<\/p>\n<h1><span class=\"m_8361259825574487507Apple-style-span\"><span class=\"il\">Svensk lantras H\u00e4st<\/span><\/span><\/h1>\n<p>Det finns tv\u00e5 h\u00e4straser som r\u00e4knas som Svensk lantras och bevaras i genbank. Det \u00e4r Gotlandsruss och Nordsvensk.<\/p>\n<h1><\/h1>\n<h1><span class=\"il\">Gotlandsrusset<\/span><\/h1>\n<p>\u200b<\/p>\n<p>\u00c4ven om russet \u00e4r\u00a0en liten\u00a0h\u00e4st, sett till mankh\u00f6jden, \u00e4r det en stark och viktb\u00e4rande ponny. Kan mycket v\u00e4l ridas av vuxna, som inte \u00e4r allt f\u00f6r tunga. Detta \u00e4r till f\u00f6rdel d\u00e5 de kan utbildas av erfarna ryttare f\u00f6r att t\u00e4vlas av barn. I bruks och skogsarbete har russet sin givna plats. Russet kan hj\u00e4lpa oss med m\u00e5nga sysslor p\u00e5 g\u00e5rden, som att k\u00f6ra ut vatten och foder till hagarna, dra fram ved fr\u00e5n skogen, harva ridbanan och mycket annat som kr\u00e4ver en lugn och stark liten h\u00e4st, som dessutom \u00e4r billig i drift.<\/p>\n<p>Vill man t\u00e4vla finns t\u00e4vlingar i alla discipliner, d\u00e4r russ kan h\u00e4vda sig v\u00e4l. Inom ridsportens grenar (hoppning, dressyr och f\u00e4ltt\u00e4vlan) kr\u00e4vs tyv\u00e4rr att ryttaren \u00e4r under 13 \u00e5r, om russet \u00e4r B-ponny. Inom \u00f6vriga grenar \u00e4r det fritt fram f\u00f6r vuxna russryttare.<\/p>\n<p>Den vanligaste t\u00e4vlingsgrenen f\u00f6r russen \u00e4r dock ponnytravet. Det finns nog inte n\u00e5gon h\u00e4st i den storleken, som kan trava s\u00e5 fort som russen. Ponnytravet engagerar m\u00e5nga ungdomar, som senare blir aktiva inom travsporten.\u00a0Vissa russ \u00e4r l\u00e4mpligare \u00e4n andra f\u00f6r trav, men de flesta russ kan tr\u00e4nas upp till goda ponnytravare. Att vara en god travare inneb\u00e4r inte att de inte kan prestera\u00a0\u00e4ven inom andra omr\u00e5den.<\/p>\n<p>F\u00f6rutom sin stora anv\u00e4ndbarhet \u00e4r russet \u00e4ven en mycket sund och frisk h\u00e4st, som inte s\u00e5 ofta \u00e4r sjuk eller skadad. Det \u00e4r ocks\u00e5 vanligt att russen blir mycket gamla och \u00e4r aktiva hela livet.<\/p>\n<p>Vi skall heller inte gl\u00f6mma att Det Svenska <span class=\"il\">Gotlandsrusset<\/span> \u00e4r en av Europas \u00e4ldsta h\u00e4straser, och Sveriges enda inhemska ponnyras, som anv\u00e4nts av m\u00e4nniskan sedan mer \u00e4n 6000 \u00e5r. Allts\u00e5 en ras att vara stolt \u00f6ver, oavsett om man har ett eget russ eller ej.<\/p>\n<p>Gotlandsruss finns p\u00e5 Eolsh\u00e4lls 4H-g\u00e5rd, F\u00e4rsna 4H-g\u00e5rd och St\u00e4ttareds 4H-g\u00e5rd.<\/p>\n<h1>Nordsvensk h\u00e4st<\/h1>\n<p>Den nordsvenska h\u00e4sten \u00e4r en h\u00e4st som kan anv\u00e4ndas f\u00f6r k\u00f6rning, hoppning, dressyr, f\u00e4ltt\u00e4vlan och westernritt. Med sitt goda terr\u00e4ngsinne tar nordsvensken sig fram \u00f6verallt och passar bra f\u00f6r turridning och uteritter. Nordsvensken \u00e4r en medelstor kallblodsh\u00e4st som tillsammans med gotlandsrusset \u00e4r Sveriges enda inhemska h\u00e4straser. Rasen anv\u00e4ndes l\u00e4nge inom skogs- och jordbruket och inom milit\u00e4ren. F\u00f6r att tillgodose deras krav korsades nordsvensken under1800-talet med andra raser. Det gjorde att den gamla lantrash\u00e4sten riskerade att f\u00f6rsvinna och i slutet av 1800-talet startade avelsarbetet f\u00f6r att f\u00f6rs\u00f6ka stoppa korsningarna. N\u00e4r industrialiseringen bredde ut sig sj\u00f6nk dock efterfr\u00e5gan p\u00e5 h\u00e4star kraftigt.<br \/>\nNordsvensken har ett mycket gott lynne och l\u00e4mpar sig v\u00e4l som ridskoleh\u00e4st och till handikappridning.<br \/>\nDagens nordsvenska h\u00e4st kan f\u00f6ljas bak\u00e5t genom historien till en svensk eller m\u00f6jligen skandinavisk lantras. Utseendet och framf\u00f6rallt storleken skilde ganska mycket beroende p\u00e5 var i landet h\u00e4sten levde.<\/p>\n<p>Vikt: 500 \u2013 700 kg<br \/>\nMankh\u00f6jd: hingst 157 cm, sto 153 cm<br \/>\nNordsvensken \u00e4r ganska muskul\u00f6s och lite grov i kroppen.<\/p>\n<p>F\u00e4rgen p\u00e5 nordsvensk h\u00e4st kan vara brun, m\u00f6rkbrun, svart, gulbrun, isabell (ljust gul), svartgul och avblekbar skimmel.<\/p>\n<p class=\"yj6qo\">Nordsvensk h\u00e4st finns p\u00e5 V\u00e4xj\u00f6 4H-g\u00e5rd och St\u00e4ttareds 4H-g\u00e5rd.<\/p>\n<p>[\/vc_column_text][\/vc_column][\/vc_row]<\/p>\n<\/div>","protected":false},"excerpt":{"rendered":"<p>[vc_row][vc_column][vc_column_text] Svensk lantras H\u00e4st Det finns tv\u00e5 h\u00e4straser som r\u00e4knas som Svensk lantras och bevaras i genbank. Det \u00e4r Gotlandsruss och Nordsvensk. Gotlandsrusset \u200b \u00c4ven om russet \u00e4r\u00a0en liten\u00a0h\u00e4st, sett till mankh\u00f6jden, \u00e4r det en stark och viktb\u00e4rande ponny. Kan mycket v\u00e4l ridas av vuxna, som inte \u00e4r allt f\u00f6r tunga. Detta \u00e4r till f\u00f6rdel&nbsp; <a href=\"https:\/\/www.4h.se\/tanto\/hast\/\">&hellip; Read more <i class=\"glyphicon glyphicon-arrow-right\"><\/i><\/a><\/p>\n","protected":false},"author":30,"featured_media":0,"parent":0,"menu_order":0,"comment_status":"closed","ping_status":"closed","template":"","meta":{"_acf_changed":false,"footnotes":""},"class_list":["post-560","page","type-page","status-publish","hentry"],"acf":[],"yoast_head":"<!-- This site is optimized with the Yoast SEO plugin v27.5 - https:\/\/yoast.com\/product\/yoast-seo-wordpress\/ -->\n<title>H\u00e4st - Tanto 4H-klubb<\/title>\n<meta name=\"robots\" content=\"index, follow, max-snippet:-1, max-image-preview:large, max-video-preview:-1\" \/>\n<link rel=\"canonical\" href=\"https:\/\/www.4h.se\/tanto\/hast\/\" \/>\n<meta property=\"og:locale\" content=\"sv_SE\" \/>\n<meta property=\"og:type\" content=\"article\" \/>\n<meta property=\"og:title\" content=\"H\u00e4st - Tanto 4H-klubb\" \/>\n<meta property=\"og:description\" content=\"[vc_row][vc_column][vc_column_text] Svensk lantras H\u00e4st Det finns tv\u00e5 h\u00e4straser som r\u00e4knas som Svensk lantras och bevaras i genbank. Det \u00e4r Gotlandsruss och Nordsvensk. Gotlandsrusset \u200b \u00c4ven om russet \u00e4r\u00a0en liten\u00a0h\u00e4st, sett till mankh\u00f6jden, \u00e4r det en stark och viktb\u00e4rande ponny. Kan mycket v\u00e4l ridas av vuxna, som inte \u00e4r allt f\u00f6r tunga. Detta \u00e4r till f\u00f6rdel&nbsp; &hellip; Read more\" \/>\n<meta property=\"og:url\" content=\"https:\/\/www.4h.se\/tanto\/hast\/\" \/>\n<meta property=\"og:site_name\" content=\"Tanto 4H-klubb\" \/>\n<meta property=\"article:modified_time\" content=\"2018-05-04T16:16:47+00:00\" \/>\n<meta name=\"twitter:card\" content=\"summary_large_image\" \/>\n<meta name=\"twitter:label1\" content=\"Ber\u00e4knad l\u00e4stid\" \/>\n\t<meta name=\"twitter:data1\" content=\"3 minuter\" \/>\n<script type=\"application\/ld+json\" class=\"yoast-schema-graph\">{\"@context\":\"https:\\\/\\\/schema.org\",\"@graph\":[{\"@type\":\"WebPage\",\"@id\":\"https:\\\/\\\/www.4h.se\\\/tanto\\\/hast\\\/\",\"url\":\"https:\\\/\\\/www.4h.se\\\/tanto\\\/hast\\\/\",\"name\":\"H\u00e4st - Tanto 4H-klubb\",\"isPartOf\":{\"@id\":\"https:\\\/\\\/www.4h.se\\\/tanto\\\/#website\"},\"datePublished\":\"2018-05-04T15:29:59+00:00\",\"dateModified\":\"2018-05-04T16:16:47+00:00\",\"breadcrumb\":{\"@id\":\"https:\\\/\\\/www.4h.se\\\/tanto\\\/hast\\\/#breadcrumb\"},\"inLanguage\":\"sv-SE\",\"potentialAction\":[{\"@type\":\"ReadAction\",\"target\":[\"https:\\\/\\\/www.4h.se\\\/tanto\\\/hast\\\/\"]}]},{\"@type\":\"BreadcrumbList\",\"@id\":\"https:\\\/\\\/www.4h.se\\\/tanto\\\/hast\\\/#breadcrumb\",\"itemListElement\":[{\"@type\":\"ListItem\",\"position\":1,\"name\":\"Hem\",\"item\":\"https:\\\/\\\/www.4h.se\\\/tanto\\\/\"},{\"@type\":\"ListItem\",\"position\":2,\"name\":\"H\u00e4st\"}]},{\"@type\":\"WebSite\",\"@id\":\"https:\\\/\\\/www.4h.se\\\/tanto\\\/#website\",\"url\":\"https:\\\/\\\/www.4h.se\\\/tanto\\\/\",\"name\":\"Tanto 4H-klubb\",\"description\":\"\",\"potentialAction\":[{\"@type\":\"SearchAction\",\"target\":{\"@type\":\"EntryPoint\",\"urlTemplate\":\"https:\\\/\\\/www.4h.se\\\/tanto\\\/?s={search_term_string}\"},\"query-input\":{\"@type\":\"PropertyValueSpecification\",\"valueRequired\":true,\"valueName\":\"search_term_string\"}}],\"inLanguage\":\"sv-SE\"}]}<\/script>\n<!-- \/ Yoast SEO plugin. -->","yoast_head_json":{"title":"H\u00e4st - Tanto 4H-klubb","robots":{"index":"index","follow":"follow","max-snippet":"max-snippet:-1","max-image-preview":"max-image-preview:large","max-video-preview":"max-video-preview:-1"},"canonical":"https:\/\/www.4h.se\/tanto\/hast\/","og_locale":"sv_SE","og_type":"article","og_title":"H\u00e4st - Tanto 4H-klubb","og_description":"[vc_row][vc_column][vc_column_text] Svensk lantras H\u00e4st Det finns tv\u00e5 h\u00e4straser som r\u00e4knas som Svensk lantras och bevaras i genbank. Det \u00e4r Gotlandsruss och Nordsvensk. Gotlandsrusset \u200b \u00c4ven om russet \u00e4r\u00a0en liten\u00a0h\u00e4st, sett till mankh\u00f6jden, \u00e4r det en stark och viktb\u00e4rande ponny. Kan mycket v\u00e4l ridas av vuxna, som inte \u00e4r allt f\u00f6r tunga. Detta \u00e4r till f\u00f6rdel&nbsp; &hellip; Read more","og_url":"https:\/\/www.4h.se\/tanto\/hast\/","og_site_name":"Tanto 4H-klubb","article_modified_time":"2018-05-04T16:16:47+00:00","twitter_card":"summary_large_image","twitter_misc":{"Ber\u00e4knad l\u00e4stid":"3 minuter"},"schema":{"@context":"https:\/\/schema.org","@graph":[{"@type":"WebPage","@id":"https:\/\/www.4h.se\/tanto\/hast\/","url":"https:\/\/www.4h.se\/tanto\/hast\/","name":"H\u00e4st - Tanto 4H-klubb","isPartOf":{"@id":"https:\/\/www.4h.se\/tanto\/#website"},"datePublished":"2018-05-04T15:29:59+00:00","dateModified":"2018-05-04T16:16:47+00:00","breadcrumb":{"@id":"https:\/\/www.4h.se\/tanto\/hast\/#breadcrumb"},"inLanguage":"sv-SE","potentialAction":[{"@type":"ReadAction","target":["https:\/\/www.4h.se\/tanto\/hast\/"]}]},{"@type":"BreadcrumbList","@id":"https:\/\/www.4h.se\/tanto\/hast\/#breadcrumb","itemListElement":[{"@type":"ListItem","position":1,"name":"Hem","item":"https:\/\/www.4h.se\/tanto\/"},{"@type":"ListItem","position":2,"name":"H\u00e4st"}]},{"@type":"WebSite","@id":"https:\/\/www.4h.se\/tanto\/#website","url":"https:\/\/www.4h.se\/tanto\/","name":"Tanto 4H-klubb","description":"","potentialAction":[{"@type":"SearchAction","target":{"@type":"EntryPoint","urlTemplate":"https:\/\/www.4h.se\/tanto\/?s={search_term_string}"},"query-input":{"@type":"PropertyValueSpecification","valueRequired":true,"valueName":"search_term_string"}}],"inLanguage":"sv-SE"}]}},"_links":{"self":[{"href":"https:\/\/www.4h.se\/tanto\/wp-json\/wp\/v2\/pages\/560","targetHints":{"allow":["GET"]}}],"collection":[{"href":"https:\/\/www.4h.se\/tanto\/wp-json\/wp\/v2\/pages"}],"about":[{"href":"https:\/\/www.4h.se\/tanto\/wp-json\/wp\/v2\/types\/page"}],"author":[{"embeddable":true,"href":"https:\/\/www.4h.se\/tanto\/wp-json\/wp\/v2\/users\/30"}],"replies":[{"embeddable":true,"href":"https:\/\/www.4h.se\/tanto\/wp-json\/wp\/v2\/comments?post=560"}],"version-history":[{"count":0,"href":"https:\/\/www.4h.se\/tanto\/wp-json\/wp\/v2\/pages\/560\/revisions"}],"wp:attachment":[{"href":"https:\/\/www.4h.se\/tanto\/wp-json\/wp\/v2\/media?parent=560"}],"curies":[{"name":"wp","href":"https:\/\/api.w.org\/{rel}","templated":true}]}}