



{"id":558,"date":"2018-05-04T17:29:15","date_gmt":"2018-05-04T15:29:15","guid":{"rendered":"http:\/\/www.4h.se\/tanto\/?page_id=558"},"modified":"2018-05-04T18:23:51","modified_gmt":"2018-05-04T16:23:51","slug":"kanin","status":"publish","type":"page","link":"https:\/\/www.4h.se\/tanto\/kanin\/","title":{"rendered":"Getter"},"content":{"rendered":"<div class=\"wpb-content-wrapper\"><p>[vc_row][vc_column][vc_column_text]<\/p>\n<h1>Getter<\/h1>\n<p>Av allmogegetterna \u00e4r lappgeten den mest hotade rasen enligt statistik fr\u00e5n 2016. De andra allmogetterna \u00e4r G\u00f6ingeget och j\u00e4mtget. Av dessa tre getter \u00e4r lappgeten minst i storleken.<br \/>\nGetter har m\u00e5nga anv\u00e4ndningsomr\u00e5den. Ni kan g\u00f6ra mj\u00f6lk av osten och bruka jorden med geten om ni k\u00f6r in den. Getter \u00e4r ofta s\u00e4llskapliga, aktiva och pigga. De \u00e4r bra p\u00e5 att hoppa s\u00e5 ofta kr\u00e4vs ett lite h\u00f6gre st\u00e4ngsel.<\/p>\n<p>Svensk lantrasget \u00e4r en annan svensk lantras av getter men de \u00e4r i dagsl\u00e4get inte lika hotade som raserna ovan.<\/p>\n<p class=\"yj6qo\">\n<p>&nbsp;[\/vc_column_text][\/vc_column][\/vc_row]<\/p>\n<\/div>","protected":false},"excerpt":{"rendered":"<p>[vc_row][vc_column][vc_column_text] Getter Av allmogegetterna \u00e4r lappgeten den mest hotade rasen enligt statistik fr\u00e5n 2016. De andra allmogetterna \u00e4r G\u00f6ingeget och j\u00e4mtget. Av dessa tre getter \u00e4r lappgeten minst i storleken. Getter har m\u00e5nga anv\u00e4ndningsomr\u00e5den. Ni kan g\u00f6ra mj\u00f6lk av osten och bruka jorden med geten om ni k\u00f6r in den. Getter \u00e4r ofta s\u00e4llskapliga, aktiva&nbsp; <a href=\"https:\/\/www.4h.se\/tanto\/kanin\/\">&hellip; Read more <i class=\"glyphicon glyphicon-arrow-right\"><\/i><\/a><\/p>\n","protected":false},"author":30,"featured_media":0,"parent":0,"menu_order":0,"comment_status":"closed","ping_status":"closed","template":"","meta":{"_acf_changed":false,"footnotes":""},"class_list":["post-558","page","type-page","status-publish","hentry"],"acf":[],"yoast_head":"<!-- This site is optimized with the Yoast SEO plugin v27.5 - https:\/\/yoast.com\/product\/yoast-seo-wordpress\/ -->\n<title>Getter - Tanto 4H-klubb<\/title>\n<meta name=\"robots\" content=\"index, follow, max-snippet:-1, max-image-preview:large, max-video-preview:-1\" \/>\n<link rel=\"canonical\" href=\"https:\/\/www.4h.se\/tanto\/kanin\/\" \/>\n<meta property=\"og:locale\" content=\"sv_SE\" \/>\n<meta property=\"og:type\" content=\"article\" \/>\n<meta property=\"og:title\" content=\"Getter - Tanto 4H-klubb\" \/>\n<meta property=\"og:description\" content=\"[vc_row][vc_column][vc_column_text] Getter Av allmogegetterna \u00e4r lappgeten den mest hotade rasen enligt statistik fr\u00e5n 2016. De andra allmogetterna \u00e4r G\u00f6ingeget och j\u00e4mtget. Av dessa tre getter \u00e4r lappgeten minst i storleken. Getter har m\u00e5nga anv\u00e4ndningsomr\u00e5den. Ni kan g\u00f6ra mj\u00f6lk av osten och bruka jorden med geten om ni k\u00f6r in den. Getter \u00e4r ofta s\u00e4llskapliga, aktiva&nbsp; &hellip; Read more\" \/>\n<meta property=\"og:url\" content=\"https:\/\/www.4h.se\/tanto\/kanin\/\" \/>\n<meta property=\"og:site_name\" content=\"Tanto 4H-klubb\" \/>\n<meta property=\"article:modified_time\" content=\"2018-05-04T16:23:51+00:00\" \/>\n<meta name=\"twitter:card\" content=\"summary_large_image\" \/>\n<meta name=\"twitter:label1\" content=\"Ber\u00e4knad l\u00e4stid\" \/>\n\t<meta name=\"twitter:data1\" content=\"1 minut\" \/>\n<script type=\"application\/ld+json\" class=\"yoast-schema-graph\">{\"@context\":\"https:\\\/\\\/schema.org\",\"@graph\":[{\"@type\":\"WebPage\",\"@id\":\"https:\\\/\\\/www.4h.se\\\/tanto\\\/kanin\\\/\",\"url\":\"https:\\\/\\\/www.4h.se\\\/tanto\\\/kanin\\\/\",\"name\":\"Getter - Tanto 4H-klubb\",\"isPartOf\":{\"@id\":\"https:\\\/\\\/www.4h.se\\\/tanto\\\/#website\"},\"datePublished\":\"2018-05-04T15:29:15+00:00\",\"dateModified\":\"2018-05-04T16:23:51+00:00\",\"breadcrumb\":{\"@id\":\"https:\\\/\\\/www.4h.se\\\/tanto\\\/kanin\\\/#breadcrumb\"},\"inLanguage\":\"sv-SE\",\"potentialAction\":[{\"@type\":\"ReadAction\",\"target\":[\"https:\\\/\\\/www.4h.se\\\/tanto\\\/kanin\\\/\"]}]},{\"@type\":\"BreadcrumbList\",\"@id\":\"https:\\\/\\\/www.4h.se\\\/tanto\\\/kanin\\\/#breadcrumb\",\"itemListElement\":[{\"@type\":\"ListItem\",\"position\":1,\"name\":\"Hem\",\"item\":\"https:\\\/\\\/www.4h.se\\\/tanto\\\/\"},{\"@type\":\"ListItem\",\"position\":2,\"name\":\"Getter\"}]},{\"@type\":\"WebSite\",\"@id\":\"https:\\\/\\\/www.4h.se\\\/tanto\\\/#website\",\"url\":\"https:\\\/\\\/www.4h.se\\\/tanto\\\/\",\"name\":\"Tanto 4H-klubb\",\"description\":\"\",\"potentialAction\":[{\"@type\":\"SearchAction\",\"target\":{\"@type\":\"EntryPoint\",\"urlTemplate\":\"https:\\\/\\\/www.4h.se\\\/tanto\\\/?s={search_term_string}\"},\"query-input\":{\"@type\":\"PropertyValueSpecification\",\"valueRequired\":true,\"valueName\":\"search_term_string\"}}],\"inLanguage\":\"sv-SE\"}]}<\/script>\n<!-- \/ Yoast SEO plugin. -->","yoast_head_json":{"title":"Getter - Tanto 4H-klubb","robots":{"index":"index","follow":"follow","max-snippet":"max-snippet:-1","max-image-preview":"max-image-preview:large","max-video-preview":"max-video-preview:-1"},"canonical":"https:\/\/www.4h.se\/tanto\/kanin\/","og_locale":"sv_SE","og_type":"article","og_title":"Getter - Tanto 4H-klubb","og_description":"[vc_row][vc_column][vc_column_text] Getter Av allmogegetterna \u00e4r lappgeten den mest hotade rasen enligt statistik fr\u00e5n 2016. De andra allmogetterna \u00e4r G\u00f6ingeget och j\u00e4mtget. Av dessa tre getter \u00e4r lappgeten minst i storleken. Getter har m\u00e5nga anv\u00e4ndningsomr\u00e5den. Ni kan g\u00f6ra mj\u00f6lk av osten och bruka jorden med geten om ni k\u00f6r in den. Getter \u00e4r ofta s\u00e4llskapliga, aktiva&nbsp; &hellip; Read more","og_url":"https:\/\/www.4h.se\/tanto\/kanin\/","og_site_name":"Tanto 4H-klubb","article_modified_time":"2018-05-04T16:23:51+00:00","twitter_card":"summary_large_image","twitter_misc":{"Ber\u00e4knad l\u00e4stid":"1 minut"},"schema":{"@context":"https:\/\/schema.org","@graph":[{"@type":"WebPage","@id":"https:\/\/www.4h.se\/tanto\/kanin\/","url":"https:\/\/www.4h.se\/tanto\/kanin\/","name":"Getter - Tanto 4H-klubb","isPartOf":{"@id":"https:\/\/www.4h.se\/tanto\/#website"},"datePublished":"2018-05-04T15:29:15+00:00","dateModified":"2018-05-04T16:23:51+00:00","breadcrumb":{"@id":"https:\/\/www.4h.se\/tanto\/kanin\/#breadcrumb"},"inLanguage":"sv-SE","potentialAction":[{"@type":"ReadAction","target":["https:\/\/www.4h.se\/tanto\/kanin\/"]}]},{"@type":"BreadcrumbList","@id":"https:\/\/www.4h.se\/tanto\/kanin\/#breadcrumb","itemListElement":[{"@type":"ListItem","position":1,"name":"Hem","item":"https:\/\/www.4h.se\/tanto\/"},{"@type":"ListItem","position":2,"name":"Getter"}]},{"@type":"WebSite","@id":"https:\/\/www.4h.se\/tanto\/#website","url":"https:\/\/www.4h.se\/tanto\/","name":"Tanto 4H-klubb","description":"","potentialAction":[{"@type":"SearchAction","target":{"@type":"EntryPoint","urlTemplate":"https:\/\/www.4h.se\/tanto\/?s={search_term_string}"},"query-input":{"@type":"PropertyValueSpecification","valueRequired":true,"valueName":"search_term_string"}}],"inLanguage":"sv-SE"}]}},"_links":{"self":[{"href":"https:\/\/www.4h.se\/tanto\/wp-json\/wp\/v2\/pages\/558","targetHints":{"allow":["GET"]}}],"collection":[{"href":"https:\/\/www.4h.se\/tanto\/wp-json\/wp\/v2\/pages"}],"about":[{"href":"https:\/\/www.4h.se\/tanto\/wp-json\/wp\/v2\/types\/page"}],"author":[{"embeddable":true,"href":"https:\/\/www.4h.se\/tanto\/wp-json\/wp\/v2\/users\/30"}],"replies":[{"embeddable":true,"href":"https:\/\/www.4h.se\/tanto\/wp-json\/wp\/v2\/comments?post=558"}],"version-history":[{"count":0,"href":"https:\/\/www.4h.se\/tanto\/wp-json\/wp\/v2\/pages\/558\/revisions"}],"wp:attachment":[{"href":"https:\/\/www.4h.se\/tanto\/wp-json\/wp\/v2\/media?parent=558"}],"curies":[{"name":"wp","href":"https:\/\/api.w.org\/{rel}","templated":true}]}}