



{"id":547,"date":"2018-05-01T19:51:45","date_gmt":"2018-05-01T17:51:45","guid":{"rendered":"http:\/\/www.4h.se\/tanto\/?page_id=547"},"modified":"2018-05-02T16:19:27","modified_gmt":"2018-05-02T14:19:27","slug":"varva-en-kompis-till-tanto-4h","status":"publish","type":"page","link":"https:\/\/www.4h.se\/tanto\/varva-en-kompis-till-tanto-4h\/","title":{"rendered":"V\u00e4rva en kompis till Tanto 4H"},"content":{"rendered":"<div class=\"wpb-content-wrapper\"><p>[vc_row][vc_column][vc_column_text]<strong>V\u00e4rva en kompis till Tanto 4H<\/strong><\/p>\n<p>Du som \u00e4r medlem i Tanto 4H kan f\u00e5 en fin premie om du v\u00e4rvar en kompis att bli medlem i Tanto 4H.<\/p>\n<p>Skicka ett mail med ditt namn och vem du v\u00e4rvat till <a href=\"mailto:tanto@4h.se\">tanto@4h.se<\/a><\/p>\n<p>Premien f\u00e5r du direkt av Tanto 4H-klubb n\u00e4r medlemsavgiften \u00e4r inbetalad av den nya medlemmen och medlemmen \u00e4r registrerad.<\/p>\n<p>Du kan v\u00e4lja p\u00e5: 4H armband, sittunderlag eller 4H-m\u00f6ssa. Skriv i ditt mail vilken premie du \u00f6nskar.<\/p>\n<div class=\"yj6qo\"><\/div>\n<p>&nbsp;[\/vc_column_text][\/vc_column][\/vc_row]<\/p>\n<\/div>","protected":false},"excerpt":{"rendered":"<p>[vc_row][vc_column][vc_column_text]V\u00e4rva en kompis till Tanto 4H Du som \u00e4r medlem i Tanto 4H kan f\u00e5 en fin premie om du v\u00e4rvar en kompis att bli medlem i Tanto 4H. Skicka ett mail med ditt namn och vem du v\u00e4rvat till tanto@4h.se Premien f\u00e5r du direkt av Tanto 4H-klubb n\u00e4r medlemsavgiften \u00e4r inbetalad av den nya&nbsp; <a href=\"https:\/\/www.4h.se\/tanto\/varva-en-kompis-till-tanto-4h\/\">&hellip; Read more <i class=\"glyphicon glyphicon-arrow-right\"><\/i><\/a><\/p>\n","protected":false},"author":30,"featured_media":0,"parent":0,"menu_order":0,"comment_status":"closed","ping_status":"closed","template":"","meta":{"_acf_changed":false,"footnotes":""},"class_list":["post-547","page","type-page","status-publish","hentry"],"acf":[],"yoast_head":"<!-- This site is optimized with the Yoast SEO plugin v27.5 - https:\/\/yoast.com\/product\/yoast-seo-wordpress\/ -->\n<title>V\u00e4rva en kompis till Tanto 4H - Tanto 4H-klubb<\/title>\n<meta name=\"robots\" content=\"index, follow, max-snippet:-1, max-image-preview:large, max-video-preview:-1\" \/>\n<link rel=\"canonical\" href=\"https:\/\/www.4h.se\/tanto\/varva-en-kompis-till-tanto-4h\/\" \/>\n<meta property=\"og:locale\" content=\"sv_SE\" \/>\n<meta property=\"og:type\" content=\"article\" \/>\n<meta property=\"og:title\" content=\"V\u00e4rva en kompis till Tanto 4H - Tanto 4H-klubb\" \/>\n<meta property=\"og:description\" content=\"[vc_row][vc_column][vc_column_text]V\u00e4rva en kompis till Tanto 4H Du som \u00e4r medlem i Tanto 4H kan f\u00e5 en fin premie om du v\u00e4rvar en kompis att bli medlem i Tanto 4H. Skicka ett mail med ditt namn och vem du v\u00e4rvat till tanto@4h.se Premien f\u00e5r du direkt av Tanto 4H-klubb n\u00e4r medlemsavgiften \u00e4r inbetalad av den nya&nbsp; &hellip; Read more\" \/>\n<meta property=\"og:url\" content=\"https:\/\/www.4h.se\/tanto\/varva-en-kompis-till-tanto-4h\/\" \/>\n<meta property=\"og:site_name\" content=\"Tanto 4H-klubb\" \/>\n<meta property=\"article:modified_time\" content=\"2018-05-02T14:19:27+00:00\" \/>\n<meta name=\"twitter:card\" content=\"summary_large_image\" \/>\n<meta name=\"twitter:label1\" content=\"Ber\u00e4knad l\u00e4stid\" \/>\n\t<meta name=\"twitter:data1\" content=\"1 minut\" \/>\n<script type=\"application\/ld+json\" class=\"yoast-schema-graph\">{\"@context\":\"https:\\\/\\\/schema.org\",\"@graph\":[{\"@type\":\"WebPage\",\"@id\":\"https:\\\/\\\/www.4h.se\\\/tanto\\\/varva-en-kompis-till-tanto-4h\\\/\",\"url\":\"https:\\\/\\\/www.4h.se\\\/tanto\\\/varva-en-kompis-till-tanto-4h\\\/\",\"name\":\"V\u00e4rva en kompis till Tanto 4H - Tanto 4H-klubb\",\"isPartOf\":{\"@id\":\"https:\\\/\\\/www.4h.se\\\/tanto\\\/#website\"},\"datePublished\":\"2018-05-01T17:51:45+00:00\",\"dateModified\":\"2018-05-02T14:19:27+00:00\",\"breadcrumb\":{\"@id\":\"https:\\\/\\\/www.4h.se\\\/tanto\\\/varva-en-kompis-till-tanto-4h\\\/#breadcrumb\"},\"inLanguage\":\"sv-SE\",\"potentialAction\":[{\"@type\":\"ReadAction\",\"target\":[\"https:\\\/\\\/www.4h.se\\\/tanto\\\/varva-en-kompis-till-tanto-4h\\\/\"]}]},{\"@type\":\"BreadcrumbList\",\"@id\":\"https:\\\/\\\/www.4h.se\\\/tanto\\\/varva-en-kompis-till-tanto-4h\\\/#breadcrumb\",\"itemListElement\":[{\"@type\":\"ListItem\",\"position\":1,\"name\":\"Hem\",\"item\":\"https:\\\/\\\/www.4h.se\\\/tanto\\\/\"},{\"@type\":\"ListItem\",\"position\":2,\"name\":\"V\u00e4rva en kompis till Tanto 4H\"}]},{\"@type\":\"WebSite\",\"@id\":\"https:\\\/\\\/www.4h.se\\\/tanto\\\/#website\",\"url\":\"https:\\\/\\\/www.4h.se\\\/tanto\\\/\",\"name\":\"Tanto 4H-klubb\",\"description\":\"\",\"potentialAction\":[{\"@type\":\"SearchAction\",\"target\":{\"@type\":\"EntryPoint\",\"urlTemplate\":\"https:\\\/\\\/www.4h.se\\\/tanto\\\/?s={search_term_string}\"},\"query-input\":{\"@type\":\"PropertyValueSpecification\",\"valueRequired\":true,\"valueName\":\"search_term_string\"}}],\"inLanguage\":\"sv-SE\"}]}<\/script>\n<!-- \/ Yoast SEO plugin. -->","yoast_head_json":{"title":"V\u00e4rva en kompis till Tanto 4H - Tanto 4H-klubb","robots":{"index":"index","follow":"follow","max-snippet":"max-snippet:-1","max-image-preview":"max-image-preview:large","max-video-preview":"max-video-preview:-1"},"canonical":"https:\/\/www.4h.se\/tanto\/varva-en-kompis-till-tanto-4h\/","og_locale":"sv_SE","og_type":"article","og_title":"V\u00e4rva en kompis till Tanto 4H - Tanto 4H-klubb","og_description":"[vc_row][vc_column][vc_column_text]V\u00e4rva en kompis till Tanto 4H Du som \u00e4r medlem i Tanto 4H kan f\u00e5 en fin premie om du v\u00e4rvar en kompis att bli medlem i Tanto 4H. Skicka ett mail med ditt namn och vem du v\u00e4rvat till tanto@4h.se Premien f\u00e5r du direkt av Tanto 4H-klubb n\u00e4r medlemsavgiften \u00e4r inbetalad av den nya&nbsp; &hellip; Read more","og_url":"https:\/\/www.4h.se\/tanto\/varva-en-kompis-till-tanto-4h\/","og_site_name":"Tanto 4H-klubb","article_modified_time":"2018-05-02T14:19:27+00:00","twitter_card":"summary_large_image","twitter_misc":{"Ber\u00e4knad l\u00e4stid":"1 minut"},"schema":{"@context":"https:\/\/schema.org","@graph":[{"@type":"WebPage","@id":"https:\/\/www.4h.se\/tanto\/varva-en-kompis-till-tanto-4h\/","url":"https:\/\/www.4h.se\/tanto\/varva-en-kompis-till-tanto-4h\/","name":"V\u00e4rva en kompis till Tanto 4H - Tanto 4H-klubb","isPartOf":{"@id":"https:\/\/www.4h.se\/tanto\/#website"},"datePublished":"2018-05-01T17:51:45+00:00","dateModified":"2018-05-02T14:19:27+00:00","breadcrumb":{"@id":"https:\/\/www.4h.se\/tanto\/varva-en-kompis-till-tanto-4h\/#breadcrumb"},"inLanguage":"sv-SE","potentialAction":[{"@type":"ReadAction","target":["https:\/\/www.4h.se\/tanto\/varva-en-kompis-till-tanto-4h\/"]}]},{"@type":"BreadcrumbList","@id":"https:\/\/www.4h.se\/tanto\/varva-en-kompis-till-tanto-4h\/#breadcrumb","itemListElement":[{"@type":"ListItem","position":1,"name":"Hem","item":"https:\/\/www.4h.se\/tanto\/"},{"@type":"ListItem","position":2,"name":"V\u00e4rva en kompis till Tanto 4H"}]},{"@type":"WebSite","@id":"https:\/\/www.4h.se\/tanto\/#website","url":"https:\/\/www.4h.se\/tanto\/","name":"Tanto 4H-klubb","description":"","potentialAction":[{"@type":"SearchAction","target":{"@type":"EntryPoint","urlTemplate":"https:\/\/www.4h.se\/tanto\/?s={search_term_string}"},"query-input":{"@type":"PropertyValueSpecification","valueRequired":true,"valueName":"search_term_string"}}],"inLanguage":"sv-SE"}]}},"_links":{"self":[{"href":"https:\/\/www.4h.se\/tanto\/wp-json\/wp\/v2\/pages\/547","targetHints":{"allow":["GET"]}}],"collection":[{"href":"https:\/\/www.4h.se\/tanto\/wp-json\/wp\/v2\/pages"}],"about":[{"href":"https:\/\/www.4h.se\/tanto\/wp-json\/wp\/v2\/types\/page"}],"author":[{"embeddable":true,"href":"https:\/\/www.4h.se\/tanto\/wp-json\/wp\/v2\/users\/30"}],"replies":[{"embeddable":true,"href":"https:\/\/www.4h.se\/tanto\/wp-json\/wp\/v2\/comments?post=547"}],"version-history":[{"count":0,"href":"https:\/\/www.4h.se\/tanto\/wp-json\/wp\/v2\/pages\/547\/revisions"}],"wp:attachment":[{"href":"https:\/\/www.4h.se\/tanto\/wp-json\/wp\/v2\/media?parent=547"}],"curies":[{"name":"wp","href":"https:\/\/api.w.org\/{rel}","templated":true}]}}