



{"id":523,"date":"2018-04-29T11:48:03","date_gmt":"2018-04-29T09:48:03","guid":{"rendered":"http:\/\/www.4h.se\/tanto\/?page_id=523"},"modified":"2018-04-29T21:35:08","modified_gmt":"2018-04-29T19:35:08","slug":"4hs-djurkul-pa-kallhalls-4h","status":"publish","type":"page","link":"https:\/\/www.4h.se\/tanto\/4hs-djurkul-pa-kallhalls-4h\/","title":{"rendered":"4H:s djurkul p\u00e5 Kallh\u00e4lls 4H"},"content":{"rendered":"<div class=\"wpb-content-wrapper\"><p>[vc_row][vc_column][vc_column_text]<strong>4H:s djurkul p\u00e5 Kallh\u00e4lls 4H med Tanto 4H<\/strong><\/p>\n<p>Cirka tre g\u00e5nger per termin har vi djurkul p\u00e5 Kallh\u00e4lls 4H- g\u00e5rd f\u00f6r medlemmar i Tanto 4H. Tr\u00e4ffarna riktar sig till \u00e5ldern 6-12 \u00e5r.<\/p>\n<p><strong>Kommande tr\u00e4ffar: <\/strong><\/p>\n<p>Den 6 maj tr\u00e4ffas vi klockan 07:15 p\u00e5 S\u00f6dra station f\u00f6r att i samlad trupp ta oss till Kallh\u00e4lls 4H-g\u00e5rd f\u00f6r att l\u00e4ra oss om och sk\u00f6ta om alla djuren d\u00e4r. Vi kommer d\u00e4r tr\u00e4ffa Sundbybergs 4H och Gr\u00f6na dalens 4H.<\/p>\n<p>Denna g\u00e5ng kommer vi l\u00e4ra oss lite extra om kaniner samt leka.<\/p>\n<p>Vi \u00e4r \u00e5ter cirka 14.00 p\u00e5 S\u00f6dra station igen.<\/p>\n<p>Medtag egen mats\u00e4ck till lunch samt g\u00e4rna n\u00e5gon f\u00f6rmiddagsmacka, barnen blir ofta hungriga av att vara p\u00e5 4H. T\u00e4nk p\u00e5 varma och o\u00f6mma kl\u00e4der.<\/p>\n<p>Anm\u00e4l ert deltagande till tanto@4h.se<\/p>\n<p>F\u00f6r att delta p\u00e5 aktiviteten m\u00e5ste du vara medlem i Tanto 4H(250 kronor i medlemsavgift) samt betala g\u00e4stmedlemskapsavgift till Kallh\u00e4ll 4H p\u00e5 50 kronor(endast en g\u00e5ng per \u00e5r).<\/p>\n<p>V\u00e4lkomna till en mysig dag med djuren![\/vc_column_text][\/vc_column][\/vc_row]<\/p>\n<\/div>","protected":false},"excerpt":{"rendered":"<p>[vc_row][vc_column][vc_column_text]4H:s djurkul p\u00e5 Kallh\u00e4lls 4H med Tanto 4H Cirka tre g\u00e5nger per termin har vi djurkul p\u00e5 Kallh\u00e4lls 4H- g\u00e5rd f\u00f6r medlemmar i Tanto 4H. Tr\u00e4ffarna riktar sig till \u00e5ldern 6-12 \u00e5r. Kommande tr\u00e4ffar: Den 6 maj tr\u00e4ffas vi klockan 07:15 p\u00e5 S\u00f6dra station f\u00f6r att i samlad trupp ta oss till Kallh\u00e4lls 4H-g\u00e5rd f\u00f6r&nbsp; <a href=\"https:\/\/www.4h.se\/tanto\/4hs-djurkul-pa-kallhalls-4h\/\">&hellip; Read more <i class=\"glyphicon glyphicon-arrow-right\"><\/i><\/a><\/p>\n","protected":false},"author":30,"featured_media":0,"parent":0,"menu_order":0,"comment_status":"closed","ping_status":"closed","template":"","meta":{"_acf_changed":false,"footnotes":""},"class_list":["post-523","page","type-page","status-publish","hentry"],"acf":[],"yoast_head":"<!-- This site is optimized with the Yoast SEO plugin v27.5 - https:\/\/yoast.com\/product\/yoast-seo-wordpress\/ -->\n<title>4H:s djurkul p\u00e5 Kallh\u00e4lls 4H - Tanto 4H-klubb<\/title>\n<meta name=\"robots\" content=\"index, follow, max-snippet:-1, max-image-preview:large, max-video-preview:-1\" \/>\n<link rel=\"canonical\" href=\"https:\/\/www.4h.se\/tanto\/4hs-djurkul-pa-kallhalls-4h\/\" \/>\n<meta property=\"og:locale\" content=\"sv_SE\" \/>\n<meta property=\"og:type\" content=\"article\" \/>\n<meta property=\"og:title\" content=\"4H:s djurkul p\u00e5 Kallh\u00e4lls 4H - Tanto 4H-klubb\" \/>\n<meta property=\"og:description\" content=\"[vc_row][vc_column][vc_column_text]4H:s djurkul p\u00e5 Kallh\u00e4lls 4H med Tanto 4H Cirka tre g\u00e5nger per termin har vi djurkul p\u00e5 Kallh\u00e4lls 4H- g\u00e5rd f\u00f6r medlemmar i Tanto 4H. Tr\u00e4ffarna riktar sig till \u00e5ldern 6-12 \u00e5r. Kommande tr\u00e4ffar: Den 6 maj tr\u00e4ffas vi klockan 07:15 p\u00e5 S\u00f6dra station f\u00f6r att i samlad trupp ta oss till Kallh\u00e4lls 4H-g\u00e5rd f\u00f6r&nbsp; &hellip; Read more\" \/>\n<meta property=\"og:url\" content=\"https:\/\/www.4h.se\/tanto\/4hs-djurkul-pa-kallhalls-4h\/\" \/>\n<meta property=\"og:site_name\" content=\"Tanto 4H-klubb\" \/>\n<meta property=\"article:modified_time\" content=\"2018-04-29T19:35:08+00:00\" \/>\n<meta name=\"twitter:card\" content=\"summary_large_image\" \/>\n<meta name=\"twitter:label1\" content=\"Ber\u00e4knad l\u00e4stid\" \/>\n\t<meta name=\"twitter:data1\" content=\"1 minut\" \/>\n<script type=\"application\/ld+json\" class=\"yoast-schema-graph\">{\"@context\":\"https:\\\/\\\/schema.org\",\"@graph\":[{\"@type\":\"WebPage\",\"@id\":\"https:\\\/\\\/www.4h.se\\\/tanto\\\/4hs-djurkul-pa-kallhalls-4h\\\/\",\"url\":\"https:\\\/\\\/www.4h.se\\\/tanto\\\/4hs-djurkul-pa-kallhalls-4h\\\/\",\"name\":\"4H:s djurkul p\u00e5 Kallh\u00e4lls 4H - Tanto 4H-klubb\",\"isPartOf\":{\"@id\":\"https:\\\/\\\/www.4h.se\\\/tanto\\\/#website\"},\"datePublished\":\"2018-04-29T09:48:03+00:00\",\"dateModified\":\"2018-04-29T19:35:08+00:00\",\"breadcrumb\":{\"@id\":\"https:\\\/\\\/www.4h.se\\\/tanto\\\/4hs-djurkul-pa-kallhalls-4h\\\/#breadcrumb\"},\"inLanguage\":\"sv-SE\",\"potentialAction\":[{\"@type\":\"ReadAction\",\"target\":[\"https:\\\/\\\/www.4h.se\\\/tanto\\\/4hs-djurkul-pa-kallhalls-4h\\\/\"]}]},{\"@type\":\"BreadcrumbList\",\"@id\":\"https:\\\/\\\/www.4h.se\\\/tanto\\\/4hs-djurkul-pa-kallhalls-4h\\\/#breadcrumb\",\"itemListElement\":[{\"@type\":\"ListItem\",\"position\":1,\"name\":\"Hem\",\"item\":\"https:\\\/\\\/www.4h.se\\\/tanto\\\/\"},{\"@type\":\"ListItem\",\"position\":2,\"name\":\"4H:s djurkul p\u00e5 Kallh\u00e4lls 4H\"}]},{\"@type\":\"WebSite\",\"@id\":\"https:\\\/\\\/www.4h.se\\\/tanto\\\/#website\",\"url\":\"https:\\\/\\\/www.4h.se\\\/tanto\\\/\",\"name\":\"Tanto 4H-klubb\",\"description\":\"\",\"potentialAction\":[{\"@type\":\"SearchAction\",\"target\":{\"@type\":\"EntryPoint\",\"urlTemplate\":\"https:\\\/\\\/www.4h.se\\\/tanto\\\/?s={search_term_string}\"},\"query-input\":{\"@type\":\"PropertyValueSpecification\",\"valueRequired\":true,\"valueName\":\"search_term_string\"}}],\"inLanguage\":\"sv-SE\"}]}<\/script>\n<!-- \/ Yoast SEO plugin. -->","yoast_head_json":{"title":"4H:s djurkul p\u00e5 Kallh\u00e4lls 4H - Tanto 4H-klubb","robots":{"index":"index","follow":"follow","max-snippet":"max-snippet:-1","max-image-preview":"max-image-preview:large","max-video-preview":"max-video-preview:-1"},"canonical":"https:\/\/www.4h.se\/tanto\/4hs-djurkul-pa-kallhalls-4h\/","og_locale":"sv_SE","og_type":"article","og_title":"4H:s djurkul p\u00e5 Kallh\u00e4lls 4H - Tanto 4H-klubb","og_description":"[vc_row][vc_column][vc_column_text]4H:s djurkul p\u00e5 Kallh\u00e4lls 4H med Tanto 4H Cirka tre g\u00e5nger per termin har vi djurkul p\u00e5 Kallh\u00e4lls 4H- g\u00e5rd f\u00f6r medlemmar i Tanto 4H. Tr\u00e4ffarna riktar sig till \u00e5ldern 6-12 \u00e5r. Kommande tr\u00e4ffar: Den 6 maj tr\u00e4ffas vi klockan 07:15 p\u00e5 S\u00f6dra station f\u00f6r att i samlad trupp ta oss till Kallh\u00e4lls 4H-g\u00e5rd f\u00f6r&nbsp; &hellip; Read more","og_url":"https:\/\/www.4h.se\/tanto\/4hs-djurkul-pa-kallhalls-4h\/","og_site_name":"Tanto 4H-klubb","article_modified_time":"2018-04-29T19:35:08+00:00","twitter_card":"summary_large_image","twitter_misc":{"Ber\u00e4knad l\u00e4stid":"1 minut"},"schema":{"@context":"https:\/\/schema.org","@graph":[{"@type":"WebPage","@id":"https:\/\/www.4h.se\/tanto\/4hs-djurkul-pa-kallhalls-4h\/","url":"https:\/\/www.4h.se\/tanto\/4hs-djurkul-pa-kallhalls-4h\/","name":"4H:s djurkul p\u00e5 Kallh\u00e4lls 4H - Tanto 4H-klubb","isPartOf":{"@id":"https:\/\/www.4h.se\/tanto\/#website"},"datePublished":"2018-04-29T09:48:03+00:00","dateModified":"2018-04-29T19:35:08+00:00","breadcrumb":{"@id":"https:\/\/www.4h.se\/tanto\/4hs-djurkul-pa-kallhalls-4h\/#breadcrumb"},"inLanguage":"sv-SE","potentialAction":[{"@type":"ReadAction","target":["https:\/\/www.4h.se\/tanto\/4hs-djurkul-pa-kallhalls-4h\/"]}]},{"@type":"BreadcrumbList","@id":"https:\/\/www.4h.se\/tanto\/4hs-djurkul-pa-kallhalls-4h\/#breadcrumb","itemListElement":[{"@type":"ListItem","position":1,"name":"Hem","item":"https:\/\/www.4h.se\/tanto\/"},{"@type":"ListItem","position":2,"name":"4H:s djurkul p\u00e5 Kallh\u00e4lls 4H"}]},{"@type":"WebSite","@id":"https:\/\/www.4h.se\/tanto\/#website","url":"https:\/\/www.4h.se\/tanto\/","name":"Tanto 4H-klubb","description":"","potentialAction":[{"@type":"SearchAction","target":{"@type":"EntryPoint","urlTemplate":"https:\/\/www.4h.se\/tanto\/?s={search_term_string}"},"query-input":{"@type":"PropertyValueSpecification","valueRequired":true,"valueName":"search_term_string"}}],"inLanguage":"sv-SE"}]}},"_links":{"self":[{"href":"https:\/\/www.4h.se\/tanto\/wp-json\/wp\/v2\/pages\/523","targetHints":{"allow":["GET"]}}],"collection":[{"href":"https:\/\/www.4h.se\/tanto\/wp-json\/wp\/v2\/pages"}],"about":[{"href":"https:\/\/www.4h.se\/tanto\/wp-json\/wp\/v2\/types\/page"}],"author":[{"embeddable":true,"href":"https:\/\/www.4h.se\/tanto\/wp-json\/wp\/v2\/users\/30"}],"replies":[{"embeddable":true,"href":"https:\/\/www.4h.se\/tanto\/wp-json\/wp\/v2\/comments?post=523"}],"version-history":[{"count":0,"href":"https:\/\/www.4h.se\/tanto\/wp-json\/wp\/v2\/pages\/523\/revisions"}],"wp:attachment":[{"href":"https:\/\/www.4h.se\/tanto\/wp-json\/wp\/v2\/media?parent=523"}],"curies":[{"name":"wp","href":"https:\/\/api.w.org\/{rel}","templated":true}]}}