



{"id":522,"date":"2018-04-29T11:47:34","date_gmt":"2018-04-29T09:47:34","guid":{"rendered":"http:\/\/www.4h.se\/tanto\/?page_id=522"},"modified":"2018-04-29T12:08:08","modified_gmt":"2018-04-29T10:08:08","slug":"4h-ar-en-internationell-organisation","status":"publish","type":"page","link":"https:\/\/www.4h.se\/tanto\/4h-ar-en-internationell-organisation\/","title":{"rendered":"4H \u00e4r en internationell organisation"},"content":{"rendered":"<div class=\"wpb-content-wrapper\"><p>[vc_row][vc_column][vc_column_text]<strong>M\u00f6jligheter internationellt<\/strong><\/p>\n<p>4H \u00e4r en internationell organisation vilket betyder att v\u00e4rlden \u00f6ppnar upp sig f\u00f6r de som \u00e4r aktiva och stannar ett tag i organisationen. Det finns ett v\u00e4rldsn\u00e4tverk d\u00e4r ordf\u00f6randeskapet just nu ligger p\u00e5 en 4H:are fr\u00e5n Sverige.<\/p>\n<div class=\"wpb_column vc_column_container vc_col-sm-6\">\n<div class=\"vc_column-inner \">\n<div class=\"wpb_wrapper\">\n<div class=\"wpb_text_column wpb_content_element \">\n<div class=\"wpb_wrapper\">\n<h3><strong>International 4H Youth Exchange (IFYE)<\/strong><\/h3>\n<p>IFYE-utbytet har funnits sedan 1948 och skapades d\u00e5 f\u00f6r att fr\u00e4mja v\u00e4rldsfreden genom att man fick m\u00f6ta andra kulturer och f\u00e5 f\u00f6rdjupad kunskap om dem och knyta kontakter \u00f6ver hela v\u00e4rlden. Detta \u00e4r, \u00e4n idag, lika viktigt.<\/p>\n<p><b>Ord fr\u00e5n tidigare IFYE:s<\/b><\/p>\n<blockquote><p>\u201cDet \u00e4r en fantastisk upplevelse\u201d<\/p>\n<p>\u201cJag fick uppleva saker som\u00a0jag aldrig skulle upplevt som turist\u201d<\/p>\n<p>\u201cJag l\u00e4rde k\u00e4nna mina v\u00e4rdfamiljer s\u00e5 v\u00e4l att vi fortfarande har kontakt idag\u201d<\/p>\n<p>\u201cDen b\u00e4sta och mest l\u00e4rorika upplevelsen jag haft\u201d<\/p><\/blockquote>\n<p><strong>Vem kan ans\u00f6ka till IFYE-utbytet?<\/strong><\/p>\n<p>\u00c4r du i \u00e5ldern 18-30 \u00e5r och har varit en\u00a0aktiv 4H:are kan du s\u00f6ka. Det \u00e4r meriterande att ha\u00a0gjort saker i verksamheten som till exempel att ha varit med och arrangerat aktiviteter, suttit i styrelser med mera.<\/p>\n<p>Sveriges 4H:s samarbetsl\u00e4nder varierar, men vi har haft utbyte med bland annat Australien, USA, Taiwan, Tanzania, Schweiz, Island, Storbritannien, Nya Zeeland\u00a0och Irland. N\u00e4r man \u00e5ker som IFYE f\u00e5r man ta del av v\u00e4rdlandets vardag under en period som varierar\u00a0mellan\u00a04 veckor-6 m\u00e5nader.<\/p>\n<p><strong>Hur och n\u00e4r s\u00f6ker jag?<\/strong><\/p>\n<p>Ans\u00f6kan till IFYE-utbytet skickas in senast den 1 november varje \u00e5r.<\/p>\n<p>Ans\u00f6kningsblankett f\u00f6r IFYE 2018 finns h\u00e4r!\u00a0<a href=\"https:\/\/www.4h.se\/wp-content\/uploads\/2015\/05\/Blankett_IFYE.doc\">Blankett_IFYE<\/a><\/p>\n<p>&nbsp;<\/p>\n<p><a href=\"http:\/\/www.ifye.nu\/\">\u00a0<\/a><\/p>\n<\/div>\n<\/div>\n<\/div>\n<\/div>\n<\/div>\n<div class=\"wpb_column vc_column_container vc_col-sm-6\">\n<div class=\"vc_column-inner \">\n<div class=\"wpb_wrapper\">\n<div class=\"wpb_text_column wpb_content_element \">\n<div class=\"wpb_wrapper\">\n<h3><strong>Europa<\/strong><\/h3>\n<p>F\u00f6r de europeiska l\u00e4nderna finns paraplyorganisationen\u00a0<a href=\"http:\/\/www.ruralyoutheurope.com\/\">Rural Youth Europe<\/a>\u00a0(RYE). Varje \u00e5r anordnar de olika event f\u00f6r sina medlemsorganisationer, som exempelvis v\u00e5r- och h\u00f6stseminarium, Europeiskt Rally och ledarutbildningar.<\/p>\n<p>I Europa finns \u00e4ven paraplyorganisationen\u00a0<a href=\"http:\/\/www.cityfarms.org\/\">EFCF<\/a>\u00a0(European Federation of City Farms) som \u00e4r ett samarbete mellan olika 4H-g\u00e5rdsliknande organisationer i Europa.<\/p>\n<h3><strong>Norden<\/strong><\/h3>\n<p>Nordiske Samorganisation for Ungdomsarbejde (NSU), \u00e4r en paraplyorganisation som arbetar f\u00f6r att st\u00e4rka samarbetet mellan ungdomsf\u00f6rbund i Norden genom olika arrangemang. Nordiskt l\u00e4ger, Nordisk ungdomsvecka och ledarskola \u00e4r n\u00e5gra av de aktiviteter NSU anordnar.<\/p>\n<\/div>\n<\/div>\n<\/div>\n<\/div>\n<\/div>\n<p>[\/vc_column_text][\/vc_column][\/vc_row]<\/p>\n<\/div>","protected":false},"excerpt":{"rendered":"<p>[vc_row][vc_column][vc_column_text]M\u00f6jligheter internationellt 4H \u00e4r en internationell organisation vilket betyder att v\u00e4rlden \u00f6ppnar upp sig f\u00f6r de som \u00e4r aktiva och stannar ett tag i organisationen. Det finns ett v\u00e4rldsn\u00e4tverk d\u00e4r ordf\u00f6randeskapet just nu ligger p\u00e5 en 4H:are fr\u00e5n Sverige. International 4H Youth Exchange (IFYE) IFYE-utbytet har funnits sedan 1948 och skapades d\u00e5 f\u00f6r att fr\u00e4mja&nbsp; <a href=\"https:\/\/www.4h.se\/tanto\/4h-ar-en-internationell-organisation\/\">&hellip; Read more <i class=\"glyphicon glyphicon-arrow-right\"><\/i><\/a><\/p>\n","protected":false},"author":30,"featured_media":0,"parent":0,"menu_order":0,"comment_status":"closed","ping_status":"closed","template":"","meta":{"_acf_changed":false,"footnotes":""},"class_list":["post-522","page","type-page","status-publish","hentry"],"acf":[],"yoast_head":"<!-- This site is optimized with the Yoast SEO plugin v27.5 - https:\/\/yoast.com\/product\/yoast-seo-wordpress\/ -->\n<title>4H \u00e4r en internationell organisation - Tanto 4H-klubb<\/title>\n<meta name=\"robots\" content=\"index, follow, max-snippet:-1, max-image-preview:large, max-video-preview:-1\" \/>\n<link rel=\"canonical\" href=\"https:\/\/www.4h.se\/tanto\/4h-ar-en-internationell-organisation\/\" \/>\n<meta property=\"og:locale\" content=\"sv_SE\" \/>\n<meta property=\"og:type\" content=\"article\" \/>\n<meta property=\"og:title\" content=\"4H \u00e4r en internationell organisation - Tanto 4H-klubb\" \/>\n<meta property=\"og:description\" content=\"[vc_row][vc_column][vc_column_text]M\u00f6jligheter internationellt 4H \u00e4r en internationell organisation vilket betyder att v\u00e4rlden \u00f6ppnar upp sig f\u00f6r de som \u00e4r aktiva och stannar ett tag i organisationen. Det finns ett v\u00e4rldsn\u00e4tverk d\u00e4r ordf\u00f6randeskapet just nu ligger p\u00e5 en 4H:are fr\u00e5n Sverige. International 4H Youth Exchange (IFYE) IFYE-utbytet har funnits sedan 1948 och skapades d\u00e5 f\u00f6r att fr\u00e4mja&nbsp; &hellip; Read more\" \/>\n<meta property=\"og:url\" content=\"https:\/\/www.4h.se\/tanto\/4h-ar-en-internationell-organisation\/\" \/>\n<meta property=\"og:site_name\" content=\"Tanto 4H-klubb\" \/>\n<meta property=\"article:modified_time\" content=\"2018-04-29T10:08:08+00:00\" \/>\n<meta name=\"twitter:card\" content=\"summary_large_image\" \/>\n<meta name=\"twitter:label1\" content=\"Ber\u00e4knad l\u00e4stid\" \/>\n\t<meta name=\"twitter:data1\" content=\"2 minuter\" \/>\n<script type=\"application\/ld+json\" class=\"yoast-schema-graph\">{\"@context\":\"https:\\\/\\\/schema.org\",\"@graph\":[{\"@type\":\"WebPage\",\"@id\":\"https:\\\/\\\/www.4h.se\\\/tanto\\\/4h-ar-en-internationell-organisation\\\/\",\"url\":\"https:\\\/\\\/www.4h.se\\\/tanto\\\/4h-ar-en-internationell-organisation\\\/\",\"name\":\"4H \u00e4r en internationell organisation - Tanto 4H-klubb\",\"isPartOf\":{\"@id\":\"https:\\\/\\\/www.4h.se\\\/tanto\\\/#website\"},\"datePublished\":\"2018-04-29T09:47:34+00:00\",\"dateModified\":\"2018-04-29T10:08:08+00:00\",\"breadcrumb\":{\"@id\":\"https:\\\/\\\/www.4h.se\\\/tanto\\\/4h-ar-en-internationell-organisation\\\/#breadcrumb\"},\"inLanguage\":\"sv-SE\",\"potentialAction\":[{\"@type\":\"ReadAction\",\"target\":[\"https:\\\/\\\/www.4h.se\\\/tanto\\\/4h-ar-en-internationell-organisation\\\/\"]}]},{\"@type\":\"BreadcrumbList\",\"@id\":\"https:\\\/\\\/www.4h.se\\\/tanto\\\/4h-ar-en-internationell-organisation\\\/#breadcrumb\",\"itemListElement\":[{\"@type\":\"ListItem\",\"position\":1,\"name\":\"Hem\",\"item\":\"https:\\\/\\\/www.4h.se\\\/tanto\\\/\"},{\"@type\":\"ListItem\",\"position\":2,\"name\":\"4H \u00e4r en internationell organisation\"}]},{\"@type\":\"WebSite\",\"@id\":\"https:\\\/\\\/www.4h.se\\\/tanto\\\/#website\",\"url\":\"https:\\\/\\\/www.4h.se\\\/tanto\\\/\",\"name\":\"Tanto 4H-klubb\",\"description\":\"\",\"potentialAction\":[{\"@type\":\"SearchAction\",\"target\":{\"@type\":\"EntryPoint\",\"urlTemplate\":\"https:\\\/\\\/www.4h.se\\\/tanto\\\/?s={search_term_string}\"},\"query-input\":{\"@type\":\"PropertyValueSpecification\",\"valueRequired\":true,\"valueName\":\"search_term_string\"}}],\"inLanguage\":\"sv-SE\"}]}<\/script>\n<!-- \/ Yoast SEO plugin. -->","yoast_head_json":{"title":"4H \u00e4r en internationell organisation - Tanto 4H-klubb","robots":{"index":"index","follow":"follow","max-snippet":"max-snippet:-1","max-image-preview":"max-image-preview:large","max-video-preview":"max-video-preview:-1"},"canonical":"https:\/\/www.4h.se\/tanto\/4h-ar-en-internationell-organisation\/","og_locale":"sv_SE","og_type":"article","og_title":"4H \u00e4r en internationell organisation - Tanto 4H-klubb","og_description":"[vc_row][vc_column][vc_column_text]M\u00f6jligheter internationellt 4H \u00e4r en internationell organisation vilket betyder att v\u00e4rlden \u00f6ppnar upp sig f\u00f6r de som \u00e4r aktiva och stannar ett tag i organisationen. Det finns ett v\u00e4rldsn\u00e4tverk d\u00e4r ordf\u00f6randeskapet just nu ligger p\u00e5 en 4H:are fr\u00e5n Sverige. International 4H Youth Exchange (IFYE) IFYE-utbytet har funnits sedan 1948 och skapades d\u00e5 f\u00f6r att fr\u00e4mja&nbsp; &hellip; Read more","og_url":"https:\/\/www.4h.se\/tanto\/4h-ar-en-internationell-organisation\/","og_site_name":"Tanto 4H-klubb","article_modified_time":"2018-04-29T10:08:08+00:00","twitter_card":"summary_large_image","twitter_misc":{"Ber\u00e4knad l\u00e4stid":"2 minuter"},"schema":{"@context":"https:\/\/schema.org","@graph":[{"@type":"WebPage","@id":"https:\/\/www.4h.se\/tanto\/4h-ar-en-internationell-organisation\/","url":"https:\/\/www.4h.se\/tanto\/4h-ar-en-internationell-organisation\/","name":"4H \u00e4r en internationell organisation - Tanto 4H-klubb","isPartOf":{"@id":"https:\/\/www.4h.se\/tanto\/#website"},"datePublished":"2018-04-29T09:47:34+00:00","dateModified":"2018-04-29T10:08:08+00:00","breadcrumb":{"@id":"https:\/\/www.4h.se\/tanto\/4h-ar-en-internationell-organisation\/#breadcrumb"},"inLanguage":"sv-SE","potentialAction":[{"@type":"ReadAction","target":["https:\/\/www.4h.se\/tanto\/4h-ar-en-internationell-organisation\/"]}]},{"@type":"BreadcrumbList","@id":"https:\/\/www.4h.se\/tanto\/4h-ar-en-internationell-organisation\/#breadcrumb","itemListElement":[{"@type":"ListItem","position":1,"name":"Hem","item":"https:\/\/www.4h.se\/tanto\/"},{"@type":"ListItem","position":2,"name":"4H \u00e4r en internationell organisation"}]},{"@type":"WebSite","@id":"https:\/\/www.4h.se\/tanto\/#website","url":"https:\/\/www.4h.se\/tanto\/","name":"Tanto 4H-klubb","description":"","potentialAction":[{"@type":"SearchAction","target":{"@type":"EntryPoint","urlTemplate":"https:\/\/www.4h.se\/tanto\/?s={search_term_string}"},"query-input":{"@type":"PropertyValueSpecification","valueRequired":true,"valueName":"search_term_string"}}],"inLanguage":"sv-SE"}]}},"_links":{"self":[{"href":"https:\/\/www.4h.se\/tanto\/wp-json\/wp\/v2\/pages\/522","targetHints":{"allow":["GET"]}}],"collection":[{"href":"https:\/\/www.4h.se\/tanto\/wp-json\/wp\/v2\/pages"}],"about":[{"href":"https:\/\/www.4h.se\/tanto\/wp-json\/wp\/v2\/types\/page"}],"author":[{"embeddable":true,"href":"https:\/\/www.4h.se\/tanto\/wp-json\/wp\/v2\/users\/30"}],"replies":[{"embeddable":true,"href":"https:\/\/www.4h.se\/tanto\/wp-json\/wp\/v2\/comments?post=522"}],"version-history":[{"count":0,"href":"https:\/\/www.4h.se\/tanto\/wp-json\/wp\/v2\/pages\/522\/revisions"}],"wp:attachment":[{"href":"https:\/\/www.4h.se\/tanto\/wp-json\/wp\/v2\/media?parent=522"}],"curies":[{"name":"wp","href":"https:\/\/api.w.org\/{rel}","templated":true}]}}