



{"id":520,"date":"2018-04-29T11:46:34","date_gmt":"2018-04-29T09:46:34","guid":{"rendered":"http:\/\/www.4h.se\/tanto\/?page_id=520"},"modified":"2018-04-29T11:57:36","modified_gmt":"2018-04-29T09:57:36","slug":"4h-stegen-dar-unga-vaxer","status":"publish","type":"page","link":"https:\/\/www.4h.se\/tanto\/4h-stegen-dar-unga-vaxer\/","title":{"rendered":"4H-stegen &#8211; d\u00e4r unga v\u00e4xer"},"content":{"rendered":"<div class=\"wpb-content-wrapper\"><p>[vc_row][vc_column][vc_column_text]<strong>4H-stegen<\/strong><\/p>\n<p>4H \u00e4r organisationen d\u00e4r \u201dunga v\u00e4xer\u201d och det g\u00f6r de p\u00e5 m\u00e5nga olika s\u00e4tt. I 4H f\u00e5r ungdomarna tidigt vara med och p\u00e5verka samt ta ansvar. Bland annat genom de steg de kan ta i 4H-stegen.<\/p>\n<p><strong>Vad \u00e4r 4H-stegen<\/strong><br \/>\nSt\u00e4ll de fyra H:na p\u00e5 varandra s\u00e5 blir det som en stege. F\u00f6r varje steg upp\u00e5t s\u00e5 kommer det nya utmaningar och utvecklingssteg f\u00f6r de medlemmar som vill.<\/p>\n<p><strong>Miniledare<\/strong><br \/>\nMiniledare kan du bli n\u00e4r du \u00e4r 10-12 \u00e5r. Du f\u00e5r d\u00e5 g\u00e5 en kurs som arrangeras av 4H-klubben eller l\u00e4nsf\u00f6rbundet. Under kursen f\u00e5r du l\u00e4ra dig om 4H, hur du \u00e4r en bra f\u00f6rebild och hur du kan vara som ledare. N\u00e4r du har g\u00e5tt kursen f\u00e5r du hj\u00e4lpa till att leda de yngre medlemmarna i 4H-klubben kanske genom att leda lekar och enklare aktiviteter samt vara en f\u00f6rebild.<\/p>\n<p><strong>Ledare<\/strong><br \/>\nN\u00e4r du \u00e4r 12 \u00e5r kan du g\u00e5 aspirantkursen som arrangeras av Stockholms l\u00e4ns 4H. N\u00e4r du har g\u00e5tt den kan du sj\u00e4lv h\u00e5lla i vissa aktiviteter i 4H-klubben kanske tillsammans med en kompis som ocks\u00e5 g\u00e5tt kursen. Det kan dock fortfarande beh\u00f6vas st\u00f6d av vuxen.<\/p>\n<p><strong>Juniorledare<\/strong><br \/>\nN\u00e4r du \u00e4r 14-16 \u00e5r kan du bli juniorledare i din 4H-klubb. Du kommer d\u00e5 f\u00e5 en p\u00e4rm fr\u00e5n Stockholms l\u00e4ns 4H och i den finns det olika uppdrag du ska genomf\u00f6ra under ett \u00e5rs tid f\u00f6r att samla olika po\u00e4ng. Exempel p\u00e5 uppdrag kan vara att du: ska v\u00e4rva medlemmar, arrangera aktivitet f\u00f6r allm\u00e4nheten, leda medlemsaktiviteter etc. N\u00e4r du samlat ihop dina po\u00e4ng f\u00e5r du \u00e5ka p\u00e5 en ledarutbildning tillsammans med andra juniorledare fr\u00e5n 4H-klubbar i Stockholms l\u00e4n.<\/p>\n<p><strong>Seniorledare<\/strong><br \/>\nDetta \u00e4r n\u00e5got du kan bli n\u00e4r du varit aktiv i din klubb l\u00e4nge och \u00e4r \u00f6ver 18 \u00e5r.<br \/>\nDu f\u00e5r en p\u00e4rm fr\u00e5n Stockholms l\u00e4ns 4H och i den finns det olika uppdrag du ska genomf\u00f6ra under ett \u00e5rs tid f\u00f6r att samla olika po\u00e4ng.<\/p>\n<div class=\"yj6qo\"><\/div>\n<p>&nbsp;[\/vc_column_text][\/vc_column][\/vc_row]<\/p>\n<\/div>","protected":false},"excerpt":{"rendered":"<p>[vc_row][vc_column][vc_column_text]4H-stegen 4H \u00e4r organisationen d\u00e4r \u201dunga v\u00e4xer\u201d och det g\u00f6r de p\u00e5 m\u00e5nga olika s\u00e4tt. I 4H f\u00e5r ungdomarna tidigt vara med och p\u00e5verka samt ta ansvar. Bland annat genom de steg de kan ta i 4H-stegen. Vad \u00e4r 4H-stegen St\u00e4ll de fyra H:na p\u00e5 varandra s\u00e5 blir det som en stege. F\u00f6r varje steg&nbsp; <a href=\"https:\/\/www.4h.se\/tanto\/4h-stegen-dar-unga-vaxer\/\">&hellip; Read more <i class=\"glyphicon glyphicon-arrow-right\"><\/i><\/a><\/p>\n","protected":false},"author":30,"featured_media":0,"parent":0,"menu_order":0,"comment_status":"closed","ping_status":"closed","template":"","meta":{"_acf_changed":false,"footnotes":""},"class_list":["post-520","page","type-page","status-publish","hentry"],"acf":[],"yoast_head":"<!-- This site is optimized with the Yoast SEO plugin v27.5 - https:\/\/yoast.com\/product\/yoast-seo-wordpress\/ -->\n<title>4H-stegen - d\u00e4r unga v\u00e4xer - Tanto 4H-klubb<\/title>\n<meta name=\"robots\" content=\"index, follow, max-snippet:-1, max-image-preview:large, max-video-preview:-1\" \/>\n<link rel=\"canonical\" href=\"https:\/\/www.4h.se\/tanto\/4h-stegen-dar-unga-vaxer\/\" \/>\n<meta property=\"og:locale\" content=\"sv_SE\" \/>\n<meta property=\"og:type\" content=\"article\" \/>\n<meta property=\"og:title\" content=\"4H-stegen - d\u00e4r unga v\u00e4xer - Tanto 4H-klubb\" \/>\n<meta property=\"og:description\" content=\"[vc_row][vc_column][vc_column_text]4H-stegen 4H \u00e4r organisationen d\u00e4r \u201dunga v\u00e4xer\u201d och det g\u00f6r de p\u00e5 m\u00e5nga olika s\u00e4tt. I 4H f\u00e5r ungdomarna tidigt vara med och p\u00e5verka samt ta ansvar. Bland annat genom de steg de kan ta i 4H-stegen. Vad \u00e4r 4H-stegen St\u00e4ll de fyra H:na p\u00e5 varandra s\u00e5 blir det som en stege. F\u00f6r varje steg&nbsp; &hellip; Read more\" \/>\n<meta property=\"og:url\" content=\"https:\/\/www.4h.se\/tanto\/4h-stegen-dar-unga-vaxer\/\" \/>\n<meta property=\"og:site_name\" content=\"Tanto 4H-klubb\" \/>\n<meta property=\"article:modified_time\" content=\"2018-04-29T09:57:36+00:00\" \/>\n<meta name=\"twitter:card\" content=\"summary_large_image\" \/>\n<meta name=\"twitter:label1\" content=\"Ber\u00e4knad l\u00e4stid\" \/>\n\t<meta name=\"twitter:data1\" content=\"2 minuter\" \/>\n<script type=\"application\/ld+json\" class=\"yoast-schema-graph\">{\"@context\":\"https:\\\/\\\/schema.org\",\"@graph\":[{\"@type\":\"WebPage\",\"@id\":\"https:\\\/\\\/www.4h.se\\\/tanto\\\/4h-stegen-dar-unga-vaxer\\\/\",\"url\":\"https:\\\/\\\/www.4h.se\\\/tanto\\\/4h-stegen-dar-unga-vaxer\\\/\",\"name\":\"4H-stegen - d\u00e4r unga v\u00e4xer - Tanto 4H-klubb\",\"isPartOf\":{\"@id\":\"https:\\\/\\\/www.4h.se\\\/tanto\\\/#website\"},\"datePublished\":\"2018-04-29T09:46:34+00:00\",\"dateModified\":\"2018-04-29T09:57:36+00:00\",\"breadcrumb\":{\"@id\":\"https:\\\/\\\/www.4h.se\\\/tanto\\\/4h-stegen-dar-unga-vaxer\\\/#breadcrumb\"},\"inLanguage\":\"sv-SE\",\"potentialAction\":[{\"@type\":\"ReadAction\",\"target\":[\"https:\\\/\\\/www.4h.se\\\/tanto\\\/4h-stegen-dar-unga-vaxer\\\/\"]}]},{\"@type\":\"BreadcrumbList\",\"@id\":\"https:\\\/\\\/www.4h.se\\\/tanto\\\/4h-stegen-dar-unga-vaxer\\\/#breadcrumb\",\"itemListElement\":[{\"@type\":\"ListItem\",\"position\":1,\"name\":\"Hem\",\"item\":\"https:\\\/\\\/www.4h.se\\\/tanto\\\/\"},{\"@type\":\"ListItem\",\"position\":2,\"name\":\"4H-stegen &#8211; d\u00e4r unga v\u00e4xer\"}]},{\"@type\":\"WebSite\",\"@id\":\"https:\\\/\\\/www.4h.se\\\/tanto\\\/#website\",\"url\":\"https:\\\/\\\/www.4h.se\\\/tanto\\\/\",\"name\":\"Tanto 4H-klubb\",\"description\":\"\",\"potentialAction\":[{\"@type\":\"SearchAction\",\"target\":{\"@type\":\"EntryPoint\",\"urlTemplate\":\"https:\\\/\\\/www.4h.se\\\/tanto\\\/?s={search_term_string}\"},\"query-input\":{\"@type\":\"PropertyValueSpecification\",\"valueRequired\":true,\"valueName\":\"search_term_string\"}}],\"inLanguage\":\"sv-SE\"}]}<\/script>\n<!-- \/ Yoast SEO plugin. -->","yoast_head_json":{"title":"4H-stegen - d\u00e4r unga v\u00e4xer - Tanto 4H-klubb","robots":{"index":"index","follow":"follow","max-snippet":"max-snippet:-1","max-image-preview":"max-image-preview:large","max-video-preview":"max-video-preview:-1"},"canonical":"https:\/\/www.4h.se\/tanto\/4h-stegen-dar-unga-vaxer\/","og_locale":"sv_SE","og_type":"article","og_title":"4H-stegen - d\u00e4r unga v\u00e4xer - Tanto 4H-klubb","og_description":"[vc_row][vc_column][vc_column_text]4H-stegen 4H \u00e4r organisationen d\u00e4r \u201dunga v\u00e4xer\u201d och det g\u00f6r de p\u00e5 m\u00e5nga olika s\u00e4tt. I 4H f\u00e5r ungdomarna tidigt vara med och p\u00e5verka samt ta ansvar. Bland annat genom de steg de kan ta i 4H-stegen. Vad \u00e4r 4H-stegen St\u00e4ll de fyra H:na p\u00e5 varandra s\u00e5 blir det som en stege. F\u00f6r varje steg&nbsp; &hellip; Read more","og_url":"https:\/\/www.4h.se\/tanto\/4h-stegen-dar-unga-vaxer\/","og_site_name":"Tanto 4H-klubb","article_modified_time":"2018-04-29T09:57:36+00:00","twitter_card":"summary_large_image","twitter_misc":{"Ber\u00e4knad l\u00e4stid":"2 minuter"},"schema":{"@context":"https:\/\/schema.org","@graph":[{"@type":"WebPage","@id":"https:\/\/www.4h.se\/tanto\/4h-stegen-dar-unga-vaxer\/","url":"https:\/\/www.4h.se\/tanto\/4h-stegen-dar-unga-vaxer\/","name":"4H-stegen - d\u00e4r unga v\u00e4xer - Tanto 4H-klubb","isPartOf":{"@id":"https:\/\/www.4h.se\/tanto\/#website"},"datePublished":"2018-04-29T09:46:34+00:00","dateModified":"2018-04-29T09:57:36+00:00","breadcrumb":{"@id":"https:\/\/www.4h.se\/tanto\/4h-stegen-dar-unga-vaxer\/#breadcrumb"},"inLanguage":"sv-SE","potentialAction":[{"@type":"ReadAction","target":["https:\/\/www.4h.se\/tanto\/4h-stegen-dar-unga-vaxer\/"]}]},{"@type":"BreadcrumbList","@id":"https:\/\/www.4h.se\/tanto\/4h-stegen-dar-unga-vaxer\/#breadcrumb","itemListElement":[{"@type":"ListItem","position":1,"name":"Hem","item":"https:\/\/www.4h.se\/tanto\/"},{"@type":"ListItem","position":2,"name":"4H-stegen &#8211; d\u00e4r unga v\u00e4xer"}]},{"@type":"WebSite","@id":"https:\/\/www.4h.se\/tanto\/#website","url":"https:\/\/www.4h.se\/tanto\/","name":"Tanto 4H-klubb","description":"","potentialAction":[{"@type":"SearchAction","target":{"@type":"EntryPoint","urlTemplate":"https:\/\/www.4h.se\/tanto\/?s={search_term_string}"},"query-input":{"@type":"PropertyValueSpecification","valueRequired":true,"valueName":"search_term_string"}}],"inLanguage":"sv-SE"}]}},"_links":{"self":[{"href":"https:\/\/www.4h.se\/tanto\/wp-json\/wp\/v2\/pages\/520","targetHints":{"allow":["GET"]}}],"collection":[{"href":"https:\/\/www.4h.se\/tanto\/wp-json\/wp\/v2\/pages"}],"about":[{"href":"https:\/\/www.4h.se\/tanto\/wp-json\/wp\/v2\/types\/page"}],"author":[{"embeddable":true,"href":"https:\/\/www.4h.se\/tanto\/wp-json\/wp\/v2\/users\/30"}],"replies":[{"embeddable":true,"href":"https:\/\/www.4h.se\/tanto\/wp-json\/wp\/v2\/comments?post=520"}],"version-history":[{"count":0,"href":"https:\/\/www.4h.se\/tanto\/wp-json\/wp\/v2\/pages\/520\/revisions"}],"wp:attachment":[{"href":"https:\/\/www.4h.se\/tanto\/wp-json\/wp\/v2\/media?parent=520"}],"curies":[{"name":"wp","href":"https:\/\/api.w.org\/{rel}","templated":true}]}}