



{"id":519,"date":"2018-04-29T11:45:56","date_gmt":"2018-04-29T09:45:56","guid":{"rendered":"http:\/\/www.4h.se\/tanto\/?page_id=519"},"modified":"2018-04-29T12:00:38","modified_gmt":"2018-04-29T10:00:38","slug":"tanto-4hs-avdelningar","status":"publish","type":"page","link":"https:\/\/www.4h.se\/tanto\/tanto-4hs-avdelningar\/","title":{"rendered":"Tanto 4H:s avdelningar"},"content":{"rendered":"<div class=\"wpb-content-wrapper\"><p>[vc_row][vc_column][vc_column_text]<strong>Tanto 4H:s avdelningar<\/strong><\/p>\n<p>Under Tanto 4H finns det flera 4H avdelningar och alla medlemmar tillh\u00f6r n\u00e5gon avdelning. Vilken\/ vilka beror p\u00e5 vilken typ av aktiviteter medlemmen har varit med p\u00e5 under \u00e5ret. Vill du som medlem starta en egen avdelning h\u00f6r av dig till styrelsen f\u00f6r Tanto 4H.<\/p>\n<p><strong>Under 2017 har vi haft dessa avdelningar:<\/strong><br \/>\nTanto 4H:s avdelning<br \/>\nTanto 4H:s matskola &#8211; avdelning<br \/>\nKl\u00f6verhj\u00e4ltens avdelning<br \/>\nNinjas &#8211; avdelning<\/p>\n<p><strong>Avdelningar 2018<\/strong><br \/>\nTanto 4H &#8211; avdelning<br \/>\nGr\u00f6na dalens &#8211; avdelning<br \/>\nTanto 4H djurkul &#8211; avdelning<br \/>\nMatskola med Tanto 4H &#8211; avdelning<br \/>\nKl\u00f6verhj\u00e4ltens avdelning<br \/>\nOdlingskul med 4H &#8211; avdelning<\/p>\n<div class=\"yj6qo\"><\/div>\n<p>&nbsp;[\/vc_column_text][\/vc_column][\/vc_row]<\/p>\n<\/div>","protected":false},"excerpt":{"rendered":"<p>[vc_row][vc_column][vc_column_text]Tanto 4H:s avdelningar Under Tanto 4H finns det flera 4H avdelningar och alla medlemmar tillh\u00f6r n\u00e5gon avdelning. Vilken\/ vilka beror p\u00e5 vilken typ av aktiviteter medlemmen har varit med p\u00e5 under \u00e5ret. Vill du som medlem starta en egen avdelning h\u00f6r av dig till styrelsen f\u00f6r Tanto 4H. Under 2017 har vi haft dessa avdelningar:&nbsp; <a href=\"https:\/\/www.4h.se\/tanto\/tanto-4hs-avdelningar\/\">&hellip; Read more <i class=\"glyphicon glyphicon-arrow-right\"><\/i><\/a><\/p>\n","protected":false},"author":30,"featured_media":0,"parent":0,"menu_order":0,"comment_status":"closed","ping_status":"closed","template":"","meta":{"_acf_changed":false,"footnotes":""},"class_list":["post-519","page","type-page","status-publish","hentry"],"acf":[],"yoast_head":"<!-- This site is optimized with the Yoast SEO plugin v27.5 - https:\/\/yoast.com\/product\/yoast-seo-wordpress\/ -->\n<title>Tanto 4H:s avdelningar - Tanto 4H-klubb<\/title>\n<meta name=\"robots\" content=\"index, follow, max-snippet:-1, max-image-preview:large, max-video-preview:-1\" \/>\n<link rel=\"canonical\" href=\"https:\/\/www.4h.se\/tanto\/tanto-4hs-avdelningar\/\" \/>\n<meta property=\"og:locale\" content=\"sv_SE\" \/>\n<meta property=\"og:type\" content=\"article\" \/>\n<meta property=\"og:title\" content=\"Tanto 4H:s avdelningar - Tanto 4H-klubb\" \/>\n<meta property=\"og:description\" content=\"[vc_row][vc_column][vc_column_text]Tanto 4H:s avdelningar Under Tanto 4H finns det flera 4H avdelningar och alla medlemmar tillh\u00f6r n\u00e5gon avdelning. Vilken\/ vilka beror p\u00e5 vilken typ av aktiviteter medlemmen har varit med p\u00e5 under \u00e5ret. Vill du som medlem starta en egen avdelning h\u00f6r av dig till styrelsen f\u00f6r Tanto 4H. Under 2017 har vi haft dessa avdelningar:&nbsp; &hellip; Read more\" \/>\n<meta property=\"og:url\" content=\"https:\/\/www.4h.se\/tanto\/tanto-4hs-avdelningar\/\" \/>\n<meta property=\"og:site_name\" content=\"Tanto 4H-klubb\" \/>\n<meta property=\"article:modified_time\" content=\"2018-04-29T10:00:38+00:00\" \/>\n<meta name=\"twitter:card\" content=\"summary_large_image\" \/>\n<meta name=\"twitter:label1\" content=\"Ber\u00e4knad l\u00e4stid\" \/>\n\t<meta name=\"twitter:data1\" content=\"1 minut\" \/>\n<script type=\"application\/ld+json\" class=\"yoast-schema-graph\">{\"@context\":\"https:\\\/\\\/schema.org\",\"@graph\":[{\"@type\":\"WebPage\",\"@id\":\"https:\\\/\\\/www.4h.se\\\/tanto\\\/tanto-4hs-avdelningar\\\/\",\"url\":\"https:\\\/\\\/www.4h.se\\\/tanto\\\/tanto-4hs-avdelningar\\\/\",\"name\":\"Tanto 4H:s avdelningar - Tanto 4H-klubb\",\"isPartOf\":{\"@id\":\"https:\\\/\\\/www.4h.se\\\/tanto\\\/#website\"},\"datePublished\":\"2018-04-29T09:45:56+00:00\",\"dateModified\":\"2018-04-29T10:00:38+00:00\",\"breadcrumb\":{\"@id\":\"https:\\\/\\\/www.4h.se\\\/tanto\\\/tanto-4hs-avdelningar\\\/#breadcrumb\"},\"inLanguage\":\"sv-SE\",\"potentialAction\":[{\"@type\":\"ReadAction\",\"target\":[\"https:\\\/\\\/www.4h.se\\\/tanto\\\/tanto-4hs-avdelningar\\\/\"]}]},{\"@type\":\"BreadcrumbList\",\"@id\":\"https:\\\/\\\/www.4h.se\\\/tanto\\\/tanto-4hs-avdelningar\\\/#breadcrumb\",\"itemListElement\":[{\"@type\":\"ListItem\",\"position\":1,\"name\":\"Hem\",\"item\":\"https:\\\/\\\/www.4h.se\\\/tanto\\\/\"},{\"@type\":\"ListItem\",\"position\":2,\"name\":\"Tanto 4H:s avdelningar\"}]},{\"@type\":\"WebSite\",\"@id\":\"https:\\\/\\\/www.4h.se\\\/tanto\\\/#website\",\"url\":\"https:\\\/\\\/www.4h.se\\\/tanto\\\/\",\"name\":\"Tanto 4H-klubb\",\"description\":\"\",\"potentialAction\":[{\"@type\":\"SearchAction\",\"target\":{\"@type\":\"EntryPoint\",\"urlTemplate\":\"https:\\\/\\\/www.4h.se\\\/tanto\\\/?s={search_term_string}\"},\"query-input\":{\"@type\":\"PropertyValueSpecification\",\"valueRequired\":true,\"valueName\":\"search_term_string\"}}],\"inLanguage\":\"sv-SE\"}]}<\/script>\n<!-- \/ Yoast SEO plugin. -->","yoast_head_json":{"title":"Tanto 4H:s avdelningar - Tanto 4H-klubb","robots":{"index":"index","follow":"follow","max-snippet":"max-snippet:-1","max-image-preview":"max-image-preview:large","max-video-preview":"max-video-preview:-1"},"canonical":"https:\/\/www.4h.se\/tanto\/tanto-4hs-avdelningar\/","og_locale":"sv_SE","og_type":"article","og_title":"Tanto 4H:s avdelningar - Tanto 4H-klubb","og_description":"[vc_row][vc_column][vc_column_text]Tanto 4H:s avdelningar Under Tanto 4H finns det flera 4H avdelningar och alla medlemmar tillh\u00f6r n\u00e5gon avdelning. Vilken\/ vilka beror p\u00e5 vilken typ av aktiviteter medlemmen har varit med p\u00e5 under \u00e5ret. Vill du som medlem starta en egen avdelning h\u00f6r av dig till styrelsen f\u00f6r Tanto 4H. Under 2017 har vi haft dessa avdelningar:&nbsp; &hellip; Read more","og_url":"https:\/\/www.4h.se\/tanto\/tanto-4hs-avdelningar\/","og_site_name":"Tanto 4H-klubb","article_modified_time":"2018-04-29T10:00:38+00:00","twitter_card":"summary_large_image","twitter_misc":{"Ber\u00e4knad l\u00e4stid":"1 minut"},"schema":{"@context":"https:\/\/schema.org","@graph":[{"@type":"WebPage","@id":"https:\/\/www.4h.se\/tanto\/tanto-4hs-avdelningar\/","url":"https:\/\/www.4h.se\/tanto\/tanto-4hs-avdelningar\/","name":"Tanto 4H:s avdelningar - Tanto 4H-klubb","isPartOf":{"@id":"https:\/\/www.4h.se\/tanto\/#website"},"datePublished":"2018-04-29T09:45:56+00:00","dateModified":"2018-04-29T10:00:38+00:00","breadcrumb":{"@id":"https:\/\/www.4h.se\/tanto\/tanto-4hs-avdelningar\/#breadcrumb"},"inLanguage":"sv-SE","potentialAction":[{"@type":"ReadAction","target":["https:\/\/www.4h.se\/tanto\/tanto-4hs-avdelningar\/"]}]},{"@type":"BreadcrumbList","@id":"https:\/\/www.4h.se\/tanto\/tanto-4hs-avdelningar\/#breadcrumb","itemListElement":[{"@type":"ListItem","position":1,"name":"Hem","item":"https:\/\/www.4h.se\/tanto\/"},{"@type":"ListItem","position":2,"name":"Tanto 4H:s avdelningar"}]},{"@type":"WebSite","@id":"https:\/\/www.4h.se\/tanto\/#website","url":"https:\/\/www.4h.se\/tanto\/","name":"Tanto 4H-klubb","description":"","potentialAction":[{"@type":"SearchAction","target":{"@type":"EntryPoint","urlTemplate":"https:\/\/www.4h.se\/tanto\/?s={search_term_string}"},"query-input":{"@type":"PropertyValueSpecification","valueRequired":true,"valueName":"search_term_string"}}],"inLanguage":"sv-SE"}]}},"_links":{"self":[{"href":"https:\/\/www.4h.se\/tanto\/wp-json\/wp\/v2\/pages\/519","targetHints":{"allow":["GET"]}}],"collection":[{"href":"https:\/\/www.4h.se\/tanto\/wp-json\/wp\/v2\/pages"}],"about":[{"href":"https:\/\/www.4h.se\/tanto\/wp-json\/wp\/v2\/types\/page"}],"author":[{"embeddable":true,"href":"https:\/\/www.4h.se\/tanto\/wp-json\/wp\/v2\/users\/30"}],"replies":[{"embeddable":true,"href":"https:\/\/www.4h.se\/tanto\/wp-json\/wp\/v2\/comments?post=519"}],"version-history":[{"count":0,"href":"https:\/\/www.4h.se\/tanto\/wp-json\/wp\/v2\/pages\/519\/revisions"}],"wp:attachment":[{"href":"https:\/\/www.4h.se\/tanto\/wp-json\/wp\/v2\/media?parent=519"}],"curies":[{"name":"wp","href":"https:\/\/api.w.org\/{rel}","templated":true}]}}