



{"id":446,"date":"2018-04-28T19:46:02","date_gmt":"2018-04-28T17:46:02","guid":{"rendered":"http:\/\/www.4h.se\/tanto\/?page_id=446"},"modified":"2018-04-28T21:15:12","modified_gmt":"2018-04-28T19:15:12","slug":"barnens-julfest","status":"publish","type":"page","link":"https:\/\/www.4h.se\/tanto\/barnens-julfest\/","title":{"rendered":"Barnens julfest"},"content":{"rendered":"<div class=\"wpb-content-wrapper\"><p>[vc_row][vc_column el_class=&#8221;Barnens julfest med Tanto 4H &#8221;][vc_column_text]<strong>Barnens julfest med Tanto 4H<\/strong><\/p>\n<p>Varje \u00e5r innan jul arrangerar vi en julfest f\u00f6r alla barn i Tanto b\u00e5de f\u00f6r medlemmar och Icke medlemmar. Vi brukar erbjuda pyssel, ansiktsm\u00e5lning, julgr\u00f6t och fika samt lekar och tomtejakt![\/vc_column_text][\/vc_column][\/vc_row][vc_row][vc_column][vc_single_image image=&#8221;433&#8243;][\/vc_column][\/vc_row]<\/p>\n<\/div>","protected":false},"excerpt":{"rendered":"<p>[vc_row][vc_column el_class=&#8221;Barnens julfest med Tanto 4H &#8221;][vc_column_text]Barnens julfest med Tanto 4H Varje \u00e5r innan jul arrangerar vi en julfest f\u00f6r alla barn i Tanto b\u00e5de f\u00f6r medlemmar och Icke medlemmar. Vi brukar erbjuda pyssel, ansiktsm\u00e5lning, julgr\u00f6t och fika samt lekar och tomtejakt![\/vc_column_text][\/vc_column][\/vc_row][vc_row][vc_column][vc_single_image image=&#8221;433&#8243;][\/vc_column][\/vc_row]<\/p>\n","protected":false},"author":30,"featured_media":0,"parent":0,"menu_order":0,"comment_status":"closed","ping_status":"closed","template":"","meta":{"_acf_changed":false,"footnotes":""},"class_list":["post-446","page","type-page","status-publish","hentry"],"acf":[],"yoast_head":"<!-- This site is optimized with the Yoast SEO plugin v27.5 - https:\/\/yoast.com\/product\/yoast-seo-wordpress\/ -->\n<title>Barnens julfest - Tanto 4H-klubb<\/title>\n<meta name=\"robots\" content=\"index, follow, max-snippet:-1, max-image-preview:large, max-video-preview:-1\" \/>\n<link rel=\"canonical\" href=\"https:\/\/www.4h.se\/tanto\/barnens-julfest\/\" \/>\n<meta property=\"og:locale\" content=\"sv_SE\" \/>\n<meta property=\"og:type\" content=\"article\" \/>\n<meta property=\"og:title\" content=\"Barnens julfest - Tanto 4H-klubb\" \/>\n<meta property=\"og:description\" content=\"[vc_row][vc_column el_class=&#8221;Barnens julfest med Tanto 4H &#8221;][vc_column_text]Barnens julfest med Tanto 4H Varje \u00e5r innan jul arrangerar vi en julfest f\u00f6r alla barn i Tanto b\u00e5de f\u00f6r medlemmar och Icke medlemmar. Vi brukar erbjuda pyssel, ansiktsm\u00e5lning, julgr\u00f6t och fika samt lekar och tomtejakt![\/vc_column_text][\/vc_column][\/vc_row][vc_row][vc_column][vc_single_image image=&#8221;433&#8243;][\/vc_column][\/vc_row]\" \/>\n<meta property=\"og:url\" content=\"https:\/\/www.4h.se\/tanto\/barnens-julfest\/\" \/>\n<meta property=\"og:site_name\" content=\"Tanto 4H-klubb\" \/>\n<meta property=\"article:modified_time\" content=\"2018-04-28T19:15:12+00:00\" \/>\n<meta name=\"twitter:card\" content=\"summary_large_image\" \/>\n<script type=\"application\/ld+json\" class=\"yoast-schema-graph\">{\"@context\":\"https:\\\/\\\/schema.org\",\"@graph\":[{\"@type\":\"WebPage\",\"@id\":\"https:\\\/\\\/www.4h.se\\\/tanto\\\/barnens-julfest\\\/\",\"url\":\"https:\\\/\\\/www.4h.se\\\/tanto\\\/barnens-julfest\\\/\",\"name\":\"Barnens julfest - Tanto 4H-klubb\",\"isPartOf\":{\"@id\":\"https:\\\/\\\/www.4h.se\\\/tanto\\\/#website\"},\"datePublished\":\"2018-04-28T17:46:02+00:00\",\"dateModified\":\"2018-04-28T19:15:12+00:00\",\"breadcrumb\":{\"@id\":\"https:\\\/\\\/www.4h.se\\\/tanto\\\/barnens-julfest\\\/#breadcrumb\"},\"inLanguage\":\"sv-SE\",\"potentialAction\":[{\"@type\":\"ReadAction\",\"target\":[\"https:\\\/\\\/www.4h.se\\\/tanto\\\/barnens-julfest\\\/\"]}]},{\"@type\":\"BreadcrumbList\",\"@id\":\"https:\\\/\\\/www.4h.se\\\/tanto\\\/barnens-julfest\\\/#breadcrumb\",\"itemListElement\":[{\"@type\":\"ListItem\",\"position\":1,\"name\":\"Hem\",\"item\":\"https:\\\/\\\/www.4h.se\\\/tanto\\\/\"},{\"@type\":\"ListItem\",\"position\":2,\"name\":\"Barnens julfest\"}]},{\"@type\":\"WebSite\",\"@id\":\"https:\\\/\\\/www.4h.se\\\/tanto\\\/#website\",\"url\":\"https:\\\/\\\/www.4h.se\\\/tanto\\\/\",\"name\":\"Tanto 4H-klubb\",\"description\":\"\",\"potentialAction\":[{\"@type\":\"SearchAction\",\"target\":{\"@type\":\"EntryPoint\",\"urlTemplate\":\"https:\\\/\\\/www.4h.se\\\/tanto\\\/?s={search_term_string}\"},\"query-input\":{\"@type\":\"PropertyValueSpecification\",\"valueRequired\":true,\"valueName\":\"search_term_string\"}}],\"inLanguage\":\"sv-SE\"}]}<\/script>\n<!-- \/ Yoast SEO plugin. -->","yoast_head_json":{"title":"Barnens julfest - Tanto 4H-klubb","robots":{"index":"index","follow":"follow","max-snippet":"max-snippet:-1","max-image-preview":"max-image-preview:large","max-video-preview":"max-video-preview:-1"},"canonical":"https:\/\/www.4h.se\/tanto\/barnens-julfest\/","og_locale":"sv_SE","og_type":"article","og_title":"Barnens julfest - Tanto 4H-klubb","og_description":"[vc_row][vc_column el_class=&#8221;Barnens julfest med Tanto 4H &#8221;][vc_column_text]Barnens julfest med Tanto 4H Varje \u00e5r innan jul arrangerar vi en julfest f\u00f6r alla barn i Tanto b\u00e5de f\u00f6r medlemmar och Icke medlemmar. Vi brukar erbjuda pyssel, ansiktsm\u00e5lning, julgr\u00f6t och fika samt lekar och tomtejakt![\/vc_column_text][\/vc_column][\/vc_row][vc_row][vc_column][vc_single_image image=&#8221;433&#8243;][\/vc_column][\/vc_row]","og_url":"https:\/\/www.4h.se\/tanto\/barnens-julfest\/","og_site_name":"Tanto 4H-klubb","article_modified_time":"2018-04-28T19:15:12+00:00","twitter_card":"summary_large_image","schema":{"@context":"https:\/\/schema.org","@graph":[{"@type":"WebPage","@id":"https:\/\/www.4h.se\/tanto\/barnens-julfest\/","url":"https:\/\/www.4h.se\/tanto\/barnens-julfest\/","name":"Barnens julfest - Tanto 4H-klubb","isPartOf":{"@id":"https:\/\/www.4h.se\/tanto\/#website"},"datePublished":"2018-04-28T17:46:02+00:00","dateModified":"2018-04-28T19:15:12+00:00","breadcrumb":{"@id":"https:\/\/www.4h.se\/tanto\/barnens-julfest\/#breadcrumb"},"inLanguage":"sv-SE","potentialAction":[{"@type":"ReadAction","target":["https:\/\/www.4h.se\/tanto\/barnens-julfest\/"]}]},{"@type":"BreadcrumbList","@id":"https:\/\/www.4h.se\/tanto\/barnens-julfest\/#breadcrumb","itemListElement":[{"@type":"ListItem","position":1,"name":"Hem","item":"https:\/\/www.4h.se\/tanto\/"},{"@type":"ListItem","position":2,"name":"Barnens julfest"}]},{"@type":"WebSite","@id":"https:\/\/www.4h.se\/tanto\/#website","url":"https:\/\/www.4h.se\/tanto\/","name":"Tanto 4H-klubb","description":"","potentialAction":[{"@type":"SearchAction","target":{"@type":"EntryPoint","urlTemplate":"https:\/\/www.4h.se\/tanto\/?s={search_term_string}"},"query-input":{"@type":"PropertyValueSpecification","valueRequired":true,"valueName":"search_term_string"}}],"inLanguage":"sv-SE"}]}},"_links":{"self":[{"href":"https:\/\/www.4h.se\/tanto\/wp-json\/wp\/v2\/pages\/446","targetHints":{"allow":["GET"]}}],"collection":[{"href":"https:\/\/www.4h.se\/tanto\/wp-json\/wp\/v2\/pages"}],"about":[{"href":"https:\/\/www.4h.se\/tanto\/wp-json\/wp\/v2\/types\/page"}],"author":[{"embeddable":true,"href":"https:\/\/www.4h.se\/tanto\/wp-json\/wp\/v2\/users\/30"}],"replies":[{"embeddable":true,"href":"https:\/\/www.4h.se\/tanto\/wp-json\/wp\/v2\/comments?post=446"}],"version-history":[{"count":0,"href":"https:\/\/www.4h.se\/tanto\/wp-json\/wp\/v2\/pages\/446\/revisions"}],"wp:attachment":[{"href":"https:\/\/www.4h.se\/tanto\/wp-json\/wp\/v2\/media?parent=446"}],"curies":[{"name":"wp","href":"https:\/\/api.w.org\/{rel}","templated":true}]}}