



{"id":442,"date":"2018-04-28T19:44:02","date_gmt":"2018-04-28T17:44:02","guid":{"rendered":"http:\/\/www.4h.se\/tanto\/?page_id=442"},"modified":"2018-04-30T00:00:35","modified_gmt":"2018-04-29T22:00:35","slug":"paskkul","status":"publish","type":"page","link":"https:\/\/www.4h.se\/tanto\/paskkul\/","title":{"rendered":"P\u00e5skkul med 4H"},"content":{"rendered":"<div class=\"wpb-content-wrapper\"><p>[vc_row][vc_column][vc_column_text]<strong>P\u00e5skkul med Tanto 4H<\/strong><\/p>\n<p>&nbsp;<\/p>\n<p>Inf\u00f6r P\u00e5sk arrangerar Tanto 4H p\u00e5skkul f\u00f6r medlemmarna.<\/p>\n<p>&nbsp;<\/p>\n<p><a href=\"https:\/\/www.4h.se\/tanto\/wp-content\/uploads\/sites\/60\/2018\/04\/IMG_3742.jpg\"><img loading=\"lazy\" decoding=\"async\" class=\"alignnone  wp-image-545\" src=\"https:\/\/www.4h.se\/tanto\/wp-content\/uploads\/sites\/60\/2018\/04\/IMG_3742-400x300.jpg\" alt=\"IMG_3742\" width=\"224\" height=\"168\" srcset=\"https:\/\/www.4h.se\/tanto\/wp-content\/uploads\/sites\/60\/2018\/04\/IMG_3742-400x300.jpg 400w, https:\/\/www.4h.se\/tanto\/wp-content\/uploads\/sites\/60\/2018\/04\/IMG_3742-170x128.jpg 170w, https:\/\/www.4h.se\/tanto\/wp-content\/uploads\/sites\/60\/2018\/04\/IMG_3742-970x728.jpg 970w\" sizes=\"auto, (max-width: 224px) 100vw, 224px\" \/><\/a>\u00a0 \u00a0<a href=\"https:\/\/www.4h.se\/tanto\/wp-content\/uploads\/sites\/60\/2018\/04\/IMG_1662.jpg\"><img loading=\"lazy\" decoding=\"async\" class=\"alignnone  wp-image-544\" src=\"https:\/\/www.4h.se\/tanto\/wp-content\/uploads\/sites\/60\/2018\/04\/IMG_1662-470x264.jpg\" alt=\"IMG_1662\" width=\"303\" height=\"170\" srcset=\"https:\/\/www.4h.se\/tanto\/wp-content\/uploads\/sites\/60\/2018\/04\/IMG_1662-470x264.jpg 470w, https:\/\/www.4h.se\/tanto\/wp-content\/uploads\/sites\/60\/2018\/04\/IMG_1662-170x96.jpg 170w, https:\/\/www.4h.se\/tanto\/wp-content\/uploads\/sites\/60\/2018\/04\/IMG_1662-970x546.jpg 970w, https:\/\/www.4h.se\/tanto\/wp-content\/uploads\/sites\/60\/2018\/04\/IMG_1662.jpg 1280w\" sizes=\"auto, (max-width: 303px) 100vw, 303px\" \/><\/a>[\/vc_column_text][\/vc_column][\/vc_row]<\/p>\n<\/div>","protected":false},"excerpt":{"rendered":"<p>[vc_row][vc_column][vc_column_text]P\u00e5skkul med Tanto 4H &nbsp; Inf\u00f6r P\u00e5sk arrangerar Tanto 4H p\u00e5skkul f\u00f6r medlemmarna. &nbsp; \u00a0 \u00a0[\/vc_column_text][\/vc_column][\/vc_row]<\/p>\n","protected":false},"author":30,"featured_media":0,"parent":0,"menu_order":0,"comment_status":"closed","ping_status":"closed","template":"","meta":{"_acf_changed":false,"footnotes":""},"class_list":["post-442","page","type-page","status-publish","hentry"],"acf":[],"yoast_head":"<!-- This site is optimized with the Yoast SEO plugin v27.5 - https:\/\/yoast.com\/product\/yoast-seo-wordpress\/ -->\n<title>P\u00e5skkul med 4H - Tanto 4H-klubb<\/title>\n<meta name=\"robots\" content=\"index, follow, max-snippet:-1, max-image-preview:large, max-video-preview:-1\" \/>\n<link rel=\"canonical\" href=\"https:\/\/www.4h.se\/tanto\/paskkul\/\" \/>\n<meta property=\"og:locale\" content=\"sv_SE\" \/>\n<meta property=\"og:type\" content=\"article\" \/>\n<meta property=\"og:title\" content=\"P\u00e5skkul med 4H - Tanto 4H-klubb\" \/>\n<meta property=\"og:description\" content=\"[vc_row][vc_column][vc_column_text]P\u00e5skkul med Tanto 4H &nbsp; Inf\u00f6r P\u00e5sk arrangerar Tanto 4H p\u00e5skkul f\u00f6r medlemmarna. &nbsp; \u00a0 \u00a0[\/vc_column_text][\/vc_column][\/vc_row]\" \/>\n<meta property=\"og:url\" content=\"https:\/\/www.4h.se\/tanto\/paskkul\/\" \/>\n<meta property=\"og:site_name\" content=\"Tanto 4H-klubb\" \/>\n<meta property=\"article:modified_time\" content=\"2018-04-29T22:00:35+00:00\" \/>\n<meta property=\"og:image\" content=\"https:\/\/www.4h.se\/tanto\/wp-content\/uploads\/sites\/60\/2018\/04\/IMG_3742.jpg\" \/>\n\t<meta property=\"og:image:width\" content=\"4032\" \/>\n\t<meta property=\"og:image:height\" content=\"3024\" \/>\n\t<meta property=\"og:image:type\" content=\"image\/jpeg\" \/>\n<meta name=\"twitter:card\" content=\"summary_large_image\" \/>\n<script type=\"application\/ld+json\" class=\"yoast-schema-graph\">{\"@context\":\"https:\\\/\\\/schema.org\",\"@graph\":[{\"@type\":\"WebPage\",\"@id\":\"https:\\\/\\\/www.4h.se\\\/tanto\\\/paskkul\\\/\",\"url\":\"https:\\\/\\\/www.4h.se\\\/tanto\\\/paskkul\\\/\",\"name\":\"P\u00e5skkul med 4H - Tanto 4H-klubb\",\"isPartOf\":{\"@id\":\"https:\\\/\\\/www.4h.se\\\/tanto\\\/#website\"},\"primaryImageOfPage\":{\"@id\":\"https:\\\/\\\/www.4h.se\\\/tanto\\\/paskkul\\\/#primaryimage\"},\"image\":{\"@id\":\"https:\\\/\\\/www.4h.se\\\/tanto\\\/paskkul\\\/#primaryimage\"},\"thumbnailUrl\":\"https:\\\/\\\/www.4h.se\\\/tanto\\\/wp-content\\\/uploads\\\/sites\\\/60\\\/2018\\\/04\\\/IMG_3742-400x300.jpg\",\"datePublished\":\"2018-04-28T17:44:02+00:00\",\"dateModified\":\"2018-04-29T22:00:35+00:00\",\"breadcrumb\":{\"@id\":\"https:\\\/\\\/www.4h.se\\\/tanto\\\/paskkul\\\/#breadcrumb\"},\"inLanguage\":\"sv-SE\",\"potentialAction\":[{\"@type\":\"ReadAction\",\"target\":[\"https:\\\/\\\/www.4h.se\\\/tanto\\\/paskkul\\\/\"]}]},{\"@type\":\"ImageObject\",\"inLanguage\":\"sv-SE\",\"@id\":\"https:\\\/\\\/www.4h.se\\\/tanto\\\/paskkul\\\/#primaryimage\",\"url\":\"https:\\\/\\\/www.4h.se\\\/tanto\\\/wp-content\\\/uploads\\\/sites\\\/60\\\/2018\\\/04\\\/IMG_3742.jpg\",\"contentUrl\":\"https:\\\/\\\/www.4h.se\\\/tanto\\\/wp-content\\\/uploads\\\/sites\\\/60\\\/2018\\\/04\\\/IMG_3742.jpg\",\"width\":4032,\"height\":3024},{\"@type\":\"BreadcrumbList\",\"@id\":\"https:\\\/\\\/www.4h.se\\\/tanto\\\/paskkul\\\/#breadcrumb\",\"itemListElement\":[{\"@type\":\"ListItem\",\"position\":1,\"name\":\"Hem\",\"item\":\"https:\\\/\\\/www.4h.se\\\/tanto\\\/\"},{\"@type\":\"ListItem\",\"position\":2,\"name\":\"P\u00e5skkul med 4H\"}]},{\"@type\":\"WebSite\",\"@id\":\"https:\\\/\\\/www.4h.se\\\/tanto\\\/#website\",\"url\":\"https:\\\/\\\/www.4h.se\\\/tanto\\\/\",\"name\":\"Tanto 4H-klubb\",\"description\":\"\",\"potentialAction\":[{\"@type\":\"SearchAction\",\"target\":{\"@type\":\"EntryPoint\",\"urlTemplate\":\"https:\\\/\\\/www.4h.se\\\/tanto\\\/?s={search_term_string}\"},\"query-input\":{\"@type\":\"PropertyValueSpecification\",\"valueRequired\":true,\"valueName\":\"search_term_string\"}}],\"inLanguage\":\"sv-SE\"}]}<\/script>\n<!-- \/ Yoast SEO plugin. -->","yoast_head_json":{"title":"P\u00e5skkul med 4H - Tanto 4H-klubb","robots":{"index":"index","follow":"follow","max-snippet":"max-snippet:-1","max-image-preview":"max-image-preview:large","max-video-preview":"max-video-preview:-1"},"canonical":"https:\/\/www.4h.se\/tanto\/paskkul\/","og_locale":"sv_SE","og_type":"article","og_title":"P\u00e5skkul med 4H - Tanto 4H-klubb","og_description":"[vc_row][vc_column][vc_column_text]P\u00e5skkul med Tanto 4H &nbsp; Inf\u00f6r P\u00e5sk arrangerar Tanto 4H p\u00e5skkul f\u00f6r medlemmarna. &nbsp; \u00a0 \u00a0[\/vc_column_text][\/vc_column][\/vc_row]","og_url":"https:\/\/www.4h.se\/tanto\/paskkul\/","og_site_name":"Tanto 4H-klubb","article_modified_time":"2018-04-29T22:00:35+00:00","og_image":[{"width":4032,"height":3024,"url":"https:\/\/www.4h.se\/tanto\/wp-content\/uploads\/sites\/60\/2018\/04\/IMG_3742.jpg","type":"image\/jpeg"}],"twitter_card":"summary_large_image","schema":{"@context":"https:\/\/schema.org","@graph":[{"@type":"WebPage","@id":"https:\/\/www.4h.se\/tanto\/paskkul\/","url":"https:\/\/www.4h.se\/tanto\/paskkul\/","name":"P\u00e5skkul med 4H - Tanto 4H-klubb","isPartOf":{"@id":"https:\/\/www.4h.se\/tanto\/#website"},"primaryImageOfPage":{"@id":"https:\/\/www.4h.se\/tanto\/paskkul\/#primaryimage"},"image":{"@id":"https:\/\/www.4h.se\/tanto\/paskkul\/#primaryimage"},"thumbnailUrl":"https:\/\/www.4h.se\/tanto\/wp-content\/uploads\/sites\/60\/2018\/04\/IMG_3742-400x300.jpg","datePublished":"2018-04-28T17:44:02+00:00","dateModified":"2018-04-29T22:00:35+00:00","breadcrumb":{"@id":"https:\/\/www.4h.se\/tanto\/paskkul\/#breadcrumb"},"inLanguage":"sv-SE","potentialAction":[{"@type":"ReadAction","target":["https:\/\/www.4h.se\/tanto\/paskkul\/"]}]},{"@type":"ImageObject","inLanguage":"sv-SE","@id":"https:\/\/www.4h.se\/tanto\/paskkul\/#primaryimage","url":"https:\/\/www.4h.se\/tanto\/wp-content\/uploads\/sites\/60\/2018\/04\/IMG_3742.jpg","contentUrl":"https:\/\/www.4h.se\/tanto\/wp-content\/uploads\/sites\/60\/2018\/04\/IMG_3742.jpg","width":4032,"height":3024},{"@type":"BreadcrumbList","@id":"https:\/\/www.4h.se\/tanto\/paskkul\/#breadcrumb","itemListElement":[{"@type":"ListItem","position":1,"name":"Hem","item":"https:\/\/www.4h.se\/tanto\/"},{"@type":"ListItem","position":2,"name":"P\u00e5skkul med 4H"}]},{"@type":"WebSite","@id":"https:\/\/www.4h.se\/tanto\/#website","url":"https:\/\/www.4h.se\/tanto\/","name":"Tanto 4H-klubb","description":"","potentialAction":[{"@type":"SearchAction","target":{"@type":"EntryPoint","urlTemplate":"https:\/\/www.4h.se\/tanto\/?s={search_term_string}"},"query-input":{"@type":"PropertyValueSpecification","valueRequired":true,"valueName":"search_term_string"}}],"inLanguage":"sv-SE"}]}},"_links":{"self":[{"href":"https:\/\/www.4h.se\/tanto\/wp-json\/wp\/v2\/pages\/442","targetHints":{"allow":["GET"]}}],"collection":[{"href":"https:\/\/www.4h.se\/tanto\/wp-json\/wp\/v2\/pages"}],"about":[{"href":"https:\/\/www.4h.se\/tanto\/wp-json\/wp\/v2\/types\/page"}],"author":[{"embeddable":true,"href":"https:\/\/www.4h.se\/tanto\/wp-json\/wp\/v2\/users\/30"}],"replies":[{"embeddable":true,"href":"https:\/\/www.4h.se\/tanto\/wp-json\/wp\/v2\/comments?post=442"}],"version-history":[{"count":0,"href":"https:\/\/www.4h.se\/tanto\/wp-json\/wp\/v2\/pages\/442\/revisions"}],"wp:attachment":[{"href":"https:\/\/www.4h.se\/tanto\/wp-json\/wp\/v2\/media?parent=442"}],"curies":[{"name":"wp","href":"https:\/\/api.w.org\/{rel}","templated":true}]}}