



{"id":441,"date":"2018-04-28T19:43:47","date_gmt":"2018-04-28T17:43:47","guid":{"rendered":"http:\/\/www.4h.se\/tanto\/?page_id=441"},"modified":"2018-04-29T12:05:51","modified_gmt":"2018-04-29T10:05:51","slug":"vi-firar-100-ar","status":"publish","type":"page","link":"https:\/\/www.4h.se\/tanto\/vi-firar-100-ar\/","title":{"rendered":"Vi firar 100 \u00e5r"},"content":{"rendered":"<div class=\"wpb-content-wrapper\"><p>[vc_row][vc_column][vc_column_text]<\/p>\n<div class=\"vc_row wpb_row vc_row-fluid\">\n<div class=\"wpb_column vc_column_container vc_col-sm-12\">\n<div class=\"vc_column-inner \">\n<div class=\"wpb_wrapper\">\n<div class=\"wpb_text_column wpb_content_element \">\n<div class=\"wpb_wrapper\">\n<h1>Vi firar 100 \u00e5r!<\/h1>\n<\/div>\n<\/div>\n<\/div>\n<\/div>\n<\/div>\n<\/div>\n<div class=\"vc_row wpb_row vc_row-fluid\">\n<div class=\"wpb_column vc_column_container vc_col-sm-12\">\n<div class=\"vc_column-inner \">\n<div class=\"wpb_wrapper\">\n<div class=\"wpb_text_column wpb_content_element \">\n<div class=\"wpb_wrapper\">\n<h2><a href=\"https:\/\/www.4h.se\/wp-content\/uploads\/2018\/02\/100ar1.jpg\"><img loading=\"lazy\" decoding=\"async\" class=\"alignnone size-full wp-image-996\" src=\"https:\/\/www.4h.se\/wp-content\/uploads\/2018\/02\/100ar1.jpg\" alt=\"100ar\" width=\"3334\" height=\"1182\" \/><\/a><\/h2>\n<h2>Historia om firandet<\/h2>\n<p>Under 2018 firar Sveriges 4H, Jordbrukare-Ungdomens F\u00f6rbund och F\u00f6rbundet Skog och Ungdom 100 \u00e5r.\u00a0Jordbrukare-Ungdomens F\u00f6rbund (JUF) bildades 1918 i k\u00f6lvattnet efter f\u00f6rsta v\u00e4rldskriget n\u00e4r m\u00e5nga unga l\u00e4mnade landet f\u00f6r staden och f\u00f6rbundet sysselsatte ungdomar i jordbruk, t\u00e4vlingar, kurser och studiecirklar.<\/p>\n<p>JUF var ett f\u00f6rbund f\u00f6r i huvudsak \u00e4ldre ungdom, men man ville ha verksamhet \u00e4ven f\u00f6r ungdomar i 11-12-\u00e5rs\u00e5ldern. \u00c5r 1924 besl\u00f6t man att ta upp 4H-programmet och \u00e5ret d\u00e4rp\u00e5 startade 4H-f\u00f6retagsverksamhet i Skaraborgs l\u00e4n. Snart var arbetet ig\u00e5ng \u00f6ver hela landet.<\/p>\n<p>4H finns idag i ett 80-tal l\u00e4nder. I de gamla brittiska imperiel\u00e4nderna g\u00e5r det under ben\u00e4mningen Young Farmers. F\u00f6r de europeiska l\u00e4nderna finns samarbetsorganisationen \u201dEuropean Committee for Young Farmer\u2019s and 4H Clubs\u201d. V\u00e4rldsn\u00e4tverket Global 4H Network finns ocks\u00e5 och har som m\u00e5l att st\u00e4rka samh\u00e4lle och v\u00e4rld genom positiv ungdomsutveckling.<\/p>\n<p>Vi firar 100 \u00e5r och fram\u00e5t. Vi firar redan nu de kommande 100 \u00e5ren d\u00e5 positiv ungdomsutveckling \u00e4r viktigare \u00e4n n\u00e5gonsin.<\/p>\n<p><a href=\"https:\/\/www.4h.se\/vi-firar-100-ar\/hur-firar-vi\/\" target=\"_blank\">H\u00e4r hittar ni \u00e5rets nationella evenemang.<\/a><\/p>\n<\/div>\n<\/div>\n<\/div>\n<\/div>\n<\/div>\n<\/div>\n<p>[\/vc_column_text][\/vc_column][\/vc_row]<\/p>\n<\/div>","protected":false},"excerpt":{"rendered":"<p>[vc_row][vc_column][vc_column_text] Vi firar 100 \u00e5r! Historia om firandet Under 2018 firar Sveriges 4H, Jordbrukare-Ungdomens F\u00f6rbund och F\u00f6rbundet Skog och Ungdom 100 \u00e5r.\u00a0Jordbrukare-Ungdomens F\u00f6rbund (JUF) bildades 1918 i k\u00f6lvattnet efter f\u00f6rsta v\u00e4rldskriget n\u00e4r m\u00e5nga unga l\u00e4mnade landet f\u00f6r staden och f\u00f6rbundet sysselsatte ungdomar i jordbruk, t\u00e4vlingar, kurser och studiecirklar. JUF var ett f\u00f6rbund f\u00f6r i huvudsak&nbsp; <a href=\"https:\/\/www.4h.se\/tanto\/vi-firar-100-ar\/\">&hellip; Read more <i class=\"glyphicon glyphicon-arrow-right\"><\/i><\/a><\/p>\n","protected":false},"author":30,"featured_media":0,"parent":0,"menu_order":0,"comment_status":"closed","ping_status":"closed","template":"","meta":{"_acf_changed":false,"footnotes":""},"class_list":["post-441","page","type-page","status-publish","hentry"],"acf":[],"yoast_head":"<!-- This site is optimized with the Yoast SEO plugin v27.5 - https:\/\/yoast.com\/product\/yoast-seo-wordpress\/ -->\n<title>Vi firar 100 \u00e5r - Tanto 4H-klubb<\/title>\n<meta name=\"robots\" content=\"index, follow, max-snippet:-1, max-image-preview:large, max-video-preview:-1\" \/>\n<link rel=\"canonical\" href=\"https:\/\/www.4h.se\/tanto\/vi-firar-100-ar\/\" \/>\n<meta property=\"og:locale\" content=\"sv_SE\" \/>\n<meta property=\"og:type\" content=\"article\" \/>\n<meta property=\"og:title\" content=\"Vi firar 100 \u00e5r - Tanto 4H-klubb\" \/>\n<meta property=\"og:description\" content=\"[vc_row][vc_column][vc_column_text] Vi firar 100 \u00e5r! Historia om firandet Under 2018 firar Sveriges 4H, Jordbrukare-Ungdomens F\u00f6rbund och F\u00f6rbundet Skog och Ungdom 100 \u00e5r.\u00a0Jordbrukare-Ungdomens F\u00f6rbund (JUF) bildades 1918 i k\u00f6lvattnet efter f\u00f6rsta v\u00e4rldskriget n\u00e4r m\u00e5nga unga l\u00e4mnade landet f\u00f6r staden och f\u00f6rbundet sysselsatte ungdomar i jordbruk, t\u00e4vlingar, kurser och studiecirklar. JUF var ett f\u00f6rbund f\u00f6r i huvudsak&nbsp; &hellip; Read more\" \/>\n<meta property=\"og:url\" content=\"https:\/\/www.4h.se\/tanto\/vi-firar-100-ar\/\" \/>\n<meta property=\"og:site_name\" content=\"Tanto 4H-klubb\" \/>\n<meta property=\"article:modified_time\" content=\"2018-04-29T10:05:51+00:00\" \/>\n<meta name=\"twitter:card\" content=\"summary_large_image\" \/>\n<meta name=\"twitter:label1\" content=\"Ber\u00e4knad l\u00e4stid\" \/>\n\t<meta name=\"twitter:data1\" content=\"1 minut\" \/>\n<script type=\"application\/ld+json\" class=\"yoast-schema-graph\">{\"@context\":\"https:\\\/\\\/schema.org\",\"@graph\":[{\"@type\":\"WebPage\",\"@id\":\"https:\\\/\\\/www.4h.se\\\/tanto\\\/vi-firar-100-ar\\\/\",\"url\":\"https:\\\/\\\/www.4h.se\\\/tanto\\\/vi-firar-100-ar\\\/\",\"name\":\"Vi firar 100 \u00e5r - Tanto 4H-klubb\",\"isPartOf\":{\"@id\":\"https:\\\/\\\/www.4h.se\\\/tanto\\\/#website\"},\"primaryImageOfPage\":{\"@id\":\"https:\\\/\\\/www.4h.se\\\/tanto\\\/vi-firar-100-ar\\\/#primaryimage\"},\"image\":{\"@id\":\"https:\\\/\\\/www.4h.se\\\/tanto\\\/vi-firar-100-ar\\\/#primaryimage\"},\"thumbnailUrl\":\"https:\\\/\\\/www.4h.se\\\/wp-content\\\/uploads\\\/2018\\\/02\\\/100ar1.jpg\",\"datePublished\":\"2018-04-28T17:43:47+00:00\",\"dateModified\":\"2018-04-29T10:05:51+00:00\",\"breadcrumb\":{\"@id\":\"https:\\\/\\\/www.4h.se\\\/tanto\\\/vi-firar-100-ar\\\/#breadcrumb\"},\"inLanguage\":\"sv-SE\",\"potentialAction\":[{\"@type\":\"ReadAction\",\"target\":[\"https:\\\/\\\/www.4h.se\\\/tanto\\\/vi-firar-100-ar\\\/\"]}]},{\"@type\":\"ImageObject\",\"inLanguage\":\"sv-SE\",\"@id\":\"https:\\\/\\\/www.4h.se\\\/tanto\\\/vi-firar-100-ar\\\/#primaryimage\",\"url\":\"https:\\\/\\\/www.4h.se\\\/wp-content\\\/uploads\\\/2018\\\/02\\\/100ar1.jpg\",\"contentUrl\":\"https:\\\/\\\/www.4h.se\\\/wp-content\\\/uploads\\\/2018\\\/02\\\/100ar1.jpg\"},{\"@type\":\"BreadcrumbList\",\"@id\":\"https:\\\/\\\/www.4h.se\\\/tanto\\\/vi-firar-100-ar\\\/#breadcrumb\",\"itemListElement\":[{\"@type\":\"ListItem\",\"position\":1,\"name\":\"Hem\",\"item\":\"https:\\\/\\\/www.4h.se\\\/tanto\\\/\"},{\"@type\":\"ListItem\",\"position\":2,\"name\":\"Vi firar 100 \u00e5r\"}]},{\"@type\":\"WebSite\",\"@id\":\"https:\\\/\\\/www.4h.se\\\/tanto\\\/#website\",\"url\":\"https:\\\/\\\/www.4h.se\\\/tanto\\\/\",\"name\":\"Tanto 4H-klubb\",\"description\":\"\",\"potentialAction\":[{\"@type\":\"SearchAction\",\"target\":{\"@type\":\"EntryPoint\",\"urlTemplate\":\"https:\\\/\\\/www.4h.se\\\/tanto\\\/?s={search_term_string}\"},\"query-input\":{\"@type\":\"PropertyValueSpecification\",\"valueRequired\":true,\"valueName\":\"search_term_string\"}}],\"inLanguage\":\"sv-SE\"}]}<\/script>\n<!-- \/ Yoast SEO plugin. -->","yoast_head_json":{"title":"Vi firar 100 \u00e5r - Tanto 4H-klubb","robots":{"index":"index","follow":"follow","max-snippet":"max-snippet:-1","max-image-preview":"max-image-preview:large","max-video-preview":"max-video-preview:-1"},"canonical":"https:\/\/www.4h.se\/tanto\/vi-firar-100-ar\/","og_locale":"sv_SE","og_type":"article","og_title":"Vi firar 100 \u00e5r - Tanto 4H-klubb","og_description":"[vc_row][vc_column][vc_column_text] Vi firar 100 \u00e5r! Historia om firandet Under 2018 firar Sveriges 4H, Jordbrukare-Ungdomens F\u00f6rbund och F\u00f6rbundet Skog och Ungdom 100 \u00e5r.\u00a0Jordbrukare-Ungdomens F\u00f6rbund (JUF) bildades 1918 i k\u00f6lvattnet efter f\u00f6rsta v\u00e4rldskriget n\u00e4r m\u00e5nga unga l\u00e4mnade landet f\u00f6r staden och f\u00f6rbundet sysselsatte ungdomar i jordbruk, t\u00e4vlingar, kurser och studiecirklar. JUF var ett f\u00f6rbund f\u00f6r i huvudsak&nbsp; &hellip; Read more","og_url":"https:\/\/www.4h.se\/tanto\/vi-firar-100-ar\/","og_site_name":"Tanto 4H-klubb","article_modified_time":"2018-04-29T10:05:51+00:00","twitter_card":"summary_large_image","twitter_misc":{"Ber\u00e4knad l\u00e4stid":"1 minut"},"schema":{"@context":"https:\/\/schema.org","@graph":[{"@type":"WebPage","@id":"https:\/\/www.4h.se\/tanto\/vi-firar-100-ar\/","url":"https:\/\/www.4h.se\/tanto\/vi-firar-100-ar\/","name":"Vi firar 100 \u00e5r - Tanto 4H-klubb","isPartOf":{"@id":"https:\/\/www.4h.se\/tanto\/#website"},"primaryImageOfPage":{"@id":"https:\/\/www.4h.se\/tanto\/vi-firar-100-ar\/#primaryimage"},"image":{"@id":"https:\/\/www.4h.se\/tanto\/vi-firar-100-ar\/#primaryimage"},"thumbnailUrl":"https:\/\/www.4h.se\/wp-content\/uploads\/2018\/02\/100ar1.jpg","datePublished":"2018-04-28T17:43:47+00:00","dateModified":"2018-04-29T10:05:51+00:00","breadcrumb":{"@id":"https:\/\/www.4h.se\/tanto\/vi-firar-100-ar\/#breadcrumb"},"inLanguage":"sv-SE","potentialAction":[{"@type":"ReadAction","target":["https:\/\/www.4h.se\/tanto\/vi-firar-100-ar\/"]}]},{"@type":"ImageObject","inLanguage":"sv-SE","@id":"https:\/\/www.4h.se\/tanto\/vi-firar-100-ar\/#primaryimage","url":"https:\/\/www.4h.se\/wp-content\/uploads\/2018\/02\/100ar1.jpg","contentUrl":"https:\/\/www.4h.se\/wp-content\/uploads\/2018\/02\/100ar1.jpg"},{"@type":"BreadcrumbList","@id":"https:\/\/www.4h.se\/tanto\/vi-firar-100-ar\/#breadcrumb","itemListElement":[{"@type":"ListItem","position":1,"name":"Hem","item":"https:\/\/www.4h.se\/tanto\/"},{"@type":"ListItem","position":2,"name":"Vi firar 100 \u00e5r"}]},{"@type":"WebSite","@id":"https:\/\/www.4h.se\/tanto\/#website","url":"https:\/\/www.4h.se\/tanto\/","name":"Tanto 4H-klubb","description":"","potentialAction":[{"@type":"SearchAction","target":{"@type":"EntryPoint","urlTemplate":"https:\/\/www.4h.se\/tanto\/?s={search_term_string}"},"query-input":{"@type":"PropertyValueSpecification","valueRequired":true,"valueName":"search_term_string"}}],"inLanguage":"sv-SE"}]}},"_links":{"self":[{"href":"https:\/\/www.4h.se\/tanto\/wp-json\/wp\/v2\/pages\/441","targetHints":{"allow":["GET"]}}],"collection":[{"href":"https:\/\/www.4h.se\/tanto\/wp-json\/wp\/v2\/pages"}],"about":[{"href":"https:\/\/www.4h.se\/tanto\/wp-json\/wp\/v2\/types\/page"}],"author":[{"embeddable":true,"href":"https:\/\/www.4h.se\/tanto\/wp-json\/wp\/v2\/users\/30"}],"replies":[{"embeddable":true,"href":"https:\/\/www.4h.se\/tanto\/wp-json\/wp\/v2\/comments?post=441"}],"version-history":[{"count":0,"href":"https:\/\/www.4h.se\/tanto\/wp-json\/wp\/v2\/pages\/441\/revisions"}],"wp:attachment":[{"href":"https:\/\/www.4h.se\/tanto\/wp-json\/wp\/v2\/media?parent=441"}],"curies":[{"name":"wp","href":"https:\/\/api.w.org\/{rel}","templated":true}]}}