



{"id":439,"date":"2018-04-28T19:43:00","date_gmt":"2018-04-28T17:43:00","guid":{"rendered":"http:\/\/www.4h.se\/tanto\/?page_id=439"},"modified":"2018-04-28T21:29:04","modified_gmt":"2018-04-28T19:29:04","slug":"svenska-lantraser","status":"publish","type":"page","link":"https:\/\/www.4h.se\/tanto\/svenska-lantraser\/","title":{"rendered":"Svenska lantraser"},"content":{"rendered":"<div class=\"wpb-content-wrapper\"><p>[vc_row][vc_column][vc_column_text]Sveriges 4H anser det vara viktigt att bevara de svenska lantraserna. Tanto 4H har inga egna djur men tycker att det \u00e4r ett viktigt arbete och vill g\u00e4rna uppmuntra de som kan att ha Svenska lantraser i genbank.<\/p>\n<p><em><b>Svenska lantraser<\/b> \u00e4r husdjursraser\u00a0som uppfyller kriterier uppst\u00e4llda av jordbruksverket\u00a0och som anses vara v\u00e4rda att bevara. En lantras har ursprungligen kommit fr\u00e5n ett begr\u00e4nsat omr\u00e5de och funnit d\u00e4r s\u00e5 pass l\u00e4nge att den till stora delar anpassat sig genetiskt\u00a0till den lokala milj\u00f6n.(K\u00e4lla: Wikipedia)<\/em>[\/vc_column_text][\/vc_column][\/vc_row]<\/p>\n<\/div>","protected":false},"excerpt":{"rendered":"<p>[vc_row][vc_column][vc_column_text]Sveriges 4H anser det vara viktigt att bevara de svenska lantraserna. Tanto 4H har inga egna djur men tycker att det \u00e4r ett viktigt arbete och vill g\u00e4rna uppmuntra de som kan att ha Svenska lantraser i genbank. Svenska lantraser \u00e4r husdjursraser\u00a0som uppfyller kriterier uppst\u00e4llda av jordbruksverket\u00a0och som anses vara v\u00e4rda att bevara. En lantras&nbsp; <a href=\"https:\/\/www.4h.se\/tanto\/svenska-lantraser\/\">&hellip; Read more <i class=\"glyphicon glyphicon-arrow-right\"><\/i><\/a><\/p>\n","protected":false},"author":30,"featured_media":0,"parent":0,"menu_order":0,"comment_status":"closed","ping_status":"closed","template":"","meta":{"_acf_changed":false,"footnotes":""},"class_list":["post-439","page","type-page","status-publish","hentry"],"acf":[],"yoast_head":"<!-- This site is optimized with the Yoast SEO plugin v27.5 - https:\/\/yoast.com\/product\/yoast-seo-wordpress\/ -->\n<title>Svenska lantraser - Tanto 4H-klubb<\/title>\n<meta name=\"robots\" content=\"index, follow, max-snippet:-1, max-image-preview:large, max-video-preview:-1\" \/>\n<link rel=\"canonical\" href=\"https:\/\/www.4h.se\/tanto\/svenska-lantraser\/\" \/>\n<meta property=\"og:locale\" content=\"sv_SE\" \/>\n<meta property=\"og:type\" content=\"article\" \/>\n<meta property=\"og:title\" content=\"Svenska lantraser - Tanto 4H-klubb\" \/>\n<meta property=\"og:description\" content=\"[vc_row][vc_column][vc_column_text]Sveriges 4H anser det vara viktigt att bevara de svenska lantraserna. Tanto 4H har inga egna djur men tycker att det \u00e4r ett viktigt arbete och vill g\u00e4rna uppmuntra de som kan att ha Svenska lantraser i genbank. Svenska lantraser \u00e4r husdjursraser\u00a0som uppfyller kriterier uppst\u00e4llda av jordbruksverket\u00a0och som anses vara v\u00e4rda att bevara. En lantras&nbsp; &hellip; Read more\" \/>\n<meta property=\"og:url\" content=\"https:\/\/www.4h.se\/tanto\/svenska-lantraser\/\" \/>\n<meta property=\"og:site_name\" content=\"Tanto 4H-klubb\" \/>\n<meta property=\"article:modified_time\" content=\"2018-04-28T19:29:04+00:00\" \/>\n<meta name=\"twitter:card\" content=\"summary_large_image\" \/>\n<meta name=\"twitter:label1\" content=\"Ber\u00e4knad l\u00e4stid\" \/>\n\t<meta name=\"twitter:data1\" content=\"1 minut\" \/>\n<script type=\"application\/ld+json\" class=\"yoast-schema-graph\">{\"@context\":\"https:\\\/\\\/schema.org\",\"@graph\":[{\"@type\":\"WebPage\",\"@id\":\"https:\\\/\\\/www.4h.se\\\/tanto\\\/svenska-lantraser\\\/\",\"url\":\"https:\\\/\\\/www.4h.se\\\/tanto\\\/svenska-lantraser\\\/\",\"name\":\"Svenska lantraser - Tanto 4H-klubb\",\"isPartOf\":{\"@id\":\"https:\\\/\\\/www.4h.se\\\/tanto\\\/#website\"},\"datePublished\":\"2018-04-28T17:43:00+00:00\",\"dateModified\":\"2018-04-28T19:29:04+00:00\",\"breadcrumb\":{\"@id\":\"https:\\\/\\\/www.4h.se\\\/tanto\\\/svenska-lantraser\\\/#breadcrumb\"},\"inLanguage\":\"sv-SE\",\"potentialAction\":[{\"@type\":\"ReadAction\",\"target\":[\"https:\\\/\\\/www.4h.se\\\/tanto\\\/svenska-lantraser\\\/\"]}]},{\"@type\":\"BreadcrumbList\",\"@id\":\"https:\\\/\\\/www.4h.se\\\/tanto\\\/svenska-lantraser\\\/#breadcrumb\",\"itemListElement\":[{\"@type\":\"ListItem\",\"position\":1,\"name\":\"Hem\",\"item\":\"https:\\\/\\\/www.4h.se\\\/tanto\\\/\"},{\"@type\":\"ListItem\",\"position\":2,\"name\":\"Svenska lantraser\"}]},{\"@type\":\"WebSite\",\"@id\":\"https:\\\/\\\/www.4h.se\\\/tanto\\\/#website\",\"url\":\"https:\\\/\\\/www.4h.se\\\/tanto\\\/\",\"name\":\"Tanto 4H-klubb\",\"description\":\"\",\"potentialAction\":[{\"@type\":\"SearchAction\",\"target\":{\"@type\":\"EntryPoint\",\"urlTemplate\":\"https:\\\/\\\/www.4h.se\\\/tanto\\\/?s={search_term_string}\"},\"query-input\":{\"@type\":\"PropertyValueSpecification\",\"valueRequired\":true,\"valueName\":\"search_term_string\"}}],\"inLanguage\":\"sv-SE\"}]}<\/script>\n<!-- \/ Yoast SEO plugin. -->","yoast_head_json":{"title":"Svenska lantraser - Tanto 4H-klubb","robots":{"index":"index","follow":"follow","max-snippet":"max-snippet:-1","max-image-preview":"max-image-preview:large","max-video-preview":"max-video-preview:-1"},"canonical":"https:\/\/www.4h.se\/tanto\/svenska-lantraser\/","og_locale":"sv_SE","og_type":"article","og_title":"Svenska lantraser - Tanto 4H-klubb","og_description":"[vc_row][vc_column][vc_column_text]Sveriges 4H anser det vara viktigt att bevara de svenska lantraserna. Tanto 4H har inga egna djur men tycker att det \u00e4r ett viktigt arbete och vill g\u00e4rna uppmuntra de som kan att ha Svenska lantraser i genbank. Svenska lantraser \u00e4r husdjursraser\u00a0som uppfyller kriterier uppst\u00e4llda av jordbruksverket\u00a0och som anses vara v\u00e4rda att bevara. En lantras&nbsp; &hellip; Read more","og_url":"https:\/\/www.4h.se\/tanto\/svenska-lantraser\/","og_site_name":"Tanto 4H-klubb","article_modified_time":"2018-04-28T19:29:04+00:00","twitter_card":"summary_large_image","twitter_misc":{"Ber\u00e4knad l\u00e4stid":"1 minut"},"schema":{"@context":"https:\/\/schema.org","@graph":[{"@type":"WebPage","@id":"https:\/\/www.4h.se\/tanto\/svenska-lantraser\/","url":"https:\/\/www.4h.se\/tanto\/svenska-lantraser\/","name":"Svenska lantraser - Tanto 4H-klubb","isPartOf":{"@id":"https:\/\/www.4h.se\/tanto\/#website"},"datePublished":"2018-04-28T17:43:00+00:00","dateModified":"2018-04-28T19:29:04+00:00","breadcrumb":{"@id":"https:\/\/www.4h.se\/tanto\/svenska-lantraser\/#breadcrumb"},"inLanguage":"sv-SE","potentialAction":[{"@type":"ReadAction","target":["https:\/\/www.4h.se\/tanto\/svenska-lantraser\/"]}]},{"@type":"BreadcrumbList","@id":"https:\/\/www.4h.se\/tanto\/svenska-lantraser\/#breadcrumb","itemListElement":[{"@type":"ListItem","position":1,"name":"Hem","item":"https:\/\/www.4h.se\/tanto\/"},{"@type":"ListItem","position":2,"name":"Svenska lantraser"}]},{"@type":"WebSite","@id":"https:\/\/www.4h.se\/tanto\/#website","url":"https:\/\/www.4h.se\/tanto\/","name":"Tanto 4H-klubb","description":"","potentialAction":[{"@type":"SearchAction","target":{"@type":"EntryPoint","urlTemplate":"https:\/\/www.4h.se\/tanto\/?s={search_term_string}"},"query-input":{"@type":"PropertyValueSpecification","valueRequired":true,"valueName":"search_term_string"}}],"inLanguage":"sv-SE"}]}},"_links":{"self":[{"href":"https:\/\/www.4h.se\/tanto\/wp-json\/wp\/v2\/pages\/439","targetHints":{"allow":["GET"]}}],"collection":[{"href":"https:\/\/www.4h.se\/tanto\/wp-json\/wp\/v2\/pages"}],"about":[{"href":"https:\/\/www.4h.se\/tanto\/wp-json\/wp\/v2\/types\/page"}],"author":[{"embeddable":true,"href":"https:\/\/www.4h.se\/tanto\/wp-json\/wp\/v2\/users\/30"}],"replies":[{"embeddable":true,"href":"https:\/\/www.4h.se\/tanto\/wp-json\/wp\/v2\/comments?post=439"}],"version-history":[{"count":0,"href":"https:\/\/www.4h.se\/tanto\/wp-json\/wp\/v2\/pages\/439\/revisions"}],"wp:attachment":[{"href":"https:\/\/www.4h.se\/tanto\/wp-json\/wp\/v2\/media?parent=439"}],"curies":[{"name":"wp","href":"https:\/\/api.w.org\/{rel}","templated":true}]}}