



{"id":413,"date":"2018-04-28T15:03:38","date_gmt":"2018-04-28T13:03:38","guid":{"rendered":"http:\/\/www.4h.se\/tanto\/?page_id=413"},"modified":"2018-04-28T15:24:05","modified_gmt":"2018-04-28T13:24:05","slug":"om-4h","status":"publish","type":"page","link":"https:\/\/www.4h.se\/tanto\/om-4h\/","title":{"rendered":"Om 4H"},"content":{"rendered":"<div class=\"wpb-content-wrapper\"><p>[vc_row][vc_column][vc_column_text]<\/p>\n<div class=\"vc_row wpb_row vc_row-fluid\">\n<div class=\"wpb_column vc_column_container vc_col-sm-12\">\n<div class=\"vc_column-inner \">\n<div class=\"wpb_wrapper\">\n<div class=\"wpb_text_column wpb_content_element \">\n<div class=\"wpb_wrapper\">\n<h1>Om 4H<\/h1>\n<\/div>\n<\/div>\n<\/div>\n<\/div>\n<\/div>\n<\/div>\n<div class=\"vc_row wpb_row vc_row-fluid\">\n<div class=\"wpb_column vc_column_container vc_col-sm-6\">\n<div class=\"vc_column-inner \">\n<div class=\"wpb_wrapper\">\n<div class=\"wpb_text_column wpb_content_element \">\n<div class=\"wpb_wrapper\">\n<p>4H \u00e4r en internationell ideell\u00a0<strong>ungdomsorganisation<\/strong>\u00a0med bred verksamhet inom allt fr\u00e5n odling och djur till idrott och teater. Vi finns i \u00f6ver 80 l\u00e4nder och riktar oss till barn och ungdomar 6-25 \u00e5r.<\/p>\n<p><strong>4H:s vision<\/strong>\u00a0\u00e4r att alla barn och ungdomar ska utvecklas till engagerade, v\u00e4lm\u00e5ende och ansvarstagande m\u00e4nniskor med respekt f\u00f6r omv\u00e4rlden. Visionen ska uppn\u00e5s genom att i samspel med m\u00e4nniskor och natur uppt\u00e4cka deras rika v\u00e4rden och m\u00e5ngfald. I detta \u00e4r varje art och individ en viktig del av helheten utan att vara mer v\u00e4rd \u00e4n n\u00e5gon annan.<\/p>\n<p><strong>4H:s motto<\/strong>\u00a0\u00e4r \u201cL\u00e4ra genom att g\u00f6ra\u201d, och v\u00e5rt m\u00e5l \u00e4r att det ska genomsyra all v\u00e5r verksamhet.<\/p>\n<p>Inom 4H bedriver vi verksamhet\u00a0<strong>av ungdomar, f\u00f6r ungdomar.<\/strong>\u00a0Det inneb\u00e4r att v\u00e5ra ledare i huvudsak \u00e4r unga. I styrelser och kommitt\u00e9er sitter ungdomar, som sj\u00e4lva tar ansvar f\u00f6r och fattar beslut g\u00e4llande sin fritid.<\/p>\n<\/div>\n<\/div>\n<\/div>\n<\/div>\n<\/div>\n<div class=\"wpb_column vc_column_container vc_col-sm-6\">\n<div class=\"vc_column-inner \">\n<div class=\"wpb_wrapper\">\n<div class=\"wpb_text_column wpb_content_element \">\n<div class=\"wpb_wrapper\">\n<h3>4H st\u00e5r f\u00f6r:<\/h3>\n<h3>HUVUD\u00a0f\u00f6r kunskap<\/h3>\n<h3>HJ\u00c4RTA\u00a0f\u00f6r medk\u00e4nsla<\/h3>\n<h3>HAND\u00a0f\u00f6r f\u00e4rdighet<\/h3>\n<h3>H\u00c4LSA\u00a0f\u00f6r ett sundare levnadss\u00e4tt<\/h3>\n<\/div>\n<\/div>\n<\/div>\n<\/div>\n<\/div>\n<\/div>\n<div class=\"vc_row wpb_row vc_row-fluid\">\n<div class=\"wpb_column vc_column_container vc_col-sm-6\">\n<div class=\"vc_column-inner \">\n<div class=\"wpb_wrapper\">\n<div class=\"wpb_text_column wpb_content_element \">\n<div class=\"wpb_wrapper\">\n<h2><strong>Starten i USA<\/strong><\/h2>\n<p>4H-r\u00f6relsen r\u00e4knar 1902 som sitt f\u00f6delse\u00e5r. D\u00e5 h\u00f6lls de f\u00f6rsta klubbm\u00f6tena i USA. Redan tidigare\u00a0hade 4H-liknande verksamhet f\u00f6rekommit, men fr\u00e5n 1902 fanns det klubbar med f\u00f6reningsm\u00e4ssig verksamhet. En klubb fr\u00e5n Springfield i staten Ohio var troligen den f\u00f6rsta klubben som arbetade som en f\u00f6rening. Snart n\u00e5dde klubbverksamheten ut \u00f6ver hela USA. Anledningen till starten var att man i slutet av f\u00f6rra seklet fann att landsbygdens skolor visserligen l\u00e4rde ut mycket, men inte om f\u00f6ruts\u00e4ttningen att leva ett rikt liv ute p\u00e5 farmerna. Det beh\u00f6vdes utbildning f\u00f6r de unga i jordbruket, i praktiskt arbete och i skapande av hemkultur.\u00a0De f\u00f6rsta \u00e5ren bestod 4H-verksamheten mest av t\u00e4vlingar och naturstudier. F\u00f6rst var det bara pojkar med i klubbarna men det dr\u00f6jde inte l\u00e4nge f\u00f6rr\u00e4n flickorna ocks\u00e5 fick komma med.<\/p>\n<\/div>\n<\/div>\n<\/div>\n<\/div>\n<\/div>\n<div class=\"wpb_column vc_column_container vc_col-sm-6\">\n<div class=\"vc_column-inner \">\n<div class=\"wpb_wrapper\">\n<div class=\"wpb_text_column wpb_content_element \">\n<div class=\"wpb_wrapper\">\n<h2><strong>Namnet 4H<\/strong><\/h2>\n<p>Det \u00e4r lite oklart n\u00e4r klubbverksamheten fick namnet 4H. De f\u00f6rsta \u00e5ren hade klubbarna i regel namn bara efter platsen. 1909 vet man att 4H anv\u00e4ndes. Symbolen var en trekl\u00f6ver med ett H i varje blad f\u00f6r orden Huvud, Hj\u00e4rta och Hand. Fyrkl\u00f6vern anv\u00e4ndes ocks\u00e5 och \u00e5r 1911 vet man att r\u00f6relsen kallades 4H.\u00a0 Fyrkl\u00f6vern \u2013 lyckokl\u00f6vern \u2013 hade blivit symbolen f\u00f6r vad som skulle bli v\u00e4rlden st\u00f6rsta lantungdomsr\u00f6relse.<\/p>\n<p>4H-symbolen i form av en fyrkl\u00f6ver med ett H p\u00e5 varje blad utformades allts\u00e5 i USA omkring \u00e5r\u00a01911. De fyra H:na \u00e4r begynnelsebokst\u00e4ver i orden Head (Huvud), Heart (Hj\u00e4rta), Hand (Hand) och\u00a0Health (H\u00e4lsa). Symboler f\u00f6r kunskap, medk\u00e4nsla, f\u00e4rdighet och ett sunt levnadss\u00e4tt.<\/p>\n<\/div>\n<\/div>\n<\/div>\n<\/div>\n<\/div>\n<\/div>\n<div class=\"vc_row wpb_row vc_row-fluid\"><\/div>\n<p>[\/vc_column_text][\/vc_column][\/vc_row]<\/p>\n<\/div>","protected":false},"excerpt":{"rendered":"<p>[vc_row][vc_column][vc_column_text] Om 4H 4H \u00e4r en internationell ideell\u00a0ungdomsorganisation\u00a0med bred verksamhet inom allt fr\u00e5n odling och djur till idrott och teater. Vi finns i \u00f6ver 80 l\u00e4nder och riktar oss till barn och ungdomar 6-25 \u00e5r. 4H:s vision\u00a0\u00e4r att alla barn och ungdomar ska utvecklas till engagerade, v\u00e4lm\u00e5ende och ansvarstagande m\u00e4nniskor med respekt f\u00f6r omv\u00e4rlden. Visionen&nbsp; <a href=\"https:\/\/www.4h.se\/tanto\/om-4h\/\">&hellip; Read more <i class=\"glyphicon glyphicon-arrow-right\"><\/i><\/a><\/p>\n","protected":false},"author":30,"featured_media":0,"parent":0,"menu_order":0,"comment_status":"closed","ping_status":"closed","template":"","meta":{"_acf_changed":false,"footnotes":""},"class_list":["post-413","page","type-page","status-publish","hentry"],"acf":[],"yoast_head":"<!-- This site is optimized with the Yoast SEO plugin v27.5 - https:\/\/yoast.com\/product\/yoast-seo-wordpress\/ -->\n<title>Om 4H - Tanto 4H-klubb<\/title>\n<meta name=\"robots\" content=\"index, follow, max-snippet:-1, max-image-preview:large, max-video-preview:-1\" \/>\n<link rel=\"canonical\" href=\"https:\/\/www.4h.se\/tanto\/om-4h\/\" \/>\n<meta property=\"og:locale\" content=\"sv_SE\" \/>\n<meta property=\"og:type\" content=\"article\" \/>\n<meta property=\"og:title\" content=\"Om 4H - Tanto 4H-klubb\" \/>\n<meta property=\"og:description\" content=\"[vc_row][vc_column][vc_column_text] Om 4H 4H \u00e4r en internationell ideell\u00a0ungdomsorganisation\u00a0med bred verksamhet inom allt fr\u00e5n odling och djur till idrott och teater. Vi finns i \u00f6ver 80 l\u00e4nder och riktar oss till barn och ungdomar 6-25 \u00e5r. 4H:s vision\u00a0\u00e4r att alla barn och ungdomar ska utvecklas till engagerade, v\u00e4lm\u00e5ende och ansvarstagande m\u00e4nniskor med respekt f\u00f6r omv\u00e4rlden. Visionen&nbsp; &hellip; Read more\" \/>\n<meta property=\"og:url\" content=\"https:\/\/www.4h.se\/tanto\/om-4h\/\" \/>\n<meta property=\"og:site_name\" content=\"Tanto 4H-klubb\" \/>\n<meta property=\"article:modified_time\" content=\"2018-04-28T13:24:05+00:00\" \/>\n<meta name=\"twitter:card\" content=\"summary_large_image\" \/>\n<meta name=\"twitter:label1\" content=\"Ber\u00e4knad l\u00e4stid\" \/>\n\t<meta name=\"twitter:data1\" content=\"3 minuter\" \/>\n<script type=\"application\/ld+json\" class=\"yoast-schema-graph\">{\"@context\":\"https:\\\/\\\/schema.org\",\"@graph\":[{\"@type\":\"WebPage\",\"@id\":\"https:\\\/\\\/www.4h.se\\\/tanto\\\/om-4h\\\/\",\"url\":\"https:\\\/\\\/www.4h.se\\\/tanto\\\/om-4h\\\/\",\"name\":\"Om 4H - Tanto 4H-klubb\",\"isPartOf\":{\"@id\":\"https:\\\/\\\/www.4h.se\\\/tanto\\\/#website\"},\"datePublished\":\"2018-04-28T13:03:38+00:00\",\"dateModified\":\"2018-04-28T13:24:05+00:00\",\"breadcrumb\":{\"@id\":\"https:\\\/\\\/www.4h.se\\\/tanto\\\/om-4h\\\/#breadcrumb\"},\"inLanguage\":\"sv-SE\",\"potentialAction\":[{\"@type\":\"ReadAction\",\"target\":[\"https:\\\/\\\/www.4h.se\\\/tanto\\\/om-4h\\\/\"]}]},{\"@type\":\"BreadcrumbList\",\"@id\":\"https:\\\/\\\/www.4h.se\\\/tanto\\\/om-4h\\\/#breadcrumb\",\"itemListElement\":[{\"@type\":\"ListItem\",\"position\":1,\"name\":\"Hem\",\"item\":\"https:\\\/\\\/www.4h.se\\\/tanto\\\/\"},{\"@type\":\"ListItem\",\"position\":2,\"name\":\"Om 4H\"}]},{\"@type\":\"WebSite\",\"@id\":\"https:\\\/\\\/www.4h.se\\\/tanto\\\/#website\",\"url\":\"https:\\\/\\\/www.4h.se\\\/tanto\\\/\",\"name\":\"Tanto 4H-klubb\",\"description\":\"\",\"potentialAction\":[{\"@type\":\"SearchAction\",\"target\":{\"@type\":\"EntryPoint\",\"urlTemplate\":\"https:\\\/\\\/www.4h.se\\\/tanto\\\/?s={search_term_string}\"},\"query-input\":{\"@type\":\"PropertyValueSpecification\",\"valueRequired\":true,\"valueName\":\"search_term_string\"}}],\"inLanguage\":\"sv-SE\"}]}<\/script>\n<!-- \/ Yoast SEO plugin. -->","yoast_head_json":{"title":"Om 4H - Tanto 4H-klubb","robots":{"index":"index","follow":"follow","max-snippet":"max-snippet:-1","max-image-preview":"max-image-preview:large","max-video-preview":"max-video-preview:-1"},"canonical":"https:\/\/www.4h.se\/tanto\/om-4h\/","og_locale":"sv_SE","og_type":"article","og_title":"Om 4H - Tanto 4H-klubb","og_description":"[vc_row][vc_column][vc_column_text] Om 4H 4H \u00e4r en internationell ideell\u00a0ungdomsorganisation\u00a0med bred verksamhet inom allt fr\u00e5n odling och djur till idrott och teater. Vi finns i \u00f6ver 80 l\u00e4nder och riktar oss till barn och ungdomar 6-25 \u00e5r. 4H:s vision\u00a0\u00e4r att alla barn och ungdomar ska utvecklas till engagerade, v\u00e4lm\u00e5ende och ansvarstagande m\u00e4nniskor med respekt f\u00f6r omv\u00e4rlden. Visionen&nbsp; &hellip; Read more","og_url":"https:\/\/www.4h.se\/tanto\/om-4h\/","og_site_name":"Tanto 4H-klubb","article_modified_time":"2018-04-28T13:24:05+00:00","twitter_card":"summary_large_image","twitter_misc":{"Ber\u00e4knad l\u00e4stid":"3 minuter"},"schema":{"@context":"https:\/\/schema.org","@graph":[{"@type":"WebPage","@id":"https:\/\/www.4h.se\/tanto\/om-4h\/","url":"https:\/\/www.4h.se\/tanto\/om-4h\/","name":"Om 4H - Tanto 4H-klubb","isPartOf":{"@id":"https:\/\/www.4h.se\/tanto\/#website"},"datePublished":"2018-04-28T13:03:38+00:00","dateModified":"2018-04-28T13:24:05+00:00","breadcrumb":{"@id":"https:\/\/www.4h.se\/tanto\/om-4h\/#breadcrumb"},"inLanguage":"sv-SE","potentialAction":[{"@type":"ReadAction","target":["https:\/\/www.4h.se\/tanto\/om-4h\/"]}]},{"@type":"BreadcrumbList","@id":"https:\/\/www.4h.se\/tanto\/om-4h\/#breadcrumb","itemListElement":[{"@type":"ListItem","position":1,"name":"Hem","item":"https:\/\/www.4h.se\/tanto\/"},{"@type":"ListItem","position":2,"name":"Om 4H"}]},{"@type":"WebSite","@id":"https:\/\/www.4h.se\/tanto\/#website","url":"https:\/\/www.4h.se\/tanto\/","name":"Tanto 4H-klubb","description":"","potentialAction":[{"@type":"SearchAction","target":{"@type":"EntryPoint","urlTemplate":"https:\/\/www.4h.se\/tanto\/?s={search_term_string}"},"query-input":{"@type":"PropertyValueSpecification","valueRequired":true,"valueName":"search_term_string"}}],"inLanguage":"sv-SE"}]}},"_links":{"self":[{"href":"https:\/\/www.4h.se\/tanto\/wp-json\/wp\/v2\/pages\/413","targetHints":{"allow":["GET"]}}],"collection":[{"href":"https:\/\/www.4h.se\/tanto\/wp-json\/wp\/v2\/pages"}],"about":[{"href":"https:\/\/www.4h.se\/tanto\/wp-json\/wp\/v2\/types\/page"}],"author":[{"embeddable":true,"href":"https:\/\/www.4h.se\/tanto\/wp-json\/wp\/v2\/users\/30"}],"replies":[{"embeddable":true,"href":"https:\/\/www.4h.se\/tanto\/wp-json\/wp\/v2\/comments?post=413"}],"version-history":[{"count":0,"href":"https:\/\/www.4h.se\/tanto\/wp-json\/wp\/v2\/pages\/413\/revisions"}],"wp:attachment":[{"href":"https:\/\/www.4h.se\/tanto\/wp-json\/wp\/v2\/media?parent=413"}],"curies":[{"name":"wp","href":"https:\/\/api.w.org\/{rel}","templated":true}]}}