



{"id":412,"date":"2018-04-28T15:01:42","date_gmt":"2018-04-28T13:01:42","guid":{"rendered":"http:\/\/www.4h.se\/tanto\/?page_id=412"},"modified":"2018-04-29T21:33:24","modified_gmt":"2018-04-29T19:33:24","slug":"lar-kanna-kloverhjalten","status":"publish","type":"page","link":"https:\/\/www.4h.se\/tanto\/aktiviteter\/lar-kanna-kloverhjalten\/","title":{"rendered":"L\u00e4r k\u00e4nna Kl\u00f6verhj\u00e4lten"},"content":{"rendered":"<div class=\"wpb-content-wrapper\"><p>[vc_row][vc_column][vc_column_text]<\/p>\n<h1>Kl\u00f6verhj\u00e4lten<\/h1>\n<p><a href=\"https:\/\/www.4h.se\/wp-content\/uploads\/2018\/02\/KLOVERHJALTEN_FYRAH.jpg\"><img loading=\"lazy\" decoding=\"async\" class=\"alignnone size-full wp-image-994\" src=\"https:\/\/www.4h.se\/wp-content\/uploads\/2018\/02\/KLOVERHJALTEN_FYRAH.jpg\" alt=\"KLOVERHJALTEN_FYRAH\" width=\"2160\" height=\"922\" \/><\/a><\/p>\n<p>Tanto 4H har under h\u00f6sten 2017 haft tr\u00e4ffar med Kl\u00f6verhj\u00e4lten. Vi har d\u00e5 pysslat med saker fr\u00e5n naturen, provat Kl\u00f6verhj\u00e4ltens yoga, spelat Kl\u00f6verhj\u00e4ltens spel och haft en del lek utomhus.<\/p>\n<p>Aktiviteterna med Kl\u00f6verhj\u00e4lten riktar sig fr\u00e4mst till \u00e5lder 6-10 \u00e5r. Tanto 4H har just nu inga tr\u00e4ffar inplanerade men finns det intresse maila g\u00e4rna tanto@4h.se<\/p>\n<p>&nbsp;<\/p>\n<p><a href=\"https:\/\/www.4h.se\/tanto\/wp-content\/uploads\/sites\/60\/2018\/04\/IMG_2034.jpg\"><img loading=\"lazy\" decoding=\"async\" class=\"alignnone size-medium wp-image-516\" src=\"https:\/\/www.4h.se\/tanto\/wp-content\/uploads\/sites\/60\/2018\/04\/IMG_2034-470x264.jpg\" alt=\"IMG_2034\" width=\"470\" height=\"264\" srcset=\"https:\/\/www.4h.se\/tanto\/wp-content\/uploads\/sites\/60\/2018\/04\/IMG_2034-470x264.jpg 470w, https:\/\/www.4h.se\/tanto\/wp-content\/uploads\/sites\/60\/2018\/04\/IMG_2034-170x96.jpg 170w, https:\/\/www.4h.se\/tanto\/wp-content\/uploads\/sites\/60\/2018\/04\/IMG_2034-970x546.jpg 970w\" sizes=\"auto, (max-width: 470px) 100vw, 470px\" \/><\/a><\/p>\n<p>&nbsp;<\/p>\n<p><em><strong>Vem \u00e4r Kl\u00f6verhj\u00e4lten?<\/strong><\/em><\/p>\n<p><em><strong>Kl\u00f6verhj\u00e4lten \u00e4r organisationens samlingsrepresentant f\u00f6r k\u00e4rlek, f\u00f6rst\u00e5else och respekt<\/strong>. Kl\u00f6verhj\u00e4lten skulle aldrig n\u00e5gonsin b\u00e4ra n\u00e5gra vapen. Hens enda attribut \u00e4r ett f\u00f6rstoringsglas. Med f\u00f6rstoringsglaset g\u00e5r hen p\u00e5 djupet och l\u00e4r sig mer om saker som kan uppfattas som fr\u00e4mmande eller obehagliga. F\u00f6r Kl\u00f6verhj\u00e4lten vet att n\u00e4r mer kunskap kommer till ytan s\u00e5 kommer f\u00f6rutfattade meningar att sk\u00f6ljas bort. Genom f\u00f6rst\u00e5else, gemenskap, k\u00e4rlek och respekt f\u00e5r vi barn och unga att v\u00e4xa.<\/em><\/p>\n<p><em><strong>Vi vill att<\/strong> barn och ungdomar ska f\u00e5 chansen att uppt\u00e4cka att superhj\u00e4ltar finns mitt ibland oss. De ska f\u00e5 uppt\u00e4cka att de kan bli eller \u00e4r superhj\u00e4ltar sj\u00e4lva. Genom Kl\u00f6verhj\u00e4lten, vars superkrafter bygger p\u00e5 k\u00e4rlek, f\u00f6rst\u00e5else och respekt, vill vi ge v\u00e5ra unga en sund f\u00f6rebild som representerar mjuka v\u00e4rden och som med mod och nyfikenhet bek\u00e4mpar f\u00f6rdomar och f\u00f6rtryck. Med de fyra H:na i fokus: Huvud, Hj\u00e4rta, Hand och H\u00e4lsa m\u00f6ter Kl\u00f6verhj\u00e4lten barn och ungdomar i deras funderingar om djur, natur och v\u00e5r omv\u00e4rld.<\/em><\/p>\n<p><em>\u00a0<\/em>[\/vc_column_text][\/vc_column][\/vc_row]<\/p>\n<\/div>","protected":false},"excerpt":{"rendered":"<p>[vc_row][vc_column][vc_column_text] Kl\u00f6verhj\u00e4lten Tanto 4H har under h\u00f6sten 2017 haft tr\u00e4ffar med Kl\u00f6verhj\u00e4lten. Vi har d\u00e5 pysslat med saker fr\u00e5n naturen, provat Kl\u00f6verhj\u00e4ltens yoga, spelat Kl\u00f6verhj\u00e4ltens spel och haft en del lek utomhus. Aktiviteterna med Kl\u00f6verhj\u00e4lten riktar sig fr\u00e4mst till \u00e5lder 6-10 \u00e5r. Tanto 4H har just nu inga tr\u00e4ffar inplanerade men finns det intresse maila&nbsp; <a href=\"https:\/\/www.4h.se\/tanto\/aktiviteter\/lar-kanna-kloverhjalten\/\">&hellip; Read more <i class=\"glyphicon glyphicon-arrow-right\"><\/i><\/a><\/p>\n","protected":false},"author":30,"featured_media":0,"parent":246,"menu_order":0,"comment_status":"closed","ping_status":"closed","template":"","meta":{"_acf_changed":false,"footnotes":""},"class_list":["post-412","page","type-page","status-publish","hentry"],"acf":[],"yoast_head":"<!-- This site is optimized with the Yoast SEO plugin v27.5 - https:\/\/yoast.com\/product\/yoast-seo-wordpress\/ -->\n<title>L\u00e4r k\u00e4nna Kl\u00f6verhj\u00e4lten - Tanto 4H-klubb<\/title>\n<meta name=\"description\" content=\"Vi l\u00e4r k\u00e4nna 4H:s egna Kl\u00f6verhj\u00e4lte och hittar \u00e4ven v\u00e5ra egna superkrafter. Tr\u00e4ffarna varvas med lek och pyssel.\" \/>\n<meta name=\"robots\" content=\"index, follow, max-snippet:-1, max-image-preview:large, max-video-preview:-1\" \/>\n<link rel=\"canonical\" href=\"https:\/\/www.4h.se\/tanto\/aktiviteter\/lar-kanna-kloverhjalten\/\" \/>\n<meta property=\"og:locale\" content=\"sv_SE\" \/>\n<meta property=\"og:type\" content=\"article\" \/>\n<meta property=\"og:title\" content=\"L\u00e4r k\u00e4nna Kl\u00f6verhj\u00e4lten - Tanto 4H-klubb\" \/>\n<meta property=\"og:description\" content=\"Vi l\u00e4r k\u00e4nna 4H:s egna Kl\u00f6verhj\u00e4lte och hittar \u00e4ven v\u00e5ra egna superkrafter. Tr\u00e4ffarna varvas med lek och pyssel.\" \/>\n<meta property=\"og:url\" content=\"https:\/\/www.4h.se\/tanto\/aktiviteter\/lar-kanna-kloverhjalten\/\" \/>\n<meta property=\"og:site_name\" content=\"Tanto 4H-klubb\" \/>\n<meta property=\"article:modified_time\" content=\"2018-04-29T19:33:24+00:00\" \/>\n<meta name=\"twitter:card\" content=\"summary_large_image\" \/>\n<meta name=\"twitter:label1\" content=\"Ber\u00e4knad l\u00e4stid\" \/>\n\t<meta name=\"twitter:data1\" content=\"2 minuter\" \/>\n<script type=\"application\/ld+json\" class=\"yoast-schema-graph\">{\"@context\":\"https:\\\/\\\/schema.org\",\"@graph\":[{\"@type\":\"WebPage\",\"@id\":\"https:\\\/\\\/www.4h.se\\\/tanto\\\/aktiviteter\\\/lar-kanna-kloverhjalten\\\/\",\"url\":\"https:\\\/\\\/www.4h.se\\\/tanto\\\/aktiviteter\\\/lar-kanna-kloverhjalten\\\/\",\"name\":\"L\u00e4r k\u00e4nna Kl\u00f6verhj\u00e4lten - Tanto 4H-klubb\",\"isPartOf\":{\"@id\":\"https:\\\/\\\/www.4h.se\\\/tanto\\\/#website\"},\"primaryImageOfPage\":{\"@id\":\"https:\\\/\\\/www.4h.se\\\/tanto\\\/aktiviteter\\\/lar-kanna-kloverhjalten\\\/#primaryimage\"},\"image\":{\"@id\":\"https:\\\/\\\/www.4h.se\\\/tanto\\\/aktiviteter\\\/lar-kanna-kloverhjalten\\\/#primaryimage\"},\"thumbnailUrl\":\"https:\\\/\\\/www.4h.se\\\/wp-content\\\/uploads\\\/2018\\\/02\\\/KLOVERHJALTEN_FYRAH.jpg\",\"datePublished\":\"2018-04-28T13:01:42+00:00\",\"dateModified\":\"2018-04-29T19:33:24+00:00\",\"description\":\"Vi l\u00e4r k\u00e4nna 4H:s egna Kl\u00f6verhj\u00e4lte och hittar \u00e4ven v\u00e5ra egna superkrafter. Tr\u00e4ffarna varvas med lek och pyssel.\",\"breadcrumb\":{\"@id\":\"https:\\\/\\\/www.4h.se\\\/tanto\\\/aktiviteter\\\/lar-kanna-kloverhjalten\\\/#breadcrumb\"},\"inLanguage\":\"sv-SE\",\"potentialAction\":[{\"@type\":\"ReadAction\",\"target\":[\"https:\\\/\\\/www.4h.se\\\/tanto\\\/aktiviteter\\\/lar-kanna-kloverhjalten\\\/\"]}]},{\"@type\":\"ImageObject\",\"inLanguage\":\"sv-SE\",\"@id\":\"https:\\\/\\\/www.4h.se\\\/tanto\\\/aktiviteter\\\/lar-kanna-kloverhjalten\\\/#primaryimage\",\"url\":\"https:\\\/\\\/www.4h.se\\\/wp-content\\\/uploads\\\/2018\\\/02\\\/KLOVERHJALTEN_FYRAH.jpg\",\"contentUrl\":\"https:\\\/\\\/www.4h.se\\\/wp-content\\\/uploads\\\/2018\\\/02\\\/KLOVERHJALTEN_FYRAH.jpg\"},{\"@type\":\"BreadcrumbList\",\"@id\":\"https:\\\/\\\/www.4h.se\\\/tanto\\\/aktiviteter\\\/lar-kanna-kloverhjalten\\\/#breadcrumb\",\"itemListElement\":[{\"@type\":\"ListItem\",\"position\":1,\"name\":\"Hem\",\"item\":\"https:\\\/\\\/www.4h.se\\\/tanto\\\/\"},{\"@type\":\"ListItem\",\"position\":2,\"name\":\"Aktiviteter\",\"item\":\"https:\\\/\\\/www.4h.se\\\/tanto\\\/aktiviteter\\\/\"},{\"@type\":\"ListItem\",\"position\":3,\"name\":\"L\u00e4r k\u00e4nna Kl\u00f6verhj\u00e4lten\"}]},{\"@type\":\"WebSite\",\"@id\":\"https:\\\/\\\/www.4h.se\\\/tanto\\\/#website\",\"url\":\"https:\\\/\\\/www.4h.se\\\/tanto\\\/\",\"name\":\"Tanto 4H-klubb\",\"description\":\"\",\"potentialAction\":[{\"@type\":\"SearchAction\",\"target\":{\"@type\":\"EntryPoint\",\"urlTemplate\":\"https:\\\/\\\/www.4h.se\\\/tanto\\\/?s={search_term_string}\"},\"query-input\":{\"@type\":\"PropertyValueSpecification\",\"valueRequired\":true,\"valueName\":\"search_term_string\"}}],\"inLanguage\":\"sv-SE\"}]}<\/script>\n<!-- \/ Yoast SEO plugin. -->","yoast_head_json":{"title":"L\u00e4r k\u00e4nna Kl\u00f6verhj\u00e4lten - Tanto 4H-klubb","description":"Vi l\u00e4r k\u00e4nna 4H:s egna Kl\u00f6verhj\u00e4lte och hittar \u00e4ven v\u00e5ra egna superkrafter. Tr\u00e4ffarna varvas med lek och pyssel.","robots":{"index":"index","follow":"follow","max-snippet":"max-snippet:-1","max-image-preview":"max-image-preview:large","max-video-preview":"max-video-preview:-1"},"canonical":"https:\/\/www.4h.se\/tanto\/aktiviteter\/lar-kanna-kloverhjalten\/","og_locale":"sv_SE","og_type":"article","og_title":"L\u00e4r k\u00e4nna Kl\u00f6verhj\u00e4lten - Tanto 4H-klubb","og_description":"Vi l\u00e4r k\u00e4nna 4H:s egna Kl\u00f6verhj\u00e4lte och hittar \u00e4ven v\u00e5ra egna superkrafter. Tr\u00e4ffarna varvas med lek och pyssel.","og_url":"https:\/\/www.4h.se\/tanto\/aktiviteter\/lar-kanna-kloverhjalten\/","og_site_name":"Tanto 4H-klubb","article_modified_time":"2018-04-29T19:33:24+00:00","twitter_card":"summary_large_image","twitter_misc":{"Ber\u00e4knad l\u00e4stid":"2 minuter"},"schema":{"@context":"https:\/\/schema.org","@graph":[{"@type":"WebPage","@id":"https:\/\/www.4h.se\/tanto\/aktiviteter\/lar-kanna-kloverhjalten\/","url":"https:\/\/www.4h.se\/tanto\/aktiviteter\/lar-kanna-kloverhjalten\/","name":"L\u00e4r k\u00e4nna Kl\u00f6verhj\u00e4lten - Tanto 4H-klubb","isPartOf":{"@id":"https:\/\/www.4h.se\/tanto\/#website"},"primaryImageOfPage":{"@id":"https:\/\/www.4h.se\/tanto\/aktiviteter\/lar-kanna-kloverhjalten\/#primaryimage"},"image":{"@id":"https:\/\/www.4h.se\/tanto\/aktiviteter\/lar-kanna-kloverhjalten\/#primaryimage"},"thumbnailUrl":"https:\/\/www.4h.se\/wp-content\/uploads\/2018\/02\/KLOVERHJALTEN_FYRAH.jpg","datePublished":"2018-04-28T13:01:42+00:00","dateModified":"2018-04-29T19:33:24+00:00","description":"Vi l\u00e4r k\u00e4nna 4H:s egna Kl\u00f6verhj\u00e4lte och hittar \u00e4ven v\u00e5ra egna superkrafter. Tr\u00e4ffarna varvas med lek och pyssel.","breadcrumb":{"@id":"https:\/\/www.4h.se\/tanto\/aktiviteter\/lar-kanna-kloverhjalten\/#breadcrumb"},"inLanguage":"sv-SE","potentialAction":[{"@type":"ReadAction","target":["https:\/\/www.4h.se\/tanto\/aktiviteter\/lar-kanna-kloverhjalten\/"]}]},{"@type":"ImageObject","inLanguage":"sv-SE","@id":"https:\/\/www.4h.se\/tanto\/aktiviteter\/lar-kanna-kloverhjalten\/#primaryimage","url":"https:\/\/www.4h.se\/wp-content\/uploads\/2018\/02\/KLOVERHJALTEN_FYRAH.jpg","contentUrl":"https:\/\/www.4h.se\/wp-content\/uploads\/2018\/02\/KLOVERHJALTEN_FYRAH.jpg"},{"@type":"BreadcrumbList","@id":"https:\/\/www.4h.se\/tanto\/aktiviteter\/lar-kanna-kloverhjalten\/#breadcrumb","itemListElement":[{"@type":"ListItem","position":1,"name":"Hem","item":"https:\/\/www.4h.se\/tanto\/"},{"@type":"ListItem","position":2,"name":"Aktiviteter","item":"https:\/\/www.4h.se\/tanto\/aktiviteter\/"},{"@type":"ListItem","position":3,"name":"L\u00e4r k\u00e4nna Kl\u00f6verhj\u00e4lten"}]},{"@type":"WebSite","@id":"https:\/\/www.4h.se\/tanto\/#website","url":"https:\/\/www.4h.se\/tanto\/","name":"Tanto 4H-klubb","description":"","potentialAction":[{"@type":"SearchAction","target":{"@type":"EntryPoint","urlTemplate":"https:\/\/www.4h.se\/tanto\/?s={search_term_string}"},"query-input":{"@type":"PropertyValueSpecification","valueRequired":true,"valueName":"search_term_string"}}],"inLanguage":"sv-SE"}]}},"_links":{"self":[{"href":"https:\/\/www.4h.se\/tanto\/wp-json\/wp\/v2\/pages\/412","targetHints":{"allow":["GET"]}}],"collection":[{"href":"https:\/\/www.4h.se\/tanto\/wp-json\/wp\/v2\/pages"}],"about":[{"href":"https:\/\/www.4h.se\/tanto\/wp-json\/wp\/v2\/types\/page"}],"author":[{"embeddable":true,"href":"https:\/\/www.4h.se\/tanto\/wp-json\/wp\/v2\/users\/30"}],"replies":[{"embeddable":true,"href":"https:\/\/www.4h.se\/tanto\/wp-json\/wp\/v2\/comments?post=412"}],"version-history":[{"count":0,"href":"https:\/\/www.4h.se\/tanto\/wp-json\/wp\/v2\/pages\/412\/revisions"}],"up":[{"embeddable":true,"href":"https:\/\/www.4h.se\/tanto\/wp-json\/wp\/v2\/pages\/246"}],"wp:attachment":[{"href":"https:\/\/www.4h.se\/tanto\/wp-json\/wp\/v2\/media?parent=412"}],"curies":[{"name":"wp","href":"https:\/\/api.w.org\/{rel}","templated":true}]}}