



{"id":411,"date":"2018-04-28T14:59:40","date_gmt":"2018-04-28T12:59:40","guid":{"rendered":"http:\/\/www.4h.se\/tanto\/?page_id=411"},"modified":"2018-04-28T16:05:40","modified_gmt":"2018-04-28T14:05:40","slug":"korkort-pa-katt-med-tanto-4h","status":"publish","type":"page","link":"https:\/\/www.4h.se\/tanto\/aktiviteter\/korkort-pa-katt-med-tanto-4h\/","title":{"rendered":"K\u00f6rkort p\u00e5 Katt med Tanto 4H"},"content":{"rendered":"<div class=\"wpb-content-wrapper\"><p>[vc_row][vc_column][vc_column_text]K\u00f6rkort p\u00e5 katt<\/p>\n<p>I 4H kan du ta k\u00f6rkort p\u00e5 katt. Kursen riktar sig fr\u00e4mst till dig i \u00e5lder 6-10 \u00e5r. Du kanske har katt, t\u00e4nker skaffa katt eller bara vill l\u00e4ra dig mer om katter.<\/p>\n<p>Tanto 4H Har ingen kurs inplanerad just nu men \u00e4r du intresserad av kursen s\u00e5 skicka g\u00e4rna ett mail till oss s\u00e5 kanske vi kan arrangera en. tanto@4h.se<\/p>\n<p>&nbsp;[\/vc_column_text][\/vc_column][\/vc_row]<\/p>\n<\/div>","protected":false},"excerpt":{"rendered":"<p>[vc_row][vc_column][vc_column_text]K\u00f6rkort p\u00e5 katt I 4H kan du ta k\u00f6rkort p\u00e5 katt. Kursen riktar sig fr\u00e4mst till dig i \u00e5lder 6-10 \u00e5r. Du kanske har katt, t\u00e4nker skaffa katt eller bara vill l\u00e4ra dig mer om katter. Tanto 4H Har ingen kurs inplanerad just nu men \u00e4r du intresserad av kursen s\u00e5 skicka g\u00e4rna ett mail&nbsp; <a href=\"https:\/\/www.4h.se\/tanto\/aktiviteter\/korkort-pa-katt-med-tanto-4h\/\">&hellip; Read more <i class=\"glyphicon glyphicon-arrow-right\"><\/i><\/a><\/p>\n","protected":false},"author":30,"featured_media":0,"parent":246,"menu_order":0,"comment_status":"closed","ping_status":"closed","template":"","meta":{"_acf_changed":false,"footnotes":""},"class_list":["post-411","page","type-page","status-publish","hentry"],"acf":[],"yoast_head":"<!-- This site is optimized with the Yoast SEO plugin v27.5 - https:\/\/yoast.com\/product\/yoast-seo-wordpress\/ -->\n<title>K\u00f6rkort p\u00e5 Katt med Tanto 4H - Tanto 4H-klubb<\/title>\n<meta name=\"description\" content=\"Under den h\u00e4r kursen f\u00e5r du som har katt, funderar p\u00e5 att skaffa eller bara vill l\u00e4ra dig mer en grund i viktiga saker att veta om katter.\" \/>\n<meta name=\"robots\" content=\"index, follow, max-snippet:-1, max-image-preview:large, max-video-preview:-1\" \/>\n<link rel=\"canonical\" href=\"https:\/\/www.4h.se\/tanto\/aktiviteter\/korkort-pa-katt-med-tanto-4h\/\" \/>\n<meta property=\"og:locale\" content=\"sv_SE\" \/>\n<meta property=\"og:type\" content=\"article\" \/>\n<meta property=\"og:title\" content=\"K\u00f6rkort p\u00e5 Katt med Tanto 4H - Tanto 4H-klubb\" \/>\n<meta property=\"og:description\" content=\"Under den h\u00e4r kursen f\u00e5r du som har katt, funderar p\u00e5 att skaffa eller bara vill l\u00e4ra dig mer en grund i viktiga saker att veta om katter.\" \/>\n<meta property=\"og:url\" content=\"https:\/\/www.4h.se\/tanto\/aktiviteter\/korkort-pa-katt-med-tanto-4h\/\" \/>\n<meta property=\"og:site_name\" content=\"Tanto 4H-klubb\" \/>\n<meta property=\"article:modified_time\" content=\"2018-04-28T14:05:40+00:00\" \/>\n<meta name=\"twitter:card\" content=\"summary_large_image\" \/>\n<script type=\"application\/ld+json\" class=\"yoast-schema-graph\">{\"@context\":\"https:\\\/\\\/schema.org\",\"@graph\":[{\"@type\":\"WebPage\",\"@id\":\"https:\\\/\\\/www.4h.se\\\/tanto\\\/aktiviteter\\\/korkort-pa-katt-med-tanto-4h\\\/\",\"url\":\"https:\\\/\\\/www.4h.se\\\/tanto\\\/aktiviteter\\\/korkort-pa-katt-med-tanto-4h\\\/\",\"name\":\"K\u00f6rkort p\u00e5 Katt med Tanto 4H - Tanto 4H-klubb\",\"isPartOf\":{\"@id\":\"https:\\\/\\\/www.4h.se\\\/tanto\\\/#website\"},\"datePublished\":\"2018-04-28T12:59:40+00:00\",\"dateModified\":\"2018-04-28T14:05:40+00:00\",\"description\":\"Under den h\u00e4r kursen f\u00e5r du som har katt, funderar p\u00e5 att skaffa eller bara vill l\u00e4ra dig mer en grund i viktiga saker att veta om katter.\",\"breadcrumb\":{\"@id\":\"https:\\\/\\\/www.4h.se\\\/tanto\\\/aktiviteter\\\/korkort-pa-katt-med-tanto-4h\\\/#breadcrumb\"},\"inLanguage\":\"sv-SE\",\"potentialAction\":[{\"@type\":\"ReadAction\",\"target\":[\"https:\\\/\\\/www.4h.se\\\/tanto\\\/aktiviteter\\\/korkort-pa-katt-med-tanto-4h\\\/\"]}]},{\"@type\":\"BreadcrumbList\",\"@id\":\"https:\\\/\\\/www.4h.se\\\/tanto\\\/aktiviteter\\\/korkort-pa-katt-med-tanto-4h\\\/#breadcrumb\",\"itemListElement\":[{\"@type\":\"ListItem\",\"position\":1,\"name\":\"Hem\",\"item\":\"https:\\\/\\\/www.4h.se\\\/tanto\\\/\"},{\"@type\":\"ListItem\",\"position\":2,\"name\":\"Aktiviteter\",\"item\":\"https:\\\/\\\/www.4h.se\\\/tanto\\\/aktiviteter\\\/\"},{\"@type\":\"ListItem\",\"position\":3,\"name\":\"K\u00f6rkort p\u00e5 Katt med Tanto 4H\"}]},{\"@type\":\"WebSite\",\"@id\":\"https:\\\/\\\/www.4h.se\\\/tanto\\\/#website\",\"url\":\"https:\\\/\\\/www.4h.se\\\/tanto\\\/\",\"name\":\"Tanto 4H-klubb\",\"description\":\"\",\"potentialAction\":[{\"@type\":\"SearchAction\",\"target\":{\"@type\":\"EntryPoint\",\"urlTemplate\":\"https:\\\/\\\/www.4h.se\\\/tanto\\\/?s={search_term_string}\"},\"query-input\":{\"@type\":\"PropertyValueSpecification\",\"valueRequired\":true,\"valueName\":\"search_term_string\"}}],\"inLanguage\":\"sv-SE\"}]}<\/script>\n<!-- \/ Yoast SEO plugin. -->","yoast_head_json":{"title":"K\u00f6rkort p\u00e5 Katt med Tanto 4H - Tanto 4H-klubb","description":"Under den h\u00e4r kursen f\u00e5r du som har katt, funderar p\u00e5 att skaffa eller bara vill l\u00e4ra dig mer en grund i viktiga saker att veta om katter.","robots":{"index":"index","follow":"follow","max-snippet":"max-snippet:-1","max-image-preview":"max-image-preview:large","max-video-preview":"max-video-preview:-1"},"canonical":"https:\/\/www.4h.se\/tanto\/aktiviteter\/korkort-pa-katt-med-tanto-4h\/","og_locale":"sv_SE","og_type":"article","og_title":"K\u00f6rkort p\u00e5 Katt med Tanto 4H - Tanto 4H-klubb","og_description":"Under den h\u00e4r kursen f\u00e5r du som har katt, funderar p\u00e5 att skaffa eller bara vill l\u00e4ra dig mer en grund i viktiga saker att veta om katter.","og_url":"https:\/\/www.4h.se\/tanto\/aktiviteter\/korkort-pa-katt-med-tanto-4h\/","og_site_name":"Tanto 4H-klubb","article_modified_time":"2018-04-28T14:05:40+00:00","twitter_card":"summary_large_image","schema":{"@context":"https:\/\/schema.org","@graph":[{"@type":"WebPage","@id":"https:\/\/www.4h.se\/tanto\/aktiviteter\/korkort-pa-katt-med-tanto-4h\/","url":"https:\/\/www.4h.se\/tanto\/aktiviteter\/korkort-pa-katt-med-tanto-4h\/","name":"K\u00f6rkort p\u00e5 Katt med Tanto 4H - Tanto 4H-klubb","isPartOf":{"@id":"https:\/\/www.4h.se\/tanto\/#website"},"datePublished":"2018-04-28T12:59:40+00:00","dateModified":"2018-04-28T14:05:40+00:00","description":"Under den h\u00e4r kursen f\u00e5r du som har katt, funderar p\u00e5 att skaffa eller bara vill l\u00e4ra dig mer en grund i viktiga saker att veta om katter.","breadcrumb":{"@id":"https:\/\/www.4h.se\/tanto\/aktiviteter\/korkort-pa-katt-med-tanto-4h\/#breadcrumb"},"inLanguage":"sv-SE","potentialAction":[{"@type":"ReadAction","target":["https:\/\/www.4h.se\/tanto\/aktiviteter\/korkort-pa-katt-med-tanto-4h\/"]}]},{"@type":"BreadcrumbList","@id":"https:\/\/www.4h.se\/tanto\/aktiviteter\/korkort-pa-katt-med-tanto-4h\/#breadcrumb","itemListElement":[{"@type":"ListItem","position":1,"name":"Hem","item":"https:\/\/www.4h.se\/tanto\/"},{"@type":"ListItem","position":2,"name":"Aktiviteter","item":"https:\/\/www.4h.se\/tanto\/aktiviteter\/"},{"@type":"ListItem","position":3,"name":"K\u00f6rkort p\u00e5 Katt med Tanto 4H"}]},{"@type":"WebSite","@id":"https:\/\/www.4h.se\/tanto\/#website","url":"https:\/\/www.4h.se\/tanto\/","name":"Tanto 4H-klubb","description":"","potentialAction":[{"@type":"SearchAction","target":{"@type":"EntryPoint","urlTemplate":"https:\/\/www.4h.se\/tanto\/?s={search_term_string}"},"query-input":{"@type":"PropertyValueSpecification","valueRequired":true,"valueName":"search_term_string"}}],"inLanguage":"sv-SE"}]}},"_links":{"self":[{"href":"https:\/\/www.4h.se\/tanto\/wp-json\/wp\/v2\/pages\/411","targetHints":{"allow":["GET"]}}],"collection":[{"href":"https:\/\/www.4h.se\/tanto\/wp-json\/wp\/v2\/pages"}],"about":[{"href":"https:\/\/www.4h.se\/tanto\/wp-json\/wp\/v2\/types\/page"}],"author":[{"embeddable":true,"href":"https:\/\/www.4h.se\/tanto\/wp-json\/wp\/v2\/users\/30"}],"replies":[{"embeddable":true,"href":"https:\/\/www.4h.se\/tanto\/wp-json\/wp\/v2\/comments?post=411"}],"version-history":[{"count":0,"href":"https:\/\/www.4h.se\/tanto\/wp-json\/wp\/v2\/pages\/411\/revisions"}],"up":[{"embeddable":true,"href":"https:\/\/www.4h.se\/tanto\/wp-json\/wp\/v2\/pages\/246"}],"wp:attachment":[{"href":"https:\/\/www.4h.se\/tanto\/wp-json\/wp\/v2\/media?parent=411"}],"curies":[{"name":"wp","href":"https:\/\/api.w.org\/{rel}","templated":true}]}}