



{"id":410,"date":"2018-04-28T14:57:40","date_gmt":"2018-04-28T12:57:40","guid":{"rendered":"http:\/\/www.4h.se\/tanto\/?page_id=410"},"modified":"2018-05-07T18:01:13","modified_gmt":"2018-05-07T16:01:13","slug":"odlingskul-med-tanto-4h","status":"publish","type":"page","link":"https:\/\/www.4h.se\/tanto\/aktiviteter\/odlingskul-med-tanto-4h\/","title":{"rendered":"Odlingskul med Tanto 4H"},"content":{"rendered":"<div class=\"wpb-content-wrapper\"><p>[vc_row][vc_column][vc_column_text]<strong>Odlingskul med Tanto 4H<\/strong><\/p>\n<p>Odlingskul med 4H \u201dsom man s\u00e5r f\u00e5r man sk\u00f6rda\u201d \u00e4r en kurs som l\u00e5ter b\u00e5de unga och v\u00e4xter v\u00e4xa. Barnen v\u00e4xer genom ansvar och v\u00e4xterna v\u00e4xer f\u00f6r att barnen tar ansvar f\u00f6r sina v\u00e4xter. 4H:s pedagogik och demokrati genomsyras genom hela kursen.<\/p>\n<p>Kursen \u00e4r uppbyggd p\u00e5 fyra tr\u00e4ffar och i kursen ing\u00e5r deltagarbok, det som ska odlas, krukor och \u00f6vrigt material.<\/p>\n<p><strong>Vi tr\u00e4ffas onsdagar 16\/5, 23\/5, 30\/5 och 13\/6.<\/strong><\/p>\n<p>F\u00f6r att delta kostar det 100 kronor + medlemsavgift(250 kronor f\u00f6r icke medlemmar)<\/p>\n<p>Kursen riktar sig fr\u00e4mst till \u00e5ldern 6-12 \u00e5r.<\/p>\n<p>\u00c4r du intresserad av att delta. Skicka ett mail till <a href=\"mailto:tanto@4h.se\">tanto@4h.se<\/a><\/p>\n<p><a href=\"https:\/\/www.4h.se\/tanto\/wp-content\/uploads\/sites\/60\/2018\/04\/vegetables-29063_1280.png\"><img loading=\"lazy\" decoding=\"async\" class=\"alignnone size-medium wp-image-532\" src=\"https:\/\/www.4h.se\/tanto\/wp-content\/uploads\/sites\/60\/2018\/04\/vegetables-29063_1280-470x269.png\" alt=\"vegetables-29063_1280\" width=\"470\" height=\"269\" srcset=\"https:\/\/www.4h.se\/tanto\/wp-content\/uploads\/sites\/60\/2018\/04\/vegetables-29063_1280-470x269.png 470w, https:\/\/www.4h.se\/tanto\/wp-content\/uploads\/sites\/60\/2018\/04\/vegetables-29063_1280-170x97.png 170w, https:\/\/www.4h.se\/tanto\/wp-content\/uploads\/sites\/60\/2018\/04\/vegetables-29063_1280-970x555.png 970w, https:\/\/www.4h.se\/tanto\/wp-content\/uploads\/sites\/60\/2018\/04\/vegetables-29063_1280.png 1280w\" sizes=\"auto, (max-width: 470px) 100vw, 470px\" \/><\/a>[\/vc_column_text][\/vc_column][\/vc_row]<\/p>\n<\/div>","protected":false},"excerpt":{"rendered":"<p>[vc_row][vc_column][vc_column_text]Odlingskul med Tanto 4H Odlingskul med 4H \u201dsom man s\u00e5r f\u00e5r man sk\u00f6rda\u201d \u00e4r en kurs som l\u00e5ter b\u00e5de unga och v\u00e4xter v\u00e4xa. Barnen v\u00e4xer genom ansvar och v\u00e4xterna v\u00e4xer f\u00f6r att barnen tar ansvar f\u00f6r sina v\u00e4xter. 4H:s pedagogik och demokrati genomsyras genom hela kursen. Kursen \u00e4r uppbyggd p\u00e5 fyra tr\u00e4ffar och i kursen&nbsp; <a href=\"https:\/\/www.4h.se\/tanto\/aktiviteter\/odlingskul-med-tanto-4h\/\">&hellip; Read more <i class=\"glyphicon glyphicon-arrow-right\"><\/i><\/a><\/p>\n","protected":false},"author":30,"featured_media":0,"parent":246,"menu_order":0,"comment_status":"closed","ping_status":"closed","template":"","meta":{"_acf_changed":false,"footnotes":""},"class_list":["post-410","page","type-page","status-publish","hentry"],"acf":[],"yoast_head":"<!-- This site is optimized with the Yoast SEO plugin v27.5 - https:\/\/yoast.com\/product\/yoast-seo-wordpress\/ -->\n<title>Odlingskul med Tanto 4H - Tanto 4H-klubb<\/title>\n<meta name=\"description\" content=\"Odlingskul med 4H g\u00e5r ut p\u00e5 att barnen ska l\u00e4ra sig grunden i att odla samt att samarbeta med varandra.\" \/>\n<meta name=\"robots\" content=\"index, follow, max-snippet:-1, max-image-preview:large, max-video-preview:-1\" \/>\n<link rel=\"canonical\" href=\"https:\/\/www.4h.se\/tanto\/aktiviteter\/odlingskul-med-tanto-4h\/\" \/>\n<meta property=\"og:locale\" content=\"sv_SE\" \/>\n<meta property=\"og:type\" content=\"article\" \/>\n<meta property=\"og:title\" content=\"Odlingskul med Tanto 4H - Tanto 4H-klubb\" \/>\n<meta property=\"og:description\" content=\"Odlingskul med 4H g\u00e5r ut p\u00e5 att barnen ska l\u00e4ra sig grunden i att odla samt att samarbeta med varandra.\" \/>\n<meta property=\"og:url\" content=\"https:\/\/www.4h.se\/tanto\/aktiviteter\/odlingskul-med-tanto-4h\/\" \/>\n<meta property=\"og:site_name\" content=\"Tanto 4H-klubb\" \/>\n<meta property=\"article:modified_time\" content=\"2018-05-07T16:01:13+00:00\" \/>\n<meta property=\"og:image\" content=\"https:\/\/www.4h.se\/tanto\/wp-content\/uploads\/sites\/60\/2018\/04\/vegetables-29063_1280.png\" \/>\n\t<meta property=\"og:image:width\" content=\"1280\" \/>\n\t<meta property=\"og:image:height\" content=\"733\" \/>\n\t<meta property=\"og:image:type\" content=\"image\/png\" \/>\n<meta name=\"twitter:card\" content=\"summary_large_image\" \/>\n<meta name=\"twitter:label1\" content=\"Ber\u00e4knad l\u00e4stid\" \/>\n\t<meta name=\"twitter:data1\" content=\"1 minut\" \/>\n<script type=\"application\/ld+json\" class=\"yoast-schema-graph\">{\"@context\":\"https:\\\/\\\/schema.org\",\"@graph\":[{\"@type\":\"WebPage\",\"@id\":\"https:\\\/\\\/www.4h.se\\\/tanto\\\/aktiviteter\\\/odlingskul-med-tanto-4h\\\/\",\"url\":\"https:\\\/\\\/www.4h.se\\\/tanto\\\/aktiviteter\\\/odlingskul-med-tanto-4h\\\/\",\"name\":\"Odlingskul med Tanto 4H - Tanto 4H-klubb\",\"isPartOf\":{\"@id\":\"https:\\\/\\\/www.4h.se\\\/tanto\\\/#website\"},\"primaryImageOfPage\":{\"@id\":\"https:\\\/\\\/www.4h.se\\\/tanto\\\/aktiviteter\\\/odlingskul-med-tanto-4h\\\/#primaryimage\"},\"image\":{\"@id\":\"https:\\\/\\\/www.4h.se\\\/tanto\\\/aktiviteter\\\/odlingskul-med-tanto-4h\\\/#primaryimage\"},\"thumbnailUrl\":\"https:\\\/\\\/www.4h.se\\\/tanto\\\/wp-content\\\/uploads\\\/sites\\\/60\\\/2018\\\/04\\\/vegetables-29063_1280-470x269.png\",\"datePublished\":\"2018-04-28T12:57:40+00:00\",\"dateModified\":\"2018-05-07T16:01:13+00:00\",\"description\":\"Odlingskul med 4H g\u00e5r ut p\u00e5 att barnen ska l\u00e4ra sig grunden i att odla samt att samarbeta med varandra.\",\"breadcrumb\":{\"@id\":\"https:\\\/\\\/www.4h.se\\\/tanto\\\/aktiviteter\\\/odlingskul-med-tanto-4h\\\/#breadcrumb\"},\"inLanguage\":\"sv-SE\",\"potentialAction\":[{\"@type\":\"ReadAction\",\"target\":[\"https:\\\/\\\/www.4h.se\\\/tanto\\\/aktiviteter\\\/odlingskul-med-tanto-4h\\\/\"]}]},{\"@type\":\"ImageObject\",\"inLanguage\":\"sv-SE\",\"@id\":\"https:\\\/\\\/www.4h.se\\\/tanto\\\/aktiviteter\\\/odlingskul-med-tanto-4h\\\/#primaryimage\",\"url\":\"https:\\\/\\\/www.4h.se\\\/tanto\\\/wp-content\\\/uploads\\\/sites\\\/60\\\/2018\\\/04\\\/vegetables-29063_1280.png\",\"contentUrl\":\"https:\\\/\\\/www.4h.se\\\/tanto\\\/wp-content\\\/uploads\\\/sites\\\/60\\\/2018\\\/04\\\/vegetables-29063_1280.png\",\"width\":1280,\"height\":733},{\"@type\":\"BreadcrumbList\",\"@id\":\"https:\\\/\\\/www.4h.se\\\/tanto\\\/aktiviteter\\\/odlingskul-med-tanto-4h\\\/#breadcrumb\",\"itemListElement\":[{\"@type\":\"ListItem\",\"position\":1,\"name\":\"Hem\",\"item\":\"https:\\\/\\\/www.4h.se\\\/tanto\\\/\"},{\"@type\":\"ListItem\",\"position\":2,\"name\":\"Aktiviteter\",\"item\":\"https:\\\/\\\/www.4h.se\\\/tanto\\\/aktiviteter\\\/\"},{\"@type\":\"ListItem\",\"position\":3,\"name\":\"Odlingskul med Tanto 4H\"}]},{\"@type\":\"WebSite\",\"@id\":\"https:\\\/\\\/www.4h.se\\\/tanto\\\/#website\",\"url\":\"https:\\\/\\\/www.4h.se\\\/tanto\\\/\",\"name\":\"Tanto 4H-klubb\",\"description\":\"\",\"potentialAction\":[{\"@type\":\"SearchAction\",\"target\":{\"@type\":\"EntryPoint\",\"urlTemplate\":\"https:\\\/\\\/www.4h.se\\\/tanto\\\/?s={search_term_string}\"},\"query-input\":{\"@type\":\"PropertyValueSpecification\",\"valueRequired\":true,\"valueName\":\"search_term_string\"}}],\"inLanguage\":\"sv-SE\"}]}<\/script>\n<!-- \/ Yoast SEO plugin. -->","yoast_head_json":{"title":"Odlingskul med Tanto 4H - Tanto 4H-klubb","description":"Odlingskul med 4H g\u00e5r ut p\u00e5 att barnen ska l\u00e4ra sig grunden i att odla samt att samarbeta med varandra.","robots":{"index":"index","follow":"follow","max-snippet":"max-snippet:-1","max-image-preview":"max-image-preview:large","max-video-preview":"max-video-preview:-1"},"canonical":"https:\/\/www.4h.se\/tanto\/aktiviteter\/odlingskul-med-tanto-4h\/","og_locale":"sv_SE","og_type":"article","og_title":"Odlingskul med Tanto 4H - Tanto 4H-klubb","og_description":"Odlingskul med 4H g\u00e5r ut p\u00e5 att barnen ska l\u00e4ra sig grunden i att odla samt att samarbeta med varandra.","og_url":"https:\/\/www.4h.se\/tanto\/aktiviteter\/odlingskul-med-tanto-4h\/","og_site_name":"Tanto 4H-klubb","article_modified_time":"2018-05-07T16:01:13+00:00","og_image":[{"width":1280,"height":733,"url":"https:\/\/www.4h.se\/tanto\/wp-content\/uploads\/sites\/60\/2018\/04\/vegetables-29063_1280.png","type":"image\/png"}],"twitter_card":"summary_large_image","twitter_misc":{"Ber\u00e4knad l\u00e4stid":"1 minut"},"schema":{"@context":"https:\/\/schema.org","@graph":[{"@type":"WebPage","@id":"https:\/\/www.4h.se\/tanto\/aktiviteter\/odlingskul-med-tanto-4h\/","url":"https:\/\/www.4h.se\/tanto\/aktiviteter\/odlingskul-med-tanto-4h\/","name":"Odlingskul med Tanto 4H - Tanto 4H-klubb","isPartOf":{"@id":"https:\/\/www.4h.se\/tanto\/#website"},"primaryImageOfPage":{"@id":"https:\/\/www.4h.se\/tanto\/aktiviteter\/odlingskul-med-tanto-4h\/#primaryimage"},"image":{"@id":"https:\/\/www.4h.se\/tanto\/aktiviteter\/odlingskul-med-tanto-4h\/#primaryimage"},"thumbnailUrl":"https:\/\/www.4h.se\/tanto\/wp-content\/uploads\/sites\/60\/2018\/04\/vegetables-29063_1280-470x269.png","datePublished":"2018-04-28T12:57:40+00:00","dateModified":"2018-05-07T16:01:13+00:00","description":"Odlingskul med 4H g\u00e5r ut p\u00e5 att barnen ska l\u00e4ra sig grunden i att odla samt att samarbeta med varandra.","breadcrumb":{"@id":"https:\/\/www.4h.se\/tanto\/aktiviteter\/odlingskul-med-tanto-4h\/#breadcrumb"},"inLanguage":"sv-SE","potentialAction":[{"@type":"ReadAction","target":["https:\/\/www.4h.se\/tanto\/aktiviteter\/odlingskul-med-tanto-4h\/"]}]},{"@type":"ImageObject","inLanguage":"sv-SE","@id":"https:\/\/www.4h.se\/tanto\/aktiviteter\/odlingskul-med-tanto-4h\/#primaryimage","url":"https:\/\/www.4h.se\/tanto\/wp-content\/uploads\/sites\/60\/2018\/04\/vegetables-29063_1280.png","contentUrl":"https:\/\/www.4h.se\/tanto\/wp-content\/uploads\/sites\/60\/2018\/04\/vegetables-29063_1280.png","width":1280,"height":733},{"@type":"BreadcrumbList","@id":"https:\/\/www.4h.se\/tanto\/aktiviteter\/odlingskul-med-tanto-4h\/#breadcrumb","itemListElement":[{"@type":"ListItem","position":1,"name":"Hem","item":"https:\/\/www.4h.se\/tanto\/"},{"@type":"ListItem","position":2,"name":"Aktiviteter","item":"https:\/\/www.4h.se\/tanto\/aktiviteter\/"},{"@type":"ListItem","position":3,"name":"Odlingskul med Tanto 4H"}]},{"@type":"WebSite","@id":"https:\/\/www.4h.se\/tanto\/#website","url":"https:\/\/www.4h.se\/tanto\/","name":"Tanto 4H-klubb","description":"","potentialAction":[{"@type":"SearchAction","target":{"@type":"EntryPoint","urlTemplate":"https:\/\/www.4h.se\/tanto\/?s={search_term_string}"},"query-input":{"@type":"PropertyValueSpecification","valueRequired":true,"valueName":"search_term_string"}}],"inLanguage":"sv-SE"}]}},"_links":{"self":[{"href":"https:\/\/www.4h.se\/tanto\/wp-json\/wp\/v2\/pages\/410","targetHints":{"allow":["GET"]}}],"collection":[{"href":"https:\/\/www.4h.se\/tanto\/wp-json\/wp\/v2\/pages"}],"about":[{"href":"https:\/\/www.4h.se\/tanto\/wp-json\/wp\/v2\/types\/page"}],"author":[{"embeddable":true,"href":"https:\/\/www.4h.se\/tanto\/wp-json\/wp\/v2\/users\/30"}],"replies":[{"embeddable":true,"href":"https:\/\/www.4h.se\/tanto\/wp-json\/wp\/v2\/comments?post=410"}],"version-history":[{"count":0,"href":"https:\/\/www.4h.se\/tanto\/wp-json\/wp\/v2\/pages\/410\/revisions"}],"up":[{"embeddable":true,"href":"https:\/\/www.4h.se\/tanto\/wp-json\/wp\/v2\/pages\/246"}],"wp:attachment":[{"href":"https:\/\/www.4h.se\/tanto\/wp-json\/wp\/v2\/media?parent=410"}],"curies":[{"name":"wp","href":"https:\/\/api.w.org\/{rel}","templated":true}]}}