



{"id":409,"date":"2018-04-28T14:51:58","date_gmt":"2018-04-28T12:51:58","guid":{"rendered":"http:\/\/www.4h.se\/tanto\/?page_id=409"},"modified":"2018-04-29T21:41:58","modified_gmt":"2018-04-29T19:41:58","slug":"4hs-matskola","status":"publish","type":"page","link":"https:\/\/www.4h.se\/tanto\/aktiviteter\/4hs-matskola\/","title":{"rendered":"4H:s matskola"},"content":{"rendered":"<div class=\"wpb-content-wrapper\"><p>[vc_row][vc_column][vc_column_text]<strong>4H:s matskola<\/strong><\/p>\n<p>M\u00e5let med Matskolorna \u00e4r att ge barn och ungdomar kunskap om bra mat och motion p\u00e5 ett kul, l\u00e4rorikt och praktiskt s\u00e4tt.\u00a0 F\u00f6rhoppningsvis \u00e4r det s\u00e5 inspirerande att barnen f\u00e5r lite nya id\u00e9er som de forts\u00e4tter med hemma.<\/p>\n<p>Och vem vet \u2013 kanske kommer de hem med lite inspiration till sina f\u00f6r\u00e4ldrar.<\/p>\n<p>Syftet med 4H:s Matskolor \u00e4r att barnen:<\/p>\n<p>\u25cf L\u00e4r k\u00e4nna produkter fr\u00e5n det svenska lantbruket<\/p>\n<p>\u25cf F\u00e5r verktyg f\u00f6r att g\u00f6ra en varierad kost med bra mat till ett naturligt val<\/p>\n<p>\u25cf Har kul med mat och motion<\/p>\n<p>\u25cf F\u00e5r testa n\u00e4rproducerad mat<\/p>\n<p>&nbsp;<\/p>\n<p>Tanto 4H arrangerar en 4H:s matskola i april och maj 2018 och riktar sig till \u00e5ldern 6-10 \u00e5r.( fullsatt)<\/p>\n<p><a href=\"https:\/\/www.4h.se\/tanto\/wp-content\/uploads\/sites\/60\/2018\/04\/164BCCD4-4010-46F4-8B91-32A30162BC22.png\"><img loading=\"lazy\" decoding=\"async\" class=\"alignnone size-medium wp-image-403\" src=\"https:\/\/www.4h.se\/tanto\/wp-content\/uploads\/sites\/60\/2018\/04\/164BCCD4-4010-46F4-8B91-32A30162BC22-169x300.png\" alt=\"164BCCD4-4010-46F4-8B91-32A30162BC22\" width=\"169\" height=\"300\" srcset=\"https:\/\/www.4h.se\/tanto\/wp-content\/uploads\/sites\/60\/2018\/04\/164BCCD4-4010-46F4-8B91-32A30162BC22-169x300.png 169w, https:\/\/www.4h.se\/tanto\/wp-content\/uploads\/sites\/60\/2018\/04\/164BCCD4-4010-46F4-8B91-32A30162BC22-84x150.png 84w, https:\/\/www.4h.se\/tanto\/wp-content\/uploads\/sites\/60\/2018\/04\/164BCCD4-4010-46F4-8B91-32A30162BC22-576x1024.png 576w, https:\/\/www.4h.se\/tanto\/wp-content\/uploads\/sites\/60\/2018\/04\/164BCCD4-4010-46F4-8B91-32A30162BC22.png 750w\" sizes=\"auto, (max-width: 169px) 100vw, 169px\" \/><\/a>[\/vc_column_text][\/vc_column][\/vc_row]<\/p>\n<\/div>","protected":false},"excerpt":{"rendered":"<p>[vc_row][vc_column][vc_column_text]4H:s matskola M\u00e5let med Matskolorna \u00e4r att ge barn och ungdomar kunskap om bra mat och motion p\u00e5 ett kul, l\u00e4rorikt och praktiskt s\u00e4tt.\u00a0 F\u00f6rhoppningsvis \u00e4r det s\u00e5 inspirerande att barnen f\u00e5r lite nya id\u00e9er som de forts\u00e4tter med hemma. Och vem vet \u2013 kanske kommer de hem med lite inspiration till sina f\u00f6r\u00e4ldrar. Syftet&nbsp; <a href=\"https:\/\/www.4h.se\/tanto\/aktiviteter\/4hs-matskola\/\">&hellip; Read more <i class=\"glyphicon glyphicon-arrow-right\"><\/i><\/a><\/p>\n","protected":false},"author":30,"featured_media":0,"parent":246,"menu_order":0,"comment_status":"closed","ping_status":"closed","template":"","meta":{"_acf_changed":false,"footnotes":""},"class_list":["post-409","page","type-page","status-publish","hentry"],"acf":[],"yoast_head":"<!-- This site is optimized with the Yoast SEO plugin v27.5 - https:\/\/yoast.com\/product\/yoast-seo-wordpress\/ -->\n<title>4H:s matskola - Tanto 4H-klubb<\/title>\n<meta name=\"description\" content=\"M\u00e5let med Matskolorna \u00e4r att ge barn och ungdomar kunskap om bra mat och motion p\u00e5 ett kul, l\u00e4rorikt och praktiskt s\u00e4tt.\" \/>\n<meta name=\"robots\" content=\"index, follow, max-snippet:-1, max-image-preview:large, max-video-preview:-1\" \/>\n<link rel=\"canonical\" href=\"https:\/\/www.4h.se\/tanto\/aktiviteter\/4hs-matskola\/\" \/>\n<meta property=\"og:locale\" content=\"sv_SE\" \/>\n<meta property=\"og:type\" content=\"article\" \/>\n<meta property=\"og:title\" content=\"4H:s matskola - Tanto 4H-klubb\" \/>\n<meta property=\"og:description\" content=\"M\u00e5let med Matskolorna \u00e4r att ge barn och ungdomar kunskap om bra mat och motion p\u00e5 ett kul, l\u00e4rorikt och praktiskt s\u00e4tt.\" \/>\n<meta property=\"og:url\" content=\"https:\/\/www.4h.se\/tanto\/aktiviteter\/4hs-matskola\/\" \/>\n<meta property=\"og:site_name\" content=\"Tanto 4H-klubb\" \/>\n<meta property=\"article:modified_time\" content=\"2018-04-29T19:41:58+00:00\" \/>\n<meta property=\"og:image\" content=\"https:\/\/www.4h.se\/tanto\/wp-content\/uploads\/sites\/60\/2018\/04\/164BCCD4-4010-46F4-8B91-32A30162BC22.png\" \/>\n\t<meta property=\"og:image:width\" content=\"750\" \/>\n\t<meta property=\"og:image:height\" content=\"1334\" \/>\n\t<meta property=\"og:image:type\" content=\"image\/png\" \/>\n<meta name=\"twitter:card\" content=\"summary_large_image\" \/>\n<meta name=\"twitter:label1\" content=\"Ber\u00e4knad l\u00e4stid\" \/>\n\t<meta name=\"twitter:data1\" content=\"1 minut\" \/>\n<script type=\"application\/ld+json\" class=\"yoast-schema-graph\">{\"@context\":\"https:\\\/\\\/schema.org\",\"@graph\":[{\"@type\":\"WebPage\",\"@id\":\"https:\\\/\\\/www.4h.se\\\/tanto\\\/aktiviteter\\\/4hs-matskola\\\/\",\"url\":\"https:\\\/\\\/www.4h.se\\\/tanto\\\/aktiviteter\\\/4hs-matskola\\\/\",\"name\":\"4H:s matskola - Tanto 4H-klubb\",\"isPartOf\":{\"@id\":\"https:\\\/\\\/www.4h.se\\\/tanto\\\/#website\"},\"primaryImageOfPage\":{\"@id\":\"https:\\\/\\\/www.4h.se\\\/tanto\\\/aktiviteter\\\/4hs-matskola\\\/#primaryimage\"},\"image\":{\"@id\":\"https:\\\/\\\/www.4h.se\\\/tanto\\\/aktiviteter\\\/4hs-matskola\\\/#primaryimage\"},\"thumbnailUrl\":\"https:\\\/\\\/www.4h.se\\\/tanto\\\/wp-content\\\/uploads\\\/sites\\\/60\\\/2018\\\/04\\\/164BCCD4-4010-46F4-8B91-32A30162BC22-169x300.png\",\"datePublished\":\"2018-04-28T12:51:58+00:00\",\"dateModified\":\"2018-04-29T19:41:58+00:00\",\"description\":\"M\u00e5let med Matskolorna \u00e4r att ge barn och ungdomar kunskap om bra mat och motion p\u00e5 ett kul, l\u00e4rorikt och praktiskt s\u00e4tt.\",\"breadcrumb\":{\"@id\":\"https:\\\/\\\/www.4h.se\\\/tanto\\\/aktiviteter\\\/4hs-matskola\\\/#breadcrumb\"},\"inLanguage\":\"sv-SE\",\"potentialAction\":[{\"@type\":\"ReadAction\",\"target\":[\"https:\\\/\\\/www.4h.se\\\/tanto\\\/aktiviteter\\\/4hs-matskola\\\/\"]}]},{\"@type\":\"ImageObject\",\"inLanguage\":\"sv-SE\",\"@id\":\"https:\\\/\\\/www.4h.se\\\/tanto\\\/aktiviteter\\\/4hs-matskola\\\/#primaryimage\",\"url\":\"https:\\\/\\\/www.4h.se\\\/tanto\\\/wp-content\\\/uploads\\\/sites\\\/60\\\/2018\\\/04\\\/164BCCD4-4010-46F4-8B91-32A30162BC22.png\",\"contentUrl\":\"https:\\\/\\\/www.4h.se\\\/tanto\\\/wp-content\\\/uploads\\\/sites\\\/60\\\/2018\\\/04\\\/164BCCD4-4010-46F4-8B91-32A30162BC22.png\",\"width\":750,\"height\":1334},{\"@type\":\"BreadcrumbList\",\"@id\":\"https:\\\/\\\/www.4h.se\\\/tanto\\\/aktiviteter\\\/4hs-matskola\\\/#breadcrumb\",\"itemListElement\":[{\"@type\":\"ListItem\",\"position\":1,\"name\":\"Hem\",\"item\":\"https:\\\/\\\/www.4h.se\\\/tanto\\\/\"},{\"@type\":\"ListItem\",\"position\":2,\"name\":\"Aktiviteter\",\"item\":\"https:\\\/\\\/www.4h.se\\\/tanto\\\/aktiviteter\\\/\"},{\"@type\":\"ListItem\",\"position\":3,\"name\":\"4H:s matskola\"}]},{\"@type\":\"WebSite\",\"@id\":\"https:\\\/\\\/www.4h.se\\\/tanto\\\/#website\",\"url\":\"https:\\\/\\\/www.4h.se\\\/tanto\\\/\",\"name\":\"Tanto 4H-klubb\",\"description\":\"\",\"potentialAction\":[{\"@type\":\"SearchAction\",\"target\":{\"@type\":\"EntryPoint\",\"urlTemplate\":\"https:\\\/\\\/www.4h.se\\\/tanto\\\/?s={search_term_string}\"},\"query-input\":{\"@type\":\"PropertyValueSpecification\",\"valueRequired\":true,\"valueName\":\"search_term_string\"}}],\"inLanguage\":\"sv-SE\"}]}<\/script>\n<!-- \/ Yoast SEO plugin. -->","yoast_head_json":{"title":"4H:s matskola - Tanto 4H-klubb","description":"M\u00e5let med Matskolorna \u00e4r att ge barn och ungdomar kunskap om bra mat och motion p\u00e5 ett kul, l\u00e4rorikt och praktiskt s\u00e4tt.","robots":{"index":"index","follow":"follow","max-snippet":"max-snippet:-1","max-image-preview":"max-image-preview:large","max-video-preview":"max-video-preview:-1"},"canonical":"https:\/\/www.4h.se\/tanto\/aktiviteter\/4hs-matskola\/","og_locale":"sv_SE","og_type":"article","og_title":"4H:s matskola - Tanto 4H-klubb","og_description":"M\u00e5let med Matskolorna \u00e4r att ge barn och ungdomar kunskap om bra mat och motion p\u00e5 ett kul, l\u00e4rorikt och praktiskt s\u00e4tt.","og_url":"https:\/\/www.4h.se\/tanto\/aktiviteter\/4hs-matskola\/","og_site_name":"Tanto 4H-klubb","article_modified_time":"2018-04-29T19:41:58+00:00","og_image":[{"width":750,"height":1334,"url":"https:\/\/www.4h.se\/tanto\/wp-content\/uploads\/sites\/60\/2018\/04\/164BCCD4-4010-46F4-8B91-32A30162BC22.png","type":"image\/png"}],"twitter_card":"summary_large_image","twitter_misc":{"Ber\u00e4knad l\u00e4stid":"1 minut"},"schema":{"@context":"https:\/\/schema.org","@graph":[{"@type":"WebPage","@id":"https:\/\/www.4h.se\/tanto\/aktiviteter\/4hs-matskola\/","url":"https:\/\/www.4h.se\/tanto\/aktiviteter\/4hs-matskola\/","name":"4H:s matskola - Tanto 4H-klubb","isPartOf":{"@id":"https:\/\/www.4h.se\/tanto\/#website"},"primaryImageOfPage":{"@id":"https:\/\/www.4h.se\/tanto\/aktiviteter\/4hs-matskola\/#primaryimage"},"image":{"@id":"https:\/\/www.4h.se\/tanto\/aktiviteter\/4hs-matskola\/#primaryimage"},"thumbnailUrl":"https:\/\/www.4h.se\/tanto\/wp-content\/uploads\/sites\/60\/2018\/04\/164BCCD4-4010-46F4-8B91-32A30162BC22-169x300.png","datePublished":"2018-04-28T12:51:58+00:00","dateModified":"2018-04-29T19:41:58+00:00","description":"M\u00e5let med Matskolorna \u00e4r att ge barn och ungdomar kunskap om bra mat och motion p\u00e5 ett kul, l\u00e4rorikt och praktiskt s\u00e4tt.","breadcrumb":{"@id":"https:\/\/www.4h.se\/tanto\/aktiviteter\/4hs-matskola\/#breadcrumb"},"inLanguage":"sv-SE","potentialAction":[{"@type":"ReadAction","target":["https:\/\/www.4h.se\/tanto\/aktiviteter\/4hs-matskola\/"]}]},{"@type":"ImageObject","inLanguage":"sv-SE","@id":"https:\/\/www.4h.se\/tanto\/aktiviteter\/4hs-matskola\/#primaryimage","url":"https:\/\/www.4h.se\/tanto\/wp-content\/uploads\/sites\/60\/2018\/04\/164BCCD4-4010-46F4-8B91-32A30162BC22.png","contentUrl":"https:\/\/www.4h.se\/tanto\/wp-content\/uploads\/sites\/60\/2018\/04\/164BCCD4-4010-46F4-8B91-32A30162BC22.png","width":750,"height":1334},{"@type":"BreadcrumbList","@id":"https:\/\/www.4h.se\/tanto\/aktiviteter\/4hs-matskola\/#breadcrumb","itemListElement":[{"@type":"ListItem","position":1,"name":"Hem","item":"https:\/\/www.4h.se\/tanto\/"},{"@type":"ListItem","position":2,"name":"Aktiviteter","item":"https:\/\/www.4h.se\/tanto\/aktiviteter\/"},{"@type":"ListItem","position":3,"name":"4H:s matskola"}]},{"@type":"WebSite","@id":"https:\/\/www.4h.se\/tanto\/#website","url":"https:\/\/www.4h.se\/tanto\/","name":"Tanto 4H-klubb","description":"","potentialAction":[{"@type":"SearchAction","target":{"@type":"EntryPoint","urlTemplate":"https:\/\/www.4h.se\/tanto\/?s={search_term_string}"},"query-input":{"@type":"PropertyValueSpecification","valueRequired":true,"valueName":"search_term_string"}}],"inLanguage":"sv-SE"}]}},"_links":{"self":[{"href":"https:\/\/www.4h.se\/tanto\/wp-json\/wp\/v2\/pages\/409","targetHints":{"allow":["GET"]}}],"collection":[{"href":"https:\/\/www.4h.se\/tanto\/wp-json\/wp\/v2\/pages"}],"about":[{"href":"https:\/\/www.4h.se\/tanto\/wp-json\/wp\/v2\/types\/page"}],"author":[{"embeddable":true,"href":"https:\/\/www.4h.se\/tanto\/wp-json\/wp\/v2\/users\/30"}],"replies":[{"embeddable":true,"href":"https:\/\/www.4h.se\/tanto\/wp-json\/wp\/v2\/comments?post=409"}],"version-history":[{"count":0,"href":"https:\/\/www.4h.se\/tanto\/wp-json\/wp\/v2\/pages\/409\/revisions"}],"up":[{"embeddable":true,"href":"https:\/\/www.4h.se\/tanto\/wp-json\/wp\/v2\/pages\/246"}],"wp:attachment":[{"href":"https:\/\/www.4h.se\/tanto\/wp-json\/wp\/v2\/media?parent=409"}],"curies":[{"name":"wp","href":"https:\/\/api.w.org\/{rel}","templated":true}]}}