



{"id":732,"date":"2020-01-28T13:10:31","date_gmt":"2020-01-28T12:10:31","guid":{"rendered":"https:\/\/www.4h.se\/tangahed\/?page_id=732"},"modified":"2024-08-18T19:25:35","modified_gmt":"2024-08-18T17:25:35","slug":"getterna-2","status":"publish","type":"page","link":"https:\/\/www.4h.se\/tangahed\/getterna-2\/","title":{"rendered":"Getterna"},"content":{"rendered":"<div class=\"wpb-content-wrapper\"><p>[vc_row][vc_column][vc_column_text]<\/p>\n<h1>Afrikanska dv\u00e4rgetter<\/h1>\n<p>P\u00e5 g\u00e5rden har vi fyra stycken getter av rasen Afrikanska dv\u00e4rggetter.<\/p>\n<p>De \u00e4r v\u00e4ldigt lekfulla och gillar att bli klappade av bes\u00f6kare.[\/vc_column_text][\/vc_column][\/vc_row][vc_row][vc_column width=&#8221;1\/3&#8243;][vc_single_image image=&#8221;735&#8243; img_size=&#8221;300*300&#8243; title=&#8221;Sigge&#8221;][vc_column_text]Bock f\u00f6dd -14<\/p>\n<p>Bott l\u00e4ngst p\u00e5 g\u00e5rden och gillar att bli kliad p\u00e5 huvudet[\/vc_column_text][\/vc_column][vc_column width=&#8221;1\/3&#8243;][vc_single_image image=&#8221;1130&#8243; img_size=&#8221;300*300&#8243; css=&#8221;&#8221; title=&#8221;Jones&#8221;][vc_column_text]Bock f\u00f6dd -18<\/p>\n<p>Kommer fr\u00e5n Bor\u00e5s djurpark.[\/vc_column_text][\/vc_column][vc_column width=&#8221;1\/3&#8243;][vc_single_image image=&#8221;737&#8243; img_size=&#8221;400*300&#8243; title=&#8221;Ingvar och Albert&#8221;][vc_column_text css=&#8221;&#8221;]<img loading=\"lazy\" decoding=\"async\" class=\"alignnone size-medium wp-image-1128\" src=\"https:\/\/www.4h.se\/tangahed\/wp-content\/uploads\/sites\/90\/2024\/07\/ingvar-225x300.jpg\" alt=\"\" width=\"225\" height=\"300\" srcset=\"https:\/\/www.4h.se\/tangahed\/wp-content\/uploads\/sites\/90\/2024\/07\/ingvar-225x300.jpg 225w, https:\/\/www.4h.se\/tangahed\/wp-content\/uploads\/sites\/90\/2024\/07\/ingvar-768x1024.jpg 768w, https:\/\/www.4h.se\/tangahed\/wp-content\/uploads\/sites\/90\/2024\/07\/ingvar-113x150.jpg 113w, https:\/\/www.4h.se\/tangahed\/wp-content\/uploads\/sites\/90\/2024\/07\/ingvar-1152x1536.jpg 1152w, https:\/\/www.4h.se\/tangahed\/wp-content\/uploads\/sites\/90\/2024\/07\/ingvar.jpg 1536w\" sizes=\"auto, (max-width: 225px) 100vw, 225px\" \/><img loading=\"lazy\" decoding=\"async\" class=\"alignnone size-medium wp-image-1127\" src=\"https:\/\/www.4h.se\/tangahed\/wp-content\/uploads\/sites\/90\/2024\/07\/Albert-225x300.jpg\" alt=\"\" width=\"225\" height=\"300\" srcset=\"https:\/\/www.4h.se\/tangahed\/wp-content\/uploads\/sites\/90\/2024\/07\/Albert-225x300.jpg 225w, https:\/\/www.4h.se\/tangahed\/wp-content\/uploads\/sites\/90\/2024\/07\/Albert-768x1024.jpg 768w, https:\/\/www.4h.se\/tangahed\/wp-content\/uploads\/sites\/90\/2024\/07\/Albert-113x150.jpg 113w, https:\/\/www.4h.se\/tangahed\/wp-content\/uploads\/sites\/90\/2024\/07\/Albert-1152x1536.jpg 1152w, https:\/\/www.4h.se\/tangahed\/wp-content\/uploads\/sites\/90\/2024\/07\/Albert.jpg 1536w\" sizes=\"auto, (max-width: 225px) 100vw, 225px\" \/><\/p>\n<p>Bockar f\u00f6dda -19 Flyttat hit fr\u00e5n Bor\u00e5s djurpark[\/vc_column_text][\/vc_column][\/vc_row][vc_row][vc_column][vc_column_text]<\/p>\n<h4 style=\"text-align: center\">Vill du bli fadder till n\u00e5gon av getterna?<\/h4>\n<p style=\"text-align: center\">Swisha d\u00e5 valfri summa till:<\/p>\n<p>&nbsp;<\/p>\n<h4 style=\"text-align: center\"><strong>123\u00a0099 17 45<\/strong><\/h4>\n<p style=\"text-align: center\">Gl\u00f6m inte m\u00e4rka inbetalningen med<\/p>\n<p style=\"text-align: center\">\u201cGetens namn\u201d<\/p>\n<p>&nbsp;<\/p>\n<p style=\"text-align: center\">\n<p>[\/vc_column_text][\/vc_column][\/vc_row]<\/p>\n<\/div>","protected":false},"excerpt":{"rendered":"<p>[vc_row][vc_column][vc_column_text] Afrikanska dv\u00e4rgetter P\u00e5 g\u00e5rden har vi fyra stycken getter av rasen Afrikanska dv\u00e4rggetter. De \u00e4r v\u00e4ldigt lekfulla och gillar att bli klappade av bes\u00f6kare.[\/vc_column_text][\/vc_column][\/vc_row][vc_row][vc_column width=&#8221;1\/3&#8243;][vc_single_image image=&#8221;735&#8243; img_size=&#8221;300*300&#8243; title=&#8221;Sigge&#8221;][vc_column_text]Bock f\u00f6dd -14 Bott l\u00e4ngst p\u00e5 g\u00e5rden och gillar att bli kliad p\u00e5 huvudet[\/vc_column_text][\/vc_column][vc_column width=&#8221;1\/3&#8243;][vc_single_image image=&#8221;1130&#8243; img_size=&#8221;300*300&#8243; css=&#8221;&#8221; title=&#8221;Jones&#8221;][vc_column_text]Bock f\u00f6dd -18 Kommer fr\u00e5n Bor\u00e5s djurpark.[\/vc_column_text][\/vc_column][vc_column width=&#8221;1\/3&#8243;][vc_single_image image=&#8221;737&#8243;&nbsp; <a href=\"https:\/\/www.4h.se\/tangahed\/getterna-2\/\">&hellip; Read more <i class=\"glyphicon glyphicon-arrow-right\"><\/i><\/a><\/p>\n","protected":false},"author":167,"featured_media":0,"parent":0,"menu_order":78,"comment_status":"closed","ping_status":"closed","template":"","meta":{"_acf_changed":false,"footnotes":""},"class_list":["post-732","page","type-page","status-publish","hentry"],"acf":[],"yoast_head":"<!-- This site is optimized with the Yoast SEO plugin v27.5 - https:\/\/yoast.com\/product\/yoast-seo-wordpress\/ -->\n<title>Getterna - T\u00e5nga Heds 4H-g\u00e5rd<\/title>\n<meta name=\"robots\" content=\"index, follow, max-snippet:-1, max-image-preview:large, max-video-preview:-1\" \/>\n<link rel=\"canonical\" href=\"https:\/\/www.4h.se\/tangahed\/getterna-2\/\" \/>\n<meta property=\"og:locale\" content=\"sv_SE\" \/>\n<meta property=\"og:type\" content=\"article\" \/>\n<meta property=\"og:title\" content=\"Getterna - T\u00e5nga Heds 4H-g\u00e5rd\" \/>\n<meta property=\"og:description\" content=\"[vc_row][vc_column][vc_column_text] Afrikanska dv\u00e4rgetter P\u00e5 g\u00e5rden har vi fyra stycken getter av rasen Afrikanska dv\u00e4rggetter. De \u00e4r v\u00e4ldigt lekfulla och gillar att bli klappade av bes\u00f6kare.[\/vc_column_text][\/vc_column][\/vc_row][vc_row][vc_column width=&#8221;1\/3&#8243;][vc_single_image image=&#8221;735&#8243; img_size=&#8221;300*300&#8243; title=&#8221;Sigge&#8221;][vc_column_text]Bock f\u00f6dd -14 Bott l\u00e4ngst p\u00e5 g\u00e5rden och gillar att bli kliad p\u00e5 huvudet[\/vc_column_text][\/vc_column][vc_column width=&#8221;1\/3&#8243;][vc_single_image image=&#8221;1130&#8243; img_size=&#8221;300*300&#8243; css=&#8221;&#8221; title=&#8221;Jones&#8221;][vc_column_text]Bock f\u00f6dd -18 Kommer fr\u00e5n Bor\u00e5s djurpark.[\/vc_column_text][\/vc_column][vc_column width=&#8221;1\/3&#8243;][vc_single_image image=&#8221;737&#8243;&nbsp; &hellip; Read more\" \/>\n<meta property=\"og:url\" content=\"https:\/\/www.4h.se\/tangahed\/getterna-2\/\" \/>\n<meta property=\"og:site_name\" content=\"T\u00e5nga Heds 4H-g\u00e5rd\" \/>\n<meta property=\"article:modified_time\" content=\"2024-08-18T17:25:35+00:00\" \/>\n<meta property=\"og:image\" content=\"https:\/\/www.4h.se\/tangahed\/wp-content\/uploads\/sites\/90\/2024\/07\/ingvar-225x300.jpg\" \/>\n<meta name=\"twitter:card\" content=\"summary_large_image\" \/>\n<meta name=\"twitter:label1\" content=\"Ber\u00e4knad l\u00e4stid\" \/>\n\t<meta name=\"twitter:data1\" content=\"1 minut\" \/>\n<script type=\"application\/ld+json\" class=\"yoast-schema-graph\">{\"@context\":\"https:\\\/\\\/schema.org\",\"@graph\":[{\"@type\":\"WebPage\",\"@id\":\"https:\\\/\\\/www.4h.se\\\/tangahed\\\/getterna-2\\\/\",\"url\":\"https:\\\/\\\/www.4h.se\\\/tangahed\\\/getterna-2\\\/\",\"name\":\"Getterna - T\u00e5nga Heds 4H-g\u00e5rd\",\"isPartOf\":{\"@id\":\"https:\\\/\\\/www.4h.se\\\/tangahed\\\/#website\"},\"primaryImageOfPage\":{\"@id\":\"https:\\\/\\\/www.4h.se\\\/tangahed\\\/getterna-2\\\/#primaryimage\"},\"image\":{\"@id\":\"https:\\\/\\\/www.4h.se\\\/tangahed\\\/getterna-2\\\/#primaryimage\"},\"thumbnailUrl\":\"https:\\\/\\\/www.4h.se\\\/tangahed\\\/wp-content\\\/uploads\\\/sites\\\/90\\\/2024\\\/07\\\/ingvar-225x300.jpg\",\"datePublished\":\"2020-01-28T12:10:31+00:00\",\"dateModified\":\"2024-08-18T17:25:35+00:00\",\"breadcrumb\":{\"@id\":\"https:\\\/\\\/www.4h.se\\\/tangahed\\\/getterna-2\\\/#breadcrumb\"},\"inLanguage\":\"sv-SE\",\"potentialAction\":[{\"@type\":\"ReadAction\",\"target\":[\"https:\\\/\\\/www.4h.se\\\/tangahed\\\/getterna-2\\\/\"]}]},{\"@type\":\"ImageObject\",\"inLanguage\":\"sv-SE\",\"@id\":\"https:\\\/\\\/www.4h.se\\\/tangahed\\\/getterna-2\\\/#primaryimage\",\"url\":\"https:\\\/\\\/www.4h.se\\\/tangahed\\\/wp-content\\\/uploads\\\/sites\\\/90\\\/2024\\\/07\\\/ingvar.jpg\",\"contentUrl\":\"https:\\\/\\\/www.4h.se\\\/tangahed\\\/wp-content\\\/uploads\\\/sites\\\/90\\\/2024\\\/07\\\/ingvar.jpg\",\"width\":1536,\"height\":2048},{\"@type\":\"BreadcrumbList\",\"@id\":\"https:\\\/\\\/www.4h.se\\\/tangahed\\\/getterna-2\\\/#breadcrumb\",\"itemListElement\":[{\"@type\":\"ListItem\",\"position\":1,\"name\":\"Hem\",\"item\":\"https:\\\/\\\/www.4h.se\\\/tangahed\\\/\"},{\"@type\":\"ListItem\",\"position\":2,\"name\":\"Getterna\"}]},{\"@type\":\"WebSite\",\"@id\":\"https:\\\/\\\/www.4h.se\\\/tangahed\\\/#website\",\"url\":\"https:\\\/\\\/www.4h.se\\\/tangahed\\\/\",\"name\":\"T\u00e5nga Heds 4H-g\u00e5rd\",\"description\":\"\",\"potentialAction\":[{\"@type\":\"SearchAction\",\"target\":{\"@type\":\"EntryPoint\",\"urlTemplate\":\"https:\\\/\\\/www.4h.se\\\/tangahed\\\/?s={search_term_string}\"},\"query-input\":{\"@type\":\"PropertyValueSpecification\",\"valueRequired\":true,\"valueName\":\"search_term_string\"}}],\"inLanguage\":\"sv-SE\"}]}<\/script>\n<!-- \/ Yoast SEO plugin. -->","yoast_head_json":{"title":"Getterna - T\u00e5nga Heds 4H-g\u00e5rd","robots":{"index":"index","follow":"follow","max-snippet":"max-snippet:-1","max-image-preview":"max-image-preview:large","max-video-preview":"max-video-preview:-1"},"canonical":"https:\/\/www.4h.se\/tangahed\/getterna-2\/","og_locale":"sv_SE","og_type":"article","og_title":"Getterna - T\u00e5nga Heds 4H-g\u00e5rd","og_description":"[vc_row][vc_column][vc_column_text] Afrikanska dv\u00e4rgetter P\u00e5 g\u00e5rden har vi fyra stycken getter av rasen Afrikanska dv\u00e4rggetter. De \u00e4r v\u00e4ldigt lekfulla och gillar att bli klappade av bes\u00f6kare.[\/vc_column_text][\/vc_column][\/vc_row][vc_row][vc_column width=&#8221;1\/3&#8243;][vc_single_image image=&#8221;735&#8243; img_size=&#8221;300*300&#8243; title=&#8221;Sigge&#8221;][vc_column_text]Bock f\u00f6dd -14 Bott l\u00e4ngst p\u00e5 g\u00e5rden och gillar att bli kliad p\u00e5 huvudet[\/vc_column_text][\/vc_column][vc_column width=&#8221;1\/3&#8243;][vc_single_image image=&#8221;1130&#8243; img_size=&#8221;300*300&#8243; css=&#8221;&#8221; title=&#8221;Jones&#8221;][vc_column_text]Bock f\u00f6dd -18 Kommer fr\u00e5n Bor\u00e5s djurpark.[\/vc_column_text][\/vc_column][vc_column width=&#8221;1\/3&#8243;][vc_single_image image=&#8221;737&#8243;&nbsp; &hellip; Read more","og_url":"https:\/\/www.4h.se\/tangahed\/getterna-2\/","og_site_name":"T\u00e5nga Heds 4H-g\u00e5rd","article_modified_time":"2024-08-18T17:25:35+00:00","og_image":[{"url":"https:\/\/www.4h.se\/tangahed\/wp-content\/uploads\/sites\/90\/2024\/07\/ingvar-225x300.jpg","type":"","width":"","height":""}],"twitter_card":"summary_large_image","twitter_misc":{"Ber\u00e4knad l\u00e4stid":"1 minut"},"schema":{"@context":"https:\/\/schema.org","@graph":[{"@type":"WebPage","@id":"https:\/\/www.4h.se\/tangahed\/getterna-2\/","url":"https:\/\/www.4h.se\/tangahed\/getterna-2\/","name":"Getterna - T\u00e5nga Heds 4H-g\u00e5rd","isPartOf":{"@id":"https:\/\/www.4h.se\/tangahed\/#website"},"primaryImageOfPage":{"@id":"https:\/\/www.4h.se\/tangahed\/getterna-2\/#primaryimage"},"image":{"@id":"https:\/\/www.4h.se\/tangahed\/getterna-2\/#primaryimage"},"thumbnailUrl":"https:\/\/www.4h.se\/tangahed\/wp-content\/uploads\/sites\/90\/2024\/07\/ingvar-225x300.jpg","datePublished":"2020-01-28T12:10:31+00:00","dateModified":"2024-08-18T17:25:35+00:00","breadcrumb":{"@id":"https:\/\/www.4h.se\/tangahed\/getterna-2\/#breadcrumb"},"inLanguage":"sv-SE","potentialAction":[{"@type":"ReadAction","target":["https:\/\/www.4h.se\/tangahed\/getterna-2\/"]}]},{"@type":"ImageObject","inLanguage":"sv-SE","@id":"https:\/\/www.4h.se\/tangahed\/getterna-2\/#primaryimage","url":"https:\/\/www.4h.se\/tangahed\/wp-content\/uploads\/sites\/90\/2024\/07\/ingvar.jpg","contentUrl":"https:\/\/www.4h.se\/tangahed\/wp-content\/uploads\/sites\/90\/2024\/07\/ingvar.jpg","width":1536,"height":2048},{"@type":"BreadcrumbList","@id":"https:\/\/www.4h.se\/tangahed\/getterna-2\/#breadcrumb","itemListElement":[{"@type":"ListItem","position":1,"name":"Hem","item":"https:\/\/www.4h.se\/tangahed\/"},{"@type":"ListItem","position":2,"name":"Getterna"}]},{"@type":"WebSite","@id":"https:\/\/www.4h.se\/tangahed\/#website","url":"https:\/\/www.4h.se\/tangahed\/","name":"T\u00e5nga Heds 4H-g\u00e5rd","description":"","potentialAction":[{"@type":"SearchAction","target":{"@type":"EntryPoint","urlTemplate":"https:\/\/www.4h.se\/tangahed\/?s={search_term_string}"},"query-input":{"@type":"PropertyValueSpecification","valueRequired":true,"valueName":"search_term_string"}}],"inLanguage":"sv-SE"}]}},"_links":{"self":[{"href":"https:\/\/www.4h.se\/tangahed\/wp-json\/wp\/v2\/pages\/732","targetHints":{"allow":["GET"]}}],"collection":[{"href":"https:\/\/www.4h.se\/tangahed\/wp-json\/wp\/v2\/pages"}],"about":[{"href":"https:\/\/www.4h.se\/tangahed\/wp-json\/wp\/v2\/types\/page"}],"author":[{"embeddable":true,"href":"https:\/\/www.4h.se\/tangahed\/wp-json\/wp\/v2\/users\/167"}],"replies":[{"embeddable":true,"href":"https:\/\/www.4h.se\/tangahed\/wp-json\/wp\/v2\/comments?post=732"}],"version-history":[{"count":0,"href":"https:\/\/www.4h.se\/tangahed\/wp-json\/wp\/v2\/pages\/732\/revisions"}],"wp:attachment":[{"href":"https:\/\/www.4h.se\/tangahed\/wp-json\/wp\/v2\/media?parent=732"}],"curies":[{"name":"wp","href":"https:\/\/api.w.org\/{rel}","templated":true}]}}