



{"id":414,"date":"2018-03-04T12:16:40","date_gmt":"2018-03-04T11:16:40","guid":{"rendered":"https:\/\/www.4h.se\/tangahed\/?page_id=414"},"modified":"2023-12-15T08:57:49","modified_gmt":"2023-12-15T07:57:49","slug":"lantgardslager","status":"publish","type":"page","link":"https:\/\/www.4h.se\/tangahed\/lantgardslager\/","title":{"rendered":"H\u00f6nsen"},"content":{"rendered":"<div class=\"wpb-content-wrapper\"><p>[vc_row][vc_column][vc_column_text]<\/p>\n<h1>Hedemora h\u00f6ns<\/h1>\n<p>En allmogeh\u00f6na fr\u00e5n Dalarna. Dessa h\u00f6ns har l\u00e5ng tradition som brudg\u00e5vor och har funnits p\u00e5 g\u00e5rdarna i Hedemoratrakten s\u00e5 l\u00e4nge man minns och kan ber\u00e4tta.<\/p>\n<p>Hedemorah\u00f6nan \u00e4r medelstor till storleken och finns i en m\u00e4ngd olika f\u00e4rgvarianter som olika kombinationer av svart, vitt, bl\u00e5tt och vild\/vete. Ocks\u00e5 f\u00e4rgen p\u00e5 kam, n\u00e4bb och ben varierar, ofta med inslag av svart eller bl\u00e5tt.<\/p>\n<p>Fj\u00e4derdr\u00e4kten \u00e4r mycket t\u00e4t och dunig, vilket f\u00f6rmodligen \u00e4r en anpassning till det nordliga klimat de levt i. L\u00e5ren \u00e4r s\u00e5 v\u00e4l befj\u00e4drade, att det ser ut som om de har stora duniga byxor p\u00e5 sig. Hos vissa djur \u00e4r \u00e4ven benen befj\u00e4drade, men detta \u00e4r lite ovanligare. Benen \u00e4r relativt korta. En annan anpassning som f\u00f6rmodligen gjort dem h\u00e4rdigare mot f\u00f6rfrysningar \u00e4r att de har l\u00e5g kam.<\/p>\n<p>Deras runda form och rika fj\u00e4derdr\u00e4kt g\u00f6r att de ser tyngre ut \u00e4n vad de faktiskt \u00e4r. H\u00f6norna v\u00e4ger 1,5 till 2 kg enligt rasramen, och tupparna v\u00e4ger 2 till 2,5 kg, ibland lite mer.<\/p>\n<p>Hedemorah\u00f6ns \u00e4r ofta lugna och or\u00e4dda. De har god ruvf\u00f6rm\u00e5ga (cirka 30\u201340 procent ruvar om m\u00f6jlighet ges), och de tar v\u00e4l hand om sina kycklingar. En icke ruvande h\u00f6na l\u00e4gger omkring 150 \u00e4gg per \u00e5r; \u00e4ggen v\u00e4ger 50\u201355 gram och skalf\u00e4rgen \u00e4r ljust brunaktig.[\/vc_column_text][\/vc_column][\/vc_row][vc_row][vc_column width=&#8221;1\/3&#8243;][vc_single_image image=&#8221;541&#8243; img_size=&#8221;200*300&#8243; title=&#8221;Tuppen stig&#8221;][\/vc_column][vc_column width=&#8221;1\/3&#8243;][vc_single_image image=&#8221;590&#8243; img_size=&#8221;200*300&#8243; title=&#8221;En av stigs damer&#8230;.&#8221;][\/vc_column][vc_column width=&#8221;1\/3&#8243;][vc_single_image image=&#8221;542&#8243; img_size=&#8221;large&#8221; title=&#8221;&#8230;fler damer&#8221;][\/vc_column][\/vc_row][vc_row][vc_column][vc_column_text]<\/p>\n<h4 style=\"text-align: center\">Vill du bli fadder till Tuppen Stig och hans damer?<\/p>\n<p>Swisha d\u00e5 valfri summa till:<\/p>\n<p>,<\/h4>\n<h4 style=\"text-align: center\"><strong>123\u00a0099 17 45<\/strong><\/h4>\n<p style=\"text-align: center\">Gl\u00f6m inte m\u00e4rka inbetalningen med<\/p>\n<p style=\"text-align: center\">\u201cTuppen stig\u201d<\/p>\n<p>&nbsp;<\/p>\n<p style=\"text-align: center\"><strong>Pengarna kommer att anv\u00e4ndas till utbyggnad av deras h\u00f6nsg\u00e5rd!<\/strong><\/p>\n<p>[\/vc_column_text][\/vc_column][\/vc_row]<\/p>\n<\/div>","protected":false},"excerpt":{"rendered":"<p>[vc_row][vc_column][vc_column_text] Hedemora h\u00f6ns En allmogeh\u00f6na fr\u00e5n Dalarna. Dessa h\u00f6ns har l\u00e5ng tradition som brudg\u00e5vor och har funnits p\u00e5 g\u00e5rdarna i Hedemoratrakten s\u00e5 l\u00e4nge man minns och kan ber\u00e4tta. Hedemorah\u00f6nan \u00e4r medelstor till storleken och finns i en m\u00e4ngd olika f\u00e4rgvarianter som olika kombinationer av svart, vitt, bl\u00e5tt och vild\/vete. Ocks\u00e5 f\u00e4rgen p\u00e5 kam, n\u00e4bb och&nbsp; <a href=\"https:\/\/www.4h.se\/tangahed\/lantgardslager\/\">&hellip; Read more <i class=\"glyphicon glyphicon-arrow-right\"><\/i><\/a><\/p>\n","protected":false},"author":16,"featured_media":0,"parent":0,"menu_order":79,"comment_status":"closed","ping_status":"closed","template":"","meta":{"footnotes":""},"class_list":["post-414","page","type-page","status-publish","hentry"],"yoast_head":"<!-- This site is optimized with the Yoast SEO plugin v27.4 - https:\/\/yoast.com\/product\/yoast-seo-wordpress\/ -->\n<title>H\u00f6nsen - T\u00e5nga Heds 4H-g\u00e5rd<\/title>\n<meta name=\"robots\" content=\"index, follow, max-snippet:-1, max-image-preview:large, max-video-preview:-1\" \/>\n<link rel=\"canonical\" href=\"https:\/\/www.4h.se\/tangahed\/lantgardslager\/\" \/>\n<meta property=\"og:locale\" content=\"sv_SE\" \/>\n<meta property=\"og:type\" content=\"article\" \/>\n<meta property=\"og:title\" content=\"H\u00f6nsen - T\u00e5nga Heds 4H-g\u00e5rd\" \/>\n<meta property=\"og:description\" content=\"[vc_row][vc_column][vc_column_text] Hedemora h\u00f6ns En allmogeh\u00f6na fr\u00e5n Dalarna. Dessa h\u00f6ns har l\u00e5ng tradition som brudg\u00e5vor och har funnits p\u00e5 g\u00e5rdarna i Hedemoratrakten s\u00e5 l\u00e4nge man minns och kan ber\u00e4tta. Hedemorah\u00f6nan \u00e4r medelstor till storleken och finns i en m\u00e4ngd olika f\u00e4rgvarianter som olika kombinationer av svart, vitt, bl\u00e5tt och vild\/vete. Ocks\u00e5 f\u00e4rgen p\u00e5 kam, n\u00e4bb och&nbsp; &hellip; Read more\" \/>\n<meta property=\"og:url\" content=\"https:\/\/www.4h.se\/tangahed\/lantgardslager\/\" \/>\n<meta property=\"og:site_name\" content=\"T\u00e5nga Heds 4H-g\u00e5rd\" \/>\n<meta property=\"article:modified_time\" content=\"2023-12-15T07:57:49+00:00\" \/>\n<meta name=\"twitter:card\" content=\"summary_large_image\" \/>\n<meta name=\"twitter:label1\" content=\"Ber\u00e4knad l\u00e4stid\" \/>\n\t<meta name=\"twitter:data1\" content=\"2 minuter\" \/>\n<script type=\"application\/ld+json\" class=\"yoast-schema-graph\">{\"@context\":\"https:\\\/\\\/schema.org\",\"@graph\":[{\"@type\":\"WebPage\",\"@id\":\"https:\\\/\\\/www.4h.se\\\/tangahed\\\/lantgardslager\\\/\",\"url\":\"https:\\\/\\\/www.4h.se\\\/tangahed\\\/lantgardslager\\\/\",\"name\":\"H\u00f6nsen - T\u00e5nga Heds 4H-g\u00e5rd\",\"isPartOf\":{\"@id\":\"https:\\\/\\\/www.4h.se\\\/tangahed\\\/#website\"},\"datePublished\":\"2018-03-04T11:16:40+00:00\",\"dateModified\":\"2023-12-15T07:57:49+00:00\",\"breadcrumb\":{\"@id\":\"https:\\\/\\\/www.4h.se\\\/tangahed\\\/lantgardslager\\\/#breadcrumb\"},\"inLanguage\":\"sv-SE\",\"potentialAction\":[{\"@type\":\"ReadAction\",\"target\":[\"https:\\\/\\\/www.4h.se\\\/tangahed\\\/lantgardslager\\\/\"]}]},{\"@type\":\"BreadcrumbList\",\"@id\":\"https:\\\/\\\/www.4h.se\\\/tangahed\\\/lantgardslager\\\/#breadcrumb\",\"itemListElement\":[{\"@type\":\"ListItem\",\"position\":1,\"name\":\"Hem\",\"item\":\"https:\\\/\\\/www.4h.se\\\/tangahed\\\/\"},{\"@type\":\"ListItem\",\"position\":2,\"name\":\"H\u00f6nsen\"}]},{\"@type\":\"WebSite\",\"@id\":\"https:\\\/\\\/www.4h.se\\\/tangahed\\\/#website\",\"url\":\"https:\\\/\\\/www.4h.se\\\/tangahed\\\/\",\"name\":\"T\u00e5nga Heds 4H-g\u00e5rd\",\"description\":\"\",\"potentialAction\":[{\"@type\":\"SearchAction\",\"target\":{\"@type\":\"EntryPoint\",\"urlTemplate\":\"https:\\\/\\\/www.4h.se\\\/tangahed\\\/?s={search_term_string}\"},\"query-input\":{\"@type\":\"PropertyValueSpecification\",\"valueRequired\":true,\"valueName\":\"search_term_string\"}}],\"inLanguage\":\"sv-SE\"}]}<\/script>\n<!-- \/ Yoast SEO plugin. -->","yoast_head_json":{"title":"H\u00f6nsen - T\u00e5nga Heds 4H-g\u00e5rd","robots":{"index":"index","follow":"follow","max-snippet":"max-snippet:-1","max-image-preview":"max-image-preview:large","max-video-preview":"max-video-preview:-1"},"canonical":"https:\/\/www.4h.se\/tangahed\/lantgardslager\/","og_locale":"sv_SE","og_type":"article","og_title":"H\u00f6nsen - T\u00e5nga Heds 4H-g\u00e5rd","og_description":"[vc_row][vc_column][vc_column_text] Hedemora h\u00f6ns En allmogeh\u00f6na fr\u00e5n Dalarna. Dessa h\u00f6ns har l\u00e5ng tradition som brudg\u00e5vor och har funnits p\u00e5 g\u00e5rdarna i Hedemoratrakten s\u00e5 l\u00e4nge man minns och kan ber\u00e4tta. Hedemorah\u00f6nan \u00e4r medelstor till storleken och finns i en m\u00e4ngd olika f\u00e4rgvarianter som olika kombinationer av svart, vitt, bl\u00e5tt och vild\/vete. Ocks\u00e5 f\u00e4rgen p\u00e5 kam, n\u00e4bb och&nbsp; &hellip; Read more","og_url":"https:\/\/www.4h.se\/tangahed\/lantgardslager\/","og_site_name":"T\u00e5nga Heds 4H-g\u00e5rd","article_modified_time":"2023-12-15T07:57:49+00:00","twitter_card":"summary_large_image","twitter_misc":{"Ber\u00e4knad l\u00e4stid":"2 minuter"},"schema":{"@context":"https:\/\/schema.org","@graph":[{"@type":"WebPage","@id":"https:\/\/www.4h.se\/tangahed\/lantgardslager\/","url":"https:\/\/www.4h.se\/tangahed\/lantgardslager\/","name":"H\u00f6nsen - T\u00e5nga Heds 4H-g\u00e5rd","isPartOf":{"@id":"https:\/\/www.4h.se\/tangahed\/#website"},"datePublished":"2018-03-04T11:16:40+00:00","dateModified":"2023-12-15T07:57:49+00:00","breadcrumb":{"@id":"https:\/\/www.4h.se\/tangahed\/lantgardslager\/#breadcrumb"},"inLanguage":"sv-SE","potentialAction":[{"@type":"ReadAction","target":["https:\/\/www.4h.se\/tangahed\/lantgardslager\/"]}]},{"@type":"BreadcrumbList","@id":"https:\/\/www.4h.se\/tangahed\/lantgardslager\/#breadcrumb","itemListElement":[{"@type":"ListItem","position":1,"name":"Hem","item":"https:\/\/www.4h.se\/tangahed\/"},{"@type":"ListItem","position":2,"name":"H\u00f6nsen"}]},{"@type":"WebSite","@id":"https:\/\/www.4h.se\/tangahed\/#website","url":"https:\/\/www.4h.se\/tangahed\/","name":"T\u00e5nga Heds 4H-g\u00e5rd","description":"","potentialAction":[{"@type":"SearchAction","target":{"@type":"EntryPoint","urlTemplate":"https:\/\/www.4h.se\/tangahed\/?s={search_term_string}"},"query-input":{"@type":"PropertyValueSpecification","valueRequired":true,"valueName":"search_term_string"}}],"inLanguage":"sv-SE"}]}},"_links":{"self":[{"href":"https:\/\/www.4h.se\/tangahed\/wp-json\/wp\/v2\/pages\/414","targetHints":{"allow":["GET"]}}],"collection":[{"href":"https:\/\/www.4h.se\/tangahed\/wp-json\/wp\/v2\/pages"}],"about":[{"href":"https:\/\/www.4h.se\/tangahed\/wp-json\/wp\/v2\/types\/page"}],"author":[{"embeddable":true,"href":"https:\/\/www.4h.se\/tangahed\/wp-json\/wp\/v2\/users\/16"}],"replies":[{"embeddable":true,"href":"https:\/\/www.4h.se\/tangahed\/wp-json\/wp\/v2\/comments?post=414"}],"version-history":[{"count":0,"href":"https:\/\/www.4h.se\/tangahed\/wp-json\/wp\/v2\/pages\/414\/revisions"}],"wp:attachment":[{"href":"https:\/\/www.4h.se\/tangahed\/wp-json\/wp\/v2\/media?parent=414"}],"curies":[{"name":"wp","href":"https:\/\/api.w.org\/{rel}","templated":true}]}}