



{"id":39,"date":"2014-12-09T20:10:35","date_gmt":"2014-12-09T19:10:35","guid":{"rendered":"http:\/\/www.4h.se\/rix16\/?page_id=39"},"modified":"2026-02-01T15:15:03","modified_gmt":"2026-02-01T14:15:03","slug":"hem","status":"publish","type":"page","link":"https:\/\/www.4h.se\/tangahed\/","title":{"rendered":"Startsida"},"content":{"rendered":"<div class=\"wpb-content-wrapper\"><p>[vc_row][vc_column width=&#8221;2\/3&#8243;][vc_tta_pageable][vc_tta_section title=&#8221;Sektion. 1&#8243; tab_id=&#8221;1550426648527-f46d4c9b-946f&#8221;][vc_column_text]<\/p>\n<h1>V\u00e4lkomna till T\u00e5nga Heds 4H-g\u00e5rd<\/h1>\n<p>Till oss p\u00e5 T\u00e5nga Heds 4H-g\u00e5rd \u00e4r du v\u00e4lkommen p\u00e5 bes\u00f6k n\u00e4r det passar dig b\u00e4st. G\u00e5rden \u00e4r \u00f6ppen alla dagar om \u00e5ret och du \u00e4r v\u00e4lkommen att njuta av omgivningarna och h\u00e4lsa p\u00e5 djuren!<\/p>\n<p>Du \u00e4r allts\u00e5 v\u00e4lkommen att p\u00e5 egen hand titta p\u00e5 djuren i v\u00e5ra olika hagar och h\u00e4gn \u00e4ven n\u00e4r g\u00e5rden \u00e4r obemannad.\u00a0T\u00e5nga Heds 4H g\u00e5rd drivs av ideella krafter precis som m\u00e5nga andra f\u00f6reningar i v\u00e5r kommun och i andra kommuner vilket g\u00f6r att \u00f6ppettiderna \u00e4r styrda till n\u00e4r aktiviteter p\u00e5g\u00e5r eller volont\u00e4rer finns p\u00e5 plats.<\/p>\n<p>V\u00e5r g\u00e5rd ligger i utkanten av V\u00e5rg\u00e5rda i det natursk\u00f6na omr\u00e5det T\u00e5nga Hed. Det tar bara 10-15 minuter att g\u00e5 fr\u00e5n g\u00e5rden till centrala V\u00e5rg\u00e5rda.<\/p>\n<p align=\"left\"><strong>P\u00e5 g\u00e5rden<\/strong>\u00a0kan du h\u00e4lsa p\u00e5 djuren, leka i tr\u00e4dg\u00e5rden och grilla.<\/p>\n<p align=\"left\"><strong>I g\u00e5rdshuset\u00a0<\/strong>kan du \u00f6vernatta privat, med skolklassen, kompisg\u00e4nget eller kollegorna eller ha dagsaktiviteter s\u00e5 som barnkalas och m\u00f6ten.<\/p>\n<p align=\"left\">Hundar \u00e4r v\u00e4lkomna till oss men ska h\u00e5llas kopplade.<\/p>\n<p>V\u00e4lkomna till T\u00e5nga Heds 4H-g\u00e5rd!<\/p>\n<h1>4H:s vision<\/h1>\n<p><strong><em>4H:s vision \u00e4r att alla barn och ungdomar ska utvecklas till engagerade, v\u00e4lm\u00e5ende och ansvarstagande m\u00e4nniskor med respekt f\u00f6r omv\u00e4rlden.<\/em><\/strong>[\/vc_column_text][\/vc_tta_section][vc_tta_section title=&#8221;Sektion. 2&#8243; tab_id=&#8221;1550426648530-fd970723-d660&#8243;][\/vc_tta_section][\/vc_tta_pageable][\/vc_column][vc_column width=&#8221;1\/3&#8243;][vc_single_image image=&#8221;622&#8243;][vc_column_text css=&#8221;&#8221;]<\/p>\n<h3>Dags f\u00f6r \u00e5rsm\u00f6te!<\/h3>\n<p>S\u00f6ndagen den 22 februari kl. 15.00 bjuder vi in dig som \u00e4r medlem till \u00e5rsm\u00f6te.<\/p>\n<p>Det bjuds p\u00e5 v\u00e5ffelbuff\u00e9 efter \u00e5rsm\u00f6teshandlingarna och sedan finns m\u00f6jlighet att utmana varandra i spel.<\/p>\n<p>&nbsp;[\/vc_column_text][vc_row_inner css=&#8221;.vc_custom_1580504776435{background-color: #ffffff !important;}&#8221;][vc_column_inner css=&#8221;.vc_custom_1580504725678{background-color: #ffffff !important;}&#8221;][vc_gmaps link=&#8221;#E-8_JTNDaWZyYW1lJTIwc3JjJTNEJTIyaHR0cHMlM0ElMkYlMkZ3d3cuZmFjZWJvb2suY29tJTJGcGx1Z2lucyUyRnBhZ2UucGhwJTNGaHJlZiUzRGh0dHBzJTI1M0ElMjUyRiUyNTJGd3d3LmZhY2Vib29rLmNvbSUyNTJGdGFuZ2FoZWRzNGhnYXJkJTI1MkYlMjZ0YWJzJTNEdGltZWxpbmUlMjZ3aWR0aCUzRDI4MCUyNmhlaWdodCUzRDYwMCUyNnNtYWxsX2hlYWRlciUzRHRydWUlMjZhZGFwdF9jb250YWluZXJfd2lkdGglM0R0cnVlJTI2aGlkZV9jb3ZlciUzRGZhbHNlJTI2c2hvd19mYWNlcGlsZSUzRGZhbHNlJTI2YXBwSWQlMjIlMjB3aWR0aCUzRCUyMjI4MCUyMiUyMGhlaWdodCUzRCUyMjYwMCUyMiUyMHN0eWxlJTNEJTIyYm9yZGVyJTNBbm9uZSUzQm92ZXJmbG93JTNBaGlkZGVuJTIyJTIwc2Nyb2xsaW5nJTNEJTIybm8lMjIlMjBmcmFtZWJvcmRlciUzRCUyMjAlMjIlMjBhbGxvd1RyYW5zcGFyZW5jeSUzRCUyMnRydWUlMjIlMjBhbGxvdyUzRCUyMmVuY3J5cHRlZC1tZWRpYSUyMiUzRSUzQyUyRmlmcmFtZSUzRQ==&#8221; css=&#8221;.vc_custom_1580504800406{background-color: #ffffff !important;}&#8221;][\/vc_column_inner][\/vc_row_inner][vc_column_text][\/vc_column_text][vc_column_text][\/vc_column_text][vc_column_text css=&#8221;&#8221;]<\/p>\n<h2>V\u00e5ra sponsorer<\/h2>\n<p><a href=\"http:\/\/tjtransport.se\/\"><img loading=\"lazy\" decoding=\"async\" class=\"alignnone size-medium wp-image-664\" src=\"https:\/\/www.4h.se\/tangahed\/wp-content\/uploads\/sites\/90\/2018\/03\/cid_12571925-A599-4CF2-A171-0BA74A3D4B6B@lan-409x300.jpg\" alt=\"!cid_12571925-A599-4CF2-A171-0BA74A3D4B6B@lan\" width=\"409\" height=\"300\" srcset=\"https:\/\/www.4h.se\/tangahed\/wp-content\/uploads\/sites\/90\/2018\/03\/cid_12571925-A599-4CF2-A171-0BA74A3D4B6B@lan-409x300.jpg 409w, https:\/\/www.4h.se\/tangahed\/wp-content\/uploads\/sites\/90\/2018\/03\/cid_12571925-A599-4CF2-A171-0BA74A3D4B6B@lan-170x125.jpg 170w, https:\/\/www.4h.se\/tangahed\/wp-content\/uploads\/sites\/90\/2018\/03\/cid_12571925-A599-4CF2-A171-0BA74A3D4B6B@lan.jpg 594w\" sizes=\"auto, (max-width: 409px) 100vw, 409px\" \/><\/a><\/p>\n<p>&nbsp;<\/p>\n<p><a href=\"https:\/\/www.rydlersbygg.se\/\"><img loading=\"lazy\" decoding=\"async\" class=\"alignnone size-medium wp-image-669\" src=\"https:\/\/www.4h.se\/tangahed\/wp-content\/uploads\/sites\/90\/2018\/03\/Rydlers_logga-460x300.png\" alt=\"Rydlers_logga\" width=\"460\" height=\"300\" srcset=\"https:\/\/www.4h.se\/tangahed\/wp-content\/uploads\/sites\/90\/2018\/03\/Rydlers_logga-460x300.png 460w, https:\/\/www.4h.se\/tangahed\/wp-content\/uploads\/sites\/90\/2018\/03\/Rydlers_logga-170x111.png 170w, https:\/\/www.4h.se\/tangahed\/wp-content\/uploads\/sites\/90\/2018\/03\/Rydlers_logga-970x633.png 970w, https:\/\/www.4h.se\/tangahed\/wp-content\/uploads\/sites\/90\/2018\/03\/Rydlers_logga.png 1901w\" sizes=\"auto, (max-width: 460px) 100vw, 460px\" \/><\/a><\/p>\n<p>&nbsp;<\/p>\n<p><img loading=\"lazy\" decoding=\"async\" class=\"alignnone size-medium wp-image-666\" src=\"https:\/\/www.4h.se\/tangahed\/wp-content\/uploads\/sites\/90\/2018\/03\/Broson-allm\u00e4n-f\u00e4rg1-470x120.jpg\" alt=\"Broson allm\u00e4n f\u00e4rg\" width=\"470\" height=\"120\" srcset=\"https:\/\/www.4h.se\/tangahed\/wp-content\/uploads\/sites\/90\/2018\/03\/Broson-allm\u00e4n-f\u00e4rg1-470x120.jpg 470w, https:\/\/www.4h.se\/tangahed\/wp-content\/uploads\/sites\/90\/2018\/03\/Broson-allm\u00e4n-f\u00e4rg1-170x43.jpg 170w, https:\/\/www.4h.se\/tangahed\/wp-content\/uploads\/sites\/90\/2018\/03\/Broson-allm\u00e4n-f\u00e4rg1-970x247.jpg 970w\" sizes=\"auto, (max-width: 470px) 100vw, 470px\" \/><\/p>\n<p>&nbsp;<\/p>\n<p><a href=\"https:\/\/www.4h.se\/tangahed\/wp-content\/uploads\/sites\/90\/2018\/03\/A-LEGO-Orginal1.jpg\"><img loading=\"lazy\" decoding=\"async\" class=\"alignnone size-medium wp-image-665\" src=\"https:\/\/www.4h.se\/tangahed\/wp-content\/uploads\/sites\/90\/2018\/03\/A-LEGO-Orginal1-470x134.jpg\" alt=\"A-LEGO Orginal\" width=\"470\" height=\"134\" srcset=\"https:\/\/www.4h.se\/tangahed\/wp-content\/uploads\/sites\/90\/2018\/03\/A-LEGO-Orginal1-470x134.jpg 470w, https:\/\/www.4h.se\/tangahed\/wp-content\/uploads\/sites\/90\/2018\/03\/A-LEGO-Orginal1-170x48.jpg 170w, https:\/\/www.4h.se\/tangahed\/wp-content\/uploads\/sites\/90\/2018\/03\/A-LEGO-Orginal1-970x276.jpg 970w, https:\/\/www.4h.se\/tangahed\/wp-content\/uploads\/sites\/90\/2018\/03\/A-LEGO-Orginal1.jpg 1045w\" sizes=\"auto, (max-width: 470px) 100vw, 470px\" \/><\/a><\/p>\n<p>&nbsp;<\/p>\n<p>&nbsp;<\/p>\n<p><a href=\"https:\/\/www.snabbtryckeriet.se\/\"><img loading=\"lazy\" decoding=\"async\" class=\"alignnone wp-image-753\" src=\"https:\/\/www.4h.se\/tangahed\/wp-content\/uploads\/sites\/90\/2014\/12\/1920.png\" alt=\"1920\" width=\"417\" height=\"210\" srcset=\"https:\/\/www.4h.se\/tangahed\/wp-content\/uploads\/sites\/90\/2014\/12\/1920.png 181w, https:\/\/www.4h.se\/tangahed\/wp-content\/uploads\/sites\/90\/2014\/12\/1920-170x85.png 170w\" sizes=\"auto, (max-width: 417px) 100vw, 417px\" \/><\/a><\/p>\n<p>&nbsp;<\/p>\n<p><a href=\"https:\/\/www.sparbankenalingsas.se\/\"><img loading=\"lazy\" decoding=\"async\" class=\"alignnone wp-image-754\" src=\"https:\/\/www.4h.se\/tangahed\/wp-content\/uploads\/sites\/90\/2014\/12\/18304_mynt.png\" alt=\"18304_mynt\" width=\"449\" height=\"86\" srcset=\"https:\/\/www.4h.se\/tangahed\/wp-content\/uploads\/sites\/90\/2014\/12\/18304_mynt.png 219w, https:\/\/www.4h.se\/tangahed\/wp-content\/uploads\/sites\/90\/2014\/12\/18304_mynt-170x33.png 170w\" sizes=\"auto, (max-width: 449px) 100vw, 449px\" \/><\/a><\/p>\n<p>&nbsp;<\/p>\n<p>&nbsp;<\/p>\n<p><a href=\"https:\/\/www.lansforsakringar.se\/alvsborg\/privat\/?gclid=EAIaIQobChMIp6-ppZ-n5wIVDxsYCh13HgVtEAAYASAAEgJYcPD_BwE&amp;gclsrc=aw.ds\"><img loading=\"lazy\" decoding=\"async\" class=\"alignnone size-medium wp-image-755\" src=\"https:\/\/www.4h.se\/tangahed\/wp-content\/uploads\/sites\/90\/2018\/03\/ladda-ned-470x93.png\" alt=\"ladda ned\" width=\"470\" height=\"93\" srcset=\"https:\/\/www.4h.se\/tangahed\/wp-content\/uploads\/sites\/90\/2018\/03\/ladda-ned-470x93.png 470w, https:\/\/www.4h.se\/tangahed\/wp-content\/uploads\/sites\/90\/2018\/03\/ladda-ned-170x34.png 170w, https:\/\/www.4h.se\/tangahed\/wp-content\/uploads\/sites\/90\/2018\/03\/ladda-ned.png 503w\" sizes=\"auto, (max-width: 470px) 100vw, 470px\" \/><\/a><\/p>\n<p><a href=\"http:\/\/kattly.se\/\"><img loading=\"lazy\" decoding=\"async\" class=\"alignnone wp-image-1132 size-medium\" src=\"https:\/\/www.4h.se\/tangahed\/wp-content\/uploads\/sites\/90\/2024\/08\/thumbnail_Kattly.se-Logga-470x179.png\" alt=\"\" width=\"470\" height=\"179\" srcset=\"https:\/\/www.4h.se\/tangahed\/wp-content\/uploads\/sites\/90\/2024\/08\/thumbnail_Kattly.se-Logga-470x179.png 470w, https:\/\/www.4h.se\/tangahed\/wp-content\/uploads\/sites\/90\/2024\/08\/thumbnail_Kattly.se-Logga-970x370.png 970w, https:\/\/www.4h.se\/tangahed\/wp-content\/uploads\/sites\/90\/2024\/08\/thumbnail_Kattly.se-Logga-170x65.png 170w, https:\/\/www.4h.se\/tangahed\/wp-content\/uploads\/sites\/90\/2024\/08\/thumbnail_Kattly.se-Logga-768x293.png 768w, https:\/\/www.4h.se\/tangahed\/wp-content\/uploads\/sites\/90\/2024\/08\/thumbnail_Kattly.se-Logga.png 1280w\" sizes=\"auto, (max-width: 470px) 100vw, 470px\" \/><\/a><\/p>\n<p>&nbsp;[\/vc_column_text][\/vc_column][\/vc_row]<\/p>\n<\/div>","protected":false},"excerpt":{"rendered":"<p>[vc_row][vc_column width=&#8221;2\/3&#8243;][vc_tta_pageable][vc_tta_section title=&#8221;Sektion. 1&#8243; tab_id=&#8221;1550426648527-f46d4c9b-946f&#8221;][vc_column_text] V\u00e4lkomna till T\u00e5nga Heds 4H-g\u00e5rd Till oss p\u00e5 T\u00e5nga Heds 4H-g\u00e5rd \u00e4r du v\u00e4lkommen p\u00e5 bes\u00f6k n\u00e4r det passar dig b\u00e4st. G\u00e5rden \u00e4r \u00f6ppen alla dagar om \u00e5ret och du \u00e4r v\u00e4lkommen att njuta av omgivningarna och h\u00e4lsa p\u00e5 djuren! Du \u00e4r allts\u00e5 v\u00e4lkommen att p\u00e5 egen hand titta p\u00e5&nbsp; <a href=\"https:\/\/www.4h.se\/tangahed\/\">&hellip; Read more <i class=\"glyphicon glyphicon-arrow-right\"><\/i><\/a><\/p>\n","protected":false},"author":1,"featured_media":0,"parent":0,"menu_order":115,"comment_status":"closed","ping_status":"closed","template":"","meta":{"_acf_changed":false,"footnotes":""},"class_list":["post-39","page","type-page","status-publish","hentry"],"acf":[],"yoast_head":"<!-- This site is optimized with the Yoast SEO plugin v27.5 - https:\/\/yoast.com\/product\/yoast-seo-wordpress\/ -->\n<title>Startsida - T\u00e5nga Heds 4H-g\u00e5rd<\/title>\n<meta name=\"robots\" content=\"index, follow, max-snippet:-1, max-image-preview:large, max-video-preview:-1\" \/>\n<link rel=\"canonical\" href=\"https:\/\/www.4h.se\/tangahed\/\" \/>\n<meta property=\"og:locale\" content=\"sv_SE\" \/>\n<meta property=\"og:type\" content=\"article\" \/>\n<meta property=\"og:title\" content=\"Startsida - T\u00e5nga Heds 4H-g\u00e5rd\" \/>\n<meta property=\"og:description\" content=\"[vc_row][vc_column width=&#8221;2\/3&#8243;][vc_tta_pageable][vc_tta_section title=&#8221;Sektion. 1&#8243; tab_id=&#8221;1550426648527-f46d4c9b-946f&#8221;][vc_column_text] V\u00e4lkomna till T\u00e5nga Heds 4H-g\u00e5rd Till oss p\u00e5 T\u00e5nga Heds 4H-g\u00e5rd \u00e4r du v\u00e4lkommen p\u00e5 bes\u00f6k n\u00e4r det passar dig b\u00e4st. G\u00e5rden \u00e4r \u00f6ppen alla dagar om \u00e5ret och du \u00e4r v\u00e4lkommen att njuta av omgivningarna och h\u00e4lsa p\u00e5 djuren! Du \u00e4r allts\u00e5 v\u00e4lkommen att p\u00e5 egen hand titta p\u00e5&nbsp; &hellip; Read more\" \/>\n<meta property=\"og:url\" content=\"https:\/\/www.4h.se\/tangahed\/\" \/>\n<meta property=\"og:site_name\" content=\"T\u00e5nga Heds 4H-g\u00e5rd\" \/>\n<meta property=\"article:modified_time\" content=\"2026-02-01T14:15:03+00:00\" \/>\n<meta property=\"og:image\" content=\"https:\/\/www.4h.se\/tangahed\/wp-content\/uploads\/sites\/90\/2018\/03\/cid_12571925-A599-4CF2-A171-0BA74A3D4B6B@lan.jpg\" \/>\n\t<meta property=\"og:image:width\" content=\"594\" \/>\n\t<meta property=\"og:image:height\" content=\"436\" \/>\n\t<meta property=\"og:image:type\" content=\"image\/jpeg\" \/>\n<meta name=\"twitter:card\" content=\"summary_large_image\" \/>\n<meta name=\"twitter:label1\" content=\"Ber\u00e4knad l\u00e4stid\" \/>\n\t<meta name=\"twitter:data1\" content=\"2 minuter\" \/>\n<script type=\"application\/ld+json\" class=\"yoast-schema-graph\">{\"@context\":\"https:\\\/\\\/schema.org\",\"@graph\":[{\"@type\":\"WebPage\",\"@id\":\"https:\\\/\\\/www.4h.se\\\/tangahed\\\/\",\"url\":\"https:\\\/\\\/www.4h.se\\\/tangahed\\\/\",\"name\":\"Startsida - T\u00e5nga Heds 4H-g\u00e5rd\",\"isPartOf\":{\"@id\":\"https:\\\/\\\/www.4h.se\\\/tangahed\\\/#website\"},\"primaryImageOfPage\":{\"@id\":\"https:\\\/\\\/www.4h.se\\\/tangahed\\\/#primaryimage\"},\"image\":{\"@id\":\"https:\\\/\\\/www.4h.se\\\/tangahed\\\/#primaryimage\"},\"thumbnailUrl\":\"https:\\\/\\\/www.4h.se\\\/tangahed\\\/wp-content\\\/uploads\\\/sites\\\/90\\\/2018\\\/03\\\/cid_12571925-A599-4CF2-A171-0BA74A3D4B6B@lan-409x300.jpg\",\"datePublished\":\"2014-12-09T19:10:35+00:00\",\"dateModified\":\"2026-02-01T14:15:03+00:00\",\"breadcrumb\":{\"@id\":\"https:\\\/\\\/www.4h.se\\\/tangahed\\\/#breadcrumb\"},\"inLanguage\":\"sv-SE\",\"potentialAction\":[{\"@type\":\"ReadAction\",\"target\":[\"https:\\\/\\\/www.4h.se\\\/tangahed\\\/\"]}]},{\"@type\":\"ImageObject\",\"inLanguage\":\"sv-SE\",\"@id\":\"https:\\\/\\\/www.4h.se\\\/tangahed\\\/#primaryimage\",\"url\":\"https:\\\/\\\/www.4h.se\\\/tangahed\\\/wp-content\\\/uploads\\\/sites\\\/90\\\/2018\\\/03\\\/cid_12571925-A599-4CF2-A171-0BA74A3D4B6B@lan.jpg\",\"contentUrl\":\"https:\\\/\\\/www.4h.se\\\/tangahed\\\/wp-content\\\/uploads\\\/sites\\\/90\\\/2018\\\/03\\\/cid_12571925-A599-4CF2-A171-0BA74A3D4B6B@lan.jpg\",\"width\":594,\"height\":436},{\"@type\":\"BreadcrumbList\",\"@id\":\"https:\\\/\\\/www.4h.se\\\/tangahed\\\/#breadcrumb\",\"itemListElement\":[{\"@type\":\"ListItem\",\"position\":1,\"name\":\"Hem\",\"item\":\"https:\\\/\\\/www.4h.se\\\/tangahed\\\/\"},{\"@type\":\"ListItem\",\"position\":2,\"name\":\"Startsida\"}]},{\"@type\":\"WebSite\",\"@id\":\"https:\\\/\\\/www.4h.se\\\/tangahed\\\/#website\",\"url\":\"https:\\\/\\\/www.4h.se\\\/tangahed\\\/\",\"name\":\"T\u00e5nga Heds 4H-g\u00e5rd\",\"description\":\"\",\"potentialAction\":[{\"@type\":\"SearchAction\",\"target\":{\"@type\":\"EntryPoint\",\"urlTemplate\":\"https:\\\/\\\/www.4h.se\\\/tangahed\\\/?s={search_term_string}\"},\"query-input\":{\"@type\":\"PropertyValueSpecification\",\"valueRequired\":true,\"valueName\":\"search_term_string\"}}],\"inLanguage\":\"sv-SE\"}]}<\/script>\n<!-- \/ Yoast SEO plugin. -->","yoast_head_json":{"title":"Startsida - T\u00e5nga Heds 4H-g\u00e5rd","robots":{"index":"index","follow":"follow","max-snippet":"max-snippet:-1","max-image-preview":"max-image-preview:large","max-video-preview":"max-video-preview:-1"},"canonical":"https:\/\/www.4h.se\/tangahed\/","og_locale":"sv_SE","og_type":"article","og_title":"Startsida - T\u00e5nga Heds 4H-g\u00e5rd","og_description":"[vc_row][vc_column width=&#8221;2\/3&#8243;][vc_tta_pageable][vc_tta_section title=&#8221;Sektion. 1&#8243; tab_id=&#8221;1550426648527-f46d4c9b-946f&#8221;][vc_column_text] V\u00e4lkomna till T\u00e5nga Heds 4H-g\u00e5rd Till oss p\u00e5 T\u00e5nga Heds 4H-g\u00e5rd \u00e4r du v\u00e4lkommen p\u00e5 bes\u00f6k n\u00e4r det passar dig b\u00e4st. G\u00e5rden \u00e4r \u00f6ppen alla dagar om \u00e5ret och du \u00e4r v\u00e4lkommen att njuta av omgivningarna och h\u00e4lsa p\u00e5 djuren! Du \u00e4r allts\u00e5 v\u00e4lkommen att p\u00e5 egen hand titta p\u00e5&nbsp; &hellip; Read more","og_url":"https:\/\/www.4h.se\/tangahed\/","og_site_name":"T\u00e5nga Heds 4H-g\u00e5rd","article_modified_time":"2026-02-01T14:15:03+00:00","og_image":[{"width":594,"height":436,"url":"https:\/\/www.4h.se\/tangahed\/wp-content\/uploads\/sites\/90\/2018\/03\/cid_12571925-A599-4CF2-A171-0BA74A3D4B6B@lan.jpg","type":"image\/jpeg"}],"twitter_card":"summary_large_image","twitter_misc":{"Ber\u00e4knad l\u00e4stid":"2 minuter"},"schema":{"@context":"https:\/\/schema.org","@graph":[{"@type":"WebPage","@id":"https:\/\/www.4h.se\/tangahed\/","url":"https:\/\/www.4h.se\/tangahed\/","name":"Startsida - T\u00e5nga Heds 4H-g\u00e5rd","isPartOf":{"@id":"https:\/\/www.4h.se\/tangahed\/#website"},"primaryImageOfPage":{"@id":"https:\/\/www.4h.se\/tangahed\/#primaryimage"},"image":{"@id":"https:\/\/www.4h.se\/tangahed\/#primaryimage"},"thumbnailUrl":"https:\/\/www.4h.se\/tangahed\/wp-content\/uploads\/sites\/90\/2018\/03\/cid_12571925-A599-4CF2-A171-0BA74A3D4B6B@lan-409x300.jpg","datePublished":"2014-12-09T19:10:35+00:00","dateModified":"2026-02-01T14:15:03+00:00","breadcrumb":{"@id":"https:\/\/www.4h.se\/tangahed\/#breadcrumb"},"inLanguage":"sv-SE","potentialAction":[{"@type":"ReadAction","target":["https:\/\/www.4h.se\/tangahed\/"]}]},{"@type":"ImageObject","inLanguage":"sv-SE","@id":"https:\/\/www.4h.se\/tangahed\/#primaryimage","url":"https:\/\/www.4h.se\/tangahed\/wp-content\/uploads\/sites\/90\/2018\/03\/cid_12571925-A599-4CF2-A171-0BA74A3D4B6B@lan.jpg","contentUrl":"https:\/\/www.4h.se\/tangahed\/wp-content\/uploads\/sites\/90\/2018\/03\/cid_12571925-A599-4CF2-A171-0BA74A3D4B6B@lan.jpg","width":594,"height":436},{"@type":"BreadcrumbList","@id":"https:\/\/www.4h.se\/tangahed\/#breadcrumb","itemListElement":[{"@type":"ListItem","position":1,"name":"Hem","item":"https:\/\/www.4h.se\/tangahed\/"},{"@type":"ListItem","position":2,"name":"Startsida"}]},{"@type":"WebSite","@id":"https:\/\/www.4h.se\/tangahed\/#website","url":"https:\/\/www.4h.se\/tangahed\/","name":"T\u00e5nga Heds 4H-g\u00e5rd","description":"","potentialAction":[{"@type":"SearchAction","target":{"@type":"EntryPoint","urlTemplate":"https:\/\/www.4h.se\/tangahed\/?s={search_term_string}"},"query-input":{"@type":"PropertyValueSpecification","valueRequired":true,"valueName":"search_term_string"}}],"inLanguage":"sv-SE"}]}},"_links":{"self":[{"href":"https:\/\/www.4h.se\/tangahed\/wp-json\/wp\/v2\/pages\/39","targetHints":{"allow":["GET"]}}],"collection":[{"href":"https:\/\/www.4h.se\/tangahed\/wp-json\/wp\/v2\/pages"}],"about":[{"href":"https:\/\/www.4h.se\/tangahed\/wp-json\/wp\/v2\/types\/page"}],"author":[{"embeddable":true,"href":"https:\/\/www.4h.se\/tangahed\/wp-json\/wp\/v2\/users\/1"}],"replies":[{"embeddable":true,"href":"https:\/\/www.4h.se\/tangahed\/wp-json\/wp\/v2\/comments?post=39"}],"version-history":[{"count":0,"href":"https:\/\/www.4h.se\/tangahed\/wp-json\/wp\/v2\/pages\/39\/revisions"}],"wp:attachment":[{"href":"https:\/\/www.4h.se\/tangahed\/wp-json\/wp\/v2\/media?parent=39"}],"curies":[{"name":"wp","href":"https:\/\/api.w.org\/{rel}","templated":true}]}}