



{"id":1095,"date":"2023-09-03T09:58:49","date_gmt":"2023-09-03T07:58:49","guid":{"rendered":"https:\/\/www.4h.se\/tangahed\/?page_id=1095"},"modified":"2025-07-09T18:30:41","modified_gmt":"2025-07-09T16:30:41","slug":"djurklubben-2","status":"publish","type":"page","link":"https:\/\/www.4h.se\/tangahed\/djurklubben-2\/","title":{"rendered":"Djurklubben"},"content":{"rendered":"<div class=\"wpb-content-wrapper\"><p>[vc_row][vc_column width=&#8221;1\/4&#8243;][vc_single_image image=&#8221;843&#8243; img_size=&#8221;300*200&#8243;][\/vc_column][vc_column width=&#8221;1\/4&#8243;][vc_single_image image=&#8221;988&#8243; img_size=&#8221;300*200&#8243;][\/vc_column][vc_column width=&#8221;1\/4&#8243;][vc_single_image image=&#8221;516&#8243; img_size=&#8221;300*200&#8243;][\/vc_column][vc_column width=&#8221;1\/4&#8243;][vc_single_image image=&#8221;1051&#8243; img_size=&#8221;300*200&#8243;][\/vc_column][\/vc_row][vc_row][vc_column][vc_column_text css=&#8221;&#8221;]<\/p>\n<h1>Djurklubben<\/h1>\n<p>&nbsp;<\/p>\n<p>Djurklubben \u00e4r en grupp f\u00f6r barn som \u00e4r 9 \u00e5r eller \u00e4ldre. Vi tr\u00e4ffas varje onsdag kl.17.30-19, med uppeh\u00e5ll f\u00f6r lov.<\/p>\n<p>&nbsp;<\/p>\n<p>Tillsammans i olika grupper matar vi djuren varje tr\u00e4ff och varannan tr\u00e4ff st\u00e4dar vi och fixar hos djuren. De andra veckorna har vi fokus p\u00e5 ett djurslag som vi l\u00e4r oss mer om eller annat som deltagarna sj\u00e4lva f\u00e5r vara med och best\u00e4mma.<\/p>\n<p>&nbsp;<\/p>\n<p>Denna grupp p\u00e5g\u00e5r l\u00e4s\u00e5ret 2025\/2026 med start onsdagen 27 augusti. H\u00f6stterminen avslutas m\u00e5ndagen 10 december, v\u00e5rterminen b\u00f6rjar 14 januari och gruppen avslutas 3 juni.<\/p>\n<p>&nbsp;<\/p>\n<p>Antal platser 8 och avgiften f\u00f6r Djurklubben \u00e4r 1000 kr + medlemsavgift f\u00f6r icke medlemmar.<\/p>\n<p>&nbsp;<\/p>\n<p>V\u00e4ljer man n\u00e5gon g\u00e5ng under l\u00e4s\u00e5ret att sluta p\u00e5 4H klubben betalas ingen del av avgiften tillbaka. Anm\u00e4lan sker endast via denna sida och n\u00e4r gruppen \u00e4r full har man m\u00f6jlighet att st\u00e4lla sig p\u00e5 k\u00f6.<\/p>\n<p>&nbsp;<\/p>\n<p>Anm\u00e4lan sker via l\u00e4nk nedan<\/p>\n<p><a href=\"https:\/\/antribe.com\/org\/4h\/tanga-heds-4h-klubb\/event\">Evenemang &#8211; T\u00e5nga Heds 4H klubb | Antribe<\/a><\/p>\n<p>&nbsp;<\/p>\n<p><em>F\u00f6r dig som \u00e4r 14-17 \u00e5r \u00e4r v\u00e4lkommen att vara med som ungdomsledare.<\/em><\/p>\n<p><em>\u00c4r du 18 \u00e5r eller \u00e4ldre \u00e4r du v\u00e4lkommen att vara med att ansvara&nbsp; f\u00f6r en egen grupp eller tillsammans med n\u00e5gon.<\/em><\/p>\n<p>&nbsp;<\/p>\n<p>&nbsp;<\/p>\n<p>&nbsp;<\/p>\n<p><strong>Ansvarig ledare Sofia Johansson 0702\u2013306577<\/strong>[\/vc_column_text][\/vc_column][\/vc_row]<\/p>\n<\/div>","protected":false},"excerpt":{"rendered":"<p>[vc_row][vc_column width=&#8221;1\/4&#8243;][vc_single_image image=&#8221;843&#8243; img_size=&#8221;300*200&#8243;][\/vc_column][vc_column width=&#8221;1\/4&#8243;][vc_single_image image=&#8221;988&#8243; img_size=&#8221;300*200&#8243;][\/vc_column][vc_column width=&#8221;1\/4&#8243;][vc_single_image image=&#8221;516&#8243; img_size=&#8221;300*200&#8243;][\/vc_column][vc_column width=&#8221;1\/4&#8243;][vc_single_image image=&#8221;1051&#8243; img_size=&#8221;300*200&#8243;][\/vc_column][\/vc_row][vc_row][vc_column][vc_column_text css=&#8221;&#8221;] Djurklubben &nbsp; Djurklubben \u00e4r en grupp f\u00f6r barn som \u00e4r 9 \u00e5r eller \u00e4ldre. Vi tr\u00e4ffas varje onsdag kl.17.30-19, med uppeh\u00e5ll f\u00f6r lov. &nbsp; Tillsammans i olika grupper matar vi djuren varje tr\u00e4ff och varannan tr\u00e4ff st\u00e4dar vi och fixar hos&nbsp; <a href=\"https:\/\/www.4h.se\/tangahed\/djurklubben-2\/\">&hellip; Read more <i class=\"glyphicon glyphicon-arrow-right\"><\/i><\/a><\/p>\n","protected":false},"author":16,"featured_media":0,"parent":0,"menu_order":3,"comment_status":"closed","ping_status":"closed","template":"","meta":{"_acf_changed":false,"footnotes":""},"class_list":["post-1095","page","type-page","status-publish","hentry"],"acf":[],"yoast_head":"<!-- This site is optimized with the Yoast SEO plugin v27.5 - https:\/\/yoast.com\/product\/yoast-seo-wordpress\/ -->\n<title>Djurklubben - T\u00e5nga Heds 4H-g\u00e5rd<\/title>\n<meta name=\"robots\" content=\"index, follow, max-snippet:-1, max-image-preview:large, max-video-preview:-1\" \/>\n<link rel=\"canonical\" href=\"https:\/\/www.4h.se\/tangahed\/djurklubben-2\/\" \/>\n<meta property=\"og:locale\" content=\"sv_SE\" \/>\n<meta property=\"og:type\" content=\"article\" \/>\n<meta property=\"og:title\" content=\"Djurklubben - T\u00e5nga Heds 4H-g\u00e5rd\" \/>\n<meta property=\"og:description\" content=\"[vc_row][vc_column width=&#8221;1\/4&#8243;][vc_single_image image=&#8221;843&#8243; img_size=&#8221;300*200&#8243;][\/vc_column][vc_column width=&#8221;1\/4&#8243;][vc_single_image image=&#8221;988&#8243; img_size=&#8221;300*200&#8243;][\/vc_column][vc_column width=&#8221;1\/4&#8243;][vc_single_image image=&#8221;516&#8243; img_size=&#8221;300*200&#8243;][\/vc_column][vc_column width=&#8221;1\/4&#8243;][vc_single_image image=&#8221;1051&#8243; img_size=&#8221;300*200&#8243;][\/vc_column][\/vc_row][vc_row][vc_column][vc_column_text css=&#8221;&#8221;] Djurklubben &nbsp; Djurklubben \u00e4r en grupp f\u00f6r barn som \u00e4r 9 \u00e5r eller \u00e4ldre. Vi tr\u00e4ffas varje onsdag kl.17.30-19, med uppeh\u00e5ll f\u00f6r lov. &nbsp; Tillsammans i olika grupper matar vi djuren varje tr\u00e4ff och varannan tr\u00e4ff st\u00e4dar vi och fixar hos&nbsp; &hellip; Read more\" \/>\n<meta property=\"og:url\" content=\"https:\/\/www.4h.se\/tangahed\/djurklubben-2\/\" \/>\n<meta property=\"og:site_name\" content=\"T\u00e5nga Heds 4H-g\u00e5rd\" \/>\n<meta property=\"article:modified_time\" content=\"2025-07-09T16:30:41+00:00\" \/>\n<meta name=\"twitter:card\" content=\"summary_large_image\" \/>\n<script type=\"application\/ld+json\" class=\"yoast-schema-graph\">{\"@context\":\"https:\\\/\\\/schema.org\",\"@graph\":[{\"@type\":\"WebPage\",\"@id\":\"https:\\\/\\\/www.4h.se\\\/tangahed\\\/djurklubben-2\\\/\",\"url\":\"https:\\\/\\\/www.4h.se\\\/tangahed\\\/djurklubben-2\\\/\",\"name\":\"Djurklubben - T\u00e5nga Heds 4H-g\u00e5rd\",\"isPartOf\":{\"@id\":\"https:\\\/\\\/www.4h.se\\\/tangahed\\\/#website\"},\"datePublished\":\"2023-09-03T07:58:49+00:00\",\"dateModified\":\"2025-07-09T16:30:41+00:00\",\"breadcrumb\":{\"@id\":\"https:\\\/\\\/www.4h.se\\\/tangahed\\\/djurklubben-2\\\/#breadcrumb\"},\"inLanguage\":\"sv-SE\",\"potentialAction\":[{\"@type\":\"ReadAction\",\"target\":[\"https:\\\/\\\/www.4h.se\\\/tangahed\\\/djurklubben-2\\\/\"]}]},{\"@type\":\"BreadcrumbList\",\"@id\":\"https:\\\/\\\/www.4h.se\\\/tangahed\\\/djurklubben-2\\\/#breadcrumb\",\"itemListElement\":[{\"@type\":\"ListItem\",\"position\":1,\"name\":\"Hem\",\"item\":\"https:\\\/\\\/www.4h.se\\\/tangahed\\\/\"},{\"@type\":\"ListItem\",\"position\":2,\"name\":\"Djurklubben\"}]},{\"@type\":\"WebSite\",\"@id\":\"https:\\\/\\\/www.4h.se\\\/tangahed\\\/#website\",\"url\":\"https:\\\/\\\/www.4h.se\\\/tangahed\\\/\",\"name\":\"T\u00e5nga Heds 4H-g\u00e5rd\",\"description\":\"\",\"potentialAction\":[{\"@type\":\"SearchAction\",\"target\":{\"@type\":\"EntryPoint\",\"urlTemplate\":\"https:\\\/\\\/www.4h.se\\\/tangahed\\\/?s={search_term_string}\"},\"query-input\":{\"@type\":\"PropertyValueSpecification\",\"valueRequired\":true,\"valueName\":\"search_term_string\"}}],\"inLanguage\":\"sv-SE\"}]}<\/script>\n<!-- \/ Yoast SEO plugin. -->","yoast_head_json":{"title":"Djurklubben - T\u00e5nga Heds 4H-g\u00e5rd","robots":{"index":"index","follow":"follow","max-snippet":"max-snippet:-1","max-image-preview":"max-image-preview:large","max-video-preview":"max-video-preview:-1"},"canonical":"https:\/\/www.4h.se\/tangahed\/djurklubben-2\/","og_locale":"sv_SE","og_type":"article","og_title":"Djurklubben - T\u00e5nga Heds 4H-g\u00e5rd","og_description":"[vc_row][vc_column width=&#8221;1\/4&#8243;][vc_single_image image=&#8221;843&#8243; img_size=&#8221;300*200&#8243;][\/vc_column][vc_column width=&#8221;1\/4&#8243;][vc_single_image image=&#8221;988&#8243; img_size=&#8221;300*200&#8243;][\/vc_column][vc_column width=&#8221;1\/4&#8243;][vc_single_image image=&#8221;516&#8243; img_size=&#8221;300*200&#8243;][\/vc_column][vc_column width=&#8221;1\/4&#8243;][vc_single_image image=&#8221;1051&#8243; img_size=&#8221;300*200&#8243;][\/vc_column][\/vc_row][vc_row][vc_column][vc_column_text css=&#8221;&#8221;] Djurklubben &nbsp; Djurklubben \u00e4r en grupp f\u00f6r barn som \u00e4r 9 \u00e5r eller \u00e4ldre. Vi tr\u00e4ffas varje onsdag kl.17.30-19, med uppeh\u00e5ll f\u00f6r lov. &nbsp; Tillsammans i olika grupper matar vi djuren varje tr\u00e4ff och varannan tr\u00e4ff st\u00e4dar vi och fixar hos&nbsp; &hellip; Read more","og_url":"https:\/\/www.4h.se\/tangahed\/djurklubben-2\/","og_site_name":"T\u00e5nga Heds 4H-g\u00e5rd","article_modified_time":"2025-07-09T16:30:41+00:00","twitter_card":"summary_large_image","schema":{"@context":"https:\/\/schema.org","@graph":[{"@type":"WebPage","@id":"https:\/\/www.4h.se\/tangahed\/djurklubben-2\/","url":"https:\/\/www.4h.se\/tangahed\/djurklubben-2\/","name":"Djurklubben - T\u00e5nga Heds 4H-g\u00e5rd","isPartOf":{"@id":"https:\/\/www.4h.se\/tangahed\/#website"},"datePublished":"2023-09-03T07:58:49+00:00","dateModified":"2025-07-09T16:30:41+00:00","breadcrumb":{"@id":"https:\/\/www.4h.se\/tangahed\/djurklubben-2\/#breadcrumb"},"inLanguage":"sv-SE","potentialAction":[{"@type":"ReadAction","target":["https:\/\/www.4h.se\/tangahed\/djurklubben-2\/"]}]},{"@type":"BreadcrumbList","@id":"https:\/\/www.4h.se\/tangahed\/djurklubben-2\/#breadcrumb","itemListElement":[{"@type":"ListItem","position":1,"name":"Hem","item":"https:\/\/www.4h.se\/tangahed\/"},{"@type":"ListItem","position":2,"name":"Djurklubben"}]},{"@type":"WebSite","@id":"https:\/\/www.4h.se\/tangahed\/#website","url":"https:\/\/www.4h.se\/tangahed\/","name":"T\u00e5nga Heds 4H-g\u00e5rd","description":"","potentialAction":[{"@type":"SearchAction","target":{"@type":"EntryPoint","urlTemplate":"https:\/\/www.4h.se\/tangahed\/?s={search_term_string}"},"query-input":{"@type":"PropertyValueSpecification","valueRequired":true,"valueName":"search_term_string"}}],"inLanguage":"sv-SE"}]}},"_links":{"self":[{"href":"https:\/\/www.4h.se\/tangahed\/wp-json\/wp\/v2\/pages\/1095","targetHints":{"allow":["GET"]}}],"collection":[{"href":"https:\/\/www.4h.se\/tangahed\/wp-json\/wp\/v2\/pages"}],"about":[{"href":"https:\/\/www.4h.se\/tangahed\/wp-json\/wp\/v2\/types\/page"}],"author":[{"embeddable":true,"href":"https:\/\/www.4h.se\/tangahed\/wp-json\/wp\/v2\/users\/16"}],"replies":[{"embeddable":true,"href":"https:\/\/www.4h.se\/tangahed\/wp-json\/wp\/v2\/comments?post=1095"}],"version-history":[{"count":0,"href":"https:\/\/www.4h.se\/tangahed\/wp-json\/wp\/v2\/pages\/1095\/revisions"}],"wp:attachment":[{"href":"https:\/\/www.4h.se\/tangahed\/wp-json\/wp\/v2\/media?parent=1095"}],"curies":[{"name":"wp","href":"https:\/\/api.w.org\/{rel}","templated":true}]}}