



{"id":968,"date":"2026-04-10T06:56:54","date_gmt":"2026-04-10T04:56:54","guid":{"rendered":"https:\/\/www.4h.se\/stockholm\/?page_id=968"},"modified":"2026-04-18T09:44:58","modified_gmt":"2026-04-18T07:44:58","slug":"stamma","status":"publish","type":"page","link":"https:\/\/www.4h.se\/stockholm\/stamma\/","title":{"rendered":"Distriktsst\u00e4mma 2026"},"content":{"rendered":"<div class=\"wpb-content-wrapper\"><p>[vc_row][vc_column][vc_single_image image=&#8221;970&#8243; img_size=&#8221;full&#8221; alignment=&#8221;center&#8221; css=&#8221;&#8221;][\/vc_column][\/vc_row][vc_row][vc_column width=&#8221;1\/2&#8243;][vc_column_text css=&#8221;&#8221;]<\/p>\n<h2>Distriktsst\u00e4mma 2026<\/h2>\n<p class=\"cvGsUA direction-ltr align-start para-style-body\"><span class=\"a_GcMg font-feature-liga-off font-feature-clig-off font-feature-calt-off text-decoration-none text-strikethrough-none\">Kom med och tyck till om 4H:s framtid p\u00e5 Distriktst\u00e4mman! St\u00e4mman \u00e4r medlemmarnas chans att p\u00e5verka och best\u00e4mma hur 4H ska verka i Stockholms l\u00e4ns 4H-distrikt.<\/span><\/p>\n<p class=\"cvGsUA direction-ltr align-start para-style-body\"><span class=\"a_GcMg font-feature-liga-off font-feature-clig-off font-feature-calt-off text-decoration-none text-strikethrough-none\">P\u00e5 st\u00e4mman beslutas det bl.a vilka som ska sitta i distriktsstyrelsen och om inskickade motioner. Motionerna kan p\u00e5verka s\u00e5 v\u00e4l distriktet som hela Sveriges 4H:s arbete. distriktsstyrelsen presenterar \u00e5rets arbete.<\/span><\/p>\n<p class=\"cvGsUA direction-ltr align-start para-style-body\"><span class=\"a_GcMg font-feature-liga-off font-feature-clig-off font-feature-calt-off text-decoration-none text-strikethrough-none\">Du f\u00e5r inte bara vara med och best\u00e4mma och se hur demokratin inom 4h fungerar &#8211; du f\u00e5r \u00e4ven tr\u00e4ffa andra medlemmar fr\u00e5n hela distriktet.<\/span><\/p>\n<p>[\/vc_column_text][vc_btn title=&#8221;N\u00e4r? L\u00f6rdag 18 april kl. 10&#8243; style=&#8221;flat&#8221; color=&#8221;success&#8221; align=&#8221;left&#8221; i_icon_fontawesome=&#8221;fa fa-solid fa-calendar&#8221; css=&#8221;&#8221; button_block=&#8221;true&#8221; add_icon=&#8221;true&#8221;][vc_btn title=&#8221;Vart? Danderydsg\u00e5rden&#8221; style=&#8221;flat&#8221; color=&#8221;success&#8221; align=&#8221;left&#8221; i_icon_fontawesome=&#8221;fa fa-solid fa-map-location-dot&#8221; css=&#8221;&#8221; button_block=&#8221;true&#8221; add_icon=&#8221;true&#8221; link=&#8221;url:https%3A%2F%2Fmaps.app.goo.gl%2FrCfaZivaWs9pxbH8A|target:_blank&#8221;][vc_btn title=&#8221;Anm\u00e4lan \u00e4r st\u00e4ngd&#8221; style=&#8221;flat&#8221; color=&#8221;success&#8221; align=&#8221;left&#8221; i_icon_fontawesome=&#8221;fa fa-solid fa-person-circle-plus&#8221; css=&#8221;&#8221; button_block=&#8221;true&#8221; add_icon=&#8221;true&#8221;][\/vc_column][vc_column width=&#8221;1\/2&#8243;][vc_single_image image=&#8221;971&#8243; img_size=&#8221;full&#8221; css=&#8221;.vc_custom_1775798827566{border-top-width: 5px !important;border-right-width: 5px !important;border-bottom-width: 5px !important;border-left-width: 5px !important;border-radius: 20px !important;border-color: #FFFFFF !important;}&#8221;][\/vc_column][\/vc_row][vc_row][vc_column width=&#8221;1\/2&#8243;][vc_column_text css=&#8221;&#8221;]<\/p>\n<h2>Handlingar st\u00e4mman 2026<\/h2>\n<p>[\/vc_column_text][vc_btn title=&#8221;\u00c4rendelista 2026&#8243; color=&#8221;info&#8221; align=&#8221;left&#8221; css=&#8221;&#8221; button_block=&#8221;true&#8221; link=&#8221;url:https%3A%2F%2Fwww.4h.se%2Fstockholm%2Fwp-content%2Fuploads%2Fsites%2F9%2F2026%2F04%2FArendelista-distriktsstamma-2026.pdf|target:_blank&#8221;][vc_btn title=&#8221;Stadgar&#8221; color=&#8221;info&#8221; align=&#8221;left&#8221; css=&#8221;&#8221; button_block=&#8221;true&#8221; link=&#8221;url:https%3A%2F%2Fwww.4h.se%2Fstockholm%2Fwp-content%2Fuploads%2Fsites%2F9%2F2026%2F04%2FStadgar-Sverige-4H-2025-Stockholms-lans-4H-distrikt.pdf|target:_blank&#8221;][vc_btn title=&#8221;Reviderad budget 2026&#8243; color=&#8221;info&#8221; align=&#8221;left&#8221; css=&#8221;&#8221; button_block=&#8221;true&#8221; link=&#8221;url:https%3A%2F%2Fwww.4h.se%2Fstockholm%2Fwp-content%2Fuploads%2Fsites%2F9%2F2026%2F04%2FRev-Budget-26.pdf|target:_blank&#8221;][vc_btn title=&#8221;Budget 2027&#8243; color=&#8221;info&#8221; align=&#8221;left&#8221; css=&#8221;&#8221; button_block=&#8221;true&#8221; link=&#8221;url:https%3A%2F%2Fwww.4h.se%2Fstockholm%2Fwp-content%2Fuploads%2Fsites%2F9%2F2026%2F04%2FBudget-27.pdf|target:_blank&#8221;][vc_btn title=&#8221;Valberedningens f\u00f6rslag till styrelse&#8221; color=&#8221;info&#8221; align=&#8221;left&#8221; css=&#8221;&#8221; button_block=&#8221;true&#8221; link=&#8221;url:https%3A%2F%2Fwww.4h.se%2Fstockholm%2Fwp-content%2Fuploads%2Fsites%2F9%2F2026%2F04%2FValberedningens-forslag-2026-Stockholms-lans-4H-distrikt.pdf|target:_blank&#8221;][vc_btn title=&#8221;Verksamhetsber\u00e4ttelse 2025&#8243; color=&#8221;info&#8221; align=&#8221;left&#8221; css=&#8221;&#8221; button_block=&#8221;true&#8221; link=&#8221;url:https%3A%2F%2Fwww.4h.se%2Fstockholm%2Fwp-content%2Fuploads%2Fsites%2F9%2F2026%2F04%2FVerksamhetsberattelse-2025-signed.pdf|target:_blank&#8221;][vc_btn title=&#8221;Balansr\u00e4kning 2025&#8243; color=&#8221;info&#8221; align=&#8221;left&#8221; css=&#8221;&#8221; button_block=&#8221;true&#8221; link=&#8221;url:https%3A%2F%2Fwww.4h.se%2Fstockholm%2Fwp-content%2Fuploads%2Fsites%2F9%2F2026%2F04%2FBalansrakning-2025-1.pdf|target:_blank&#8221;][vc_btn title=&#8221;\u00c5rsredovisning 2025&#8243; color=&#8221;info&#8221; align=&#8221;left&#8221; css=&#8221;&#8221; button_block=&#8221;true&#8221; link=&#8221;url:https%3A%2F%2Fwww.4h.se%2Fstockholm%2Fwp-content%2Fuploads%2Fsites%2F9%2F2026%2F04%2FAR-Stockholms-Lans-4H-250101-251231-260417-for-sign-signed.pdf|target:_blank&#8221;][vc_btn title=&#8221;Revisionsber\u00e4ttelse 2025&#8243; color=&#8221;info&#8221; align=&#8221;left&#8221; css=&#8221;&#8221; button_block=&#8221;true&#8221; link=&#8221;url:https%3A%2F%2Fwww.4h.se%2Fstockholm%2Fwp-content%2Fuploads%2Fsites%2F9%2F2026%2F04%2FRevisionsberattelse-Stockholms-Lans-4H-2026-04-18-1.pdf|target:_blank&#8221;][vc_btn title=&#8221;Motion &#8211; Medlemsavgift avs\u00e4ndare Stora Skuggan&#8221; color=&#8221;info&#8221; align=&#8221;left&#8221; css=&#8221;&#8221; button_block=&#8221;true&#8221; link=&#8221;url:https%3A%2F%2Fwww.4h.se%2Fstockholm%2Fwp-content%2Fuploads%2Fsites%2F9%2F2026%2F04%2FMotion-2026-Distrikt-Medlemsavgift-Riks-1.pdf-1.pdf|target:_blank&#8221;][vc_btn title=&#8221;Proposition &#8211; F\u00f6rdelning av statsbidrag&#8221; color=&#8221;info&#8221; align=&#8221;left&#8221; css=&#8221;&#8221; button_block=&#8221;true&#8221; link=&#8221;url:https%3A%2F%2Fwww.4h.se%2Fstockholm%2Fwp-content%2Fuploads%2Fsites%2F9%2F2026%2F04%2FProposition-statsbidrag.pdf|target:_blank&#8221;][\/vc_column][vc_column width=&#8221;1\/2&#8243;][vc_column_text css=&#8221;&#8221;]<\/p>\n<h2>Ombud eller \u00e5h\u00f6rare?<\/h2>\n<p class=\"cvGsUA direction-ltr align-start para-style-body\"><span class=\"a_GcMg font-feature-liga-off font-feature-clig-off font-feature-calt-off text-decoration-none text-strikethrough-none\">Alla medlemmar inom Stockholms l\u00e4ns 4H-distrikt \u00e4r v\u00e4lkomna som \u00e5h\u00f6rare. En \u00e5h\u00f6rare f\u00e5r sitta med p\u00e5 st\u00e4mman men har inte r\u00f6str\u00e4tt. Klubben f\u00e5r skicka hur m\u00e5nga \u00e5h\u00f6rare som de vill.<\/span><\/p>\n<p class=\"cvGsUA direction-ltr align-start para-style-body\"><span class=\"a_GcMg font-feature-liga-off font-feature-clig-off font-feature-calt-off text-decoration-none text-strikethrough-none\">Klubbarna skickar \u00e4ven ombud; det \u00e4r dem som har r\u00e4tt till att r\u00f6sta under st\u00e4mman. Varje lokalklubb har r\u00e4tt att skicka 1 ombud\/klubb samt <\/span><span class=\"a_GcMg font-feature-liga-off font-feature-clig-off font-feature-calt-off text-decoration-none text-strikethrough-none\">1 ombud f\u00f6r varje p\u00e5b\u00f6rjat 50-tal medlemmar (per sista december 2025).<\/span><\/p>\n<p>[\/vc_column_text][vc_column_text css=&#8221;&#8221;]<\/p>\n<h2>Motioner<\/h2>\n<p class=\"cvGsUA direction-ltr align-start para-style-body\"><span class=\"a_GcMg font-feature-liga-off font-feature-clig-off font-feature-calt-off text-decoration-none text-strikethrough-none\">Har du en id\u00e9 p\u00e5 n\u00e5got du vill f\u00f6r\u00e4ndra i distriktet eller 4H nationellt? D\u00e5 \u00e4r enklaste s\u00e4ttet att skriva en motion. N\u00e4r du skrivit en motion tas f\u00f6rslaget upp p\u00e5 m\u00f6tet &#8211; det \u00e4r du som skrivit motionen som presenterar den. de som \u00e4r ombud tar st\u00e4llning och r\u00f6star om din motion.<\/span><\/p>\n<p class=\"cvGsUA direction-ltr align-start para-style-body\">Motionen beh\u00f6ver vara inl\u00e4mnad till distriktsstyrelsen 18 mars.<\/p>\n<h4 class=\"cvGsUA direction-ltr align-start para-style-body\"><span class=\"a_GcMg font-feature-liga-off font-feature-clig-off font-feature-calt-off text-decoration-none text-strikethrough-none\">S\u00e5 h\u00e4r skriver du en motion:<\/span><\/h4>\n<ul>\n<li class=\"cvGsUA direction-ltr align-start para-style-body\"><span class=\"a_GcMg font-feature-liga-off font-feature-clig-off font-feature-calt-off text-decoration-none text-strikethrough-none\">Vad f\u00f6resl\u00e5r du?<\/span><\/li>\n<li class=\"cvGsUA direction-ltr align-start para-style-body\"><span class=\"a_GcMg font-feature-liga-off font-feature-clig-off font-feature-calt-off text-decoration-none text-strikethrough-none\">P\u00e5 vilket s\u00e4tt skulle det g\u00f6ra 4H b\u00e4ttre?<\/span><\/li>\n<li class=\"cvGsUA direction-ltr align-start para-style-body\"><span class=\"a_GcMg font-feature-liga-off font-feature-clig-off font-feature-calt-off text-decoration-none text-strikethrough-none\">En Att-sats<\/span><\/li>\n<li class=\"cvGsUA direction-ltr align-start para-style-body\"><span class=\"a_GcMg font-feature-liga-off font-feature-clig-off font-feature-calt-off text-decoration-none text-strikethrough-none\">Vem eller vilka ni \u00e4r som skrivit motionen<\/span><\/li>\n<\/ul>\n<p>[\/vc_column_text][\/vc_column][\/vc_row]<\/p>\n<\/div>","protected":false},"excerpt":{"rendered":"<p>[vc_row][vc_column][vc_single_image image=&#8221;970&#8243; img_size=&#8221;full&#8221; alignment=&#8221;center&#8221; css=&#8221;&#8221;][\/vc_column][\/vc_row][vc_row][vc_column width=&#8221;1\/2&#8243;][vc_column_text css=&#8221;&#8221;] Distriktsst\u00e4mma 2026 Kom med och tyck till om 4H:s framtid p\u00e5 Distriktst\u00e4mman! St\u00e4mman \u00e4r medlemmarnas chans att p\u00e5verka och best\u00e4mma hur 4H ska verka i Stockholms l\u00e4ns 4H-distrikt. P\u00e5 st\u00e4mman beslutas det bl.a vilka som ska sitta i distriktsstyrelsen och om inskickade motioner. Motionerna kan p\u00e5verka s\u00e5 v\u00e4l&nbsp; <a href=\"https:\/\/www.4h.se\/stockholm\/stamma\/\">&hellip; Read more <i class=\"glyphicon glyphicon-arrow-right\"><\/i><\/a><\/p>\n","protected":false},"author":164,"featured_media":0,"parent":0,"menu_order":0,"comment_status":"closed","ping_status":"closed","template":"","meta":{"footnotes":""},"class_list":["post-968","page","type-page","status-publish","hentry"],"yoast_head":"<!-- This site is optimized with the Yoast SEO plugin v27.4 - https:\/\/yoast.com\/product\/yoast-seo-wordpress\/ -->\n<title>Distriktsst\u00e4mma 2026 - Stockholms l\u00e4ns 4H-distrikt<\/title>\n<meta name=\"robots\" content=\"index, follow, max-snippet:-1, max-image-preview:large, max-video-preview:-1\" \/>\n<link rel=\"canonical\" href=\"https:\/\/www.4h.se\/stockholm\/stamma\/\" \/>\n<meta property=\"og:locale\" content=\"sv_SE\" \/>\n<meta property=\"og:type\" content=\"article\" \/>\n<meta property=\"og:title\" content=\"Distriktsst\u00e4mma 2026 - Stockholms l\u00e4ns 4H-distrikt\" \/>\n<meta property=\"og:description\" content=\"[vc_row][vc_column][vc_single_image image=&#8221;970&#8243; img_size=&#8221;full&#8221; alignment=&#8221;center&#8221; css=&#8221;&#8221;][\/vc_column][\/vc_row][vc_row][vc_column width=&#8221;1\/2&#8243;][vc_column_text css=&#8221;&#8221;] Distriktsst\u00e4mma 2026 Kom med och tyck till om 4H:s framtid p\u00e5 Distriktst\u00e4mman! St\u00e4mman \u00e4r medlemmarnas chans att p\u00e5verka och best\u00e4mma hur 4H ska verka i Stockholms l\u00e4ns 4H-distrikt. P\u00e5 st\u00e4mman beslutas det bl.a vilka som ska sitta i distriktsstyrelsen och om inskickade motioner. Motionerna kan p\u00e5verka s\u00e5 v\u00e4l&nbsp; &hellip; Read more\" \/>\n<meta property=\"og:url\" content=\"https:\/\/www.4h.se\/stockholm\/stamma\/\" \/>\n<meta property=\"og:site_name\" content=\"Stockholms l\u00e4ns 4H-distrikt\" \/>\n<meta property=\"article:modified_time\" content=\"2026-04-18T07:44:58+00:00\" \/>\n<meta name=\"twitter:card\" content=\"summary_large_image\" \/>\n<script type=\"application\/ld+json\" class=\"yoast-schema-graph\">{\"@context\":\"https:\\\/\\\/schema.org\",\"@graph\":[{\"@type\":\"WebPage\",\"@id\":\"https:\\\/\\\/www.4h.se\\\/stockholm\\\/stamma\\\/\",\"url\":\"https:\\\/\\\/www.4h.se\\\/stockholm\\\/stamma\\\/\",\"name\":\"Distriktsst\u00e4mma 2026 - Stockholms l\u00e4ns 4H-distrikt\",\"isPartOf\":{\"@id\":\"https:\\\/\\\/www.4h.se\\\/stockholm\\\/#website\"},\"datePublished\":\"2026-04-10T04:56:54+00:00\",\"dateModified\":\"2026-04-18T07:44:58+00:00\",\"breadcrumb\":{\"@id\":\"https:\\\/\\\/www.4h.se\\\/stockholm\\\/stamma\\\/#breadcrumb\"},\"inLanguage\":\"sv-SE\",\"potentialAction\":[{\"@type\":\"ReadAction\",\"target\":[\"https:\\\/\\\/www.4h.se\\\/stockholm\\\/stamma\\\/\"]}]},{\"@type\":\"BreadcrumbList\",\"@id\":\"https:\\\/\\\/www.4h.se\\\/stockholm\\\/stamma\\\/#breadcrumb\",\"itemListElement\":[{\"@type\":\"ListItem\",\"position\":1,\"name\":\"Hem\",\"item\":\"https:\\\/\\\/www.4h.se\\\/stockholm\\\/\"},{\"@type\":\"ListItem\",\"position\":2,\"name\":\"Distriktsst\u00e4mma 2026\"}]},{\"@type\":\"WebSite\",\"@id\":\"https:\\\/\\\/www.4h.se\\\/stockholm\\\/#website\",\"url\":\"https:\\\/\\\/www.4h.se\\\/stockholm\\\/\",\"name\":\"Stockholms l\u00e4ns 4H-distrikt\",\"description\":\"\",\"publisher\":{\"@id\":\"https:\\\/\\\/www.4h.se\\\/stockholm\\\/#organization\"},\"potentialAction\":[{\"@type\":\"SearchAction\",\"target\":{\"@type\":\"EntryPoint\",\"urlTemplate\":\"https:\\\/\\\/www.4h.se\\\/stockholm\\\/?s={search_term_string}\"},\"query-input\":{\"@type\":\"PropertyValueSpecification\",\"valueRequired\":true,\"valueName\":\"search_term_string\"}}],\"inLanguage\":\"sv-SE\"},{\"@type\":\"Organization\",\"@id\":\"https:\\\/\\\/www.4h.se\\\/stockholm\\\/#organization\",\"name\":\"4H Stockholms l\u00e4n\",\"url\":\"https:\\\/\\\/www.4h.se\\\/stockholm\\\/\",\"logo\":{\"@type\":\"ImageObject\",\"inLanguage\":\"sv-SE\",\"@id\":\"https:\\\/\\\/www.4h.se\\\/stockholm\\\/#\\\/schema\\\/logo\\\/image\\\/\",\"url\":\"https:\\\/\\\/www.4h.se\\\/stockholm\\\/wp-content\\\/uploads\\\/sites\\\/9\\\/2014\\\/12\\\/4h_logga.png\",\"contentUrl\":\"https:\\\/\\\/www.4h.se\\\/stockholm\\\/wp-content\\\/uploads\\\/sites\\\/9\\\/2014\\\/12\\\/4h_logga.png\",\"width\":111,\"height\":77,\"caption\":\"4H Stockholms l\u00e4n\"},\"image\":{\"@id\":\"https:\\\/\\\/www.4h.se\\\/stockholm\\\/#\\\/schema\\\/logo\\\/image\\\/\"}}]}<\/script>\n<!-- \/ Yoast SEO plugin. -->","yoast_head_json":{"title":"Distriktsst\u00e4mma 2026 - Stockholms l\u00e4ns 4H-distrikt","robots":{"index":"index","follow":"follow","max-snippet":"max-snippet:-1","max-image-preview":"max-image-preview:large","max-video-preview":"max-video-preview:-1"},"canonical":"https:\/\/www.4h.se\/stockholm\/stamma\/","og_locale":"sv_SE","og_type":"article","og_title":"Distriktsst\u00e4mma 2026 - Stockholms l\u00e4ns 4H-distrikt","og_description":"[vc_row][vc_column][vc_single_image image=&#8221;970&#8243; img_size=&#8221;full&#8221; alignment=&#8221;center&#8221; css=&#8221;&#8221;][\/vc_column][\/vc_row][vc_row][vc_column width=&#8221;1\/2&#8243;][vc_column_text css=&#8221;&#8221;] Distriktsst\u00e4mma 2026 Kom med och tyck till om 4H:s framtid p\u00e5 Distriktst\u00e4mman! St\u00e4mman \u00e4r medlemmarnas chans att p\u00e5verka och best\u00e4mma hur 4H ska verka i Stockholms l\u00e4ns 4H-distrikt. P\u00e5 st\u00e4mman beslutas det bl.a vilka som ska sitta i distriktsstyrelsen och om inskickade motioner. Motionerna kan p\u00e5verka s\u00e5 v\u00e4l&nbsp; &hellip; Read more","og_url":"https:\/\/www.4h.se\/stockholm\/stamma\/","og_site_name":"Stockholms l\u00e4ns 4H-distrikt","article_modified_time":"2026-04-18T07:44:58+00:00","twitter_card":"summary_large_image","schema":{"@context":"https:\/\/schema.org","@graph":[{"@type":"WebPage","@id":"https:\/\/www.4h.se\/stockholm\/stamma\/","url":"https:\/\/www.4h.se\/stockholm\/stamma\/","name":"Distriktsst\u00e4mma 2026 - Stockholms l\u00e4ns 4H-distrikt","isPartOf":{"@id":"https:\/\/www.4h.se\/stockholm\/#website"},"datePublished":"2026-04-10T04:56:54+00:00","dateModified":"2026-04-18T07:44:58+00:00","breadcrumb":{"@id":"https:\/\/www.4h.se\/stockholm\/stamma\/#breadcrumb"},"inLanguage":"sv-SE","potentialAction":[{"@type":"ReadAction","target":["https:\/\/www.4h.se\/stockholm\/stamma\/"]}]},{"@type":"BreadcrumbList","@id":"https:\/\/www.4h.se\/stockholm\/stamma\/#breadcrumb","itemListElement":[{"@type":"ListItem","position":1,"name":"Hem","item":"https:\/\/www.4h.se\/stockholm\/"},{"@type":"ListItem","position":2,"name":"Distriktsst\u00e4mma 2026"}]},{"@type":"WebSite","@id":"https:\/\/www.4h.se\/stockholm\/#website","url":"https:\/\/www.4h.se\/stockholm\/","name":"Stockholms l\u00e4ns 4H-distrikt","description":"","publisher":{"@id":"https:\/\/www.4h.se\/stockholm\/#organization"},"potentialAction":[{"@type":"SearchAction","target":{"@type":"EntryPoint","urlTemplate":"https:\/\/www.4h.se\/stockholm\/?s={search_term_string}"},"query-input":{"@type":"PropertyValueSpecification","valueRequired":true,"valueName":"search_term_string"}}],"inLanguage":"sv-SE"},{"@type":"Organization","@id":"https:\/\/www.4h.se\/stockholm\/#organization","name":"4H Stockholms l\u00e4n","url":"https:\/\/www.4h.se\/stockholm\/","logo":{"@type":"ImageObject","inLanguage":"sv-SE","@id":"https:\/\/www.4h.se\/stockholm\/#\/schema\/logo\/image\/","url":"https:\/\/www.4h.se\/stockholm\/wp-content\/uploads\/sites\/9\/2014\/12\/4h_logga.png","contentUrl":"https:\/\/www.4h.se\/stockholm\/wp-content\/uploads\/sites\/9\/2014\/12\/4h_logga.png","width":111,"height":77,"caption":"4H Stockholms l\u00e4n"},"image":{"@id":"https:\/\/www.4h.se\/stockholm\/#\/schema\/logo\/image\/"}}]}},"_links":{"self":[{"href":"https:\/\/www.4h.se\/stockholm\/wp-json\/wp\/v2\/pages\/968","targetHints":{"allow":["GET"]}}],"collection":[{"href":"https:\/\/www.4h.se\/stockholm\/wp-json\/wp\/v2\/pages"}],"about":[{"href":"https:\/\/www.4h.se\/stockholm\/wp-json\/wp\/v2\/types\/page"}],"author":[{"embeddable":true,"href":"https:\/\/www.4h.se\/stockholm\/wp-json\/wp\/v2\/users\/164"}],"replies":[{"embeddable":true,"href":"https:\/\/www.4h.se\/stockholm\/wp-json\/wp\/v2\/comments?post=968"}],"version-history":[{"count":0,"href":"https:\/\/www.4h.se\/stockholm\/wp-json\/wp\/v2\/pages\/968\/revisions"}],"wp:attachment":[{"href":"https:\/\/www.4h.se\/stockholm\/wp-json\/wp\/v2\/media?parent=968"}],"curies":[{"name":"wp","href":"https:\/\/api.w.org\/{rel}","templated":true}]}}