



{"id":951,"date":"2026-03-13T08:42:09","date_gmt":"2026-03-13T07:42:09","guid":{"rendered":"https:\/\/www.4h.se\/stockholm\/?page_id=951"},"modified":"2026-03-13T13:06:38","modified_gmt":"2026-03-13T12:06:38","slug":"pasklovslager","status":"publish","type":"page","link":"https:\/\/www.4h.se\/stockholm\/pasklovslager\/","title":{"rendered":"P\u00e5sklov p\u00e5 4H"},"content":{"rendered":"<div class=\"wpb-content-wrapper\"><p>[vc_row][vc_column][vc_column_text css=&#8221;&#8221;]<\/p>\n<h1 style=\"text-align: center;\">P\u00e5sklovsl\u00e4ger<\/h1>\n<p>[\/vc_column_text][vc_row_inner][vc_column_inner width=&#8221;1\/2&#8243;][vc_column_text css=&#8221;&#8221;]<\/p>\n<div class=\"x14z9mp xat24cr x1lziwak x1vvkbs xtlvy1s x126k92a\">\n<div dir=\"auto\">V\u00e4lkomna p\u00e5 p\u00e5sklovsl\u00e4ger p\u00e5 v\u00e5ra 4H-g\u00e5rdar! H\u00e4r f\u00e5r barnen l\u00e4ra k\u00e4nna djuren, g\u00e5 p\u00e5 djurpromenad, prova hantverk, vara med p\u00e5 \u00e4ventyr, leka tillsammans och ha en riktigt h\u00e4rlig vecka!<\/div>\n<\/div>\n<p>[\/vc_column_text][\/vc_column_inner][vc_column_inner width=&#8221;1\/2&#8243;][vc_column_text css=&#8221;&#8221;]<\/p>\n<div class=\"x14z9mp xat24cr x1lziwak x1vvkbs xtlvy1s x126k92a\">\n<div dir=\"auto\">\n<div class=\"x14z9mp xat24cr x1lziwak x1vvkbs xtlvy1s x126k92a\">\n<div dir=\"auto\">Verksamheten p\u00e5 4H-g\u00e5rden utg\u00e5r fr\u00e5n de fyra H:na \u2013 <strong data-start=\"589\" data-end=\"622\">Huvud, Hj\u00e4rta, Hand och H\u00e4lsa<\/strong> \u2013 genom att t\u00e4nka och l\u00e4ra, bygga relationer och respekt, skapa och g\u00f6ra, och m\u00e5 bra tillsammans. V\u00e5rt motto \u00e4r lika enkelt som viktigt: <strong data-start=\"760\" data-end=\"788\">att l\u00e4ra genom att g\u00f6ra.<\/strong> \ud83c\udf1f<\/div>\n<\/div>\n<\/div>\n<\/div>\n<p>[\/vc_column_text][\/vc_column_inner][\/vc_row_inner][\/vc_column][\/vc_row][vc_row][vc_column width=&#8221;1\/3&#8243;][vc_hoverbox image=&#8221;859&#8243; primary_title=&#8221;F\u00e4rsna 4H&#8221; primary_title_font_container=&#8221;font_size:50|color:%23FAFAFA&#8221; primary_title_use_theme_fonts=&#8221;yes&#8221; hover_title=&#8221;L\u00e4ger fr\u00e5n 7 \u00e5r&#8221; hover_background_color=&#8221;white&#8221; hover_btn_title=&#8221;Klicka h\u00e4r!&#8221; hover_btn_color=&#8221;success&#8221; use_custom_fonts_primary_title=&#8221;true&#8221; hover_add_button=&#8221;true&#8221; hover_btn_link=&#8221;url:https%3A%2F%2Fwww.4h.se%2Ffarsna%2Fpasklovs-lager-2%2F&#8221; css=&#8221;.vc_custom_1773388752434{margin-top: 12px !important;margin-right: 12px !important;margin-bottom: 12px !important;margin-left: 12px !important;}&#8221;][\/vc_hoverbox][vc_hoverbox image=&#8221;930&#8243; primary_title=&#8221;Augustendals 4H&#8221; primary_title_font_container=&#8221;font_size:50|color:%23FAFAFA&#8221; primary_title_use_theme_fonts=&#8221;yes&#8221; hover_title=&#8221;L\u00e4ger 7-12 \u00e5r&#8221; hover_background_color=&#8221;white&#8221; hover_btn_title=&#8221;Klicka h\u00e4r!&#8221; hover_btn_color=&#8221;success&#8221; use_custom_fonts_primary_title=&#8221;true&#8221; hover_add_button=&#8221;true&#8221; hover_btn_link=&#8221;url:https%3A%2F%2Fwww.antribe.com%2Forg%2F4h%2Faugustendals-4h%2Fevent%2Fpasklovslager-9-2&#8243; css=&#8221;.vc_custom_1773388459349{margin-top: 12px !important;margin-right: 12px !important;margin-bottom: 12px !important;margin-left: 12px !important;}&#8221;][\/vc_hoverbox][vc_hoverbox image=&#8221;862&#8243; primary_title=&#8221;Riddersvik 4H&#8221; primary_title_font_container=&#8221;font_size:50|color:%23FAFAFA&#8221; primary_title_use_theme_fonts=&#8221;yes&#8221; hover_title=&#8221;L\u00e4ger fr\u00e5n 7 \u00e5r&#8221; hover_background_color=&#8221;white&#8221; hover_btn_title=&#8221;Klicka h\u00e4r!&#8221; hover_btn_color=&#8221;success&#8221; use_custom_fonts_primary_title=&#8221;true&#8221; hover_add_button=&#8221;true&#8221; hover_btn_link=&#8221;url:https%3A%2F%2Fwww.antribe.com%2Forg%2F4h%2Fspanga-by-4h-tensta-4h%2Fevent%2Fpasklovslager-v15-3&#8243; css=&#8221;.vc_custom_1773388561716{margin-top: 12px !important;margin-right: 12px !important;margin-bottom: 12px !important;margin-left: 12px !important;}&#8221;][\/vc_hoverbox][vc_hoverbox image=&#8221;857&#8243; primary_title=&#8221;Eolsh\u00e4ll 4H&#8221; primary_title_font_container=&#8221;font_size:50|color:%23FAFAFA&#8221; primary_title_use_theme_fonts=&#8221;yes&#8221; hover_title=&#8221;L\u00e4ger fr\u00e5n 7 \u00e5r&#8221; hover_background_color=&#8221;white&#8221; hover_btn_title=&#8221;Klicka h\u00e4r!&#8221; hover_btn_color=&#8221;success&#8221; use_custom_fonts_primary_title=&#8221;true&#8221; hover_add_button=&#8221;true&#8221; hover_btn_link=&#8221;url:https%3A%2F%2Fwww.antribe.com%2Forg%2F4h%2Feolshalls-4h%2Fevent%2Fdaglager-pasklov-v15-eolshalls-4h-gard&#8221; css=&#8221;.vc_custom_1773388355508{margin-top: 12px !important;margin-right: 12px !important;margin-bottom: 12px !important;margin-left: 12px !important;}&#8221;][\/vc_hoverbox][\/vc_column][vc_column width=&#8221;1\/3&#8243;][vc_hoverbox image=&#8221;896&#8243; primary_title=&#8221;Vallentuna 4H&#8221; primary_title_font_container=&#8221;font_size:50|color:%23FAFAFA&#8221; primary_title_use_theme_fonts=&#8221;yes&#8221; hover_title=&#8221;L\u00e4ger fr\u00e5n 7 \u00e5r&#8221; hover_background_color=&#8221;white&#8221; hover_btn_title=&#8221;Klicka h\u00e4r!&#8221; hover_btn_color=&#8221;success&#8221; use_custom_fonts_primary_title=&#8221;true&#8221; hover_add_button=&#8221;true&#8221; hover_btn_link=&#8221;url:https%3A%2F%2Fantribe.com%2Forg%2F4h%2Fvallentuna-4h%2Fevent%2Fpasklovslager2026&#8243; css=&#8221;.vc_custom_1773388710431{margin-top: 12px !important;margin-right: 12px !important;margin-bottom: 12px !important;margin-left: 12px !important;}&#8221;][\/vc_hoverbox][vc_hoverbox image=&#8221;858&#8243; primary_title=&#8221;Ersboda 4H&#8221; primary_title_font_container=&#8221;font_size:50|color:%23FAFAFA&#8221; primary_title_use_theme_fonts=&#8221;yes&#8221; hover_title=&#8221;L\u00e4ger 5-7 \u00e5r och 8-12 \u00e5r&#8221; hover_background_color=&#8221;white&#8221; hover_btn_title=&#8221;Klicka h\u00e4r!&#8221; hover_btn_color=&#8221;success&#8221; use_custom_fonts_primary_title=&#8221;true&#8221; hover_add_button=&#8221;true&#8221; hover_btn_link=&#8221;url:https%3A%2F%2Fwww.4h.se%2Fersboda%2Fpasklovslager%2F&#8221; css=&#8221;.vc_custom_1773388401429{margin-top: 12px !important;margin-right: 12px !important;margin-bottom: 12px !important;margin-left: 12px !important;}&#8221;][\/vc_hoverbox][vc_hoverbox image=&#8221;948&#8243; primary_title=&#8221;H\u00e5gelby 4H&#8221; primary_title_font_container=&#8221;font_size:50|color:%23FAFAFA&#8221; primary_title_use_theme_fonts=&#8221;yes&#8221; hover_title=&#8221;L\u00e4ger 7-11 \u00e5r + anpassat l\u00e4ger&#8221; hover_background_color=&#8221;white&#8221; hover_btn_title=&#8221;Klicka h\u00e4r!&#8221; hover_btn_color=&#8221;success&#8221; use_custom_fonts_primary_title=&#8221;true&#8221; hover_add_button=&#8221;true&#8221; hover_btn_link=&#8221;url:https%3A%2F%2Fantribe.com%2Forg%2F4h%2Fhagelby-4h%2Fevent%2Fpasklovslager26-djur&#8221; css=&#8221;.vc_custom_1773403191688{margin-top: 12px !important;margin-right: 12px !important;margin-bottom: 12px !important;margin-left: 12px !important;}&#8221;][\/vc_hoverbox][vc_hoverbox image=&#8221;899&#8243; primary_title=&#8221;Bj\u00f6rklunds Hage 4H&#8221; primary_title_font_container=&#8221;font_size:50|color:%23FAFAFA&#8221; primary_title_use_theme_fonts=&#8221;yes&#8221; hover_title=&#8221;L\u00e4ger fr\u00e5n 7 \u00e5r&#8221; hover_background_color=&#8221;white&#8221; hover_btn_title=&#8221;Klicka h\u00e4r!&#8221; hover_btn_color=&#8221;success&#8221; use_custom_fonts_primary_title=&#8221;true&#8221; hover_add_button=&#8221;true&#8221; hover_btn_link=&#8221;url:https%3A%2F%2Fantribe.com%2Forg%2F4h%2Fbjorklunds-hage-4h%2Fevent%2Fpasklovslager-4-dagar-1-1-1&#8243; css=&#8221;.vc_custom_1773388626116{margin-top: 12px !important;margin-right: 12px !important;margin-bottom: 12px !important;margin-left: 12px !important;}&#8221;][\/vc_hoverbox][\/vc_column][vc_column width=&#8221;1\/3&#8243;][vc_hoverbox image=&#8221;902&#8243; primary_title=&#8221;Kalh\u00e4ll 4H 4H&#8221; primary_title_font_container=&#8221;font_size:50|color:%23FAFAFA&#8221; primary_title_use_theme_fonts=&#8221;yes&#8221; hover_title=&#8221;L\u00e4ger fr\u00e5n 7 \u00e5r&#8221; hover_background_color=&#8221;white&#8221; hover_btn_title=&#8221;Klicka h\u00e4r!&#8221; hover_btn_color=&#8221;success&#8221; use_custom_fonts_primary_title=&#8221;true&#8221; hover_add_button=&#8221;true&#8221; hover_btn_link=&#8221;url:https%3A%2F%2Fwww.antribe.com%2Forg%2F4h%2Fkallhalls-4h%2Fevent%2Fpasklovslager-kallhall-v15-4-dagar&#8221; css=&#8221;.vc_custom_1773388596131{margin-top: 12px !important;margin-right: 12px !important;margin-bottom: 12px !important;margin-left: 12px !important;}&#8221;][\/vc_hoverbox][vc_hoverbox image=&#8221;903&#8243; primary_title=&#8221;Stora Skuggans 4H&#8221; primary_title_font_container=&#8221;font_size:50|color:%23FAFAFA&#8221; primary_title_use_theme_fonts=&#8221;yes&#8221; hover_title=&#8221;L\u00e4ger fr\u00e5n 7 \u00e5r&#8221; hover_background_color=&#8221;white&#8221; hover_btn_title=&#8221;Klicka h\u00e4r!&#8221; hover_btn_color=&#8221;success&#8221; use_custom_fonts_primary_title=&#8221;true&#8221; hover_add_button=&#8221;true&#8221; hover_btn_link=&#8221;url:https%3A%2F%2Fwww.antribe.com%2Forg%2F4h%2Fstora-skuggans-4h%2Fevent%2Fsommarlager-v-33-1-2-1-1-1-1-1-1-1-2-2&#8243; css=&#8221;.vc_custom_1773388662134{margin-top: 12px !important;margin-right: 12px !important;margin-bottom: 12px !important;margin-left: 12px !important;}&#8221;][\/vc_hoverbox][vc_hoverbox image=&#8221;865&#8243; primary_title=&#8221;Akalla 4H&#8221; primary_title_font_container=&#8221;font_size:50|color:%23FAFAFA&#8221; primary_title_use_theme_fonts=&#8221;yes&#8221; hover_title=&#8221;L\u00e4ger fr\u00e5n 7 \u00e5r&#8221; hover_background_color=&#8221;white&#8221; hover_btn_title=&#8221;Klicka h\u00e4r!&#8221; hover_btn_color=&#8221;success&#8221; use_custom_fonts_primary_title=&#8221;true&#8221; hover_add_button=&#8221;true&#8221; hover_btn_link=&#8221;url:https%3A%2F%2Fwww.antribe.com%2Forg%2F4h%2Fakalla-4h%2Fevent%2Fsportlovet-v16-1-1-1-1&#8243; css=&#8221;.vc_custom_1773388311545{margin-top: 12px !important;margin-right: 12px !important;margin-bottom: 12px !important;margin-left: 12px !important;}&#8221;][\/vc_hoverbox][\/vc_column][\/vc_row][vc_row][vc_column][vc_gmaps link=&#8221;#E-8_JTNDaWZyYW1lJTIwc3JjJTNEJTIyaHR0cHMlM0ElMkYlMkZ3d3cuZ29vZ2xlLmNvbSUyRm1hcHMlMkZkJTJGZW1iZWQlM0ZtaWQlM0QxZ3BBVXpaSG9STE94TWFUQU96WWFhWU9RWHNzRTZGWSUyNmVoYmMlM0QyRTMxMkYlMjIlMjB3aWR0aCUzRCUyMjY0MCUyMiUyMGhlaWdodCUzRCUyMjQ4MCUyMiUzRSUzQyUyRmlmcmFtZSUzRQ==&#8221;][\/vc_column][\/vc_row]<\/p>\n<\/div>","protected":false},"excerpt":{"rendered":"<p>[vc_row][vc_column][vc_column_text css=&#8221;&#8221;] P\u00e5sklovsl\u00e4ger [\/vc_column_text][vc_row_inner][vc_column_inner width=&#8221;1\/2&#8243;][vc_column_text css=&#8221;&#8221;] V\u00e4lkomna p\u00e5 p\u00e5sklovsl\u00e4ger p\u00e5 v\u00e5ra 4H-g\u00e5rdar! H\u00e4r f\u00e5r barnen l\u00e4ra k\u00e4nna djuren, g\u00e5 p\u00e5 djurpromenad, prova hantverk, vara med p\u00e5 \u00e4ventyr, leka tillsammans och ha en riktigt h\u00e4rlig vecka! [\/vc_column_text][\/vc_column_inner][vc_column_inner width=&#8221;1\/2&#8243;][vc_column_text css=&#8221;&#8221;] Verksamheten p\u00e5 4H-g\u00e5rden utg\u00e5r fr\u00e5n de fyra H:na \u2013 Huvud, Hj\u00e4rta, Hand och H\u00e4lsa \u2013 genom att&nbsp; <a href=\"https:\/\/www.4h.se\/stockholm\/pasklovslager\/\">&hellip; Read more <i class=\"glyphicon glyphicon-arrow-right\"><\/i><\/a><\/p>\n","protected":false},"author":164,"featured_media":0,"parent":0,"menu_order":0,"comment_status":"closed","ping_status":"closed","template":"","meta":{"_acf_changed":false,"footnotes":""},"class_list":["post-951","page","type-page","status-publish","hentry"],"acf":[],"yoast_head":"<!-- This site is optimized with the Yoast SEO plugin v27.5 - https:\/\/yoast.com\/product\/yoast-seo-wordpress\/ -->\n<title>P\u00e5sklov p\u00e5 4H - Stockholms l\u00e4ns 4H-distrikt<\/title>\n<meta name=\"robots\" content=\"index, follow, max-snippet:-1, max-image-preview:large, max-video-preview:-1\" \/>\n<link rel=\"canonical\" href=\"https:\/\/www.4h.se\/stockholm\/pasklovslager\/\" \/>\n<meta property=\"og:locale\" content=\"sv_SE\" \/>\n<meta property=\"og:type\" content=\"article\" \/>\n<meta property=\"og:title\" content=\"P\u00e5sklov p\u00e5 4H - Stockholms l\u00e4ns 4H-distrikt\" \/>\n<meta property=\"og:description\" content=\"[vc_row][vc_column][vc_column_text css=&#8221;&#8221;] P\u00e5sklovsl\u00e4ger [\/vc_column_text][vc_row_inner][vc_column_inner width=&#8221;1\/2&#8243;][vc_column_text css=&#8221;&#8221;] V\u00e4lkomna p\u00e5 p\u00e5sklovsl\u00e4ger p\u00e5 v\u00e5ra 4H-g\u00e5rdar! H\u00e4r f\u00e5r barnen l\u00e4ra k\u00e4nna djuren, g\u00e5 p\u00e5 djurpromenad, prova hantverk, vara med p\u00e5 \u00e4ventyr, leka tillsammans och ha en riktigt h\u00e4rlig vecka! [\/vc_column_text][\/vc_column_inner][vc_column_inner width=&#8221;1\/2&#8243;][vc_column_text css=&#8221;&#8221;] Verksamheten p\u00e5 4H-g\u00e5rden utg\u00e5r fr\u00e5n de fyra H:na \u2013 Huvud, Hj\u00e4rta, Hand och H\u00e4lsa \u2013 genom att&nbsp; &hellip; Read more\" \/>\n<meta property=\"og:url\" content=\"https:\/\/www.4h.se\/stockholm\/pasklovslager\/\" \/>\n<meta property=\"og:site_name\" content=\"Stockholms l\u00e4ns 4H-distrikt\" \/>\n<meta property=\"article:modified_time\" content=\"2026-03-13T12:06:38+00:00\" \/>\n<meta name=\"twitter:card\" content=\"summary_large_image\" \/>\n<script type=\"application\/ld+json\" class=\"yoast-schema-graph\">{\"@context\":\"https:\\\/\\\/schema.org\",\"@graph\":[{\"@type\":\"WebPage\",\"@id\":\"https:\\\/\\\/www.4h.se\\\/stockholm\\\/pasklovslager\\\/\",\"url\":\"https:\\\/\\\/www.4h.se\\\/stockholm\\\/pasklovslager\\\/\",\"name\":\"P\u00e5sklov p\u00e5 4H - Stockholms l\u00e4ns 4H-distrikt\",\"isPartOf\":{\"@id\":\"https:\\\/\\\/www.4h.se\\\/stockholm\\\/#website\"},\"datePublished\":\"2026-03-13T07:42:09+00:00\",\"dateModified\":\"2026-03-13T12:06:38+00:00\",\"breadcrumb\":{\"@id\":\"https:\\\/\\\/www.4h.se\\\/stockholm\\\/pasklovslager\\\/#breadcrumb\"},\"inLanguage\":\"sv-SE\",\"potentialAction\":[{\"@type\":\"ReadAction\",\"target\":[\"https:\\\/\\\/www.4h.se\\\/stockholm\\\/pasklovslager\\\/\"]}]},{\"@type\":\"BreadcrumbList\",\"@id\":\"https:\\\/\\\/www.4h.se\\\/stockholm\\\/pasklovslager\\\/#breadcrumb\",\"itemListElement\":[{\"@type\":\"ListItem\",\"position\":1,\"name\":\"Hem\",\"item\":\"https:\\\/\\\/www.4h.se\\\/stockholm\\\/\"},{\"@type\":\"ListItem\",\"position\":2,\"name\":\"P\u00e5sklov p\u00e5 4H\"}]},{\"@type\":\"WebSite\",\"@id\":\"https:\\\/\\\/www.4h.se\\\/stockholm\\\/#website\",\"url\":\"https:\\\/\\\/www.4h.se\\\/stockholm\\\/\",\"name\":\"Stockholms l\u00e4ns 4H-distrikt\",\"description\":\"\",\"publisher\":{\"@id\":\"https:\\\/\\\/www.4h.se\\\/stockholm\\\/#organization\"},\"potentialAction\":[{\"@type\":\"SearchAction\",\"target\":{\"@type\":\"EntryPoint\",\"urlTemplate\":\"https:\\\/\\\/www.4h.se\\\/stockholm\\\/?s={search_term_string}\"},\"query-input\":{\"@type\":\"PropertyValueSpecification\",\"valueRequired\":true,\"valueName\":\"search_term_string\"}}],\"inLanguage\":\"sv-SE\"},{\"@type\":\"Organization\",\"@id\":\"https:\\\/\\\/www.4h.se\\\/stockholm\\\/#organization\",\"name\":\"4H Stockholms l\u00e4n\",\"url\":\"https:\\\/\\\/www.4h.se\\\/stockholm\\\/\",\"logo\":{\"@type\":\"ImageObject\",\"inLanguage\":\"sv-SE\",\"@id\":\"https:\\\/\\\/www.4h.se\\\/stockholm\\\/#\\\/schema\\\/logo\\\/image\\\/\",\"url\":\"https:\\\/\\\/www.4h.se\\\/stockholm\\\/wp-content\\\/uploads\\\/sites\\\/9\\\/2014\\\/12\\\/4h_logga.png\",\"contentUrl\":\"https:\\\/\\\/www.4h.se\\\/stockholm\\\/wp-content\\\/uploads\\\/sites\\\/9\\\/2014\\\/12\\\/4h_logga.png\",\"width\":111,\"height\":77,\"caption\":\"4H Stockholms l\u00e4n\"},\"image\":{\"@id\":\"https:\\\/\\\/www.4h.se\\\/stockholm\\\/#\\\/schema\\\/logo\\\/image\\\/\"}}]}<\/script>\n<!-- \/ Yoast SEO plugin. -->","yoast_head_json":{"title":"P\u00e5sklov p\u00e5 4H - Stockholms l\u00e4ns 4H-distrikt","robots":{"index":"index","follow":"follow","max-snippet":"max-snippet:-1","max-image-preview":"max-image-preview:large","max-video-preview":"max-video-preview:-1"},"canonical":"https:\/\/www.4h.se\/stockholm\/pasklovslager\/","og_locale":"sv_SE","og_type":"article","og_title":"P\u00e5sklov p\u00e5 4H - Stockholms l\u00e4ns 4H-distrikt","og_description":"[vc_row][vc_column][vc_column_text css=&#8221;&#8221;] P\u00e5sklovsl\u00e4ger [\/vc_column_text][vc_row_inner][vc_column_inner width=&#8221;1\/2&#8243;][vc_column_text css=&#8221;&#8221;] V\u00e4lkomna p\u00e5 p\u00e5sklovsl\u00e4ger p\u00e5 v\u00e5ra 4H-g\u00e5rdar! H\u00e4r f\u00e5r barnen l\u00e4ra k\u00e4nna djuren, g\u00e5 p\u00e5 djurpromenad, prova hantverk, vara med p\u00e5 \u00e4ventyr, leka tillsammans och ha en riktigt h\u00e4rlig vecka! [\/vc_column_text][\/vc_column_inner][vc_column_inner width=&#8221;1\/2&#8243;][vc_column_text css=&#8221;&#8221;] Verksamheten p\u00e5 4H-g\u00e5rden utg\u00e5r fr\u00e5n de fyra H:na \u2013 Huvud, Hj\u00e4rta, Hand och H\u00e4lsa \u2013 genom att&nbsp; &hellip; Read more","og_url":"https:\/\/www.4h.se\/stockholm\/pasklovslager\/","og_site_name":"Stockholms l\u00e4ns 4H-distrikt","article_modified_time":"2026-03-13T12:06:38+00:00","twitter_card":"summary_large_image","schema":{"@context":"https:\/\/schema.org","@graph":[{"@type":"WebPage","@id":"https:\/\/www.4h.se\/stockholm\/pasklovslager\/","url":"https:\/\/www.4h.se\/stockholm\/pasklovslager\/","name":"P\u00e5sklov p\u00e5 4H - Stockholms l\u00e4ns 4H-distrikt","isPartOf":{"@id":"https:\/\/www.4h.se\/stockholm\/#website"},"datePublished":"2026-03-13T07:42:09+00:00","dateModified":"2026-03-13T12:06:38+00:00","breadcrumb":{"@id":"https:\/\/www.4h.se\/stockholm\/pasklovslager\/#breadcrumb"},"inLanguage":"sv-SE","potentialAction":[{"@type":"ReadAction","target":["https:\/\/www.4h.se\/stockholm\/pasklovslager\/"]}]},{"@type":"BreadcrumbList","@id":"https:\/\/www.4h.se\/stockholm\/pasklovslager\/#breadcrumb","itemListElement":[{"@type":"ListItem","position":1,"name":"Hem","item":"https:\/\/www.4h.se\/stockholm\/"},{"@type":"ListItem","position":2,"name":"P\u00e5sklov p\u00e5 4H"}]},{"@type":"WebSite","@id":"https:\/\/www.4h.se\/stockholm\/#website","url":"https:\/\/www.4h.se\/stockholm\/","name":"Stockholms l\u00e4ns 4H-distrikt","description":"","publisher":{"@id":"https:\/\/www.4h.se\/stockholm\/#organization"},"potentialAction":[{"@type":"SearchAction","target":{"@type":"EntryPoint","urlTemplate":"https:\/\/www.4h.se\/stockholm\/?s={search_term_string}"},"query-input":{"@type":"PropertyValueSpecification","valueRequired":true,"valueName":"search_term_string"}}],"inLanguage":"sv-SE"},{"@type":"Organization","@id":"https:\/\/www.4h.se\/stockholm\/#organization","name":"4H Stockholms l\u00e4n","url":"https:\/\/www.4h.se\/stockholm\/","logo":{"@type":"ImageObject","inLanguage":"sv-SE","@id":"https:\/\/www.4h.se\/stockholm\/#\/schema\/logo\/image\/","url":"https:\/\/www.4h.se\/stockholm\/wp-content\/uploads\/sites\/9\/2014\/12\/4h_logga.png","contentUrl":"https:\/\/www.4h.se\/stockholm\/wp-content\/uploads\/sites\/9\/2014\/12\/4h_logga.png","width":111,"height":77,"caption":"4H Stockholms l\u00e4n"},"image":{"@id":"https:\/\/www.4h.se\/stockholm\/#\/schema\/logo\/image\/"}}]}},"_links":{"self":[{"href":"https:\/\/www.4h.se\/stockholm\/wp-json\/wp\/v2\/pages\/951","targetHints":{"allow":["GET"]}}],"collection":[{"href":"https:\/\/www.4h.se\/stockholm\/wp-json\/wp\/v2\/pages"}],"about":[{"href":"https:\/\/www.4h.se\/stockholm\/wp-json\/wp\/v2\/types\/page"}],"author":[{"embeddable":true,"href":"https:\/\/www.4h.se\/stockholm\/wp-json\/wp\/v2\/users\/164"}],"replies":[{"embeddable":true,"href":"https:\/\/www.4h.se\/stockholm\/wp-json\/wp\/v2\/comments?post=951"}],"version-history":[{"count":0,"href":"https:\/\/www.4h.se\/stockholm\/wp-json\/wp\/v2\/pages\/951\/revisions"}],"wp:attachment":[{"href":"https:\/\/www.4h.se\/stockholm\/wp-json\/wp\/v2\/media?parent=951"}],"curies":[{"name":"wp","href":"https:\/\/api.w.org\/{rel}","templated":true}]}}