



{"id":855,"date":"2025-09-30T11:11:50","date_gmt":"2025-09-30T09:11:50","guid":{"rendered":"https:\/\/www.4h.se\/stockholm\/?page_id=855"},"modified":"2025-09-30T13:32:52","modified_gmt":"2025-09-30T11:32:52","slug":"hostlov","status":"publish","type":"page","link":"https:\/\/www.4h.se\/stockholm\/hostlov\/","title":{"rendered":"H\u00f6stlovsl\u00e4ger"},"content":{"rendered":"<div class=\"wpb-content-wrapper\"><p>[vc_row][vc_column][vc_column_text css=&#8221;&#8221;]<\/p>\n<h1 style=\"text-align: center;\">H\u00f6stlovsl\u00e4ger p\u00e5 4H!<\/h1>\n<p>[\/vc_column_text][vc_row_inner][vc_column_inner width=&#8221;1\/2&#8243;][vc_column_text css=&#8221;&#8221;]<\/p>\n<p style=\"text-align: left;\">H\u00e4ng med p\u00e5 ett h\u00e4rligt djurl\u00e4ger p\u00e5 n\u00e5gon av Stockholms 4H-g\u00e5rdar!<\/p>\n<p>Vi utg\u00e5r fr\u00e5n de fyra H:na \u2013 <strong data-start=\"589\" data-end=\"622\">Huvud, Hj\u00e4rta, Hand och H\u00e4lsa<\/strong> \u2013 genom att t\u00e4nka och l\u00e4ra, bygga relationer och respekt, skapa och g\u00f6ra, och m\u00e5 bra tillsammans. V\u00e5rt motto \u00e4r lika enkelt som viktigt: <strong data-start=\"760\" data-end=\"788\">att l\u00e4ra genom att g\u00f6ra.<\/strong> \ud83c\udf1f[\/vc_column_text][\/vc_column_inner][vc_column_inner width=&#8221;1\/2&#8243;][vc_column_text css=&#8221;&#8221;]<\/p>\n<p style=\"text-align: left;\">P\u00e5 h\u00f6stlovsl\u00e4ger f\u00e5r man:<br data-start=\"276\" data-end=\"279\">\u2728 Sk\u00f6ta om djuren \u2013 fr\u00e5n kaniner och marsvin till h\u00e4star och kor<br data-start=\"343\" data-end=\"346\">\u2728 Klappa, borsta, leka och pyssla<br data-start=\"379\" data-end=\"382\">\u2728 Testa nya saker, f\u00e5 nya v\u00e4nner och uppleva g\u00e5rdslivet p\u00e5 riktigt<\/p>\n<p>[\/vc_column_text][\/vc_column_inner][\/vc_row_inner][\/vc_column][\/vc_row][vc_row][vc_column width=&#8221;1\/3&#8243;][vc_hoverbox image=&#8221;865&#8243; primary_title=&#8221;Akalla 4H&#8221; primary_title_font_container=&#8221;font_size:50|color:%23FAFAFA&#8221; primary_title_use_theme_fonts=&#8221;yes&#8221; hover_title=&#8221;H\u00e4ng med p\u00e5 l\u00e4ger hos oss p\u00e5 Akalla 4H!&#8221; hover_background_color=&#8221;white&#8221; hover_btn_title=&#8221;Klicka h\u00e4r!&#8221; hover_btn_color=&#8221;success&#8221; use_custom_fonts_primary_title=&#8221;true&#8221; hover_add_button=&#8221;true&#8221; hover_btn_link=&#8221;url:https%3A%2F%2Fwww.4h.se%2Fakalla%2Flager%2F&#8221; css=&#8221;.vc_custom_1759230983934{margin-top: 12px !important;margin-right: 12px !important;margin-bottom: 12px !important;margin-left: 12px !important;}&#8221;][\/vc_hoverbox][vc_hoverbox image=&#8221;859&#8243; primary_title=&#8221;F\u00e4rsna 4H&#8221; primary_title_font_container=&#8221;font_size:50|color:%23FAFAFA&#8221; primary_title_use_theme_fonts=&#8221;yes&#8221; hover_title=&#8221;H\u00e4ng med p\u00e5 l\u00e4ger hos oss p\u00e5 F\u00e4rsna 4H!&#8221; hover_background_color=&#8221;white&#8221; hover_btn_title=&#8221;Klicka h\u00e4r!&#8221; hover_btn_color=&#8221;success&#8221; use_custom_fonts_primary_title=&#8221;true&#8221; hover_add_button=&#8221;true&#8221; hover_btn_link=&#8221;url:https%3A%2F%2Fwww.4h.se%2Ffarsna%2Fhostlovslager%2F&#8221; css=&#8221;.vc_custom_1759231658162{margin-top: 12px !important;margin-right: 12px !important;margin-bottom: 12px !important;margin-left: 12px !important;}&#8221;][\/vc_hoverbox][vc_hoverbox image=&#8221;866&#8243; primary_title=&#8221;Augustendals 4H&#8221; primary_title_font_container=&#8221;font_size:50|color:%23FAFAFA&#8221; primary_title_use_theme_fonts=&#8221;yes&#8221; hover_title=&#8221;H\u00e4ng med p\u00e5 l\u00e4ger hos oss p\u00e5 Augustendals 4H!&#8221; hover_background_color=&#8221;white&#8221; hover_btn_title=&#8221;Klicka h\u00e4r!&#8221; hover_btn_color=&#8221;success&#8221; use_custom_fonts_primary_title=&#8221;true&#8221; hover_add_button=&#8221;true&#8221; hover_btn_link=&#8221;url:https%3A%2F%2Fantribe.com%2Forg%2F4h%2Faugustendals-4h%2Fevent%2Fhostlovslager-v44-5-1&#8243; css=&#8221;.vc_custom_1759230975647{margin-top: 12px !important;margin-right: 12px !important;margin-bottom: 12px !important;margin-left: 12px !important;}&#8221;][\/vc_hoverbox][vc_hoverbox image=&#8221;858&#8243; primary_title=&#8221;Ersboda 4H&#8221; primary_title_font_container=&#8221;font_size:50|color:%23FAFAFA&#8221; primary_title_use_theme_fonts=&#8221;yes&#8221; hover_title=&#8221;H\u00e4ng med p\u00e5 l\u00e4ger hos oss p\u00e5 Ersboda 4H!&#8221; hover_background_color=&#8221;white&#8221; hover_btn_title=&#8221;Klicka h\u00e4r!&#8221; hover_btn_color=&#8221;success&#8221; use_custom_fonts_primary_title=&#8221;true&#8221; hover_add_button=&#8221;true&#8221; hover_btn_link=&#8221;url:https%3A%2F%2Fwww.4h.se%2Fersboda%2Fhostlovslager%2F&#8221; css=&#8221;.vc_custom_1759231505592{margin-top: 12px !important;margin-right: 12px !important;margin-bottom: 12px !important;margin-left: 12px !important;}&#8221;][\/vc_hoverbox][\/vc_column][vc_column width=&#8221;1\/3&#8243;][vc_hoverbox image=&#8221;861&#8243; primary_title=&#8221;Kallh\u00e4ll 4H&#8221; primary_title_font_container=&#8221;font_size:50|color:%23FAFAFA&#8221; primary_title_use_theme_fonts=&#8221;yes&#8221; hover_title=&#8221;H\u00e4ng med p\u00e5 l\u00e4ger hos oss p\u00e5 Kallh\u00e4ll 4H!&#8221; hover_background_color=&#8221;white&#8221; hover_btn_title=&#8221;Klicka h\u00e4r!&#8221; hover_btn_color=&#8221;success&#8221; use_custom_fonts_primary_title=&#8221;true&#8221; hover_add_button=&#8221;true&#8221; hover_btn_link=&#8221;url:https%3A%2F%2Fwww.4h.se%2Fkallhall%2Flager-2%2F&#8221; css=&#8221;.vc_custom_1759231562336{margin-top: 12px !important;margin-right: 12px !important;margin-bottom: 12px !important;margin-left: 12px !important;}&#8221;][\/vc_hoverbox][vc_hoverbox image=&#8221;863&#8243; primary_title=&#8221;Stora Skuggans 4H&#8221; primary_title_font_container=&#8221;font_size:50|color:%23FAFAFA&#8221; primary_title_use_theme_fonts=&#8221;yes&#8221; hover_title=&#8221;H\u00e4ng med p\u00e5 l\u00e4ger hos oss p\u00e5 Stora Skuggans 4H!&#8221; hover_background_color=&#8221;white&#8221; hover_btn_title=&#8221;Klicka h\u00e4r!&#8221; hover_btn_color=&#8221;success&#8221; use_custom_fonts_primary_title=&#8221;true&#8221; hover_add_button=&#8221;true&#8221; hover_btn_link=&#8221;url:https%3A%2F%2Fstoraskuggans4hgard.se%2Faktiviteter-2%2F4h-lager%2F&#8221; css=&#8221;.vc_custom_1759231765708{margin-top: 12px !important;margin-right: 12px !important;margin-bottom: 12px !important;margin-left: 12px !important;}&#8221;][\/vc_hoverbox][vc_hoverbox image=&#8221;867&#8243; primary_title=&#8221;Bj\u00f6rklunds Hage 4H&#8221; primary_title_font_container=&#8221;font_size:50|color:%23FAFAFA&#8221; primary_title_use_theme_fonts=&#8221;yes&#8221; hover_title=&#8221;H\u00e4ng med p\u00e5 l\u00e4ger hos oss p\u00e5 Bj\u00f6rklunds Hage 4H!&#8221; hover_background_color=&#8221;white&#8221; hover_btn_title=&#8221;Klicka h\u00e4r!&#8221; hover_btn_color=&#8221;success&#8221; use_custom_fonts_primary_title=&#8221;true&#8221; hover_add_button=&#8221;true&#8221; hover_btn_link=&#8221;url:https%3A%2F%2Fwww.4h.se%2Fbjorklundshage%2Flager%2F&#8221; css=&#8221;.vc_custom_1759231110944{margin-top: 12px !important;margin-right: 12px !important;margin-bottom: 12px !important;margin-left: 12px !important;}&#8221;][\/vc_hoverbox][vc_hoverbox image=&#8221;857&#8243; primary_title=&#8221;Eolsh\u00e4ll 4H&#8221; primary_title_font_container=&#8221;font_size:50|color:%23FAFAFA&#8221; primary_title_use_theme_fonts=&#8221;yes&#8221; hover_title=&#8221;H\u00e4ng med p\u00e5 l\u00e4ger hos oss p\u00e5 Eolsh\u00e4ll 4H!&#8221; hover_background_color=&#8221;white&#8221; hover_btn_title=&#8221;Klicka h\u00e4r!&#8221; hover_btn_color=&#8221;success&#8221; use_custom_fonts_primary_title=&#8221;true&#8221; hover_add_button=&#8221;true&#8221; hover_btn_link=&#8221;url:https%3A%2F%2Fwww.4h.se%2Feolshall%2Fdaglager%2F&#8221; css=&#8221;.vc_custom_1759231550243{margin-top: 12px !important;margin-right: 12px !important;margin-bottom: 12px !important;margin-left: 12px !important;}&#8221;][\/vc_hoverbox][\/vc_column][vc_column width=&#8221;1\/3&#8243;][vc_hoverbox image=&#8221;860&#8243; primary_title=&#8221;H\u00e5gelby 4H&#8221; primary_title_font_container=&#8221;font_size:50|color:%23FAFAFA&#8221; primary_title_use_theme_fonts=&#8221;yes&#8221; hover_title=&#8221;H\u00e4ng med p\u00e5 l\u00e4ger hos oss p\u00e5 H\u00e5gelby 4H!&#8221; hover_background_color=&#8221;white&#8221; hover_btn_title=&#8221;Klicka h\u00e4r!&#8221; hover_btn_color=&#8221;success&#8221; use_custom_fonts_primary_title=&#8221;true&#8221; hover_add_button=&#8221;true&#8221; hover_btn_link=&#8221;url:https%3A%2F%2Fwww.4h.se%2Fhagelby%2Fhostlov%2F&#8221; css=&#8221;.vc_custom_1759231604827{margin-top: 12px !important;margin-right: 12px !important;margin-bottom: 12px !important;margin-left: 12px !important;}&#8221;][\/vc_hoverbox][vc_hoverbox image=&#8221;862&#8243; primary_title=&#8221;Riddersvik 4H&#8221; primary_title_font_container=&#8221;font_size:50|color:%23FAFAFA&#8221; primary_title_use_theme_fonts=&#8221;yes&#8221; hover_title=&#8221;H\u00e4ng med p\u00e5 l\u00e4ger hos oss p\u00e5 Riddersvik 4H!&#8221; hover_background_color=&#8221;white&#8221; hover_btn_title=&#8221;Klicka h\u00e4r!&#8221; hover_btn_color=&#8221;success&#8221; use_custom_fonts_primary_title=&#8221;true&#8221; hover_add_button=&#8221;true&#8221; hover_btn_link=&#8221;url:https%3A%2F%2Fwww.4h.se%2Friddersvik%2Fdatum-och-priser%2F&#8221; css=&#8221;.vc_custom_1759231844364{margin-top: 12px !important;margin-right: 12px !important;margin-bottom: 12px !important;margin-left: 12px !important;}&#8221;][\/vc_hoverbox][vc_hoverbox image=&#8221;864&#8243; primary_title=&#8221;Vallentuna 4H&#8221; primary_title_font_container=&#8221;font_size:50|color:%23FAFAFA&#8221; primary_title_use_theme_fonts=&#8221;yes&#8221; hover_title=&#8221;H\u00e4ng med p\u00e5 l\u00e4ger hos oss p\u00e5 Vallentuna 4H!&#8221; hover_background_color=&#8221;white&#8221; hover_btn_title=&#8221;Klicka h\u00e4r!&#8221; hover_btn_color=&#8221;success&#8221; use_custom_fonts_primary_title=&#8221;true&#8221; hover_add_button=&#8221;true&#8221; hover_btn_link=&#8221;url:https%3A%2F%2Fwww.4h.se%2Fvallentuna%2Flager%2F&#8221; css=&#8221;.vc_custom_1759231899773{margin-top: 12px !important;margin-right: 12px !important;margin-bottom: 12px !important;margin-left: 12px !important;}&#8221;][\/vc_hoverbox][\/vc_column][\/vc_row][vc_row][vc_column][vc_gmaps link=&#8221;#E-8_JTNDaWZyYW1lJTIwc3JjJTNEJTIyaHR0cHMlM0ElMkYlMkZ3d3cuZ29vZ2xlLmNvbSUyRm1hcHMlMkZkJTJGZW1iZWQlM0ZtaWQlM0QxZ3BBVXpaSG9STE94TWFUQU96WWFhWU9RWHNzRTZGWSUyNmVoYmMlM0QyRTMxMkYlMjIlMjB3aWR0aCUzRCUyMjY0MCUyMiUyMGhlaWdodCUzRCUyMjQ4MCUyMiUzRSUzQyUyRmlmcmFtZSUzRQ==&#8221;][\/vc_column][\/vc_row]<\/p>\n<\/div>","protected":false},"excerpt":{"rendered":"<p>[vc_row][vc_column][vc_column_text css=&#8221;&#8221;] H\u00f6stlovsl\u00e4ger p\u00e5 4H! [\/vc_column_text][vc_row_inner][vc_column_inner width=&#8221;1\/2&#8243;][vc_column_text css=&#8221;&#8221;] H\u00e4ng med p\u00e5 ett h\u00e4rligt djurl\u00e4ger p\u00e5 n\u00e5gon av Stockholms 4H-g\u00e5rdar! Vi utg\u00e5r fr\u00e5n de fyra H:na \u2013 Huvud, Hj\u00e4rta, Hand och H\u00e4lsa \u2013 genom att t\u00e4nka och l\u00e4ra, bygga relationer och respekt, skapa och g\u00f6ra, och m\u00e5 bra tillsammans. V\u00e5rt motto \u00e4r lika enkelt som viktigt:&nbsp; <a href=\"https:\/\/www.4h.se\/stockholm\/hostlov\/\">&hellip; Read more <i class=\"glyphicon glyphicon-arrow-right\"><\/i><\/a><\/p>\n","protected":false},"author":164,"featured_media":0,"parent":0,"menu_order":0,"comment_status":"closed","ping_status":"closed","template":"","meta":{"_acf_changed":false,"footnotes":""},"class_list":["post-855","page","type-page","status-publish","hentry"],"acf":[],"yoast_head":"<!-- This site is optimized with the Yoast SEO plugin v27.4 - https:\/\/yoast.com\/product\/yoast-seo-wordpress\/ -->\n<title>H\u00f6stlovsl\u00e4ger - Stockholms l\u00e4ns 4H-distrikt<\/title>\n<meta name=\"robots\" content=\"index, follow, max-snippet:-1, max-image-preview:large, max-video-preview:-1\" \/>\n<link rel=\"canonical\" href=\"https:\/\/www.4h.se\/stockholm\/hostlov\/\" \/>\n<meta property=\"og:locale\" content=\"sv_SE\" \/>\n<meta property=\"og:type\" content=\"article\" \/>\n<meta property=\"og:title\" content=\"H\u00f6stlovsl\u00e4ger - Stockholms l\u00e4ns 4H-distrikt\" \/>\n<meta property=\"og:description\" content=\"[vc_row][vc_column][vc_column_text css=&#8221;&#8221;] H\u00f6stlovsl\u00e4ger p\u00e5 4H! [\/vc_column_text][vc_row_inner][vc_column_inner width=&#8221;1\/2&#8243;][vc_column_text css=&#8221;&#8221;] H\u00e4ng med p\u00e5 ett h\u00e4rligt djurl\u00e4ger p\u00e5 n\u00e5gon av Stockholms 4H-g\u00e5rdar! Vi utg\u00e5r fr\u00e5n de fyra H:na \u2013 Huvud, Hj\u00e4rta, Hand och H\u00e4lsa \u2013 genom att t\u00e4nka och l\u00e4ra, bygga relationer och respekt, skapa och g\u00f6ra, och m\u00e5 bra tillsammans. V\u00e5rt motto \u00e4r lika enkelt som viktigt:&nbsp; &hellip; Read more\" \/>\n<meta property=\"og:url\" content=\"https:\/\/www.4h.se\/stockholm\/hostlov\/\" \/>\n<meta property=\"og:site_name\" content=\"Stockholms l\u00e4ns 4H-distrikt\" \/>\n<meta property=\"article:modified_time\" content=\"2025-09-30T11:32:52+00:00\" \/>\n<meta name=\"twitter:card\" content=\"summary_large_image\" \/>\n<script type=\"application\/ld+json\" class=\"yoast-schema-graph\">{\"@context\":\"https:\\\/\\\/schema.org\",\"@graph\":[{\"@type\":\"WebPage\",\"@id\":\"https:\\\/\\\/www.4h.se\\\/stockholm\\\/hostlov\\\/\",\"url\":\"https:\\\/\\\/www.4h.se\\\/stockholm\\\/hostlov\\\/\",\"name\":\"H\u00f6stlovsl\u00e4ger - Stockholms l\u00e4ns 4H-distrikt\",\"isPartOf\":{\"@id\":\"https:\\\/\\\/www.4h.se\\\/stockholm\\\/#website\"},\"datePublished\":\"2025-09-30T09:11:50+00:00\",\"dateModified\":\"2025-09-30T11:32:52+00:00\",\"breadcrumb\":{\"@id\":\"https:\\\/\\\/www.4h.se\\\/stockholm\\\/hostlov\\\/#breadcrumb\"},\"inLanguage\":\"sv-SE\",\"potentialAction\":[{\"@type\":\"ReadAction\",\"target\":[\"https:\\\/\\\/www.4h.se\\\/stockholm\\\/hostlov\\\/\"]}]},{\"@type\":\"BreadcrumbList\",\"@id\":\"https:\\\/\\\/www.4h.se\\\/stockholm\\\/hostlov\\\/#breadcrumb\",\"itemListElement\":[{\"@type\":\"ListItem\",\"position\":1,\"name\":\"Hem\",\"item\":\"https:\\\/\\\/www.4h.se\\\/stockholm\\\/\"},{\"@type\":\"ListItem\",\"position\":2,\"name\":\"H\u00f6stlovsl\u00e4ger\"}]},{\"@type\":\"WebSite\",\"@id\":\"https:\\\/\\\/www.4h.se\\\/stockholm\\\/#website\",\"url\":\"https:\\\/\\\/www.4h.se\\\/stockholm\\\/\",\"name\":\"Stockholms l\u00e4ns 4H-distrikt\",\"description\":\"\",\"publisher\":{\"@id\":\"https:\\\/\\\/www.4h.se\\\/stockholm\\\/#organization\"},\"potentialAction\":[{\"@type\":\"SearchAction\",\"target\":{\"@type\":\"EntryPoint\",\"urlTemplate\":\"https:\\\/\\\/www.4h.se\\\/stockholm\\\/?s={search_term_string}\"},\"query-input\":{\"@type\":\"PropertyValueSpecification\",\"valueRequired\":true,\"valueName\":\"search_term_string\"}}],\"inLanguage\":\"sv-SE\"},{\"@type\":\"Organization\",\"@id\":\"https:\\\/\\\/www.4h.se\\\/stockholm\\\/#organization\",\"name\":\"4H Stockholms l\u00e4n\",\"url\":\"https:\\\/\\\/www.4h.se\\\/stockholm\\\/\",\"logo\":{\"@type\":\"ImageObject\",\"inLanguage\":\"sv-SE\",\"@id\":\"https:\\\/\\\/www.4h.se\\\/stockholm\\\/#\\\/schema\\\/logo\\\/image\\\/\",\"url\":\"https:\\\/\\\/www.4h.se\\\/stockholm\\\/wp-content\\\/uploads\\\/sites\\\/9\\\/2014\\\/12\\\/4h_logga.png\",\"contentUrl\":\"https:\\\/\\\/www.4h.se\\\/stockholm\\\/wp-content\\\/uploads\\\/sites\\\/9\\\/2014\\\/12\\\/4h_logga.png\",\"width\":111,\"height\":77,\"caption\":\"4H Stockholms l\u00e4n\"},\"image\":{\"@id\":\"https:\\\/\\\/www.4h.se\\\/stockholm\\\/#\\\/schema\\\/logo\\\/image\\\/\"}}]}<\/script>\n<!-- \/ Yoast SEO plugin. -->","yoast_head_json":{"title":"H\u00f6stlovsl\u00e4ger - Stockholms l\u00e4ns 4H-distrikt","robots":{"index":"index","follow":"follow","max-snippet":"max-snippet:-1","max-image-preview":"max-image-preview:large","max-video-preview":"max-video-preview:-1"},"canonical":"https:\/\/www.4h.se\/stockholm\/hostlov\/","og_locale":"sv_SE","og_type":"article","og_title":"H\u00f6stlovsl\u00e4ger - Stockholms l\u00e4ns 4H-distrikt","og_description":"[vc_row][vc_column][vc_column_text css=&#8221;&#8221;] H\u00f6stlovsl\u00e4ger p\u00e5 4H! [\/vc_column_text][vc_row_inner][vc_column_inner width=&#8221;1\/2&#8243;][vc_column_text css=&#8221;&#8221;] H\u00e4ng med p\u00e5 ett h\u00e4rligt djurl\u00e4ger p\u00e5 n\u00e5gon av Stockholms 4H-g\u00e5rdar! Vi utg\u00e5r fr\u00e5n de fyra H:na \u2013 Huvud, Hj\u00e4rta, Hand och H\u00e4lsa \u2013 genom att t\u00e4nka och l\u00e4ra, bygga relationer och respekt, skapa och g\u00f6ra, och m\u00e5 bra tillsammans. V\u00e5rt motto \u00e4r lika enkelt som viktigt:&nbsp; &hellip; Read more","og_url":"https:\/\/www.4h.se\/stockholm\/hostlov\/","og_site_name":"Stockholms l\u00e4ns 4H-distrikt","article_modified_time":"2025-09-30T11:32:52+00:00","twitter_card":"summary_large_image","schema":{"@context":"https:\/\/schema.org","@graph":[{"@type":"WebPage","@id":"https:\/\/www.4h.se\/stockholm\/hostlov\/","url":"https:\/\/www.4h.se\/stockholm\/hostlov\/","name":"H\u00f6stlovsl\u00e4ger - Stockholms l\u00e4ns 4H-distrikt","isPartOf":{"@id":"https:\/\/www.4h.se\/stockholm\/#website"},"datePublished":"2025-09-30T09:11:50+00:00","dateModified":"2025-09-30T11:32:52+00:00","breadcrumb":{"@id":"https:\/\/www.4h.se\/stockholm\/hostlov\/#breadcrumb"},"inLanguage":"sv-SE","potentialAction":[{"@type":"ReadAction","target":["https:\/\/www.4h.se\/stockholm\/hostlov\/"]}]},{"@type":"BreadcrumbList","@id":"https:\/\/www.4h.se\/stockholm\/hostlov\/#breadcrumb","itemListElement":[{"@type":"ListItem","position":1,"name":"Hem","item":"https:\/\/www.4h.se\/stockholm\/"},{"@type":"ListItem","position":2,"name":"H\u00f6stlovsl\u00e4ger"}]},{"@type":"WebSite","@id":"https:\/\/www.4h.se\/stockholm\/#website","url":"https:\/\/www.4h.se\/stockholm\/","name":"Stockholms l\u00e4ns 4H-distrikt","description":"","publisher":{"@id":"https:\/\/www.4h.se\/stockholm\/#organization"},"potentialAction":[{"@type":"SearchAction","target":{"@type":"EntryPoint","urlTemplate":"https:\/\/www.4h.se\/stockholm\/?s={search_term_string}"},"query-input":{"@type":"PropertyValueSpecification","valueRequired":true,"valueName":"search_term_string"}}],"inLanguage":"sv-SE"},{"@type":"Organization","@id":"https:\/\/www.4h.se\/stockholm\/#organization","name":"4H Stockholms l\u00e4n","url":"https:\/\/www.4h.se\/stockholm\/","logo":{"@type":"ImageObject","inLanguage":"sv-SE","@id":"https:\/\/www.4h.se\/stockholm\/#\/schema\/logo\/image\/","url":"https:\/\/www.4h.se\/stockholm\/wp-content\/uploads\/sites\/9\/2014\/12\/4h_logga.png","contentUrl":"https:\/\/www.4h.se\/stockholm\/wp-content\/uploads\/sites\/9\/2014\/12\/4h_logga.png","width":111,"height":77,"caption":"4H Stockholms l\u00e4n"},"image":{"@id":"https:\/\/www.4h.se\/stockholm\/#\/schema\/logo\/image\/"}}]}},"_links":{"self":[{"href":"https:\/\/www.4h.se\/stockholm\/wp-json\/wp\/v2\/pages\/855","targetHints":{"allow":["GET"]}}],"collection":[{"href":"https:\/\/www.4h.se\/stockholm\/wp-json\/wp\/v2\/pages"}],"about":[{"href":"https:\/\/www.4h.se\/stockholm\/wp-json\/wp\/v2\/types\/page"}],"author":[{"embeddable":true,"href":"https:\/\/www.4h.se\/stockholm\/wp-json\/wp\/v2\/users\/164"}],"replies":[{"embeddable":true,"href":"https:\/\/www.4h.se\/stockholm\/wp-json\/wp\/v2\/comments?post=855"}],"version-history":[{"count":0,"href":"https:\/\/www.4h.se\/stockholm\/wp-json\/wp\/v2\/pages\/855\/revisions"}],"wp:attachment":[{"href":"https:\/\/www.4h.se\/stockholm\/wp-json\/wp\/v2\/media?parent=855"}],"curies":[{"name":"wp","href":"https:\/\/api.w.org\/{rel}","templated":true}]}}