



{"id":767,"date":"2024-07-11T16:20:17","date_gmt":"2024-07-11T14:20:17","guid":{"rendered":"https:\/\/www.4h.se\/stockholm\/?page_id=767"},"modified":"2024-07-13T09:49:52","modified_gmt":"2024-07-13T07:49:52","slug":"mat-och-cafe","status":"publish","type":"page","link":"https:\/\/www.4h.se\/stockholm\/mat-och-cafe\/","title":{"rendered":"Mat och Caf\u00e9"},"content":{"rendered":"<div class=\"wpb-content-wrapper\"><p>[vc_row][vc_column][vc_column_text css=&#8221;&#8221;]<\/p>\n<h1>Mat och Caf\u00e9 Rix24<\/h1>\n<p>[\/vc_column_text][vc_separator color=&#8221;custom&#8221; border_width=&#8221;4&#8243; css=&#8221;&#8221; accent_color=&#8221;#BC5466&#8243;][\/vc_column][\/vc_row][vc_row][vc_column width=&#8221;1\/2&#8243;][vc_column_text css=&#8221;.vc_custom_1720856787698{border-top-width: 6px !important;border-right-width: 6px !important;border-bottom-width: 6px !important;border-left-width: 6px !important;padding-top: 5px !important;padding-right: 15px !important;padding-bottom: 15px !important;padding-left: 15px !important;border-left-style: solid !important;border-right-style: solid !important;border-top-style: solid !important;border-bottom-style: solid !important;border-radius: 4px !important;border-color: #bc5466 !important;}&#8221;]<\/p>\n<h2 style=\"text-align: center;\">Caf\u00e9t\u00e4lt\/Loge<\/h2>\n<h4 style=\"text-align: center;\">P\u00e5 l\u00e4geromr\u00e5det finns en loge som kommer vara \u00e5rets caf\u00e9t\u00e4lt. Vi kommer \u00e4ta alla m\u00e5ltider i logen och det kommer \u00e4ven finnas ett caf\u00e9 d\u00e4r deltagarna kommer kunna k\u00f6pa l\u00e4ttare mat, snacks och dryck.<\/h4>\n<h4 style=\"text-align: center;\">Caf\u00e9et kommer <strong>endast ha kortbetalning<\/strong> s\u00e5 se till att ha ett betalkort med dig.<\/h4>\n<h4><\/h4>\n<p>[\/vc_column_text][vc_column_text css=&#8221;.vc_custom_1720856778873{border-top-width: 6px !important;border-right-width: 6px !important;border-bottom-width: 6px !important;border-left-width: 6px !important;padding-top: 5px !important;padding-right: 15px !important;padding-bottom: 15px !important;padding-left: 15px !important;border-left-style: solid !important;border-right-style: solid !important;border-top-style: solid !important;border-bottom-style: solid !important;border-radius: 4px !important;border-color: #bc5466 !important;}&#8221;]<\/p>\n<h2 style=\"text-align: center;\">Generella tider f\u00f6r mat under l\u00e4gret:<\/h2>\n<h4 style=\"text-align: center;\">Frukost: 07:00-08:00<\/h4>\n<h4 style=\"text-align: center;\">Lunch: 12:00-13:00<\/h4>\n<h4 style=\"text-align: center;\">Middag: 18:00-19:00<\/h4>\n<p>[\/vc_column_text][vc_column_text css=&#8221;.vc_custom_1720856767282{border-top-width: 6px !important;border-right-width: 6px !important;border-bottom-width: 6px !important;border-left-width: 6px !important;padding-top: 5px !important;padding-right: 15px !important;padding-bottom: 15px !important;padding-left: 15px !important;border-left-style: solid !important;border-right-style: solid !important;border-top-style: solid !important;border-bottom-style: solid !important;border-radius: 4px !important;border-color: #bc5466 !important;}&#8221;]<\/p>\n<h1 style=\"text-align: center;\">Veckans matsedel<\/h1>\n<h4 style=\"text-align: center;\">H\u00e4r kan du se vilken mat det blir under l\u00e4gret:<br \/>\n<a href=\"https:\/\/www.4h.se\/stockholm\/wp-content\/uploads\/sites\/9\/2024\/07\/Meny-Ronninge-By-Sommarlager-2024.pdf\">Meny Rix24<\/a><br \/>\nMaten kommer levereras fr\u00e5n Sandborgen<\/h4>\n<p><img loading=\"lazy\" decoding=\"async\" class=\"alignnone wp-image-771 aligncenter\" src=\"https:\/\/www.4h.se\/stockholm\/wp-content\/uploads\/sites\/9\/2024\/07\/Skarmbild-2024-07-13-094152.png\" alt=\"\" width=\"157\" height=\"108\" srcset=\"https:\/\/www.4h.se\/stockholm\/wp-content\/uploads\/sites\/9\/2024\/07\/Skarmbild-2024-07-13-094152.png 309w, https:\/\/www.4h.se\/stockholm\/wp-content\/uploads\/sites\/9\/2024\/07\/Skarmbild-2024-07-13-094152-170x117.png 170w\" sizes=\"auto, (max-width: 157px) 100vw, 157px\" \/>[\/vc_column_text][\/vc_column][vc_column width=&#8221;1\/2&#8243;][vc_single_image image=&#8221;712&#8243; img_size=&#8221;medium&#8221; alignment=&#8221;center&#8221; css=&#8221;&#8221;][vc_column_text css=&#8221;.vc_custom_1720856834811{border-top-width: 6px !important;border-right-width: 6px !important;border-bottom-width: 6px !important;border-left-width: 6px !important;padding-top: 5px !important;padding-right: 15px !important;padding-bottom: 15px !important;padding-left: 15px !important;border-left-style: solid !important;border-right-style: solid !important;border-top-style: solid !important;border-bottom-style: solid !important;border-radius: 4px !important;border-color: #bc5466 !important;}&#8221;]<\/p>\n<h2 style=\"text-align: center;\">F\u00f6lj oss p\u00e5 sociala medier:<\/h2>\n<h4 style=\"text-align: center;\">Instagram:<br \/>\n<a href=\"https:\/\/www.instagram.com\/stockholmslans4h\/\" target=\"_blank\" rel=\"noopener\">Stockholms l\u00e4ns 4H<\/a><br \/>\n<a href=\"https:\/\/www.instagram.com\/sveriges4h\/\">Sveriges 4H<\/a><\/h4>\n<h4 style=\"text-align: center;\">Facebook:<br \/>\n<a href=\"https:\/\/www.facebook.com\/stockholmslans4h\" target=\"_blank\" rel=\"noopener\">Stockholms l\u00e4ns 4H<\/a><br \/>\n<a href=\"https:\/\/www.facebook.com\/Sveriges4H\" target=\"_blank\" rel=\"noopener\">Svergies 4H<\/a><\/h4>\n<p>[\/vc_column_text][\/vc_column][\/vc_row]<\/p>\n<\/div>","protected":false},"excerpt":{"rendered":"<p>[vc_row][vc_column][vc_column_text css=&#8221;&#8221;] Mat och Caf\u00e9 Rix24 [\/vc_column_text][vc_separator color=&#8221;custom&#8221; border_width=&#8221;4&#8243; css=&#8221;&#8221; accent_color=&#8221;#BC5466&#8243;][\/vc_column][\/vc_row][vc_row][vc_column width=&#8221;1\/2&#8243;][vc_column_text css=&#8221;.vc_custom_1720856787698{border-top-width: 6px !important;border-right-width: 6px !important;border-bottom-width: 6px !important;border-left-width: 6px !important;padding-top: 5px !important;padding-right: 15px !important;padding-bottom: 15px !important;padding-left: 15px !important;border-left-style: solid !important;border-right-style: solid !important;border-top-style: solid !important;border-bottom-style: solid !important;border-radius: 4px !important;border-color: #bc5466 !important;}&#8221;] Caf\u00e9t\u00e4lt\/Loge P\u00e5 l\u00e4geromr\u00e5det finns en loge som kommer vara \u00e5rets caf\u00e9t\u00e4lt. Vi kommer \u00e4ta&nbsp; <a href=\"https:\/\/www.4h.se\/stockholm\/mat-och-cafe\/\">&hellip; Read more <i class=\"glyphicon glyphicon-arrow-right\"><\/i><\/a><\/p>\n","protected":false},"author":124,"featured_media":0,"parent":0,"menu_order":0,"comment_status":"closed","ping_status":"closed","template":"","meta":{"_acf_changed":false,"footnotes":""},"class_list":["post-767","page","type-page","status-publish","hentry"],"acf":[],"yoast_head":"<!-- This site is optimized with the Yoast SEO plugin v27.5 - https:\/\/yoast.com\/product\/yoast-seo-wordpress\/ -->\n<title>Mat och Caf\u00e9 - Stockholms l\u00e4ns 4H-distrikt<\/title>\n<meta name=\"robots\" content=\"index, follow, max-snippet:-1, max-image-preview:large, max-video-preview:-1\" \/>\n<link rel=\"canonical\" href=\"https:\/\/www.4h.se\/stockholm\/mat-och-cafe\/\" \/>\n<meta property=\"og:locale\" content=\"sv_SE\" \/>\n<meta property=\"og:type\" content=\"article\" \/>\n<meta property=\"og:title\" content=\"Mat och Caf\u00e9 - Stockholms l\u00e4ns 4H-distrikt\" \/>\n<meta property=\"og:description\" content=\"[vc_row][vc_column][vc_column_text css=&#8221;&#8221;] Mat och Caf\u00e9 Rix24 [\/vc_column_text][vc_separator color=&#8221;custom&#8221; border_width=&#8221;4&#8243; css=&#8221;&#8221; accent_color=&#8221;#BC5466&#8243;][\/vc_column][\/vc_row][vc_row][vc_column width=&#8221;1\/2&#8243;][vc_column_text css=&#8221;.vc_custom_1720856787698{border-top-width: 6px !important;border-right-width: 6px !important;border-bottom-width: 6px !important;border-left-width: 6px !important;padding-top: 5px !important;padding-right: 15px !important;padding-bottom: 15px !important;padding-left: 15px !important;border-left-style: solid !important;border-right-style: solid !important;border-top-style: solid !important;border-bottom-style: solid !important;border-radius: 4px !important;border-color: #bc5466 !important;}&#8221;] Caf\u00e9t\u00e4lt\/Loge P\u00e5 l\u00e4geromr\u00e5det finns en loge som kommer vara \u00e5rets caf\u00e9t\u00e4lt. Vi kommer \u00e4ta&nbsp; &hellip; Read more\" \/>\n<meta property=\"og:url\" content=\"https:\/\/www.4h.se\/stockholm\/mat-och-cafe\/\" \/>\n<meta property=\"og:site_name\" content=\"Stockholms l\u00e4ns 4H-distrikt\" \/>\n<meta property=\"article:modified_time\" content=\"2024-07-13T07:49:52+00:00\" \/>\n<meta property=\"og:image\" content=\"https:\/\/www.4h.se\/stockholm\/wp-content\/uploads\/sites\/9\/2024\/07\/Skarmbild-2024-07-13-094152.png\" \/>\n<meta name=\"twitter:card\" content=\"summary_large_image\" \/>\n<script type=\"application\/ld+json\" class=\"yoast-schema-graph\">{\"@context\":\"https:\\\/\\\/schema.org\",\"@graph\":[{\"@type\":\"WebPage\",\"@id\":\"https:\\\/\\\/www.4h.se\\\/stockholm\\\/mat-och-cafe\\\/\",\"url\":\"https:\\\/\\\/www.4h.se\\\/stockholm\\\/mat-och-cafe\\\/\",\"name\":\"Mat och Caf\u00e9 - Stockholms l\u00e4ns 4H-distrikt\",\"isPartOf\":{\"@id\":\"https:\\\/\\\/www.4h.se\\\/stockholm\\\/#website\"},\"primaryImageOfPage\":{\"@id\":\"https:\\\/\\\/www.4h.se\\\/stockholm\\\/mat-och-cafe\\\/#primaryimage\"},\"image\":{\"@id\":\"https:\\\/\\\/www.4h.se\\\/stockholm\\\/mat-och-cafe\\\/#primaryimage\"},\"thumbnailUrl\":\"https:\\\/\\\/www.4h.se\\\/stockholm\\\/wp-content\\\/uploads\\\/sites\\\/9\\\/2024\\\/07\\\/Skarmbild-2024-07-13-094152.png\",\"datePublished\":\"2024-07-11T14:20:17+00:00\",\"dateModified\":\"2024-07-13T07:49:52+00:00\",\"breadcrumb\":{\"@id\":\"https:\\\/\\\/www.4h.se\\\/stockholm\\\/mat-och-cafe\\\/#breadcrumb\"},\"inLanguage\":\"sv-SE\",\"potentialAction\":[{\"@type\":\"ReadAction\",\"target\":[\"https:\\\/\\\/www.4h.se\\\/stockholm\\\/mat-och-cafe\\\/\"]}]},{\"@type\":\"ImageObject\",\"inLanguage\":\"sv-SE\",\"@id\":\"https:\\\/\\\/www.4h.se\\\/stockholm\\\/mat-och-cafe\\\/#primaryimage\",\"url\":\"https:\\\/\\\/www.4h.se\\\/stockholm\\\/wp-content\\\/uploads\\\/sites\\\/9\\\/2024\\\/07\\\/Skarmbild-2024-07-13-094152.png\",\"contentUrl\":\"https:\\\/\\\/www.4h.se\\\/stockholm\\\/wp-content\\\/uploads\\\/sites\\\/9\\\/2024\\\/07\\\/Skarmbild-2024-07-13-094152.png\",\"width\":309,\"height\":213},{\"@type\":\"BreadcrumbList\",\"@id\":\"https:\\\/\\\/www.4h.se\\\/stockholm\\\/mat-och-cafe\\\/#breadcrumb\",\"itemListElement\":[{\"@type\":\"ListItem\",\"position\":1,\"name\":\"Hem\",\"item\":\"https:\\\/\\\/www.4h.se\\\/stockholm\\\/\"},{\"@type\":\"ListItem\",\"position\":2,\"name\":\"Mat och Caf\u00e9\"}]},{\"@type\":\"WebSite\",\"@id\":\"https:\\\/\\\/www.4h.se\\\/stockholm\\\/#website\",\"url\":\"https:\\\/\\\/www.4h.se\\\/stockholm\\\/\",\"name\":\"Stockholms l\u00e4ns 4H-distrikt\",\"description\":\"\",\"publisher\":{\"@id\":\"https:\\\/\\\/www.4h.se\\\/stockholm\\\/#organization\"},\"potentialAction\":[{\"@type\":\"SearchAction\",\"target\":{\"@type\":\"EntryPoint\",\"urlTemplate\":\"https:\\\/\\\/www.4h.se\\\/stockholm\\\/?s={search_term_string}\"},\"query-input\":{\"@type\":\"PropertyValueSpecification\",\"valueRequired\":true,\"valueName\":\"search_term_string\"}}],\"inLanguage\":\"sv-SE\"},{\"@type\":\"Organization\",\"@id\":\"https:\\\/\\\/www.4h.se\\\/stockholm\\\/#organization\",\"name\":\"4H Stockholms l\u00e4n\",\"url\":\"https:\\\/\\\/www.4h.se\\\/stockholm\\\/\",\"logo\":{\"@type\":\"ImageObject\",\"inLanguage\":\"sv-SE\",\"@id\":\"https:\\\/\\\/www.4h.se\\\/stockholm\\\/#\\\/schema\\\/logo\\\/image\\\/\",\"url\":\"https:\\\/\\\/www.4h.se\\\/stockholm\\\/wp-content\\\/uploads\\\/sites\\\/9\\\/2014\\\/12\\\/4h_logga.png\",\"contentUrl\":\"https:\\\/\\\/www.4h.se\\\/stockholm\\\/wp-content\\\/uploads\\\/sites\\\/9\\\/2014\\\/12\\\/4h_logga.png\",\"width\":111,\"height\":77,\"caption\":\"4H Stockholms l\u00e4n\"},\"image\":{\"@id\":\"https:\\\/\\\/www.4h.se\\\/stockholm\\\/#\\\/schema\\\/logo\\\/image\\\/\"}}]}<\/script>\n<!-- \/ Yoast SEO plugin. -->","yoast_head_json":{"title":"Mat och Caf\u00e9 - Stockholms l\u00e4ns 4H-distrikt","robots":{"index":"index","follow":"follow","max-snippet":"max-snippet:-1","max-image-preview":"max-image-preview:large","max-video-preview":"max-video-preview:-1"},"canonical":"https:\/\/www.4h.se\/stockholm\/mat-och-cafe\/","og_locale":"sv_SE","og_type":"article","og_title":"Mat och Caf\u00e9 - Stockholms l\u00e4ns 4H-distrikt","og_description":"[vc_row][vc_column][vc_column_text css=&#8221;&#8221;] Mat och Caf\u00e9 Rix24 [\/vc_column_text][vc_separator color=&#8221;custom&#8221; border_width=&#8221;4&#8243; css=&#8221;&#8221; accent_color=&#8221;#BC5466&#8243;][\/vc_column][\/vc_row][vc_row][vc_column width=&#8221;1\/2&#8243;][vc_column_text css=&#8221;.vc_custom_1720856787698{border-top-width: 6px !important;border-right-width: 6px !important;border-bottom-width: 6px !important;border-left-width: 6px !important;padding-top: 5px !important;padding-right: 15px !important;padding-bottom: 15px !important;padding-left: 15px !important;border-left-style: solid !important;border-right-style: solid !important;border-top-style: solid !important;border-bottom-style: solid !important;border-radius: 4px !important;border-color: #bc5466 !important;}&#8221;] Caf\u00e9t\u00e4lt\/Loge P\u00e5 l\u00e4geromr\u00e5det finns en loge som kommer vara \u00e5rets caf\u00e9t\u00e4lt. Vi kommer \u00e4ta&nbsp; &hellip; Read more","og_url":"https:\/\/www.4h.se\/stockholm\/mat-och-cafe\/","og_site_name":"Stockholms l\u00e4ns 4H-distrikt","article_modified_time":"2024-07-13T07:49:52+00:00","og_image":[{"url":"https:\/\/www.4h.se\/stockholm\/wp-content\/uploads\/sites\/9\/2024\/07\/Skarmbild-2024-07-13-094152.png","type":"","width":"","height":""}],"twitter_card":"summary_large_image","schema":{"@context":"https:\/\/schema.org","@graph":[{"@type":"WebPage","@id":"https:\/\/www.4h.se\/stockholm\/mat-och-cafe\/","url":"https:\/\/www.4h.se\/stockholm\/mat-och-cafe\/","name":"Mat och Caf\u00e9 - Stockholms l\u00e4ns 4H-distrikt","isPartOf":{"@id":"https:\/\/www.4h.se\/stockholm\/#website"},"primaryImageOfPage":{"@id":"https:\/\/www.4h.se\/stockholm\/mat-och-cafe\/#primaryimage"},"image":{"@id":"https:\/\/www.4h.se\/stockholm\/mat-och-cafe\/#primaryimage"},"thumbnailUrl":"https:\/\/www.4h.se\/stockholm\/wp-content\/uploads\/sites\/9\/2024\/07\/Skarmbild-2024-07-13-094152.png","datePublished":"2024-07-11T14:20:17+00:00","dateModified":"2024-07-13T07:49:52+00:00","breadcrumb":{"@id":"https:\/\/www.4h.se\/stockholm\/mat-och-cafe\/#breadcrumb"},"inLanguage":"sv-SE","potentialAction":[{"@type":"ReadAction","target":["https:\/\/www.4h.se\/stockholm\/mat-och-cafe\/"]}]},{"@type":"ImageObject","inLanguage":"sv-SE","@id":"https:\/\/www.4h.se\/stockholm\/mat-och-cafe\/#primaryimage","url":"https:\/\/www.4h.se\/stockholm\/wp-content\/uploads\/sites\/9\/2024\/07\/Skarmbild-2024-07-13-094152.png","contentUrl":"https:\/\/www.4h.se\/stockholm\/wp-content\/uploads\/sites\/9\/2024\/07\/Skarmbild-2024-07-13-094152.png","width":309,"height":213},{"@type":"BreadcrumbList","@id":"https:\/\/www.4h.se\/stockholm\/mat-och-cafe\/#breadcrumb","itemListElement":[{"@type":"ListItem","position":1,"name":"Hem","item":"https:\/\/www.4h.se\/stockholm\/"},{"@type":"ListItem","position":2,"name":"Mat och Caf\u00e9"}]},{"@type":"WebSite","@id":"https:\/\/www.4h.se\/stockholm\/#website","url":"https:\/\/www.4h.se\/stockholm\/","name":"Stockholms l\u00e4ns 4H-distrikt","description":"","publisher":{"@id":"https:\/\/www.4h.se\/stockholm\/#organization"},"potentialAction":[{"@type":"SearchAction","target":{"@type":"EntryPoint","urlTemplate":"https:\/\/www.4h.se\/stockholm\/?s={search_term_string}"},"query-input":{"@type":"PropertyValueSpecification","valueRequired":true,"valueName":"search_term_string"}}],"inLanguage":"sv-SE"},{"@type":"Organization","@id":"https:\/\/www.4h.se\/stockholm\/#organization","name":"4H Stockholms l\u00e4n","url":"https:\/\/www.4h.se\/stockholm\/","logo":{"@type":"ImageObject","inLanguage":"sv-SE","@id":"https:\/\/www.4h.se\/stockholm\/#\/schema\/logo\/image\/","url":"https:\/\/www.4h.se\/stockholm\/wp-content\/uploads\/sites\/9\/2014\/12\/4h_logga.png","contentUrl":"https:\/\/www.4h.se\/stockholm\/wp-content\/uploads\/sites\/9\/2014\/12\/4h_logga.png","width":111,"height":77,"caption":"4H Stockholms l\u00e4n"},"image":{"@id":"https:\/\/www.4h.se\/stockholm\/#\/schema\/logo\/image\/"}}]}},"_links":{"self":[{"href":"https:\/\/www.4h.se\/stockholm\/wp-json\/wp\/v2\/pages\/767","targetHints":{"allow":["GET"]}}],"collection":[{"href":"https:\/\/www.4h.se\/stockholm\/wp-json\/wp\/v2\/pages"}],"about":[{"href":"https:\/\/www.4h.se\/stockholm\/wp-json\/wp\/v2\/types\/page"}],"author":[{"embeddable":true,"href":"https:\/\/www.4h.se\/stockholm\/wp-json\/wp\/v2\/users\/124"}],"replies":[{"embeddable":true,"href":"https:\/\/www.4h.se\/stockholm\/wp-json\/wp\/v2\/comments?post=767"}],"version-history":[{"count":0,"href":"https:\/\/www.4h.se\/stockholm\/wp-json\/wp\/v2\/pages\/767\/revisions"}],"wp:attachment":[{"href":"https:\/\/www.4h.se\/stockholm\/wp-json\/wp\/v2\/media?parent=767"}],"curies":[{"name":"wp","href":"https:\/\/api.w.org\/{rel}","templated":true}]}}