



{"id":587,"date":"2022-06-28T14:25:15","date_gmt":"2022-06-28T12:25:15","guid":{"rendered":"https:\/\/www.4h.se\/stockholm\/?page_id=587"},"modified":"2024-03-10T14:21:38","modified_gmt":"2024-03-10T13:21:38","slug":"engagera-dig-2","status":"publish","type":"page","link":"https:\/\/www.4h.se\/stockholm\/engagera-dig-2\/","title":{"rendered":"Engagera dig!"},"content":{"rendered":"<div class=\"wpb-content-wrapper\"><p>[vc_row][vc_column width=&#8221;2\/3&#8243;][vc_column_text]<\/p>\n<h1><span style=\"color: #006340;\">Vill du engagera dig inom 4H?<\/span><\/h1>\n<p><em>Du \u00e4r varmt v\u00e4lkommen, hur du \u00e4n vill vara med! Som en ideell barn och ungdomsf\u00f6rening\u00a0s\u00f6ker vi alltid efter fler engagerade unga och vuxna. Ta hand om djuren, anordna l\u00e4ger eller kanske leta sponsring inf\u00f6r en 4H-dag \u00e4r exempel p\u00e5 vad du kan g\u00f6ra.<\/em><\/p>\n<h3><span style=\"color: #006340;\"><strong>Sitt med i en styrelse!<\/strong><\/span><\/h3>\n<p>Att sitta med i en styrelse inneb\u00e4r inte massa tr\u00e5kiga m\u00f6ten och texter som beh\u00f6ver skrivas, det ineb\u00e4r att du an vara med och fokusera p\u00e5 det du tycker \u00e4r roligast med 4H! Vill du h\u00e5lla i grillkv\u00e4llar f\u00f6r ledarna p\u00e5 din g\u00e5rd? Gillar du sociala medier och vill n\u00e5 ut till alla g\u00e5rdens bes\u00f6kare? Eller kanske vill du starta upp nya projekt som matskolor eller f\u00e5 unga ledare att starta 4H-f\u00f6retag. I en styrelse sitter du med p\u00e5 m\u00f6ten och best\u00e4mmer vad som ska ske p\u00e5 g\u00e5rden, klubben eller p\u00e5 l\u00e4net. Du l\u00e4r dig om f\u00f6reningsliv, ekonomi och kommer l\u00e4ra dig massor om hur just din g\u00e5rd eller klubb fungerar, eller hur hela l\u00e4net ser ut.<\/p>\n<p>F\u00f6r att g\u00e5 med i en styrelse kontaktar du valberedningen f\u00f6r din g\u00e5rd, klubb eller l\u00e4nsf\u00f6rbund. <a title=\"Kontakt\" href=\"https:\/\/www.4h.se\/stockholm\/kontakta-4h-i-stockholm\/\">H\u00e4r <\/a>hittar du kontaktuppgifter till l\u00e4nsf\u00f6rbundets valberedning. Vi ses snart!<\/p>\n<h3><span style=\"color: #006340;\"><strong>Bli 4H-ledare!<\/strong><\/span><\/h3>\n<p>M\u00e5nga unga inom 4H b\u00f6rjade tidigt som hj\u00e4lpis, hj\u00e4lpledare\u00a0eller\u00a0miniledare\u00a0p\u00e5 sina g\u00e5rdar\u00a0och klubbar, f\u00f6r att senare bli ledare och ungdomsledare. Oavsett n\u00e4r du b\u00f6rjade eller hur gammal du \u00e4r kan du engagera dig inom 4H och bli ledare. Det varierar mellan g\u00e5rdarna och klubbarna vad en m\u00e5ste uppfylla f\u00f6r att f\u00e5 vara exempelvis miniledare men fr\u00e5ga den g\u00e5rd eller klubb du vill engagera dig i hur du ska g\u00f6ra, eller h\u00f6r av dig till stockholm@4h.se om du har n\u00e5gra fr\u00e5gor.<\/p>\n<p>&nbsp;<\/p>\n<p><span style=\"color: #006340;\"><strong>\u00c4r du 11-17 \u00e5r?<\/strong><\/span><\/p>\n<p>Bli 4H-ledare!<\/p>\n<p>Som 4H-ledare har du m\u00f6jlighet att bland annat l\u00e4ra dig massor om djur och natur, driva\u00a0egna projekt och tr\u00e4ffa andra 4H-ledare fr\u00e5n\u00a0hela v\u00e4rlden! Varje \u00e5r anordnar vi l\u00e4ger och kurser f\u00f6r v\u00e5ra ledare, och p\u00e5 era lokala 4H-g\u00e5rdar och klubbar finns det \u00e4nnu mer att g\u00f6ra. L\u00e4s g\u00e4rna p\u00e5 sidan\u00a0<a title=\"L\u00e4ger och t\u00e4vlingar\" href=\"https:\/\/www.4h.se\/stockholm\/olika-lager\/\">L\u00e4ger och\u00a0t\u00e4vlingar<\/a>\u00a0om du vill veta mer om allt skoj som finns inom 4H. 4H-ledare slutar man aldrig att vara s\u00e5 \u00e4ven du som \u00e4r \u00e4ldre \u00e4n 17 \u00e5r \u00e4r sj\u00e4lvklart v\u00e4lkommen som ungdomsledare hos oss.<\/p>\n<p>&nbsp;<\/p>\n<h5><span style=\"color: #006340;\"><strong>\u00c4r du 18+ \u00e5r?\u00a0<\/strong><\/span><\/h5>\n<p>I Stockholms 4H finns det fortfarande saker att g\u00f6ra \u00e4ven f\u00f6r dig. Hj\u00e4lp till att anordna riksl\u00e4gret n\u00e4r de h\u00e5lls i Stockholm, sitt med i styrelsen och jobba med fr\u00e5gor som\u00a0engagerar\u00a0dig, eller\u00a0startar du upp\u00a0din helt egna 4H-klubb tillsammans med dina v\u00e4nner. Allt g\u00e5r!<\/p>\n<p>N\u00e4r du \u00e4r ungdomsledare inom 4H g\u00e5r det \u00e4ven att rikta blicken lite l\u00e4ngre bort. Var med och f\u00f6ra\u00a0riksorganisationen Sveriges 4H fram\u00e5t, eller s\u00e5\u00a0v\u00e4nd dig till utbytesprogrammet\u00a0<a href=\"https:\/\/www.4h.se\/ifyeklubben\/\">IFYE<\/a>\u00a0d\u00e4r du har chans att se v\u00e4rlden och tr\u00e4ffa 4H-are fr\u00e5n andra l\u00e4nder.<\/p>\n<p>&nbsp;<\/p>\n<h3><strong><span style=\"color: #006340;\">\u00c4r du vuxen?\u00a0V\u00e4lkommen att engagera dig i 4H!<\/span><\/strong><\/h3>\n<p>Eftersom vi \u00e4r en ideell barn- och ungdomsorganisation tackar vi alltid ja till en hj\u00e4lpande hand. M\u00e5nga 4H-f\u00f6r\u00e4ldrar\u00a0st\u00f6ttar v\u00e5ra ungdomsledare\u00a0p\u00e5 olika temadagar, s\u00e5som halloweensp\u00e5r eller den nationella 4H-dagen. Ofta finns det \u00e4ven m\u00f6jlighet att som helgsk\u00f6tare hj\u00e4lpa till med djuren p\u00e5 4H-g\u00e5rdarna p\u00e5 helgerna. Gillar du att prata med f\u00f6retag och leta sponsring? Kontakta er\u00a0<a title=\"V\u00e5ra g\u00e5rdar\" href=\"https:\/\/www.4h.se\/stockholm\/4h-gardar\/4h-gardar-i-stockholms-lan\/\">4H-g\u00e5rd\u00a0<\/a>eller\u00a0<a title=\"4H-klubbar i Stockholms l\u00e4n\" href=\"https:\/\/www.4h.se\/stockholm\/4h-klubbar\/4h-klubbar-i-stockholms-lan\/\">klubb<\/a>\u00a0s\u00e5 kommer de ta emot er med \u00f6ppna armar!<\/p>\n<p>&nbsp;<\/p>\n<h5><span style=\"color: #006340;\"><strong>Vet du ett f\u00f6retag som kan hj\u00e4lpa till?<\/strong><\/span><\/h5>\n<p>Sponsring \u00e4r en av dem saker som f\u00e5r v\u00e5ra g\u00e5rdar och klubbar att g\u00e5 runt. Prylar till temadagar? Arbetstimmar f\u00f6r att kanske bygga ett nytt f\u00e5rhus eller laga ett staket? G\u00e5rdskl\u00e4der till v\u00e5ra ideella ungdomsledare? H\u00f6 och foder till djuren?\u00a0 Allt \u00e4r v\u00e4lkommet! Kontakta din lokala 4H-g\u00e5rd eller klubb, eller h\u00f6r av dig till Stockholms 4H:\u00a0<a href=\"mailto:stockholm@4h.se\">stockholm@4h.se<\/a>[\/vc_column_text][\/vc_column][vc_column width=&#8221;1\/3&#8243;][vc_single_image image=&#8221;593&#8243; img_size=&#8221;full&#8221; add_caption=&#8221;yes&#8221;][vc_single_image image=&#8221;470&#8243; img_size=&#8221;full&#8221; add_caption=&#8221;yes&#8221;][vc_single_image image=&#8221;367&#8243; img_size=&#8221;full&#8221; add_caption=&#8221;yes&#8221;][vc_single_image image=&#8221;616&#8243; img_size=&#8221;full&#8221;][\/vc_column][\/vc_row]<\/p>\n<\/div>","protected":false},"excerpt":{"rendered":"<p>[vc_row][vc_column width=&#8221;2\/3&#8243;][vc_column_text] Vill du engagera dig inom 4H? Du \u00e4r varmt v\u00e4lkommen, hur du \u00e4n vill vara med! Som en ideell barn och ungdomsf\u00f6rening\u00a0s\u00f6ker vi alltid efter fler engagerade unga och vuxna. Ta hand om djuren, anordna l\u00e4ger eller kanske leta sponsring inf\u00f6r en 4H-dag \u00e4r exempel p\u00e5 vad du kan g\u00f6ra. Sitt med i&nbsp; <a href=\"https:\/\/www.4h.se\/stockholm\/engagera-dig-2\/\">&hellip; Read more <i class=\"glyphicon glyphicon-arrow-right\"><\/i><\/a><\/p>\n","protected":false},"author":124,"featured_media":0,"parent":0,"menu_order":0,"comment_status":"closed","ping_status":"closed","template":"","meta":{"footnotes":""},"class_list":["post-587","page","type-page","status-publish","hentry"],"yoast_head":"<!-- This site is optimized with the Yoast SEO plugin v27.4 - https:\/\/yoast.com\/product\/yoast-seo-wordpress\/ -->\n<title>Engagera dig! - Stockholms l\u00e4ns 4H-distrikt<\/title>\n<meta name=\"robots\" content=\"index, follow, max-snippet:-1, max-image-preview:large, max-video-preview:-1\" \/>\n<link rel=\"canonical\" href=\"https:\/\/www.4h.se\/stockholm\/engagera-dig-2\/\" \/>\n<meta property=\"og:locale\" content=\"sv_SE\" \/>\n<meta property=\"og:type\" content=\"article\" \/>\n<meta property=\"og:title\" content=\"Engagera dig! - Stockholms l\u00e4ns 4H-distrikt\" \/>\n<meta property=\"og:description\" content=\"[vc_row][vc_column width=&#8221;2\/3&#8243;][vc_column_text] Vill du engagera dig inom 4H? Du \u00e4r varmt v\u00e4lkommen, hur du \u00e4n vill vara med! Som en ideell barn och ungdomsf\u00f6rening\u00a0s\u00f6ker vi alltid efter fler engagerade unga och vuxna. Ta hand om djuren, anordna l\u00e4ger eller kanske leta sponsring inf\u00f6r en 4H-dag \u00e4r exempel p\u00e5 vad du kan g\u00f6ra. Sitt med i&nbsp; &hellip; Read more\" \/>\n<meta property=\"og:url\" content=\"https:\/\/www.4h.se\/stockholm\/engagera-dig-2\/\" \/>\n<meta property=\"og:site_name\" content=\"Stockholms l\u00e4ns 4H-distrikt\" \/>\n<meta property=\"article:modified_time\" content=\"2024-03-10T13:21:38+00:00\" \/>\n<meta name=\"twitter:card\" content=\"summary_large_image\" \/>\n<meta name=\"twitter:label1\" content=\"Ber\u00e4knad l\u00e4stid\" \/>\n\t<meta name=\"twitter:data1\" content=\"4 minuter\" \/>\n<script type=\"application\/ld+json\" class=\"yoast-schema-graph\">{\"@context\":\"https:\\\/\\\/schema.org\",\"@graph\":[{\"@type\":\"WebPage\",\"@id\":\"https:\\\/\\\/www.4h.se\\\/stockholm\\\/engagera-dig-2\\\/\",\"url\":\"https:\\\/\\\/www.4h.se\\\/stockholm\\\/engagera-dig-2\\\/\",\"name\":\"Engagera dig! - Stockholms l\u00e4ns 4H-distrikt\",\"isPartOf\":{\"@id\":\"https:\\\/\\\/www.4h.se\\\/stockholm\\\/#website\"},\"datePublished\":\"2022-06-28T12:25:15+00:00\",\"dateModified\":\"2024-03-10T13:21:38+00:00\",\"breadcrumb\":{\"@id\":\"https:\\\/\\\/www.4h.se\\\/stockholm\\\/engagera-dig-2\\\/#breadcrumb\"},\"inLanguage\":\"sv-SE\",\"potentialAction\":[{\"@type\":\"ReadAction\",\"target\":[\"https:\\\/\\\/www.4h.se\\\/stockholm\\\/engagera-dig-2\\\/\"]}]},{\"@type\":\"BreadcrumbList\",\"@id\":\"https:\\\/\\\/www.4h.se\\\/stockholm\\\/engagera-dig-2\\\/#breadcrumb\",\"itemListElement\":[{\"@type\":\"ListItem\",\"position\":1,\"name\":\"Hem\",\"item\":\"https:\\\/\\\/www.4h.se\\\/stockholm\\\/\"},{\"@type\":\"ListItem\",\"position\":2,\"name\":\"Engagera dig!\"}]},{\"@type\":\"WebSite\",\"@id\":\"https:\\\/\\\/www.4h.se\\\/stockholm\\\/#website\",\"url\":\"https:\\\/\\\/www.4h.se\\\/stockholm\\\/\",\"name\":\"Stockholms l\u00e4ns 4H-distrikt\",\"description\":\"\",\"publisher\":{\"@id\":\"https:\\\/\\\/www.4h.se\\\/stockholm\\\/#organization\"},\"potentialAction\":[{\"@type\":\"SearchAction\",\"target\":{\"@type\":\"EntryPoint\",\"urlTemplate\":\"https:\\\/\\\/www.4h.se\\\/stockholm\\\/?s={search_term_string}\"},\"query-input\":{\"@type\":\"PropertyValueSpecification\",\"valueRequired\":true,\"valueName\":\"search_term_string\"}}],\"inLanguage\":\"sv-SE\"},{\"@type\":\"Organization\",\"@id\":\"https:\\\/\\\/www.4h.se\\\/stockholm\\\/#organization\",\"name\":\"4H Stockholms l\u00e4n\",\"url\":\"https:\\\/\\\/www.4h.se\\\/stockholm\\\/\",\"logo\":{\"@type\":\"ImageObject\",\"inLanguage\":\"sv-SE\",\"@id\":\"https:\\\/\\\/www.4h.se\\\/stockholm\\\/#\\\/schema\\\/logo\\\/image\\\/\",\"url\":\"https:\\\/\\\/www.4h.se\\\/stockholm\\\/wp-content\\\/uploads\\\/sites\\\/9\\\/2014\\\/12\\\/4h_logga.png\",\"contentUrl\":\"https:\\\/\\\/www.4h.se\\\/stockholm\\\/wp-content\\\/uploads\\\/sites\\\/9\\\/2014\\\/12\\\/4h_logga.png\",\"width\":111,\"height\":77,\"caption\":\"4H Stockholms l\u00e4n\"},\"image\":{\"@id\":\"https:\\\/\\\/www.4h.se\\\/stockholm\\\/#\\\/schema\\\/logo\\\/image\\\/\"}}]}<\/script>\n<!-- \/ Yoast SEO plugin. -->","yoast_head_json":{"title":"Engagera dig! - Stockholms l\u00e4ns 4H-distrikt","robots":{"index":"index","follow":"follow","max-snippet":"max-snippet:-1","max-image-preview":"max-image-preview:large","max-video-preview":"max-video-preview:-1"},"canonical":"https:\/\/www.4h.se\/stockholm\/engagera-dig-2\/","og_locale":"sv_SE","og_type":"article","og_title":"Engagera dig! - Stockholms l\u00e4ns 4H-distrikt","og_description":"[vc_row][vc_column width=&#8221;2\/3&#8243;][vc_column_text] Vill du engagera dig inom 4H? Du \u00e4r varmt v\u00e4lkommen, hur du \u00e4n vill vara med! Som en ideell barn och ungdomsf\u00f6rening\u00a0s\u00f6ker vi alltid efter fler engagerade unga och vuxna. Ta hand om djuren, anordna l\u00e4ger eller kanske leta sponsring inf\u00f6r en 4H-dag \u00e4r exempel p\u00e5 vad du kan g\u00f6ra. Sitt med i&nbsp; &hellip; Read more","og_url":"https:\/\/www.4h.se\/stockholm\/engagera-dig-2\/","og_site_name":"Stockholms l\u00e4ns 4H-distrikt","article_modified_time":"2024-03-10T13:21:38+00:00","twitter_card":"summary_large_image","twitter_misc":{"Ber\u00e4knad l\u00e4stid":"4 minuter"},"schema":{"@context":"https:\/\/schema.org","@graph":[{"@type":"WebPage","@id":"https:\/\/www.4h.se\/stockholm\/engagera-dig-2\/","url":"https:\/\/www.4h.se\/stockholm\/engagera-dig-2\/","name":"Engagera dig! - Stockholms l\u00e4ns 4H-distrikt","isPartOf":{"@id":"https:\/\/www.4h.se\/stockholm\/#website"},"datePublished":"2022-06-28T12:25:15+00:00","dateModified":"2024-03-10T13:21:38+00:00","breadcrumb":{"@id":"https:\/\/www.4h.se\/stockholm\/engagera-dig-2\/#breadcrumb"},"inLanguage":"sv-SE","potentialAction":[{"@type":"ReadAction","target":["https:\/\/www.4h.se\/stockholm\/engagera-dig-2\/"]}]},{"@type":"BreadcrumbList","@id":"https:\/\/www.4h.se\/stockholm\/engagera-dig-2\/#breadcrumb","itemListElement":[{"@type":"ListItem","position":1,"name":"Hem","item":"https:\/\/www.4h.se\/stockholm\/"},{"@type":"ListItem","position":2,"name":"Engagera dig!"}]},{"@type":"WebSite","@id":"https:\/\/www.4h.se\/stockholm\/#website","url":"https:\/\/www.4h.se\/stockholm\/","name":"Stockholms l\u00e4ns 4H-distrikt","description":"","publisher":{"@id":"https:\/\/www.4h.se\/stockholm\/#organization"},"potentialAction":[{"@type":"SearchAction","target":{"@type":"EntryPoint","urlTemplate":"https:\/\/www.4h.se\/stockholm\/?s={search_term_string}"},"query-input":{"@type":"PropertyValueSpecification","valueRequired":true,"valueName":"search_term_string"}}],"inLanguage":"sv-SE"},{"@type":"Organization","@id":"https:\/\/www.4h.se\/stockholm\/#organization","name":"4H Stockholms l\u00e4n","url":"https:\/\/www.4h.se\/stockholm\/","logo":{"@type":"ImageObject","inLanguage":"sv-SE","@id":"https:\/\/www.4h.se\/stockholm\/#\/schema\/logo\/image\/","url":"https:\/\/www.4h.se\/stockholm\/wp-content\/uploads\/sites\/9\/2014\/12\/4h_logga.png","contentUrl":"https:\/\/www.4h.se\/stockholm\/wp-content\/uploads\/sites\/9\/2014\/12\/4h_logga.png","width":111,"height":77,"caption":"4H Stockholms l\u00e4n"},"image":{"@id":"https:\/\/www.4h.se\/stockholm\/#\/schema\/logo\/image\/"}}]}},"_links":{"self":[{"href":"https:\/\/www.4h.se\/stockholm\/wp-json\/wp\/v2\/pages\/587","targetHints":{"allow":["GET"]}}],"collection":[{"href":"https:\/\/www.4h.se\/stockholm\/wp-json\/wp\/v2\/pages"}],"about":[{"href":"https:\/\/www.4h.se\/stockholm\/wp-json\/wp\/v2\/types\/page"}],"author":[{"embeddable":true,"href":"https:\/\/www.4h.se\/stockholm\/wp-json\/wp\/v2\/users\/124"}],"replies":[{"embeddable":true,"href":"https:\/\/www.4h.se\/stockholm\/wp-json\/wp\/v2\/comments?post=587"}],"version-history":[{"count":0,"href":"https:\/\/www.4h.se\/stockholm\/wp-json\/wp\/v2\/pages\/587\/revisions"}],"wp:attachment":[{"href":"https:\/\/www.4h.se\/stockholm\/wp-json\/wp\/v2\/media?parent=587"}],"curies":[{"name":"wp","href":"https:\/\/api.w.org\/{rel}","templated":true}]}}