



{"id":490,"date":"2019-03-29T23:48:22","date_gmt":"2019-03-29T22:48:22","guid":{"rendered":"https:\/\/www.4h.se\/stockholm\/?page_id=490"},"modified":"2026-04-17T15:25:09","modified_gmt":"2026-04-17T13:25:09","slug":"aktuella-kurser","status":"publish","type":"page","link":"https:\/\/www.4h.se\/stockholm\/aktuella-kurser\/","title":{"rendered":"Aktuellt"},"content":{"rendered":"<div class=\"wpb-content-wrapper\"><p>[vc_row][vc_column][vc_column_text css=&#8221;&#8221;]<\/p>\n<h1>Kommande ledarkurser<\/h1>\n<p>[\/vc_column_text][\/vc_column][\/vc_row][vc_row][vc_column width=&#8221;1\/3&#8243;][vc_single_image image=&#8221;984&#8243; img_size=&#8221;full&#8221; css=&#8221;.vc_custom_1776416542121{border-top-width: 0px !important;border-right-width: 0px !important;border-bottom-width: 0px !important;border-left-width: 0px !important;border-radius: 35px !important;border-color: #FFFFFF !important;}&#8221;][vc_column_text css=&#8221;&#8221;]<\/p>\n<h2><strong>steg 1: hj\u00e4lpledare<\/strong><\/h2>\n<p>Nu tar du n\u00e4sta steg och utvecklar ditt ledarskap tillsammans med andra fr\u00e5n hela distriktet!<\/p>\n<p>Under kursen l\u00e4r du dig om olika ledarstilar, hur grupper fungerar och hur du planerar roliga och trygga aktiviteter. Du f\u00e5r testa att leda genom praktiska \u00f6vningar, grupparbeten och diskussioner i en trygg milj\u00f6.<\/p>\n<p>Kursen h\u00e5lls p\u00e5 distriktsniv\u00e5, platsen kan variera, och p\u00e5g\u00e5r under tv\u00e5 dagar.<\/p>\n<p>&nbsp;[\/vc_column_text][vc_btn title=&#8221;Fr\u00e5n 12 \u00e5r&#8221; style=&#8221;flat&#8221; color=&#8221;chino&#8221; align=&#8221;center&#8221; i_icon_fontawesome=&#8221;fa fa-solid fa-child-reaching&#8221; css=&#8221;&#8221; button_block=&#8221;true&#8221; add_icon=&#8221;true&#8221;][vc_btn title=&#8221;Danderydsg\u00e5rden&#8221; style=&#8221;flat&#8221; color=&#8221;chino&#8221; align=&#8221;center&#8221; i_icon_fontawesome=&#8221;fa fa-solid fa-people-roof&#8221; css=&#8221;&#8221; button_block=&#8221;true&#8221; add_icon=&#8221;true&#8221;][vc_btn title=&#8221;14-15 februari 2026&#8243; style=&#8221;flat&#8221; color=&#8221;chino&#8221; align=&#8221;center&#8221; i_icon_fontawesome=&#8221;fa fa-solid fa-calendar&#8221; css=&#8221;&#8221; button_block=&#8221;true&#8221; add_icon=&#8221;true&#8221;][\/vc_column][vc_column width=&#8221;1\/3&#8243;][vc_single_image image=&#8221;985&#8243; img_size=&#8221;full&#8221; css=&#8221;.vc_custom_1776416551168{border-top-width: 0px !important;border-right-width: 0px !important;border-bottom-width: 0px !important;border-left-width: 0px !important;border-radius: 35px !important;border-color: #FFFFFF !important;}&#8221;][vc_column_text css=&#8221;&#8221;]<\/p>\n<h2><strong>Steg 2: Juniorledare<\/strong><\/h2>\n<p>H\u00e4r f\u00f6rdjupar du ditt ledarskap och blir \u00e4nnu tryggare i din roll.<\/p>\n<p>Du f\u00e5r l\u00e4ra dig mer om gruppdynamik, konflikthantering och hur du skapar trygga och inkluderande grupper. Du f\u00e5r ocks\u00e5 en inblick i hur en f\u00f6rening fungerar och tr\u00e4nar p\u00e5 att planera aktiviteter som du kan genomf\u00f6ra p\u00e5 din g\u00e5rd.<\/p>\n<p>Kursen h\u00e5lls p\u00e5 distriktsniv\u00e5 (plats varierar) och p\u00e5g\u00e5r i tv\u00e5 dagar, med middag och gemensamma kv\u00e4llsaktiviteter f\u00f6rsta dagen \u2013 ett perfekt tillf\u00e4lle att l\u00e4ra k\u00e4nna andra ledare.[\/vc_column_text][vc_btn title=&#8221;Fr\u00e5n 14 \u00e5r&#8221; style=&#8221;flat&#8221; color=&#8221;chino&#8221; align=&#8221;center&#8221; i_icon_fontawesome=&#8221;fa fa-solid fa-child-reaching&#8221; css=&#8221;&#8221; button_block=&#8221;true&#8221; add_icon=&#8221;true&#8221;][vc_btn title=&#8221;Danderydsg\u00e5rden&#8221; style=&#8221;flat&#8221; color=&#8221;chino&#8221; align=&#8221;center&#8221; i_icon_fontawesome=&#8221;fa fa-solid fa-people-roof&#8221; css=&#8221;&#8221; button_block=&#8221;true&#8221; add_icon=&#8221;true&#8221;][vc_btn title=&#8221;14-15 mars 2026&#8243; style=&#8221;flat&#8221; color=&#8221;chino&#8221; align=&#8221;center&#8221; i_icon_fontawesome=&#8221;fa fa-solid fa-calendar&#8221; css=&#8221;&#8221; button_block=&#8221;true&#8221; add_icon=&#8221;true&#8221;][\/vc_column][vc_column width=&#8221;1\/3&#8243;][vc_single_image image=&#8221;988&#8243; img_size=&#8221;full&#8221; css=&#8221;.vc_custom_1776416561126{border-top-width: 0px !important;border-right-width: 0px !important;border-bottom-width: 0px !important;border-left-width: 0px !important;border-radius: 35px !important;border-color: #FFFFFF !important;}&#8221;][vc_column_text css=&#8221;&#8221;]<\/p>\n<h2><strong>Steg 3: Seniorledare<\/strong><\/h2>\n<p>Nu utvecklar du ditt ledarskap p\u00e5 djupet och hittar din egen stil. Du arbetar med grupputveckling, kommunikation och hur man bygger starka och v\u00e4lfungerande team. Du f\u00e5r ocks\u00e5 reflektera kring ditt eget ledarskap, s\u00e4tta m\u00e5l och hitta s\u00e4tt att utvecklas vidare.<\/p>\n<p>Kursen h\u00e5lls p\u00e5 distriktsniv\u00e5 (plats varierar) under tv\u00e5 dagar och inkluderar middag och gemensamma kv\u00e4llsaktiviteter f\u00f6rsta dagen. Kursen arrangeras en g\u00e5ng per \u00e5r.<\/p>\n<p>&nbsp;[\/vc_column_text][vc_btn title=&#8221;Fr\u00e5n 16 \u00e5r&#8221; style=&#8221;flat&#8221; color=&#8221;chino&#8221; align=&#8221;center&#8221; i_icon_fontawesome=&#8221;fa fa-solid fa-child-reaching&#8221; css=&#8221;&#8221; button_block=&#8221;true&#8221; add_icon=&#8221;true&#8221;][vc_btn title=&#8221;\u00c4ngshuset, H\u00e5gelby&#8221; style=&#8221;flat&#8221; color=&#8221;chino&#8221; align=&#8221;center&#8221; i_icon_fontawesome=&#8221;fa fa-solid fa-people-roof&#8221; css=&#8221;&#8221; button_block=&#8221;true&#8221; add_icon=&#8221;true&#8221;][vc_btn title=&#8221;25-26 april 2026&#8243; style=&#8221;flat&#8221; color=&#8221;chino&#8221; align=&#8221;center&#8221; i_icon_fontawesome=&#8221;fa fa-solid fa-calendar&#8221; css=&#8221;&#8221; button_block=&#8221;true&#8221; add_icon=&#8221;true&#8221;][\/vc_column][\/vc_row][vc_row css=&#8221;.vc_custom_1776432110999{margin-top: 40px !important;}&#8221;][vc_column width=&#8221;1\/3&#8243;][vc_single_image image=&#8221;1009&#8243; img_size=&#8221;full&#8221; css=&#8221;.vc_custom_1776432064761{border-top-width: 0px !important;border-right-width: 0px !important;border-bottom-width: 0px !important;border-left-width: 0px !important;border-radius: 35px !important;border-color: #FFFFFF !important;}&#8221;][vc_column_text css=&#8221;&#8221;]<\/p>\n<h2><strong>Inkluderande lekar<\/strong><\/h2>\n<p>Det h\u00e4r \u00e4r en valbar f\u00f6rdjupningskurs f\u00f6r dig som vill utvecklas \u00e4nnu mer som ledare. H\u00e4r l\u00e4r du dig hur lek kan anv\u00e4ndas f\u00f6r att skapa trygghet, gemenskap och delaktighet i en grupp. Genom praktiska \u00f6vningar, diskussioner och reflektion f\u00e5r du verktyg f\u00f6r att planera och leda lekar d\u00e4r alla kan vara med och k\u00e4nna sig inkluderade.[\/vc_column_text][vc_btn title=&#8221;Fr\u00e5n 12 \u00e5r&#8221; style=&#8221;flat&#8221; color=&#8221;chino&#8221; align=&#8221;center&#8221; i_icon_fontawesome=&#8221;fa fa-solid fa-child-reaching&#8221; css=&#8221;&#8221; button_block=&#8221;true&#8221; add_icon=&#8221;true&#8221;][vc_btn title=&#8221;\u00c4ngshuset, H\u00e5gelby&#8221; style=&#8221;flat&#8221; color=&#8221;chino&#8221; align=&#8221;center&#8221; i_icon_fontawesome=&#8221;fa fa-solid fa-people-roof&#8221; css=&#8221;&#8221; button_block=&#8221;true&#8221; add_icon=&#8221;true&#8221;][vc_btn title=&#8221;9-10 maj 2026&#8243; style=&#8221;flat&#8221; color=&#8221;chino&#8221; align=&#8221;center&#8221; i_icon_fontawesome=&#8221;fa fa-solid fa-calendar&#8221; css=&#8221;&#8221; button_block=&#8221;true&#8221; add_icon=&#8221;true&#8221;][\/vc_column][vc_column width=&#8221;1\/3&#8243;][vc_single_image image=&#8221;1007&#8243; img_size=&#8221;full&#8221; css=&#8221;.vc_custom_1776432079850{border-top-width: 0px !important;border-right-width: 0px !important;border-bottom-width: 0px !important;border-left-width: 0px !important;border-radius: 35px !important;border-color: #FFFFFF !important;}&#8221;][vc_column_text css=&#8221;&#8221;]<\/p>\n<h2><strong>TAKK &#8211; tecken som st\u00f6d<\/strong><\/h2>\n<p>Det h\u00e4r \u00e4r en valbar f\u00f6rdjupningskurs d\u00e4r du f\u00e5r l\u00e4ra dig tecken som st\u00f6d (TAKK) f\u00f6r att st\u00e4rka kommunikationen och g\u00f6ra verksamheten mer inkluderande. Du f\u00e5r f\u00f6rst\u00e5else f\u00f6r varf\u00f6r tecken anv\u00e4nds och l\u00e4r dig cirka 50\u2013100 tecken kopplade till djur, k\u00e4nslor och aktiviteter inom 4H. Kursen inneh\u00e5ller praktiska moment d\u00e4r du f\u00e5r \u00f6va p\u00e5 att anv\u00e4nda tecken i olika situationer och genomf\u00f6rs under tre eftermiddagar.[\/vc_column_text][vc_btn title=&#8221;Fr\u00e5n 14 \u00e5r&#8221; style=&#8221;flat&#8221; color=&#8221;chino&#8221; align=&#8221;center&#8221; i_icon_fontawesome=&#8221;fa fa-solid fa-child-reaching&#8221; css=&#8221;&#8221; button_block=&#8221;true&#8221; add_icon=&#8221;true&#8221;][vc_btn title=&#8221;Distriktskurs&#8221; style=&#8221;flat&#8221; color=&#8221;chino&#8221; align=&#8221;center&#8221; i_icon_fontawesome=&#8221;fa fa-solid fa-people-roof&#8221; css=&#8221;&#8221; button_block=&#8221;true&#8221; add_icon=&#8221;true&#8221;][vc_btn title=&#8221;Ej 2026&#8243; style=&#8221;flat&#8221; color=&#8221;chino&#8221; align=&#8221;center&#8221; i_icon_fontawesome=&#8221;fa fa-solid fa-calendar&#8221; css=&#8221;&#8221; button_block=&#8221;true&#8221; add_icon=&#8221;true&#8221;][\/vc_column][vc_column width=&#8221;1\/3&#8243;][vc_single_image image=&#8221;1008&#8243; img_size=&#8221;full&#8221; css=&#8221;.vc_custom_1776432071766{border-top-width: 0px !important;border-right-width: 0px !important;border-bottom-width: 0px !important;border-left-width: 0px !important;border-radius: 35px !important;border-color: #FFFFFF !important;}&#8221;][vc_column_text css=&#8221;&#8221;]<\/p>\n<h2><strong>NPF<\/strong><\/h2>\n<p>Det h\u00e4r \u00e4r en valbar f\u00f6rdjupningskurs d\u00e4r du f\u00e5r grundl\u00e4ggande kunskap om neuropsykiatriska funktionsvariationer och hur de kan p\u00e5verka deltagande i verksamheten. Du l\u00e4r dig om bem\u00f6tande, anpassningar och inkluderande arbetss\u00e4tt, och f\u00e5r konkreta verktyg f\u00f6r att skapa en verksamhet d\u00e4r fler kan delta p\u00e5 sina villkor.[\/vc_column_text][vc_btn title=&#8221;Fr\u00e5n 16 \u00e5r&#8221; style=&#8221;flat&#8221; color=&#8221;chino&#8221; align=&#8221;center&#8221; i_icon_fontawesome=&#8221;fa fa-solid fa-child-reaching&#8221; css=&#8221;&#8221; button_block=&#8221;true&#8221; add_icon=&#8221;true&#8221;][vc_btn title=&#8221;Distriktskurs&#8221; style=&#8221;flat&#8221; color=&#8221;chino&#8221; align=&#8221;center&#8221; i_icon_fontawesome=&#8221;fa fa-solid fa-people-roof&#8221; css=&#8221;&#8221; button_block=&#8221;true&#8221; add_icon=&#8221;true&#8221;][vc_btn title=&#8221;Ej 2026&#8243; style=&#8221;flat&#8221; color=&#8221;chino&#8221; align=&#8221;center&#8221; i_icon_fontawesome=&#8221;fa fa-solid fa-calendar&#8221; css=&#8221;&#8221; button_block=&#8221;true&#8221; add_icon=&#8221;true&#8221;][\/vc_column][vc_column][\/vc_column][\/vc_row][vc_row][vc_column][vc_column_text css=&#8221;&#8221;]<\/p>\n<h1>Kommande aktiviteter<\/h1>\n<p>[\/vc_column_text][\/vc_column][\/vc_row]<\/p>\n<\/div>","protected":false},"excerpt":{"rendered":"<p>[vc_row][vc_column][vc_column_text css=&#8221;&#8221;] Kommande ledarkurser [\/vc_column_text][\/vc_column][\/vc_row][vc_row][vc_column width=&#8221;1\/3&#8243;][vc_single_image image=&#8221;984&#8243; img_size=&#8221;full&#8221; css=&#8221;.vc_custom_1776416542121{border-top-width: 0px !important;border-right-width: 0px !important;border-bottom-width: 0px !important;border-left-width: 0px !important;border-radius: 35px !important;border-color: #FFFFFF !important;}&#8221;][vc_column_text css=&#8221;&#8221;] steg 1: hj\u00e4lpledare Nu tar du n\u00e4sta steg och utvecklar ditt ledarskap tillsammans med andra fr\u00e5n hela distriktet! Under kursen l\u00e4r du dig om olika ledarstilar, hur grupper fungerar och hur du planerar&nbsp; <a href=\"https:\/\/www.4h.se\/stockholm\/aktuella-kurser\/\">&hellip; Read more <i class=\"glyphicon glyphicon-arrow-right\"><\/i><\/a><\/p>\n","protected":false},"author":136,"featured_media":0,"parent":0,"menu_order":0,"comment_status":"closed","ping_status":"closed","template":"","meta":{"footnotes":""},"class_list":["post-490","page","type-page","status-publish","hentry"],"yoast_head":"<!-- This site is optimized with the Yoast SEO plugin v27.4 - https:\/\/yoast.com\/product\/yoast-seo-wordpress\/ -->\n<title>Aktuellt - Stockholms l\u00e4ns 4H-distrikt<\/title>\n<meta name=\"robots\" content=\"index, follow, max-snippet:-1, max-image-preview:large, max-video-preview:-1\" \/>\n<link rel=\"canonical\" href=\"https:\/\/www.4h.se\/stockholm\/aktuella-kurser\/\" \/>\n<meta property=\"og:locale\" content=\"sv_SE\" \/>\n<meta property=\"og:type\" content=\"article\" \/>\n<meta property=\"og:title\" content=\"Aktuellt - Stockholms l\u00e4ns 4H-distrikt\" \/>\n<meta property=\"og:description\" content=\"[vc_row][vc_column][vc_column_text css=&#8221;&#8221;] Kommande ledarkurser [\/vc_column_text][\/vc_column][\/vc_row][vc_row][vc_column width=&#8221;1\/3&#8243;][vc_single_image image=&#8221;984&#8243; img_size=&#8221;full&#8221; css=&#8221;.vc_custom_1776416542121{border-top-width: 0px !important;border-right-width: 0px !important;border-bottom-width: 0px !important;border-left-width: 0px !important;border-radius: 35px !important;border-color: #FFFFFF !important;}&#8221;][vc_column_text css=&#8221;&#8221;] steg 1: hj\u00e4lpledare Nu tar du n\u00e4sta steg och utvecklar ditt ledarskap tillsammans med andra fr\u00e5n hela distriktet! Under kursen l\u00e4r du dig om olika ledarstilar, hur grupper fungerar och hur du planerar&nbsp; &hellip; Read more\" \/>\n<meta property=\"og:url\" content=\"https:\/\/www.4h.se\/stockholm\/aktuella-kurser\/\" \/>\n<meta property=\"og:site_name\" content=\"Stockholms l\u00e4ns 4H-distrikt\" \/>\n<meta property=\"article:modified_time\" content=\"2026-04-17T13:25:09+00:00\" \/>\n<meta name=\"twitter:card\" content=\"summary_large_image\" \/>\n<meta name=\"twitter:label1\" content=\"Ber\u00e4knad l\u00e4stid\" \/>\n\t<meta name=\"twitter:data1\" content=\"6 minuter\" \/>\n<script type=\"application\/ld+json\" class=\"yoast-schema-graph\">{\"@context\":\"https:\\\/\\\/schema.org\",\"@graph\":[{\"@type\":\"WebPage\",\"@id\":\"https:\\\/\\\/www.4h.se\\\/stockholm\\\/aktuella-kurser\\\/\",\"url\":\"https:\\\/\\\/www.4h.se\\\/stockholm\\\/aktuella-kurser\\\/\",\"name\":\"Aktuellt - Stockholms l\u00e4ns 4H-distrikt\",\"isPartOf\":{\"@id\":\"https:\\\/\\\/www.4h.se\\\/stockholm\\\/#website\"},\"datePublished\":\"2019-03-29T22:48:22+00:00\",\"dateModified\":\"2026-04-17T13:25:09+00:00\",\"breadcrumb\":{\"@id\":\"https:\\\/\\\/www.4h.se\\\/stockholm\\\/aktuella-kurser\\\/#breadcrumb\"},\"inLanguage\":\"sv-SE\",\"potentialAction\":[{\"@type\":\"ReadAction\",\"target\":[\"https:\\\/\\\/www.4h.se\\\/stockholm\\\/aktuella-kurser\\\/\"]}]},{\"@type\":\"BreadcrumbList\",\"@id\":\"https:\\\/\\\/www.4h.se\\\/stockholm\\\/aktuella-kurser\\\/#breadcrumb\",\"itemListElement\":[{\"@type\":\"ListItem\",\"position\":1,\"name\":\"Hem\",\"item\":\"https:\\\/\\\/www.4h.se\\\/stockholm\\\/\"},{\"@type\":\"ListItem\",\"position\":2,\"name\":\"Aktuellt\"}]},{\"@type\":\"WebSite\",\"@id\":\"https:\\\/\\\/www.4h.se\\\/stockholm\\\/#website\",\"url\":\"https:\\\/\\\/www.4h.se\\\/stockholm\\\/\",\"name\":\"Stockholms l\u00e4ns 4H-distrikt\",\"description\":\"\",\"publisher\":{\"@id\":\"https:\\\/\\\/www.4h.se\\\/stockholm\\\/#organization\"},\"potentialAction\":[{\"@type\":\"SearchAction\",\"target\":{\"@type\":\"EntryPoint\",\"urlTemplate\":\"https:\\\/\\\/www.4h.se\\\/stockholm\\\/?s={search_term_string}\"},\"query-input\":{\"@type\":\"PropertyValueSpecification\",\"valueRequired\":true,\"valueName\":\"search_term_string\"}}],\"inLanguage\":\"sv-SE\"},{\"@type\":\"Organization\",\"@id\":\"https:\\\/\\\/www.4h.se\\\/stockholm\\\/#organization\",\"name\":\"4H Stockholms l\u00e4n\",\"url\":\"https:\\\/\\\/www.4h.se\\\/stockholm\\\/\",\"logo\":{\"@type\":\"ImageObject\",\"inLanguage\":\"sv-SE\",\"@id\":\"https:\\\/\\\/www.4h.se\\\/stockholm\\\/#\\\/schema\\\/logo\\\/image\\\/\",\"url\":\"https:\\\/\\\/www.4h.se\\\/stockholm\\\/wp-content\\\/uploads\\\/sites\\\/9\\\/2014\\\/12\\\/4h_logga.png\",\"contentUrl\":\"https:\\\/\\\/www.4h.se\\\/stockholm\\\/wp-content\\\/uploads\\\/sites\\\/9\\\/2014\\\/12\\\/4h_logga.png\",\"width\":111,\"height\":77,\"caption\":\"4H Stockholms l\u00e4n\"},\"image\":{\"@id\":\"https:\\\/\\\/www.4h.se\\\/stockholm\\\/#\\\/schema\\\/logo\\\/image\\\/\"}}]}<\/script>\n<!-- \/ Yoast SEO plugin. -->","yoast_head_json":{"title":"Aktuellt - Stockholms l\u00e4ns 4H-distrikt","robots":{"index":"index","follow":"follow","max-snippet":"max-snippet:-1","max-image-preview":"max-image-preview:large","max-video-preview":"max-video-preview:-1"},"canonical":"https:\/\/www.4h.se\/stockholm\/aktuella-kurser\/","og_locale":"sv_SE","og_type":"article","og_title":"Aktuellt - Stockholms l\u00e4ns 4H-distrikt","og_description":"[vc_row][vc_column][vc_column_text css=&#8221;&#8221;] Kommande ledarkurser [\/vc_column_text][\/vc_column][\/vc_row][vc_row][vc_column width=&#8221;1\/3&#8243;][vc_single_image image=&#8221;984&#8243; img_size=&#8221;full&#8221; css=&#8221;.vc_custom_1776416542121{border-top-width: 0px !important;border-right-width: 0px !important;border-bottom-width: 0px !important;border-left-width: 0px !important;border-radius: 35px !important;border-color: #FFFFFF !important;}&#8221;][vc_column_text css=&#8221;&#8221;] steg 1: hj\u00e4lpledare Nu tar du n\u00e4sta steg och utvecklar ditt ledarskap tillsammans med andra fr\u00e5n hela distriktet! Under kursen l\u00e4r du dig om olika ledarstilar, hur grupper fungerar och hur du planerar&nbsp; &hellip; Read more","og_url":"https:\/\/www.4h.se\/stockholm\/aktuella-kurser\/","og_site_name":"Stockholms l\u00e4ns 4H-distrikt","article_modified_time":"2026-04-17T13:25:09+00:00","twitter_card":"summary_large_image","twitter_misc":{"Ber\u00e4knad l\u00e4stid":"6 minuter"},"schema":{"@context":"https:\/\/schema.org","@graph":[{"@type":"WebPage","@id":"https:\/\/www.4h.se\/stockholm\/aktuella-kurser\/","url":"https:\/\/www.4h.se\/stockholm\/aktuella-kurser\/","name":"Aktuellt - Stockholms l\u00e4ns 4H-distrikt","isPartOf":{"@id":"https:\/\/www.4h.se\/stockholm\/#website"},"datePublished":"2019-03-29T22:48:22+00:00","dateModified":"2026-04-17T13:25:09+00:00","breadcrumb":{"@id":"https:\/\/www.4h.se\/stockholm\/aktuella-kurser\/#breadcrumb"},"inLanguage":"sv-SE","potentialAction":[{"@type":"ReadAction","target":["https:\/\/www.4h.se\/stockholm\/aktuella-kurser\/"]}]},{"@type":"BreadcrumbList","@id":"https:\/\/www.4h.se\/stockholm\/aktuella-kurser\/#breadcrumb","itemListElement":[{"@type":"ListItem","position":1,"name":"Hem","item":"https:\/\/www.4h.se\/stockholm\/"},{"@type":"ListItem","position":2,"name":"Aktuellt"}]},{"@type":"WebSite","@id":"https:\/\/www.4h.se\/stockholm\/#website","url":"https:\/\/www.4h.se\/stockholm\/","name":"Stockholms l\u00e4ns 4H-distrikt","description":"","publisher":{"@id":"https:\/\/www.4h.se\/stockholm\/#organization"},"potentialAction":[{"@type":"SearchAction","target":{"@type":"EntryPoint","urlTemplate":"https:\/\/www.4h.se\/stockholm\/?s={search_term_string}"},"query-input":{"@type":"PropertyValueSpecification","valueRequired":true,"valueName":"search_term_string"}}],"inLanguage":"sv-SE"},{"@type":"Organization","@id":"https:\/\/www.4h.se\/stockholm\/#organization","name":"4H Stockholms l\u00e4n","url":"https:\/\/www.4h.se\/stockholm\/","logo":{"@type":"ImageObject","inLanguage":"sv-SE","@id":"https:\/\/www.4h.se\/stockholm\/#\/schema\/logo\/image\/","url":"https:\/\/www.4h.se\/stockholm\/wp-content\/uploads\/sites\/9\/2014\/12\/4h_logga.png","contentUrl":"https:\/\/www.4h.se\/stockholm\/wp-content\/uploads\/sites\/9\/2014\/12\/4h_logga.png","width":111,"height":77,"caption":"4H Stockholms l\u00e4n"},"image":{"@id":"https:\/\/www.4h.se\/stockholm\/#\/schema\/logo\/image\/"}}]}},"_links":{"self":[{"href":"https:\/\/www.4h.se\/stockholm\/wp-json\/wp\/v2\/pages\/490","targetHints":{"allow":["GET"]}}],"collection":[{"href":"https:\/\/www.4h.se\/stockholm\/wp-json\/wp\/v2\/pages"}],"about":[{"href":"https:\/\/www.4h.se\/stockholm\/wp-json\/wp\/v2\/types\/page"}],"author":[{"embeddable":true,"href":"https:\/\/www.4h.se\/stockholm\/wp-json\/wp\/v2\/users\/136"}],"replies":[{"embeddable":true,"href":"https:\/\/www.4h.se\/stockholm\/wp-json\/wp\/v2\/comments?post=490"}],"version-history":[{"count":0,"href":"https:\/\/www.4h.se\/stockholm\/wp-json\/wp\/v2\/pages\/490\/revisions"}],"wp:attachment":[{"href":"https:\/\/www.4h.se\/stockholm\/wp-json\/wp\/v2\/media?parent=490"}],"curies":[{"name":"wp","href":"https:\/\/api.w.org\/{rel}","templated":true}]}}