



{"id":469,"date":"2019-01-07T03:12:33","date_gmt":"2019-01-07T02:12:33","guid":{"rendered":"http:\/\/www.4h.se\/stockholm\/?page_id=469"},"modified":"2026-04-10T07:46:23","modified_gmt":"2026-04-10T05:46:23","slug":"4h-klubbar-i-stockholms-lan","status":"publish","type":"page","link":"https:\/\/www.4h.se\/stockholm\/4h-klubbar-i-stockholms-lan\/","title":{"rendered":"4H-klubbar i Stockholms l\u00e4n"},"content":{"rendered":"<div class=\"wpb-content-wrapper\"><p>[vc_row][vc_column width=&#8221;2\/3&#8243;][vc_column_text]<\/p>\n<h1><span style=\"color: #006340\"><strong>4H-klubbar i Stockholms l\u00e4n<\/strong><\/span><\/h1>\n<p>Varje 4H-klubb best\u00e4mmer sj\u00e4lva vad dom vill g\u00f6ra i sin verksamhet, vilket g\u00f6r att det kan variera v\u00e4ldigt mycket mellan klubbarna. Exempelvis kan en klubb fokusera mycket p\u00e5 matskola, eller s\u00e5 har de agility med kaniner.[\/vc_column_text][\/vc_column][\/vc_row][vc_row][vc_column width=&#8221;1\/3&#8243;][vc_column_text css=&#8221;&#8221;]<strong>Bagarmossens 4H<\/strong><\/p>\n<p>Hemsida:<a href=\"https:\/\/bagarmossens4h.wordpress.com\/\">\u00a0https:\/\/bagarmossens4h.wordpress.com\/<\/a><\/p>\n<p>Mail:\u00a0<a href=\"mailto:bagarmossen4h@gmail.com\">bagarmossen4h@gmail.com<\/a><\/p>\n<p>&nbsp;<\/p>\n<p><strong>Gamla Enkede 4H<\/strong><\/p>\n<p>Facebook: <a href=\"https:\/\/www.facebook.com\/profile.php?id=100076344910268\">Gamla Enskede 4H\u00a0<\/a><\/p>\n<p>Mail:\u00a0<a href=\"mailto:gamlaenskede4h@gmail.com\">gamlaenskede4h@gmail.com<\/a><\/p>\n<p>&nbsp;<\/p>\n<p><strong>G\u00f6rv\u00e4lns 4H<\/strong> \u2013 J\u00e4rf\u00e4lla<\/p>\n<p>Hemsida:\u00a0<a href=\"http:\/\/www.4h.se\/gorvalns\">www.4h.se\/gorvalns<\/a><\/p>\n<p>Mail: <a href=\"mailto:gorvaln@4h.se\">gorvaln@4h.se<\/a><\/p>\n<p>&nbsp;<\/p>\n<p><strong>Lava 4H <\/strong>&#8211; Norrt\u00e4lje<\/p>\n<p>Hemsida:\u00a0<a href=\"http:\/\/www.4h.se\/lava\">www.4h.se\/lava<\/a><\/p>\n<p>Mail:\u00a0<a href=\"mailto:lava@4H.se\">lava@4H.se<\/a><\/p>\n<p>&nbsp;<\/p>\n<p><strong>Fyrkl\u00f6verns 4H <\/strong>&#8211; Bromma<\/p>\n<p>Facebooksida:<\/p>\n<p>Mail: <a href=\"mailto:fyrklovern@4h.se\">fyrklovern@4h.se<\/a>[\/vc_column_text][\/vc_column][vc_column width=&#8221;1\/3&#8243;][vc_column_text css=&#8221;&#8221;]<strong>Nackavikens 4H<\/strong> \u2013 Nyckelviken, Nacka<\/p>\n<p>Facebook:\u00a0<a href=\"https:\/\/www.facebook.com\/Nackaviken-4H-Nyckelviken-Nacka-149513945833871\/\">Nackavikens 4H<\/a><\/p>\n<p>&nbsp;<\/p>\n<p><strong>T\u00e4by 4H<\/strong> \u2013 T\u00e4by<\/p>\n<p>Hemsida:\u00a0<a href=\"https:\/\/sites.google.com\/site\/taby4h\/\">https:\/\/sites.google.com\/site\/taby4h\/<\/a><\/p>\n<p>Mail:\u00a0<a href=\"mailto:taby@4h.se\" target=\"_blank\" rel=\"noopener noreferrer\">taby@4h.se<\/a><\/p>\n<p>&nbsp;<\/p>\n<p><b>\u00d6verj\u00e4rva 4H <\/b>\u2013 Solna<\/p>\n<p>Hemsida:\u00a0<a href=\"https:\/\/www.4h.se\/overjarva\/\">https:\/\/www.4h.se\/overjarva\/<\/a><\/p>\n<p>Mail: <a href=\"mailto:overjarva@4h.se\" target=\"_blank\" rel=\"noopener noreferrer\">overjarva@4h.se<\/a><\/p>\n<p>&nbsp;<\/p>\n<p>&nbsp;[\/vc_column_text][\/vc_column][vc_column width=&#8221;1\/3&#8243;][vc_single_image image=&#8221;470&#8243; img_size=&#8221;full&#8221; add_caption=&#8221;yes&#8221;][\/vc_column][\/vc_row]<\/p>\n<\/div>","protected":false},"excerpt":{"rendered":"<p>[vc_row][vc_column width=&#8221;2\/3&#8243;][vc_column_text] 4H-klubbar i Stockholms l\u00e4n Varje 4H-klubb best\u00e4mmer sj\u00e4lva vad dom vill g\u00f6ra i sin verksamhet, vilket g\u00f6r att det kan variera v\u00e4ldigt mycket mellan klubbarna. Exempelvis kan en klubb fokusera mycket p\u00e5 matskola, eller s\u00e5 har de agility med kaniner.[\/vc_column_text][\/vc_column][\/vc_row][vc_row][vc_column width=&#8221;1\/3&#8243;][vc_column_text css=&#8221;&#8221;]Bagarmossens 4H Hemsida:\u00a0https:\/\/bagarmossens4h.wordpress.com\/ Mail:\u00a0bagarmossen4h@gmail.com &nbsp; Gamla Enkede 4H Facebook: Gamla Enskede 4H\u00a0&nbsp; <a href=\"https:\/\/www.4h.se\/stockholm\/4h-klubbar-i-stockholms-lan\/\">&hellip; Read more <i class=\"glyphicon glyphicon-arrow-right\"><\/i><\/a><\/p>\n","protected":false},"author":136,"featured_media":0,"parent":0,"menu_order":0,"comment_status":"closed","ping_status":"closed","template":"","meta":{"footnotes":""},"class_list":["post-469","page","type-page","status-publish","hentry"],"yoast_head":"<!-- This site is optimized with the Yoast SEO plugin v27.4 - https:\/\/yoast.com\/product\/yoast-seo-wordpress\/ -->\n<title>4H-klubbar i Stockholms l\u00e4n - Stockholms l\u00e4ns 4H-distrikt<\/title>\n<meta name=\"robots\" content=\"index, follow, max-snippet:-1, max-image-preview:large, max-video-preview:-1\" \/>\n<link rel=\"canonical\" href=\"https:\/\/www.4h.se\/stockholm\/4h-klubbar-i-stockholms-lan\/\" \/>\n<meta property=\"og:locale\" content=\"sv_SE\" \/>\n<meta property=\"og:type\" content=\"article\" \/>\n<meta property=\"og:title\" content=\"4H-klubbar i Stockholms l\u00e4n - Stockholms l\u00e4ns 4H-distrikt\" \/>\n<meta property=\"og:description\" content=\"[vc_row][vc_column width=&#8221;2\/3&#8243;][vc_column_text] 4H-klubbar i Stockholms l\u00e4n Varje 4H-klubb best\u00e4mmer sj\u00e4lva vad dom vill g\u00f6ra i sin verksamhet, vilket g\u00f6r att det kan variera v\u00e4ldigt mycket mellan klubbarna. Exempelvis kan en klubb fokusera mycket p\u00e5 matskola, eller s\u00e5 har de agility med kaniner.[\/vc_column_text][\/vc_column][\/vc_row][vc_row][vc_column width=&#8221;1\/3&#8243;][vc_column_text css=&#8221;&#8221;]Bagarmossens 4H Hemsida:\u00a0https:\/\/bagarmossens4h.wordpress.com\/ Mail:\u00a0bagarmossen4h@gmail.com &nbsp; Gamla Enkede 4H Facebook: Gamla Enskede 4H\u00a0&nbsp; &hellip; Read more\" \/>\n<meta property=\"og:url\" content=\"https:\/\/www.4h.se\/stockholm\/4h-klubbar-i-stockholms-lan\/\" \/>\n<meta property=\"og:site_name\" content=\"Stockholms l\u00e4ns 4H-distrikt\" \/>\n<meta property=\"article:modified_time\" content=\"2026-04-10T05:46:23+00:00\" \/>\n<meta name=\"twitter:card\" content=\"summary_large_image\" \/>\n<script type=\"application\/ld+json\" class=\"yoast-schema-graph\">{\"@context\":\"https:\\\/\\\/schema.org\",\"@graph\":[{\"@type\":\"WebPage\",\"@id\":\"https:\\\/\\\/www.4h.se\\\/stockholm\\\/4h-klubbar-i-stockholms-lan\\\/\",\"url\":\"https:\\\/\\\/www.4h.se\\\/stockholm\\\/4h-klubbar-i-stockholms-lan\\\/\",\"name\":\"4H-klubbar i Stockholms l\u00e4n - Stockholms l\u00e4ns 4H-distrikt\",\"isPartOf\":{\"@id\":\"https:\\\/\\\/www.4h.se\\\/stockholm\\\/#website\"},\"datePublished\":\"2019-01-07T02:12:33+00:00\",\"dateModified\":\"2026-04-10T05:46:23+00:00\",\"breadcrumb\":{\"@id\":\"https:\\\/\\\/www.4h.se\\\/stockholm\\\/4h-klubbar-i-stockholms-lan\\\/#breadcrumb\"},\"inLanguage\":\"sv-SE\",\"potentialAction\":[{\"@type\":\"ReadAction\",\"target\":[\"https:\\\/\\\/www.4h.se\\\/stockholm\\\/4h-klubbar-i-stockholms-lan\\\/\"]}]},{\"@type\":\"BreadcrumbList\",\"@id\":\"https:\\\/\\\/www.4h.se\\\/stockholm\\\/4h-klubbar-i-stockholms-lan\\\/#breadcrumb\",\"itemListElement\":[{\"@type\":\"ListItem\",\"position\":1,\"name\":\"Hem\",\"item\":\"https:\\\/\\\/www.4h.se\\\/stockholm\\\/\"},{\"@type\":\"ListItem\",\"position\":2,\"name\":\"4H-klubbar i Stockholms l\u00e4n\"}]},{\"@type\":\"WebSite\",\"@id\":\"https:\\\/\\\/www.4h.se\\\/stockholm\\\/#website\",\"url\":\"https:\\\/\\\/www.4h.se\\\/stockholm\\\/\",\"name\":\"Stockholms l\u00e4ns 4H-distrikt\",\"description\":\"\",\"publisher\":{\"@id\":\"https:\\\/\\\/www.4h.se\\\/stockholm\\\/#organization\"},\"potentialAction\":[{\"@type\":\"SearchAction\",\"target\":{\"@type\":\"EntryPoint\",\"urlTemplate\":\"https:\\\/\\\/www.4h.se\\\/stockholm\\\/?s={search_term_string}\"},\"query-input\":{\"@type\":\"PropertyValueSpecification\",\"valueRequired\":true,\"valueName\":\"search_term_string\"}}],\"inLanguage\":\"sv-SE\"},{\"@type\":\"Organization\",\"@id\":\"https:\\\/\\\/www.4h.se\\\/stockholm\\\/#organization\",\"name\":\"4H Stockholms l\u00e4n\",\"url\":\"https:\\\/\\\/www.4h.se\\\/stockholm\\\/\",\"logo\":{\"@type\":\"ImageObject\",\"inLanguage\":\"sv-SE\",\"@id\":\"https:\\\/\\\/www.4h.se\\\/stockholm\\\/#\\\/schema\\\/logo\\\/image\\\/\",\"url\":\"https:\\\/\\\/www.4h.se\\\/stockholm\\\/wp-content\\\/uploads\\\/sites\\\/9\\\/2014\\\/12\\\/4h_logga.png\",\"contentUrl\":\"https:\\\/\\\/www.4h.se\\\/stockholm\\\/wp-content\\\/uploads\\\/sites\\\/9\\\/2014\\\/12\\\/4h_logga.png\",\"width\":111,\"height\":77,\"caption\":\"4H Stockholms l\u00e4n\"},\"image\":{\"@id\":\"https:\\\/\\\/www.4h.se\\\/stockholm\\\/#\\\/schema\\\/logo\\\/image\\\/\"}}]}<\/script>\n<!-- \/ Yoast SEO plugin. -->","yoast_head_json":{"title":"4H-klubbar i Stockholms l\u00e4n - Stockholms l\u00e4ns 4H-distrikt","robots":{"index":"index","follow":"follow","max-snippet":"max-snippet:-1","max-image-preview":"max-image-preview:large","max-video-preview":"max-video-preview:-1"},"canonical":"https:\/\/www.4h.se\/stockholm\/4h-klubbar-i-stockholms-lan\/","og_locale":"sv_SE","og_type":"article","og_title":"4H-klubbar i Stockholms l\u00e4n - Stockholms l\u00e4ns 4H-distrikt","og_description":"[vc_row][vc_column width=&#8221;2\/3&#8243;][vc_column_text] 4H-klubbar i Stockholms l\u00e4n Varje 4H-klubb best\u00e4mmer sj\u00e4lva vad dom vill g\u00f6ra i sin verksamhet, vilket g\u00f6r att det kan variera v\u00e4ldigt mycket mellan klubbarna. Exempelvis kan en klubb fokusera mycket p\u00e5 matskola, eller s\u00e5 har de agility med kaniner.[\/vc_column_text][\/vc_column][\/vc_row][vc_row][vc_column width=&#8221;1\/3&#8243;][vc_column_text css=&#8221;&#8221;]Bagarmossens 4H Hemsida:\u00a0https:\/\/bagarmossens4h.wordpress.com\/ Mail:\u00a0bagarmossen4h@gmail.com &nbsp; Gamla Enkede 4H Facebook: Gamla Enskede 4H\u00a0&nbsp; &hellip; Read more","og_url":"https:\/\/www.4h.se\/stockholm\/4h-klubbar-i-stockholms-lan\/","og_site_name":"Stockholms l\u00e4ns 4H-distrikt","article_modified_time":"2026-04-10T05:46:23+00:00","twitter_card":"summary_large_image","schema":{"@context":"https:\/\/schema.org","@graph":[{"@type":"WebPage","@id":"https:\/\/www.4h.se\/stockholm\/4h-klubbar-i-stockholms-lan\/","url":"https:\/\/www.4h.se\/stockholm\/4h-klubbar-i-stockholms-lan\/","name":"4H-klubbar i Stockholms l\u00e4n - Stockholms l\u00e4ns 4H-distrikt","isPartOf":{"@id":"https:\/\/www.4h.se\/stockholm\/#website"},"datePublished":"2019-01-07T02:12:33+00:00","dateModified":"2026-04-10T05:46:23+00:00","breadcrumb":{"@id":"https:\/\/www.4h.se\/stockholm\/4h-klubbar-i-stockholms-lan\/#breadcrumb"},"inLanguage":"sv-SE","potentialAction":[{"@type":"ReadAction","target":["https:\/\/www.4h.se\/stockholm\/4h-klubbar-i-stockholms-lan\/"]}]},{"@type":"BreadcrumbList","@id":"https:\/\/www.4h.se\/stockholm\/4h-klubbar-i-stockholms-lan\/#breadcrumb","itemListElement":[{"@type":"ListItem","position":1,"name":"Hem","item":"https:\/\/www.4h.se\/stockholm\/"},{"@type":"ListItem","position":2,"name":"4H-klubbar i Stockholms l\u00e4n"}]},{"@type":"WebSite","@id":"https:\/\/www.4h.se\/stockholm\/#website","url":"https:\/\/www.4h.se\/stockholm\/","name":"Stockholms l\u00e4ns 4H-distrikt","description":"","publisher":{"@id":"https:\/\/www.4h.se\/stockholm\/#organization"},"potentialAction":[{"@type":"SearchAction","target":{"@type":"EntryPoint","urlTemplate":"https:\/\/www.4h.se\/stockholm\/?s={search_term_string}"},"query-input":{"@type":"PropertyValueSpecification","valueRequired":true,"valueName":"search_term_string"}}],"inLanguage":"sv-SE"},{"@type":"Organization","@id":"https:\/\/www.4h.se\/stockholm\/#organization","name":"4H Stockholms l\u00e4n","url":"https:\/\/www.4h.se\/stockholm\/","logo":{"@type":"ImageObject","inLanguage":"sv-SE","@id":"https:\/\/www.4h.se\/stockholm\/#\/schema\/logo\/image\/","url":"https:\/\/www.4h.se\/stockholm\/wp-content\/uploads\/sites\/9\/2014\/12\/4h_logga.png","contentUrl":"https:\/\/www.4h.se\/stockholm\/wp-content\/uploads\/sites\/9\/2014\/12\/4h_logga.png","width":111,"height":77,"caption":"4H Stockholms l\u00e4n"},"image":{"@id":"https:\/\/www.4h.se\/stockholm\/#\/schema\/logo\/image\/"}}]}},"_links":{"self":[{"href":"https:\/\/www.4h.se\/stockholm\/wp-json\/wp\/v2\/pages\/469","targetHints":{"allow":["GET"]}}],"collection":[{"href":"https:\/\/www.4h.se\/stockholm\/wp-json\/wp\/v2\/pages"}],"about":[{"href":"https:\/\/www.4h.se\/stockholm\/wp-json\/wp\/v2\/types\/page"}],"author":[{"embeddable":true,"href":"https:\/\/www.4h.se\/stockholm\/wp-json\/wp\/v2\/users\/136"}],"replies":[{"embeddable":true,"href":"https:\/\/www.4h.se\/stockholm\/wp-json\/wp\/v2\/comments?post=469"}],"version-history":[{"count":0,"href":"https:\/\/www.4h.se\/stockholm\/wp-json\/wp\/v2\/pages\/469\/revisions"}],"wp:attachment":[{"href":"https:\/\/www.4h.se\/stockholm\/wp-json\/wp\/v2\/media?parent=469"}],"curies":[{"name":"wp","href":"https:\/\/api.w.org\/{rel}","templated":true}]}}