



{"id":310,"date":"2016-01-24T09:58:52","date_gmt":"2016-01-24T08:58:52","guid":{"rendered":"http:\/\/www.4h.se\/stockholm\/?page_id=310"},"modified":"2022-09-30T18:41:41","modified_gmt":"2022-09-30T16:41:41","slug":"vad-ar-en-4h-klubb","status":"publish","type":"page","link":"https:\/\/www.4h.se\/stockholm\/vad-ar-en-4h-klubb\/","title":{"rendered":"Vad \u00e4r en 4H-klubb?"},"content":{"rendered":"<div class=\"wpb-content-wrapper\"><p>[vc_row][vc_column width=&#8221;1\/2&#8243;][vc_column_text]<\/p>\n<h1><span style=\"color: #006340\">Vad \u00e4r en 4H-klubb?<\/span><\/h1>\n<p>Det \u00e4r i 4H-klubben du \u00e4r med om huvudsaken av 4H:s verksamhet. Du best\u00e4mmer sj\u00e4lv tillsammans med de andra medlemmarna i klubben vad ni ska g\u00f6ra i just er klubb.<\/p>\n<p>En del 4H-klubbar har \u00e4ven djur och kallas d\u00e5 f\u00f6r <a href=\"https:\/\/www.4h.se\/stockholm\/4h-gardar\/\">4H-g\u00e5rd<\/a>.<\/p>\n<p>Din favoritaktivitet i 4H kan bli allt fr\u00e5n att virka m\u00f6ssor, spela teater, innebandy, volleyboll, pyssel och bakning eller h\u00e4mta hem f\u00e5ren fr\u00e5n hagen p\u00e5 4H-g\u00e5rden.<\/p>\n<p>Det \u00e4r ganska fritt vad man kan g\u00f6ra i 4H. Det som \u00e4nd\u00e5 \u00e4r likt mellan olika 4H-klubbar \u00e4r gemenskapen, att du ska ha m\u00f6jlighet att ha kul, l\u00e4ra dig n\u00e5got och tr\u00e4ffa nya samt gamla kompisar. Ta g\u00e4rna reda p\u00e5 hur det ser ut p\u00e5 din n\u00e4rmaste 4H-klubb!<\/p>\n<p><strong>Se din n\u00e4rmsta 4H-klubb <a title=\"4H-klubbar i Stockholms l\u00e4n\" href=\"https:\/\/www.4h.se\/stockholm\/vad-ar-en-4h-klubb\/4h-klubbar-i-stockholms-lan\/\">h\u00e4r<\/a>.<\/strong><\/p>\n<p>Klubben \u00e4r basen i 4H:s f\u00f6reningsdemokrati. D\u00e4r utses en styrelse av medlemmarna p\u00e5 \u00e5rsm\u00f6tet enligt traditionella demokratiska former. De som sitter i styrelsen \u00e4r med och planerar och utf\u00f6r klubbens verksamhet.<\/p>\n<p>Erfarenheterna fr\u00e5n att ha suttit med i en klubbstyrelse har man ofta nytta av i andra sammanhang i skolan eller n\u00e4r man ska s\u00f6ka jobb.[\/vc_column_text][\/vc_column][vc_column width=&#8221;1\/2&#8243;][vc_single_image image=&#8221;468&#8243; img_size=&#8221;full&#8221; add_caption=&#8221;yes&#8221;][\/vc_column][\/vc_row]<\/p>\n<\/div>","protected":false},"excerpt":{"rendered":"<p>[vc_row][vc_column width=&#8221;1\/2&#8243;][vc_column_text] Vad \u00e4r en 4H-klubb? Det \u00e4r i 4H-klubben du \u00e4r med om huvudsaken av 4H:s verksamhet. Du best\u00e4mmer sj\u00e4lv tillsammans med de andra medlemmarna i klubben vad ni ska g\u00f6ra i just er klubb. En del 4H-klubbar har \u00e4ven djur och kallas d\u00e5 f\u00f6r 4H-g\u00e5rd. Din favoritaktivitet i 4H kan bli allt fr\u00e5n&nbsp; <a href=\"https:\/\/www.4h.se\/stockholm\/vad-ar-en-4h-klubb\/\">&hellip; Read more <i class=\"glyphicon glyphicon-arrow-right\"><\/i><\/a><\/p>\n","protected":false},"author":16,"featured_media":0,"parent":0,"menu_order":0,"comment_status":"closed","ping_status":"closed","template":"","meta":{"footnotes":""},"class_list":["post-310","page","type-page","status-publish","hentry"],"yoast_head":"<!-- This site is optimized with the Yoast SEO plugin v27.4 - https:\/\/yoast.com\/product\/yoast-seo-wordpress\/ -->\n<title>Vad \u00e4r en 4H-klubb? - Stockholms l\u00e4ns 4H-distrikt<\/title>\n<meta name=\"robots\" content=\"index, follow, max-snippet:-1, max-image-preview:large, max-video-preview:-1\" \/>\n<link rel=\"canonical\" href=\"https:\/\/www.4h.se\/stockholm\/vad-ar-en-4h-klubb\/\" \/>\n<meta property=\"og:locale\" content=\"sv_SE\" \/>\n<meta property=\"og:type\" content=\"article\" \/>\n<meta property=\"og:title\" content=\"Vad \u00e4r en 4H-klubb? - Stockholms l\u00e4ns 4H-distrikt\" \/>\n<meta property=\"og:description\" content=\"[vc_row][vc_column width=&#8221;1\/2&#8243;][vc_column_text] Vad \u00e4r en 4H-klubb? Det \u00e4r i 4H-klubben du \u00e4r med om huvudsaken av 4H:s verksamhet. Du best\u00e4mmer sj\u00e4lv tillsammans med de andra medlemmarna i klubben vad ni ska g\u00f6ra i just er klubb. En del 4H-klubbar har \u00e4ven djur och kallas d\u00e5 f\u00f6r 4H-g\u00e5rd. Din favoritaktivitet i 4H kan bli allt fr\u00e5n&nbsp; &hellip; Read more\" \/>\n<meta property=\"og:url\" content=\"https:\/\/www.4h.se\/stockholm\/vad-ar-en-4h-klubb\/\" \/>\n<meta property=\"og:site_name\" content=\"Stockholms l\u00e4ns 4H-distrikt\" \/>\n<meta property=\"article:modified_time\" content=\"2022-09-30T16:41:41+00:00\" \/>\n<meta name=\"twitter:card\" content=\"summary_large_image\" \/>\n<meta name=\"twitter:label1\" content=\"Ber\u00e4knad l\u00e4stid\" \/>\n\t<meta name=\"twitter:data1\" content=\"1 minut\" \/>\n<script type=\"application\/ld+json\" class=\"yoast-schema-graph\">{\"@context\":\"https:\\\/\\\/schema.org\",\"@graph\":[{\"@type\":\"WebPage\",\"@id\":\"https:\\\/\\\/www.4h.se\\\/stockholm\\\/vad-ar-en-4h-klubb\\\/\",\"url\":\"https:\\\/\\\/www.4h.se\\\/stockholm\\\/vad-ar-en-4h-klubb\\\/\",\"name\":\"Vad \u00e4r en 4H-klubb? - Stockholms l\u00e4ns 4H-distrikt\",\"isPartOf\":{\"@id\":\"https:\\\/\\\/www.4h.se\\\/stockholm\\\/#website\"},\"datePublished\":\"2016-01-24T08:58:52+00:00\",\"dateModified\":\"2022-09-30T16:41:41+00:00\",\"breadcrumb\":{\"@id\":\"https:\\\/\\\/www.4h.se\\\/stockholm\\\/vad-ar-en-4h-klubb\\\/#breadcrumb\"},\"inLanguage\":\"sv-SE\",\"potentialAction\":[{\"@type\":\"ReadAction\",\"target\":[\"https:\\\/\\\/www.4h.se\\\/stockholm\\\/vad-ar-en-4h-klubb\\\/\"]}]},{\"@type\":\"BreadcrumbList\",\"@id\":\"https:\\\/\\\/www.4h.se\\\/stockholm\\\/vad-ar-en-4h-klubb\\\/#breadcrumb\",\"itemListElement\":[{\"@type\":\"ListItem\",\"position\":1,\"name\":\"Hem\",\"item\":\"https:\\\/\\\/www.4h.se\\\/stockholm\\\/\"},{\"@type\":\"ListItem\",\"position\":2,\"name\":\"Vad \u00e4r en 4H-klubb?\"}]},{\"@type\":\"WebSite\",\"@id\":\"https:\\\/\\\/www.4h.se\\\/stockholm\\\/#website\",\"url\":\"https:\\\/\\\/www.4h.se\\\/stockholm\\\/\",\"name\":\"Stockholms l\u00e4ns 4H-distrikt\",\"description\":\"\",\"publisher\":{\"@id\":\"https:\\\/\\\/www.4h.se\\\/stockholm\\\/#organization\"},\"potentialAction\":[{\"@type\":\"SearchAction\",\"target\":{\"@type\":\"EntryPoint\",\"urlTemplate\":\"https:\\\/\\\/www.4h.se\\\/stockholm\\\/?s={search_term_string}\"},\"query-input\":{\"@type\":\"PropertyValueSpecification\",\"valueRequired\":true,\"valueName\":\"search_term_string\"}}],\"inLanguage\":\"sv-SE\"},{\"@type\":\"Organization\",\"@id\":\"https:\\\/\\\/www.4h.se\\\/stockholm\\\/#organization\",\"name\":\"4H Stockholms l\u00e4n\",\"url\":\"https:\\\/\\\/www.4h.se\\\/stockholm\\\/\",\"logo\":{\"@type\":\"ImageObject\",\"inLanguage\":\"sv-SE\",\"@id\":\"https:\\\/\\\/www.4h.se\\\/stockholm\\\/#\\\/schema\\\/logo\\\/image\\\/\",\"url\":\"https:\\\/\\\/www.4h.se\\\/stockholm\\\/wp-content\\\/uploads\\\/sites\\\/9\\\/2014\\\/12\\\/4h_logga.png\",\"contentUrl\":\"https:\\\/\\\/www.4h.se\\\/stockholm\\\/wp-content\\\/uploads\\\/sites\\\/9\\\/2014\\\/12\\\/4h_logga.png\",\"width\":111,\"height\":77,\"caption\":\"4H Stockholms l\u00e4n\"},\"image\":{\"@id\":\"https:\\\/\\\/www.4h.se\\\/stockholm\\\/#\\\/schema\\\/logo\\\/image\\\/\"}}]}<\/script>\n<!-- \/ Yoast SEO plugin. -->","yoast_head_json":{"title":"Vad \u00e4r en 4H-klubb? - Stockholms l\u00e4ns 4H-distrikt","robots":{"index":"index","follow":"follow","max-snippet":"max-snippet:-1","max-image-preview":"max-image-preview:large","max-video-preview":"max-video-preview:-1"},"canonical":"https:\/\/www.4h.se\/stockholm\/vad-ar-en-4h-klubb\/","og_locale":"sv_SE","og_type":"article","og_title":"Vad \u00e4r en 4H-klubb? - Stockholms l\u00e4ns 4H-distrikt","og_description":"[vc_row][vc_column width=&#8221;1\/2&#8243;][vc_column_text] Vad \u00e4r en 4H-klubb? Det \u00e4r i 4H-klubben du \u00e4r med om huvudsaken av 4H:s verksamhet. Du best\u00e4mmer sj\u00e4lv tillsammans med de andra medlemmarna i klubben vad ni ska g\u00f6ra i just er klubb. En del 4H-klubbar har \u00e4ven djur och kallas d\u00e5 f\u00f6r 4H-g\u00e5rd. Din favoritaktivitet i 4H kan bli allt fr\u00e5n&nbsp; &hellip; Read more","og_url":"https:\/\/www.4h.se\/stockholm\/vad-ar-en-4h-klubb\/","og_site_name":"Stockholms l\u00e4ns 4H-distrikt","article_modified_time":"2022-09-30T16:41:41+00:00","twitter_card":"summary_large_image","twitter_misc":{"Ber\u00e4knad l\u00e4stid":"1 minut"},"schema":{"@context":"https:\/\/schema.org","@graph":[{"@type":"WebPage","@id":"https:\/\/www.4h.se\/stockholm\/vad-ar-en-4h-klubb\/","url":"https:\/\/www.4h.se\/stockholm\/vad-ar-en-4h-klubb\/","name":"Vad \u00e4r en 4H-klubb? - Stockholms l\u00e4ns 4H-distrikt","isPartOf":{"@id":"https:\/\/www.4h.se\/stockholm\/#website"},"datePublished":"2016-01-24T08:58:52+00:00","dateModified":"2022-09-30T16:41:41+00:00","breadcrumb":{"@id":"https:\/\/www.4h.se\/stockholm\/vad-ar-en-4h-klubb\/#breadcrumb"},"inLanguage":"sv-SE","potentialAction":[{"@type":"ReadAction","target":["https:\/\/www.4h.se\/stockholm\/vad-ar-en-4h-klubb\/"]}]},{"@type":"BreadcrumbList","@id":"https:\/\/www.4h.se\/stockholm\/vad-ar-en-4h-klubb\/#breadcrumb","itemListElement":[{"@type":"ListItem","position":1,"name":"Hem","item":"https:\/\/www.4h.se\/stockholm\/"},{"@type":"ListItem","position":2,"name":"Vad \u00e4r en 4H-klubb?"}]},{"@type":"WebSite","@id":"https:\/\/www.4h.se\/stockholm\/#website","url":"https:\/\/www.4h.se\/stockholm\/","name":"Stockholms l\u00e4ns 4H-distrikt","description":"","publisher":{"@id":"https:\/\/www.4h.se\/stockholm\/#organization"},"potentialAction":[{"@type":"SearchAction","target":{"@type":"EntryPoint","urlTemplate":"https:\/\/www.4h.se\/stockholm\/?s={search_term_string}"},"query-input":{"@type":"PropertyValueSpecification","valueRequired":true,"valueName":"search_term_string"}}],"inLanguage":"sv-SE"},{"@type":"Organization","@id":"https:\/\/www.4h.se\/stockholm\/#organization","name":"4H Stockholms l\u00e4n","url":"https:\/\/www.4h.se\/stockholm\/","logo":{"@type":"ImageObject","inLanguage":"sv-SE","@id":"https:\/\/www.4h.se\/stockholm\/#\/schema\/logo\/image\/","url":"https:\/\/www.4h.se\/stockholm\/wp-content\/uploads\/sites\/9\/2014\/12\/4h_logga.png","contentUrl":"https:\/\/www.4h.se\/stockholm\/wp-content\/uploads\/sites\/9\/2014\/12\/4h_logga.png","width":111,"height":77,"caption":"4H Stockholms l\u00e4n"},"image":{"@id":"https:\/\/www.4h.se\/stockholm\/#\/schema\/logo\/image\/"}}]}},"_links":{"self":[{"href":"https:\/\/www.4h.se\/stockholm\/wp-json\/wp\/v2\/pages\/310","targetHints":{"allow":["GET"]}}],"collection":[{"href":"https:\/\/www.4h.se\/stockholm\/wp-json\/wp\/v2\/pages"}],"about":[{"href":"https:\/\/www.4h.se\/stockholm\/wp-json\/wp\/v2\/types\/page"}],"author":[{"embeddable":true,"href":"https:\/\/www.4h.se\/stockholm\/wp-json\/wp\/v2\/users\/16"}],"replies":[{"embeddable":true,"href":"https:\/\/www.4h.se\/stockholm\/wp-json\/wp\/v2\/comments?post=310"}],"version-history":[{"count":0,"href":"https:\/\/www.4h.se\/stockholm\/wp-json\/wp\/v2\/pages\/310\/revisions"}],"wp:attachment":[{"href":"https:\/\/www.4h.se\/stockholm\/wp-json\/wp\/v2\/media?parent=310"}],"curies":[{"name":"wp","href":"https:\/\/api.w.org\/{rel}","templated":true}]}}