



{"id":292,"date":"2016-01-24T09:50:51","date_gmt":"2016-01-24T08:50:51","guid":{"rendered":"http:\/\/www.4h.se\/stockholm\/?page_id=292"},"modified":"2022-06-30T13:50:40","modified_gmt":"2022-06-30T11:50:40","slug":"om-4h","status":"publish","type":"page","link":"https:\/\/www.4h.se\/stockholm\/om-4h\/","title":{"rendered":"V\u00e5r vision"},"content":{"rendered":"<div class=\"wpb-content-wrapper\"><p>[vc_row][vc_column width=&#8221;1\/2&#8243;][vc_column_text]<\/p>\n<h1 style=\"background: white;margin: 15.0pt 0cm 7.5pt 0cm\"><span style=\"color: #006340\"><b><span style=\"font-size: 27pt;line-height: 107%;font-family: Helvetica, sans-serif\">4H:s vision<\/span><\/b><\/span><\/h1>\n<p style=\"background: white;text-align: start;margin: 0cm 0cm 7.5pt 0cm\"><span style=\"font-size: 10.5pt;font-family: 'Helvetica',sans-serif;color: #333333\">4H:s vision \u00e4r att alla barn och ungdomar ska utvecklas till engagerade, v\u00e4lm\u00e5ende och ansvarstagande m\u00e4nniskor med respekt f\u00f6r omv\u00e4rlden.<\/span><\/p>\n<p style=\"background: white;text-align: start;margin: 0cm 0cm 7.5pt 0cm\"><span style=\"font-size: 10.5pt;font-family: 'Helvetica',sans-serif;color: #333333\">En engagerad person v\u00e5gar ifr\u00e5gas\u00e4tta och ta st\u00e4llning, detta genom fostran i f\u00f6reningsdemokrati i enlighet med v\u00e5rt f\u00f6rsta H (Huvud \u2013 kunskap). Personen kan g\u00e5 fr\u00e5n id\u00e9 till handling (Hand \u2013 f\u00e4rdighet) och \u00e4r engagerad i sin och sina kompisars fritid. Verksamheten \u00e4r gjord av och f\u00f6r barn och ungdomar.<\/span><\/p>\n<p style=\"background: white;text-align: start;margin: 0cm 0cm 7.5pt 0cm\"><span style=\"font-size: 10.5pt;font-family: 'Helvetica',sans-serif;color: #333333\">Med ansvarstagande menar vi en person som st\u00e5r f\u00f6r sina handlingar och tidigt f\u00e5r m\u00f6jlighet att ing\u00e5 i en styrelse. I gruppen respekteras varje individ oavsett k\u00f6n, social eller kulturell bakgrund. Detta enligt hj\u00e4rtats H (Hj\u00e4rta \u2013 respekt, medk\u00e4nsla, empati). Med v\u00e4lm\u00e5ende menar vi en person som v\u00e4rnar om sin och andras h\u00e4lsa i alla aspekter enligt h\u00e4lsans H (H\u00e4lsa\u00a0\u2013\u00a0sunt levnadss\u00e4tt).<\/span><\/p>\n<p style=\"background: white;text-align: start;margin: 0cm 0cm 7.5pt 0cm\"><span style=\"font-size: 10.5pt;font-family: 'Helvetica',sans-serif;color: #333333\">Visionen ska uppn\u00e5s genom de fyra H:na.<\/span><\/p>\n<p>[\/vc_column_text][\/vc_column][vc_column width=&#8221;1\/2&#8243;][vc_column_text]<\/p>\n<h1 style=\"background: white;margin: 0cm 0cm 7.5pt 0cm\"><span style=\"color: #006340\"><b><span style=\"font-size: 22.5pt;font-family: Helvetica, sans-serif\">Om de 4 H:na<\/span><\/b><\/span><\/h1>\n<p style=\"background: white;margin: 0cm 0cm 7.5pt 0cm\"><span style=\"font-size: 10.5pt;font-family: 'Helvetica',sans-serif;color: #333333\">Huvudet \u00e4r det f\u00f6rsta av de fyra H:na och \u00e4r sinnebilden f\u00f6r kunskap. F\u00f6rst och fr\u00e4mst vill vi fr\u00e4mja intresset f\u00f6r ett aktivt l\u00e4rande genom hela livet. Det skall vi uppn\u00e5 genom att ha ett intressant och inspirerande inl\u00e4rningss\u00e4tt. Kunskap och f\u00f6rst\u00e5else f\u00f6r v\u00e5r omv\u00e4rld \u00e4r n\u00e5got vi v\u00e4rderar h\u00f6gt liksom kunskap om vad naturen och dess resurser kan ge oss. Vi vill ocks\u00e5 f\u00f6rmedla kunskap om hur man arbetar demokratiskt. Det f\u00f6rmedlar vi genom att ha en levande f\u00f6reningsdemokrati d\u00e4r varje medlem \u00e4r med och best\u00e4mmer \u00f6ver sin fritid.<\/span><\/p>\n<p style=\"background: white;text-align: start;margin: 0cm 0cm 7.5pt 0cm\"><span style=\"font-size: 10.5pt;font-family: 'Helvetica',sans-serif;color: #333333\">Sl\u00e5r man upp ordet hj\u00e4rta i en uppslagsbok st\u00e5r d\u00e4r bland annat &#8221;f\u00f6rm\u00e5ga till medk\u00e4nsla&#8221;. Utveckling av denna f\u00f6rm\u00e5ga \u00e4r precis vad det andra av de fyra H:na st\u00e5r f\u00f6r. Medk\u00e4nsla f\u00f6r alla m\u00e4nniskor \u00e4r n\u00e5got som \u00e4r viktigt att ha med sig i livet. Lika viktigt \u00e4r ocks\u00e5 medk\u00e4nsla och respekt f\u00f6r djur och natur.<\/span><\/p>\n<p style=\"background: white;text-align: start;margin: 0cm 0cm 7.5pt 0cm\"><span style=\"font-size: 10.5pt;font-family: 'Helvetica',sans-serif;color: #333333\">4H:s motto \u00e4r att &#8221;L\u00e4ra genom att g\u00f6ra&#8221;. Med detta vill 4H g\u00f6ra l\u00e4randet till en lek och v\u00e4cka nyfikenhet att s\u00f6ka mer kunskap ur huvudets H. Barnet vill kanske veta hur och vilken mat killingen f\u00e5r. De \u00e4ldre ledarna vill kanske l\u00e4ra sig hur man f\u00f6r en diskussion och hur man f\u00f6rmedlar ett budskap.<\/span><\/p>\n<p style=\"background: white;text-align: start;margin: 0cm 0cm 7.5pt 0cm\"><span style=\"font-size: 10.5pt;font-family: 'Helvetica',sans-serif;color: #333333\">Med h\u00e4lsans H \u00e4r tanken att vi alla ska leva sunt och naturligt. F\u00f6r 4H \u00e4r ett sunt levnadss\u00e4tt att h\u00e5lla ig\u00e5ng kropp och hj\u00e4rna med sund mat, idrott, lek och vistelse i skog och mark. Hj\u00e4rnan h\u00e5lls ig\u00e5ng genom att du hela tiden har ett socialt umg\u00e4nge och deltar i m\u00e5nga olika l\u00e4rande aktiviteter f\u00f6r alla sinnen.<\/span><\/p>\n<p>[\/vc_column_text][\/vc_column][\/vc_row]<\/p>\n<\/div>","protected":false},"excerpt":{"rendered":"<p>[vc_row][vc_column width=&#8221;1\/2&#8243;][vc_column_text] 4H:s vision 4H:s vision \u00e4r att alla barn och ungdomar ska utvecklas till engagerade, v\u00e4lm\u00e5ende och ansvarstagande m\u00e4nniskor med respekt f\u00f6r omv\u00e4rlden. En engagerad person v\u00e5gar ifr\u00e5gas\u00e4tta och ta st\u00e4llning, detta genom fostran i f\u00f6reningsdemokrati i enlighet med v\u00e5rt f\u00f6rsta H (Huvud \u2013 kunskap). Personen kan g\u00e5 fr\u00e5n id\u00e9 till handling (Hand \u2013&nbsp; <a href=\"https:\/\/www.4h.se\/stockholm\/om-4h\/\">&hellip; Read more <i class=\"glyphicon glyphicon-arrow-right\"><\/i><\/a><\/p>\n","protected":false},"author":16,"featured_media":0,"parent":0,"menu_order":0,"comment_status":"closed","ping_status":"closed","template":"","meta":{"footnotes":""},"class_list":["post-292","page","type-page","status-publish","hentry"],"yoast_head":"<!-- This site is optimized with the Yoast SEO plugin v27.4 - https:\/\/yoast.com\/product\/yoast-seo-wordpress\/ -->\n<title>V\u00e5r vision - Stockholms l\u00e4ns 4H-distrikt<\/title>\n<meta name=\"robots\" content=\"index, follow, max-snippet:-1, max-image-preview:large, max-video-preview:-1\" \/>\n<link rel=\"canonical\" href=\"https:\/\/www.4h.se\/stockholm\/om-4h\/\" \/>\n<meta property=\"og:locale\" content=\"sv_SE\" \/>\n<meta property=\"og:type\" content=\"article\" \/>\n<meta property=\"og:title\" content=\"V\u00e5r vision - Stockholms l\u00e4ns 4H-distrikt\" \/>\n<meta property=\"og:description\" content=\"[vc_row][vc_column width=&#8221;1\/2&#8243;][vc_column_text] 4H:s vision 4H:s vision \u00e4r att alla barn och ungdomar ska utvecklas till engagerade, v\u00e4lm\u00e5ende och ansvarstagande m\u00e4nniskor med respekt f\u00f6r omv\u00e4rlden. En engagerad person v\u00e5gar ifr\u00e5gas\u00e4tta och ta st\u00e4llning, detta genom fostran i f\u00f6reningsdemokrati i enlighet med v\u00e5rt f\u00f6rsta H (Huvud \u2013 kunskap). Personen kan g\u00e5 fr\u00e5n id\u00e9 till handling (Hand \u2013&nbsp; &hellip; Read more\" \/>\n<meta property=\"og:url\" content=\"https:\/\/www.4h.se\/stockholm\/om-4h\/\" \/>\n<meta property=\"og:site_name\" content=\"Stockholms l\u00e4ns 4H-distrikt\" \/>\n<meta property=\"article:modified_time\" content=\"2022-06-30T11:50:40+00:00\" \/>\n<meta name=\"twitter:card\" content=\"summary_large_image\" \/>\n<meta name=\"twitter:label1\" content=\"Ber\u00e4knad l\u00e4stid\" \/>\n\t<meta name=\"twitter:data1\" content=\"3 minuter\" \/>\n<script type=\"application\/ld+json\" class=\"yoast-schema-graph\">{\"@context\":\"https:\\\/\\\/schema.org\",\"@graph\":[{\"@type\":\"WebPage\",\"@id\":\"https:\\\/\\\/www.4h.se\\\/stockholm\\\/om-4h\\\/\",\"url\":\"https:\\\/\\\/www.4h.se\\\/stockholm\\\/om-4h\\\/\",\"name\":\"V\u00e5r vision - Stockholms l\u00e4ns 4H-distrikt\",\"isPartOf\":{\"@id\":\"https:\\\/\\\/www.4h.se\\\/stockholm\\\/#website\"},\"datePublished\":\"2016-01-24T08:50:51+00:00\",\"dateModified\":\"2022-06-30T11:50:40+00:00\",\"breadcrumb\":{\"@id\":\"https:\\\/\\\/www.4h.se\\\/stockholm\\\/om-4h\\\/#breadcrumb\"},\"inLanguage\":\"sv-SE\",\"potentialAction\":[{\"@type\":\"ReadAction\",\"target\":[\"https:\\\/\\\/www.4h.se\\\/stockholm\\\/om-4h\\\/\"]}]},{\"@type\":\"BreadcrumbList\",\"@id\":\"https:\\\/\\\/www.4h.se\\\/stockholm\\\/om-4h\\\/#breadcrumb\",\"itemListElement\":[{\"@type\":\"ListItem\",\"position\":1,\"name\":\"Hem\",\"item\":\"https:\\\/\\\/www.4h.se\\\/stockholm\\\/\"},{\"@type\":\"ListItem\",\"position\":2,\"name\":\"V\u00e5r vision\"}]},{\"@type\":\"WebSite\",\"@id\":\"https:\\\/\\\/www.4h.se\\\/stockholm\\\/#website\",\"url\":\"https:\\\/\\\/www.4h.se\\\/stockholm\\\/\",\"name\":\"Stockholms l\u00e4ns 4H-distrikt\",\"description\":\"\",\"publisher\":{\"@id\":\"https:\\\/\\\/www.4h.se\\\/stockholm\\\/#organization\"},\"potentialAction\":[{\"@type\":\"SearchAction\",\"target\":{\"@type\":\"EntryPoint\",\"urlTemplate\":\"https:\\\/\\\/www.4h.se\\\/stockholm\\\/?s={search_term_string}\"},\"query-input\":{\"@type\":\"PropertyValueSpecification\",\"valueRequired\":true,\"valueName\":\"search_term_string\"}}],\"inLanguage\":\"sv-SE\"},{\"@type\":\"Organization\",\"@id\":\"https:\\\/\\\/www.4h.se\\\/stockholm\\\/#organization\",\"name\":\"4H Stockholms l\u00e4n\",\"url\":\"https:\\\/\\\/www.4h.se\\\/stockholm\\\/\",\"logo\":{\"@type\":\"ImageObject\",\"inLanguage\":\"sv-SE\",\"@id\":\"https:\\\/\\\/www.4h.se\\\/stockholm\\\/#\\\/schema\\\/logo\\\/image\\\/\",\"url\":\"https:\\\/\\\/www.4h.se\\\/stockholm\\\/wp-content\\\/uploads\\\/sites\\\/9\\\/2014\\\/12\\\/4h_logga.png\",\"contentUrl\":\"https:\\\/\\\/www.4h.se\\\/stockholm\\\/wp-content\\\/uploads\\\/sites\\\/9\\\/2014\\\/12\\\/4h_logga.png\",\"width\":111,\"height\":77,\"caption\":\"4H Stockholms l\u00e4n\"},\"image\":{\"@id\":\"https:\\\/\\\/www.4h.se\\\/stockholm\\\/#\\\/schema\\\/logo\\\/image\\\/\"}}]}<\/script>\n<!-- \/ Yoast SEO plugin. -->","yoast_head_json":{"title":"V\u00e5r vision - Stockholms l\u00e4ns 4H-distrikt","robots":{"index":"index","follow":"follow","max-snippet":"max-snippet:-1","max-image-preview":"max-image-preview:large","max-video-preview":"max-video-preview:-1"},"canonical":"https:\/\/www.4h.se\/stockholm\/om-4h\/","og_locale":"sv_SE","og_type":"article","og_title":"V\u00e5r vision - Stockholms l\u00e4ns 4H-distrikt","og_description":"[vc_row][vc_column width=&#8221;1\/2&#8243;][vc_column_text] 4H:s vision 4H:s vision \u00e4r att alla barn och ungdomar ska utvecklas till engagerade, v\u00e4lm\u00e5ende och ansvarstagande m\u00e4nniskor med respekt f\u00f6r omv\u00e4rlden. En engagerad person v\u00e5gar ifr\u00e5gas\u00e4tta och ta st\u00e4llning, detta genom fostran i f\u00f6reningsdemokrati i enlighet med v\u00e5rt f\u00f6rsta H (Huvud \u2013 kunskap). Personen kan g\u00e5 fr\u00e5n id\u00e9 till handling (Hand \u2013&nbsp; &hellip; Read more","og_url":"https:\/\/www.4h.se\/stockholm\/om-4h\/","og_site_name":"Stockholms l\u00e4ns 4H-distrikt","article_modified_time":"2022-06-30T11:50:40+00:00","twitter_card":"summary_large_image","twitter_misc":{"Ber\u00e4knad l\u00e4stid":"3 minuter"},"schema":{"@context":"https:\/\/schema.org","@graph":[{"@type":"WebPage","@id":"https:\/\/www.4h.se\/stockholm\/om-4h\/","url":"https:\/\/www.4h.se\/stockholm\/om-4h\/","name":"V\u00e5r vision - Stockholms l\u00e4ns 4H-distrikt","isPartOf":{"@id":"https:\/\/www.4h.se\/stockholm\/#website"},"datePublished":"2016-01-24T08:50:51+00:00","dateModified":"2022-06-30T11:50:40+00:00","breadcrumb":{"@id":"https:\/\/www.4h.se\/stockholm\/om-4h\/#breadcrumb"},"inLanguage":"sv-SE","potentialAction":[{"@type":"ReadAction","target":["https:\/\/www.4h.se\/stockholm\/om-4h\/"]}]},{"@type":"BreadcrumbList","@id":"https:\/\/www.4h.se\/stockholm\/om-4h\/#breadcrumb","itemListElement":[{"@type":"ListItem","position":1,"name":"Hem","item":"https:\/\/www.4h.se\/stockholm\/"},{"@type":"ListItem","position":2,"name":"V\u00e5r vision"}]},{"@type":"WebSite","@id":"https:\/\/www.4h.se\/stockholm\/#website","url":"https:\/\/www.4h.se\/stockholm\/","name":"Stockholms l\u00e4ns 4H-distrikt","description":"","publisher":{"@id":"https:\/\/www.4h.se\/stockholm\/#organization"},"potentialAction":[{"@type":"SearchAction","target":{"@type":"EntryPoint","urlTemplate":"https:\/\/www.4h.se\/stockholm\/?s={search_term_string}"},"query-input":{"@type":"PropertyValueSpecification","valueRequired":true,"valueName":"search_term_string"}}],"inLanguage":"sv-SE"},{"@type":"Organization","@id":"https:\/\/www.4h.se\/stockholm\/#organization","name":"4H Stockholms l\u00e4n","url":"https:\/\/www.4h.se\/stockholm\/","logo":{"@type":"ImageObject","inLanguage":"sv-SE","@id":"https:\/\/www.4h.se\/stockholm\/#\/schema\/logo\/image\/","url":"https:\/\/www.4h.se\/stockholm\/wp-content\/uploads\/sites\/9\/2014\/12\/4h_logga.png","contentUrl":"https:\/\/www.4h.se\/stockholm\/wp-content\/uploads\/sites\/9\/2014\/12\/4h_logga.png","width":111,"height":77,"caption":"4H Stockholms l\u00e4n"},"image":{"@id":"https:\/\/www.4h.se\/stockholm\/#\/schema\/logo\/image\/"}}]}},"_links":{"self":[{"href":"https:\/\/www.4h.se\/stockholm\/wp-json\/wp\/v2\/pages\/292","targetHints":{"allow":["GET"]}}],"collection":[{"href":"https:\/\/www.4h.se\/stockholm\/wp-json\/wp\/v2\/pages"}],"about":[{"href":"https:\/\/www.4h.se\/stockholm\/wp-json\/wp\/v2\/types\/page"}],"author":[{"embeddable":true,"href":"https:\/\/www.4h.se\/stockholm\/wp-json\/wp\/v2\/users\/16"}],"replies":[{"embeddable":true,"href":"https:\/\/www.4h.se\/stockholm\/wp-json\/wp\/v2\/comments?post=292"}],"version-history":[{"count":0,"href":"https:\/\/www.4h.se\/stockholm\/wp-json\/wp\/v2\/pages\/292\/revisions"}],"wp:attachment":[{"href":"https:\/\/www.4h.se\/stockholm\/wp-json\/wp\/v2\/media?parent=292"}],"curies":[{"name":"wp","href":"https:\/\/api.w.org\/{rel}","templated":true}]}}