



{"id":121,"date":"2015-01-23T20:08:12","date_gmt":"2015-01-23T19:08:12","guid":{"rendered":"http:\/\/www.4h.se\/rix16\/?page_id=121"},"modified":"2025-09-23T12:48:58","modified_gmt":"2025-09-23T10:48:58","slug":"kontakta-4h-i-stockholm","status":"publish","type":"page","link":"https:\/\/www.4h.se\/stockholm\/kontakta-4h-i-stockholm\/","title":{"rendered":"Kontakt"},"content":{"rendered":"<div class=\"wpb-content-wrapper\"><p>[vc_row][vc_column width=&#8221;2\/3&#8243;][vc_column_text]<\/p>\n<h1><span style=\"color: #006043\"><strong>Kontakta 4H i Stockholm<\/strong><\/span><\/h1>\n<p><em>Vid fr\u00e5gor om 4H-verksamheten i Stockholm; g\u00e5rdar, klubbar, kurser mm \u00e4r du varmt v\u00e4lkommen att kontakta oss!<\/em>[\/vc_column_text][vc_row_inner][vc_column_inner width=&#8221;1\/2&#8243;][vc_column_text css=&#8221;&#8221;]<\/p>\n<h4><span style=\"color: #006043;\"><strong>Kansliet<\/strong><\/span><\/h4>\n<p><em>Fr\u00e5gor som exempelvis handlar om l\u00e4nsf\u00f6rbundets verksamhet eller drift.\u00a0<\/em><\/p>\n<p><strong>E-post:<\/strong> <a href=\"mailto:stockholm@4h.se\" target=\"_blank\" rel=\"noopener\">stockholm@4h.se<\/a><\/p>\n<p><b>Postadress<\/b><\/p>\n<p>Liljegrensv\u00e4gen 5<\/p>\n<p>168 53 Bromma[\/vc_column_text][\/vc_column_inner][vc_column_inner width=&#8221;1\/2&#8243;][vc_column_text css=&#8221;&#8221;]<\/p>\n<h4><span style=\"color: #006340;\"><strong>Anst\u00e4llda<\/strong><\/span><\/h4>\n<p><strong>Personalchef<\/strong><\/p>\n<p>Anna Andreasen<\/p>\n<p>E-post: <a href=\"mailto:anna.andreasen@4h.se\">anna.andreasen@4h.se<\/a><\/p>\n<p>&nbsp;<\/p>\n<p><strong>Driftansvarig<\/strong><\/p>\n<p>David Andersson<br \/>\n<a href=\"mailto:david.andersson@4h.se\">david.andersson@4h.se<\/a><\/p>\n<p><strong>Administration\/kommunikation<\/strong><\/p>\n<p>Erika Markgren<br \/>\n<a href=\"mailto:erika.markgren@4h.se\">erika.markgren@4h.se<\/a>[\/vc_column_text][vc_column_text]<\/p>\n<hr \/>\n<p style=\"text-align: left\">V\u00e5r bokningssida i\u00a0<a href=\"https:\/\/www.antribe.com\/org\/4h\/4h-i-stockholm\">Antribe<\/a><\/p>\n<p>[\/vc_column_text][\/vc_column_inner][\/vc_row_inner][\/vc_column][vc_column width=&#8221;1\/3&#8243;][vc_single_image image=&#8221;624&#8243; img_size=&#8221;400&#8243; style=&#8221;vc_box_rounded&#8221; css=&#8221;.vc_custom_1659439204552{margin-top: 20px !important;}&#8221;][\/vc_column][\/vc_row][vc_row][vc_column][vc_column_text]<\/p>\n<h4><span style=\"color: #006043\"><strong>Styrelse och f\u00f6rtroendevalda<\/strong><\/span><\/h4>\n<p>[\/vc_column_text][\/vc_column][\/vc_row][vc_row][vc_column width=&#8221;1\/3&#8243;][vc_column_text css=&#8221;&#8221;]<\/p>\n<h5><strong>Ordf\u00f6rande<\/strong><\/h5>\n<p>Josefine Lovborg, Ersboda 4H<\/p>\n<p>E-post: <a href=\"mailto:josefine.lovborg@4h.se\" target=\"_blank\" rel=\"noopener\">josefine.lovborg@4h.se\u00a0<\/a><\/p>\n<p>&nbsp;<\/p>\n<p><strong>Vice ordf\u00f6rande\u00a0<\/strong><\/p>\n<p>Jennifer Parker, Bj\u00f6rklunds Hage 4H<\/p>\n<p>E-post: <a href=\"mailto:jennifer.parker@4h.se\" target=\"_blank\" rel=\"noopener\">jennifer.parker@4h.se<\/a><\/p>\n<p>&nbsp;<\/p>\n<h5><strong>Kass\u00f6r<\/strong><\/h5>\n<p>Eila Erdal, Riddersvik 4H<\/p>\n<p>E-post: <a href=\"mailto:eila.erdal@4h.se\" target=\"_blank\" rel=\"noopener\">eila.erdal@4h.se\u00a0<\/a><\/p>\n<p>&nbsp;<\/p>\n<h5><strong>Sekreterare<\/strong><\/h5>\n<p>Johanna Wistedt, Eolsh\u00e4lls 4H<\/p>\n<p>E-post: <a href=\"mailto:johanna.widsted@4h.se\" target=\"_blank\" rel=\"noopener\">johanna.widsted@4h.se<\/a>[\/vc_column_text][\/vc_column][vc_column width=&#8221;1\/3&#8243;][vc_column_text css=&#8221;&#8221;]<strong>Ledamot<\/strong><\/p>\n<p>Anita Larvald, Akalla 4H &amp; Riddersvik 4H<\/p>\n<p>Epost: <a href=\"mailto:anita.larvald@4h.se\" target=\"_blank\" rel=\"noopener\">anita.larvald@4h.se<\/a><\/p>\n<p>&nbsp;<\/p>\n<p><strong>Ledamot<\/strong><\/p>\n<p>Atlas B\u00e4ck, F\u00e4rsna 4H<\/p>\n<p>Epost: <a href=\"mailto:atlas.back@4h.se\" target=\"_blank\" rel=\"noopener\">atlas.back@4h.se<\/a><\/p>\n<p>&nbsp;<\/p>\n<p><strong>Ledamot<\/strong><\/p>\n<p>Paulina Carlsson, Eolsh\u00e4lls 4H<\/p>\n<p>Epost: <a href=\"mailto:paulina.carlsson@4h.se\">paulina.carlsson@4h.se<\/a><\/p>\n<p>&nbsp;[\/vc_column_text][\/vc_column][vc_column width=&#8221;1\/3&#8243;][vc_column_text css=&#8221;&#8221;]<strong>Suppleant<\/strong><\/p>\n<p>Emelie Sj\u00f6lander, Bj\u00f6rklunds Hage 4H<\/p>\n<p>Epost: <a href=\"mailto:emelie.sjolander@4h.se\">emelie.sjolander@4h.se<\/a><\/p>\n<p>&nbsp;<\/p>\n<p><strong>Suppleant<\/strong><\/p>\n<p>Emilia Weidacher, Akalla 4H<\/p>\n<p>E-post: <a href=\"mailto:emilia.weidacher@4h.se\">emilia.weidacher@4h.se<\/a><\/p>\n<p>&nbsp;<\/p>\n<p><strong>Facklig representant<\/strong><\/p>\n<p>Tina Andersson<\/p>\n<p>E-post: <a href=\"mailto:tina.andersson@4h.se\">tina.andersson@4h.se<\/a><\/p>\n<p>&nbsp;<\/p>\n<p><strong>Kanslipersonal adjungerad<\/strong><\/p>\n<p>Anna Andreasen<\/p>\n<p>E-post: <a href=\"mailto:anna.andreasen@4h.se\">anna.andreasen@4h.se<\/a><\/p>\n<p>David Andersson<br \/>\nE-post: <a href=\"mailto:david.andersson@4h.se\" target=\"_blank\" rel=\"noopener\">david.andersson@4h.se<\/a>[\/vc_column_text][\/vc_column][\/vc_row][vc_row][vc_column width=&#8221;1\/3&#8243;][vc_column_text css=&#8221;&#8221;]<\/p>\n<h4><span style=\"color: #006043;\"><strong>Utbildningsutskottet<\/strong><\/span><\/h4>\n<p><i>Undrar du n\u00e5got om l\u00e4nets kurser? L\u00e4s under fliken <a title=\"L\u00e4ger och konferenser\" href=\"https:\/\/www.4h.se\/stockholm\/lager-och-konferenser\/\">Kurser och konferenser<\/a>\u00a0eller ta kontakt med kansliet via mail: <a href=\"mailto:stockholm@4h.se\">stockholm@4h.se<\/a><\/i><\/p>\n<p><a href=\"mailto:molly.bjorkman@4h.se\">\u00a0<\/a><\/p>\n<p>&nbsp;[\/vc_column_text][\/vc_column][vc_column width=&#8221;1\/3&#8243;][vc_column_text]<\/p>\n<h4><strong><span style=\"color: #006340;\">\u00d6vriga\u00a0ansvarsomr\u00e5den<\/span><\/strong><\/h4>\n<h5><em>Vid fr\u00e5gor g\u00e4llande f\u00f6ljande omr\u00e5den kontakta ansvarige.<\/em><\/h5>\n<p>&nbsp;<\/p>\n<h5><span style=\"color: #000000;\"><strong>L\u00e4nsf\u00f6rbundets antribe, hemsida och sociala medier<\/strong><\/span><\/h5>\n<p><span style=\"color: #000000;\">Jennifer Parker<br \/>\n<\/span>E-post: <a href=\"mailto:jennifer.parker@4h.se\" target=\"_blank\" rel=\"noopener\">jennifer.parker@4h.se<\/a><\/p>\n<h5><\/h5>\n<p>[\/vc_column_text][\/vc_column][vc_column width=&#8221;1\/3&#8243;][vc_column_text css=&#8221;&#8221;]<\/p>\n<h4><span style=\"color: #006340;\"><strong>Valberedning<\/strong><\/span><\/h4>\n<p><em>Kontakta valberedningen om du \u00e4r intresserad av att sitta i styrelsen f\u00f6r Stockholm 4Hs l\u00e4nsf\u00f6rbund!<\/em><\/p>\n<p>&nbsp;<\/p>\n<p><strong>Sammankallande<\/strong><\/p>\n<p>Felicia H\u00e4ggstr\u00f6m, H\u00e5gelby 4H<\/p>\n<p style=\"padding-left: 30px;\">E-post: <a href=\"mailto:felicia.haggstom@4h.se\">felicia.haggstrom@4h.se<\/a><\/p>\n<p><strong>\u00d6vriga<\/strong><\/p>\n<p>Erica \u00d6ster, Ersboda 4H<br \/>\nSofia L\u00f6vstr\u00f6m, Bj\u00f6rklunds Hage 4H<br \/>\nMaja Thorell, Bj\u00f6rklunds Hage 4H<br \/>\nEli Svaneflod, H\u00e5gelby 4H<br \/>\nTilde Cedervall Bj\u00f6rsson, H\u00e5gelby 4H<br \/>\nEva Jackert H\u00f6grell, Stora Skuggan 4H<br \/>\nIsabella Leksell, Stora Skuggan 4H<\/p>\n<p>&nbsp;[\/vc_column_text][\/vc_column][\/vc_row]<\/p>\n<\/div>","protected":false},"excerpt":{"rendered":"<p>[vc_row][vc_column width=&#8221;2\/3&#8243;][vc_column_text] Kontakta 4H i Stockholm Vid fr\u00e5gor om 4H-verksamheten i Stockholm; g\u00e5rdar, klubbar, kurser mm \u00e4r du varmt v\u00e4lkommen att kontakta oss![\/vc_column_text][vc_row_inner][vc_column_inner width=&#8221;1\/2&#8243;][vc_column_text css=&#8221;&#8221;] Kansliet Fr\u00e5gor som exempelvis handlar om l\u00e4nsf\u00f6rbundets verksamhet eller drift.\u00a0 E-post: stockholm@4h.se Postadress Liljegrensv\u00e4gen 5 168 53 Bromma[\/vc_column_text][\/vc_column_inner][vc_column_inner width=&#8221;1\/2&#8243;][vc_column_text css=&#8221;&#8221;] Anst\u00e4llda Personalchef Anna Andreasen E-post: anna.andreasen@4h.se &nbsp; Driftansvarig David Andersson&nbsp; <a href=\"https:\/\/www.4h.se\/stockholm\/kontakta-4h-i-stockholm\/\">&hellip; Read more <i class=\"glyphicon glyphicon-arrow-right\"><\/i><\/a><\/p>\n","protected":false},"author":1,"featured_media":0,"parent":0,"menu_order":5,"comment_status":"closed","ping_status":"closed","template":"","meta":{"footnotes":""},"class_list":["post-121","page","type-page","status-publish","hentry"],"yoast_head":"<!-- This site is optimized with the Yoast SEO plugin v27.4 - https:\/\/yoast.com\/product\/yoast-seo-wordpress\/ -->\n<title>Kontakt - Stockholms l\u00e4ns 4H-distrikt<\/title>\n<meta name=\"robots\" content=\"index, follow, max-snippet:-1, max-image-preview:large, max-video-preview:-1\" \/>\n<link rel=\"canonical\" href=\"https:\/\/www.4h.se\/stockholm\/kontakta-4h-i-stockholm\/\" \/>\n<meta property=\"og:locale\" content=\"sv_SE\" \/>\n<meta property=\"og:type\" content=\"article\" \/>\n<meta property=\"og:title\" content=\"Kontakt - Stockholms l\u00e4ns 4H-distrikt\" \/>\n<meta property=\"og:description\" content=\"[vc_row][vc_column width=&#8221;2\/3&#8243;][vc_column_text] Kontakta 4H i Stockholm Vid fr\u00e5gor om 4H-verksamheten i Stockholm; g\u00e5rdar, klubbar, kurser mm \u00e4r du varmt v\u00e4lkommen att kontakta oss![\/vc_column_text][vc_row_inner][vc_column_inner width=&#8221;1\/2&#8243;][vc_column_text css=&#8221;&#8221;] Kansliet Fr\u00e5gor som exempelvis handlar om l\u00e4nsf\u00f6rbundets verksamhet eller drift.\u00a0 E-post: stockholm@4h.se Postadress Liljegrensv\u00e4gen 5 168 53 Bromma[\/vc_column_text][\/vc_column_inner][vc_column_inner width=&#8221;1\/2&#8243;][vc_column_text css=&#8221;&#8221;] Anst\u00e4llda Personalchef Anna Andreasen E-post: anna.andreasen@4h.se &nbsp; Driftansvarig David Andersson&nbsp; &hellip; Read more\" \/>\n<meta property=\"og:url\" content=\"https:\/\/www.4h.se\/stockholm\/kontakta-4h-i-stockholm\/\" \/>\n<meta property=\"og:site_name\" content=\"Stockholms l\u00e4ns 4H-distrikt\" \/>\n<meta property=\"article:modified_time\" content=\"2025-09-23T10:48:58+00:00\" \/>\n<meta name=\"twitter:card\" content=\"summary_large_image\" \/>\n<meta name=\"twitter:label1\" content=\"Ber\u00e4knad l\u00e4stid\" \/>\n\t<meta name=\"twitter:data1\" content=\"3 minuter\" \/>\n<script type=\"application\/ld+json\" class=\"yoast-schema-graph\">{\"@context\":\"https:\\\/\\\/schema.org\",\"@graph\":[{\"@type\":\"WebPage\",\"@id\":\"https:\\\/\\\/www.4h.se\\\/stockholm\\\/kontakta-4h-i-stockholm\\\/\",\"url\":\"https:\\\/\\\/www.4h.se\\\/stockholm\\\/kontakta-4h-i-stockholm\\\/\",\"name\":\"Kontakt - Stockholms l\u00e4ns 4H-distrikt\",\"isPartOf\":{\"@id\":\"https:\\\/\\\/www.4h.se\\\/stockholm\\\/#website\"},\"datePublished\":\"2015-01-23T19:08:12+00:00\",\"dateModified\":\"2025-09-23T10:48:58+00:00\",\"breadcrumb\":{\"@id\":\"https:\\\/\\\/www.4h.se\\\/stockholm\\\/kontakta-4h-i-stockholm\\\/#breadcrumb\"},\"inLanguage\":\"sv-SE\",\"potentialAction\":[{\"@type\":\"ReadAction\",\"target\":[\"https:\\\/\\\/www.4h.se\\\/stockholm\\\/kontakta-4h-i-stockholm\\\/\"]}]},{\"@type\":\"BreadcrumbList\",\"@id\":\"https:\\\/\\\/www.4h.se\\\/stockholm\\\/kontakta-4h-i-stockholm\\\/#breadcrumb\",\"itemListElement\":[{\"@type\":\"ListItem\",\"position\":1,\"name\":\"Hem\",\"item\":\"https:\\\/\\\/www.4h.se\\\/stockholm\\\/\"},{\"@type\":\"ListItem\",\"position\":2,\"name\":\"Kontakt\"}]},{\"@type\":\"WebSite\",\"@id\":\"https:\\\/\\\/www.4h.se\\\/stockholm\\\/#website\",\"url\":\"https:\\\/\\\/www.4h.se\\\/stockholm\\\/\",\"name\":\"Stockholms l\u00e4ns 4H-distrikt\",\"description\":\"\",\"publisher\":{\"@id\":\"https:\\\/\\\/www.4h.se\\\/stockholm\\\/#organization\"},\"potentialAction\":[{\"@type\":\"SearchAction\",\"target\":{\"@type\":\"EntryPoint\",\"urlTemplate\":\"https:\\\/\\\/www.4h.se\\\/stockholm\\\/?s={search_term_string}\"},\"query-input\":{\"@type\":\"PropertyValueSpecification\",\"valueRequired\":true,\"valueName\":\"search_term_string\"}}],\"inLanguage\":\"sv-SE\"},{\"@type\":\"Organization\",\"@id\":\"https:\\\/\\\/www.4h.se\\\/stockholm\\\/#organization\",\"name\":\"4H Stockholms l\u00e4n\",\"url\":\"https:\\\/\\\/www.4h.se\\\/stockholm\\\/\",\"logo\":{\"@type\":\"ImageObject\",\"inLanguage\":\"sv-SE\",\"@id\":\"https:\\\/\\\/www.4h.se\\\/stockholm\\\/#\\\/schema\\\/logo\\\/image\\\/\",\"url\":\"https:\\\/\\\/www.4h.se\\\/stockholm\\\/wp-content\\\/uploads\\\/sites\\\/9\\\/2014\\\/12\\\/4h_logga.png\",\"contentUrl\":\"https:\\\/\\\/www.4h.se\\\/stockholm\\\/wp-content\\\/uploads\\\/sites\\\/9\\\/2014\\\/12\\\/4h_logga.png\",\"width\":111,\"height\":77,\"caption\":\"4H Stockholms l\u00e4n\"},\"image\":{\"@id\":\"https:\\\/\\\/www.4h.se\\\/stockholm\\\/#\\\/schema\\\/logo\\\/image\\\/\"}}]}<\/script>\n<!-- \/ Yoast SEO plugin. -->","yoast_head_json":{"title":"Kontakt - Stockholms l\u00e4ns 4H-distrikt","robots":{"index":"index","follow":"follow","max-snippet":"max-snippet:-1","max-image-preview":"max-image-preview:large","max-video-preview":"max-video-preview:-1"},"canonical":"https:\/\/www.4h.se\/stockholm\/kontakta-4h-i-stockholm\/","og_locale":"sv_SE","og_type":"article","og_title":"Kontakt - Stockholms l\u00e4ns 4H-distrikt","og_description":"[vc_row][vc_column width=&#8221;2\/3&#8243;][vc_column_text] Kontakta 4H i Stockholm Vid fr\u00e5gor om 4H-verksamheten i Stockholm; g\u00e5rdar, klubbar, kurser mm \u00e4r du varmt v\u00e4lkommen att kontakta oss![\/vc_column_text][vc_row_inner][vc_column_inner width=&#8221;1\/2&#8243;][vc_column_text css=&#8221;&#8221;] Kansliet Fr\u00e5gor som exempelvis handlar om l\u00e4nsf\u00f6rbundets verksamhet eller drift.\u00a0 E-post: stockholm@4h.se Postadress Liljegrensv\u00e4gen 5 168 53 Bromma[\/vc_column_text][\/vc_column_inner][vc_column_inner width=&#8221;1\/2&#8243;][vc_column_text css=&#8221;&#8221;] Anst\u00e4llda Personalchef Anna Andreasen E-post: anna.andreasen@4h.se &nbsp; Driftansvarig David Andersson&nbsp; &hellip; Read more","og_url":"https:\/\/www.4h.se\/stockholm\/kontakta-4h-i-stockholm\/","og_site_name":"Stockholms l\u00e4ns 4H-distrikt","article_modified_time":"2025-09-23T10:48:58+00:00","twitter_card":"summary_large_image","twitter_misc":{"Ber\u00e4knad l\u00e4stid":"3 minuter"},"schema":{"@context":"https:\/\/schema.org","@graph":[{"@type":"WebPage","@id":"https:\/\/www.4h.se\/stockholm\/kontakta-4h-i-stockholm\/","url":"https:\/\/www.4h.se\/stockholm\/kontakta-4h-i-stockholm\/","name":"Kontakt - Stockholms l\u00e4ns 4H-distrikt","isPartOf":{"@id":"https:\/\/www.4h.se\/stockholm\/#website"},"datePublished":"2015-01-23T19:08:12+00:00","dateModified":"2025-09-23T10:48:58+00:00","breadcrumb":{"@id":"https:\/\/www.4h.se\/stockholm\/kontakta-4h-i-stockholm\/#breadcrumb"},"inLanguage":"sv-SE","potentialAction":[{"@type":"ReadAction","target":["https:\/\/www.4h.se\/stockholm\/kontakta-4h-i-stockholm\/"]}]},{"@type":"BreadcrumbList","@id":"https:\/\/www.4h.se\/stockholm\/kontakta-4h-i-stockholm\/#breadcrumb","itemListElement":[{"@type":"ListItem","position":1,"name":"Hem","item":"https:\/\/www.4h.se\/stockholm\/"},{"@type":"ListItem","position":2,"name":"Kontakt"}]},{"@type":"WebSite","@id":"https:\/\/www.4h.se\/stockholm\/#website","url":"https:\/\/www.4h.se\/stockholm\/","name":"Stockholms l\u00e4ns 4H-distrikt","description":"","publisher":{"@id":"https:\/\/www.4h.se\/stockholm\/#organization"},"potentialAction":[{"@type":"SearchAction","target":{"@type":"EntryPoint","urlTemplate":"https:\/\/www.4h.se\/stockholm\/?s={search_term_string}"},"query-input":{"@type":"PropertyValueSpecification","valueRequired":true,"valueName":"search_term_string"}}],"inLanguage":"sv-SE"},{"@type":"Organization","@id":"https:\/\/www.4h.se\/stockholm\/#organization","name":"4H Stockholms l\u00e4n","url":"https:\/\/www.4h.se\/stockholm\/","logo":{"@type":"ImageObject","inLanguage":"sv-SE","@id":"https:\/\/www.4h.se\/stockholm\/#\/schema\/logo\/image\/","url":"https:\/\/www.4h.se\/stockholm\/wp-content\/uploads\/sites\/9\/2014\/12\/4h_logga.png","contentUrl":"https:\/\/www.4h.se\/stockholm\/wp-content\/uploads\/sites\/9\/2014\/12\/4h_logga.png","width":111,"height":77,"caption":"4H Stockholms l\u00e4n"},"image":{"@id":"https:\/\/www.4h.se\/stockholm\/#\/schema\/logo\/image\/"}}]}},"_links":{"self":[{"href":"https:\/\/www.4h.se\/stockholm\/wp-json\/wp\/v2\/pages\/121","targetHints":{"allow":["GET"]}}],"collection":[{"href":"https:\/\/www.4h.se\/stockholm\/wp-json\/wp\/v2\/pages"}],"about":[{"href":"https:\/\/www.4h.se\/stockholm\/wp-json\/wp\/v2\/types\/page"}],"author":[{"embeddable":true,"href":"https:\/\/www.4h.se\/stockholm\/wp-json\/wp\/v2\/users\/1"}],"replies":[{"embeddable":true,"href":"https:\/\/www.4h.se\/stockholm\/wp-json\/wp\/v2\/comments?post=121"}],"version-history":[{"count":0,"href":"https:\/\/www.4h.se\/stockholm\/wp-json\/wp\/v2\/pages\/121\/revisions"}],"wp:attachment":[{"href":"https:\/\/www.4h.se\/stockholm\/wp-json\/wp\/v2\/media?parent=121"}],"curies":[{"name":"wp","href":"https:\/\/api.w.org\/{rel}","templated":true}]}}