



{"id":878,"date":"2017-07-07T12:45:40","date_gmt":"2017-07-07T10:45:40","guid":{"rendered":"https:\/\/www.4h.se\/stattared\/?page_id=878"},"modified":"2026-02-06T15:30:30","modified_gmt":"2026-02-06T14:30:30","slug":"stod-oss","status":"publish","type":"page","link":"https:\/\/www.4h.se\/stattared\/stod-oss\/","title":{"rendered":"St\u00f6d oss"},"content":{"rendered":"<div class=\"wpb-content-wrapper\"><p>[vc_row css=&#8221;.vc_custom_1770129235142{margin-top: -110px !important;}&#8221;][vc_column][vc_single_image image=&#8221;4067&#8243; img_size=&#8221;full&#8221; css=&#8221;&#8221;][\/vc_column][\/vc_row][vc_row][vc_column][vc_column_text css=&#8221;&#8221;]<\/p>\n<h2>Bli djurfadder<\/h2>\n<p>[\/vc_column_text][\/vc_column][\/vc_row][vc_row][vc_column][vc_column_text css=&#8221;&#8221;]Var med och g\u00f6r skillnad f\u00f6r v\u00e5ra djur \u2013 bli fadder! \ud83d\udc9a<\/p>\n<p>Som fadder \u00e4r du med och bidrar till djurens vardag. Dina bidrag g\u00e5r till mat, omv\u00e5rdnad och eventuella veterin\u00e4rkostnader<\/p>\n<p>I utbyte kan du efter genomg\u00e5ng av personalen bes\u00f6ka djuren du \u00e4r fadder till n\u00e4r du vill. (g\u00e4ller tyv\u00e4rr inte grisar).<\/p>\n<p>Du v\u00e4ljer sj\u00e4lv om du vill bidra med:<\/p>\n<p>Fadderskap Mikro &#8211; 1000 kr\/\u00e5r<\/p>\n<p>Fadderskap Mini &#8211; 1500 kr\/\u00e5r<\/p>\n<p>Fadderskap Mellan &#8211; 2500 kr\/\u00e5r<\/p>\n<p>Fadderskap Mega &#8211; 5000 kr\/\u00e5r<\/p>\n<p>Antingen betalar du hela beloppet direkt eller s\u00e5 delar du upp betalningen m\u00e5nadsvis, dock ska hela beloppet vara betalt den 1 december 2026.<\/p>\n<p>Kom ih\u00e5g att alltid skriva endast OCR-nr p\u00e5 inbetalningen.<\/p>\n<p>Som fadder f\u00e5r du ocks\u00e5 ett intyg skickat p\u00e5 mejl och ditt namn uppsatt p\u00e5 sponsortavlan i stallet. Vill du vara en hj\u00e4lte f\u00f6r v\u00e5ra djur?<\/p>\n<div>Var med och g\u00f6r skillnad redan idag!<\/div>\n<p>[\/vc_column_text][vc_btn title=&#8221;Intresserad? Anm\u00e4l dig h\u00e4r!&#8221; style=&#8221;custom&#8221; custom_background=&#8221;#00693F&#8221; custom_text=&#8221;#FFFFFF&#8221; css=&#8221;&#8221; link=&#8221;url:https%3A%2F%2Fwww.antribe.com%2Forg%2F4h%2Fstattareds-4h%2Fevent%2Fbli-djurfadder-1-1&#8243;][\/vc_column][\/vc_row][vc_row][vc_column][\/vc_column][\/vc_row]<\/p>\n<\/div>","protected":false},"excerpt":{"rendered":"<p>[vc_row css=&#8221;.vc_custom_1770129235142{margin-top: -110px !important;}&#8221;][vc_column][vc_single_image image=&#8221;4067&#8243; img_size=&#8221;full&#8221; css=&#8221;&#8221;][\/vc_column][\/vc_row][vc_row][vc_column][vc_column_text css=&#8221;&#8221;] Bli djurfadder [\/vc_column_text][\/vc_column][\/vc_row][vc_row][vc_column][vc_column_text css=&#8221;&#8221;]Var med och g\u00f6r skillnad f\u00f6r v\u00e5ra djur \u2013 bli fadder! \ud83d\udc9a Som fadder \u00e4r du med och bidrar till djurens vardag. Dina bidrag g\u00e5r till mat, omv\u00e5rdnad och eventuella veterin\u00e4rkostnader I utbyte kan du efter genomg\u00e5ng av personalen bes\u00f6ka djuren du \u00e4r fadder&nbsp; <a href=\"https:\/\/www.4h.se\/stattared\/stod-oss\/\">&hellip; Read more <i class=\"glyphicon glyphicon-arrow-right\"><\/i><\/a><\/p>\n","protected":false},"author":24,"featured_media":0,"parent":0,"menu_order":149,"comment_status":"closed","ping_status":"closed","template":"","meta":{"footnotes":""},"class_list":["post-878","page","type-page","status-publish","hentry"],"yoast_head":"<!-- This site is optimized with the Yoast SEO plugin v27.4 - https:\/\/yoast.com\/product\/yoast-seo-wordpress\/ -->\n<title>St\u00f6d oss - St\u00e4ttareds 4H-g\u00e5rd<\/title>\n<meta name=\"robots\" content=\"index, follow, max-snippet:-1, max-image-preview:large, max-video-preview:-1\" \/>\n<link rel=\"canonical\" href=\"https:\/\/www.4h.se\/stattared\/stod-oss\/\" \/>\n<meta property=\"og:locale\" content=\"sv_SE\" \/>\n<meta property=\"og:type\" content=\"article\" \/>\n<meta property=\"og:title\" content=\"St\u00f6d oss - St\u00e4ttareds 4H-g\u00e5rd\" \/>\n<meta property=\"og:description\" content=\"[vc_row css=&#8221;.vc_custom_1770129235142{margin-top: -110px !important;}&#8221;][vc_column][vc_single_image image=&#8221;4067&#8243; img_size=&#8221;full&#8221; css=&#8221;&#8221;][\/vc_column][\/vc_row][vc_row][vc_column][vc_column_text css=&#8221;&#8221;] Bli djurfadder [\/vc_column_text][\/vc_column][\/vc_row][vc_row][vc_column][vc_column_text css=&#8221;&#8221;]Var med och g\u00f6r skillnad f\u00f6r v\u00e5ra djur \u2013 bli fadder! \ud83d\udc9a Som fadder \u00e4r du med och bidrar till djurens vardag. Dina bidrag g\u00e5r till mat, omv\u00e5rdnad och eventuella veterin\u00e4rkostnader I utbyte kan du efter genomg\u00e5ng av personalen bes\u00f6ka djuren du \u00e4r fadder&nbsp; &hellip; Read more\" \/>\n<meta property=\"og:url\" content=\"https:\/\/www.4h.se\/stattared\/stod-oss\/\" \/>\n<meta property=\"og:site_name\" content=\"St\u00e4ttareds 4H-g\u00e5rd\" \/>\n<meta property=\"article:modified_time\" content=\"2026-02-06T14:30:30+00:00\" \/>\n<meta name=\"twitter:card\" content=\"summary_large_image\" \/>\n<meta name=\"twitter:label1\" content=\"Ber\u00e4knad l\u00e4stid\" \/>\n\t<meta name=\"twitter:data1\" content=\"1 minut\" \/>\n<script type=\"application\/ld+json\" class=\"yoast-schema-graph\">{\"@context\":\"https:\\\/\\\/schema.org\",\"@graph\":[{\"@type\":\"WebPage\",\"@id\":\"https:\\\/\\\/www.4h.se\\\/stattared\\\/stod-oss\\\/\",\"url\":\"https:\\\/\\\/www.4h.se\\\/stattared\\\/stod-oss\\\/\",\"name\":\"St\u00f6d oss - St\u00e4ttareds 4H-g\u00e5rd\",\"isPartOf\":{\"@id\":\"https:\\\/\\\/www.4h.se\\\/stattared\\\/#website\"},\"datePublished\":\"2017-07-07T10:45:40+00:00\",\"dateModified\":\"2026-02-06T14:30:30+00:00\",\"breadcrumb\":{\"@id\":\"https:\\\/\\\/www.4h.se\\\/stattared\\\/stod-oss\\\/#breadcrumb\"},\"inLanguage\":\"sv-SE\",\"potentialAction\":[{\"@type\":\"ReadAction\",\"target\":[\"https:\\\/\\\/www.4h.se\\\/stattared\\\/stod-oss\\\/\"]}]},{\"@type\":\"BreadcrumbList\",\"@id\":\"https:\\\/\\\/www.4h.se\\\/stattared\\\/stod-oss\\\/#breadcrumb\",\"itemListElement\":[{\"@type\":\"ListItem\",\"position\":1,\"name\":\"Hem\",\"item\":\"https:\\\/\\\/www.4h.se\\\/stattared\\\/\"},{\"@type\":\"ListItem\",\"position\":2,\"name\":\"St\u00f6d oss\"}]},{\"@type\":\"WebSite\",\"@id\":\"https:\\\/\\\/www.4h.se\\\/stattared\\\/#website\",\"url\":\"https:\\\/\\\/www.4h.se\\\/stattared\\\/\",\"name\":\"St\u00e4ttareds 4H-g\u00e5rd\",\"description\":\"mer \u00e4n bara en g\u00e5rd\",\"potentialAction\":[{\"@type\":\"SearchAction\",\"target\":{\"@type\":\"EntryPoint\",\"urlTemplate\":\"https:\\\/\\\/www.4h.se\\\/stattared\\\/?s={search_term_string}\"},\"query-input\":{\"@type\":\"PropertyValueSpecification\",\"valueRequired\":true,\"valueName\":\"search_term_string\"}}],\"inLanguage\":\"sv-SE\"}]}<\/script>\n<!-- \/ Yoast SEO plugin. -->","yoast_head_json":{"title":"St\u00f6d oss - St\u00e4ttareds 4H-g\u00e5rd","robots":{"index":"index","follow":"follow","max-snippet":"max-snippet:-1","max-image-preview":"max-image-preview:large","max-video-preview":"max-video-preview:-1"},"canonical":"https:\/\/www.4h.se\/stattared\/stod-oss\/","og_locale":"sv_SE","og_type":"article","og_title":"St\u00f6d oss - St\u00e4ttareds 4H-g\u00e5rd","og_description":"[vc_row css=&#8221;.vc_custom_1770129235142{margin-top: -110px !important;}&#8221;][vc_column][vc_single_image image=&#8221;4067&#8243; img_size=&#8221;full&#8221; css=&#8221;&#8221;][\/vc_column][\/vc_row][vc_row][vc_column][vc_column_text css=&#8221;&#8221;] Bli djurfadder [\/vc_column_text][\/vc_column][\/vc_row][vc_row][vc_column][vc_column_text css=&#8221;&#8221;]Var med och g\u00f6r skillnad f\u00f6r v\u00e5ra djur \u2013 bli fadder! \ud83d\udc9a Som fadder \u00e4r du med och bidrar till djurens vardag. Dina bidrag g\u00e5r till mat, omv\u00e5rdnad och eventuella veterin\u00e4rkostnader I utbyte kan du efter genomg\u00e5ng av personalen bes\u00f6ka djuren du \u00e4r fadder&nbsp; &hellip; Read more","og_url":"https:\/\/www.4h.se\/stattared\/stod-oss\/","og_site_name":"St\u00e4ttareds 4H-g\u00e5rd","article_modified_time":"2026-02-06T14:30:30+00:00","twitter_card":"summary_large_image","twitter_misc":{"Ber\u00e4knad l\u00e4stid":"1 minut"},"schema":{"@context":"https:\/\/schema.org","@graph":[{"@type":"WebPage","@id":"https:\/\/www.4h.se\/stattared\/stod-oss\/","url":"https:\/\/www.4h.se\/stattared\/stod-oss\/","name":"St\u00f6d oss - St\u00e4ttareds 4H-g\u00e5rd","isPartOf":{"@id":"https:\/\/www.4h.se\/stattared\/#website"},"datePublished":"2017-07-07T10:45:40+00:00","dateModified":"2026-02-06T14:30:30+00:00","breadcrumb":{"@id":"https:\/\/www.4h.se\/stattared\/stod-oss\/#breadcrumb"},"inLanguage":"sv-SE","potentialAction":[{"@type":"ReadAction","target":["https:\/\/www.4h.se\/stattared\/stod-oss\/"]}]},{"@type":"BreadcrumbList","@id":"https:\/\/www.4h.se\/stattared\/stod-oss\/#breadcrumb","itemListElement":[{"@type":"ListItem","position":1,"name":"Hem","item":"https:\/\/www.4h.se\/stattared\/"},{"@type":"ListItem","position":2,"name":"St\u00f6d oss"}]},{"@type":"WebSite","@id":"https:\/\/www.4h.se\/stattared\/#website","url":"https:\/\/www.4h.se\/stattared\/","name":"St\u00e4ttareds 4H-g\u00e5rd","description":"mer \u00e4n bara en g\u00e5rd","potentialAction":[{"@type":"SearchAction","target":{"@type":"EntryPoint","urlTemplate":"https:\/\/www.4h.se\/stattared\/?s={search_term_string}"},"query-input":{"@type":"PropertyValueSpecification","valueRequired":true,"valueName":"search_term_string"}}],"inLanguage":"sv-SE"}]}},"_links":{"self":[{"href":"https:\/\/www.4h.se\/stattared\/wp-json\/wp\/v2\/pages\/878","targetHints":{"allow":["GET"]}}],"collection":[{"href":"https:\/\/www.4h.se\/stattared\/wp-json\/wp\/v2\/pages"}],"about":[{"href":"https:\/\/www.4h.se\/stattared\/wp-json\/wp\/v2\/types\/page"}],"author":[{"embeddable":true,"href":"https:\/\/www.4h.se\/stattared\/wp-json\/wp\/v2\/users\/24"}],"replies":[{"embeddable":true,"href":"https:\/\/www.4h.se\/stattared\/wp-json\/wp\/v2\/comments?post=878"}],"version-history":[{"count":0,"href":"https:\/\/www.4h.se\/stattared\/wp-json\/wp\/v2\/pages\/878\/revisions"}],"wp:attachment":[{"href":"https:\/\/www.4h.se\/stattared\/wp-json\/wp\/v2\/media?parent=878"}],"curies":[{"name":"wp","href":"https:\/\/api.w.org\/{rel}","templated":true}]}}