



{"id":553,"date":"2017-05-24T09:29:47","date_gmt":"2017-05-24T07:29:47","guid":{"rendered":"https:\/\/www.4h.se\/stattared\/?page_id=553"},"modified":"2025-12-26T14:21:02","modified_gmt":"2025-12-26T13:21:02","slug":"stod-vara-djur","status":"publish","type":"page","link":"https:\/\/www.4h.se\/stattared\/stod-vara-djur\/","title":{"rendered":"St\u00f6d v\u00e5ra djur"},"content":{"rendered":"<div class=\"wpb-content-wrapper\"><p>[vc_row full_width=&#8221;stretch_row_content&#8221; css=&#8221;.vc_custom_1737539541663{margin-top: -110px !important;}&#8221;][vc_column width=&#8221;1\/4&#8243;][vc_single_image image=&#8221;3857&#8243; img_size=&#8221;full&#8221; css=&#8221;.vc_custom_1737539754747{margin-right: -22px !important;margin-left: -30px !important;}&#8221;][\/vc_column][vc_column width=&#8221;1\/4&#8243;][vc_single_image image=&#8221;3858&#8243; img_size=&#8221;full&#8221; css=&#8221;.vc_custom_1737539744114{margin-right: -21px !important;margin-left: -31px !important;}&#8221;][\/vc_column][vc_column width=&#8221;1\/4&#8243;][vc_single_image image=&#8221;3228&#8243; img_size=&#8221;full&#8221; css=&#8221;.vc_custom_1737539683479{margin-right: -20px !important;margin-left: -31px !important;}&#8221;][\/vc_column][vc_column width=&#8221;1\/4&#8243;][vc_single_image image=&#8221;3859&#8243; img_size=&#8221;full&#8221; css=&#8221;.vc_custom_1737539720738{margin-right: -22px !important;margin-left: -30px !important;}&#8221;][\/vc_column][\/vc_row][vc_row][vc_column][vc_column_text css=&#8221;&#8221;]<\/p>\n<h2>Bli djurfadder &#8211; St\u00f6d v\u00e5r verksamhet<\/h2>\n<p>Var med och g\u00f6r skillnad f\u00f6r v\u00e5ra djur \u2013 bli fadder! \ud83d\udc9a<br \/>\nSom fadder \u00e4r du med och bidrar till djurens vardag. Dina bidrag g\u00e5r till mat, omv\u00e5rdnad och eventuella veterin\u00e4rkostnader<\/p>\n<p>I utbyte kan du efter genomg\u00e5ng av personalen bes\u00f6ka djuren du \u00e4r fadder till n\u00e4r du vill. (g\u00e4ller tyv\u00e4rr inte grisar).<\/p>\n<p>Du v\u00e4ljer sj\u00e4lv om du vill bidra med:<\/p>\n<p>Fadderskap Mikro &#8211; 1000 kr\/\u00e5r<br \/>\nFadderskap Mini &#8211; 1500 kr\/\u00e5r<br \/>\nFadderskap Mellan &#8211; 2500 kr\/\u00e5r<br \/>\nFadderskap Mega &#8211; 5000 kr\/\u00e5r<\/p>\n<p>Antingen betalar du hela beloppet direkt eller s\u00e5 delar du upp betalningen m\u00e5nadsvis, dock ska hela beloppet vara betalt den 1 december 2025. Kom ih\u00e5g att alltid skriva endast OCR-nr p\u00e5 inbetalningen.<\/p>\n<p>Som fadder f\u00e5r du ocks\u00e5 ett intyg skickat p\u00e5 mejl och ditt namn uppsatt p\u00e5 sponsortavlan i stallet.<\/p>\n<p>Vill du vara en hj\u00e4lte f\u00f6r v\u00e5ra djur? Var med och g\u00f6r skillnad redan idag![\/vc_column_text][\/vc_column][\/vc_row][vc_row][vc_column][vc_btn title=&#8221;Registrera dig h\u00e4r!&#8221; style=&#8221;outline&#8221; color=&#8221;black&#8221; css=&#8221;&#8221; link=&#8221;url:https%3A%2F%2Fwww.antribe.com%2Forg%2F4h%2Fstattareds-4h%2Fevent%2Fbli-djurfadder-1&#8243;][\/vc_column][\/vc_row]<\/p>\n<\/div>","protected":false},"excerpt":{"rendered":"<p>[vc_row full_width=&#8221;stretch_row_content&#8221; css=&#8221;.vc_custom_1737539541663{margin-top: -110px !important;}&#8221;][vc_column width=&#8221;1\/4&#8243;][vc_single_image image=&#8221;3857&#8243; img_size=&#8221;full&#8221; css=&#8221;.vc_custom_1737539754747{margin-right: -22px !important;margin-left: -30px !important;}&#8221;][\/vc_column][vc_column width=&#8221;1\/4&#8243;][vc_single_image image=&#8221;3858&#8243; img_size=&#8221;full&#8221; css=&#8221;.vc_custom_1737539744114{margin-right: -21px !important;margin-left: -31px !important;}&#8221;][\/vc_column][vc_column width=&#8221;1\/4&#8243;][vc_single_image image=&#8221;3228&#8243; img_size=&#8221;full&#8221; css=&#8221;.vc_custom_1737539683479{margin-right: -20px !important;margin-left: -31px !important;}&#8221;][\/vc_column][vc_column width=&#8221;1\/4&#8243;][vc_single_image image=&#8221;3859&#8243; img_size=&#8221;full&#8221; css=&#8221;.vc_custom_1737539720738{margin-right: -22px !important;margin-left: -30px !important;}&#8221;][\/vc_column][\/vc_row][vc_row][vc_column][vc_column_text css=&#8221;&#8221;] Bli djurfadder &#8211; St\u00f6d v\u00e5r verksamhet Var med och g\u00f6r skillnad f\u00f6r v\u00e5ra djur \u2013 bli fadder!&nbsp; <a href=\"https:\/\/www.4h.se\/stattared\/stod-vara-djur\/\">&hellip; Read more <i class=\"glyphicon glyphicon-arrow-right\"><\/i><\/a><\/p>\n","protected":false},"author":24,"featured_media":0,"parent":0,"menu_order":151,"comment_status":"closed","ping_status":"closed","template":"","meta":{"_acf_changed":false,"footnotes":""},"class_list":["post-553","page","type-page","status-publish","hentry"],"acf":[],"yoast_head":"<!-- This site is optimized with the Yoast SEO plugin v27.4 - https:\/\/yoast.com\/product\/yoast-seo-wordpress\/ -->\n<title>St\u00f6d v\u00e5ra djur - St\u00e4ttareds 4H-g\u00e5rd<\/title>\n<meta name=\"robots\" content=\"index, follow, max-snippet:-1, max-image-preview:large, max-video-preview:-1\" \/>\n<link rel=\"canonical\" href=\"https:\/\/www.4h.se\/stattared\/stod-vara-djur\/\" \/>\n<meta property=\"og:locale\" content=\"sv_SE\" \/>\n<meta property=\"og:type\" content=\"article\" \/>\n<meta property=\"og:title\" content=\"St\u00f6d v\u00e5ra djur - St\u00e4ttareds 4H-g\u00e5rd\" \/>\n<meta property=\"og:description\" content=\"[vc_row full_width=&#8221;stretch_row_content&#8221; css=&#8221;.vc_custom_1737539541663{margin-top: -110px !important;}&#8221;][vc_column width=&#8221;1\/4&#8243;][vc_single_image image=&#8221;3857&#8243; img_size=&#8221;full&#8221; css=&#8221;.vc_custom_1737539754747{margin-right: -22px !important;margin-left: -30px !important;}&#8221;][\/vc_column][vc_column width=&#8221;1\/4&#8243;][vc_single_image image=&#8221;3858&#8243; img_size=&#8221;full&#8221; css=&#8221;.vc_custom_1737539744114{margin-right: -21px !important;margin-left: -31px !important;}&#8221;][\/vc_column][vc_column width=&#8221;1\/4&#8243;][vc_single_image image=&#8221;3228&#8243; img_size=&#8221;full&#8221; css=&#8221;.vc_custom_1737539683479{margin-right: -20px !important;margin-left: -31px !important;}&#8221;][\/vc_column][vc_column width=&#8221;1\/4&#8243;][vc_single_image image=&#8221;3859&#8243; img_size=&#8221;full&#8221; css=&#8221;.vc_custom_1737539720738{margin-right: -22px !important;margin-left: -30px !important;}&#8221;][\/vc_column][\/vc_row][vc_row][vc_column][vc_column_text css=&#8221;&#8221;] Bli djurfadder &#8211; St\u00f6d v\u00e5r verksamhet Var med och g\u00f6r skillnad f\u00f6r v\u00e5ra djur \u2013 bli fadder!&nbsp; &hellip; Read more\" \/>\n<meta property=\"og:url\" content=\"https:\/\/www.4h.se\/stattared\/stod-vara-djur\/\" \/>\n<meta property=\"og:site_name\" content=\"St\u00e4ttareds 4H-g\u00e5rd\" \/>\n<meta property=\"article:modified_time\" content=\"2025-12-26T13:21:02+00:00\" \/>\n<meta name=\"twitter:card\" content=\"summary_large_image\" \/>\n<meta name=\"twitter:label1\" content=\"Ber\u00e4knad l\u00e4stid\" \/>\n\t<meta name=\"twitter:data1\" content=\"2 minuter\" \/>\n<script type=\"application\/ld+json\" class=\"yoast-schema-graph\">{\"@context\":\"https:\\\/\\\/schema.org\",\"@graph\":[{\"@type\":\"WebPage\",\"@id\":\"https:\\\/\\\/www.4h.se\\\/stattared\\\/stod-vara-djur\\\/\",\"url\":\"https:\\\/\\\/www.4h.se\\\/stattared\\\/stod-vara-djur\\\/\",\"name\":\"St\u00f6d v\u00e5ra djur - St\u00e4ttareds 4H-g\u00e5rd\",\"isPartOf\":{\"@id\":\"https:\\\/\\\/www.4h.se\\\/stattared\\\/#website\"},\"datePublished\":\"2017-05-24T07:29:47+00:00\",\"dateModified\":\"2025-12-26T13:21:02+00:00\",\"breadcrumb\":{\"@id\":\"https:\\\/\\\/www.4h.se\\\/stattared\\\/stod-vara-djur\\\/#breadcrumb\"},\"inLanguage\":\"sv-SE\",\"potentialAction\":[{\"@type\":\"ReadAction\",\"target\":[\"https:\\\/\\\/www.4h.se\\\/stattared\\\/stod-vara-djur\\\/\"]}]},{\"@type\":\"BreadcrumbList\",\"@id\":\"https:\\\/\\\/www.4h.se\\\/stattared\\\/stod-vara-djur\\\/#breadcrumb\",\"itemListElement\":[{\"@type\":\"ListItem\",\"position\":1,\"name\":\"Hem\",\"item\":\"https:\\\/\\\/www.4h.se\\\/stattared\\\/\"},{\"@type\":\"ListItem\",\"position\":2,\"name\":\"St\u00f6d v\u00e5ra djur\"}]},{\"@type\":\"WebSite\",\"@id\":\"https:\\\/\\\/www.4h.se\\\/stattared\\\/#website\",\"url\":\"https:\\\/\\\/www.4h.se\\\/stattared\\\/\",\"name\":\"St\u00e4ttareds 4H-g\u00e5rd\",\"description\":\"mer \u00e4n bara en g\u00e5rd\",\"potentialAction\":[{\"@type\":\"SearchAction\",\"target\":{\"@type\":\"EntryPoint\",\"urlTemplate\":\"https:\\\/\\\/www.4h.se\\\/stattared\\\/?s={search_term_string}\"},\"query-input\":{\"@type\":\"PropertyValueSpecification\",\"valueRequired\":true,\"valueName\":\"search_term_string\"}}],\"inLanguage\":\"sv-SE\"}]}<\/script>\n<!-- \/ Yoast SEO plugin. -->","yoast_head_json":{"title":"St\u00f6d v\u00e5ra djur - St\u00e4ttareds 4H-g\u00e5rd","robots":{"index":"index","follow":"follow","max-snippet":"max-snippet:-1","max-image-preview":"max-image-preview:large","max-video-preview":"max-video-preview:-1"},"canonical":"https:\/\/www.4h.se\/stattared\/stod-vara-djur\/","og_locale":"sv_SE","og_type":"article","og_title":"St\u00f6d v\u00e5ra djur - St\u00e4ttareds 4H-g\u00e5rd","og_description":"[vc_row full_width=&#8221;stretch_row_content&#8221; css=&#8221;.vc_custom_1737539541663{margin-top: -110px !important;}&#8221;][vc_column width=&#8221;1\/4&#8243;][vc_single_image image=&#8221;3857&#8243; img_size=&#8221;full&#8221; css=&#8221;.vc_custom_1737539754747{margin-right: -22px !important;margin-left: -30px !important;}&#8221;][\/vc_column][vc_column width=&#8221;1\/4&#8243;][vc_single_image image=&#8221;3858&#8243; img_size=&#8221;full&#8221; css=&#8221;.vc_custom_1737539744114{margin-right: -21px !important;margin-left: -31px !important;}&#8221;][\/vc_column][vc_column width=&#8221;1\/4&#8243;][vc_single_image image=&#8221;3228&#8243; img_size=&#8221;full&#8221; css=&#8221;.vc_custom_1737539683479{margin-right: -20px !important;margin-left: -31px !important;}&#8221;][\/vc_column][vc_column width=&#8221;1\/4&#8243;][vc_single_image image=&#8221;3859&#8243; img_size=&#8221;full&#8221; css=&#8221;.vc_custom_1737539720738{margin-right: -22px !important;margin-left: -30px !important;}&#8221;][\/vc_column][\/vc_row][vc_row][vc_column][vc_column_text css=&#8221;&#8221;] Bli djurfadder &#8211; St\u00f6d v\u00e5r verksamhet Var med och g\u00f6r skillnad f\u00f6r v\u00e5ra djur \u2013 bli fadder!&nbsp; &hellip; Read more","og_url":"https:\/\/www.4h.se\/stattared\/stod-vara-djur\/","og_site_name":"St\u00e4ttareds 4H-g\u00e5rd","article_modified_time":"2025-12-26T13:21:02+00:00","twitter_card":"summary_large_image","twitter_misc":{"Ber\u00e4knad l\u00e4stid":"2 minuter"},"schema":{"@context":"https:\/\/schema.org","@graph":[{"@type":"WebPage","@id":"https:\/\/www.4h.se\/stattared\/stod-vara-djur\/","url":"https:\/\/www.4h.se\/stattared\/stod-vara-djur\/","name":"St\u00f6d v\u00e5ra djur - St\u00e4ttareds 4H-g\u00e5rd","isPartOf":{"@id":"https:\/\/www.4h.se\/stattared\/#website"},"datePublished":"2017-05-24T07:29:47+00:00","dateModified":"2025-12-26T13:21:02+00:00","breadcrumb":{"@id":"https:\/\/www.4h.se\/stattared\/stod-vara-djur\/#breadcrumb"},"inLanguage":"sv-SE","potentialAction":[{"@type":"ReadAction","target":["https:\/\/www.4h.se\/stattared\/stod-vara-djur\/"]}]},{"@type":"BreadcrumbList","@id":"https:\/\/www.4h.se\/stattared\/stod-vara-djur\/#breadcrumb","itemListElement":[{"@type":"ListItem","position":1,"name":"Hem","item":"https:\/\/www.4h.se\/stattared\/"},{"@type":"ListItem","position":2,"name":"St\u00f6d v\u00e5ra djur"}]},{"@type":"WebSite","@id":"https:\/\/www.4h.se\/stattared\/#website","url":"https:\/\/www.4h.se\/stattared\/","name":"St\u00e4ttareds 4H-g\u00e5rd","description":"mer \u00e4n bara en g\u00e5rd","potentialAction":[{"@type":"SearchAction","target":{"@type":"EntryPoint","urlTemplate":"https:\/\/www.4h.se\/stattared\/?s={search_term_string}"},"query-input":{"@type":"PropertyValueSpecification","valueRequired":true,"valueName":"search_term_string"}}],"inLanguage":"sv-SE"}]}},"_links":{"self":[{"href":"https:\/\/www.4h.se\/stattared\/wp-json\/wp\/v2\/pages\/553","targetHints":{"allow":["GET"]}}],"collection":[{"href":"https:\/\/www.4h.se\/stattared\/wp-json\/wp\/v2\/pages"}],"about":[{"href":"https:\/\/www.4h.se\/stattared\/wp-json\/wp\/v2\/types\/page"}],"author":[{"embeddable":true,"href":"https:\/\/www.4h.se\/stattared\/wp-json\/wp\/v2\/users\/24"}],"replies":[{"embeddable":true,"href":"https:\/\/www.4h.se\/stattared\/wp-json\/wp\/v2\/comments?post=553"}],"version-history":[{"count":0,"href":"https:\/\/www.4h.se\/stattared\/wp-json\/wp\/v2\/pages\/553\/revisions"}],"wp:attachment":[{"href":"https:\/\/www.4h.se\/stattared\/wp-json\/wp\/v2\/media?parent=553"}],"curies":[{"name":"wp","href":"https:\/\/api.w.org\/{rel}","templated":true}]}}