



{"id":550,"date":"2017-05-24T09:28:39","date_gmt":"2017-05-24T07:28:39","guid":{"rendered":"https:\/\/www.4h.se\/stattared\/?page_id=550"},"modified":"2025-12-26T14:21:02","modified_gmt":"2025-12-26T13:21:02","slug":"gardens-historia","status":"publish","type":"page","link":"https:\/\/www.4h.se\/stattared\/gardens-historia\/","title":{"rendered":"G\u00e5rdens historia"},"content":{"rendered":"<div class=\"wpb-content-wrapper\"><p>[vc_row full_width=&#8221;stretch_row&#8221;][vc_column css=&#8221;.vc_custom_1646746760996{margin-top: 20px !important;margin-bottom: 20px !important;background-color: #ffffff !important;border-radius: 5px !important;}&#8221;][vc_column_text css=&#8221;.vc_custom_1646746749148{margin-top: -30px !important;}&#8221;]<\/p>\n<h2 class=\"head1\">G\u00e5rdens historia<\/h2>\n<p>[\/vc_column_text][vc_separator color=&#8221;custom&#8221; border_width=&#8221;2&#8243; css=&#8221;.vc_custom_1646746798063{margin-top: -10px !important;}&#8221; accent_color=&#8221;#006340&#8243;][vc_column_text]<\/p>\n<p class=\"head1\">\u00c5r 1852 \u00e4gde sl\u00e4kten von D\u00f6beln 42 g\u00e5rdar, bl.a. Bj\u00f6rkholmen vid Hornsj\u00f6n. P\u00e5 Bj\u00f6rkholmen fanns en inspektor vid namn Nor\u00e9n som \u00e5r 1868 k\u00f6pte tre g\u00e5rdar f\u00f6r 6.000 riksdaler. Dessa g\u00e5rdar l\u00e5g t\u00e4tt samman p\u00e5 den plats d\u00e4r St\u00e4ttared ligger idag. Tv\u00e5 av g\u00e5rdarna revs med en g\u00e5ng och p\u00e5 l\u00e5ngfredagen 1875 brann \u00e4ven det sista boningshuset ner.<\/p>\n<div class=\"txFixP\">\n<p>Det bar sig inte b\u00e4ttre \u00e4n att ladug\u00e5rden brann ner den med. P\u00e5 juldagen 1887 var g\u00e5rdens folk p\u00e5 julotta, men torparen Olaus p\u00e5 Lyngsl\u00e4tt var f\u00f6rsenad och s\u00e5g att det brann. Han lyckades r\u00e4dda tv\u00e5 oxar fr\u00e5n l\u00e5gorna. En h\u00e4st slet sig, men alla andra djur br\u00e4ndes inne. St\u00e4ttareds nuvarande ladug\u00e5rd \u00e4r fr\u00e5n denna tid \u00e4ven om man tror att de tjocka murarna ingick i en tidigare byggnad.<\/p>\n<p>Efter Nor\u00e9n \u00e4gdes St\u00e4ttared av en man vid namn K\u00e4rrberg. Han dog 1903 endast 35 \u00e5r gammal. P\u00e5 den tiden fanns det bokar i skogen som var s\u00e5 tjocka att det kr\u00e4vdes tv\u00e5 man f\u00f6r att n\u00e5 runt. K\u00e4rrbergs eftertr\u00e4dare, H\u00e5kansson, s\u00e5lde alla bokar som var \u00f6ver 6 tum till ett bolag. D\u00e4refter hade St\u00e4ttared fyra olika \u00e4gare p\u00e5 kort tid. 1924 k\u00f6pte Johan Andersson g\u00e5rden f\u00f6r 20.600 kr. Han hade nyss kommit hem fr\u00e5n Amerika och brukade g\u00e5rden fram till sin d\u00f6d i mitten av 1960-talet.<\/p>\n<p>Den vackra, or\u00f6rda naturen gjorde att L\u00f6ftadalens kommun 1973 beslutade att k\u00f6pa St\u00e4ttared f\u00f6r att r\u00e4dda det som fritidsomr\u00e5de. Priset p\u00e5 g\u00e5rdens ca. 150 ha var 360.000 kronor. I vandrarhemmet fanns d\u00e5 k\u00f6k och 12 b\u00e4ddar. Det fanns \u00e4ven djur, mest f\u00e5r, fr\u00e4mst f\u00f6r de bes\u00f6kandes skull, men \u00e4ven i landskapsv\u00e5rdande syfte.<\/p>\n<p>Tidigare odlade mossar och \u00e5krar var p\u00e5 v\u00e4g att v\u00e4xa igen, och husen var i ganska d\u00e5ligt skick. P\u00e5 stort sett hela arealen fanns or\u00f6rda l\u00f6vskogar med stort inslag av bok. En stor del av skogen ligger p\u00e5 sluttningen ner mot Hornsj\u00f6n, d\u00e4r det finns badplats och vackra utsiktspunkter. Det fanns inga sommarstugor i omr\u00e5det.<\/p>\n<p><strong>Det som var en g\u00e5ng<\/strong><\/p>\n<p>Ett 20-tal platser d\u00e4r torp eller andra byggnader en g\u00e5ng funnits har f\u00f6rsetts med skyltar inneh\u00e5llande uppgifter om de m\u00e4nniskor, som en g\u00e5ng bott d\u00e4r, n\u00e4r byggnaderna revs etc.<\/p>\n<p>Torparen p\u00e5 Lyngsl\u00e4tt gjorde tv\u00e5 dagsverken i veckan p\u00e5 St\u00e4ttared \u00e4nda fram till 1918. Torpets areal bestod av 6 tunnland mossjord. P\u00e5 bergh\u00e4llen framf\u00f6r ruinen l\u00e5g tidigare en rygg\u00e5sstuga, troligtvis byggd p\u00e5 1700-talet. Det senare bostadshuset byggdes av Gunne Andersson p\u00e5 1840-talet. Gunne var sj\u00e4lv f\u00f6dd p\u00e5 Lyngsl\u00e4tt 1814 och han dog 1889. Hans son Olaus (troligtvis han som r\u00e4ddade tv\u00e5 av St\u00e4ttareds oxar ur elden) bodde kvar med sin hustru Lotta fram till 1935. Han var d\u00e5 80 \u00e5r gammal. De hade ett par kor, och hade tidigare ocks\u00e5 haft h\u00e4st.<\/p>\n<p>\u201dLotta i Dalen\u201d gick p\u00e5 dagsverken p\u00e5 Bj\u00f6rkholmen, annars plockade hon ofta b\u00e4r och fick d\u00e4rf\u00f6r heta \u201dB\u00e4r-Lotta\u201d. B\u00e4ren s\u00e5lde hon p\u00e5 \u00c5sa g\u00e4stgivareg\u00e5rd dit hon gick barfota. Lottas stuga var en rygg\u00e5sstuga med bara ett f\u00f6nster i taket. Den revs 1907.<\/p><\/div>\n<p>[\/vc_column_text][vc_single_image image=&#8221;447&#8243; img_size=&#8221;full&#8221; alignment=&#8221;center&#8221; style=&#8221;vc_box_rounded&#8221; onclick=&#8221;img_link_large&#8221;][\/vc_column][\/vc_row]<\/p>\n<\/div>","protected":false},"excerpt":{"rendered":"<p>[vc_row full_width=&#8221;stretch_row&#8221;][vc_column css=&#8221;.vc_custom_1646746760996{margin-top: 20px !important;margin-bottom: 20px !important;background-color: #ffffff !important;border-radius: 5px !important;}&#8221;][vc_column_text css=&#8221;.vc_custom_1646746749148{margin-top: -30px !important;}&#8221;] G\u00e5rdens historia [\/vc_column_text][vc_separator color=&#8221;custom&#8221; border_width=&#8221;2&#8243; css=&#8221;.vc_custom_1646746798063{margin-top: -10px !important;}&#8221; accent_color=&#8221;#006340&#8243;][vc_column_text] \u00c5r 1852 \u00e4gde sl\u00e4kten von D\u00f6beln 42 g\u00e5rdar, bl.a. Bj\u00f6rkholmen vid Hornsj\u00f6n. P\u00e5 Bj\u00f6rkholmen fanns en inspektor vid namn Nor\u00e9n som \u00e5r 1868 k\u00f6pte tre g\u00e5rdar f\u00f6r 6.000 riksdaler. Dessa g\u00e5rdar l\u00e5g&nbsp; <a href=\"https:\/\/www.4h.se\/stattared\/gardens-historia\/\">&hellip; Read more <i class=\"glyphicon glyphicon-arrow-right\"><\/i><\/a><\/p>\n","protected":false},"author":24,"featured_media":0,"parent":0,"menu_order":115,"comment_status":"closed","ping_status":"closed","template":"","meta":{"_acf_changed":false,"footnotes":""},"class_list":["post-550","page","type-page","status-publish","hentry"],"acf":[],"yoast_head":"<!-- This site is optimized with the Yoast SEO plugin v27.5 - https:\/\/yoast.com\/product\/yoast-seo-wordpress\/ -->\n<title>G\u00e5rdens historia - St\u00e4ttareds 4H-g\u00e5rd<\/title>\n<meta name=\"robots\" content=\"index, follow, max-snippet:-1, max-image-preview:large, max-video-preview:-1\" \/>\n<link rel=\"canonical\" href=\"https:\/\/www.4h.se\/stattared\/gardens-historia\/\" \/>\n<meta property=\"og:locale\" content=\"sv_SE\" \/>\n<meta property=\"og:type\" content=\"article\" \/>\n<meta property=\"og:title\" content=\"G\u00e5rdens historia - St\u00e4ttareds 4H-g\u00e5rd\" \/>\n<meta property=\"og:description\" content=\"[vc_row full_width=&#8221;stretch_row&#8221;][vc_column css=&#8221;.vc_custom_1646746760996{margin-top: 20px !important;margin-bottom: 20px !important;background-color: #ffffff !important;border-radius: 5px !important;}&#8221;][vc_column_text css=&#8221;.vc_custom_1646746749148{margin-top: -30px !important;}&#8221;] G\u00e5rdens historia [\/vc_column_text][vc_separator color=&#8221;custom&#8221; border_width=&#8221;2&#8243; css=&#8221;.vc_custom_1646746798063{margin-top: -10px !important;}&#8221; accent_color=&#8221;#006340&#8243;][vc_column_text] \u00c5r 1852 \u00e4gde sl\u00e4kten von D\u00f6beln 42 g\u00e5rdar, bl.a. Bj\u00f6rkholmen vid Hornsj\u00f6n. P\u00e5 Bj\u00f6rkholmen fanns en inspektor vid namn Nor\u00e9n som \u00e5r 1868 k\u00f6pte tre g\u00e5rdar f\u00f6r 6.000 riksdaler. Dessa g\u00e5rdar l\u00e5g&nbsp; &hellip; Read more\" \/>\n<meta property=\"og:url\" content=\"https:\/\/www.4h.se\/stattared\/gardens-historia\/\" \/>\n<meta property=\"og:site_name\" content=\"St\u00e4ttareds 4H-g\u00e5rd\" \/>\n<meta property=\"article:modified_time\" content=\"2025-12-26T13:21:02+00:00\" \/>\n<meta name=\"twitter:card\" content=\"summary_large_image\" \/>\n<meta name=\"twitter:label1\" content=\"Ber\u00e4knad l\u00e4stid\" \/>\n\t<meta name=\"twitter:data1\" content=\"3 minuter\" \/>\n<script type=\"application\/ld+json\" class=\"yoast-schema-graph\">{\"@context\":\"https:\\\/\\\/schema.org\",\"@graph\":[{\"@type\":\"WebPage\",\"@id\":\"https:\\\/\\\/www.4h.se\\\/stattared\\\/gardens-historia\\\/\",\"url\":\"https:\\\/\\\/www.4h.se\\\/stattared\\\/gardens-historia\\\/\",\"name\":\"G\u00e5rdens historia - St\u00e4ttareds 4H-g\u00e5rd\",\"isPartOf\":{\"@id\":\"https:\\\/\\\/www.4h.se\\\/stattared\\\/#website\"},\"datePublished\":\"2017-05-24T07:28:39+00:00\",\"dateModified\":\"2025-12-26T13:21:02+00:00\",\"breadcrumb\":{\"@id\":\"https:\\\/\\\/www.4h.se\\\/stattared\\\/gardens-historia\\\/#breadcrumb\"},\"inLanguage\":\"sv-SE\",\"potentialAction\":[{\"@type\":\"ReadAction\",\"target\":[\"https:\\\/\\\/www.4h.se\\\/stattared\\\/gardens-historia\\\/\"]}]},{\"@type\":\"BreadcrumbList\",\"@id\":\"https:\\\/\\\/www.4h.se\\\/stattared\\\/gardens-historia\\\/#breadcrumb\",\"itemListElement\":[{\"@type\":\"ListItem\",\"position\":1,\"name\":\"Hem\",\"item\":\"https:\\\/\\\/www.4h.se\\\/stattared\\\/\"},{\"@type\":\"ListItem\",\"position\":2,\"name\":\"G\u00e5rdens historia\"}]},{\"@type\":\"WebSite\",\"@id\":\"https:\\\/\\\/www.4h.se\\\/stattared\\\/#website\",\"url\":\"https:\\\/\\\/www.4h.se\\\/stattared\\\/\",\"name\":\"St\u00e4ttareds 4H-g\u00e5rd\",\"description\":\"mer \u00e4n bara en g\u00e5rd\",\"potentialAction\":[{\"@type\":\"SearchAction\",\"target\":{\"@type\":\"EntryPoint\",\"urlTemplate\":\"https:\\\/\\\/www.4h.se\\\/stattared\\\/?s={search_term_string}\"},\"query-input\":{\"@type\":\"PropertyValueSpecification\",\"valueRequired\":true,\"valueName\":\"search_term_string\"}}],\"inLanguage\":\"sv-SE\"}]}<\/script>\n<!-- \/ Yoast SEO plugin. -->","yoast_head_json":{"title":"G\u00e5rdens historia - St\u00e4ttareds 4H-g\u00e5rd","robots":{"index":"index","follow":"follow","max-snippet":"max-snippet:-1","max-image-preview":"max-image-preview:large","max-video-preview":"max-video-preview:-1"},"canonical":"https:\/\/www.4h.se\/stattared\/gardens-historia\/","og_locale":"sv_SE","og_type":"article","og_title":"G\u00e5rdens historia - St\u00e4ttareds 4H-g\u00e5rd","og_description":"[vc_row full_width=&#8221;stretch_row&#8221;][vc_column css=&#8221;.vc_custom_1646746760996{margin-top: 20px !important;margin-bottom: 20px !important;background-color: #ffffff !important;border-radius: 5px !important;}&#8221;][vc_column_text css=&#8221;.vc_custom_1646746749148{margin-top: -30px !important;}&#8221;] G\u00e5rdens historia [\/vc_column_text][vc_separator color=&#8221;custom&#8221; border_width=&#8221;2&#8243; css=&#8221;.vc_custom_1646746798063{margin-top: -10px !important;}&#8221; accent_color=&#8221;#006340&#8243;][vc_column_text] \u00c5r 1852 \u00e4gde sl\u00e4kten von D\u00f6beln 42 g\u00e5rdar, bl.a. Bj\u00f6rkholmen vid Hornsj\u00f6n. P\u00e5 Bj\u00f6rkholmen fanns en inspektor vid namn Nor\u00e9n som \u00e5r 1868 k\u00f6pte tre g\u00e5rdar f\u00f6r 6.000 riksdaler. Dessa g\u00e5rdar l\u00e5g&nbsp; &hellip; Read more","og_url":"https:\/\/www.4h.se\/stattared\/gardens-historia\/","og_site_name":"St\u00e4ttareds 4H-g\u00e5rd","article_modified_time":"2025-12-26T13:21:02+00:00","twitter_card":"summary_large_image","twitter_misc":{"Ber\u00e4knad l\u00e4stid":"3 minuter"},"schema":{"@context":"https:\/\/schema.org","@graph":[{"@type":"WebPage","@id":"https:\/\/www.4h.se\/stattared\/gardens-historia\/","url":"https:\/\/www.4h.se\/stattared\/gardens-historia\/","name":"G\u00e5rdens historia - St\u00e4ttareds 4H-g\u00e5rd","isPartOf":{"@id":"https:\/\/www.4h.se\/stattared\/#website"},"datePublished":"2017-05-24T07:28:39+00:00","dateModified":"2025-12-26T13:21:02+00:00","breadcrumb":{"@id":"https:\/\/www.4h.se\/stattared\/gardens-historia\/#breadcrumb"},"inLanguage":"sv-SE","potentialAction":[{"@type":"ReadAction","target":["https:\/\/www.4h.se\/stattared\/gardens-historia\/"]}]},{"@type":"BreadcrumbList","@id":"https:\/\/www.4h.se\/stattared\/gardens-historia\/#breadcrumb","itemListElement":[{"@type":"ListItem","position":1,"name":"Hem","item":"https:\/\/www.4h.se\/stattared\/"},{"@type":"ListItem","position":2,"name":"G\u00e5rdens historia"}]},{"@type":"WebSite","@id":"https:\/\/www.4h.se\/stattared\/#website","url":"https:\/\/www.4h.se\/stattared\/","name":"St\u00e4ttareds 4H-g\u00e5rd","description":"mer \u00e4n bara en g\u00e5rd","potentialAction":[{"@type":"SearchAction","target":{"@type":"EntryPoint","urlTemplate":"https:\/\/www.4h.se\/stattared\/?s={search_term_string}"},"query-input":{"@type":"PropertyValueSpecification","valueRequired":true,"valueName":"search_term_string"}}],"inLanguage":"sv-SE"}]}},"_links":{"self":[{"href":"https:\/\/www.4h.se\/stattared\/wp-json\/wp\/v2\/pages\/550","targetHints":{"allow":["GET"]}}],"collection":[{"href":"https:\/\/www.4h.se\/stattared\/wp-json\/wp\/v2\/pages"}],"about":[{"href":"https:\/\/www.4h.se\/stattared\/wp-json\/wp\/v2\/types\/page"}],"author":[{"embeddable":true,"href":"https:\/\/www.4h.se\/stattared\/wp-json\/wp\/v2\/users\/24"}],"replies":[{"embeddable":true,"href":"https:\/\/www.4h.se\/stattared\/wp-json\/wp\/v2\/comments?post=550"}],"version-history":[{"count":0,"href":"https:\/\/www.4h.se\/stattared\/wp-json\/wp\/v2\/pages\/550\/revisions"}],"wp:attachment":[{"href":"https:\/\/www.4h.se\/stattared\/wp-json\/wp\/v2\/media?parent=550"}],"curies":[{"name":"wp","href":"https:\/\/api.w.org\/{rel}","templated":true}]}}