



{"id":528,"date":"2017-05-23T21:53:56","date_gmt":"2017-05-23T19:53:56","guid":{"rendered":"https:\/\/www.4h.se\/stattared\/?page_id=528"},"modified":"2025-12-26T14:21:02","modified_gmt":"2025-12-26T13:21:02","slug":"barnkalas","status":"publish","type":"page","link":"https:\/\/www.4h.se\/stattared\/barnkalas\/","title":{"rendered":"Barnkalas"},"content":{"rendered":"<div class=\"wpb-content-wrapper\"><p>[vc_row css_animation=&#8221;none&#8221; css=&#8221;.vc_custom_1747077703121{margin-top: -110px !important;}&#8221;][vc_column][vc_single_image image=&#8221;4031&#8243; img_size=&#8221;full&#8221; css=&#8221;&#8221;][\/vc_column][\/vc_row][vc_row full_width=&#8221;stretch_row&#8221; gap=&#8221;10&#8243; css_animation=&#8221;none&#8221; css=&#8221;.vc_custom_1747077729771{margin-top: -20px !important;}&#8221;][vc_column width=&#8221;2\/3&#8243; css=&#8221;.vc_custom_1605181474858{margin-top: 20px !important;background-color: #ffffff !important;border-radius: 10px !important;}&#8221;][vc_column_text css=&#8221;.vc_custom_1747077744746{margin-top: -30px !important;}&#8221;]<\/p>\n<h1>Barnkalas<\/h1>\n<p>Samla kompisarna och boka ett of\u00f6rgl\u00f6mligt barnkalas p\u00e5 g\u00e5rden, fyllt med lek, bus och mysiga djurm\u00f6ten!<\/p>\n<p>En magisk upplevelse d\u00e4r barnen f\u00e5r umg\u00e5s med djuren, ha kul tillsammans och skapa minnen f\u00f6r livet.[\/vc_column_text][vc_column_text css=&#8221;&#8221;]<\/p>\n<h2><b>Djurkalas<\/b><\/h2>\n<p><i>Rekommenderad<\/i><em>\u00a0\u00e5lder 4\u221212 \u00e5r.\u00a0<\/em>[\/vc_column_text][vc_column_text css=&#8221;.vc_custom_1747078525906{margin-top: -20px !important;}&#8221;]<\/p>\n<p data-start=\"93\" data-end=\"141\"><strong data-start=\"93\" data-end=\"141\">Fira ett minnesv\u00e4rt djurkalas p\u00e5 g\u00e5rden \ud83d\udc34\ud83c\udf89<\/strong><\/p>\n<p data-start=\"143\" data-end=\"350\">L\u00e5t barnen uppt\u00e4cka djurens v\u00e4rld under ett roligt och l\u00e4rorikt kalas p\u00e5 landet. Vi b\u00f6rjar med en guidad tur d\u00e4r barnen f\u00e5r tr\u00e4ffa g\u00e5rdens djur \u2013 till n\u00e5gra av dem har vi med lite godsaker att bjuda p\u00e5.<\/p>\n<p data-start=\"352\" data-end=\"438\">Efter rundturen v\u00e4ntar en popul\u00e4r h\u00f6jdpunkt: en ridtur p\u00e5 v\u00e5ra sn\u00e4lla gotlandsruss. \ud83d\udc0e<\/p>\n<p data-start=\"440\" data-end=\"683\">Under tiden vi bes\u00f6ker djuren t\u00e4nds grillen \ud83d\udd25 \u2013 ta med det ni vill grilla och njut av en mysig stund tillsammans utomhus. Det finns ett mysigt vindskydd i anslutning till grillen d\u00e4r ni kan sitta och \u00e4ta om ni vill vara ute, oavsett v\u00e4der. \ud83c\udf3f<\/p>\n<p data-start=\"685\" data-end=\"795\">N\u00e4r aktiviteterna \u00e4r klara forts\u00e4tter ni kalaset p\u00e5 ert s\u00e4tt \u2013 kanske med fika, paket\u00f6ppning eller lekar.<\/p>\n<p data-start=\"797\" data-end=\"933\">Ni har tillg\u00e5ng till v\u00e5rt l\u00e4gerk\u00f6k med kyl, frys, sittplatser och kaffekokare \u2013 allt f\u00f6r en smidig och h\u00e4rlig dag f\u00f6r hela familjen.<\/p>\n<p>[\/vc_column_text][vc_column_text css=&#8221;&#8221;]<\/p>\n<h3><strong>Priser:\u00a0<\/strong><\/h3>\n<p>10-12 barn &#8211; 1490 kr<\/p>\n<p>13-15 barn &#8211; 1700 kr<\/p>\n<p>16-18 barn &#8211; 1910 kr[\/vc_column_text][vc_btn title=&#8221;Se lediga tider och boka&#8221; style=&#8221;outline-custom&#8221; outline_custom_color=&#8221;#00693F&#8221; outline_custom_hover_background=&#8221;#00693F&#8221; css=&#8221;&#8221; link=&#8221;url:https%3A%2F%2Fapp.bookspot.io%2Fwidget%2Fv2%2Fdialog%2Fnew-order%3Fkey%3D2fc53eea376fab059e81d28b1d6747202d7dbb96375c9b42ebf4d9235ff87d0a%26productTypes%3Dproducts%2Cvouchers%26listView%3Dcalendar%26products%3D13995&#8243;][\/vc_column][vc_column width=&#8221;1\/3&#8243; css=&#8221;.vc_custom_1605181482594{margin-top: 20px !important;margin-bottom: 20px !important;background-color: #ffffff !important;border-radius: 10px !important;}&#8221;][vc_column_text css=&#8221;.vc_custom_1747078814021{margin-top: -40px !important;}&#8221;]<\/p>\n<h2><b>Vanliga Fr\u00e5gor &amp; svar<\/b><\/h2>\n<p>[\/vc_column_text][vc_toggle title=&#8221;Vad har ni f\u00f6r avbokningsvillkor?&#8221; css=&#8221;&#8221;]Full\u00e5terbetalning vid avbokning senast 48 timmar innan aktiviteten.<\/p>\n<p>50 % \u00e5terbetalning vid sen avbokning.<\/p>\n<p>Avbokning sker via mejl till\u00a0<a href=\"mailto:stattared@4h.se\">stattared@4h.se<\/a>[\/vc_toggle][vc_toggle title=&#8221;Finns det kaffebryggare?&#8221; css=&#8221;&#8221;]Ja, det finns kaffebryggare men ni beh\u00f6ver ha med filter och kaffe.[\/vc_toggle][vc_toggle title=&#8221;Vad h\u00e4nder vid d\u00e5ligt v\u00e4der?&#8221; css=&#8221;&#8221;]Vi genomf\u00f6r kalaset \u00e4ven om det regnar s\u00e5 se till att deltagarna har kl\u00e4der efter v\u00e4der.<\/p>\n<p>Vid extrem vind &amp; \u00e5skov\u00e4der kommer kalaset st\u00e4llas in av s\u00e4kerhetssk\u00e4l och ni f\u00e5r d\u00e5 erbjudande om att byta tid alternativt full \u00e5terbetalning. Skulle kalaset st\u00e4llas in s\u00e5 meddelas ni via mejl och telefon.[\/vc_toggle][vc_toggle title=&#8221;Ni har tidigare erbjudit femkampskalas, varf\u00f6r finns inte det nu?&#8221; css=&#8221;&#8221;]Vi beh\u00f6ver renovera v\u00e5r femkampsutrustning och kommer d\u00e4rf\u00f6r pausa femkampskalasen ett tag.[\/vc_toggle][\/vc_column][\/vc_row][vc_row full_width=&#8221;stretch_row&#8221; disable_element=&#8221;yes&#8221; css=&#8221;.vc_custom_1747076058303{background-position: 0 0 !important;background-repeat: repeat !important;}&#8221;][vc_column][vc_separator color=&#8221;green&#8221;][vc_single_image image=&#8221;1470&#8243; img_size=&#8221;large&#8221; style=&#8221;vc_box_rounded&#8221; css=&#8221;.vc_custom_1605183764634{margin-top: -20px !important;background-color: #ffffff !important;border-radius: 10px !important;}&#8221;][vc_column_text css=&#8221;.vc_custom_1660653001371{margin-top: -20px !important;}&#8221;]<\/p>\n<h3><b>Femkampskalas<\/b><\/h3>\n<p><i>Rekommenderad<\/i><em>\u00a0\u00e5lder 7\u221214 \u00e5r.\u00a0<\/em>[\/vc_column_text][vc_column_text css=&#8221;.vc_custom_1660653072970{margin-top: -20px !important;}&#8221;]<strong>Uppl\u00e4gg &#8211; Kalas mellan kl\u00a014-16<\/strong><\/p>\n<p><em><strong>Klockan 14:00<\/strong><\/em>\u00a0samlas barnen vid stallet. Vi g\u00e5r runt och tittar p\u00e5 femkampsgrenarna, g\u00e5r igenom regler mm och sedan k\u00f6r ig\u00e5ng.<\/p>\n<p>Grenarna vi erbjuder \u00e4r:<\/p>\n<p>7\u22129 \u00e5r: slangbella, kasta boll, lasso, kasta h\u00e4stsko och hoppa s\u00e4ck.<\/p>\n<p>10\u221214 \u00e5r: slangbella, lasso, pilb\u00e5ge, kasta h\u00e4stsko &amp;\u00a0irl\u00e4ndsk julafton.<\/p>\n<p>Femkampen tar ca 1 timme med 10 barn. Aktiviteten sker utomhus.<\/p>\n<p>Efter aktiviteterna \u00e4r f\u00e4rdiga forts\u00e4tter ni kalaset med att till exempel grilla, fika &amp; \u00f6ppna paket. Personalen startar en grill till er om ni \u00f6nskar grilla. Ni tar med er fika eller det som ska grillas.<\/p>\n<p>Under kalaset har ni tillg\u00e5ng till v\u00e5rt l\u00e4gerk\u00f6k d\u00e4r det finns ett utrustat k\u00f6k med spis, kylsk\u00e5p, frys &amp; sittplatser. Vill man hellre sitta utomhus finns det vindskydd &amp; gott om sittplatser utomhus i anslutning till grillen. L\u00e4gerk\u00f6ket ska st\u00e4das efter anv\u00e4ndning.<\/p>\n<p>Vill man komma tidigare f\u00f6r att pynta och f\u00f6rbereda s\u00e5 g\u00e5r det fint![\/vc_column_text][\/vc_column][\/vc_row][vc_row][vc_column][\/vc_column][\/vc_row]<\/p>\n<\/div>","protected":false},"excerpt":{"rendered":"<p>[vc_row css_animation=&#8221;none&#8221; css=&#8221;.vc_custom_1747077703121{margin-top: -110px !important;}&#8221;][vc_column][vc_single_image image=&#8221;4031&#8243; img_size=&#8221;full&#8221; css=&#8221;&#8221;][\/vc_column][\/vc_row][vc_row full_width=&#8221;stretch_row&#8221; gap=&#8221;10&#8243; css_animation=&#8221;none&#8221; css=&#8221;.vc_custom_1747077729771{margin-top: -20px !important;}&#8221;][vc_column width=&#8221;2\/3&#8243; css=&#8221;.vc_custom_1605181474858{margin-top: 20px !important;background-color: #ffffff !important;border-radius: 10px !important;}&#8221;][vc_column_text css=&#8221;.vc_custom_1747077744746{margin-top: -30px !important;}&#8221;] Barnkalas Samla kompisarna och boka ett of\u00f6rgl\u00f6mligt barnkalas p\u00e5 g\u00e5rden, fyllt med lek, bus och mysiga djurm\u00f6ten! En magisk upplevelse d\u00e4r barnen f\u00e5r umg\u00e5s med djuren, ha kul tillsammans och&nbsp; <a href=\"https:\/\/www.4h.se\/stattared\/barnkalas\/\">&hellip; Read more <i class=\"glyphicon glyphicon-arrow-right\"><\/i><\/a><\/p>\n","protected":false},"author":24,"featured_media":0,"parent":0,"menu_order":103,"comment_status":"closed","ping_status":"closed","template":"","meta":{"_acf_changed":false,"footnotes":""},"class_list":["post-528","page","type-page","status-publish","hentry"],"acf":[],"yoast_head":"<!-- This site is optimized with the Yoast SEO plugin v27.5 - https:\/\/yoast.com\/product\/yoast-seo-wordpress\/ -->\n<title>Barnkalas - St\u00e4ttareds 4H-g\u00e5rd<\/title>\n<meta name=\"robots\" content=\"index, follow, max-snippet:-1, max-image-preview:large, max-video-preview:-1\" \/>\n<link rel=\"canonical\" href=\"https:\/\/www.4h.se\/stattared\/barnkalas\/\" \/>\n<meta property=\"og:locale\" content=\"sv_SE\" \/>\n<meta property=\"og:type\" content=\"article\" \/>\n<meta property=\"og:title\" content=\"Barnkalas - St\u00e4ttareds 4H-g\u00e5rd\" \/>\n<meta property=\"og:description\" content=\"[vc_row css_animation=&#8221;none&#8221; css=&#8221;.vc_custom_1747077703121{margin-top: -110px !important;}&#8221;][vc_column][vc_single_image image=&#8221;4031&#8243; img_size=&#8221;full&#8221; css=&#8221;&#8221;][\/vc_column][\/vc_row][vc_row full_width=&#8221;stretch_row&#8221; gap=&#8221;10&#8243; css_animation=&#8221;none&#8221; css=&#8221;.vc_custom_1747077729771{margin-top: -20px !important;}&#8221;][vc_column width=&#8221;2\/3&#8243; css=&#8221;.vc_custom_1605181474858{margin-top: 20px !important;background-color: #ffffff !important;border-radius: 10px !important;}&#8221;][vc_column_text css=&#8221;.vc_custom_1747077744746{margin-top: -30px !important;}&#8221;] Barnkalas Samla kompisarna och boka ett of\u00f6rgl\u00f6mligt barnkalas p\u00e5 g\u00e5rden, fyllt med lek, bus och mysiga djurm\u00f6ten! En magisk upplevelse d\u00e4r barnen f\u00e5r umg\u00e5s med djuren, ha kul tillsammans och&nbsp; &hellip; Read more\" \/>\n<meta property=\"og:url\" content=\"https:\/\/www.4h.se\/stattared\/barnkalas\/\" \/>\n<meta property=\"og:site_name\" content=\"St\u00e4ttareds 4H-g\u00e5rd\" \/>\n<meta property=\"article:modified_time\" content=\"2025-12-26T13:21:02+00:00\" \/>\n<meta name=\"twitter:card\" content=\"summary_large_image\" \/>\n<meta name=\"twitter:label1\" content=\"Ber\u00e4knad l\u00e4stid\" \/>\n\t<meta name=\"twitter:data1\" content=\"4 minuter\" \/>\n<script type=\"application\/ld+json\" class=\"yoast-schema-graph\">{\"@context\":\"https:\\\/\\\/schema.org\",\"@graph\":[{\"@type\":\"WebPage\",\"@id\":\"https:\\\/\\\/www.4h.se\\\/stattared\\\/barnkalas\\\/\",\"url\":\"https:\\\/\\\/www.4h.se\\\/stattared\\\/barnkalas\\\/\",\"name\":\"Barnkalas - St\u00e4ttareds 4H-g\u00e5rd\",\"isPartOf\":{\"@id\":\"https:\\\/\\\/www.4h.se\\\/stattared\\\/#website\"},\"datePublished\":\"2017-05-23T19:53:56+00:00\",\"dateModified\":\"2025-12-26T13:21:02+00:00\",\"breadcrumb\":{\"@id\":\"https:\\\/\\\/www.4h.se\\\/stattared\\\/barnkalas\\\/#breadcrumb\"},\"inLanguage\":\"sv-SE\",\"potentialAction\":[{\"@type\":\"ReadAction\",\"target\":[\"https:\\\/\\\/www.4h.se\\\/stattared\\\/barnkalas\\\/\"]}]},{\"@type\":\"BreadcrumbList\",\"@id\":\"https:\\\/\\\/www.4h.se\\\/stattared\\\/barnkalas\\\/#breadcrumb\",\"itemListElement\":[{\"@type\":\"ListItem\",\"position\":1,\"name\":\"Hem\",\"item\":\"https:\\\/\\\/www.4h.se\\\/stattared\\\/\"},{\"@type\":\"ListItem\",\"position\":2,\"name\":\"Barnkalas\"}]},{\"@type\":\"WebSite\",\"@id\":\"https:\\\/\\\/www.4h.se\\\/stattared\\\/#website\",\"url\":\"https:\\\/\\\/www.4h.se\\\/stattared\\\/\",\"name\":\"St\u00e4ttareds 4H-g\u00e5rd\",\"description\":\"mer \u00e4n bara en g\u00e5rd\",\"potentialAction\":[{\"@type\":\"SearchAction\",\"target\":{\"@type\":\"EntryPoint\",\"urlTemplate\":\"https:\\\/\\\/www.4h.se\\\/stattared\\\/?s={search_term_string}\"},\"query-input\":{\"@type\":\"PropertyValueSpecification\",\"valueRequired\":true,\"valueName\":\"search_term_string\"}}],\"inLanguage\":\"sv-SE\"}]}<\/script>\n<!-- \/ Yoast SEO plugin. -->","yoast_head_json":{"title":"Barnkalas - St\u00e4ttareds 4H-g\u00e5rd","robots":{"index":"index","follow":"follow","max-snippet":"max-snippet:-1","max-image-preview":"max-image-preview:large","max-video-preview":"max-video-preview:-1"},"canonical":"https:\/\/www.4h.se\/stattared\/barnkalas\/","og_locale":"sv_SE","og_type":"article","og_title":"Barnkalas - St\u00e4ttareds 4H-g\u00e5rd","og_description":"[vc_row css_animation=&#8221;none&#8221; css=&#8221;.vc_custom_1747077703121{margin-top: -110px !important;}&#8221;][vc_column][vc_single_image image=&#8221;4031&#8243; img_size=&#8221;full&#8221; css=&#8221;&#8221;][\/vc_column][\/vc_row][vc_row full_width=&#8221;stretch_row&#8221; gap=&#8221;10&#8243; css_animation=&#8221;none&#8221; css=&#8221;.vc_custom_1747077729771{margin-top: -20px !important;}&#8221;][vc_column width=&#8221;2\/3&#8243; css=&#8221;.vc_custom_1605181474858{margin-top: 20px !important;background-color: #ffffff !important;border-radius: 10px !important;}&#8221;][vc_column_text css=&#8221;.vc_custom_1747077744746{margin-top: -30px !important;}&#8221;] Barnkalas Samla kompisarna och boka ett of\u00f6rgl\u00f6mligt barnkalas p\u00e5 g\u00e5rden, fyllt med lek, bus och mysiga djurm\u00f6ten! En magisk upplevelse d\u00e4r barnen f\u00e5r umg\u00e5s med djuren, ha kul tillsammans och&nbsp; &hellip; Read more","og_url":"https:\/\/www.4h.se\/stattared\/barnkalas\/","og_site_name":"St\u00e4ttareds 4H-g\u00e5rd","article_modified_time":"2025-12-26T13:21:02+00:00","twitter_card":"summary_large_image","twitter_misc":{"Ber\u00e4knad l\u00e4stid":"4 minuter"},"schema":{"@context":"https:\/\/schema.org","@graph":[{"@type":"WebPage","@id":"https:\/\/www.4h.se\/stattared\/barnkalas\/","url":"https:\/\/www.4h.se\/stattared\/barnkalas\/","name":"Barnkalas - St\u00e4ttareds 4H-g\u00e5rd","isPartOf":{"@id":"https:\/\/www.4h.se\/stattared\/#website"},"datePublished":"2017-05-23T19:53:56+00:00","dateModified":"2025-12-26T13:21:02+00:00","breadcrumb":{"@id":"https:\/\/www.4h.se\/stattared\/barnkalas\/#breadcrumb"},"inLanguage":"sv-SE","potentialAction":[{"@type":"ReadAction","target":["https:\/\/www.4h.se\/stattared\/barnkalas\/"]}]},{"@type":"BreadcrumbList","@id":"https:\/\/www.4h.se\/stattared\/barnkalas\/#breadcrumb","itemListElement":[{"@type":"ListItem","position":1,"name":"Hem","item":"https:\/\/www.4h.se\/stattared\/"},{"@type":"ListItem","position":2,"name":"Barnkalas"}]},{"@type":"WebSite","@id":"https:\/\/www.4h.se\/stattared\/#website","url":"https:\/\/www.4h.se\/stattared\/","name":"St\u00e4ttareds 4H-g\u00e5rd","description":"mer \u00e4n bara en g\u00e5rd","potentialAction":[{"@type":"SearchAction","target":{"@type":"EntryPoint","urlTemplate":"https:\/\/www.4h.se\/stattared\/?s={search_term_string}"},"query-input":{"@type":"PropertyValueSpecification","valueRequired":true,"valueName":"search_term_string"}}],"inLanguage":"sv-SE"}]}},"_links":{"self":[{"href":"https:\/\/www.4h.se\/stattared\/wp-json\/wp\/v2\/pages\/528","targetHints":{"allow":["GET"]}}],"collection":[{"href":"https:\/\/www.4h.se\/stattared\/wp-json\/wp\/v2\/pages"}],"about":[{"href":"https:\/\/www.4h.se\/stattared\/wp-json\/wp\/v2\/types\/page"}],"author":[{"embeddable":true,"href":"https:\/\/www.4h.se\/stattared\/wp-json\/wp\/v2\/users\/24"}],"replies":[{"embeddable":true,"href":"https:\/\/www.4h.se\/stattared\/wp-json\/wp\/v2\/comments?post=528"}],"version-history":[{"count":0,"href":"https:\/\/www.4h.se\/stattared\/wp-json\/wp\/v2\/pages\/528\/revisions"}],"wp:attachment":[{"href":"https:\/\/www.4h.se\/stattared\/wp-json\/wp\/v2\/media?parent=528"}],"curies":[{"name":"wp","href":"https:\/\/api.w.org\/{rel}","templated":true}]}}