



{"id":525,"date":"2017-05-23T21:52:35","date_gmt":"2017-05-23T19:52:35","guid":{"rendered":"https:\/\/www.4h.se\/stattared\/?page_id=525"},"modified":"2025-12-26T14:21:03","modified_gmt":"2025-12-26T13:21:03","slug":"vandring-fiske","status":"publish","type":"page","link":"https:\/\/www.4h.se\/stattared\/vandring-fiske\/","title":{"rendered":"Vandring &amp; Fiske"},"content":{"rendered":"<div class=\"wpb-content-wrapper\"><p>[vc_row full_width=&#8221;stretch_row&#8221; gap=&#8221;10&#8243; css=&#8221;.vc_custom_1605538204619{background-color: #006340 !important;background-position: center !important;background-repeat: no-repeat !important;background-size: cover !important;}&#8221;][vc_column css=&#8221;.vc_custom_1605538553221{margin-top: 20px !important;margin-bottom: 20px !important;background-color: #ffffff !important;border-radius: 10px !important;}&#8221;][vc_column_text css=&#8221;.vc_custom_1643213505414{margin-top: -30px !important;}&#8221;]<\/p>\n<h2 class=\"head1\"><strong>Vandring &amp; fiske<\/strong><\/h2>\n<div class=\"txFixP\">\n<div class=\"embedContainer\">Det finns gott om vandringsleder med utg\u00e5ngspunkt fr\u00e5n St\u00e4ttareds 4H-g\u00e5rd.<\/div>\n<p>F\u00f6r fiske i Lillesj\u00f6n och Stora Hornsj\u00f6n kr\u00e4vs fiskekort.<\/p>\n<p>I Stora Hornsj\u00f6n finns det fina badplatser d\u00e4r man kan bada. Vi hyr ut kanoter och en roddb\u00e5t som ligger vid Stora Hornsj\u00f6n.\u00a0<a href=\"https:\/\/www.4h.se\/stattared\/kanot-bat-cykel\/\">L\u00e4s mer h\u00e4r!<\/a><\/p>\n<p>Anv\u00e4nd g\u00e4rna appen <strong>Naturkartan<\/strong> som \u00e4r Kungsbackas digitala friluftsguide,<a title=\"Naturkartan\" href=\"https:\/\/naturkartan.se\/sv\/kungsbacka\" target=\"_blank\" rel=\"noopener\"> l\u00e4s mer h\u00e4r!<\/a><\/p>\n<\/div>\n<p>[\/vc_column_text][\/vc_column][\/vc_row][vc_row full_width=&#8221;stretch_row&#8221; gap=&#8221;10&#8243; css=&#8221;.vc_custom_1605538238161{background-image: url(https:\/\/www.4h.se\/stattared\/wp-content\/uploads\/sites\/77\/2017\/05\/Lake_Summer_2018_0001.jpg?id=3255) !important;background-position: center !important;background-repeat: no-repeat !important;background-size: cover !important;}&#8221;][vc_column width=&#8221;1\/2&#8243; css=&#8221;.vc_custom_1605538270174{margin-top: 20px !important;margin-bottom: 20px !important;background-color: #ffffff !important;border-radius: 10px !important;}&#8221;][vc_single_image image=&#8221;3256&#8243; img_size=&#8221;full&#8221; add_caption=&#8221;yes&#8221; style=&#8221;vc_box_rounded&#8221; onclick=&#8221;img_link_large&#8221; css=&#8221;.vc_custom_1605538369026{margin-top: -20px !important;}&#8221;][vc_column_text css=&#8221;.vc_custom_1615296448807{margin-top: -20px !important;}&#8221;]<\/p>\n<h2><strong><strong style=\"color: inherit;font-family: inherit;font-size: 24px\">Fiskesj\u00f6ar<\/strong><\/strong><\/h2>\n<p><strong>Lillesj\u00f6n<\/strong>\u00a0ligger 800 m fr\u00e5n St\u00e4ttared. Det \u00e4r en put\u00b4n take sj\u00f6 som sk\u00f6ts av L\u00f6fta\u00e5ns fiskev\u00e5rdf\u00f6rening. Med j\u00e4mna mellanrum sl\u00e4pper de regnb\u00e5gsforell eller \u00f6ring i sj\u00f6n. F\u00f6r n\u00e4rvarande finns det fem bryggor och en klippa att fiska ifr\u00e5n. Det \u00e4r till\u00e5tet att flugfiska och spinnfiska. Ej till\u00e5tet att meta eller fiska med agn. Man f\u00e5r p\u00e5 varje l\u00f6st fiskekort ta tre fiskar. Fiskekort till Lillesj\u00f6n kan du k\u00f6pa\u00a0 via hemsidan <a href=\"https:\/\/www.ifiske.se\/fiskekort-lillesjon.htm\">ifiske.se.<\/a><\/p>\n<p><strong>Stora Hornsj\u00f6n<\/strong>\u00a0ligger 1 300 m fr\u00e5n g\u00e5rden. Den ing\u00e5r i Hornsj\u00f6arnas fiskev\u00e5rdsomr\u00e5de och \u00e4r en klarvattensj\u00f6 med minst 14 olika fiskarter. Sj\u00f6n m\u00e4ter 43 meter p\u00e5 det djupaste och det finns flera fina &#8221;grynnor&#8221; som l\u00e4mpar sig fint f\u00f6r stor abborre. Det har f\u00e5ngats abborrar p\u00e5 hela tv\u00e5 kilo! D\u00e4r hugger \u00e4ven g\u00e4ddorna vilt. Fiskekort till Hornsj\u00f6n kan du k\u00f6pa hos oss eller via hemsidan\u00a0<a href=\"http:\/\/www.ifiske.se\/fiskekort-stora-och-lilla-hornsjon-horredssjon-helsjon-mfl.htm\">ifiske.se<\/a>.[\/vc_column_text][vc_separator css=&#8221;.vc_custom_1605538518501{margin-top: -20px !important;}&#8221;][vc_video link=&#8221;https:\/\/youtu.be\/f3GTIFQMYMw&#8221; title=&#8221;En film fr\u00e5n VON FRANK-EINSTEINS VANDRINGSTIPS.SE&#8221; css=&#8221;.vc_custom_1605538639207{margin-top: -40px !important;}&#8221;][\/vc_column][vc_column width=&#8221;1\/2&#8243; css=&#8221;.vc_custom_1605538291725{margin-top: 20px !important;margin-bottom: 20px !important;background-color: #ffffff !important;border-radius: 10px !important;}&#8221;][vc_single_image image=&#8221;3254&#8243; img_size=&#8221;full&#8221; add_caption=&#8221;yes&#8221; style=&#8221;vc_box_rounded&#8221; onclick=&#8221;img_link_large&#8221; css=&#8221;.vc_custom_1605538413153{margin-top: -20px !important;}&#8221;][vc_column_text css=&#8221;.vc_custom_1631780924373{margin-top: -20px !important;}&#8221;]<\/p>\n<div class=\"dslc-modules-section \">\n<div class=\"dslc-modules-section-wrapper dslc-clearfix\">\n<div class=\"dslc-modules-area dslc-col dslc-12-col dslc-last-col\">\n<div id=\"dslc-module-240\" class=\"dslc-module-front dslc-module-Designfuture_Text_Module dslc-in-viewport-check dslc-in-viewport-anim-none   dslc-module-handle-like-regular dslc-in-viewport\">\n<div class=\"dslc-text-module-content\">\n<h2 class=\"head1\"><strong style=\"color: inherit;font-family: inherit;font-size: 24px\">Vandringsleder<\/strong><\/h2>\n<div class=\"txFixP\">\n<p><strong>HALLANDSLEDEN<\/strong><\/p>\n<p>Passerar genom St\u00e4ttaredsomr\u00e5det. En s\u00e4rskild sidoled leder upp till St\u00e4ttareds 4H-g\u00e5rd som fungerar som \u00f6vernattningsstation. D\u00e4r kan man v\u00e4lja att \u00f6vernatta under tak, i t\u00e4lt eller vindskydd.<\/p>\n<p><strong>BL\u00c5 SP\u00c5RET 2 km<\/strong><\/p>\n<p>Detta \u00e4r barnvagnsv\u00e4nligt. Det passerar genom vackra bokskogspartier, \u00f6ver flera r\u00f6jda in\u00e4gor och f\u00f6rbi tv\u00e5 gamla torp-platser.<\/p>\n<p><strong>SJ\u00d6RUNDAN,\u00a0<\/strong><b>GULMARKERAD 4,3 km<\/b><\/p>\n<p>Detta g\u00e5r mestadels p\u00e5 stigar. Sp\u00e5ret g\u00e5r utmed Hornssj\u00f6ns strand, passerar tre bergknallar med vacker utsikt samt n\u00e5gra badplatser. I bortre delen g\u00e5r det genom Vitsippsdalen och passerar \u00e4ven tre torp-platser.<\/p>\n<p><strong>GLAMSTEN\u00a02,2 km<\/strong><\/p>\n<p>Detta sp\u00e5ret leder dig f\u00f6rbi Lillesj\u00f6n, vidare till Glamsj\u00f6n f\u00f6r att till sist ta dig till Glamsten.<\/p>\n<p><strong>VIT 6,6 km<\/strong><\/p>\n<p>F\u00f6rbinder sig mellan de olika sp\u00e5ren och g\u00f6r d\u00e4rmed m\u00f6jligheter till flera olika kombinationer mellan lederna. Vandringen kan f\u00f6rkortas eller f\u00f6rl\u00e4ngas allt efter behag. Leder finns ocks\u00e5 med utg\u00e5ngspunkt fr\u00e5n Lillesj\u00f6stugan.<\/p>\n<p><strong>LILLESJ\u00d6STUGAN<\/strong><\/p>\n<p>St\u00e4ttareds idrottscentrum,\u00a0Lillesj\u00f6stugan \u00e4gs av OK L\u00f6ftan. Anl\u00e4ggningen har skapats till stor del genom frivilliga arbetsinsatser av medlemmarna i OK L\u00f6ftan och Frilles\u00e5s bandyklubb.<\/p>\n<p>Lillesj\u00f6n \u00e4r k\u00e4nd f\u00f6r att d\u00e4r ofta finns is d\u00e5 det t\u00f6ar p\u00e5 andra h\u00e5ll i Halland. Med utg\u00e5ngspunkt fr\u00e5n stugan finns skid- och l\u00f6psp\u00e5r, bl.a. ett specialpreparerat el-ljussp\u00e5r p\u00e5 2 km. Vintertid finns preparerat sp\u00e5r p\u00e5 6 km.<\/p>\n<p>Anv\u00e4nda appen <strong>Naturkartan<\/strong> som \u00e4r Kungsbackas digitala friluftsguide,<a title=\"Naturkartan\" href=\"https:\/\/naturkartan.se\/sv\/kungsbacka\" target=\"_blank\" rel=\"noopener\">\u00a0l\u00e4s mer h\u00e4r!<\/a><\/p>\n<\/div>\n<\/div>\n<\/div>\n<\/div>\n<\/div>\n<\/div>\n<p>[\/vc_column_text][\/vc_column][vc_column][vc_single_image image=&#8221;454&#8243; img_size=&#8221;full&#8221; alignment=&#8221;center&#8221; style=&#8221;vc_box_rounded&#8221; onclick=&#8221;img_link_large&#8221; css=&#8221;.vc_custom_1605538604120{margin-top: -30px !important;}&#8221;][\/vc_column][\/vc_row][vc_row][vc_column][\/vc_column][\/vc_row]<\/p>\n<\/div>","protected":false},"excerpt":{"rendered":"<p>[vc_row full_width=&#8221;stretch_row&#8221; gap=&#8221;10&#8243; css=&#8221;.vc_custom_1605538204619{background-color: #006340 !important;background-position: center !important;background-repeat: no-repeat !important;background-size: cover !important;}&#8221;][vc_column css=&#8221;.vc_custom_1605538553221{margin-top: 20px !important;margin-bottom: 20px !important;background-color: #ffffff !important;border-radius: 10px !important;}&#8221;][vc_column_text css=&#8221;.vc_custom_1643213505414{margin-top: -30px !important;}&#8221;] Vandring &amp; fiske Det finns gott om vandringsleder med utg\u00e5ngspunkt fr\u00e5n St\u00e4ttareds 4H-g\u00e5rd. F\u00f6r fiske i Lillesj\u00f6n och Stora Hornsj\u00f6n kr\u00e4vs fiskekort. I Stora Hornsj\u00f6n finns det fina badplatser d\u00e4r man&nbsp; <a href=\"https:\/\/www.4h.se\/stattared\/vandring-fiske\/\">&hellip; Read more <i class=\"glyphicon glyphicon-arrow-right\"><\/i><\/a><\/p>\n","protected":false},"author":24,"featured_media":0,"parent":0,"menu_order":160,"comment_status":"closed","ping_status":"closed","template":"","meta":{"_acf_changed":false,"footnotes":""},"class_list":["post-525","page","type-page","status-publish","hentry"],"acf":[],"yoast_head":"<!-- This site is optimized with the Yoast SEO plugin v27.5 - https:\/\/yoast.com\/product\/yoast-seo-wordpress\/ -->\n<title>Vandring &amp; Fiske - St\u00e4ttareds 4H-g\u00e5rd<\/title>\n<meta name=\"robots\" content=\"index, follow, max-snippet:-1, max-image-preview:large, max-video-preview:-1\" \/>\n<link rel=\"canonical\" href=\"https:\/\/www.4h.se\/stattared\/vandring-fiske\/\" \/>\n<meta property=\"og:locale\" content=\"sv_SE\" \/>\n<meta property=\"og:type\" content=\"article\" \/>\n<meta property=\"og:title\" content=\"Vandring &amp; Fiske - St\u00e4ttareds 4H-g\u00e5rd\" \/>\n<meta property=\"og:description\" content=\"[vc_row full_width=&#8221;stretch_row&#8221; gap=&#8221;10&#8243; css=&#8221;.vc_custom_1605538204619{background-color: #006340 !important;background-position: center !important;background-repeat: no-repeat !important;background-size: cover !important;}&#8221;][vc_column css=&#8221;.vc_custom_1605538553221{margin-top: 20px !important;margin-bottom: 20px !important;background-color: #ffffff !important;border-radius: 10px !important;}&#8221;][vc_column_text css=&#8221;.vc_custom_1643213505414{margin-top: -30px !important;}&#8221;] Vandring &amp; fiske Det finns gott om vandringsleder med utg\u00e5ngspunkt fr\u00e5n St\u00e4ttareds 4H-g\u00e5rd. F\u00f6r fiske i Lillesj\u00f6n och Stora Hornsj\u00f6n kr\u00e4vs fiskekort. I Stora Hornsj\u00f6n finns det fina badplatser d\u00e4r man&nbsp; &hellip; Read more\" \/>\n<meta property=\"og:url\" content=\"https:\/\/www.4h.se\/stattared\/vandring-fiske\/\" \/>\n<meta property=\"og:site_name\" content=\"St\u00e4ttareds 4H-g\u00e5rd\" \/>\n<meta property=\"article:modified_time\" content=\"2025-12-26T13:21:03+00:00\" \/>\n<meta name=\"twitter:card\" content=\"summary_large_image\" \/>\n<meta name=\"twitter:label1\" content=\"Ber\u00e4knad l\u00e4stid\" \/>\n\t<meta name=\"twitter:data1\" content=\"4 minuter\" \/>\n<script type=\"application\/ld+json\" class=\"yoast-schema-graph\">{\"@context\":\"https:\\\/\\\/schema.org\",\"@graph\":[{\"@type\":\"WebPage\",\"@id\":\"https:\\\/\\\/www.4h.se\\\/stattared\\\/vandring-fiske\\\/\",\"url\":\"https:\\\/\\\/www.4h.se\\\/stattared\\\/vandring-fiske\\\/\",\"name\":\"Vandring &amp; Fiske - St\u00e4ttareds 4H-g\u00e5rd\",\"isPartOf\":{\"@id\":\"https:\\\/\\\/www.4h.se\\\/stattared\\\/#website\"},\"datePublished\":\"2017-05-23T19:52:35+00:00\",\"dateModified\":\"2025-12-26T13:21:03+00:00\",\"breadcrumb\":{\"@id\":\"https:\\\/\\\/www.4h.se\\\/stattared\\\/vandring-fiske\\\/#breadcrumb\"},\"inLanguage\":\"sv-SE\",\"potentialAction\":[{\"@type\":\"ReadAction\",\"target\":[\"https:\\\/\\\/www.4h.se\\\/stattared\\\/vandring-fiske\\\/\"]}]},{\"@type\":\"BreadcrumbList\",\"@id\":\"https:\\\/\\\/www.4h.se\\\/stattared\\\/vandring-fiske\\\/#breadcrumb\",\"itemListElement\":[{\"@type\":\"ListItem\",\"position\":1,\"name\":\"Hem\",\"item\":\"https:\\\/\\\/www.4h.se\\\/stattared\\\/\"},{\"@type\":\"ListItem\",\"position\":2,\"name\":\"Vandring &amp; Fiske\"}]},{\"@type\":\"WebSite\",\"@id\":\"https:\\\/\\\/www.4h.se\\\/stattared\\\/#website\",\"url\":\"https:\\\/\\\/www.4h.se\\\/stattared\\\/\",\"name\":\"St\u00e4ttareds 4H-g\u00e5rd\",\"description\":\"mer \u00e4n bara en g\u00e5rd\",\"potentialAction\":[{\"@type\":\"SearchAction\",\"target\":{\"@type\":\"EntryPoint\",\"urlTemplate\":\"https:\\\/\\\/www.4h.se\\\/stattared\\\/?s={search_term_string}\"},\"query-input\":{\"@type\":\"PropertyValueSpecification\",\"valueRequired\":true,\"valueName\":\"search_term_string\"}}],\"inLanguage\":\"sv-SE\"}]}<\/script>\n<!-- \/ Yoast SEO plugin. -->","yoast_head_json":{"title":"Vandring &amp; Fiske - St\u00e4ttareds 4H-g\u00e5rd","robots":{"index":"index","follow":"follow","max-snippet":"max-snippet:-1","max-image-preview":"max-image-preview:large","max-video-preview":"max-video-preview:-1"},"canonical":"https:\/\/www.4h.se\/stattared\/vandring-fiske\/","og_locale":"sv_SE","og_type":"article","og_title":"Vandring &amp; Fiske - St\u00e4ttareds 4H-g\u00e5rd","og_description":"[vc_row full_width=&#8221;stretch_row&#8221; gap=&#8221;10&#8243; css=&#8221;.vc_custom_1605538204619{background-color: #006340 !important;background-position: center !important;background-repeat: no-repeat !important;background-size: cover !important;}&#8221;][vc_column css=&#8221;.vc_custom_1605538553221{margin-top: 20px !important;margin-bottom: 20px !important;background-color: #ffffff !important;border-radius: 10px !important;}&#8221;][vc_column_text css=&#8221;.vc_custom_1643213505414{margin-top: -30px !important;}&#8221;] Vandring &amp; fiske Det finns gott om vandringsleder med utg\u00e5ngspunkt fr\u00e5n St\u00e4ttareds 4H-g\u00e5rd. F\u00f6r fiske i Lillesj\u00f6n och Stora Hornsj\u00f6n kr\u00e4vs fiskekort. I Stora Hornsj\u00f6n finns det fina badplatser d\u00e4r man&nbsp; &hellip; Read more","og_url":"https:\/\/www.4h.se\/stattared\/vandring-fiske\/","og_site_name":"St\u00e4ttareds 4H-g\u00e5rd","article_modified_time":"2025-12-26T13:21:03+00:00","twitter_card":"summary_large_image","twitter_misc":{"Ber\u00e4knad l\u00e4stid":"4 minuter"},"schema":{"@context":"https:\/\/schema.org","@graph":[{"@type":"WebPage","@id":"https:\/\/www.4h.se\/stattared\/vandring-fiske\/","url":"https:\/\/www.4h.se\/stattared\/vandring-fiske\/","name":"Vandring &amp; Fiske - St\u00e4ttareds 4H-g\u00e5rd","isPartOf":{"@id":"https:\/\/www.4h.se\/stattared\/#website"},"datePublished":"2017-05-23T19:52:35+00:00","dateModified":"2025-12-26T13:21:03+00:00","breadcrumb":{"@id":"https:\/\/www.4h.se\/stattared\/vandring-fiske\/#breadcrumb"},"inLanguage":"sv-SE","potentialAction":[{"@type":"ReadAction","target":["https:\/\/www.4h.se\/stattared\/vandring-fiske\/"]}]},{"@type":"BreadcrumbList","@id":"https:\/\/www.4h.se\/stattared\/vandring-fiske\/#breadcrumb","itemListElement":[{"@type":"ListItem","position":1,"name":"Hem","item":"https:\/\/www.4h.se\/stattared\/"},{"@type":"ListItem","position":2,"name":"Vandring &amp; Fiske"}]},{"@type":"WebSite","@id":"https:\/\/www.4h.se\/stattared\/#website","url":"https:\/\/www.4h.se\/stattared\/","name":"St\u00e4ttareds 4H-g\u00e5rd","description":"mer \u00e4n bara en g\u00e5rd","potentialAction":[{"@type":"SearchAction","target":{"@type":"EntryPoint","urlTemplate":"https:\/\/www.4h.se\/stattared\/?s={search_term_string}"},"query-input":{"@type":"PropertyValueSpecification","valueRequired":true,"valueName":"search_term_string"}}],"inLanguage":"sv-SE"}]}},"_links":{"self":[{"href":"https:\/\/www.4h.se\/stattared\/wp-json\/wp\/v2\/pages\/525","targetHints":{"allow":["GET"]}}],"collection":[{"href":"https:\/\/www.4h.se\/stattared\/wp-json\/wp\/v2\/pages"}],"about":[{"href":"https:\/\/www.4h.se\/stattared\/wp-json\/wp\/v2\/types\/page"}],"author":[{"embeddable":true,"href":"https:\/\/www.4h.se\/stattared\/wp-json\/wp\/v2\/users\/24"}],"replies":[{"embeddable":true,"href":"https:\/\/www.4h.se\/stattared\/wp-json\/wp\/v2\/comments?post=525"}],"version-history":[{"count":0,"href":"https:\/\/www.4h.se\/stattared\/wp-json\/wp\/v2\/pages\/525\/revisions"}],"wp:attachment":[{"href":"https:\/\/www.4h.se\/stattared\/wp-json\/wp\/v2\/media?parent=525"}],"curies":[{"name":"wp","href":"https:\/\/api.w.org\/{rel}","templated":true}]}}