



{"id":4085,"date":"2026-04-29T11:47:35","date_gmt":"2026-04-29T09:47:35","guid":{"rendered":"https:\/\/www.4h.se\/stattared\/?page_id=4085"},"modified":"2026-04-29T13:17:14","modified_gmt":"2026-04-29T11:17:14","slug":"sagovandring-2","status":"publish","type":"page","link":"https:\/\/www.4h.se\/stattared\/sagovandring-2\/","title":{"rendered":"Sagovandring"},"content":{"rendered":"<div class=\"wpb-content-wrapper\"><p>[vc_row full_width=&#8221;stretch_row_content&#8221; css=&#8221;.vc_custom_1732201352070{margin-top: -110px !important;}&#8221;][vc_column width=&#8221;1\/3&#8243; offset=&#8221;vc_hidden-xs&#8221;][vc_single_image image=&#8221;4087&#8243; img_size=&#8221;full&#8221; css=&#8221;.vc_custom_1777457608708{margin-right: -30px !important;margin-left: -30px !important;}&#8221;][\/vc_column][vc_column width=&#8221;1\/3&#8243; offset=&#8221;vc_hidden-xs&#8221;][vc_single_image image=&#8221;4086&#8243; img_size=&#8221;full&#8221; css=&#8221;.vc_custom_1777457340088{margin-right: -30px !important;margin-left: -30px !important;}&#8221;][\/vc_column][vc_column width=&#8221;1\/3&#8243;][vc_single_image image=&#8221;4088&#8243; img_size=&#8221;full&#8221; css=&#8221;.vc_custom_1777457619783{margin-right: -30px !important;margin-left: -30px !important;}&#8221;][\/vc_column][\/vc_row][vc_row][vc_column][vc_column_text css=&#8221;&#8221;]<\/p>\n<h1><span style=\"color: #000000;\">Sagovandring<\/span><\/h1>\n<h3><span style=\"color: #000000;\">7 juni 2026 , kl 10-14<\/span><\/h3>\n<hr>\n<h4><span style=\"color: #000000;\">Ett helt nytt arrangemang!<\/span><\/h4>\n<p><span style=\"color: #000000;\">G\u00e5 en mysig slinga i skogen med stopp d\u00e4r klassiska sagor om djur spelas upp \ud83d\udc37\ud83d\udc10<\/span><\/p>\n<p><span style=\"color: #000000;\">Promenaden g\u00e5r l\u00e4ngs natursk\u00f6na vandringsled, \u00e4r cirka 2,3 km l\u00e5ng och tar 40-50 minuter. \u00c4ven barnvagnar \u00e4r v\u00e4lkomna, sp\u00e5ret \u00e4r lite backigt men inga problem att g\u00e5 med barnvagn \ud83c\udf40<\/span><\/p>\n<p><span style=\"color: #000000;\">Man bokar en tid och g\u00e5r i gemensam grupp n\u00e4r sin starttid startar och sen g\u00e5r man tillsammans under hela slingan. Sagorna som spelas upp \u00e4r ca 7 min l\u00e5nga.&nbsp;<\/span><\/p>\n<p><span style=\"color: #000000;\">Obs! St\u00e4ttareds 4H-g\u00e5rd \u00e4r kontantfri \u2013 betalning sker med kort eller Swish.<\/span><\/p>\n<p><span style=\"color: #000000;\">Parkeringen kostar 60 kr, och vet du vad? Alla int\u00e4kter g\u00e5r direkt till g\u00e5rden f\u00f6r att st\u00f6dja v\u00e5ra fantastiska djur och verksamhet!<\/span>[\/vc_column_text][vc_separator color=&#8221;custom&#8221; style=&#8221;shadow&#8221; border_width=&#8221;2&#8243; css=&#8221;&#8221; accent_color=&#8221;#00693f&#8221;][vc_row_inner css=&#8221;.vc_custom_1732204086714{margin-top: -20px !important;}&#8221;][vc_column_inner][vc_column_text css=&#8221;&#8221;]<\/p>\n<h3><span style=\"color: #000000;\">Bokning av Sagovandring<\/span><\/h3>\n<p><span style=\"color: #000000;\">Vandringen \u00e4r \u00f6ppen mellan kl. 10\u201312<\/span><\/p>\n<hr>\n<h4><span style=\"color: #000000;\">Vuxna: 60 kr \u2022&nbsp; Barn (tom 14 \u00e5r): 40 kr<\/span><\/h4>\n<p>Barn under 2 \u00e5r g\u00e5r gratis.[\/vc_column_text][vc_btn title=&#8221;Boka biljetter h\u00e4r!&#8221; style=&#8221;custom&#8221; custom_background=&#8221;#00693F&#8221; custom_text=&#8221;#FFFFFF&#8221; align=&#8221;center&#8221; css=&#8221;&#8221; button_block=&#8221;true&#8221; link=&#8221;url:https%3A%2F%2Fapp.bookspot.io%2Fwidget%2Fv2%2Fdialog%2Fnew-order%3Fkey%3D2fc53eea376fab059e81d28b1d6747202d7dbb96375c9b42ebf4d9235ff87d0a%26productTypes%3Dproducts%2Cvouchers%26listView%3Dproducts%26products%3D20021&#8243;][\/vc_column_inner][\/vc_row_inner][vc_separator color=&#8221;custom&#8221; style=&#8221;shadow&#8221; border_width=&#8221;2&#8243; css=&#8221;&#8221; accent_color=&#8221;#00693f&#8221;][vc_column_text css=&#8221;&#8221;]<\/p>\n<h2><span style=\"color: #000000;\">\u00d6vriga aktiviteter under dagen<\/span><\/h2>\n<p>Efter den fantastiska vandringen kan du hitta p\u00e5 mer roligt p\u00e5 g\u00e5rden!<\/p>\n<p>F\u00f6r att delta p\u00e5 \u00f6vriga aktiviteter s\u00e5 beh\u00f6vs ingen f\u00f6rbokad biljett.[\/vc_column_text][vc_row_inner css=&#8221;.vc_custom_1732203671902{margin-top: -20px !important;}&#8221;][vc_column_inner width=&#8221;1\/2&#8243;][vc_column_text css=&#8221;&#8221;]<\/p>\n<h3><span style=\"color: #000000;\">Servering \u2022 <\/span><span style=\"color: #000000;\">kl 11\u221215<\/span><\/h3>\n<p>Caf\u00e9 \u2022 Grillt\u00e4lt<\/p>\n<p>Nygr\u00e4ddade v\u00e5fflor, rykande varm dryck och doftande kanelbullar v\u00e4ntar p\u00e5 dig \u2013 en riktig smakfest! Eller varf\u00f6r inte ta en saftig hamburgare eller en kokt korv ute i v\u00e5rt mysiga grillt\u00e4lt?[\/vc_column_text][\/vc_column_inner][vc_column_inner width=&#8221;1\/2&#8243;][vc_column_text css=&#8221;&#8221;]<\/p>\n<h3><span style=\"color: #000000\">FISKDAMM \u2022 kl 11-15<\/span><\/h3>\n<p>Fiskdammen \u00e4r en sp\u00e4nnande plats d\u00e4r b\u00e5de stora och sm\u00e5 kan fiska efter \u00f6verraskningar och skatter som v\u00e4ntar under ytan<\/p>\n<p>25 kr\/kast[\/vc_column_text][\/vc_column_inner][\/vc_row_inner][\/vc_column][\/vc_row][vc_row][vc_column][vc_separator color=&#8221;custom&#8221; style=&#8221;shadow&#8221; border_width=&#8221;2&#8243; css=&#8221;&#8221; accent_color=&#8221;#00693f&#8221;][vc_column_text css=&#8221;&#8221;]<\/p>\n<h3><span style=\"color: #000000\">Vanliga fr\u00e5gor &amp; svar<\/span><\/h3>\n<p>[\/vc_column_text][\/vc_column][\/vc_row][vc_row css=&#8221;.vc_custom_1737113595266{margin-top: 20px !important;}&#8221;][vc_column width=&#8221;1\/2&#8243;][vc_toggle title=&#8221;Kan jag byta tid efter jag bokat?&#8221; css=&#8221;&#8221;]Absolut, s\u00e5 l\u00e4nge det finns lediga tider!<\/p>\n<p>H\u00f6r g\u00e4rna av er till oss via mejl (<a rel=\"noopener\">stattared@4h.se<\/a>) om ni vill byta tid, s\u00e5 fixar vi det![\/vc_toggle][vc_toggle title=&#8221;Jag \u00e4r vegetarian, finns det n\u00e5got f\u00f6r mig att \u00e4ta?&#8221; css=&#8221;&#8221;]Ja, i grillen hittar du l\u00e4ckra vegetariska hamburgare och korv, medan caf\u00e9et frestar med h\u00e4rliga v\u00e5fflor &amp; kanelbullar.[\/vc_toggle][\/vc_column][vc_column width=&#8221;1\/2&#8243;][vc_toggle title=&#8221;Har ni glutenfria alternativ?&#8221; css=&#8221;&#8221;]Ja, vi erbjuder glutenfria alternativ! I grillen hittar du glutenfria hamburgare och korv, och i caf\u00e9et kan du njuta av glutenfri toast och muffins.[\/vc_toggle][vc_toggle title=&#8221;\u00c4r promenaden barnvagnsv\u00e4nlig?&#8221; css=&#8221;&#8221;]Vandringen sker l\u00e4ngs en grusad stig d\u00e4r vissa partier kan vara n\u00e5got bl\u00f6ta, men det \u00e4r \u00e4nd\u00e5 m\u00f6jligt att ta sig fram med barnvagn.[\/vc_toggle][\/vc_column][\/vc_row][vc_row][vc_column][\/vc_column][\/vc_row]<\/p>\n<\/div>","protected":false},"excerpt":{"rendered":"<p>[vc_row full_width=&#8221;stretch_row_content&#8221; css=&#8221;.vc_custom_1732201352070{margin-top: -110px !important;}&#8221;][vc_column width=&#8221;1\/3&#8243; offset=&#8221;vc_hidden-xs&#8221;][vc_single_image image=&#8221;4087&#8243; img_size=&#8221;full&#8221; css=&#8221;.vc_custom_1777457608708{margin-right: -30px !important;margin-left: -30px !important;}&#8221;][\/vc_column][vc_column width=&#8221;1\/3&#8243; offset=&#8221;vc_hidden-xs&#8221;][vc_single_image image=&#8221;4086&#8243; img_size=&#8221;full&#8221; css=&#8221;.vc_custom_1777457340088{margin-right: -30px !important;margin-left: -30px !important;}&#8221;][\/vc_column][vc_column width=&#8221;1\/3&#8243;][vc_single_image image=&#8221;4088&#8243; img_size=&#8221;full&#8221; css=&#8221;.vc_custom_1777457619783{margin-right: -30px !important;margin-left: -30px !important;}&#8221;][\/vc_column][\/vc_row][vc_row][vc_column][vc_column_text css=&#8221;&#8221;] Sagovandring 7 juni 2026 , kl 10-14 Ett helt nytt arrangemang! G\u00e5 en mysig slinga i skogen med stopp d\u00e4r klassiska sagor om&nbsp; <a href=\"https:\/\/www.4h.se\/stattared\/sagovandring-2\/\">&hellip; Read more <i class=\"glyphicon glyphicon-arrow-right\"><\/i><\/a><\/p>\n","protected":false},"author":64,"featured_media":0,"parent":0,"menu_order":108,"comment_status":"closed","ping_status":"closed","template":"","meta":{"_acf_changed":false,"footnotes":""},"class_list":["post-4085","page","type-page","status-publish","hentry"],"acf":[],"yoast_head":"<!-- This site is optimized with the Yoast SEO plugin v27.5 - https:\/\/yoast.com\/product\/yoast-seo-wordpress\/ -->\n<title>Sagovandring - St\u00e4ttareds 4H-g\u00e5rd<\/title>\n<meta name=\"robots\" content=\"index, follow, max-snippet:-1, max-image-preview:large, max-video-preview:-1\" \/>\n<link rel=\"canonical\" href=\"https:\/\/www.4h.se\/stattared\/sagovandring-2\/\" \/>\n<meta property=\"og:locale\" content=\"sv_SE\" \/>\n<meta property=\"og:type\" content=\"article\" \/>\n<meta property=\"og:title\" content=\"Sagovandring - St\u00e4ttareds 4H-g\u00e5rd\" \/>\n<meta property=\"og:description\" content=\"[vc_row full_width=&#8221;stretch_row_content&#8221; css=&#8221;.vc_custom_1732201352070{margin-top: -110px !important;}&#8221;][vc_column width=&#8221;1\/3&#8243; offset=&#8221;vc_hidden-xs&#8221;][vc_single_image image=&#8221;4087&#8243; img_size=&#8221;full&#8221; css=&#8221;.vc_custom_1777457608708{margin-right: -30px !important;margin-left: -30px !important;}&#8221;][\/vc_column][vc_column width=&#8221;1\/3&#8243; offset=&#8221;vc_hidden-xs&#8221;][vc_single_image image=&#8221;4086&#8243; img_size=&#8221;full&#8221; css=&#8221;.vc_custom_1777457340088{margin-right: -30px !important;margin-left: -30px !important;}&#8221;][\/vc_column][vc_column width=&#8221;1\/3&#8243;][vc_single_image image=&#8221;4088&#8243; img_size=&#8221;full&#8221; css=&#8221;.vc_custom_1777457619783{margin-right: -30px !important;margin-left: -30px !important;}&#8221;][\/vc_column][\/vc_row][vc_row][vc_column][vc_column_text css=&#8221;&#8221;] Sagovandring 7 juni 2026 , kl 10-14 Ett helt nytt arrangemang! G\u00e5 en mysig slinga i skogen med stopp d\u00e4r klassiska sagor om&nbsp; &hellip; Read more\" \/>\n<meta property=\"og:url\" content=\"https:\/\/www.4h.se\/stattared\/sagovandring-2\/\" \/>\n<meta property=\"og:site_name\" content=\"St\u00e4ttareds 4H-g\u00e5rd\" \/>\n<meta property=\"article:modified_time\" content=\"2026-04-29T11:17:14+00:00\" \/>\n<meta name=\"twitter:card\" content=\"summary_large_image\" \/>\n<script type=\"application\/ld+json\" class=\"yoast-schema-graph\">{\"@context\":\"https:\\\/\\\/schema.org\",\"@graph\":[{\"@type\":\"WebPage\",\"@id\":\"https:\\\/\\\/www.4h.se\\\/stattared\\\/sagovandring-2\\\/\",\"url\":\"https:\\\/\\\/www.4h.se\\\/stattared\\\/sagovandring-2\\\/\",\"name\":\"Sagovandring - St\u00e4ttareds 4H-g\u00e5rd\",\"isPartOf\":{\"@id\":\"https:\\\/\\\/www.4h.se\\\/stattared\\\/#website\"},\"datePublished\":\"2026-04-29T09:47:35+00:00\",\"dateModified\":\"2026-04-29T11:17:14+00:00\",\"breadcrumb\":{\"@id\":\"https:\\\/\\\/www.4h.se\\\/stattared\\\/sagovandring-2\\\/#breadcrumb\"},\"inLanguage\":\"sv-SE\",\"potentialAction\":[{\"@type\":\"ReadAction\",\"target\":[\"https:\\\/\\\/www.4h.se\\\/stattared\\\/sagovandring-2\\\/\"]}]},{\"@type\":\"BreadcrumbList\",\"@id\":\"https:\\\/\\\/www.4h.se\\\/stattared\\\/sagovandring-2\\\/#breadcrumb\",\"itemListElement\":[{\"@type\":\"ListItem\",\"position\":1,\"name\":\"Hem\",\"item\":\"https:\\\/\\\/www.4h.se\\\/stattared\\\/\"},{\"@type\":\"ListItem\",\"position\":2,\"name\":\"Sagovandring\"}]},{\"@type\":\"WebSite\",\"@id\":\"https:\\\/\\\/www.4h.se\\\/stattared\\\/#website\",\"url\":\"https:\\\/\\\/www.4h.se\\\/stattared\\\/\",\"name\":\"St\u00e4ttareds 4H-g\u00e5rd\",\"description\":\"mer \u00e4n bara en g\u00e5rd\",\"potentialAction\":[{\"@type\":\"SearchAction\",\"target\":{\"@type\":\"EntryPoint\",\"urlTemplate\":\"https:\\\/\\\/www.4h.se\\\/stattared\\\/?s={search_term_string}\"},\"query-input\":{\"@type\":\"PropertyValueSpecification\",\"valueRequired\":true,\"valueName\":\"search_term_string\"}}],\"inLanguage\":\"sv-SE\"}]}<\/script>\n<!-- \/ Yoast SEO plugin. -->","yoast_head_json":{"title":"Sagovandring - St\u00e4ttareds 4H-g\u00e5rd","robots":{"index":"index","follow":"follow","max-snippet":"max-snippet:-1","max-image-preview":"max-image-preview:large","max-video-preview":"max-video-preview:-1"},"canonical":"https:\/\/www.4h.se\/stattared\/sagovandring-2\/","og_locale":"sv_SE","og_type":"article","og_title":"Sagovandring - St\u00e4ttareds 4H-g\u00e5rd","og_description":"[vc_row full_width=&#8221;stretch_row_content&#8221; css=&#8221;.vc_custom_1732201352070{margin-top: -110px !important;}&#8221;][vc_column width=&#8221;1\/3&#8243; offset=&#8221;vc_hidden-xs&#8221;][vc_single_image image=&#8221;4087&#8243; img_size=&#8221;full&#8221; css=&#8221;.vc_custom_1777457608708{margin-right: -30px !important;margin-left: -30px !important;}&#8221;][\/vc_column][vc_column width=&#8221;1\/3&#8243; offset=&#8221;vc_hidden-xs&#8221;][vc_single_image image=&#8221;4086&#8243; img_size=&#8221;full&#8221; css=&#8221;.vc_custom_1777457340088{margin-right: -30px !important;margin-left: -30px !important;}&#8221;][\/vc_column][vc_column width=&#8221;1\/3&#8243;][vc_single_image image=&#8221;4088&#8243; img_size=&#8221;full&#8221; css=&#8221;.vc_custom_1777457619783{margin-right: -30px !important;margin-left: -30px !important;}&#8221;][\/vc_column][\/vc_row][vc_row][vc_column][vc_column_text css=&#8221;&#8221;] Sagovandring 7 juni 2026 , kl 10-14 Ett helt nytt arrangemang! G\u00e5 en mysig slinga i skogen med stopp d\u00e4r klassiska sagor om&nbsp; &hellip; Read more","og_url":"https:\/\/www.4h.se\/stattared\/sagovandring-2\/","og_site_name":"St\u00e4ttareds 4H-g\u00e5rd","article_modified_time":"2026-04-29T11:17:14+00:00","twitter_card":"summary_large_image","schema":{"@context":"https:\/\/schema.org","@graph":[{"@type":"WebPage","@id":"https:\/\/www.4h.se\/stattared\/sagovandring-2\/","url":"https:\/\/www.4h.se\/stattared\/sagovandring-2\/","name":"Sagovandring - St\u00e4ttareds 4H-g\u00e5rd","isPartOf":{"@id":"https:\/\/www.4h.se\/stattared\/#website"},"datePublished":"2026-04-29T09:47:35+00:00","dateModified":"2026-04-29T11:17:14+00:00","breadcrumb":{"@id":"https:\/\/www.4h.se\/stattared\/sagovandring-2\/#breadcrumb"},"inLanguage":"sv-SE","potentialAction":[{"@type":"ReadAction","target":["https:\/\/www.4h.se\/stattared\/sagovandring-2\/"]}]},{"@type":"BreadcrumbList","@id":"https:\/\/www.4h.se\/stattared\/sagovandring-2\/#breadcrumb","itemListElement":[{"@type":"ListItem","position":1,"name":"Hem","item":"https:\/\/www.4h.se\/stattared\/"},{"@type":"ListItem","position":2,"name":"Sagovandring"}]},{"@type":"WebSite","@id":"https:\/\/www.4h.se\/stattared\/#website","url":"https:\/\/www.4h.se\/stattared\/","name":"St\u00e4ttareds 4H-g\u00e5rd","description":"mer \u00e4n bara en g\u00e5rd","potentialAction":[{"@type":"SearchAction","target":{"@type":"EntryPoint","urlTemplate":"https:\/\/www.4h.se\/stattared\/?s={search_term_string}"},"query-input":{"@type":"PropertyValueSpecification","valueRequired":true,"valueName":"search_term_string"}}],"inLanguage":"sv-SE"}]}},"_links":{"self":[{"href":"https:\/\/www.4h.se\/stattared\/wp-json\/wp\/v2\/pages\/4085","targetHints":{"allow":["GET"]}}],"collection":[{"href":"https:\/\/www.4h.se\/stattared\/wp-json\/wp\/v2\/pages"}],"about":[{"href":"https:\/\/www.4h.se\/stattared\/wp-json\/wp\/v2\/types\/page"}],"author":[{"embeddable":true,"href":"https:\/\/www.4h.se\/stattared\/wp-json\/wp\/v2\/users\/64"}],"replies":[{"embeddable":true,"href":"https:\/\/www.4h.se\/stattared\/wp-json\/wp\/v2\/comments?post=4085"}],"version-history":[{"count":0,"href":"https:\/\/www.4h.se\/stattared\/wp-json\/wp\/v2\/pages\/4085\/revisions"}],"wp:attachment":[{"href":"https:\/\/www.4h.se\/stattared\/wp-json\/wp\/v2\/media?parent=4085"}],"curies":[{"name":"wp","href":"https:\/\/api.w.org\/{rel}","templated":true}]}}