



{"id":4081,"date":"2026-04-29T10:52:59","date_gmt":"2026-04-29T08:52:59","guid":{"rendered":"https:\/\/www.4h.se\/stattared\/?page_id=4081"},"modified":"2026-05-05T14:28:17","modified_gmt":"2026-05-05T12:28:17","slug":"kristihimmelfards-2","status":"publish","type":"page","link":"https:\/\/www.4h.se\/stattared\/kristihimmelfards-2\/","title":{"rendered":"Kristi Himmelf\u00e4rdshelgen"},"content":{"rendered":"<div class=\"wpb-content-wrapper\"><p>[vc_row full_width=&#8221;stretch_row_content&#8221; css=&#8221;.vc_custom_1732646711413{margin-top: -110px !important;}&#8221;][vc_column offset=&#8221;vc_hidden-md vc_hidden-sm vc_hidden-xs&#8221;][vc_single_image image=&#8221;4083&#8243; img_size=&#8221;full&#8221; alignment=&#8221;center&#8221; css=&#8221;&#8221;][\/vc_column][\/vc_row][vc_row full_width=&#8221;stretch_row&#8221; gap=&#8221;10&#8243; css=&#8221;.vc_custom_1773137928294{margin-top: -30px !important;background-position: center !important;background-repeat: no-repeat !important;background-size: cover !important;}&#8221;][vc_column width=&#8221;2\/3&#8243; css=&#8221;.vc_custom_1605022553801{margin-top: 20px !important;background-color: #ffffff !important;border-radius: 10px !important;}&#8221;][vc_column_text css=&#8221;.vc_custom_1777454412815{margin-top: -20px !important;}&#8221;]<\/p>\n<h1><span style=\"color: #000000;\">Kristi himmelf\u00e4rdshelgen<\/span><\/h1>\n<p>Njut av l\u00e5ngledigheten och ta en utflykt till St\u00e4ttared den 14-17 maj \ud83c\udf40[\/vc_column_text][vc_column_text css=&#8221;&#8221;]<\/p>\n<h1><span style=\"color: #000000; font-size: 30px;\">G\u00e5rdscaf\u00e9 \u2022 kl 10-15<\/span><\/h1>\n<div class=\"flex-shrink-0 flex flex-col relative items-end\">\n<div class=\"pt-0\">\n<div class=\"gizmo-bot-avatar flex h-8 w-8 items-center justify-center overflow-hidden rounded-full\">\n<div class=\"relative p-1 rounded-sm flex items-center justify-center bg-token-main-surface-primary text-token-text-primary h-8 w-8\">\n<h4><span style=\"color: #000000;\">14 maj &#8211; 17 maj<\/span><\/h4>\n<\/div>\n<\/div>\n<\/div>\n<\/div>\n<p>[\/vc_column_text][vc_column_text css=&#8221;&#8221;]<\/p>\n<h2><span style=\"color: #000000;\">K\u00c4RA KRISTINS Tipspromenad \u2022 kl 10-14<br \/>\n<span style=\"font-size: 18px; font-weight: 500;\">14 maj &#8211; 17 maj&nbsp;<\/span><\/span><\/h2>\n<div class=\"flex-shrink-0 flex flex-col relative items-end\">\n<div class=\"pt-0\">\n<div class=\"gizmo-bot-avatar flex h-8 w-8 items-center justify-center overflow-hidden rounded-full\">\n<div class=\"relative p-1 rounded-sm flex items-center justify-center bg-token-main-surface-primary text-token-text-primary h-8 w-8\">\n<div class=\"flex-shrink-0 flex flex-col relative items-end\">\n<div class=\"pt-0\">\n<div class=\"gizmo-bot-avatar flex h-8 w-8 items-center justify-center overflow-hidden rounded-full\">\n<div class=\"relative p-1 rounded-sm flex items-center justify-center bg-token-main-surface-primary text-token-text-primary h-8 w-8\">\n<h4><span style=\"color: #000000; font-family: Arial;\"><span style=\"font-size: 14px;\">Klassisk tipspromenad l\u00e4ngs med Vilsestigen med fr\u00e5gor b\u00e5de f\u00f6r barn och f\u00f6r vuxna.&nbsp;<\/span><\/span><\/h4>\n<p><span style=\"color: #000000;\">Barn: 20 kr &amp; Vuxna: 40 kr&nbsp;<\/span><\/p>\n<p><span style=\"color: #000000;\">Startkort k\u00f6per ni caf\u00e9et.&nbsp;<\/span><\/div>\n<\/div>\n<\/div>\n<\/div>\n<p data-start=\"277\" data-end=\"322\" data-is-last-node=\"\" data-is-only-node=\"\">\n<\/div>\n<\/div>\n<\/div>\n<\/div>\n<p>[\/vc_column_text][vc_column_text css=&#8221;&#8221;]<\/p>\n<h2><span style=\"color: #000000;\">Bakluckeloppis \u2022 kl 10-14<br \/>\n<span style=\"font-size: 18px; font-weight: 500;\">14 maj<\/span><\/span><\/h2>\n<div class=\"flex-shrink-0 flex flex-col relative items-end\">\n<div class=\"pt-0\">\n<div class=\"gizmo-bot-avatar flex h-8 w-8 items-center justify-center overflow-hidden rounded-full\">\n<div class=\"relative p-1 rounded-sm flex items-center justify-center bg-token-main-surface-primary text-token-text-primary h-8 w-8\">\n<div class=\"flex-shrink-0 flex flex-col relative items-end\">\n<div class=\"pt-0\">\n<div class=\"gizmo-bot-avatar flex h-8 w-8 items-center justify-center overflow-hidden rounded-full\">\n<div class=\"relative p-1 rounded-sm flex items-center justify-center bg-token-main-surface-primary text-token-text-primary h-8 w-8\">\n<h4><span style=\"font-family: Arial; font-size: 14px; color: #000000;\">50 kr\/plats<\/span><\/h4>\n<h4><span style=\"color: #000000;\"><span style=\"font-family: Arial;\"><span style=\"font-size: 14px;\">Vill du s\u00e4lja?&nbsp;<\/span><\/span><\/span><\/h4>\n<h4><span style=\"color: #000000;\"><span style=\"font-family: Arial;\"><span style=\"font-size: 14px;\">Packa bilen med s\u00e5dant som inte l\u00e4ngre fyller en funktion hos dig och l\u00e5t den f\u00f6rgylla n\u00e5gon annans vardag.&nbsp;<\/span><\/span><\/span><\/h4>\n<p><span style=\"color: #000000;\">Vill du inte s\u00e4lja kanske du hittar n\u00e5got du l\u00e4nge letat efter.&nbsp;<\/span><\/p>\n<p><span style=\"color: #000000;\">Boka plats redan idag p\u00e5 knappen.&nbsp;<\/span><\/div>\n<\/div>\n<\/div>\n<\/div>\n<p data-start=\"277\" data-end=\"322\" data-is-last-node=\"\" data-is-only-node=\"\">\n<\/div>\n<\/div>\n<\/div>\n<\/div>\n<p>[\/vc_column_text][vc_btn title=&#8221;BOKA PLATS TILL LOPPISEN H\u00c4R&#8221; style=&#8221;outline-custom&#8221; outline_custom_color=&#8221;#00693F&#8221; outline_custom_hover_background=&#8221;#00693F&#8221; align=&#8221;center&#8221; css=&#8221;&#8221; button_block=&#8221;true&#8221; link=&#8221;url:https%3A%2F%2Fapp.bookspot.io%2Fwidget%2Fv2%2Fdialog%2Fnew-order%3Fkey%3D2fc53eea376fab059e81d28b1d6747202d7dbb96375c9b42ebf4d9235ff87d0a%26productTypes%3Dproducts%2Cvouchers%26listView%3Dproducts%26products%3D20020&#8243;][vc_column_text css=&#8221;&#8221;]<\/p>\n<h2><span style=\"color: #000000;\">10:30 \u2022 H\u00e4st &amp; vagn<\/span><\/h2>\n<h4><span style=\"color: #000000;\">14 MAJ &#8211; 17 maj<\/span><\/h4>\n<p><span style=\"color: #000000;\">Vuxna: 45 kr \/ Barn: 35 kr<\/span><\/p>\n<p><span style=\"color: #000000;\">F\u00f6lj med p\u00e5 en \u00e5ktur bakom v\u00e5r fantastiska nordsvenska h\u00e4st, Katla.<\/span><\/p>\n<p><span style=\"color: #000000;\">Biljetter till \u00e5kturen k\u00f6per du i v\u00e5rt caf\u00e9 mellan kl 10-10:20.<\/span><\/p>\n<p><span style=\"color: #000000;\">Aktiviteten sker med f\u00f6ruts\u00e4ttning att Katla har full h\u00e4lsa.<\/span>[\/vc_column_text][vc_column_text css=&#8221;&#8221;]<\/p>\n<h2><span style=\"color: #000000;\">11:30 <\/span><span style=\"color: #000000;\">\u2022&nbsp;<\/span><span style=\"color: #000000;\">v\u00e5r Mumsande gos-vandring&nbsp;<\/span><\/h2>\n<h4><span style=\"color: #000000;\">14 MAJ &#8211; 17 maj<\/span><\/h4>\n<p><span style=\"color: #000000;\">Vuxna: 45 kr \/ Barn: 35 kr<\/span><\/p>\n<div class=\"group\/conversation-turn relative flex w-full min-w-0 flex-col agent-turn\">\n<div class=\"flex-col gap-1 md:gap-3\">\n<div class=\"flex max-w-full flex-col flex-grow\">\n<div class=\"min-h-8 text-message flex w-full flex-col items-end gap-2 whitespace-normal break-words [.text-message+&amp;]:mt-5\" dir=\"auto\" data-message-author-role=\"assistant\" data-message-id=\"b6f566da-fcb6-4a8b-8109-43687a521036\">\n<div class=\"flex w-full flex-col gap-1 empty:hidden first:pt-[3px]\">\n<div class=\"markdown prose w-full break-words dark:prose-invert dark\">\n<p><span style=\"color: #000000;\">Sl\u00e5 f\u00f6lje med oss p\u00e5 ett sp\u00e4nnande \u00e4ventyr till djuren! Vi har med oss smaskiga snacks som v\u00e5ra djur kommer att \u00e4lska, och ni f\u00e5r en chans att klappa och gosa med dem.<\/span><\/p>\n<p><span style=\"color: #000000;\">Biljetter till \u00e4ventyret k\u00f6per du i v\u00e5rt caf\u00e9 mellan kl 10-11:20.<\/span><\/div>\n<\/div>\n<\/div>\n<\/div>\n<\/div>\n<\/div>\n<p>[\/vc_column_text][vc_column_text css=&#8221;&#8221;]<\/p>\n<h2><span style=\"color: #000000;\">12:30 \u2022 <\/span><span style=\"color: #000000;\">Ponnyridning f\u00f6r barn<\/span><\/h2>\n<h4><span style=\"color: #000000;\">14 maj &#8211; 17 maj<\/span><\/h4>\n<p><span style=\"color: #000000;\">Barn: 35 kr<\/span><\/p>\n<div class=\"group\/conversation-turn relative flex w-full min-w-0 flex-col agent-turn\">\n<div class=\"flex-col gap-1 md:gap-3\">\n<div class=\"flex max-w-full flex-col flex-grow\">\n<div class=\"min-h-8 text-message flex w-full flex-col items-end gap-2 whitespace-normal break-words [.text-message+&amp;]:mt-5\" dir=\"auto\" data-message-author-role=\"assistant\" data-message-id=\"b6f566da-fcb6-4a8b-8109-43687a521036\">\n<div class=\"flex w-full flex-col gap-1 empty:hidden first:pt-[3px]\">\n<div class=\"markdown prose w-full break-words dark:prose-invert dark\">\n<p><span style=\"color: #000000;\">Ta en tur p\u00e5 v\u00e5r mysiga slinga med v\u00e5ra fantastiska h\u00e4star! Barnen f\u00e5r sitta p\u00e5 v\u00e5ra s\u00f6ta Gotlandsruss, som \u00e4r perfekta f\u00f6r dem och klarar av max 50 kg.&nbsp;<\/span><\/p>\n<p><span style=\"color: #000000;\">Biljetter till ponnyridningen k\u00f6per du i v\u00e5rt caf\u00e9 mellan kl 10-12:20.<\/span><\/div>\n<\/div>\n<\/div>\n<\/div>\n<\/div>\n<\/div>\n<p>[\/vc_column_text][vc_column_text css=&#8221;&#8221;]<\/p>\n<h2><span style=\"color: #000000\">F\u00f6rbokningsbara aktiviteter<\/span><\/h2>\n<p>[\/vc_column_text][vc_btn title=&#8221;BOKA PLATSER H\u00c4R&#8221; style=&#8221;outline-custom&#8221; outline_custom_color=&#8221;#00693F&#8221; outline_custom_hover_background=&#8221;#00693F&#8221; align=&#8221;center&#8221; css=&#8221;&#8221; button_block=&#8221;true&#8221; link=&#8221;url:https%3A%2F%2Fapp.bookspot.io%2Fwidget%2Fv2%2Fdialog%2Fnew-order%3Fkey%3D2fc53eea376fab059e81d28b1d6747202d7dbb96375c9b42ebf4d9235ff87d0a%26productTypes%3Dproducts%2Cvouchers%26listView%3Dproducts%26products%3D14262%26products%3D14263%26products%3D14265&#8243;][vc_column_text css=&#8221;.vc_custom_1777453657324{margin-top: 40px !important;}&#8221;]<\/p>\n<h2><span style=\"color: #000000;\">H\u00e4stpyssel ink ridning<\/span><\/h2>\n<h4><span style=\"color: #000000;\">kl 9:30 \u2022 14-15 maj&nbsp;<\/span><\/h4>\n<p><span style=\"color: #000000;\">200 kr\/barn<\/span><\/p>\n<p data-start=\"65\" data-end=\"129\"><span style=\"color: #000000;\">Upplev ett h\u00e4rligt h\u00e4st\u00e4ventyr p\u00e5 St\u00e4ttared \u2013 tillsammans!<\/span><\/p>\n<p data-start=\"131\" data-end=\"379\"><span style=\"color: #000000;\">Ge dig sj\u00e4lv och ditt barn en of\u00f6rgl\u00f6mlig stund med en av v\u00e5ra fina h\u00e4star.<\/span><\/p>\n<p data-start=\"131\" data-end=\"379\"><span style=\"color: #000000;\">Tillsammans med en av v\u00e5ra ledare f\u00e5r ni vara med fr\u00e5n start:<\/span><br data-start=\"268\" data-end=\"271\"><span style=\"color: #000000;\">ni borstar, sadlar och g\u00f6r er h\u00e4st riktigt fin inf\u00f6r mysig och 30 minuters ridtur i den vackra skogen.<\/span><\/p>\n<p data-start=\"381\" data-end=\"611\"><span style=\"color: #000000;\">Under turen leder f\u00f6r\u00e4ldern h\u00e4sten medan v\u00e5r ledare visar v\u00e4gen och finns med hela tiden som st\u00f6d.<\/span><br data-start=\"498\" data-end=\"501\"><span style=\"color: #000000;\">En perfekt aktivitet f\u00f6r dig som vill ge ditt barn ett roligt, lugnt och minnesv\u00e4rt m\u00f6te med h\u00e4star och natur.<\/span><\/p>\n<p data-start=\"381\" data-end=\"611\"><span style=\"color: #000000;\"><strong data-start=\"473\" data-end=\"490\">Bra att veta:<\/strong><\/span><\/p>\n<ul>\n<li data-start=\"381\" data-end=\"611\"><span style=\"color: #000000;\">Om du har fler barn s\u00e5 finns m\u00f6jlighet att vi kan hj\u00e4lpa till att leda. Meddela oss vid anm\u00e4lan.<\/span><\/li>\n<li data-start=\"381\" data-end=\"611\"><span style=\"color: #000000;\">Rekommenderad \u00e5lder: fr\u00e5n 3 \u00e5r.<\/span><\/li>\n<\/ul>\n<p data-start=\"613\" data-end=\"682\"><span style=\"color: #000000;\"><strong data-start=\"613\" data-end=\"680\">F\u00f6rbokning via hemsidan \u2013 platserna \u00e4r begr\u00e4nsade.&nbsp;<\/strong><\/span><\/p>\n<p>[\/vc_column_text][vc_single_image image=&#8221;4069&#8243; img_size=&#8221;full&#8221; style=&#8221;vc_box_rounded&#8221; css=&#8221;&#8221;][\/vc_column][vc_column width=&#8221;1\/3&#8243;][vc_single_image image=&#8221;4082&#8243; img_size=&#8221;full&#8221; onclick=&#8221;custom_link&#8221; css=&#8221;&#8221; link=&#8221;https:\/\/www.4h.se\/stattared\/sagovandring-2\/&#8221;][\/vc_column][\/vc_row][vc_row disable_element=&#8221;yes&#8221;][vc_column][vc_column_text css=&#8221;.vc_custom_1777455575985{margin-top: 40px !important;}&#8221;]<\/p>\n<h2><span style=\"color: #000000;\">l\u00e4r dig sl\u00e5 med lie<\/span><\/h2>\n<h4><span style=\"color: #000000;\">kl 9-16 \u2022 17 maj&nbsp;<\/span><\/h4>\n<p><span style=\"color: #000000;\">1000 kr\/person<\/span><\/p>\n<p><span style=\"color: #000000;\">V\u00e4lkommen att l\u00e4ra dig sl\u00e5 med lie under ledning av lieinstrukt\u00f6r Jenny Nilsson.<\/span><\/p>\n<p><span style=\"color: #000000;\">Under kursen l\u00e4r du dig bland annat:<\/span><\/p>\n<div class=\"x14z9mp xat24cr x1lziwak x1vvkbs xtlvy1s\"><span style=\"color: #000000;\">* Ergonomisk sl\u00e5tterteknik<\/span><\/div>\n<div class=\"x14z9mp xat24cr x1lziwak x1vvkbs xtlvy1s\"><span style=\"color: #000000;\">* Att underh\u00e5lla liens sk\u00e4rpa genom bryning<\/span><\/div>\n<div class=\"x14z9mp xat24cr x1lziwak x1vvkbs xtlvy1s\"><span style=\"color: #000000;\">* Att skapa liens grundsk\u00e4rpa genom knackning<\/span><\/div>\n<div class=\"x14z9mp xat24cr x1lziwak x1vvkbs xtlvy1s\"><span style=\"color: #000000;\">* Att st\u00e4lla in utrustningen efter din kroppsl\u00e4ngd och kroppsform<\/span><\/div>\n<div class=\"x14z9mp xat24cr x1lziwak x1vvkbs xtlvy1s\">\n<p><span style=\"color: #000000;\">* Grundl\u00e4ggande \u00e4ngskunskap och \u00e4ngssk\u00f6tsel<\/span><\/p>\n<p><span style=\"color: #000000;\">Alla deltagare f\u00e5r l\u00e5na komplett utrustning p\u00e5 kursen, men ta g\u00e4rna med gammal lieutrustning f\u00f6r bed\u00f6mning. \u00c4ven j\u00e4tterostiga liar kan vara bra!<\/span><\/p>\n<p><span style=\"color: #000000;\">K\u00f6p inget innan kursen om du inte \u00e4r hels\u00e4ker p\u00e5 vad du ska ha. Du f\u00e5r tips p\u00e5 kursen om vilka butiker och m\u00e4rken som \u00e4r bra. Det g\u00e5r \u00e4ven bra att handla direkt av Jenny som har med sig varor i bilen.<\/span><\/p>\n<p><span style=\"color: #000000;\">Ta med dig dricka, lunch och fika samt kl\u00e4der efter v\u00e4der<\/span><\/div>\n<p>[\/vc_column_text][\/vc_column][\/vc_row]<\/p>\n<\/div>","protected":false},"excerpt":{"rendered":"<p>[vc_row full_width=&#8221;stretch_row_content&#8221; css=&#8221;.vc_custom_1732646711413{margin-top: -110px !important;}&#8221;][vc_column offset=&#8221;vc_hidden-md vc_hidden-sm vc_hidden-xs&#8221;][vc_single_image image=&#8221;4083&#8243; img_size=&#8221;full&#8221; alignment=&#8221;center&#8221; css=&#8221;&#8221;][\/vc_column][\/vc_row][vc_row full_width=&#8221;stretch_row&#8221; gap=&#8221;10&#8243; css=&#8221;.vc_custom_1773137928294{margin-top: -30px !important;background-position: center !important;background-repeat: no-repeat !important;background-size: cover !important;}&#8221;][vc_column width=&#8221;2\/3&#8243; css=&#8221;.vc_custom_1605022553801{margin-top: 20px !important;background-color: #ffffff !important;border-radius: 10px !important;}&#8221;][vc_column_text css=&#8221;.vc_custom_1777454412815{margin-top: -20px !important;}&#8221;] Kristi himmelf\u00e4rdshelgen Njut av l\u00e5ngledigheten och ta en utflykt till St\u00e4ttared den 14-17 maj \ud83c\udf40[\/vc_column_text][vc_column_text css=&#8221;&#8221;] G\u00e5rdscaf\u00e9 \u2022 kl 10-15 14&nbsp; <a href=\"https:\/\/www.4h.se\/stattared\/kristihimmelfards-2\/\">&hellip; Read more <i class=\"glyphicon glyphicon-arrow-right\"><\/i><\/a><\/p>\n","protected":false},"author":64,"featured_media":0,"parent":0,"menu_order":117,"comment_status":"closed","ping_status":"closed","template":"","meta":{"_acf_changed":false,"footnotes":""},"class_list":["post-4081","page","type-page","status-publish","hentry"],"acf":[],"yoast_head":"<!-- This site is optimized with the Yoast SEO plugin v27.5 - https:\/\/yoast.com\/product\/yoast-seo-wordpress\/ -->\n<title>Kristi Himmelf\u00e4rdshelgen - St\u00e4ttareds 4H-g\u00e5rd<\/title>\n<meta name=\"robots\" content=\"index, follow, max-snippet:-1, max-image-preview:large, max-video-preview:-1\" \/>\n<link rel=\"canonical\" href=\"https:\/\/www.4h.se\/stattared\/kristihimmelfards-2\/\" \/>\n<meta property=\"og:locale\" content=\"sv_SE\" \/>\n<meta property=\"og:type\" content=\"article\" \/>\n<meta property=\"og:title\" content=\"Kristi Himmelf\u00e4rdshelgen - St\u00e4ttareds 4H-g\u00e5rd\" \/>\n<meta property=\"og:description\" content=\"[vc_row full_width=&#8221;stretch_row_content&#8221; css=&#8221;.vc_custom_1732646711413{margin-top: -110px !important;}&#8221;][vc_column offset=&#8221;vc_hidden-md vc_hidden-sm vc_hidden-xs&#8221;][vc_single_image image=&#8221;4083&#8243; img_size=&#8221;full&#8221; alignment=&#8221;center&#8221; css=&#8221;&#8221;][\/vc_column][\/vc_row][vc_row full_width=&#8221;stretch_row&#8221; gap=&#8221;10&#8243; css=&#8221;.vc_custom_1773137928294{margin-top: -30px !important;background-position: center !important;background-repeat: no-repeat !important;background-size: cover !important;}&#8221;][vc_column width=&#8221;2\/3&#8243; css=&#8221;.vc_custom_1605022553801{margin-top: 20px !important;background-color: #ffffff !important;border-radius: 10px !important;}&#8221;][vc_column_text css=&#8221;.vc_custom_1777454412815{margin-top: -20px !important;}&#8221;] Kristi himmelf\u00e4rdshelgen Njut av l\u00e5ngledigheten och ta en utflykt till St\u00e4ttared den 14-17 maj \ud83c\udf40[\/vc_column_text][vc_column_text css=&#8221;&#8221;] G\u00e5rdscaf\u00e9 \u2022 kl 10-15 14&nbsp; &hellip; Read more\" \/>\n<meta property=\"og:url\" content=\"https:\/\/www.4h.se\/stattared\/kristihimmelfards-2\/\" \/>\n<meta property=\"og:site_name\" content=\"St\u00e4ttareds 4H-g\u00e5rd\" \/>\n<meta property=\"article:modified_time\" content=\"2026-05-05T12:28:17+00:00\" \/>\n<meta name=\"twitter:card\" content=\"summary_large_image\" \/>\n<script type=\"application\/ld+json\" class=\"yoast-schema-graph\">{\"@context\":\"https:\\\/\\\/schema.org\",\"@graph\":[{\"@type\":\"WebPage\",\"@id\":\"https:\\\/\\\/www.4h.se\\\/stattared\\\/kristihimmelfards-2\\\/\",\"url\":\"https:\\\/\\\/www.4h.se\\\/stattared\\\/kristihimmelfards-2\\\/\",\"name\":\"Kristi Himmelf\u00e4rdshelgen - St\u00e4ttareds 4H-g\u00e5rd\",\"isPartOf\":{\"@id\":\"https:\\\/\\\/www.4h.se\\\/stattared\\\/#website\"},\"datePublished\":\"2026-04-29T08:52:59+00:00\",\"dateModified\":\"2026-05-05T12:28:17+00:00\",\"breadcrumb\":{\"@id\":\"https:\\\/\\\/www.4h.se\\\/stattared\\\/kristihimmelfards-2\\\/#breadcrumb\"},\"inLanguage\":\"sv-SE\",\"potentialAction\":[{\"@type\":\"ReadAction\",\"target\":[\"https:\\\/\\\/www.4h.se\\\/stattared\\\/kristihimmelfards-2\\\/\"]}]},{\"@type\":\"BreadcrumbList\",\"@id\":\"https:\\\/\\\/www.4h.se\\\/stattared\\\/kristihimmelfards-2\\\/#breadcrumb\",\"itemListElement\":[{\"@type\":\"ListItem\",\"position\":1,\"name\":\"Hem\",\"item\":\"https:\\\/\\\/www.4h.se\\\/stattared\\\/\"},{\"@type\":\"ListItem\",\"position\":2,\"name\":\"Kristi Himmelf\u00e4rdshelgen\"}]},{\"@type\":\"WebSite\",\"@id\":\"https:\\\/\\\/www.4h.se\\\/stattared\\\/#website\",\"url\":\"https:\\\/\\\/www.4h.se\\\/stattared\\\/\",\"name\":\"St\u00e4ttareds 4H-g\u00e5rd\",\"description\":\"mer \u00e4n bara en g\u00e5rd\",\"potentialAction\":[{\"@type\":\"SearchAction\",\"target\":{\"@type\":\"EntryPoint\",\"urlTemplate\":\"https:\\\/\\\/www.4h.se\\\/stattared\\\/?s={search_term_string}\"},\"query-input\":{\"@type\":\"PropertyValueSpecification\",\"valueRequired\":true,\"valueName\":\"search_term_string\"}}],\"inLanguage\":\"sv-SE\"}]}<\/script>\n<!-- \/ Yoast SEO plugin. -->","yoast_head_json":{"title":"Kristi Himmelf\u00e4rdshelgen - St\u00e4ttareds 4H-g\u00e5rd","robots":{"index":"index","follow":"follow","max-snippet":"max-snippet:-1","max-image-preview":"max-image-preview:large","max-video-preview":"max-video-preview:-1"},"canonical":"https:\/\/www.4h.se\/stattared\/kristihimmelfards-2\/","og_locale":"sv_SE","og_type":"article","og_title":"Kristi Himmelf\u00e4rdshelgen - St\u00e4ttareds 4H-g\u00e5rd","og_description":"[vc_row full_width=&#8221;stretch_row_content&#8221; css=&#8221;.vc_custom_1732646711413{margin-top: -110px !important;}&#8221;][vc_column offset=&#8221;vc_hidden-md vc_hidden-sm vc_hidden-xs&#8221;][vc_single_image image=&#8221;4083&#8243; img_size=&#8221;full&#8221; alignment=&#8221;center&#8221; css=&#8221;&#8221;][\/vc_column][\/vc_row][vc_row full_width=&#8221;stretch_row&#8221; gap=&#8221;10&#8243; css=&#8221;.vc_custom_1773137928294{margin-top: -30px !important;background-position: center !important;background-repeat: no-repeat !important;background-size: cover !important;}&#8221;][vc_column width=&#8221;2\/3&#8243; css=&#8221;.vc_custom_1605022553801{margin-top: 20px !important;background-color: #ffffff !important;border-radius: 10px !important;}&#8221;][vc_column_text css=&#8221;.vc_custom_1777454412815{margin-top: -20px !important;}&#8221;] Kristi himmelf\u00e4rdshelgen Njut av l\u00e5ngledigheten och ta en utflykt till St\u00e4ttared den 14-17 maj \ud83c\udf40[\/vc_column_text][vc_column_text css=&#8221;&#8221;] G\u00e5rdscaf\u00e9 \u2022 kl 10-15 14&nbsp; &hellip; Read more","og_url":"https:\/\/www.4h.se\/stattared\/kristihimmelfards-2\/","og_site_name":"St\u00e4ttareds 4H-g\u00e5rd","article_modified_time":"2026-05-05T12:28:17+00:00","twitter_card":"summary_large_image","schema":{"@context":"https:\/\/schema.org","@graph":[{"@type":"WebPage","@id":"https:\/\/www.4h.se\/stattared\/kristihimmelfards-2\/","url":"https:\/\/www.4h.se\/stattared\/kristihimmelfards-2\/","name":"Kristi Himmelf\u00e4rdshelgen - St\u00e4ttareds 4H-g\u00e5rd","isPartOf":{"@id":"https:\/\/www.4h.se\/stattared\/#website"},"datePublished":"2026-04-29T08:52:59+00:00","dateModified":"2026-05-05T12:28:17+00:00","breadcrumb":{"@id":"https:\/\/www.4h.se\/stattared\/kristihimmelfards-2\/#breadcrumb"},"inLanguage":"sv-SE","potentialAction":[{"@type":"ReadAction","target":["https:\/\/www.4h.se\/stattared\/kristihimmelfards-2\/"]}]},{"@type":"BreadcrumbList","@id":"https:\/\/www.4h.se\/stattared\/kristihimmelfards-2\/#breadcrumb","itemListElement":[{"@type":"ListItem","position":1,"name":"Hem","item":"https:\/\/www.4h.se\/stattared\/"},{"@type":"ListItem","position":2,"name":"Kristi Himmelf\u00e4rdshelgen"}]},{"@type":"WebSite","@id":"https:\/\/www.4h.se\/stattared\/#website","url":"https:\/\/www.4h.se\/stattared\/","name":"St\u00e4ttareds 4H-g\u00e5rd","description":"mer \u00e4n bara en g\u00e5rd","potentialAction":[{"@type":"SearchAction","target":{"@type":"EntryPoint","urlTemplate":"https:\/\/www.4h.se\/stattared\/?s={search_term_string}"},"query-input":{"@type":"PropertyValueSpecification","valueRequired":true,"valueName":"search_term_string"}}],"inLanguage":"sv-SE"}]}},"_links":{"self":[{"href":"https:\/\/www.4h.se\/stattared\/wp-json\/wp\/v2\/pages\/4081","targetHints":{"allow":["GET"]}}],"collection":[{"href":"https:\/\/www.4h.se\/stattared\/wp-json\/wp\/v2\/pages"}],"about":[{"href":"https:\/\/www.4h.se\/stattared\/wp-json\/wp\/v2\/types\/page"}],"author":[{"embeddable":true,"href":"https:\/\/www.4h.se\/stattared\/wp-json\/wp\/v2\/users\/64"}],"replies":[{"embeddable":true,"href":"https:\/\/www.4h.se\/stattared\/wp-json\/wp\/v2\/comments?post=4081"}],"version-history":[{"count":0,"href":"https:\/\/www.4h.se\/stattared\/wp-json\/wp\/v2\/pages\/4081\/revisions"}],"wp:attachment":[{"href":"https:\/\/www.4h.se\/stattared\/wp-json\/wp\/v2\/media?parent=4081"}],"curies":[{"name":"wp","href":"https:\/\/api.w.org\/{rel}","templated":true}]}}