



{"id":4068,"date":"2026-01-29T11:16:33","date_gmt":"2026-01-29T10:16:33","guid":{"rendered":"https:\/\/www.4h.se\/stattared\/?page_id=4068"},"modified":"2026-01-30T15:03:21","modified_gmt":"2026-01-30T14:03:21","slug":"lokaler-konferens-2","status":"publish","type":"page","link":"https:\/\/www.4h.se\/stattared\/lokaler-konferens-2\/","title":{"rendered":"Lokaler &#038; konferens"},"content":{"rendered":"<div class=\"wpb-content-wrapper\"><p>[vc_row][vc_column][vc_column_text css=&#8221;&#8221;]<\/p>\n<h3><span style=\"color: #000000;\">Lokaler &amp; Konferens<\/span><\/h3>\n<p>Ge er sj\u00e4lva en tr\u00e4ff ut\u00f6ver det vanliga, omgivna av Hallands magiska bokskogar, rogivande vandringsleder och charmiga djur. H\u00e4r f\u00e5r ni m\u00f6jlighet att kombinera effektiva m\u00f6ten med avkoppling, gemenskap och frisk skogsluft[\/vc_column_text][\/vc_column][\/vc_row][vc_row css_animation=&#8221;fadeIn&#8221;][vc_column width=&#8221;1\/3&#8243;][vc_single_image image=&#8221;4062&#8243; img_size=&#8221;full&#8221; style=&#8221;vc_box_rounded&#8221; onclick=&#8221;img_link_large&#8221; css=&#8221;.vc_custom_1769781779512{margin-top: 30px !important;}&#8221;][\/vc_column][vc_column width=&#8221;2\/3&#8243;][vc_column_text css=&#8221;&#8221;]<\/p>\n<h2><span style=\"color: #000000;\">vandrarhemmet<\/span><\/h2>\n<p>I v\u00e5rt vandrarhem finns en mysig matsal som funkar utm\u00e4rkt som konferenslokal.&nbsp;Matsalen rymmer 25 personer och \u00e4r inredd i en h\u00e4rlig lantlig stil.<\/p>\n<p>Det finns ett fullt utrustat k\u00f6k och stort kylsk\u00e5p som rymmer all mat ni kommer att beh\u00f6va under konferensen.<\/p>\n<p>Halvdag (4 tim) &#8211; 1000 kr<\/p>\n<p>Heldag (8 tim) &#8211; 2000 kr[\/vc_column_text][vc_btn title=&#8221;Boka h\u00e4r!&#8221; style=&#8221;outline-custom&#8221; outline_custom_color=&#8221;#00693f&#8221; outline_custom_hover_background=&#8221;#00693f&#8221; outline_custom_hover_text=&#8221;#ffffff&#8221; css=&#8221;.vc_custom_1769682870153{margin-top: -20px !important;}&#8221; link=&#8221;url:https%3A%2F%2Fapp.bookspot.io%2Fwidget%2Fv2%2Fdialog%2Fnew-order%3Fkey%3D2fc53eea376fab059e81d28b1d6747202d7dbb96375c9b42ebf4d9235ff87d0a%26productTypes%3Dproducts%2Cvouchers%26listView%3Dproducts%26products%3D17662%26products%3D14002%26products%3D18059|title:Vandrarhem&#8221;][\/vc_column][\/vc_row][vc_row css_animation=&#8221;fadeIn&#8221;][vc_column width=&#8221;1\/3&#8243;][vc_single_image image=&#8221;4070&#8243; img_size=&#8221;full&#8221; style=&#8221;vc_box_rounded&#8221; onclick=&#8221;img_link_large&#8221; css=&#8221;.vc_custom_1769781799938{margin-top: 30px !important;}&#8221;][\/vc_column][vc_column width=&#8221;2\/3&#8243;][vc_column_text css=&#8221;&#8221;]<\/p>\n<h2><span style=\"color: #000000;\">L\u00e4gerk\u00f6ket<\/span><\/h2>\n<p>L\u00e4gerk\u00f6ket rymmer 30 personer och \u00e4r en perfekt lokal f\u00f6r barnkalas eller sl\u00e4kttr\u00e4ff.<\/p>\n<p>V\u00e5rt l\u00e4gerk\u00f6k \u00e4r ligger i anslutning till stallet och \u00e4r inrett i lantlig stil.<\/p>\n<p>K\u00f6ket \u00e4r utrustat med dubbla spisar, ett stort kylsk\u00e5p, kaffebryggare &amp; mikro. Det finns \u00e4ven enklare porslin i plast ni kan anv\u00e4nda er av.<\/p>\n<p>Halvdag &#8211; 600 kr<\/p>\n<p>Heldag &#8211; 900 kr[\/vc_column_text][vc_btn title=&#8221;Boka h\u00e4r!&#8221; style=&#8221;outline-custom&#8221; outline_custom_color=&#8221;#00693f&#8221; outline_custom_hover_background=&#8221;#00693f&#8221; outline_custom_hover_text=&#8221;#ffffff&#8221; css=&#8221;.vc_custom_1769682882080{margin-top: -20px !important;}&#8221; link=&#8221;url:https%3A%2F%2Fapp.bookspot.io%2Fwidget%2Fv2%2Fdialog%2Fnew-order%3Fkey%3D2fc53eea376fab059e81d28b1d6747202d7dbb96375c9b42ebf4d9235ff87d0a%26productTypes%3Dproducts%2Cvouchers%26listView%3Dproducts%26products%3D17662%26products%3D14002%26products%3D18059&#8243;][\/vc_column][\/vc_row][vc_row][vc_column][\/vc_column][\/vc_row]<\/p>\n<\/div>","protected":false},"excerpt":{"rendered":"<p>[vc_row][vc_column][vc_column_text css=&#8221;&#8221;] Lokaler &amp; Konferens Ge er sj\u00e4lva en tr\u00e4ff ut\u00f6ver det vanliga, omgivna av Hallands magiska bokskogar, rogivande vandringsleder och charmiga djur. H\u00e4r f\u00e5r ni m\u00f6jlighet att kombinera effektiva m\u00f6ten med avkoppling, gemenskap och frisk skogsluft[\/vc_column_text][\/vc_column][\/vc_row][vc_row css_animation=&#8221;fadeIn&#8221;][vc_column width=&#8221;1\/3&#8243;][vc_single_image image=&#8221;4062&#8243; img_size=&#8221;full&#8221; style=&#8221;vc_box_rounded&#8221; onclick=&#8221;img_link_large&#8221; css=&#8221;.vc_custom_1769781779512{margin-top: 30px !important;}&#8221;][\/vc_column][vc_column width=&#8221;2\/3&#8243;][vc_column_text css=&#8221;&#8221;] vandrarhemmet I v\u00e5rt vandrarhem finns en mysig&nbsp; <a href=\"https:\/\/www.4h.se\/stattared\/lokaler-konferens-2\/\">&hellip; Read more <i class=\"glyphicon glyphicon-arrow-right\"><\/i><\/a><\/p>\n","protected":false},"author":64,"featured_media":0,"parent":0,"menu_order":51,"comment_status":"closed","ping_status":"closed","template":"","meta":{"_acf_changed":false,"footnotes":""},"class_list":["post-4068","page","type-page","status-publish","hentry"],"acf":[],"yoast_head":"<!-- This site is optimized with the Yoast SEO plugin v27.5 - https:\/\/yoast.com\/product\/yoast-seo-wordpress\/ -->\n<title>Lokaler &amp; konferens - St\u00e4ttareds 4H-g\u00e5rd<\/title>\n<meta name=\"robots\" content=\"index, follow, max-snippet:-1, max-image-preview:large, max-video-preview:-1\" \/>\n<link rel=\"canonical\" href=\"https:\/\/www.4h.se\/stattared\/lokaler-konferens-2\/\" \/>\n<meta property=\"og:locale\" content=\"sv_SE\" \/>\n<meta property=\"og:type\" content=\"article\" \/>\n<meta property=\"og:title\" content=\"Lokaler &amp; konferens - St\u00e4ttareds 4H-g\u00e5rd\" \/>\n<meta property=\"og:description\" content=\"[vc_row][vc_column][vc_column_text css=&#8221;&#8221;] Lokaler &amp; Konferens Ge er sj\u00e4lva en tr\u00e4ff ut\u00f6ver det vanliga, omgivna av Hallands magiska bokskogar, rogivande vandringsleder och charmiga djur. H\u00e4r f\u00e5r ni m\u00f6jlighet att kombinera effektiva m\u00f6ten med avkoppling, gemenskap och frisk skogsluft[\/vc_column_text][\/vc_column][\/vc_row][vc_row css_animation=&#8221;fadeIn&#8221;][vc_column width=&#8221;1\/3&#8243;][vc_single_image image=&#8221;4062&#8243; img_size=&#8221;full&#8221; style=&#8221;vc_box_rounded&#8221; onclick=&#8221;img_link_large&#8221; css=&#8221;.vc_custom_1769781779512{margin-top: 30px !important;}&#8221;][\/vc_column][vc_column width=&#8221;2\/3&#8243;][vc_column_text css=&#8221;&#8221;] vandrarhemmet I v\u00e5rt vandrarhem finns en mysig&nbsp; &hellip; Read more\" \/>\n<meta property=\"og:url\" content=\"https:\/\/www.4h.se\/stattared\/lokaler-konferens-2\/\" \/>\n<meta property=\"og:site_name\" content=\"St\u00e4ttareds 4H-g\u00e5rd\" \/>\n<meta property=\"article:modified_time\" content=\"2026-01-30T14:03:21+00:00\" \/>\n<meta name=\"twitter:card\" content=\"summary_large_image\" \/>\n<script type=\"application\/ld+json\" class=\"yoast-schema-graph\">{\"@context\":\"https:\\\/\\\/schema.org\",\"@graph\":[{\"@type\":\"WebPage\",\"@id\":\"https:\\\/\\\/www.4h.se\\\/stattared\\\/lokaler-konferens-2\\\/\",\"url\":\"https:\\\/\\\/www.4h.se\\\/stattared\\\/lokaler-konferens-2\\\/\",\"name\":\"Lokaler & konferens - St\u00e4ttareds 4H-g\u00e5rd\",\"isPartOf\":{\"@id\":\"https:\\\/\\\/www.4h.se\\\/stattared\\\/#website\"},\"datePublished\":\"2026-01-29T10:16:33+00:00\",\"dateModified\":\"2026-01-30T14:03:21+00:00\",\"breadcrumb\":{\"@id\":\"https:\\\/\\\/www.4h.se\\\/stattared\\\/lokaler-konferens-2\\\/#breadcrumb\"},\"inLanguage\":\"sv-SE\",\"potentialAction\":[{\"@type\":\"ReadAction\",\"target\":[\"https:\\\/\\\/www.4h.se\\\/stattared\\\/lokaler-konferens-2\\\/\"]}]},{\"@type\":\"BreadcrumbList\",\"@id\":\"https:\\\/\\\/www.4h.se\\\/stattared\\\/lokaler-konferens-2\\\/#breadcrumb\",\"itemListElement\":[{\"@type\":\"ListItem\",\"position\":1,\"name\":\"Hem\",\"item\":\"https:\\\/\\\/www.4h.se\\\/stattared\\\/\"},{\"@type\":\"ListItem\",\"position\":2,\"name\":\"Lokaler &#038; konferens\"}]},{\"@type\":\"WebSite\",\"@id\":\"https:\\\/\\\/www.4h.se\\\/stattared\\\/#website\",\"url\":\"https:\\\/\\\/www.4h.se\\\/stattared\\\/\",\"name\":\"St\u00e4ttareds 4H-g\u00e5rd\",\"description\":\"mer \u00e4n bara en g\u00e5rd\",\"potentialAction\":[{\"@type\":\"SearchAction\",\"target\":{\"@type\":\"EntryPoint\",\"urlTemplate\":\"https:\\\/\\\/www.4h.se\\\/stattared\\\/?s={search_term_string}\"},\"query-input\":{\"@type\":\"PropertyValueSpecification\",\"valueRequired\":true,\"valueName\":\"search_term_string\"}}],\"inLanguage\":\"sv-SE\"}]}<\/script>\n<!-- \/ Yoast SEO plugin. -->","yoast_head_json":{"title":"Lokaler & konferens - St\u00e4ttareds 4H-g\u00e5rd","robots":{"index":"index","follow":"follow","max-snippet":"max-snippet:-1","max-image-preview":"max-image-preview:large","max-video-preview":"max-video-preview:-1"},"canonical":"https:\/\/www.4h.se\/stattared\/lokaler-konferens-2\/","og_locale":"sv_SE","og_type":"article","og_title":"Lokaler & konferens - St\u00e4ttareds 4H-g\u00e5rd","og_description":"[vc_row][vc_column][vc_column_text css=&#8221;&#8221;] Lokaler &amp; Konferens Ge er sj\u00e4lva en tr\u00e4ff ut\u00f6ver det vanliga, omgivna av Hallands magiska bokskogar, rogivande vandringsleder och charmiga djur. H\u00e4r f\u00e5r ni m\u00f6jlighet att kombinera effektiva m\u00f6ten med avkoppling, gemenskap och frisk skogsluft[\/vc_column_text][\/vc_column][\/vc_row][vc_row css_animation=&#8221;fadeIn&#8221;][vc_column width=&#8221;1\/3&#8243;][vc_single_image image=&#8221;4062&#8243; img_size=&#8221;full&#8221; style=&#8221;vc_box_rounded&#8221; onclick=&#8221;img_link_large&#8221; css=&#8221;.vc_custom_1769781779512{margin-top: 30px !important;}&#8221;][\/vc_column][vc_column width=&#8221;2\/3&#8243;][vc_column_text css=&#8221;&#8221;] vandrarhemmet I v\u00e5rt vandrarhem finns en mysig&nbsp; &hellip; Read more","og_url":"https:\/\/www.4h.se\/stattared\/lokaler-konferens-2\/","og_site_name":"St\u00e4ttareds 4H-g\u00e5rd","article_modified_time":"2026-01-30T14:03:21+00:00","twitter_card":"summary_large_image","schema":{"@context":"https:\/\/schema.org","@graph":[{"@type":"WebPage","@id":"https:\/\/www.4h.se\/stattared\/lokaler-konferens-2\/","url":"https:\/\/www.4h.se\/stattared\/lokaler-konferens-2\/","name":"Lokaler & konferens - St\u00e4ttareds 4H-g\u00e5rd","isPartOf":{"@id":"https:\/\/www.4h.se\/stattared\/#website"},"datePublished":"2026-01-29T10:16:33+00:00","dateModified":"2026-01-30T14:03:21+00:00","breadcrumb":{"@id":"https:\/\/www.4h.se\/stattared\/lokaler-konferens-2\/#breadcrumb"},"inLanguage":"sv-SE","potentialAction":[{"@type":"ReadAction","target":["https:\/\/www.4h.se\/stattared\/lokaler-konferens-2\/"]}]},{"@type":"BreadcrumbList","@id":"https:\/\/www.4h.se\/stattared\/lokaler-konferens-2\/#breadcrumb","itemListElement":[{"@type":"ListItem","position":1,"name":"Hem","item":"https:\/\/www.4h.se\/stattared\/"},{"@type":"ListItem","position":2,"name":"Lokaler &#038; konferens"}]},{"@type":"WebSite","@id":"https:\/\/www.4h.se\/stattared\/#website","url":"https:\/\/www.4h.se\/stattared\/","name":"St\u00e4ttareds 4H-g\u00e5rd","description":"mer \u00e4n bara en g\u00e5rd","potentialAction":[{"@type":"SearchAction","target":{"@type":"EntryPoint","urlTemplate":"https:\/\/www.4h.se\/stattared\/?s={search_term_string}"},"query-input":{"@type":"PropertyValueSpecification","valueRequired":true,"valueName":"search_term_string"}}],"inLanguage":"sv-SE"}]}},"_links":{"self":[{"href":"https:\/\/www.4h.se\/stattared\/wp-json\/wp\/v2\/pages\/4068","targetHints":{"allow":["GET"]}}],"collection":[{"href":"https:\/\/www.4h.se\/stattared\/wp-json\/wp\/v2\/pages"}],"about":[{"href":"https:\/\/www.4h.se\/stattared\/wp-json\/wp\/v2\/types\/page"}],"author":[{"embeddable":true,"href":"https:\/\/www.4h.se\/stattared\/wp-json\/wp\/v2\/users\/64"}],"replies":[{"embeddable":true,"href":"https:\/\/www.4h.se\/stattared\/wp-json\/wp\/v2\/comments?post=4068"}],"version-history":[{"count":0,"href":"https:\/\/www.4h.se\/stattared\/wp-json\/wp\/v2\/pages\/4068\/revisions"}],"wp:attachment":[{"href":"https:\/\/www.4h.se\/stattared\/wp-json\/wp\/v2\/media?parent=4068"}],"curies":[{"name":"wp","href":"https:\/\/api.w.org\/{rel}","templated":true}]}}