



{"id":4019,"date":"2026-01-27T14:23:08","date_gmt":"2026-01-27T13:23:08","guid":{"rendered":"https:\/\/www.4h.se\/stattared\/?page_id=4019"},"modified":"2026-01-30T15:16:41","modified_gmt":"2026-01-30T14:16:41","slug":"paketlosningar","status":"publish","type":"page","link":"https:\/\/www.4h.se\/stattared\/paketlosningar\/","title":{"rendered":"Paketl\u00f6sningar"},"content":{"rendered":"<div class=\"wpb-content-wrapper\"><p>[vc_row css=&#8221;.vc_custom_1769522233920{margin-top: -110px !important;}&#8221;][vc_column][vc_single_image image=&#8221;4067&#8243; img_size=&#8221;full&#8221; css=&#8221;&#8221;][\/vc_column][\/vc_row][vc_row][vc_column][vc_column_text css=&#8221;&#8221;]<\/p>\n<h2>Paketerbjudande<\/h2>\n<p>V\u00e5ra paketerbjudanden \u00e4r noggrant sammansatta f\u00f6r att passa olika familjers behov. V\u00e4lj det paket som passar er b\u00e4st och njut av det b\u00e4sta som g\u00e5rden har att erbjuda.[\/vc_column_text][\/vc_column][\/vc_row][vc_row][vc_column width=&#8221;1\/4&#8243;][vc_single_image image=&#8221;4066&#8243; img_size=&#8221;full&#8221; style=&#8221;vc_box_rounded&#8221; css=&#8221;.vc_custom_1769521849043{margin-top: 30px !important;}&#8221;][\/vc_column][vc_column width=&#8221;3\/4&#8243;][vc_column_text css=&#8221;&#8221;]<\/p>\n<h2>Famiiljepaketet<\/h2>\n<h4>Fredag &#8211; S\u00f6ndag \u2022 Vecka 26 tom 33<\/h4>\n<p>H\u00e4r f\u00e5r ni njuta av lantlivets charm med djur och natur alldeles runt knuten.<br \/>\nEn rofylld milj\u00f6 med n\u00e4rhet till sj\u00f6 d\u00e4r ni kan koppla av, varva ner och bara vara tillsammans med aktiviteter riktade mot barnen!<\/p>\n<p><strong>Ing\u00e5r:&nbsp;<\/strong><\/p>\n<p>Boende p\u00e5 v\u00e5rt vandrarhem ink lakan.<\/p>\n<p>Frukostkorg f\u00f6r 2 dagar till familjen.<\/p>\n<p>Djur\u00e4ventyret (ca 2 tim f\u00f6r barnen att delta i djurens sk\u00f6tsel)<\/p>\n<p>H\u00e4stpyssel ink ridning (ca 1,5 tim f\u00f6r barnen att mysa och rida)<\/p>\n<p>Sp\u00e4nnande skattjakt f\u00f6r barnen<\/p>\n<p>Kanoter s\u00e5 hela familjen kan uppleva en eftermiddag p\u00e5 sj\u00f6n.<\/p>\n<p>Getyoga f\u00f6r hela familjen<\/p>\n<p>Fikabiljetter att anv\u00e4nda i v\u00e5rt caf\u00e9<\/p>\n<p>Ved till kv\u00e4llsgrillning<\/p>\n<hr>\n<h3>Pris:<\/h3>\n<p>En vuxen &amp; ett barn &#8211; 2850 kr<\/p>\n<p>En vuxen &amp; tv\u00e5 barn &#8211; 3774 kr<\/p>\n<p>Tv\u00e5 vuxna &amp; ett barn &#8211; 3998 kr<\/p>\n<p>Tv\u00e5 vuxna &amp; tv\u00e5 barn &#8211; 5700 kr<\/p>\n<p>Tv\u00e5 vuxna &amp; tre barn &#8211; 7745 kr<\/p>\n<p>&nbsp;<\/p>\n<p><em>Barn under 3 \u00e5r deltar gratis och n\u00e4r ni v\u00e4ljer paket v\u00e4ljer ni de antalet som \u00e4r ut\u00f6ver barnen som \u00e4r under 3 \u00e5r.<\/em><\/p>\n<p><em>Har du en annan familjekonstellation s\u00e5 h\u00f6r av dig till stattared@4h.se s\u00e5 hj\u00e4lper vi dig!<\/em>[\/vc_column_text][vc_btn title=&#8221;Boka din vistelse h\u00e4r!&#8221; style=&#8221;outline-custom&#8221; outline_custom_color=&#8221;#00693F&#8221; outline_custom_hover_background=&#8221;#00693F&#8221; css=&#8221;&#8221; link=&#8221;url:https%3A%2F%2Fapp.bookspot.io%2Fwidget%2Fv2%2Fdialog%2Fnew-order%3Fkey%3D2fc53eea376fab059e81d28b1d6747202d7dbb96375c9b42ebf4d9235ff87d0a%26productTypes%3Dproducts%2Cvouchers%26listView%3Dproducts%26products%3D18002%26products%3D17998%26products%3D18001%26products%3D17995%26products%3D13630&#8243;][\/vc_column][\/vc_row]<\/p>\n<\/div>","protected":false},"excerpt":{"rendered":"<p>[vc_row css=&#8221;.vc_custom_1769522233920{margin-top: -110px !important;}&#8221;][vc_column][vc_single_image image=&#8221;4067&#8243; img_size=&#8221;full&#8221; css=&#8221;&#8221;][\/vc_column][\/vc_row][vc_row][vc_column][vc_column_text css=&#8221;&#8221;] Paketerbjudande V\u00e5ra paketerbjudanden \u00e4r noggrant sammansatta f\u00f6r att passa olika familjers behov. V\u00e4lj det paket som passar er b\u00e4st och njut av det b\u00e4sta som g\u00e5rden har att erbjuda.[\/vc_column_text][\/vc_column][\/vc_row][vc_row][vc_column width=&#8221;1\/4&#8243;][vc_single_image image=&#8221;4066&#8243; img_size=&#8221;full&#8221; style=&#8221;vc_box_rounded&#8221; css=&#8221;.vc_custom_1769521849043{margin-top: 30px !important;}&#8221;][\/vc_column][vc_column width=&#8221;3\/4&#8243;][vc_column_text css=&#8221;&#8221;] Famiiljepaketet Fredag &#8211; S\u00f6ndag \u2022 Vecka 26 tom 33&nbsp; <a href=\"https:\/\/www.4h.se\/stattared\/paketlosningar\/\">&hellip; Read more <i class=\"glyphicon glyphicon-arrow-right\"><\/i><\/a><\/p>\n","protected":false},"author":64,"featured_media":0,"parent":0,"menu_order":62,"comment_status":"closed","ping_status":"closed","template":"","meta":{"_acf_changed":false,"footnotes":""},"class_list":["post-4019","page","type-page","status-publish","hentry"],"acf":[],"yoast_head":"<!-- This site is optimized with the Yoast SEO plugin v27.5 - https:\/\/yoast.com\/product\/yoast-seo-wordpress\/ -->\n<title>Paketl\u00f6sningar - St\u00e4ttareds 4H-g\u00e5rd<\/title>\n<meta name=\"robots\" content=\"index, follow, max-snippet:-1, max-image-preview:large, max-video-preview:-1\" \/>\n<link rel=\"canonical\" href=\"https:\/\/www.4h.se\/stattared\/paketlosningar\/\" \/>\n<meta property=\"og:locale\" content=\"sv_SE\" \/>\n<meta property=\"og:type\" content=\"article\" \/>\n<meta property=\"og:title\" content=\"Paketl\u00f6sningar - St\u00e4ttareds 4H-g\u00e5rd\" \/>\n<meta property=\"og:description\" content=\"[vc_row css=&#8221;.vc_custom_1769522233920{margin-top: -110px !important;}&#8221;][vc_column][vc_single_image image=&#8221;4067&#8243; img_size=&#8221;full&#8221; css=&#8221;&#8221;][\/vc_column][\/vc_row][vc_row][vc_column][vc_column_text css=&#8221;&#8221;] Paketerbjudande V\u00e5ra paketerbjudanden \u00e4r noggrant sammansatta f\u00f6r att passa olika familjers behov. V\u00e4lj det paket som passar er b\u00e4st och njut av det b\u00e4sta som g\u00e5rden har att erbjuda.[\/vc_column_text][\/vc_column][\/vc_row][vc_row][vc_column width=&#8221;1\/4&#8243;][vc_single_image image=&#8221;4066&#8243; img_size=&#8221;full&#8221; style=&#8221;vc_box_rounded&#8221; css=&#8221;.vc_custom_1769521849043{margin-top: 30px !important;}&#8221;][\/vc_column][vc_column width=&#8221;3\/4&#8243;][vc_column_text css=&#8221;&#8221;] Famiiljepaketet Fredag &#8211; S\u00f6ndag \u2022 Vecka 26 tom 33&nbsp; &hellip; Read more\" \/>\n<meta property=\"og:url\" content=\"https:\/\/www.4h.se\/stattared\/paketlosningar\/\" \/>\n<meta property=\"og:site_name\" content=\"St\u00e4ttareds 4H-g\u00e5rd\" \/>\n<meta property=\"article:modified_time\" content=\"2026-01-30T14:16:41+00:00\" \/>\n<meta name=\"twitter:card\" content=\"summary_large_image\" \/>\n<meta name=\"twitter:label1\" content=\"Ber\u00e4knad l\u00e4stid\" \/>\n\t<meta name=\"twitter:data1\" content=\"2 minuter\" \/>\n<script type=\"application\/ld+json\" class=\"yoast-schema-graph\">{\"@context\":\"https:\\\/\\\/schema.org\",\"@graph\":[{\"@type\":\"WebPage\",\"@id\":\"https:\\\/\\\/www.4h.se\\\/stattared\\\/paketlosningar\\\/\",\"url\":\"https:\\\/\\\/www.4h.se\\\/stattared\\\/paketlosningar\\\/\",\"name\":\"Paketl\u00f6sningar - St\u00e4ttareds 4H-g\u00e5rd\",\"isPartOf\":{\"@id\":\"https:\\\/\\\/www.4h.se\\\/stattared\\\/#website\"},\"datePublished\":\"2026-01-27T13:23:08+00:00\",\"dateModified\":\"2026-01-30T14:16:41+00:00\",\"breadcrumb\":{\"@id\":\"https:\\\/\\\/www.4h.se\\\/stattared\\\/paketlosningar\\\/#breadcrumb\"},\"inLanguage\":\"sv-SE\",\"potentialAction\":[{\"@type\":\"ReadAction\",\"target\":[\"https:\\\/\\\/www.4h.se\\\/stattared\\\/paketlosningar\\\/\"]}]},{\"@type\":\"BreadcrumbList\",\"@id\":\"https:\\\/\\\/www.4h.se\\\/stattared\\\/paketlosningar\\\/#breadcrumb\",\"itemListElement\":[{\"@type\":\"ListItem\",\"position\":1,\"name\":\"Hem\",\"item\":\"https:\\\/\\\/www.4h.se\\\/stattared\\\/\"},{\"@type\":\"ListItem\",\"position\":2,\"name\":\"Paketl\u00f6sningar\"}]},{\"@type\":\"WebSite\",\"@id\":\"https:\\\/\\\/www.4h.se\\\/stattared\\\/#website\",\"url\":\"https:\\\/\\\/www.4h.se\\\/stattared\\\/\",\"name\":\"St\u00e4ttareds 4H-g\u00e5rd\",\"description\":\"mer \u00e4n bara en g\u00e5rd\",\"potentialAction\":[{\"@type\":\"SearchAction\",\"target\":{\"@type\":\"EntryPoint\",\"urlTemplate\":\"https:\\\/\\\/www.4h.se\\\/stattared\\\/?s={search_term_string}\"},\"query-input\":{\"@type\":\"PropertyValueSpecification\",\"valueRequired\":true,\"valueName\":\"search_term_string\"}}],\"inLanguage\":\"sv-SE\"}]}<\/script>\n<!-- \/ Yoast SEO plugin. -->","yoast_head_json":{"title":"Paketl\u00f6sningar - St\u00e4ttareds 4H-g\u00e5rd","robots":{"index":"index","follow":"follow","max-snippet":"max-snippet:-1","max-image-preview":"max-image-preview:large","max-video-preview":"max-video-preview:-1"},"canonical":"https:\/\/www.4h.se\/stattared\/paketlosningar\/","og_locale":"sv_SE","og_type":"article","og_title":"Paketl\u00f6sningar - St\u00e4ttareds 4H-g\u00e5rd","og_description":"[vc_row css=&#8221;.vc_custom_1769522233920{margin-top: -110px !important;}&#8221;][vc_column][vc_single_image image=&#8221;4067&#8243; img_size=&#8221;full&#8221; css=&#8221;&#8221;][\/vc_column][\/vc_row][vc_row][vc_column][vc_column_text css=&#8221;&#8221;] Paketerbjudande V\u00e5ra paketerbjudanden \u00e4r noggrant sammansatta f\u00f6r att passa olika familjers behov. V\u00e4lj det paket som passar er b\u00e4st och njut av det b\u00e4sta som g\u00e5rden har att erbjuda.[\/vc_column_text][\/vc_column][\/vc_row][vc_row][vc_column width=&#8221;1\/4&#8243;][vc_single_image image=&#8221;4066&#8243; img_size=&#8221;full&#8221; style=&#8221;vc_box_rounded&#8221; css=&#8221;.vc_custom_1769521849043{margin-top: 30px !important;}&#8221;][\/vc_column][vc_column width=&#8221;3\/4&#8243;][vc_column_text css=&#8221;&#8221;] Famiiljepaketet Fredag &#8211; S\u00f6ndag \u2022 Vecka 26 tom 33&nbsp; &hellip; Read more","og_url":"https:\/\/www.4h.se\/stattared\/paketlosningar\/","og_site_name":"St\u00e4ttareds 4H-g\u00e5rd","article_modified_time":"2026-01-30T14:16:41+00:00","twitter_card":"summary_large_image","twitter_misc":{"Ber\u00e4knad l\u00e4stid":"2 minuter"},"schema":{"@context":"https:\/\/schema.org","@graph":[{"@type":"WebPage","@id":"https:\/\/www.4h.se\/stattared\/paketlosningar\/","url":"https:\/\/www.4h.se\/stattared\/paketlosningar\/","name":"Paketl\u00f6sningar - St\u00e4ttareds 4H-g\u00e5rd","isPartOf":{"@id":"https:\/\/www.4h.se\/stattared\/#website"},"datePublished":"2026-01-27T13:23:08+00:00","dateModified":"2026-01-30T14:16:41+00:00","breadcrumb":{"@id":"https:\/\/www.4h.se\/stattared\/paketlosningar\/#breadcrumb"},"inLanguage":"sv-SE","potentialAction":[{"@type":"ReadAction","target":["https:\/\/www.4h.se\/stattared\/paketlosningar\/"]}]},{"@type":"BreadcrumbList","@id":"https:\/\/www.4h.se\/stattared\/paketlosningar\/#breadcrumb","itemListElement":[{"@type":"ListItem","position":1,"name":"Hem","item":"https:\/\/www.4h.se\/stattared\/"},{"@type":"ListItem","position":2,"name":"Paketl\u00f6sningar"}]},{"@type":"WebSite","@id":"https:\/\/www.4h.se\/stattared\/#website","url":"https:\/\/www.4h.se\/stattared\/","name":"St\u00e4ttareds 4H-g\u00e5rd","description":"mer \u00e4n bara en g\u00e5rd","potentialAction":[{"@type":"SearchAction","target":{"@type":"EntryPoint","urlTemplate":"https:\/\/www.4h.se\/stattared\/?s={search_term_string}"},"query-input":{"@type":"PropertyValueSpecification","valueRequired":true,"valueName":"search_term_string"}}],"inLanguage":"sv-SE"}]}},"_links":{"self":[{"href":"https:\/\/www.4h.se\/stattared\/wp-json\/wp\/v2\/pages\/4019","targetHints":{"allow":["GET"]}}],"collection":[{"href":"https:\/\/www.4h.se\/stattared\/wp-json\/wp\/v2\/pages"}],"about":[{"href":"https:\/\/www.4h.se\/stattared\/wp-json\/wp\/v2\/types\/page"}],"author":[{"embeddable":true,"href":"https:\/\/www.4h.se\/stattared\/wp-json\/wp\/v2\/users\/64"}],"replies":[{"embeddable":true,"href":"https:\/\/www.4h.se\/stattared\/wp-json\/wp\/v2\/comments?post=4019"}],"version-history":[{"count":0,"href":"https:\/\/www.4h.se\/stattared\/wp-json\/wp\/v2\/pages\/4019\/revisions"}],"wp:attachment":[{"href":"https:\/\/www.4h.se\/stattared\/wp-json\/wp\/v2\/media?parent=4019"}],"curies":[{"name":"wp","href":"https:\/\/api.w.org\/{rel}","templated":true}]}}